{"id":1600680,"date":"2026-04-12T13:23:43","date_gmt":"2026-04-12T11:23:43","guid":{"rendered":"https:\/\/dev6.erresse-shop.it\/shop\/unkategorisiert\/toms-drag-quadratischer-tisch-s-floral\/"},"modified":"2026-01-09T02:03:27","modified_gmt":"2026-01-09T01:03:27","slug":"toms-drag-quadratischer-tisch-s-floral","status":"publish","type":"product","link":"https:\/\/dev6.erresse-shop.it\/de\/shop\/einrichtung-haus\/moebel\/toms-drag-quadratischer-tisch-s-floral\/","title":{"rendered":"TOM&#8217;S DRAG Quadratischer Tisch S Floral"},"content":{"rendered":"<p>Material: MDF<\/p>\n<p>S Quadratischer Couchtisch mit Blumenmuster<br \/>\nMinimalistische Form, schlicht und ohne Schnickschnack. Einen spannenden Kontrast hierzu bilden die Muster im Tom\u2018s Drag Stil, die an Opulenz und \u00dcppigkeit kaum zu \u00fcberbieten sind und in einer Vielzahl von Farben daherkommen. Eine gelungene Symbiose ist dieser Couchtisch. Wer einem \u201eDrag\u201c-Objekt oder M\u00f6belst\u00fcck einen kr\u00e4ftigen Farbakzent verleiht, setzt damit ein selbstbewusstes Style-Statement. Manche sind verr\u00fcckter und ausgefallener als andere, aber alle sind echte Hingucker und absolute Highlights in jedem Zuhause.<\/p>\n<p>Ma\u00dfe: 35 x 35 , H. 51 cm<\/p>\n","protected":false},"excerpt":{"rendered":"<p>Material: MDF S Quadratischer Couchtisch mit Blumenmuster Minimalistische Form, schlicht und ohne Schnickschnack. Einen spannenden Kontrast hierzu bilden die Muster im Tom\u2018s Drag Stil, die an Opulenz und \u00dcppigkeit kaum zu \u00fcberbieten sind und in einer Vielzahl von Farben daherkommen. Eine gelungene Symbiose ist dieser Couchtisch. Wer einem \u201eDrag\u201c-Objekt oder M\u00f6belst\u00fcck einen kr\u00e4ftigen Farbakzent verleiht, [&hellip;]<\/p>\n","protected":false},"featured_media":6376938,"template":"","meta":{"_acf_changed":false},"product_cat":[12098,12142],"product_tag":[],"class_list":{"0":"post-1600680","1":"product","2":"type-product","3":"status-publish","4":"has-post-thumbnail","6":"product_cat-einrichtung-haus","7":"product_cat-moebel","9":"first","10":"instock","11":"sale","12":"taxable","13":"shipping-taxable","14":"purchasable","15":"product-type-simple","swatches":"rey-swatches","show_selected":"","stretch_labels":"rey-swatches--stretch-labels"},"acf":[],"yoast_head":"<!-- This site is optimized with the Yoast SEO plugin v25.4 - https:\/\/yoast.com\/wordpress\/plugins\/seo\/ -->\n<title>TOM&#8217;S DRAG Quadratischer Tisch S Floral - dev6 Erresse<\/title>\n<meta name=\"description\" content=\"Material: MDF S Quadratischer Couchtisch mit Blumenmuster Minimalistische Form, schlicht und ohne Schnickschnack. Einen spannenden Kontrast hierzu bilden\" \/>\n<meta name=\"robots\" content=\"noindex, follow, max-snippet:-1, max-image-preview:large, max-video-preview:-1\" \/>\n<meta property=\"og:locale\" content=\"de_DE\" \/>\n<meta property=\"og:type\" content=\"article\" \/>\n<meta property=\"og:title\" content=\"TOM&#8217;S DRAG Quadratischer Tisch S Floral - dev6 Erresse\" \/>\n<meta property=\"og:description\" content=\"Material: MDF S Quadratischer Couchtisch mit Blumenmuster Minimalistische Form, schlicht und ohne Schnickschnack. Einen spannenden Kontrast hierzu bilden\" \/>\n<meta property=\"og:url\" content=\"https:\/\/dev6.erresse-shop.it\/de\/shop\/einrichtung-haus\/moebel\/toms-drag-quadratischer-tisch-s-floral\/\" \/>\n<meta property=\"og:site_name\" content=\"dev6 Erresse\" \/>\n<meta property=\"og:image\" content=\"https:\/\/interpim.erresse-shop.it\/Import\/Prodotti\/toms-drag-tavolino-quadrato-s-floreale.jpg\" \/><meta property=\"og:image\" content=\"https:\/\/interpim.erresse-shop.it\/Import\/Prodotti\/toms-drag-tavolino-quadrato-s-floreale.jpg\" \/>\n\t<meta property=\"og:image:width\" content=\"1024\" \/>\n\t<meta property=\"og:image:height\" content=\"1024\" \/>\n\t<meta property=\"og:image:type\" content=\"image\/jpeg\" \/>\n<meta name=\"twitter:card\" content=\"summary_large_image\" \/>\n<meta name=\"twitter:image\" content=\"https:\/\/interpim.erresse-shop.it\/Import\/Prodotti\/toms-drag-tavolino-quadrato-s-floreale.jpg\" \/>\n<script type=\"application\/ld+json\" class=\"yoast-schema-graph\">{\"@context\":\"https:\/\/schema.org\",\"@graph\":[{\"@type\":\"WebPage\",\"@id\":\"https:\/\/dev6.erresse-shop.it\/de\/shop\/einrichtung-haus\/moebel\/toms-drag-quadratischer-tisch-s-floral\/\",\"url\":\"https:\/\/dev6.erresse-shop.it\/de\/shop\/einrichtung-haus\/moebel\/toms-drag-quadratischer-tisch-s-floral\/\",\"name\":\"TOM&#8217;S DRAG Quadratischer Tisch S Floral - dev6 Erresse\",\"isPartOf\":{\"@id\":\"https:\/\/dev6.erresse-shop.it\/#website\"},\"primaryImageOfPage\":{\"@id\":\"https:\/\/dev6.erresse-shop.it\/de\/shop\/einrichtung-haus\/moebel\/toms-drag-quadratischer-tisch-s-floral\/#primaryimage\"},\"image\":{\"@id\":\"https:\/\/dev6.erresse-shop.it\/de\/shop\/einrichtung-haus\/moebel\/toms-drag-quadratischer-tisch-s-floral\/#primaryimage\"},\"thumbnailUrl\":\"https:\/\/i0.wp.com\/interpim.erresse-shop.it\/Import\/Prodotti\/toms-drag-tavolino-quadrato-s-floreale.jpg?ssl=1\",\"datePublished\":\"2026-04-12T11:23:43+00:00\",\"description\":\"Material: MDF S Quadratischer Couchtisch mit Blumenmuster Minimalistische Form, schlicht und ohne Schnickschnack. Einen spannenden Kontrast hierzu bilden\",\"breadcrumb\":{\"@id\":\"https:\/\/dev6.erresse-shop.it\/de\/shop\/einrichtung-haus\/moebel\/toms-drag-quadratischer-tisch-s-floral\/#breadcrumb\"},\"inLanguage\":\"de\",\"potentialAction\":[{\"@type\":\"ReadAction\",\"target\":[\"https:\/\/dev6.erresse-shop.it\/de\/shop\/einrichtung-haus\/moebel\/toms-drag-quadratischer-tisch-s-floral\/\"]}]},{\"@type\":\"ImageObject\",\"inLanguage\":\"de\",\"@id\":\"https:\/\/dev6.erresse-shop.it\/de\/shop\/einrichtung-haus\/moebel\/toms-drag-quadratischer-tisch-s-floral\/#primaryimage\",\"url\":\"https:\/\/i0.wp.com\/interpim.erresse-shop.it\/Import\/Prodotti\/toms-drag-tavolino-quadrato-s-floreale.jpg?ssl=1\",\"contentUrl\":\"https:\/\/i0.wp.com\/interpim.erresse-shop.it\/Import\/Prodotti\/toms-drag-tavolino-quadrato-s-floreale.jpg?ssl=1\"},{\"@type\":\"BreadcrumbList\",\"@id\":\"https:\/\/dev6.erresse-shop.it\/de\/shop\/einrichtung-haus\/moebel\/toms-drag-quadratischer-tisch-s-floral\/#breadcrumb\",\"itemListElement\":[{\"@type\":\"ListItem\",\"position\":1,\"name\":\"Home\",\"item\":\"https:\/\/dev6.erresse-shop.it\/\"},{\"@type\":\"ListItem\",\"position\":2,\"name\":\"Shop\",\"item\":\"https:\/\/dev6.erresse-shop.it\/shop\/\"},{\"@type\":\"ListItem\",\"position\":3,\"name\":\"TOM&#8217;S DRAG Quadratischer Tisch S Floral\"}]},{\"@type\":\"WebSite\",\"@id\":\"https:\/\/dev6.erresse-shop.it\/#website\",\"url\":\"https:\/\/dev6.erresse-shop.it\/\",\"name\":\"Erresse Shop\",\"description\":\"\",\"publisher\":{\"@id\":\"https:\/\/dev6.erresse-shop.it\/#organization\"},\"potentialAction\":[{\"@type\":\"SearchAction\",\"target\":{\"@type\":\"EntryPoint\",\"urlTemplate\":\"https:\/\/dev6.erresse-shop.it\/?s={search_term_string}\"},\"query-input\":{\"@type\":\"PropertyValueSpecification\",\"valueRequired\":true,\"valueName\":\"search_term_string\"}}],\"inLanguage\":\"de\"},{\"@type\":\"Organization\",\"@id\":\"https:\/\/dev6.erresse-shop.it\/#organization\",\"name\":\"Erresse Shop\",\"url\":\"https:\/\/dev6.erresse-shop.it\/\",\"logo\":{\"@type\":\"ImageObject\",\"inLanguage\":\"de\",\"@id\":\"https:\/\/dev6.erresse-shop.it\/#\/schema\/logo\/image\/\",\"url\":\"https:\/\/dev6.erresse-shop.it\/wp-content\/uploads\/2025\/01\/LOGO-ERRESSE-CLASSICO.svg\",\"contentUrl\":\"https:\/\/dev6.erresse-shop.it\/wp-content\/uploads\/2025\/01\/LOGO-ERRESSE-CLASSICO.svg\",\"caption\":\"Erresse Shop\"},\"image\":{\"@id\":\"https:\/\/dev6.erresse-shop.it\/#\/schema\/logo\/image\/\"}}]}<\/script>\n<!-- \/ Yoast SEO plugin. -->","yoast_head_json":{"title":"TOM&#8217;S DRAG Quadratischer Tisch S Floral - dev6 Erresse","description":"Material: MDF S Quadratischer Couchtisch mit Blumenmuster Minimalistische Form, schlicht und ohne Schnickschnack. Einen spannenden Kontrast hierzu bilden","robots":{"index":"noindex","follow":"follow","max-snippet":"max-snippet:-1","max-image-preview":"max-image-preview:large","max-video-preview":"max-video-preview:-1"},"og_locale":"de_DE","og_type":"article","og_title":"TOM&#8217;S DRAG Quadratischer Tisch S Floral - dev6 Erresse","og_description":"Material: MDF S Quadratischer Couchtisch mit Blumenmuster Minimalistische Form, schlicht und ohne Schnickschnack. Einen spannenden Kontrast hierzu bilden","og_url":"https:\/\/dev6.erresse-shop.it\/de\/shop\/einrichtung-haus\/moebel\/toms-drag-quadratischer-tisch-s-floral\/","og_site_name":"dev6 Erresse","og_image":[{"url":"https:\/\/interpim.erresse-shop.it\/Import\/Prodotti\/toms-drag-tavolino-quadrato-s-floreale.jpg","type":"","width":"","height":""},{"url":"https:\/\/interpim.erresse-shop.it\/Import\/Prodotti\/toms-drag-tavolino-quadrato-s-floreale.jpg","width":1024,"height":1024,"type":"image\/jpeg"}],"twitter_card":"summary_large_image","twitter_image":"https:\/\/interpim.erresse-shop.it\/Import\/Prodotti\/toms-drag-tavolino-quadrato-s-floreale.jpg","schema":{"@context":"https:\/\/schema.org","@graph":[{"@type":"WebPage","@id":"https:\/\/dev6.erresse-shop.it\/de\/shop\/einrichtung-haus\/moebel\/toms-drag-quadratischer-tisch-s-floral\/","url":"https:\/\/dev6.erresse-shop.it\/de\/shop\/einrichtung-haus\/moebel\/toms-drag-quadratischer-tisch-s-floral\/","name":"TOM&#8217;S DRAG Quadratischer Tisch S Floral - dev6 Erresse","isPartOf":{"@id":"https:\/\/dev6.erresse-shop.it\/#website"},"primaryImageOfPage":{"@id":"https:\/\/dev6.erresse-shop.it\/de\/shop\/einrichtung-haus\/moebel\/toms-drag-quadratischer-tisch-s-floral\/#primaryimage"},"image":{"@id":"https:\/\/dev6.erresse-shop.it\/de\/shop\/einrichtung-haus\/moebel\/toms-drag-quadratischer-tisch-s-floral\/#primaryimage"},"thumbnailUrl":"https:\/\/i0.wp.com\/interpim.erresse-shop.it\/Import\/Prodotti\/toms-drag-tavolino-quadrato-s-floreale.jpg?ssl=1","datePublished":"2026-04-12T11:23:43+00:00","description":"Material: MDF S Quadratischer Couchtisch mit Blumenmuster Minimalistische Form, schlicht und ohne Schnickschnack. Einen spannenden Kontrast hierzu bilden","breadcrumb":{"@id":"https:\/\/dev6.erresse-shop.it\/de\/shop\/einrichtung-haus\/moebel\/toms-drag-quadratischer-tisch-s-floral\/#breadcrumb"},"inLanguage":"de","potentialAction":[{"@type":"ReadAction","target":["https:\/\/dev6.erresse-shop.it\/de\/shop\/einrichtung-haus\/moebel\/toms-drag-quadratischer-tisch-s-floral\/"]}]},{"@type":"ImageObject","inLanguage":"de","@id":"https:\/\/dev6.erresse-shop.it\/de\/shop\/einrichtung-haus\/moebel\/toms-drag-quadratischer-tisch-s-floral\/#primaryimage","url":"https:\/\/i0.wp.com\/interpim.erresse-shop.it\/Import\/Prodotti\/toms-drag-tavolino-quadrato-s-floreale.jpg?ssl=1","contentUrl":"https:\/\/i0.wp.com\/interpim.erresse-shop.it\/Import\/Prodotti\/toms-drag-tavolino-quadrato-s-floreale.jpg?ssl=1"},{"@type":"BreadcrumbList","@id":"https:\/\/dev6.erresse-shop.it\/de\/shop\/einrichtung-haus\/moebel\/toms-drag-quadratischer-tisch-s-floral\/#breadcrumb","itemListElement":[{"@type":"ListItem","position":1,"name":"Home","item":"https:\/\/dev6.erresse-shop.it\/"},{"@type":"ListItem","position":2,"name":"Shop","item":"https:\/\/dev6.erresse-shop.it\/shop\/"},{"@type":"ListItem","position":3,"name":"TOM&#8217;S DRAG Quadratischer Tisch S Floral"}]},{"@type":"WebSite","@id":"https:\/\/dev6.erresse-shop.it\/#website","url":"https:\/\/dev6.erresse-shop.it\/","name":"Erresse Shop","description":"","publisher":{"@id":"https:\/\/dev6.erresse-shop.it\/#organization"},"potentialAction":[{"@type":"SearchAction","target":{"@type":"EntryPoint","urlTemplate":"https:\/\/dev6.erresse-shop.it\/?s={search_term_string}"},"query-input":{"@type":"PropertyValueSpecification","valueRequired":true,"valueName":"search_term_string"}}],"inLanguage":"de"},{"@type":"Organization","@id":"https:\/\/dev6.erresse-shop.it\/#organization","name":"Erresse Shop","url":"https:\/\/dev6.erresse-shop.it\/","logo":{"@type":"ImageObject","inLanguage":"de","@id":"https:\/\/dev6.erresse-shop.it\/#\/schema\/logo\/image\/","url":"https:\/\/dev6.erresse-shop.it\/wp-content\/uploads\/2025\/01\/LOGO-ERRESSE-CLASSICO.svg","contentUrl":"https:\/\/dev6.erresse-shop.it\/wp-content\/uploads\/2025\/01\/LOGO-ERRESSE-CLASSICO.svg","caption":"Erresse Shop"},"image":{"@id":"https:\/\/dev6.erresse-shop.it\/#\/schema\/logo\/image\/"}}]}},"df_price":376,"df_sale_price":376,"df_regular_price":380,"df_image_link":"https:\/\/i0.wp.com\/interpim.erresse-shop.it\/Import\/Prodotti\/toms-drag-tavolino-quadrato-s-floreale.jpg?resize=300,300&ssl=1","fifu_image_url":"https:\/\/interpim.erresse-shop.it\/Import\/Prodotti\/toms-drag-tavolino-quadrato-s-floreale.jpg","_links":{"self":[{"href":"https:\/\/dev6.erresse-shop.it\/de\/wp-json\/wp\/v2\/product\/1600680","targetHints":{"allow":["GET"]}}],"collection":[{"href":"https:\/\/dev6.erresse-shop.it\/de\/wp-json\/wp\/v2\/product"}],"about":[{"href":"https:\/\/dev6.erresse-shop.it\/de\/wp-json\/wp\/v2\/types\/product"}],"wp:featuredmedia":[{"embeddable":true,"href":"https:\/\/dev6.erresse-shop.it\/de\/wp-json\/wp\/v2\/media\/6376938"}],"wp:attachment":[{"href":"https:\/\/dev6.erresse-shop.it\/de\/wp-json\/wp\/v2\/media?parent=1600680"}],"wp:term":[{"taxonomy":"product_cat","embeddable":true,"href":"https:\/\/dev6.erresse-shop.it\/de\/wp-json\/wp\/v2\/product_cat?post=1600680"},{"taxonomy":"product_tag","embeddable":true,"href":"https:\/\/dev6.erresse-shop.it\/de\/wp-json\/wp\/v2\/product_tag?post=1600680"}],"curies":[{"name":"wp","href":"https:\/\/api.w.org\/{rel}","templated":true}]}}