{"id":1600670,"date":"2026-04-12T13:23:43","date_gmt":"2026-04-12T11:23:43","guid":{"rendered":"https:\/\/dev6.erresse-shop.it\/shop\/unkategorisiert\/baci-milano-acqua-krug-225-l-lila\/"},"modified":"2025-09-14T03:07:30","modified_gmt":"2025-09-14T01:07:30","slug":"baci-milano-acqua-krug-225-l-lila","status":"publish","type":"product","link":"https:\/\/dev6.erresse-shop.it\/de\/shop\/tisch\/karaffen-flaschen-kruege\/baci-milano-acqua-krug-225-l-lila\/","title":{"rendered":"BACI MILANO Acqua Krug 2,25 L Lila"},"content":{"rendered":"<p>2,25 l Acrylkrug aus der zarten Aqua Kollektion. Die perfekten klassischen Linien finden Raum und Ausdruck in Objekten, die die Verf\u00fchrung eines raffinierten Designs mit der Harmonie eines funktionalen Materials wie Acryl verbinden.<\/p>\n<p>Fassungsverm\u00f6gen: 2,25 L<br \/>\nMa\u00dfe: \u00d8 18 cm, H 24,6 cm<\/p>\n<p>Sp\u00fclmaschinenfest unter 50\u00b0. Mit nicht aggressiven Klarsp\u00fclern waschen.<br \/>\nNicht f\u00fcr die Mikrowelle geeignet.<\/p>\n<p>\u00a0<\/p>\n","protected":false},"excerpt":{"rendered":"<p>2,25 l Acrylkrug aus der zarten Aqua Kollektion. Die perfekten klassischen Linien finden Raum und Ausdruck in Objekten, die die Verf\u00fchrung eines raffinierten Designs mit der Harmonie eines funktionalen Materials wie Acryl verbinden. Fassungsverm\u00f6gen: 2,25 L Ma\u00dfe: \u00d8 18 cm, H 24,6 cm Sp\u00fclmaschinenfest unter 50\u00b0. Mit nicht aggressiven Klarsp\u00fclern waschen. Nicht f\u00fcr die Mikrowelle [&hellip;]<\/p>\n","protected":false},"featured_media":6376922,"template":"","meta":{"_acf_changed":false},"product_cat":[12115,12103],"product_tag":[],"class_list":{"0":"post-1600670","1":"product","2":"type-product","3":"status-publish","4":"has-post-thumbnail","6":"product_cat-karaffen-flaschen-kruege","7":"product_cat-tisch","9":"first","10":"instock","11":"sale","12":"taxable","13":"shipping-taxable","14":"purchasable","15":"product-type-simple","swatches":"rey-swatches","show_selected":"","stretch_labels":"rey-swatches--stretch-labels"},"acf":[],"yoast_head":"<!-- This site is optimized with the Yoast SEO plugin v25.4 - https:\/\/yoast.com\/wordpress\/plugins\/seo\/ -->\n<title>BACI MILANO Acqua Krug 2,25 L Lila - dev6 Erresse<\/title>\n<meta name=\"description\" content=\"2,25 l Acrylkrug aus der zarten Aqua Kollektion. Die perfekten klassischen Linien finden Raum und Ausdruck in Objekten, die die Verf\u00fchrung eines\" \/>\n<meta name=\"robots\" content=\"noindex, follow, max-snippet:-1, max-image-preview:large, max-video-preview:-1\" \/>\n<meta property=\"og:locale\" content=\"de_DE\" \/>\n<meta property=\"og:type\" content=\"article\" \/>\n<meta property=\"og:title\" content=\"BACI MILANO Acqua Krug 2,25 L Lila - dev6 Erresse\" \/>\n<meta property=\"og:description\" content=\"2,25 l Acrylkrug aus der zarten Aqua Kollektion. Die perfekten klassischen Linien finden Raum und Ausdruck in Objekten, die die Verf\u00fchrung eines\" \/>\n<meta property=\"og:url\" content=\"https:\/\/dev6.erresse-shop.it\/de\/shop\/tisch\/karaffen-flaschen-kruege\/baci-milano-acqua-krug-225-l-lila\/\" \/>\n<meta property=\"og:site_name\" content=\"dev6 Erresse\" \/>\n<meta property=\"og:image\" content=\"https:\/\/interpim.erresse-shop.it\/Import\/Prodotti\/baci-milano-acqua-brocca-225-l-viola.jpg\" \/><meta property=\"og:image\" content=\"https:\/\/interpim.erresse-shop.it\/Import\/Prodotti\/baci-milano-acqua-brocca-225-l-viola.jpg\" \/>\n\t<meta property=\"og:image:width\" content=\"1024\" \/>\n\t<meta property=\"og:image:height\" content=\"1024\" \/>\n\t<meta property=\"og:image:type\" content=\"image\/jpeg\" \/>\n<meta name=\"twitter:card\" content=\"summary_large_image\" \/>\n<meta name=\"twitter:image\" content=\"https:\/\/interpim.erresse-shop.it\/Import\/Prodotti\/baci-milano-acqua-brocca-225-l-viola.jpg\" \/>\n<script type=\"application\/ld+json\" class=\"yoast-schema-graph\">{\"@context\":\"https:\/\/schema.org\",\"@graph\":[{\"@type\":\"WebPage\",\"@id\":\"https:\/\/dev6.erresse-shop.it\/de\/shop\/tisch\/karaffen-flaschen-kruege\/baci-milano-acqua-krug-225-l-lila\/\",\"url\":\"https:\/\/dev6.erresse-shop.it\/de\/shop\/tisch\/karaffen-flaschen-kruege\/baci-milano-acqua-krug-225-l-lila\/\",\"name\":\"BACI MILANO Acqua Krug 2,25 L Lila - dev6 Erresse\",\"isPartOf\":{\"@id\":\"https:\/\/dev6.erresse-shop.it\/#website\"},\"primaryImageOfPage\":{\"@id\":\"https:\/\/dev6.erresse-shop.it\/de\/shop\/tisch\/karaffen-flaschen-kruege\/baci-milano-acqua-krug-225-l-lila\/#primaryimage\"},\"image\":{\"@id\":\"https:\/\/dev6.erresse-shop.it\/de\/shop\/tisch\/karaffen-flaschen-kruege\/baci-milano-acqua-krug-225-l-lila\/#primaryimage\"},\"thumbnailUrl\":\"https:\/\/i3.wp.com\/interpim.erresse-shop.it\/Import\/Prodotti\/baci-milano-acqua-brocca-225-l-viola.jpg?ssl=1\",\"datePublished\":\"2026-04-12T11:23:43+00:00\",\"description\":\"2,25 l Acrylkrug aus der zarten Aqua Kollektion. Die perfekten klassischen Linien finden Raum und Ausdruck in Objekten, die die Verf\u00fchrung eines\",\"breadcrumb\":{\"@id\":\"https:\/\/dev6.erresse-shop.it\/de\/shop\/tisch\/karaffen-flaschen-kruege\/baci-milano-acqua-krug-225-l-lila\/#breadcrumb\"},\"inLanguage\":\"de\",\"potentialAction\":[{\"@type\":\"ReadAction\",\"target\":[\"https:\/\/dev6.erresse-shop.it\/de\/shop\/tisch\/karaffen-flaschen-kruege\/baci-milano-acqua-krug-225-l-lila\/\"]}]},{\"@type\":\"ImageObject\",\"inLanguage\":\"de\",\"@id\":\"https:\/\/dev6.erresse-shop.it\/de\/shop\/tisch\/karaffen-flaschen-kruege\/baci-milano-acqua-krug-225-l-lila\/#primaryimage\",\"url\":\"https:\/\/i3.wp.com\/interpim.erresse-shop.it\/Import\/Prodotti\/baci-milano-acqua-brocca-225-l-viola.jpg?ssl=1\",\"contentUrl\":\"https:\/\/i3.wp.com\/interpim.erresse-shop.it\/Import\/Prodotti\/baci-milano-acqua-brocca-225-l-viola.jpg?ssl=1\"},{\"@type\":\"BreadcrumbList\",\"@id\":\"https:\/\/dev6.erresse-shop.it\/de\/shop\/tisch\/karaffen-flaschen-kruege\/baci-milano-acqua-krug-225-l-lila\/#breadcrumb\",\"itemListElement\":[{\"@type\":\"ListItem\",\"position\":1,\"name\":\"Home\",\"item\":\"https:\/\/dev6.erresse-shop.it\/\"},{\"@type\":\"ListItem\",\"position\":2,\"name\":\"Shop\",\"item\":\"https:\/\/dev6.erresse-shop.it\/shop\/\"},{\"@type\":\"ListItem\",\"position\":3,\"name\":\"BACI MILANO Acqua Krug 2,25 L Lila\"}]},{\"@type\":\"WebSite\",\"@id\":\"https:\/\/dev6.erresse-shop.it\/#website\",\"url\":\"https:\/\/dev6.erresse-shop.it\/\",\"name\":\"Erresse Shop\",\"description\":\"\",\"publisher\":{\"@id\":\"https:\/\/dev6.erresse-shop.it\/#organization\"},\"potentialAction\":[{\"@type\":\"SearchAction\",\"target\":{\"@type\":\"EntryPoint\",\"urlTemplate\":\"https:\/\/dev6.erresse-shop.it\/?s={search_term_string}\"},\"query-input\":{\"@type\":\"PropertyValueSpecification\",\"valueRequired\":true,\"valueName\":\"search_term_string\"}}],\"inLanguage\":\"de\"},{\"@type\":\"Organization\",\"@id\":\"https:\/\/dev6.erresse-shop.it\/#organization\",\"name\":\"Erresse Shop\",\"url\":\"https:\/\/dev6.erresse-shop.it\/\",\"logo\":{\"@type\":\"ImageObject\",\"inLanguage\":\"de\",\"@id\":\"https:\/\/dev6.erresse-shop.it\/#\/schema\/logo\/image\/\",\"url\":\"https:\/\/dev6.erresse-shop.it\/wp-content\/uploads\/2025\/01\/LOGO-ERRESSE-CLASSICO.svg\",\"contentUrl\":\"https:\/\/dev6.erresse-shop.it\/wp-content\/uploads\/2025\/01\/LOGO-ERRESSE-CLASSICO.svg\",\"caption\":\"Erresse Shop\"},\"image\":{\"@id\":\"https:\/\/dev6.erresse-shop.it\/#\/schema\/logo\/image\/\"}}]}<\/script>\n<!-- \/ Yoast SEO plugin. -->","yoast_head_json":{"title":"BACI MILANO Acqua Krug 2,25 L Lila - dev6 Erresse","description":"2,25 l Acrylkrug aus der zarten Aqua Kollektion. Die perfekten klassischen Linien finden Raum und Ausdruck in Objekten, die die Verf\u00fchrung eines","robots":{"index":"noindex","follow":"follow","max-snippet":"max-snippet:-1","max-image-preview":"max-image-preview:large","max-video-preview":"max-video-preview:-1"},"og_locale":"de_DE","og_type":"article","og_title":"BACI MILANO Acqua Krug 2,25 L Lila - dev6 Erresse","og_description":"2,25 l Acrylkrug aus der zarten Aqua Kollektion. Die perfekten klassischen Linien finden Raum und Ausdruck in Objekten, die die Verf\u00fchrung eines","og_url":"https:\/\/dev6.erresse-shop.it\/de\/shop\/tisch\/karaffen-flaschen-kruege\/baci-milano-acqua-krug-225-l-lila\/","og_site_name":"dev6 Erresse","og_image":[{"url":"https:\/\/interpim.erresse-shop.it\/Import\/Prodotti\/baci-milano-acqua-brocca-225-l-viola.jpg","type":"","width":"","height":""},{"url":"https:\/\/interpim.erresse-shop.it\/Import\/Prodotti\/baci-milano-acqua-brocca-225-l-viola.jpg","width":1024,"height":1024,"type":"image\/jpeg"}],"twitter_card":"summary_large_image","twitter_image":"https:\/\/interpim.erresse-shop.it\/Import\/Prodotti\/baci-milano-acqua-brocca-225-l-viola.jpg","schema":{"@context":"https:\/\/schema.org","@graph":[{"@type":"WebPage","@id":"https:\/\/dev6.erresse-shop.it\/de\/shop\/tisch\/karaffen-flaschen-kruege\/baci-milano-acqua-krug-225-l-lila\/","url":"https:\/\/dev6.erresse-shop.it\/de\/shop\/tisch\/karaffen-flaschen-kruege\/baci-milano-acqua-krug-225-l-lila\/","name":"BACI MILANO Acqua Krug 2,25 L Lila - dev6 Erresse","isPartOf":{"@id":"https:\/\/dev6.erresse-shop.it\/#website"},"primaryImageOfPage":{"@id":"https:\/\/dev6.erresse-shop.it\/de\/shop\/tisch\/karaffen-flaschen-kruege\/baci-milano-acqua-krug-225-l-lila\/#primaryimage"},"image":{"@id":"https:\/\/dev6.erresse-shop.it\/de\/shop\/tisch\/karaffen-flaschen-kruege\/baci-milano-acqua-krug-225-l-lila\/#primaryimage"},"thumbnailUrl":"https:\/\/i3.wp.com\/interpim.erresse-shop.it\/Import\/Prodotti\/baci-milano-acqua-brocca-225-l-viola.jpg?ssl=1","datePublished":"2026-04-12T11:23:43+00:00","description":"2,25 l Acrylkrug aus der zarten Aqua Kollektion. Die perfekten klassischen Linien finden Raum und Ausdruck in Objekten, die die Verf\u00fchrung eines","breadcrumb":{"@id":"https:\/\/dev6.erresse-shop.it\/de\/shop\/tisch\/karaffen-flaschen-kruege\/baci-milano-acqua-krug-225-l-lila\/#breadcrumb"},"inLanguage":"de","potentialAction":[{"@type":"ReadAction","target":["https:\/\/dev6.erresse-shop.it\/de\/shop\/tisch\/karaffen-flaschen-kruege\/baci-milano-acqua-krug-225-l-lila\/"]}]},{"@type":"ImageObject","inLanguage":"de","@id":"https:\/\/dev6.erresse-shop.it\/de\/shop\/tisch\/karaffen-flaschen-kruege\/baci-milano-acqua-krug-225-l-lila\/#primaryimage","url":"https:\/\/i3.wp.com\/interpim.erresse-shop.it\/Import\/Prodotti\/baci-milano-acqua-brocca-225-l-viola.jpg?ssl=1","contentUrl":"https:\/\/i3.wp.com\/interpim.erresse-shop.it\/Import\/Prodotti\/baci-milano-acqua-brocca-225-l-viola.jpg?ssl=1"},{"@type":"BreadcrumbList","@id":"https:\/\/dev6.erresse-shop.it\/de\/shop\/tisch\/karaffen-flaschen-kruege\/baci-milano-acqua-krug-225-l-lila\/#breadcrumb","itemListElement":[{"@type":"ListItem","position":1,"name":"Home","item":"https:\/\/dev6.erresse-shop.it\/"},{"@type":"ListItem","position":2,"name":"Shop","item":"https:\/\/dev6.erresse-shop.it\/shop\/"},{"@type":"ListItem","position":3,"name":"BACI MILANO Acqua Krug 2,25 L Lila"}]},{"@type":"WebSite","@id":"https:\/\/dev6.erresse-shop.it\/#website","url":"https:\/\/dev6.erresse-shop.it\/","name":"Erresse Shop","description":"","publisher":{"@id":"https:\/\/dev6.erresse-shop.it\/#organization"},"potentialAction":[{"@type":"SearchAction","target":{"@type":"EntryPoint","urlTemplate":"https:\/\/dev6.erresse-shop.it\/?s={search_term_string}"},"query-input":{"@type":"PropertyValueSpecification","valueRequired":true,"valueName":"search_term_string"}}],"inLanguage":"de"},{"@type":"Organization","@id":"https:\/\/dev6.erresse-shop.it\/#organization","name":"Erresse Shop","url":"https:\/\/dev6.erresse-shop.it\/","logo":{"@type":"ImageObject","inLanguage":"de","@id":"https:\/\/dev6.erresse-shop.it\/#\/schema\/logo\/image\/","url":"https:\/\/dev6.erresse-shop.it\/wp-content\/uploads\/2025\/01\/LOGO-ERRESSE-CLASSICO.svg","contentUrl":"https:\/\/dev6.erresse-shop.it\/wp-content\/uploads\/2025\/01\/LOGO-ERRESSE-CLASSICO.svg","caption":"Erresse Shop"},"image":{"@id":"https:\/\/dev6.erresse-shop.it\/#\/schema\/logo\/image\/"}}]}},"df_price":54.9,"df_sale_price":54.9,"df_regular_price":55,"df_image_link":"https:\/\/i3.wp.com\/interpim.erresse-shop.it\/Import\/Prodotti\/baci-milano-acqua-brocca-225-l-viola.jpg?resize=300,300&ssl=1","fifu_image_url":"https:\/\/interpim.erresse-shop.it\/Import\/Prodotti\/baci-milano-acqua-brocca-225-l-viola.jpg","_links":{"self":[{"href":"https:\/\/dev6.erresse-shop.it\/de\/wp-json\/wp\/v2\/product\/1600670","targetHints":{"allow":["GET"]}}],"collection":[{"href":"https:\/\/dev6.erresse-shop.it\/de\/wp-json\/wp\/v2\/product"}],"about":[{"href":"https:\/\/dev6.erresse-shop.it\/de\/wp-json\/wp\/v2\/types\/product"}],"wp:featuredmedia":[{"embeddable":true,"href":"https:\/\/dev6.erresse-shop.it\/de\/wp-json\/wp\/v2\/media\/6376922"}],"wp:attachment":[{"href":"https:\/\/dev6.erresse-shop.it\/de\/wp-json\/wp\/v2\/media?parent=1600670"}],"wp:term":[{"taxonomy":"product_cat","embeddable":true,"href":"https:\/\/dev6.erresse-shop.it\/de\/wp-json\/wp\/v2\/product_cat?post=1600670"},{"taxonomy":"product_tag","embeddable":true,"href":"https:\/\/dev6.erresse-shop.it\/de\/wp-json\/wp\/v2\/product_tag?post=1600670"}],"curies":[{"name":"wp","href":"https:\/\/api.w.org\/{rel}","templated":true}]}}