{"id":1600664,"date":"2026-04-10T14:02:12","date_gmt":"2026-04-10T12:02:12","guid":{"rendered":"https:\/\/dev6.erresse-shop.it\/shop\/unkategorisiert\/toms-drag-sofatisch-versailles-gold\/"},"modified":"2025-07-04T14:55:11","modified_gmt":"2025-07-04T12:55:11","slug":"toms-drag-sofatisch-versailles-gold","status":"publish","type":"product","link":"https:\/\/dev6.erresse-shop.it\/de\/shop\/einrichtung-haus\/tische-und-couchtische\/toms-drag-sofatisch-versailles-gold\/","title":{"rendered":"TOM&#8217;S DRAG Sofatisch Versailles Gold"},"content":{"rendered":"<p>Material: MDF<\/p>\n<p>Sofatisch Versailles Gold<br \/>\nWer mit einem \u201eDrag\u201c-M\u00f6bel einen kr\u00e4ftigen Farbakzent setzt, liefert nat\u00fcrlich ein souver\u00e4nes Stilstatement. Ein Teil verr\u00fcckter und exzentrischer als das andere, allesamt aber wahre Eyecatcher und absolutee Highlights in jeder Wohnung.\u00a0Beachten Sie, dass die Goldpatina bewusst von Hand aufgetragen (nicht gespr\u00fcht!) wird und daher gewisse\u201dUnregelm\u00e4\u00dfigkeiten\u201d aufweist! Dies tr\u00e4gt zu dem individuellen Charakter dieser au\u00dfergew\u00f6hnlichen Serie bei.<\/p>\n<p>Ma\u00dfe: 100 x 60 x H 42 cm<\/p>\n","protected":false},"excerpt":{"rendered":"<p>Material: MDF Sofatisch Versailles Gold Wer mit einem \u201eDrag\u201c-M\u00f6bel einen kr\u00e4ftigen Farbakzent setzt, liefert nat\u00fcrlich ein souver\u00e4nes Stilstatement. Ein Teil verr\u00fcckter und exzentrischer als das andere, allesamt aber wahre Eyecatcher und absolutee Highlights in jeder Wohnung.\u00a0Beachten Sie, dass die Goldpatina bewusst von Hand aufgetragen (nicht gespr\u00fcht!) wird und daher gewisse\u201dUnregelm\u00e4\u00dfigkeiten\u201d aufweist! Dies tr\u00e4gt zu dem [&hellip;]<\/p>\n","protected":false},"featured_media":6335273,"template":"","meta":{"_acf_changed":false},"product_cat":[12098,12156],"product_tag":[],"class_list":{"0":"post-1600664","1":"product","2":"type-product","3":"status-publish","4":"has-post-thumbnail","6":"product_cat-einrichtung-haus","7":"product_cat-tische-und-couchtische","9":"first","10":"instock","11":"taxable","12":"shipping-taxable","13":"purchasable","14":"product-type-simple","swatches":"rey-swatches","show_selected":"","stretch_labels":"rey-swatches--stretch-labels"},"acf":[],"yoast_head":"<!-- This site is optimized with the Yoast SEO plugin v25.4 - https:\/\/yoast.com\/wordpress\/plugins\/seo\/ -->\n<title>TOM&#8217;S DRAG Sofatisch Versailles Gold - dev6 Erresse<\/title>\n<meta name=\"description\" content=\"Material: MDF Sofatisch Versailles Gold Wer mit einem \u201eDrag\u201c-M\u00f6bel einen kr\u00e4ftigen Farbakzent setzt, liefert nat\u00fcrlich ein souver\u00e4nes Stilstatement. Ein\" \/>\n<meta name=\"robots\" content=\"noindex, follow, max-snippet:-1, max-image-preview:large, max-video-preview:-1\" \/>\n<meta property=\"og:locale\" content=\"de_DE\" \/>\n<meta property=\"og:type\" content=\"article\" \/>\n<meta property=\"og:title\" content=\"TOM&#8217;S DRAG Sofatisch Versailles Gold - dev6 Erresse\" \/>\n<meta property=\"og:description\" content=\"Material: MDF Sofatisch Versailles Gold Wer mit einem \u201eDrag\u201c-M\u00f6bel einen kr\u00e4ftigen Farbakzent setzt, liefert nat\u00fcrlich ein souver\u00e4nes Stilstatement. Ein\" \/>\n<meta property=\"og:url\" content=\"https:\/\/dev6.erresse-shop.it\/de\/shop\/einrichtung-haus\/tische-und-couchtische\/toms-drag-sofatisch-versailles-gold\/\" \/>\n<meta property=\"og:site_name\" content=\"dev6 Erresse\" \/>\n<meta property=\"og:image\" content=\"https:\/\/interpim.erresse-shop.it\/Import\/Prodotti\/toms-drag-tavolino-da-divano-versailles-oro.jpg\" \/><meta property=\"og:image\" content=\"https:\/\/interpim.erresse-shop.it\/Import\/Prodotti\/toms-drag-tavolino-da-divano-versailles-oro.jpg\" \/>\n\t<meta property=\"og:image:width\" content=\"1024\" \/>\n\t<meta property=\"og:image:height\" content=\"1024\" \/>\n\t<meta property=\"og:image:type\" content=\"image\/jpeg\" \/>\n<meta name=\"twitter:card\" content=\"summary_large_image\" \/>\n<meta name=\"twitter:image\" content=\"https:\/\/interpim.erresse-shop.it\/Import\/Prodotti\/toms-drag-tavolino-da-divano-versailles-oro.jpg\" \/>\n<script type=\"application\/ld+json\" class=\"yoast-schema-graph\">{\"@context\":\"https:\/\/schema.org\",\"@graph\":[{\"@type\":\"WebPage\",\"@id\":\"https:\/\/dev6.erresse-shop.it\/de\/shop\/einrichtung-haus\/tische-und-couchtische\/toms-drag-sofatisch-versailles-gold\/\",\"url\":\"https:\/\/dev6.erresse-shop.it\/de\/shop\/einrichtung-haus\/tische-und-couchtische\/toms-drag-sofatisch-versailles-gold\/\",\"name\":\"TOM&#8217;S DRAG Sofatisch Versailles Gold - dev6 Erresse\",\"isPartOf\":{\"@id\":\"https:\/\/dev6.erresse-shop.it\/#website\"},\"primaryImageOfPage\":{\"@id\":\"https:\/\/dev6.erresse-shop.it\/de\/shop\/einrichtung-haus\/tische-und-couchtische\/toms-drag-sofatisch-versailles-gold\/#primaryimage\"},\"image\":{\"@id\":\"https:\/\/dev6.erresse-shop.it\/de\/shop\/einrichtung-haus\/tische-und-couchtische\/toms-drag-sofatisch-versailles-gold\/#primaryimage\"},\"thumbnailUrl\":\"https:\/\/i2.wp.com\/interpim.erresse-shop.it\/Import\/Prodotti\/toms-drag-tavolino-da-divano-versailles-oro.jpg?ssl=1\",\"datePublished\":\"2026-04-10T12:02:12+00:00\",\"description\":\"Material: MDF Sofatisch Versailles Gold Wer mit einem \u201eDrag\u201c-M\u00f6bel einen kr\u00e4ftigen Farbakzent setzt, liefert nat\u00fcrlich ein souver\u00e4nes Stilstatement. Ein\",\"breadcrumb\":{\"@id\":\"https:\/\/dev6.erresse-shop.it\/de\/shop\/einrichtung-haus\/tische-und-couchtische\/toms-drag-sofatisch-versailles-gold\/#breadcrumb\"},\"inLanguage\":\"de\",\"potentialAction\":[{\"@type\":\"ReadAction\",\"target\":[\"https:\/\/dev6.erresse-shop.it\/de\/shop\/einrichtung-haus\/tische-und-couchtische\/toms-drag-sofatisch-versailles-gold\/\"]}]},{\"@type\":\"ImageObject\",\"inLanguage\":\"de\",\"@id\":\"https:\/\/dev6.erresse-shop.it\/de\/shop\/einrichtung-haus\/tische-und-couchtische\/toms-drag-sofatisch-versailles-gold\/#primaryimage\",\"url\":\"https:\/\/i2.wp.com\/interpim.erresse-shop.it\/Import\/Prodotti\/toms-drag-tavolino-da-divano-versailles-oro.jpg?ssl=1\",\"contentUrl\":\"https:\/\/i2.wp.com\/interpim.erresse-shop.it\/Import\/Prodotti\/toms-drag-tavolino-da-divano-versailles-oro.jpg?ssl=1\"},{\"@type\":\"BreadcrumbList\",\"@id\":\"https:\/\/dev6.erresse-shop.it\/de\/shop\/einrichtung-haus\/tische-und-couchtische\/toms-drag-sofatisch-versailles-gold\/#breadcrumb\",\"itemListElement\":[{\"@type\":\"ListItem\",\"position\":1,\"name\":\"Home\",\"item\":\"https:\/\/dev6.erresse-shop.it\/\"},{\"@type\":\"ListItem\",\"position\":2,\"name\":\"Shop\",\"item\":\"https:\/\/dev6.erresse-shop.it\/shop\/\"},{\"@type\":\"ListItem\",\"position\":3,\"name\":\"TOM&#8217;S DRAG Sofatisch Versailles Gold\"}]},{\"@type\":\"WebSite\",\"@id\":\"https:\/\/dev6.erresse-shop.it\/#website\",\"url\":\"https:\/\/dev6.erresse-shop.it\/\",\"name\":\"Erresse Shop\",\"description\":\"\",\"publisher\":{\"@id\":\"https:\/\/dev6.erresse-shop.it\/#organization\"},\"potentialAction\":[{\"@type\":\"SearchAction\",\"target\":{\"@type\":\"EntryPoint\",\"urlTemplate\":\"https:\/\/dev6.erresse-shop.it\/?s={search_term_string}\"},\"query-input\":{\"@type\":\"PropertyValueSpecification\",\"valueRequired\":true,\"valueName\":\"search_term_string\"}}],\"inLanguage\":\"de\"},{\"@type\":\"Organization\",\"@id\":\"https:\/\/dev6.erresse-shop.it\/#organization\",\"name\":\"Erresse Shop\",\"url\":\"https:\/\/dev6.erresse-shop.it\/\",\"logo\":{\"@type\":\"ImageObject\",\"inLanguage\":\"de\",\"@id\":\"https:\/\/dev6.erresse-shop.it\/#\/schema\/logo\/image\/\",\"url\":\"https:\/\/dev6.erresse-shop.it\/wp-content\/uploads\/2025\/01\/LOGO-ERRESSE-CLASSICO.svg\",\"contentUrl\":\"https:\/\/dev6.erresse-shop.it\/wp-content\/uploads\/2025\/01\/LOGO-ERRESSE-CLASSICO.svg\",\"caption\":\"Erresse Shop\"},\"image\":{\"@id\":\"https:\/\/dev6.erresse-shop.it\/#\/schema\/logo\/image\/\"}}]}<\/script>\n<!-- \/ Yoast SEO plugin. -->","yoast_head_json":{"title":"TOM&#8217;S DRAG Sofatisch Versailles Gold - dev6 Erresse","description":"Material: MDF Sofatisch Versailles Gold Wer mit einem \u201eDrag\u201c-M\u00f6bel einen kr\u00e4ftigen Farbakzent setzt, liefert nat\u00fcrlich ein souver\u00e4nes Stilstatement. Ein","robots":{"index":"noindex","follow":"follow","max-snippet":"max-snippet:-1","max-image-preview":"max-image-preview:large","max-video-preview":"max-video-preview:-1"},"og_locale":"de_DE","og_type":"article","og_title":"TOM&#8217;S DRAG Sofatisch Versailles Gold - dev6 Erresse","og_description":"Material: MDF Sofatisch Versailles Gold Wer mit einem \u201eDrag\u201c-M\u00f6bel einen kr\u00e4ftigen Farbakzent setzt, liefert nat\u00fcrlich ein souver\u00e4nes Stilstatement. Ein","og_url":"https:\/\/dev6.erresse-shop.it\/de\/shop\/einrichtung-haus\/tische-und-couchtische\/toms-drag-sofatisch-versailles-gold\/","og_site_name":"dev6 Erresse","og_image":[{"url":"https:\/\/interpim.erresse-shop.it\/Import\/Prodotti\/toms-drag-tavolino-da-divano-versailles-oro.jpg","type":"","width":"","height":""},{"url":"https:\/\/interpim.erresse-shop.it\/Import\/Prodotti\/toms-drag-tavolino-da-divano-versailles-oro.jpg","width":1024,"height":1024,"type":"image\/jpeg"}],"twitter_card":"summary_large_image","twitter_image":"https:\/\/interpim.erresse-shop.it\/Import\/Prodotti\/toms-drag-tavolino-da-divano-versailles-oro.jpg","schema":{"@context":"https:\/\/schema.org","@graph":[{"@type":"WebPage","@id":"https:\/\/dev6.erresse-shop.it\/de\/shop\/einrichtung-haus\/tische-und-couchtische\/toms-drag-sofatisch-versailles-gold\/","url":"https:\/\/dev6.erresse-shop.it\/de\/shop\/einrichtung-haus\/tische-und-couchtische\/toms-drag-sofatisch-versailles-gold\/","name":"TOM&#8217;S DRAG Sofatisch Versailles Gold - dev6 Erresse","isPartOf":{"@id":"https:\/\/dev6.erresse-shop.it\/#website"},"primaryImageOfPage":{"@id":"https:\/\/dev6.erresse-shop.it\/de\/shop\/einrichtung-haus\/tische-und-couchtische\/toms-drag-sofatisch-versailles-gold\/#primaryimage"},"image":{"@id":"https:\/\/dev6.erresse-shop.it\/de\/shop\/einrichtung-haus\/tische-und-couchtische\/toms-drag-sofatisch-versailles-gold\/#primaryimage"},"thumbnailUrl":"https:\/\/i2.wp.com\/interpim.erresse-shop.it\/Import\/Prodotti\/toms-drag-tavolino-da-divano-versailles-oro.jpg?ssl=1","datePublished":"2026-04-10T12:02:12+00:00","description":"Material: MDF Sofatisch Versailles Gold Wer mit einem \u201eDrag\u201c-M\u00f6bel einen kr\u00e4ftigen Farbakzent setzt, liefert nat\u00fcrlich ein souver\u00e4nes Stilstatement. Ein","breadcrumb":{"@id":"https:\/\/dev6.erresse-shop.it\/de\/shop\/einrichtung-haus\/tische-und-couchtische\/toms-drag-sofatisch-versailles-gold\/#breadcrumb"},"inLanguage":"de","potentialAction":[{"@type":"ReadAction","target":["https:\/\/dev6.erresse-shop.it\/de\/shop\/einrichtung-haus\/tische-und-couchtische\/toms-drag-sofatisch-versailles-gold\/"]}]},{"@type":"ImageObject","inLanguage":"de","@id":"https:\/\/dev6.erresse-shop.it\/de\/shop\/einrichtung-haus\/tische-und-couchtische\/toms-drag-sofatisch-versailles-gold\/#primaryimage","url":"https:\/\/i2.wp.com\/interpim.erresse-shop.it\/Import\/Prodotti\/toms-drag-tavolino-da-divano-versailles-oro.jpg?ssl=1","contentUrl":"https:\/\/i2.wp.com\/interpim.erresse-shop.it\/Import\/Prodotti\/toms-drag-tavolino-da-divano-versailles-oro.jpg?ssl=1"},{"@type":"BreadcrumbList","@id":"https:\/\/dev6.erresse-shop.it\/de\/shop\/einrichtung-haus\/tische-und-couchtische\/toms-drag-sofatisch-versailles-gold\/#breadcrumb","itemListElement":[{"@type":"ListItem","position":1,"name":"Home","item":"https:\/\/dev6.erresse-shop.it\/"},{"@type":"ListItem","position":2,"name":"Shop","item":"https:\/\/dev6.erresse-shop.it\/shop\/"},{"@type":"ListItem","position":3,"name":"TOM&#8217;S DRAG Sofatisch Versailles Gold"}]},{"@type":"WebSite","@id":"https:\/\/dev6.erresse-shop.it\/#website","url":"https:\/\/dev6.erresse-shop.it\/","name":"Erresse Shop","description":"","publisher":{"@id":"https:\/\/dev6.erresse-shop.it\/#organization"},"potentialAction":[{"@type":"SearchAction","target":{"@type":"EntryPoint","urlTemplate":"https:\/\/dev6.erresse-shop.it\/?s={search_term_string}"},"query-input":{"@type":"PropertyValueSpecification","valueRequired":true,"valueName":"search_term_string"}}],"inLanguage":"de"},{"@type":"Organization","@id":"https:\/\/dev6.erresse-shop.it\/#organization","name":"Erresse Shop","url":"https:\/\/dev6.erresse-shop.it\/","logo":{"@type":"ImageObject","inLanguage":"de","@id":"https:\/\/dev6.erresse-shop.it\/#\/schema\/logo\/image\/","url":"https:\/\/dev6.erresse-shop.it\/wp-content\/uploads\/2025\/01\/LOGO-ERRESSE-CLASSICO.svg","contentUrl":"https:\/\/dev6.erresse-shop.it\/wp-content\/uploads\/2025\/01\/LOGO-ERRESSE-CLASSICO.svg","caption":"Erresse Shop"},"image":{"@id":"https:\/\/dev6.erresse-shop.it\/#\/schema\/logo\/image\/"}}]}},"df_price":1590,"df_sale_price":"","df_regular_price":1590,"df_image_link":"https:\/\/i2.wp.com\/interpim.erresse-shop.it\/Import\/Prodotti\/toms-drag-tavolino-da-divano-versailles-oro.jpg?resize=300,300&ssl=1","fifu_image_url":"https:\/\/interpim.erresse-shop.it\/Import\/Prodotti\/toms-drag-tavolino-da-divano-versailles-oro.jpg","_links":{"self":[{"href":"https:\/\/dev6.erresse-shop.it\/de\/wp-json\/wp\/v2\/product\/1600664","targetHints":{"allow":["GET"]}}],"collection":[{"href":"https:\/\/dev6.erresse-shop.it\/de\/wp-json\/wp\/v2\/product"}],"about":[{"href":"https:\/\/dev6.erresse-shop.it\/de\/wp-json\/wp\/v2\/types\/product"}],"wp:featuredmedia":[{"embeddable":true,"href":"https:\/\/dev6.erresse-shop.it\/de\/wp-json\/wp\/v2\/media\/6335273"}],"wp:attachment":[{"href":"https:\/\/dev6.erresse-shop.it\/de\/wp-json\/wp\/v2\/media?parent=1600664"}],"wp:term":[{"taxonomy":"product_cat","embeddable":true,"href":"https:\/\/dev6.erresse-shop.it\/de\/wp-json\/wp\/v2\/product_cat?post=1600664"},{"taxonomy":"product_tag","embeddable":true,"href":"https:\/\/dev6.erresse-shop.it\/de\/wp-json\/wp\/v2\/product_tag?post=1600664"}],"curies":[{"name":"wp","href":"https:\/\/api.w.org\/{rel}","templated":true}]}}