{"id":1600598,"date":"2026-04-10T13:56:50","date_gmt":"2026-04-10T11:56:50","guid":{"rendered":"https:\/\/dev6.erresse-shop.it\/shop\/unkategorisiert\/wd-lifestyle-teekanne-mit-glasfilter-gruener-griff\/"},"modified":"2025-09-14T03:05:57","modified_gmt":"2025-09-14T01:05:57","slug":"wd-lifestyle-teekanne-mit-glasfilter-gruener-griff","status":"publish","type":"product","link":"https:\/\/dev6.erresse-shop.it\/de\/shop\/tisch\/teekannen-zuckerdosen-milchkannen\/wd-lifestyle-teekanne-mit-glasfilter-gruener-griff\/","title":{"rendered":"WD LIFESTYLE Teekanne mit Glasfilter, gr\u00fcner Griff"},"content":{"rendered":"<p>Entdecken Sie unsere elegante Teekanne mit Ausgussfilter, ideal f\u00fcr Teeliebhaber. Mit einem bequemen wei\u00dfen Griff und dem dekorativen \u201eTea Time\u201c-Schriftzug vereint diese Teekanne Funktionalit\u00e4t und Stil. Perfekt f\u00fcr die m\u00fchelose Zubereitung hei\u00dfer Aufg\u00fcsse und um Ihrer Tafel einen Hauch von Charme zu verleihen. Ein Muss f\u00fcr jeden Teeliebhaber!<\/p>\n<p>Fassungsverm\u00f6gen: 900 ml<\/p>\n<p>Nicht f\u00fcr die Mikrowelle geeignet<\/p>\n","protected":false},"excerpt":{"rendered":"<p>Entdecken Sie unsere elegante Teekanne mit Ausgussfilter, ideal f\u00fcr Teeliebhaber. Mit einem bequemen wei\u00dfen Griff und dem dekorativen \u201eTea Time\u201c-Schriftzug vereint diese Teekanne Funktionalit\u00e4t und Stil. Perfekt f\u00fcr die m\u00fchelose Zubereitung hei\u00dfer Aufg\u00fcsse und um Ihrer Tafel einen Hauch von Charme zu verleihen. Ein Muss f\u00fcr jeden Teeliebhaber! Fassungsverm\u00f6gen: 900 ml Nicht f\u00fcr die Mikrowelle [&hellip;]<\/p>\n","protected":false},"featured_media":6335054,"template":"","meta":{"_acf_changed":false},"product_cat":[12114,12103],"product_tag":[],"class_list":{"0":"post-1600598","1":"product","2":"type-product","3":"status-publish","4":"has-post-thumbnail","6":"product_cat-teekannen-zuckerdosen-milchkannen","7":"product_cat-tisch","9":"first","10":"instock","11":"taxable","12":"shipping-taxable","13":"purchasable","14":"product-type-simple","swatches":"rey-swatches","show_selected":"","stretch_labels":"rey-swatches--stretch-labels"},"acf":[],"yoast_head":"<!-- This site is optimized with the Yoast SEO plugin v25.4 - https:\/\/yoast.com\/wordpress\/plugins\/seo\/ -->\n<title>WD LIFESTYLE Teekanne mit Glasfilter, gr\u00fcner Griff - dev6 Erresse<\/title>\n<meta name=\"description\" content=\"Entdecken Sie unsere elegante Teekanne mit Ausgussfilter, ideal f\u00fcr Teeliebhaber. Mit einem bequemen wei\u00dfen Griff und dem dekorativen \u201eTea\" \/>\n<meta name=\"robots\" content=\"noindex, follow, max-snippet:-1, max-image-preview:large, max-video-preview:-1\" \/>\n<meta property=\"og:locale\" content=\"de_DE\" \/>\n<meta property=\"og:type\" content=\"article\" \/>\n<meta property=\"og:title\" content=\"WD LIFESTYLE Teekanne mit Glasfilter, gr\u00fcner Griff - dev6 Erresse\" \/>\n<meta property=\"og:description\" content=\"Entdecken Sie unsere elegante Teekanne mit Ausgussfilter, ideal f\u00fcr Teeliebhaber. Mit einem bequemen wei\u00dfen Griff und dem dekorativen \u201eTea\" \/>\n<meta property=\"og:url\" content=\"https:\/\/dev6.erresse-shop.it\/de\/shop\/tisch\/teekannen-zuckerdosen-milchkannen\/wd-lifestyle-teekanne-mit-glasfilter-gruener-griff\/\" \/>\n<meta property=\"og:site_name\" content=\"dev6 Erresse\" \/>\n<meta property=\"og:image\" content=\"https:\/\/interpim.erresse-shop.it\/Import\/Prodotti\/wd-lifestyle-teiera-con-filtro-in-vetro-manico-verde.jpg\" \/><meta property=\"og:image\" content=\"https:\/\/interpim.erresse-shop.it\/Import\/Prodotti\/wd-lifestyle-teiera-con-filtro-in-vetro-manico-verde.jpg\" \/>\n\t<meta property=\"og:image:width\" content=\"1024\" \/>\n\t<meta property=\"og:image:height\" content=\"1024\" \/>\n\t<meta property=\"og:image:type\" content=\"image\/jpeg\" \/>\n<meta name=\"twitter:card\" content=\"summary_large_image\" \/>\n<meta name=\"twitter:image\" content=\"https:\/\/interpim.erresse-shop.it\/Import\/Prodotti\/wd-lifestyle-teiera-con-filtro-in-vetro-manico-verde.jpg\" \/>\n<script type=\"application\/ld+json\" class=\"yoast-schema-graph\">{\"@context\":\"https:\/\/schema.org\",\"@graph\":[{\"@type\":\"WebPage\",\"@id\":\"https:\/\/dev6.erresse-shop.it\/de\/shop\/tisch\/teekannen-zuckerdosen-milchkannen\/wd-lifestyle-teekanne-mit-glasfilter-gruener-griff\/\",\"url\":\"https:\/\/dev6.erresse-shop.it\/de\/shop\/tisch\/teekannen-zuckerdosen-milchkannen\/wd-lifestyle-teekanne-mit-glasfilter-gruener-griff\/\",\"name\":\"WD LIFESTYLE Teekanne mit Glasfilter, gr\u00fcner Griff - dev6 Erresse\",\"isPartOf\":{\"@id\":\"https:\/\/dev6.erresse-shop.it\/#website\"},\"primaryImageOfPage\":{\"@id\":\"https:\/\/dev6.erresse-shop.it\/de\/shop\/tisch\/teekannen-zuckerdosen-milchkannen\/wd-lifestyle-teekanne-mit-glasfilter-gruener-griff\/#primaryimage\"},\"image\":{\"@id\":\"https:\/\/dev6.erresse-shop.it\/de\/shop\/tisch\/teekannen-zuckerdosen-milchkannen\/wd-lifestyle-teekanne-mit-glasfilter-gruener-griff\/#primaryimage\"},\"thumbnailUrl\":\"https:\/\/i3.wp.com\/interpim.erresse-shop.it\/Import\/Prodotti\/wd-lifestyle-teiera-con-filtro-in-vetro-manico-verde.jpg?ssl=1\",\"datePublished\":\"2026-04-10T11:56:50+00:00\",\"description\":\"Entdecken Sie unsere elegante Teekanne mit Ausgussfilter, ideal f\u00fcr Teeliebhaber. Mit einem bequemen wei\u00dfen Griff und dem dekorativen \u201eTea\",\"breadcrumb\":{\"@id\":\"https:\/\/dev6.erresse-shop.it\/de\/shop\/tisch\/teekannen-zuckerdosen-milchkannen\/wd-lifestyle-teekanne-mit-glasfilter-gruener-griff\/#breadcrumb\"},\"inLanguage\":\"de\",\"potentialAction\":[{\"@type\":\"ReadAction\",\"target\":[\"https:\/\/dev6.erresse-shop.it\/de\/shop\/tisch\/teekannen-zuckerdosen-milchkannen\/wd-lifestyle-teekanne-mit-glasfilter-gruener-griff\/\"]}]},{\"@type\":\"ImageObject\",\"inLanguage\":\"de\",\"@id\":\"https:\/\/dev6.erresse-shop.it\/de\/shop\/tisch\/teekannen-zuckerdosen-milchkannen\/wd-lifestyle-teekanne-mit-glasfilter-gruener-griff\/#primaryimage\",\"url\":\"https:\/\/i3.wp.com\/interpim.erresse-shop.it\/Import\/Prodotti\/wd-lifestyle-teiera-con-filtro-in-vetro-manico-verde.jpg?ssl=1\",\"contentUrl\":\"https:\/\/i3.wp.com\/interpim.erresse-shop.it\/Import\/Prodotti\/wd-lifestyle-teiera-con-filtro-in-vetro-manico-verde.jpg?ssl=1\"},{\"@type\":\"BreadcrumbList\",\"@id\":\"https:\/\/dev6.erresse-shop.it\/de\/shop\/tisch\/teekannen-zuckerdosen-milchkannen\/wd-lifestyle-teekanne-mit-glasfilter-gruener-griff\/#breadcrumb\",\"itemListElement\":[{\"@type\":\"ListItem\",\"position\":1,\"name\":\"Home\",\"item\":\"https:\/\/dev6.erresse-shop.it\/\"},{\"@type\":\"ListItem\",\"position\":2,\"name\":\"Shop\",\"item\":\"https:\/\/dev6.erresse-shop.it\/shop\/\"},{\"@type\":\"ListItem\",\"position\":3,\"name\":\"WD LIFESTYLE Teekanne mit Glasfilter, gr\u00fcner Griff\"}]},{\"@type\":\"WebSite\",\"@id\":\"https:\/\/dev6.erresse-shop.it\/#website\",\"url\":\"https:\/\/dev6.erresse-shop.it\/\",\"name\":\"Erresse Shop\",\"description\":\"\",\"publisher\":{\"@id\":\"https:\/\/dev6.erresse-shop.it\/#organization\"},\"potentialAction\":[{\"@type\":\"SearchAction\",\"target\":{\"@type\":\"EntryPoint\",\"urlTemplate\":\"https:\/\/dev6.erresse-shop.it\/?s={search_term_string}\"},\"query-input\":{\"@type\":\"PropertyValueSpecification\",\"valueRequired\":true,\"valueName\":\"search_term_string\"}}],\"inLanguage\":\"de\"},{\"@type\":\"Organization\",\"@id\":\"https:\/\/dev6.erresse-shop.it\/#organization\",\"name\":\"Erresse Shop\",\"url\":\"https:\/\/dev6.erresse-shop.it\/\",\"logo\":{\"@type\":\"ImageObject\",\"inLanguage\":\"de\",\"@id\":\"https:\/\/dev6.erresse-shop.it\/#\/schema\/logo\/image\/\",\"url\":\"https:\/\/dev6.erresse-shop.it\/wp-content\/uploads\/2025\/01\/LOGO-ERRESSE-CLASSICO.svg\",\"contentUrl\":\"https:\/\/dev6.erresse-shop.it\/wp-content\/uploads\/2025\/01\/LOGO-ERRESSE-CLASSICO.svg\",\"caption\":\"Erresse Shop\"},\"image\":{\"@id\":\"https:\/\/dev6.erresse-shop.it\/#\/schema\/logo\/image\/\"}}]}<\/script>\n<!-- \/ Yoast SEO plugin. -->","yoast_head_json":{"title":"WD LIFESTYLE Teekanne mit Glasfilter, gr\u00fcner Griff - dev6 Erresse","description":"Entdecken Sie unsere elegante Teekanne mit Ausgussfilter, ideal f\u00fcr Teeliebhaber. Mit einem bequemen wei\u00dfen Griff und dem dekorativen \u201eTea","robots":{"index":"noindex","follow":"follow","max-snippet":"max-snippet:-1","max-image-preview":"max-image-preview:large","max-video-preview":"max-video-preview:-1"},"og_locale":"de_DE","og_type":"article","og_title":"WD LIFESTYLE Teekanne mit Glasfilter, gr\u00fcner Griff - dev6 Erresse","og_description":"Entdecken Sie unsere elegante Teekanne mit Ausgussfilter, ideal f\u00fcr Teeliebhaber. Mit einem bequemen wei\u00dfen Griff und dem dekorativen \u201eTea","og_url":"https:\/\/dev6.erresse-shop.it\/de\/shop\/tisch\/teekannen-zuckerdosen-milchkannen\/wd-lifestyle-teekanne-mit-glasfilter-gruener-griff\/","og_site_name":"dev6 Erresse","og_image":[{"url":"https:\/\/interpim.erresse-shop.it\/Import\/Prodotti\/wd-lifestyle-teiera-con-filtro-in-vetro-manico-verde.jpg","type":"","width":"","height":""},{"url":"https:\/\/interpim.erresse-shop.it\/Import\/Prodotti\/wd-lifestyle-teiera-con-filtro-in-vetro-manico-verde.jpg","width":1024,"height":1024,"type":"image\/jpeg"}],"twitter_card":"summary_large_image","twitter_image":"https:\/\/interpim.erresse-shop.it\/Import\/Prodotti\/wd-lifestyle-teiera-con-filtro-in-vetro-manico-verde.jpg","schema":{"@context":"https:\/\/schema.org","@graph":[{"@type":"WebPage","@id":"https:\/\/dev6.erresse-shop.it\/de\/shop\/tisch\/teekannen-zuckerdosen-milchkannen\/wd-lifestyle-teekanne-mit-glasfilter-gruener-griff\/","url":"https:\/\/dev6.erresse-shop.it\/de\/shop\/tisch\/teekannen-zuckerdosen-milchkannen\/wd-lifestyle-teekanne-mit-glasfilter-gruener-griff\/","name":"WD LIFESTYLE Teekanne mit Glasfilter, gr\u00fcner Griff - dev6 Erresse","isPartOf":{"@id":"https:\/\/dev6.erresse-shop.it\/#website"},"primaryImageOfPage":{"@id":"https:\/\/dev6.erresse-shop.it\/de\/shop\/tisch\/teekannen-zuckerdosen-milchkannen\/wd-lifestyle-teekanne-mit-glasfilter-gruener-griff\/#primaryimage"},"image":{"@id":"https:\/\/dev6.erresse-shop.it\/de\/shop\/tisch\/teekannen-zuckerdosen-milchkannen\/wd-lifestyle-teekanne-mit-glasfilter-gruener-griff\/#primaryimage"},"thumbnailUrl":"https:\/\/i3.wp.com\/interpim.erresse-shop.it\/Import\/Prodotti\/wd-lifestyle-teiera-con-filtro-in-vetro-manico-verde.jpg?ssl=1","datePublished":"2026-04-10T11:56:50+00:00","description":"Entdecken Sie unsere elegante Teekanne mit Ausgussfilter, ideal f\u00fcr Teeliebhaber. Mit einem bequemen wei\u00dfen Griff und dem dekorativen \u201eTea","breadcrumb":{"@id":"https:\/\/dev6.erresse-shop.it\/de\/shop\/tisch\/teekannen-zuckerdosen-milchkannen\/wd-lifestyle-teekanne-mit-glasfilter-gruener-griff\/#breadcrumb"},"inLanguage":"de","potentialAction":[{"@type":"ReadAction","target":["https:\/\/dev6.erresse-shop.it\/de\/shop\/tisch\/teekannen-zuckerdosen-milchkannen\/wd-lifestyle-teekanne-mit-glasfilter-gruener-griff\/"]}]},{"@type":"ImageObject","inLanguage":"de","@id":"https:\/\/dev6.erresse-shop.it\/de\/shop\/tisch\/teekannen-zuckerdosen-milchkannen\/wd-lifestyle-teekanne-mit-glasfilter-gruener-griff\/#primaryimage","url":"https:\/\/i3.wp.com\/interpim.erresse-shop.it\/Import\/Prodotti\/wd-lifestyle-teiera-con-filtro-in-vetro-manico-verde.jpg?ssl=1","contentUrl":"https:\/\/i3.wp.com\/interpim.erresse-shop.it\/Import\/Prodotti\/wd-lifestyle-teiera-con-filtro-in-vetro-manico-verde.jpg?ssl=1"},{"@type":"BreadcrumbList","@id":"https:\/\/dev6.erresse-shop.it\/de\/shop\/tisch\/teekannen-zuckerdosen-milchkannen\/wd-lifestyle-teekanne-mit-glasfilter-gruener-griff\/#breadcrumb","itemListElement":[{"@type":"ListItem","position":1,"name":"Home","item":"https:\/\/dev6.erresse-shop.it\/"},{"@type":"ListItem","position":2,"name":"Shop","item":"https:\/\/dev6.erresse-shop.it\/shop\/"},{"@type":"ListItem","position":3,"name":"WD LIFESTYLE Teekanne mit Glasfilter, gr\u00fcner Griff"}]},{"@type":"WebSite","@id":"https:\/\/dev6.erresse-shop.it\/#website","url":"https:\/\/dev6.erresse-shop.it\/","name":"Erresse Shop","description":"","publisher":{"@id":"https:\/\/dev6.erresse-shop.it\/#organization"},"potentialAction":[{"@type":"SearchAction","target":{"@type":"EntryPoint","urlTemplate":"https:\/\/dev6.erresse-shop.it\/?s={search_term_string}"},"query-input":{"@type":"PropertyValueSpecification","valueRequired":true,"valueName":"search_term_string"}}],"inLanguage":"de"},{"@type":"Organization","@id":"https:\/\/dev6.erresse-shop.it\/#organization","name":"Erresse Shop","url":"https:\/\/dev6.erresse-shop.it\/","logo":{"@type":"ImageObject","inLanguage":"de","@id":"https:\/\/dev6.erresse-shop.it\/#\/schema\/logo\/image\/","url":"https:\/\/dev6.erresse-shop.it\/wp-content\/uploads\/2025\/01\/LOGO-ERRESSE-CLASSICO.svg","contentUrl":"https:\/\/dev6.erresse-shop.it\/wp-content\/uploads\/2025\/01\/LOGO-ERRESSE-CLASSICO.svg","caption":"Erresse Shop"},"image":{"@id":"https:\/\/dev6.erresse-shop.it\/#\/schema\/logo\/image\/"}}]}},"df_price":34.9,"df_sale_price":"","df_regular_price":34.9,"df_image_link":"https:\/\/i3.wp.com\/interpim.erresse-shop.it\/Import\/Prodotti\/wd-lifestyle-teiera-con-filtro-in-vetro-manico-verde.jpg?resize=300,300&ssl=1","fifu_image_url":"https:\/\/interpim.erresse-shop.it\/Import\/Prodotti\/wd-lifestyle-teiera-con-filtro-in-vetro-manico-verde.jpg","_links":{"self":[{"href":"https:\/\/dev6.erresse-shop.it\/de\/wp-json\/wp\/v2\/product\/1600598","targetHints":{"allow":["GET"]}}],"collection":[{"href":"https:\/\/dev6.erresse-shop.it\/de\/wp-json\/wp\/v2\/product"}],"about":[{"href":"https:\/\/dev6.erresse-shop.it\/de\/wp-json\/wp\/v2\/types\/product"}],"wp:featuredmedia":[{"embeddable":true,"href":"https:\/\/dev6.erresse-shop.it\/de\/wp-json\/wp\/v2\/media\/6335054"}],"wp:attachment":[{"href":"https:\/\/dev6.erresse-shop.it\/de\/wp-json\/wp\/v2\/media?parent=1600598"}],"wp:term":[{"taxonomy":"product_cat","embeddable":true,"href":"https:\/\/dev6.erresse-shop.it\/de\/wp-json\/wp\/v2\/product_cat?post=1600598"},{"taxonomy":"product_tag","embeddable":true,"href":"https:\/\/dev6.erresse-shop.it\/de\/wp-json\/wp\/v2\/product_tag?post=1600598"}],"curies":[{"name":"wp","href":"https:\/\/api.w.org\/{rel}","templated":true}]}}