{"id":1600590,"date":"2026-04-12T13:18:22","date_gmt":"2026-04-12T11:18:22","guid":{"rendered":"https:\/\/dev6.erresse-shop.it\/shop\/unkategorisiert\/wd-lifestyle-teekanne-und-4-glaeser-set-blau-und-weiss\/"},"modified":"2025-09-14T03:05:43","modified_gmt":"2025-09-14T01:05:43","slug":"wd-lifestyle-teekanne-und-4-glaeser-set-blau-und-weiss","status":"publish","type":"product","link":"https:\/\/dev6.erresse-shop.it\/de\/shop\/tisch\/teekannen-zuckerdosen-milchkannen\/wd-lifestyle-teekanne-und-4-glaeser-set-blau-und-weiss\/","title":{"rendered":"WD LIFESTYLE Teekanne und 4 Gl\u00e4ser Set Blau und Wei\u00df"},"content":{"rendered":"<p>Teekannen-Set mit Bambusgriff und 4 Tassen mit Reliefdekor. Mit diesem Set im perfekten asiatischen Stil k\u00f6nnen Sie Ihren Entspannungsmomenten Originalit\u00e4t und Authentizit\u00e4t verleihen.<br \/>\nUm eine \u00fcberm\u00e4\u00dfige direkte Erw\u00e4rmung zu vermeiden, Es wird empfohlen, einen Flammenverteiler zwischen Teekanne und Gasflamme zu platzieren, um so die Teekanne zu sch\u00fctzen und die Effizienz des Prozesses zu verbessern.<\/p>\n<p>Fassungsverm\u00f6gen: 750 ml<\/p>\n<p>Nicht f\u00fcr Sp\u00fclmaschinen und Mikrowellen geeignet<\/p>\n","protected":false},"excerpt":{"rendered":"<p>Teekannen-Set mit Bambusgriff und 4 Tassen mit Reliefdekor. Mit diesem Set im perfekten asiatischen Stil k\u00f6nnen Sie Ihren Entspannungsmomenten Originalit\u00e4t und Authentizit\u00e4t verleihen. Um eine \u00fcberm\u00e4\u00dfige direkte Erw\u00e4rmung zu vermeiden, Es wird empfohlen, einen Flammenverteiler zwischen Teekanne und Gasflamme zu platzieren, um so die Teekanne zu sch\u00fctzen und die Effizienz des Prozesses zu verbessern. Fassungsverm\u00f6gen: [&hellip;]<\/p>\n","protected":false},"featured_media":6376657,"template":"","meta":{"_acf_changed":false},"product_cat":[12114,12103],"product_tag":[],"class_list":{"0":"post-1600590","1":"product","2":"type-product","3":"status-publish","4":"has-post-thumbnail","6":"product_cat-teekannen-zuckerdosen-milchkannen","7":"product_cat-tisch","9":"first","10":"instock","11":"taxable","12":"shipping-taxable","13":"purchasable","14":"product-type-simple","swatches":"rey-swatches","show_selected":"","stretch_labels":"rey-swatches--stretch-labels"},"acf":[],"yoast_head":"<!-- This site is optimized with the Yoast SEO plugin v25.4 - https:\/\/yoast.com\/wordpress\/plugins\/seo\/ -->\n<title>WD LIFESTYLE Teekanne und 4 Gl\u00e4ser Set Blau und Wei\u00df - dev6 Erresse<\/title>\n<meta name=\"description\" content=\"Teekannen-Set mit Bambusgriff und 4 Tassen mit Reliefdekor. Mit diesem Set im perfekten asiatischen Stil k\u00f6nnen Sie Ihren Entspannungsmomenten\" \/>\n<meta name=\"robots\" content=\"noindex, follow, max-snippet:-1, max-image-preview:large, max-video-preview:-1\" \/>\n<meta property=\"og:locale\" content=\"de_DE\" \/>\n<meta property=\"og:type\" content=\"article\" \/>\n<meta property=\"og:title\" content=\"WD LIFESTYLE Teekanne und 4 Gl\u00e4ser Set Blau und Wei\u00df - dev6 Erresse\" \/>\n<meta property=\"og:description\" content=\"Teekannen-Set mit Bambusgriff und 4 Tassen mit Reliefdekor. Mit diesem Set im perfekten asiatischen Stil k\u00f6nnen Sie Ihren Entspannungsmomenten\" \/>\n<meta property=\"og:url\" content=\"https:\/\/dev6.erresse-shop.it\/de\/shop\/tisch\/teekannen-zuckerdosen-milchkannen\/wd-lifestyle-teekanne-und-4-glaeser-set-blau-und-weiss\/\" \/>\n<meta property=\"og:site_name\" content=\"dev6 Erresse\" \/>\n<meta property=\"og:image\" content=\"https:\/\/interpim.erresse-shop.it\/Import\/Prodotti\/wd-lifestyle-set-teiera-e-4-bicchierini-blue-e-bianco.jpg\" \/><meta property=\"og:image\" content=\"https:\/\/interpim.erresse-shop.it\/Import\/Prodotti\/wd-lifestyle-set-teiera-e-4-bicchierini-blue-e-bianco.jpg\" \/>\n\t<meta property=\"og:image:width\" content=\"1024\" \/>\n\t<meta property=\"og:image:height\" content=\"1024\" \/>\n\t<meta property=\"og:image:type\" content=\"image\/jpeg\" \/>\n<meta name=\"twitter:card\" content=\"summary_large_image\" \/>\n<meta name=\"twitter:image\" content=\"https:\/\/interpim.erresse-shop.it\/Import\/Prodotti\/wd-lifestyle-set-teiera-e-4-bicchierini-blue-e-bianco.jpg\" \/>\n<script type=\"application\/ld+json\" class=\"yoast-schema-graph\">{\"@context\":\"https:\/\/schema.org\",\"@graph\":[{\"@type\":\"WebPage\",\"@id\":\"https:\/\/dev6.erresse-shop.it\/de\/shop\/tisch\/teekannen-zuckerdosen-milchkannen\/wd-lifestyle-teekanne-und-4-glaeser-set-blau-und-weiss\/\",\"url\":\"https:\/\/dev6.erresse-shop.it\/de\/shop\/tisch\/teekannen-zuckerdosen-milchkannen\/wd-lifestyle-teekanne-und-4-glaeser-set-blau-und-weiss\/\",\"name\":\"WD LIFESTYLE Teekanne und 4 Gl\u00e4ser Set Blau und Wei\u00df - dev6 Erresse\",\"isPartOf\":{\"@id\":\"https:\/\/dev6.erresse-shop.it\/#website\"},\"primaryImageOfPage\":{\"@id\":\"https:\/\/dev6.erresse-shop.it\/de\/shop\/tisch\/teekannen-zuckerdosen-milchkannen\/wd-lifestyle-teekanne-und-4-glaeser-set-blau-und-weiss\/#primaryimage\"},\"image\":{\"@id\":\"https:\/\/dev6.erresse-shop.it\/de\/shop\/tisch\/teekannen-zuckerdosen-milchkannen\/wd-lifestyle-teekanne-und-4-glaeser-set-blau-und-weiss\/#primaryimage\"},\"thumbnailUrl\":\"https:\/\/i2.wp.com\/interpim.erresse-shop.it\/Import\/Prodotti\/wd-lifestyle-set-teiera-e-4-bicchierini-blue-e-bianco.jpg?ssl=1\",\"datePublished\":\"2026-04-12T11:18:22+00:00\",\"description\":\"Teekannen-Set mit Bambusgriff und 4 Tassen mit Reliefdekor. Mit diesem Set im perfekten asiatischen Stil k\u00f6nnen Sie Ihren Entspannungsmomenten\",\"breadcrumb\":{\"@id\":\"https:\/\/dev6.erresse-shop.it\/de\/shop\/tisch\/teekannen-zuckerdosen-milchkannen\/wd-lifestyle-teekanne-und-4-glaeser-set-blau-und-weiss\/#breadcrumb\"},\"inLanguage\":\"de\",\"potentialAction\":[{\"@type\":\"ReadAction\",\"target\":[\"https:\/\/dev6.erresse-shop.it\/de\/shop\/tisch\/teekannen-zuckerdosen-milchkannen\/wd-lifestyle-teekanne-und-4-glaeser-set-blau-und-weiss\/\"]}]},{\"@type\":\"ImageObject\",\"inLanguage\":\"de\",\"@id\":\"https:\/\/dev6.erresse-shop.it\/de\/shop\/tisch\/teekannen-zuckerdosen-milchkannen\/wd-lifestyle-teekanne-und-4-glaeser-set-blau-und-weiss\/#primaryimage\",\"url\":\"https:\/\/i2.wp.com\/interpim.erresse-shop.it\/Import\/Prodotti\/wd-lifestyle-set-teiera-e-4-bicchierini-blue-e-bianco.jpg?ssl=1\",\"contentUrl\":\"https:\/\/i2.wp.com\/interpim.erresse-shop.it\/Import\/Prodotti\/wd-lifestyle-set-teiera-e-4-bicchierini-blue-e-bianco.jpg?ssl=1\"},{\"@type\":\"BreadcrumbList\",\"@id\":\"https:\/\/dev6.erresse-shop.it\/de\/shop\/tisch\/teekannen-zuckerdosen-milchkannen\/wd-lifestyle-teekanne-und-4-glaeser-set-blau-und-weiss\/#breadcrumb\",\"itemListElement\":[{\"@type\":\"ListItem\",\"position\":1,\"name\":\"Home\",\"item\":\"https:\/\/dev6.erresse-shop.it\/\"},{\"@type\":\"ListItem\",\"position\":2,\"name\":\"Shop\",\"item\":\"https:\/\/dev6.erresse-shop.it\/shop\/\"},{\"@type\":\"ListItem\",\"position\":3,\"name\":\"WD LIFESTYLE Teekanne und 4 Gl\u00e4ser Set Blau und Wei\u00df\"}]},{\"@type\":\"WebSite\",\"@id\":\"https:\/\/dev6.erresse-shop.it\/#website\",\"url\":\"https:\/\/dev6.erresse-shop.it\/\",\"name\":\"Erresse Shop\",\"description\":\"\",\"publisher\":{\"@id\":\"https:\/\/dev6.erresse-shop.it\/#organization\"},\"potentialAction\":[{\"@type\":\"SearchAction\",\"target\":{\"@type\":\"EntryPoint\",\"urlTemplate\":\"https:\/\/dev6.erresse-shop.it\/?s={search_term_string}\"},\"query-input\":{\"@type\":\"PropertyValueSpecification\",\"valueRequired\":true,\"valueName\":\"search_term_string\"}}],\"inLanguage\":\"de\"},{\"@type\":\"Organization\",\"@id\":\"https:\/\/dev6.erresse-shop.it\/#organization\",\"name\":\"Erresse Shop\",\"url\":\"https:\/\/dev6.erresse-shop.it\/\",\"logo\":{\"@type\":\"ImageObject\",\"inLanguage\":\"de\",\"@id\":\"https:\/\/dev6.erresse-shop.it\/#\/schema\/logo\/image\/\",\"url\":\"https:\/\/dev6.erresse-shop.it\/wp-content\/uploads\/2025\/01\/LOGO-ERRESSE-CLASSICO.svg\",\"contentUrl\":\"https:\/\/dev6.erresse-shop.it\/wp-content\/uploads\/2025\/01\/LOGO-ERRESSE-CLASSICO.svg\",\"caption\":\"Erresse Shop\"},\"image\":{\"@id\":\"https:\/\/dev6.erresse-shop.it\/#\/schema\/logo\/image\/\"}}]}<\/script>\n<!-- \/ Yoast SEO plugin. -->","yoast_head_json":{"title":"WD LIFESTYLE Teekanne und 4 Gl\u00e4ser Set Blau und Wei\u00df - dev6 Erresse","description":"Teekannen-Set mit Bambusgriff und 4 Tassen mit Reliefdekor. Mit diesem Set im perfekten asiatischen Stil k\u00f6nnen Sie Ihren Entspannungsmomenten","robots":{"index":"noindex","follow":"follow","max-snippet":"max-snippet:-1","max-image-preview":"max-image-preview:large","max-video-preview":"max-video-preview:-1"},"og_locale":"de_DE","og_type":"article","og_title":"WD LIFESTYLE Teekanne und 4 Gl\u00e4ser Set Blau und Wei\u00df - dev6 Erresse","og_description":"Teekannen-Set mit Bambusgriff und 4 Tassen mit Reliefdekor. Mit diesem Set im perfekten asiatischen Stil k\u00f6nnen Sie Ihren Entspannungsmomenten","og_url":"https:\/\/dev6.erresse-shop.it\/de\/shop\/tisch\/teekannen-zuckerdosen-milchkannen\/wd-lifestyle-teekanne-und-4-glaeser-set-blau-und-weiss\/","og_site_name":"dev6 Erresse","og_image":[{"url":"https:\/\/interpim.erresse-shop.it\/Import\/Prodotti\/wd-lifestyle-set-teiera-e-4-bicchierini-blue-e-bianco.jpg","type":"","width":"","height":""},{"url":"https:\/\/interpim.erresse-shop.it\/Import\/Prodotti\/wd-lifestyle-set-teiera-e-4-bicchierini-blue-e-bianco.jpg","width":1024,"height":1024,"type":"image\/jpeg"}],"twitter_card":"summary_large_image","twitter_image":"https:\/\/interpim.erresse-shop.it\/Import\/Prodotti\/wd-lifestyle-set-teiera-e-4-bicchierini-blue-e-bianco.jpg","schema":{"@context":"https:\/\/schema.org","@graph":[{"@type":"WebPage","@id":"https:\/\/dev6.erresse-shop.it\/de\/shop\/tisch\/teekannen-zuckerdosen-milchkannen\/wd-lifestyle-teekanne-und-4-glaeser-set-blau-und-weiss\/","url":"https:\/\/dev6.erresse-shop.it\/de\/shop\/tisch\/teekannen-zuckerdosen-milchkannen\/wd-lifestyle-teekanne-und-4-glaeser-set-blau-und-weiss\/","name":"WD LIFESTYLE Teekanne und 4 Gl\u00e4ser Set Blau und Wei\u00df - dev6 Erresse","isPartOf":{"@id":"https:\/\/dev6.erresse-shop.it\/#website"},"primaryImageOfPage":{"@id":"https:\/\/dev6.erresse-shop.it\/de\/shop\/tisch\/teekannen-zuckerdosen-milchkannen\/wd-lifestyle-teekanne-und-4-glaeser-set-blau-und-weiss\/#primaryimage"},"image":{"@id":"https:\/\/dev6.erresse-shop.it\/de\/shop\/tisch\/teekannen-zuckerdosen-milchkannen\/wd-lifestyle-teekanne-und-4-glaeser-set-blau-und-weiss\/#primaryimage"},"thumbnailUrl":"https:\/\/i2.wp.com\/interpim.erresse-shop.it\/Import\/Prodotti\/wd-lifestyle-set-teiera-e-4-bicchierini-blue-e-bianco.jpg?ssl=1","datePublished":"2026-04-12T11:18:22+00:00","description":"Teekannen-Set mit Bambusgriff und 4 Tassen mit Reliefdekor. Mit diesem Set im perfekten asiatischen Stil k\u00f6nnen Sie Ihren Entspannungsmomenten","breadcrumb":{"@id":"https:\/\/dev6.erresse-shop.it\/de\/shop\/tisch\/teekannen-zuckerdosen-milchkannen\/wd-lifestyle-teekanne-und-4-glaeser-set-blau-und-weiss\/#breadcrumb"},"inLanguage":"de","potentialAction":[{"@type":"ReadAction","target":["https:\/\/dev6.erresse-shop.it\/de\/shop\/tisch\/teekannen-zuckerdosen-milchkannen\/wd-lifestyle-teekanne-und-4-glaeser-set-blau-und-weiss\/"]}]},{"@type":"ImageObject","inLanguage":"de","@id":"https:\/\/dev6.erresse-shop.it\/de\/shop\/tisch\/teekannen-zuckerdosen-milchkannen\/wd-lifestyle-teekanne-und-4-glaeser-set-blau-und-weiss\/#primaryimage","url":"https:\/\/i2.wp.com\/interpim.erresse-shop.it\/Import\/Prodotti\/wd-lifestyle-set-teiera-e-4-bicchierini-blue-e-bianco.jpg?ssl=1","contentUrl":"https:\/\/i2.wp.com\/interpim.erresse-shop.it\/Import\/Prodotti\/wd-lifestyle-set-teiera-e-4-bicchierini-blue-e-bianco.jpg?ssl=1"},{"@type":"BreadcrumbList","@id":"https:\/\/dev6.erresse-shop.it\/de\/shop\/tisch\/teekannen-zuckerdosen-milchkannen\/wd-lifestyle-teekanne-und-4-glaeser-set-blau-und-weiss\/#breadcrumb","itemListElement":[{"@type":"ListItem","position":1,"name":"Home","item":"https:\/\/dev6.erresse-shop.it\/"},{"@type":"ListItem","position":2,"name":"Shop","item":"https:\/\/dev6.erresse-shop.it\/shop\/"},{"@type":"ListItem","position":3,"name":"WD LIFESTYLE Teekanne und 4 Gl\u00e4ser Set Blau und Wei\u00df"}]},{"@type":"WebSite","@id":"https:\/\/dev6.erresse-shop.it\/#website","url":"https:\/\/dev6.erresse-shop.it\/","name":"Erresse Shop","description":"","publisher":{"@id":"https:\/\/dev6.erresse-shop.it\/#organization"},"potentialAction":[{"@type":"SearchAction","target":{"@type":"EntryPoint","urlTemplate":"https:\/\/dev6.erresse-shop.it\/?s={search_term_string}"},"query-input":{"@type":"PropertyValueSpecification","valueRequired":true,"valueName":"search_term_string"}}],"inLanguage":"de"},{"@type":"Organization","@id":"https:\/\/dev6.erresse-shop.it\/#organization","name":"Erresse Shop","url":"https:\/\/dev6.erresse-shop.it\/","logo":{"@type":"ImageObject","inLanguage":"de","@id":"https:\/\/dev6.erresse-shop.it\/#\/schema\/logo\/image\/","url":"https:\/\/dev6.erresse-shop.it\/wp-content\/uploads\/2025\/01\/LOGO-ERRESSE-CLASSICO.svg","contentUrl":"https:\/\/dev6.erresse-shop.it\/wp-content\/uploads\/2025\/01\/LOGO-ERRESSE-CLASSICO.svg","caption":"Erresse Shop"},"image":{"@id":"https:\/\/dev6.erresse-shop.it\/#\/schema\/logo\/image\/"}}]}},"df_price":39.9,"df_sale_price":"","df_regular_price":39.9,"df_image_link":"https:\/\/i2.wp.com\/interpim.erresse-shop.it\/Import\/Prodotti\/wd-lifestyle-set-teiera-e-4-bicchierini-blue-e-bianco.jpg?resize=300,300&ssl=1","fifu_image_url":"https:\/\/interpim.erresse-shop.it\/Import\/Prodotti\/wd-lifestyle-set-teiera-e-4-bicchierini-blue-e-bianco.jpg","_links":{"self":[{"href":"https:\/\/dev6.erresse-shop.it\/de\/wp-json\/wp\/v2\/product\/1600590","targetHints":{"allow":["GET"]}}],"collection":[{"href":"https:\/\/dev6.erresse-shop.it\/de\/wp-json\/wp\/v2\/product"}],"about":[{"href":"https:\/\/dev6.erresse-shop.it\/de\/wp-json\/wp\/v2\/types\/product"}],"wp:featuredmedia":[{"embeddable":true,"href":"https:\/\/dev6.erresse-shop.it\/de\/wp-json\/wp\/v2\/media\/6376657"}],"wp:attachment":[{"href":"https:\/\/dev6.erresse-shop.it\/de\/wp-json\/wp\/v2\/media?parent=1600590"}],"wp:term":[{"taxonomy":"product_cat","embeddable":true,"href":"https:\/\/dev6.erresse-shop.it\/de\/wp-json\/wp\/v2\/product_cat?post=1600590"},{"taxonomy":"product_tag","embeddable":true,"href":"https:\/\/dev6.erresse-shop.it\/de\/wp-json\/wp\/v2\/product_tag?post=1600590"}],"curies":[{"name":"wp","href":"https:\/\/api.w.org\/{rel}","templated":true}]}}