{"id":1600580,"date":"2026-04-04T13:15:53","date_gmt":"2026-04-04T11:15:53","guid":{"rendered":"https:\/\/dev6.erresse-shop.it\/shop\/unkategorisiert\/wd-lifestyle-teekanne-und-4-glaeser-im-set-aus-gusseisen-grau\/"},"modified":"2025-09-14T03:05:21","modified_gmt":"2025-09-14T01:05:21","slug":"wd-lifestyle-teekanne-und-4-glaeser-im-set-aus-gusseisen-grau","status":"publish","type":"product","link":"https:\/\/dev6.erresse-shop.it\/de\/shop\/tisch\/teekannen-zuckerdosen-milchkannen\/wd-lifestyle-teekanne-und-4-glaeser-im-set-aus-gusseisen-grau\/","title":{"rendered":"WD LIFESTYLE Teekanne und 4 Gl\u00e4ser im Set aus Gusseisen, Grau"},"content":{"rendered":"<p>Dieses Teeservice aus Gusseisen, bestehend aus einer Teekanne mit Filter und vier Gl\u00e4sern, zeichnet sich durch eine raffinierte Pr\u00e4gestruktur aus, die einen optischen und taktilen Effekt von gro\u00dfer Wirkung erzeugt. Die Robustheit des Gusseisens garantiert eine ausgezeichnete W\u00e4rmespeicherung, ideal f\u00fcr einen perfekten Aufguss. Die ebenfalls aus Gusseisen gefertigten Gl\u00e4ser harmonieren elegant mit der Teekanne, bieten einen angenehmen Griff und ein einmaliges Geschmackserlebnis.<\/p>\n<p>Eine gro\u00dfartige Wahl f\u00fcr alle, die ein Teeservice suchen, das Funktionalit\u00e4t und Stil vereint.<\/p>\n<p>Fassungsverm\u00f6gen: 800 ml<\/p>\n<p>Nicht f\u00fcr Sp\u00fclmaschinen und Mikrowellen geeignet<\/p>\n","protected":false},"excerpt":{"rendered":"<p>Dieses Teeservice aus Gusseisen, bestehend aus einer Teekanne mit Filter und vier Gl\u00e4sern, zeichnet sich durch eine raffinierte Pr\u00e4gestruktur aus, die einen optischen und taktilen Effekt von gro\u00dfer Wirkung erzeugt. Die Robustheit des Gusseisens garantiert eine ausgezeichnete W\u00e4rmespeicherung, ideal f\u00fcr einen perfekten Aufguss. Die ebenfalls aus Gusseisen gefertigten Gl\u00e4ser harmonieren elegant mit der Teekanne, bieten [&hellip;]<\/p>\n","protected":false},"featured_media":6293367,"template":"","meta":{"_acf_changed":false},"product_cat":[12114,12103],"product_tag":[],"class_list":{"0":"post-1600580","1":"product","2":"type-product","3":"status-publish","4":"has-post-thumbnail","6":"product_cat-teekannen-zuckerdosen-milchkannen","7":"product_cat-tisch","9":"first","10":"instock","11":"taxable","12":"shipping-taxable","13":"purchasable","14":"product-type-simple","swatches":"rey-swatches","show_selected":"","stretch_labels":"rey-swatches--stretch-labels"},"acf":[],"yoast_head":"<!-- This site is optimized with the Yoast SEO plugin v25.4 - https:\/\/yoast.com\/wordpress\/plugins\/seo\/ -->\n<title>WD LIFESTYLE Teekanne und 4 Gl\u00e4ser im Set aus Gusseisen, Grau - dev6 Erresse<\/title>\n<meta name=\"description\" content=\"Dieses Teeservice aus Gusseisen, bestehend aus einer Teekanne mit Filter und vier Gl\u00e4sern, zeichnet sich durch eine raffinierte Pr\u00e4gestruktur aus, die\" \/>\n<meta name=\"robots\" content=\"noindex, follow, max-snippet:-1, max-image-preview:large, max-video-preview:-1\" \/>\n<meta property=\"og:locale\" content=\"de_DE\" \/>\n<meta property=\"og:type\" content=\"article\" \/>\n<meta property=\"og:title\" content=\"WD LIFESTYLE Teekanne und 4 Gl\u00e4ser im Set aus Gusseisen, Grau - dev6 Erresse\" \/>\n<meta property=\"og:description\" content=\"Dieses Teeservice aus Gusseisen, bestehend aus einer Teekanne mit Filter und vier Gl\u00e4sern, zeichnet sich durch eine raffinierte Pr\u00e4gestruktur aus, die\" \/>\n<meta property=\"og:url\" content=\"https:\/\/dev6.erresse-shop.it\/de\/shop\/tisch\/teekannen-zuckerdosen-milchkannen\/wd-lifestyle-teekanne-und-4-glaeser-im-set-aus-gusseisen-grau\/\" \/>\n<meta property=\"og:site_name\" content=\"dev6 Erresse\" \/>\n<meta property=\"og:image\" content=\"https:\/\/interpim.erresse-shop.it\/Import\/Prodotti\/wd-lifestyle-set-teiera-e-4-bicchieri-in-ghisa-grigio.jpg\" \/><meta property=\"og:image\" content=\"https:\/\/interpim.erresse-shop.it\/Import\/Prodotti\/wd-lifestyle-set-teiera-e-4-bicchieri-in-ghisa-grigio.jpg\" \/>\n\t<meta property=\"og:image:width\" content=\"1024\" \/>\n\t<meta property=\"og:image:height\" content=\"1024\" \/>\n\t<meta property=\"og:image:type\" content=\"image\/jpeg\" \/>\n<meta name=\"twitter:card\" content=\"summary_large_image\" \/>\n<meta name=\"twitter:image\" content=\"https:\/\/interpim.erresse-shop.it\/Import\/Prodotti\/wd-lifestyle-set-teiera-e-4-bicchieri-in-ghisa-grigio.jpg\" \/>\n<script type=\"application\/ld+json\" class=\"yoast-schema-graph\">{\"@context\":\"https:\/\/schema.org\",\"@graph\":[{\"@type\":\"WebPage\",\"@id\":\"https:\/\/dev6.erresse-shop.it\/de\/shop\/tisch\/teekannen-zuckerdosen-milchkannen\/wd-lifestyle-teekanne-und-4-glaeser-im-set-aus-gusseisen-grau\/\",\"url\":\"https:\/\/dev6.erresse-shop.it\/de\/shop\/tisch\/teekannen-zuckerdosen-milchkannen\/wd-lifestyle-teekanne-und-4-glaeser-im-set-aus-gusseisen-grau\/\",\"name\":\"WD LIFESTYLE Teekanne und 4 Gl\u00e4ser im Set aus Gusseisen, Grau - dev6 Erresse\",\"isPartOf\":{\"@id\":\"https:\/\/dev6.erresse-shop.it\/#website\"},\"primaryImageOfPage\":{\"@id\":\"https:\/\/dev6.erresse-shop.it\/de\/shop\/tisch\/teekannen-zuckerdosen-milchkannen\/wd-lifestyle-teekanne-und-4-glaeser-im-set-aus-gusseisen-grau\/#primaryimage\"},\"image\":{\"@id\":\"https:\/\/dev6.erresse-shop.it\/de\/shop\/tisch\/teekannen-zuckerdosen-milchkannen\/wd-lifestyle-teekanne-und-4-glaeser-im-set-aus-gusseisen-grau\/#primaryimage\"},\"thumbnailUrl\":\"https:\/\/i0.wp.com\/interpim.erresse-shop.it\/Import\/Prodotti\/wd-lifestyle-set-teiera-e-4-bicchieri-in-ghisa-grigio.jpg?ssl=1\",\"datePublished\":\"2026-04-04T11:15:53+00:00\",\"description\":\"Dieses Teeservice aus Gusseisen, bestehend aus einer Teekanne mit Filter und vier Gl\u00e4sern, zeichnet sich durch eine raffinierte Pr\u00e4gestruktur aus, die\",\"breadcrumb\":{\"@id\":\"https:\/\/dev6.erresse-shop.it\/de\/shop\/tisch\/teekannen-zuckerdosen-milchkannen\/wd-lifestyle-teekanne-und-4-glaeser-im-set-aus-gusseisen-grau\/#breadcrumb\"},\"inLanguage\":\"de\",\"potentialAction\":[{\"@type\":\"ReadAction\",\"target\":[\"https:\/\/dev6.erresse-shop.it\/de\/shop\/tisch\/teekannen-zuckerdosen-milchkannen\/wd-lifestyle-teekanne-und-4-glaeser-im-set-aus-gusseisen-grau\/\"]}]},{\"@type\":\"ImageObject\",\"inLanguage\":\"de\",\"@id\":\"https:\/\/dev6.erresse-shop.it\/de\/shop\/tisch\/teekannen-zuckerdosen-milchkannen\/wd-lifestyle-teekanne-und-4-glaeser-im-set-aus-gusseisen-grau\/#primaryimage\",\"url\":\"https:\/\/i0.wp.com\/interpim.erresse-shop.it\/Import\/Prodotti\/wd-lifestyle-set-teiera-e-4-bicchieri-in-ghisa-grigio.jpg?ssl=1\",\"contentUrl\":\"https:\/\/i0.wp.com\/interpim.erresse-shop.it\/Import\/Prodotti\/wd-lifestyle-set-teiera-e-4-bicchieri-in-ghisa-grigio.jpg?ssl=1\"},{\"@type\":\"BreadcrumbList\",\"@id\":\"https:\/\/dev6.erresse-shop.it\/de\/shop\/tisch\/teekannen-zuckerdosen-milchkannen\/wd-lifestyle-teekanne-und-4-glaeser-im-set-aus-gusseisen-grau\/#breadcrumb\",\"itemListElement\":[{\"@type\":\"ListItem\",\"position\":1,\"name\":\"Home\",\"item\":\"https:\/\/dev6.erresse-shop.it\/\"},{\"@type\":\"ListItem\",\"position\":2,\"name\":\"Shop\",\"item\":\"https:\/\/dev6.erresse-shop.it\/shop\/\"},{\"@type\":\"ListItem\",\"position\":3,\"name\":\"WD LIFESTYLE Teekanne und 4 Gl\u00e4ser im Set aus Gusseisen, Grau\"}]},{\"@type\":\"WebSite\",\"@id\":\"https:\/\/dev6.erresse-shop.it\/#website\",\"url\":\"https:\/\/dev6.erresse-shop.it\/\",\"name\":\"Erresse Shop\",\"description\":\"\",\"publisher\":{\"@id\":\"https:\/\/dev6.erresse-shop.it\/#organization\"},\"potentialAction\":[{\"@type\":\"SearchAction\",\"target\":{\"@type\":\"EntryPoint\",\"urlTemplate\":\"https:\/\/dev6.erresse-shop.it\/?s={search_term_string}\"},\"query-input\":{\"@type\":\"PropertyValueSpecification\",\"valueRequired\":true,\"valueName\":\"search_term_string\"}}],\"inLanguage\":\"de\"},{\"@type\":\"Organization\",\"@id\":\"https:\/\/dev6.erresse-shop.it\/#organization\",\"name\":\"Erresse Shop\",\"url\":\"https:\/\/dev6.erresse-shop.it\/\",\"logo\":{\"@type\":\"ImageObject\",\"inLanguage\":\"de\",\"@id\":\"https:\/\/dev6.erresse-shop.it\/#\/schema\/logo\/image\/\",\"url\":\"https:\/\/dev6.erresse-shop.it\/wp-content\/uploads\/2025\/01\/LOGO-ERRESSE-CLASSICO.svg\",\"contentUrl\":\"https:\/\/dev6.erresse-shop.it\/wp-content\/uploads\/2025\/01\/LOGO-ERRESSE-CLASSICO.svg\",\"caption\":\"Erresse Shop\"},\"image\":{\"@id\":\"https:\/\/dev6.erresse-shop.it\/#\/schema\/logo\/image\/\"}}]}<\/script>\n<!-- \/ Yoast SEO plugin. -->","yoast_head_json":{"title":"WD LIFESTYLE Teekanne und 4 Gl\u00e4ser im Set aus Gusseisen, Grau - dev6 Erresse","description":"Dieses Teeservice aus Gusseisen, bestehend aus einer Teekanne mit Filter und vier Gl\u00e4sern, zeichnet sich durch eine raffinierte Pr\u00e4gestruktur aus, die","robots":{"index":"noindex","follow":"follow","max-snippet":"max-snippet:-1","max-image-preview":"max-image-preview:large","max-video-preview":"max-video-preview:-1"},"og_locale":"de_DE","og_type":"article","og_title":"WD LIFESTYLE Teekanne und 4 Gl\u00e4ser im Set aus Gusseisen, Grau - dev6 Erresse","og_description":"Dieses Teeservice aus Gusseisen, bestehend aus einer Teekanne mit Filter und vier Gl\u00e4sern, zeichnet sich durch eine raffinierte Pr\u00e4gestruktur aus, die","og_url":"https:\/\/dev6.erresse-shop.it\/de\/shop\/tisch\/teekannen-zuckerdosen-milchkannen\/wd-lifestyle-teekanne-und-4-glaeser-im-set-aus-gusseisen-grau\/","og_site_name":"dev6 Erresse","og_image":[{"url":"https:\/\/interpim.erresse-shop.it\/Import\/Prodotti\/wd-lifestyle-set-teiera-e-4-bicchieri-in-ghisa-grigio.jpg","type":"","width":"","height":""},{"url":"https:\/\/interpim.erresse-shop.it\/Import\/Prodotti\/wd-lifestyle-set-teiera-e-4-bicchieri-in-ghisa-grigio.jpg","width":1024,"height":1024,"type":"image\/jpeg"}],"twitter_card":"summary_large_image","twitter_image":"https:\/\/interpim.erresse-shop.it\/Import\/Prodotti\/wd-lifestyle-set-teiera-e-4-bicchieri-in-ghisa-grigio.jpg","schema":{"@context":"https:\/\/schema.org","@graph":[{"@type":"WebPage","@id":"https:\/\/dev6.erresse-shop.it\/de\/shop\/tisch\/teekannen-zuckerdosen-milchkannen\/wd-lifestyle-teekanne-und-4-glaeser-im-set-aus-gusseisen-grau\/","url":"https:\/\/dev6.erresse-shop.it\/de\/shop\/tisch\/teekannen-zuckerdosen-milchkannen\/wd-lifestyle-teekanne-und-4-glaeser-im-set-aus-gusseisen-grau\/","name":"WD LIFESTYLE Teekanne und 4 Gl\u00e4ser im Set aus Gusseisen, Grau - dev6 Erresse","isPartOf":{"@id":"https:\/\/dev6.erresse-shop.it\/#website"},"primaryImageOfPage":{"@id":"https:\/\/dev6.erresse-shop.it\/de\/shop\/tisch\/teekannen-zuckerdosen-milchkannen\/wd-lifestyle-teekanne-und-4-glaeser-im-set-aus-gusseisen-grau\/#primaryimage"},"image":{"@id":"https:\/\/dev6.erresse-shop.it\/de\/shop\/tisch\/teekannen-zuckerdosen-milchkannen\/wd-lifestyle-teekanne-und-4-glaeser-im-set-aus-gusseisen-grau\/#primaryimage"},"thumbnailUrl":"https:\/\/i0.wp.com\/interpim.erresse-shop.it\/Import\/Prodotti\/wd-lifestyle-set-teiera-e-4-bicchieri-in-ghisa-grigio.jpg?ssl=1","datePublished":"2026-04-04T11:15:53+00:00","description":"Dieses Teeservice aus Gusseisen, bestehend aus einer Teekanne mit Filter und vier Gl\u00e4sern, zeichnet sich durch eine raffinierte Pr\u00e4gestruktur aus, die","breadcrumb":{"@id":"https:\/\/dev6.erresse-shop.it\/de\/shop\/tisch\/teekannen-zuckerdosen-milchkannen\/wd-lifestyle-teekanne-und-4-glaeser-im-set-aus-gusseisen-grau\/#breadcrumb"},"inLanguage":"de","potentialAction":[{"@type":"ReadAction","target":["https:\/\/dev6.erresse-shop.it\/de\/shop\/tisch\/teekannen-zuckerdosen-milchkannen\/wd-lifestyle-teekanne-und-4-glaeser-im-set-aus-gusseisen-grau\/"]}]},{"@type":"ImageObject","inLanguage":"de","@id":"https:\/\/dev6.erresse-shop.it\/de\/shop\/tisch\/teekannen-zuckerdosen-milchkannen\/wd-lifestyle-teekanne-und-4-glaeser-im-set-aus-gusseisen-grau\/#primaryimage","url":"https:\/\/i0.wp.com\/interpim.erresse-shop.it\/Import\/Prodotti\/wd-lifestyle-set-teiera-e-4-bicchieri-in-ghisa-grigio.jpg?ssl=1","contentUrl":"https:\/\/i0.wp.com\/interpim.erresse-shop.it\/Import\/Prodotti\/wd-lifestyle-set-teiera-e-4-bicchieri-in-ghisa-grigio.jpg?ssl=1"},{"@type":"BreadcrumbList","@id":"https:\/\/dev6.erresse-shop.it\/de\/shop\/tisch\/teekannen-zuckerdosen-milchkannen\/wd-lifestyle-teekanne-und-4-glaeser-im-set-aus-gusseisen-grau\/#breadcrumb","itemListElement":[{"@type":"ListItem","position":1,"name":"Home","item":"https:\/\/dev6.erresse-shop.it\/"},{"@type":"ListItem","position":2,"name":"Shop","item":"https:\/\/dev6.erresse-shop.it\/shop\/"},{"@type":"ListItem","position":3,"name":"WD LIFESTYLE Teekanne und 4 Gl\u00e4ser im Set aus Gusseisen, Grau"}]},{"@type":"WebSite","@id":"https:\/\/dev6.erresse-shop.it\/#website","url":"https:\/\/dev6.erresse-shop.it\/","name":"Erresse Shop","description":"","publisher":{"@id":"https:\/\/dev6.erresse-shop.it\/#organization"},"potentialAction":[{"@type":"SearchAction","target":{"@type":"EntryPoint","urlTemplate":"https:\/\/dev6.erresse-shop.it\/?s={search_term_string}"},"query-input":{"@type":"PropertyValueSpecification","valueRequired":true,"valueName":"search_term_string"}}],"inLanguage":"de"},{"@type":"Organization","@id":"https:\/\/dev6.erresse-shop.it\/#organization","name":"Erresse Shop","url":"https:\/\/dev6.erresse-shop.it\/","logo":{"@type":"ImageObject","inLanguage":"de","@id":"https:\/\/dev6.erresse-shop.it\/#\/schema\/logo\/image\/","url":"https:\/\/dev6.erresse-shop.it\/wp-content\/uploads\/2025\/01\/LOGO-ERRESSE-CLASSICO.svg","contentUrl":"https:\/\/dev6.erresse-shop.it\/wp-content\/uploads\/2025\/01\/LOGO-ERRESSE-CLASSICO.svg","caption":"Erresse Shop"},"image":{"@id":"https:\/\/dev6.erresse-shop.it\/#\/schema\/logo\/image\/"}}]}},"df_price":55,"df_sale_price":"","df_regular_price":55,"df_image_link":"https:\/\/i0.wp.com\/interpim.erresse-shop.it\/Import\/Prodotti\/wd-lifestyle-set-teiera-e-4-bicchieri-in-ghisa-grigio.jpg?resize=300,300&ssl=1","fifu_image_url":"https:\/\/interpim.erresse-shop.it\/Import\/Prodotti\/wd-lifestyle-set-teiera-e-4-bicchieri-in-ghisa-grigio.jpg","_links":{"self":[{"href":"https:\/\/dev6.erresse-shop.it\/de\/wp-json\/wp\/v2\/product\/1600580","targetHints":{"allow":["GET"]}}],"collection":[{"href":"https:\/\/dev6.erresse-shop.it\/de\/wp-json\/wp\/v2\/product"}],"about":[{"href":"https:\/\/dev6.erresse-shop.it\/de\/wp-json\/wp\/v2\/types\/product"}],"wp:featuredmedia":[{"embeddable":true,"href":"https:\/\/dev6.erresse-shop.it\/de\/wp-json\/wp\/v2\/media\/6293367"}],"wp:attachment":[{"href":"https:\/\/dev6.erresse-shop.it\/de\/wp-json\/wp\/v2\/media?parent=1600580"}],"wp:term":[{"taxonomy":"product_cat","embeddable":true,"href":"https:\/\/dev6.erresse-shop.it\/de\/wp-json\/wp\/v2\/product_cat?post=1600580"},{"taxonomy":"product_tag","embeddable":true,"href":"https:\/\/dev6.erresse-shop.it\/de\/wp-json\/wp\/v2\/product_tag?post=1600580"}],"curies":[{"name":"wp","href":"https:\/\/api.w.org\/{rel}","templated":true}]}}