{"id":1600574,"date":"2026-04-12T13:15:45","date_gmt":"2026-04-12T11:15:45","guid":{"rendered":"https:\/\/dev6.erresse-shop.it\/shop\/unkategorisiert\/nio-cocktails-postcards-from-france\/"},"modified":"2025-09-14T03:05:08","modified_gmt":"2025-09-14T01:05:08","slug":"nio-cocktails-postcards-from-france","status":"publish","type":"product","link":"https:\/\/dev6.erresse-shop.it\/de\/shop\/tisch\/cocktail-de\/nio-cocktails-postcards-from-france\/","title":{"rendered":"NIO COCKTAILS Postcards from France"},"content":{"rendered":"<p>Wir stellen \u201ePostcards from France\u201c vor, die neue Kollektion exklusiver Cocktails von NIO Cocktails: ein Vorgeschmack auf die Geschichte, das Erbe und die Lebensart Frankreichs von Nord bis S\u00fcd.<\/p>\n<p>Inspiriert von den Weinbau- und Destillationstraditionen vier eindrucksvoller franz\u00f6sischer Regionen hat Patrick Pistolesi vier exklusive Cocktails kreiert, die den einzigartigen Geist eines Landes einfangen, das reich an Tradition, Geschichte und Sch\u00f6nheit ist.<\/p>\n<p>Begleiten Sie ihn auf dieser Geschmacksreise, um ein au\u00dfergew\u00f6hnliches Gebiet voller Gen\u00fcsse f\u00fcr alle Sinne zu entdecken: Probieren Sie diese neuen Kreationen, die eine Hommage an die Terroirs des Cognac, die rauen K\u00fcsten der Normandie, das Blau des S\u00fcdens und den eleganten Boulevard de Paris und erleben Sie mit jedem Schluck den Zauber Frankreichs neu.<\/p>\n<p>Cocktails in der Box:<\/p>\n<p>Chant de la Mer: Citadelle Original Dry Gin | Karibischer Ananaslik\u00f6r Giffard | Cura\u00e7ao-Lik\u00f6r Blue Giffard | Rohrzuckersirup Maison Routin 1883 | 100ml | 22,9 % Alkohol<\/p>\n<p>Normandie Rouge: Coquerel Calvados VSOP | Noilly Prat Wermut de France Rot | Monin Gr\u00fcner Apfellik\u00f6r | Campari Bitter | Picon-Bier | 100ml | 25,6 % Alkohol<\/p>\n<p>Le Parisien: Brandy St. Remy XO | Cointreau | Ginger of the Indies Giffard | 100ml | 29% VOL Brandy St. Remy XO | Cointreau | Ginger of the Indies Giffard | 100ml | 29 % Alkohol<\/p>\n<p>\u00c9toile\u00a0du\u00a0Sud: Gin G\u2019vine Floraison | St. Germain Holunderbl\u00fctenlik\u00f6r | Rohrzuckersirup Maison Routin 1883 | Monin Veilchencreme | 100ml | 20,8 % Alkohol<\/p>\n<p>\u00a0<\/p>\n<p>In Italien mit den besten Spirituosen der Welt handgefertigt<br \/>\nWir bringen ein Geschmackserlebnis voller Qualit\u00e4t und Emotionen zu Ihnen nach Hause oder wo immer Sie es bevorzugen. Verw\u00f6hnen Sie sich selbst oder schenken Sie einen angenehmen Sinnesmoment: Unsere Cocktails werden nach dem Rezept von Patrick Pistolesi kreiert und in einer Designerverpackung geliefert, die vollst\u00e4ndig recycelbar ist.<\/p>\n","protected":false},"excerpt":{"rendered":"<p>Wir stellen \u201ePostcards from France\u201c vor, die neue Kollektion exklusiver Cocktails von NIO Cocktails: ein Vorgeschmack auf die Geschichte, das Erbe und die Lebensart Frankreichs von Nord bis S\u00fcd. Inspiriert von den Weinbau- und Destillationstraditionen vier eindrucksvoller franz\u00f6sischer Regionen hat Patrick Pistolesi vier exklusive Cocktails kreiert, die den einzigartigen Geist eines Landes einfangen, das reich [&hellip;]<\/p>\n","protected":false},"featured_media":6376614,"template":"","meta":{"_acf_changed":false},"product_cat":[12154,12103],"product_tag":[],"class_list":{"0":"post-1600574","1":"product","2":"type-product","3":"status-publish","4":"has-post-thumbnail","6":"product_cat-cocktail-de","7":"product_cat-tisch","9":"first","10":"instock","11":"taxable","12":"shipping-taxable","13":"purchasable","14":"product-type-simple","swatches":"rey-swatches","show_selected":"","stretch_labels":"rey-swatches--stretch-labels"},"acf":[],"yoast_head":"<!-- This site is optimized with the Yoast SEO plugin v25.4 - https:\/\/yoast.com\/wordpress\/plugins\/seo\/ -->\n<title>NIO COCKTAILS Postcards from France - dev6 Erresse<\/title>\n<meta name=\"description\" content=\"Wir stellen \u201ePostcards from France\u201c vor, die neue Kollektion exklusiver Cocktails von NIO Cocktails: ein Vorgeschmack auf die Geschichte, das Erbe und die\" \/>\n<meta name=\"robots\" content=\"noindex, follow, max-snippet:-1, max-image-preview:large, max-video-preview:-1\" \/>\n<meta property=\"og:locale\" content=\"de_DE\" \/>\n<meta property=\"og:type\" content=\"article\" \/>\n<meta property=\"og:title\" content=\"NIO COCKTAILS Postcards from France - dev6 Erresse\" \/>\n<meta property=\"og:description\" content=\"Wir stellen \u201ePostcards from France\u201c vor, die neue Kollektion exklusiver Cocktails von NIO Cocktails: ein Vorgeschmack auf die Geschichte, das Erbe und die\" \/>\n<meta property=\"og:url\" content=\"https:\/\/dev6.erresse-shop.it\/de\/shop\/tisch\/cocktail-de\/nio-cocktails-postcards-from-france\/\" \/>\n<meta property=\"og:site_name\" content=\"dev6 Erresse\" \/>\n<meta property=\"og:image\" content=\"https:\/\/interpim.erresse-shop.it\/Import\/Prodotti\/nio-cocktails-postcards-from-france.jpg\" \/><meta property=\"og:image\" content=\"https:\/\/interpim.erresse-shop.it\/Import\/Prodotti\/nio-cocktails-postcards-from-france.jpg\" \/>\n\t<meta property=\"og:image:width\" content=\"1024\" \/>\n\t<meta property=\"og:image:height\" content=\"1024\" \/>\n\t<meta property=\"og:image:type\" content=\"image\/jpeg\" \/>\n<meta name=\"twitter:card\" content=\"summary_large_image\" \/>\n<meta name=\"twitter:image\" content=\"https:\/\/interpim.erresse-shop.it\/Import\/Prodotti\/nio-cocktails-postcards-from-france.jpg\" \/>\n<script type=\"application\/ld+json\" class=\"yoast-schema-graph\">{\"@context\":\"https:\/\/schema.org\",\"@graph\":[{\"@type\":\"WebPage\",\"@id\":\"https:\/\/dev6.erresse-shop.it\/de\/shop\/tisch\/cocktail-de\/nio-cocktails-postcards-from-france\/\",\"url\":\"https:\/\/dev6.erresse-shop.it\/de\/shop\/tisch\/cocktail-de\/nio-cocktails-postcards-from-france\/\",\"name\":\"NIO COCKTAILS Postcards from France - dev6 Erresse\",\"isPartOf\":{\"@id\":\"https:\/\/dev6.erresse-shop.it\/#website\"},\"primaryImageOfPage\":{\"@id\":\"https:\/\/dev6.erresse-shop.it\/de\/shop\/tisch\/cocktail-de\/nio-cocktails-postcards-from-france\/#primaryimage\"},\"image\":{\"@id\":\"https:\/\/dev6.erresse-shop.it\/de\/shop\/tisch\/cocktail-de\/nio-cocktails-postcards-from-france\/#primaryimage\"},\"thumbnailUrl\":\"https:\/\/i1.wp.com\/interpim.erresse-shop.it\/Import\/Prodotti\/nio-cocktails-postcards-from-france.jpg?ssl=1\",\"datePublished\":\"2026-04-12T11:15:45+00:00\",\"description\":\"Wir stellen \u201ePostcards from France\u201c vor, die neue Kollektion exklusiver Cocktails von NIO Cocktails: ein Vorgeschmack auf die Geschichte, das Erbe und die\",\"breadcrumb\":{\"@id\":\"https:\/\/dev6.erresse-shop.it\/de\/shop\/tisch\/cocktail-de\/nio-cocktails-postcards-from-france\/#breadcrumb\"},\"inLanguage\":\"de\",\"potentialAction\":[{\"@type\":\"ReadAction\",\"target\":[\"https:\/\/dev6.erresse-shop.it\/de\/shop\/tisch\/cocktail-de\/nio-cocktails-postcards-from-france\/\"]}]},{\"@type\":\"ImageObject\",\"inLanguage\":\"de\",\"@id\":\"https:\/\/dev6.erresse-shop.it\/de\/shop\/tisch\/cocktail-de\/nio-cocktails-postcards-from-france\/#primaryimage\",\"url\":\"https:\/\/i1.wp.com\/interpim.erresse-shop.it\/Import\/Prodotti\/nio-cocktails-postcards-from-france.jpg?ssl=1\",\"contentUrl\":\"https:\/\/i1.wp.com\/interpim.erresse-shop.it\/Import\/Prodotti\/nio-cocktails-postcards-from-france.jpg?ssl=1\"},{\"@type\":\"BreadcrumbList\",\"@id\":\"https:\/\/dev6.erresse-shop.it\/de\/shop\/tisch\/cocktail-de\/nio-cocktails-postcards-from-france\/#breadcrumb\",\"itemListElement\":[{\"@type\":\"ListItem\",\"position\":1,\"name\":\"Home\",\"item\":\"https:\/\/dev6.erresse-shop.it\/\"},{\"@type\":\"ListItem\",\"position\":2,\"name\":\"Shop\",\"item\":\"https:\/\/dev6.erresse-shop.it\/shop\/\"},{\"@type\":\"ListItem\",\"position\":3,\"name\":\"NIO COCKTAILS Postcards from France\"}]},{\"@type\":\"WebSite\",\"@id\":\"https:\/\/dev6.erresse-shop.it\/#website\",\"url\":\"https:\/\/dev6.erresse-shop.it\/\",\"name\":\"Erresse Shop\",\"description\":\"\",\"publisher\":{\"@id\":\"https:\/\/dev6.erresse-shop.it\/#organization\"},\"potentialAction\":[{\"@type\":\"SearchAction\",\"target\":{\"@type\":\"EntryPoint\",\"urlTemplate\":\"https:\/\/dev6.erresse-shop.it\/?s={search_term_string}\"},\"query-input\":{\"@type\":\"PropertyValueSpecification\",\"valueRequired\":true,\"valueName\":\"search_term_string\"}}],\"inLanguage\":\"de\"},{\"@type\":\"Organization\",\"@id\":\"https:\/\/dev6.erresse-shop.it\/#organization\",\"name\":\"Erresse Shop\",\"url\":\"https:\/\/dev6.erresse-shop.it\/\",\"logo\":{\"@type\":\"ImageObject\",\"inLanguage\":\"de\",\"@id\":\"https:\/\/dev6.erresse-shop.it\/#\/schema\/logo\/image\/\",\"url\":\"https:\/\/dev6.erresse-shop.it\/wp-content\/uploads\/2025\/01\/LOGO-ERRESSE-CLASSICO.svg\",\"contentUrl\":\"https:\/\/dev6.erresse-shop.it\/wp-content\/uploads\/2025\/01\/LOGO-ERRESSE-CLASSICO.svg\",\"caption\":\"Erresse Shop\"},\"image\":{\"@id\":\"https:\/\/dev6.erresse-shop.it\/#\/schema\/logo\/image\/\"}}]}<\/script>\n<!-- \/ Yoast SEO plugin. -->","yoast_head_json":{"title":"NIO COCKTAILS Postcards from France - dev6 Erresse","description":"Wir stellen \u201ePostcards from France\u201c vor, die neue Kollektion exklusiver Cocktails von NIO Cocktails: ein Vorgeschmack auf die Geschichte, das Erbe und die","robots":{"index":"noindex","follow":"follow","max-snippet":"max-snippet:-1","max-image-preview":"max-image-preview:large","max-video-preview":"max-video-preview:-1"},"og_locale":"de_DE","og_type":"article","og_title":"NIO COCKTAILS Postcards from France - dev6 Erresse","og_description":"Wir stellen \u201ePostcards from France\u201c vor, die neue Kollektion exklusiver Cocktails von NIO Cocktails: ein Vorgeschmack auf die Geschichte, das Erbe und die","og_url":"https:\/\/dev6.erresse-shop.it\/de\/shop\/tisch\/cocktail-de\/nio-cocktails-postcards-from-france\/","og_site_name":"dev6 Erresse","og_image":[{"url":"https:\/\/interpim.erresse-shop.it\/Import\/Prodotti\/nio-cocktails-postcards-from-france.jpg","type":"","width":"","height":""},{"url":"https:\/\/interpim.erresse-shop.it\/Import\/Prodotti\/nio-cocktails-postcards-from-france.jpg","width":1024,"height":1024,"type":"image\/jpeg"}],"twitter_card":"summary_large_image","twitter_image":"https:\/\/interpim.erresse-shop.it\/Import\/Prodotti\/nio-cocktails-postcards-from-france.jpg","schema":{"@context":"https:\/\/schema.org","@graph":[{"@type":"WebPage","@id":"https:\/\/dev6.erresse-shop.it\/de\/shop\/tisch\/cocktail-de\/nio-cocktails-postcards-from-france\/","url":"https:\/\/dev6.erresse-shop.it\/de\/shop\/tisch\/cocktail-de\/nio-cocktails-postcards-from-france\/","name":"NIO COCKTAILS Postcards from France - dev6 Erresse","isPartOf":{"@id":"https:\/\/dev6.erresse-shop.it\/#website"},"primaryImageOfPage":{"@id":"https:\/\/dev6.erresse-shop.it\/de\/shop\/tisch\/cocktail-de\/nio-cocktails-postcards-from-france\/#primaryimage"},"image":{"@id":"https:\/\/dev6.erresse-shop.it\/de\/shop\/tisch\/cocktail-de\/nio-cocktails-postcards-from-france\/#primaryimage"},"thumbnailUrl":"https:\/\/i1.wp.com\/interpim.erresse-shop.it\/Import\/Prodotti\/nio-cocktails-postcards-from-france.jpg?ssl=1","datePublished":"2026-04-12T11:15:45+00:00","description":"Wir stellen \u201ePostcards from France\u201c vor, die neue Kollektion exklusiver Cocktails von NIO Cocktails: ein Vorgeschmack auf die Geschichte, das Erbe und die","breadcrumb":{"@id":"https:\/\/dev6.erresse-shop.it\/de\/shop\/tisch\/cocktail-de\/nio-cocktails-postcards-from-france\/#breadcrumb"},"inLanguage":"de","potentialAction":[{"@type":"ReadAction","target":["https:\/\/dev6.erresse-shop.it\/de\/shop\/tisch\/cocktail-de\/nio-cocktails-postcards-from-france\/"]}]},{"@type":"ImageObject","inLanguage":"de","@id":"https:\/\/dev6.erresse-shop.it\/de\/shop\/tisch\/cocktail-de\/nio-cocktails-postcards-from-france\/#primaryimage","url":"https:\/\/i1.wp.com\/interpim.erresse-shop.it\/Import\/Prodotti\/nio-cocktails-postcards-from-france.jpg?ssl=1","contentUrl":"https:\/\/i1.wp.com\/interpim.erresse-shop.it\/Import\/Prodotti\/nio-cocktails-postcards-from-france.jpg?ssl=1"},{"@type":"BreadcrumbList","@id":"https:\/\/dev6.erresse-shop.it\/de\/shop\/tisch\/cocktail-de\/nio-cocktails-postcards-from-france\/#breadcrumb","itemListElement":[{"@type":"ListItem","position":1,"name":"Home","item":"https:\/\/dev6.erresse-shop.it\/"},{"@type":"ListItem","position":2,"name":"Shop","item":"https:\/\/dev6.erresse-shop.it\/shop\/"},{"@type":"ListItem","position":3,"name":"NIO COCKTAILS Postcards from France"}]},{"@type":"WebSite","@id":"https:\/\/dev6.erresse-shop.it\/#website","url":"https:\/\/dev6.erresse-shop.it\/","name":"Erresse Shop","description":"","publisher":{"@id":"https:\/\/dev6.erresse-shop.it\/#organization"},"potentialAction":[{"@type":"SearchAction","target":{"@type":"EntryPoint","urlTemplate":"https:\/\/dev6.erresse-shop.it\/?s={search_term_string}"},"query-input":{"@type":"PropertyValueSpecification","valueRequired":true,"valueName":"search_term_string"}}],"inLanguage":"de"},{"@type":"Organization","@id":"https:\/\/dev6.erresse-shop.it\/#organization","name":"Erresse Shop","url":"https:\/\/dev6.erresse-shop.it\/","logo":{"@type":"ImageObject","inLanguage":"de","@id":"https:\/\/dev6.erresse-shop.it\/#\/schema\/logo\/image\/","url":"https:\/\/dev6.erresse-shop.it\/wp-content\/uploads\/2025\/01\/LOGO-ERRESSE-CLASSICO.svg","contentUrl":"https:\/\/dev6.erresse-shop.it\/wp-content\/uploads\/2025\/01\/LOGO-ERRESSE-CLASSICO.svg","caption":"Erresse Shop"},"image":{"@id":"https:\/\/dev6.erresse-shop.it\/#\/schema\/logo\/image\/"}}]}},"df_price":30,"df_sale_price":"","df_regular_price":30,"df_image_link":"https:\/\/i1.wp.com\/interpim.erresse-shop.it\/Import\/Prodotti\/nio-cocktails-postcards-from-france.jpg?resize=300,300&ssl=1","fifu_image_url":"https:\/\/interpim.erresse-shop.it\/Import\/Prodotti\/nio-cocktails-postcards-from-france.jpg","_links":{"self":[{"href":"https:\/\/dev6.erresse-shop.it\/de\/wp-json\/wp\/v2\/product\/1600574","targetHints":{"allow":["GET"]}}],"collection":[{"href":"https:\/\/dev6.erresse-shop.it\/de\/wp-json\/wp\/v2\/product"}],"about":[{"href":"https:\/\/dev6.erresse-shop.it\/de\/wp-json\/wp\/v2\/types\/product"}],"wp:featuredmedia":[{"embeddable":true,"href":"https:\/\/dev6.erresse-shop.it\/de\/wp-json\/wp\/v2\/media\/6376614"}],"wp:attachment":[{"href":"https:\/\/dev6.erresse-shop.it\/de\/wp-json\/wp\/v2\/media?parent=1600574"}],"wp:term":[{"taxonomy":"product_cat","embeddable":true,"href":"https:\/\/dev6.erresse-shop.it\/de\/wp-json\/wp\/v2\/product_cat?post=1600574"},{"taxonomy":"product_tag","embeddable":true,"href":"https:\/\/dev6.erresse-shop.it\/de\/wp-json\/wp\/v2\/product_tag?post=1600574"}],"curies":[{"name":"wp","href":"https:\/\/api.w.org\/{rel}","templated":true}]}}