{"id":1600568,"date":"2026-04-12T13:15:45","date_gmt":"2026-04-12T11:15:45","guid":{"rendered":"https:\/\/dev6.erresse-shop.it\/shop\/unkategorisiert\/nio-cocktails-experience-box\/"},"modified":"2025-09-14T03:04:59","modified_gmt":"2025-09-14T01:04:59","slug":"nio-cocktails-experience-box","status":"publish","type":"product","link":"https:\/\/dev6.erresse-shop.it\/de\/shop\/tisch\/cocktail-de\/nio-cocktails-experience-box\/","title":{"rendered":"NIO COCKTAILS Experience Box"},"content":{"rendered":"<p>Unsere Experience Box bietet Ihnen ein sorgenfreies Hausbar-Erlebnis. Keine Flaschen, keine Gl\u00e4ser, keine zus\u00e4tzlichen Pr\u00e4sentationen, nur alles, was Sie brauchen, um Premium-Geschmacksprofile mit Freunden zu teilen.<\/p>\n<p>Was ist in der Box<\/p>\n<p>Die NIO Experience Cocktail Box enth\u00e4lt 6 vorgemischte Getr\u00e4nke, 2 Kristallbecher und unsere XL-Eisform, alles in einem sch\u00f6nen Paket.<\/p>\n<p>Cocktails in der Box:<\/p>\n<p>Cosmopolitan: Probieren Sie die Stadt mit diesem fabelhaften klassischen Pink-Cocktail aus Ketel One Family Made Premium Vodka, einem Hauch Cointreau und der unverzichtbaren Blaubeere.<\/p>\n<p>Negroni: Ein Klassiker Made in Italy mit Tanqueray London Dry Gin, Noten von Orangenschale, Nelken und einem Hauch Bitterkeit.<\/p>\n<p>Margarita: Ein herb-aromatischer mexikanischer Klassiker mit 100 % blauem Agaven-Tequila Exotico Blanco, Cointreau und einer Prise Salz.<\/p>\n<p>Old Fashioned: Mit Bulleit Bourbon und einem Spritzer Orangenbitter und aromatischen Bittern.<\/p>\n<p>Mai Tai: Ein fruchtiger Cocktail, der den Geist der Tiki-Kultur in Ihre Bar bringt. Hergestellt mit Ron Santiago de Cuba.<\/p>\n<p>Garten Russlands: Eine ungew\u00f6hnliche, frische und aromatische Version des Vodka Sour, mit dem in der Familie hergestellten Ketel One Vodka und einem Hauch Holunderbl\u00fcte. Spirituosengesch\u00e4ft \u2013 Fertigmischungen &amp; RTD Masters \u2013 Gewinner der Masters-Medaille.<\/p>\n<p>\u00a0<\/p>\n<p>Wir bringen ein Geschmackserlebnis voller Qualit\u00e4t und Emotionen zu Ihnen nach Hause oder wo immer Sie es bevorzugen. Verw\u00f6hnen Sie sich selbst oder schenken Sie einen angenehmen Sinnesmoment: Unsere Cocktails werden nach dem Rezept von Patrick Pistolesi kreiert und in Designerverpackungen geliefert, die vollst\u00e4ndig recycelbar sind.<\/p>\n<p>\u00a0<\/p>\n","protected":false},"excerpt":{"rendered":"<p>Unsere Experience Box bietet Ihnen ein sorgenfreies Hausbar-Erlebnis. Keine Flaschen, keine Gl\u00e4ser, keine zus\u00e4tzlichen Pr\u00e4sentationen, nur alles, was Sie brauchen, um Premium-Geschmacksprofile mit Freunden zu teilen. Was ist in der Box Die NIO Experience Cocktail Box enth\u00e4lt 6 vorgemischte Getr\u00e4nke, 2 Kristallbecher und unsere XL-Eisform, alles in einem sch\u00f6nen Paket. Cocktails in der Box: Cosmopolitan: [&hellip;]<\/p>\n","protected":false},"featured_media":6376559,"template":"","meta":{"_acf_changed":false},"product_cat":[12154,12103],"product_tag":[],"class_list":{"0":"post-1600568","1":"product","2":"type-product","3":"status-publish","4":"has-post-thumbnail","6":"product_cat-cocktail-de","7":"product_cat-tisch","9":"first","10":"instock","11":"sale","12":"taxable","13":"shipping-taxable","14":"purchasable","15":"product-type-simple","swatches":"rey-swatches","show_selected":"","stretch_labels":"rey-swatches--stretch-labels"},"acf":[],"yoast_head":"<!-- This site is optimized with the Yoast SEO plugin v25.4 - https:\/\/yoast.com\/wordpress\/plugins\/seo\/ -->\n<title>NIO COCKTAILS Experience Box - dev6 Erresse<\/title>\n<meta name=\"description\" content=\"Unsere Experience Box bietet Ihnen ein sorgenfreies Hausbar-Erlebnis. Keine Flaschen, keine Gl\u00e4ser, keine zus\u00e4tzlichen Pr\u00e4sentationen, nur alles, was Sie\" \/>\n<meta name=\"robots\" content=\"noindex, follow, max-snippet:-1, max-image-preview:large, max-video-preview:-1\" \/>\n<meta property=\"og:locale\" content=\"de_DE\" \/>\n<meta property=\"og:type\" content=\"article\" \/>\n<meta property=\"og:title\" content=\"NIO COCKTAILS Experience Box - dev6 Erresse\" \/>\n<meta property=\"og:description\" content=\"Unsere Experience Box bietet Ihnen ein sorgenfreies Hausbar-Erlebnis. Keine Flaschen, keine Gl\u00e4ser, keine zus\u00e4tzlichen Pr\u00e4sentationen, nur alles, was Sie\" \/>\n<meta property=\"og:url\" content=\"https:\/\/dev6.erresse-shop.it\/de\/shop\/tisch\/cocktail-de\/nio-cocktails-experience-box\/\" \/>\n<meta property=\"og:site_name\" content=\"dev6 Erresse\" \/>\n<meta property=\"og:image\" content=\"https:\/\/interpim.erresse-shop.it\/Import\/Prodotti\/nio-cocktails-experience-box.jpg\" \/><meta property=\"og:image\" content=\"https:\/\/interpim.erresse-shop.it\/Import\/Prodotti\/nio-cocktails-experience-box.jpg\" \/>\n\t<meta property=\"og:image:width\" content=\"1024\" \/>\n\t<meta property=\"og:image:height\" content=\"1024\" \/>\n\t<meta property=\"og:image:type\" content=\"image\/jpeg\" \/>\n<meta name=\"twitter:card\" content=\"summary_large_image\" \/>\n<meta name=\"twitter:image\" content=\"https:\/\/interpim.erresse-shop.it\/Import\/Prodotti\/nio-cocktails-experience-box.jpg\" \/>\n<script type=\"application\/ld+json\" class=\"yoast-schema-graph\">{\"@context\":\"https:\/\/schema.org\",\"@graph\":[{\"@type\":\"WebPage\",\"@id\":\"https:\/\/dev6.erresse-shop.it\/de\/shop\/tisch\/cocktail-de\/nio-cocktails-experience-box\/\",\"url\":\"https:\/\/dev6.erresse-shop.it\/de\/shop\/tisch\/cocktail-de\/nio-cocktails-experience-box\/\",\"name\":\"NIO COCKTAILS Experience Box - dev6 Erresse\",\"isPartOf\":{\"@id\":\"https:\/\/dev6.erresse-shop.it\/#website\"},\"primaryImageOfPage\":{\"@id\":\"https:\/\/dev6.erresse-shop.it\/de\/shop\/tisch\/cocktail-de\/nio-cocktails-experience-box\/#primaryimage\"},\"image\":{\"@id\":\"https:\/\/dev6.erresse-shop.it\/de\/shop\/tisch\/cocktail-de\/nio-cocktails-experience-box\/#primaryimage\"},\"thumbnailUrl\":\"https:\/\/i1.wp.com\/interpim.erresse-shop.it\/Import\/Prodotti\/nio-cocktails-experience-box.jpg?ssl=1\",\"datePublished\":\"2026-04-12T11:15:45+00:00\",\"description\":\"Unsere Experience Box bietet Ihnen ein sorgenfreies Hausbar-Erlebnis. Keine Flaschen, keine Gl\u00e4ser, keine zus\u00e4tzlichen Pr\u00e4sentationen, nur alles, was Sie\",\"breadcrumb\":{\"@id\":\"https:\/\/dev6.erresse-shop.it\/de\/shop\/tisch\/cocktail-de\/nio-cocktails-experience-box\/#breadcrumb\"},\"inLanguage\":\"de\",\"potentialAction\":[{\"@type\":\"ReadAction\",\"target\":[\"https:\/\/dev6.erresse-shop.it\/de\/shop\/tisch\/cocktail-de\/nio-cocktails-experience-box\/\"]}]},{\"@type\":\"ImageObject\",\"inLanguage\":\"de\",\"@id\":\"https:\/\/dev6.erresse-shop.it\/de\/shop\/tisch\/cocktail-de\/nio-cocktails-experience-box\/#primaryimage\",\"url\":\"https:\/\/i1.wp.com\/interpim.erresse-shop.it\/Import\/Prodotti\/nio-cocktails-experience-box.jpg?ssl=1\",\"contentUrl\":\"https:\/\/i1.wp.com\/interpim.erresse-shop.it\/Import\/Prodotti\/nio-cocktails-experience-box.jpg?ssl=1\"},{\"@type\":\"BreadcrumbList\",\"@id\":\"https:\/\/dev6.erresse-shop.it\/de\/shop\/tisch\/cocktail-de\/nio-cocktails-experience-box\/#breadcrumb\",\"itemListElement\":[{\"@type\":\"ListItem\",\"position\":1,\"name\":\"Home\",\"item\":\"https:\/\/dev6.erresse-shop.it\/\"},{\"@type\":\"ListItem\",\"position\":2,\"name\":\"Shop\",\"item\":\"https:\/\/dev6.erresse-shop.it\/shop\/\"},{\"@type\":\"ListItem\",\"position\":3,\"name\":\"NIO COCKTAILS Experience Box\"}]},{\"@type\":\"WebSite\",\"@id\":\"https:\/\/dev6.erresse-shop.it\/#website\",\"url\":\"https:\/\/dev6.erresse-shop.it\/\",\"name\":\"Erresse Shop\",\"description\":\"\",\"publisher\":{\"@id\":\"https:\/\/dev6.erresse-shop.it\/#organization\"},\"potentialAction\":[{\"@type\":\"SearchAction\",\"target\":{\"@type\":\"EntryPoint\",\"urlTemplate\":\"https:\/\/dev6.erresse-shop.it\/?s={search_term_string}\"},\"query-input\":{\"@type\":\"PropertyValueSpecification\",\"valueRequired\":true,\"valueName\":\"search_term_string\"}}],\"inLanguage\":\"de\"},{\"@type\":\"Organization\",\"@id\":\"https:\/\/dev6.erresse-shop.it\/#organization\",\"name\":\"Erresse Shop\",\"url\":\"https:\/\/dev6.erresse-shop.it\/\",\"logo\":{\"@type\":\"ImageObject\",\"inLanguage\":\"de\",\"@id\":\"https:\/\/dev6.erresse-shop.it\/#\/schema\/logo\/image\/\",\"url\":\"https:\/\/dev6.erresse-shop.it\/wp-content\/uploads\/2025\/01\/LOGO-ERRESSE-CLASSICO.svg\",\"contentUrl\":\"https:\/\/dev6.erresse-shop.it\/wp-content\/uploads\/2025\/01\/LOGO-ERRESSE-CLASSICO.svg\",\"caption\":\"Erresse Shop\"},\"image\":{\"@id\":\"https:\/\/dev6.erresse-shop.it\/#\/schema\/logo\/image\/\"}}]}<\/script>\n<!-- \/ Yoast SEO plugin. -->","yoast_head_json":{"title":"NIO COCKTAILS Experience Box - dev6 Erresse","description":"Unsere Experience Box bietet Ihnen ein sorgenfreies Hausbar-Erlebnis. Keine Flaschen, keine Gl\u00e4ser, keine zus\u00e4tzlichen Pr\u00e4sentationen, nur alles, was Sie","robots":{"index":"noindex","follow":"follow","max-snippet":"max-snippet:-1","max-image-preview":"max-image-preview:large","max-video-preview":"max-video-preview:-1"},"og_locale":"de_DE","og_type":"article","og_title":"NIO COCKTAILS Experience Box - dev6 Erresse","og_description":"Unsere Experience Box bietet Ihnen ein sorgenfreies Hausbar-Erlebnis. Keine Flaschen, keine Gl\u00e4ser, keine zus\u00e4tzlichen Pr\u00e4sentationen, nur alles, was Sie","og_url":"https:\/\/dev6.erresse-shop.it\/de\/shop\/tisch\/cocktail-de\/nio-cocktails-experience-box\/","og_site_name":"dev6 Erresse","og_image":[{"url":"https:\/\/interpim.erresse-shop.it\/Import\/Prodotti\/nio-cocktails-experience-box.jpg","type":"","width":"","height":""},{"url":"https:\/\/interpim.erresse-shop.it\/Import\/Prodotti\/nio-cocktails-experience-box.jpg","width":1024,"height":1024,"type":"image\/jpeg"}],"twitter_card":"summary_large_image","twitter_image":"https:\/\/interpim.erresse-shop.it\/Import\/Prodotti\/nio-cocktails-experience-box.jpg","schema":{"@context":"https:\/\/schema.org","@graph":[{"@type":"WebPage","@id":"https:\/\/dev6.erresse-shop.it\/de\/shop\/tisch\/cocktail-de\/nio-cocktails-experience-box\/","url":"https:\/\/dev6.erresse-shop.it\/de\/shop\/tisch\/cocktail-de\/nio-cocktails-experience-box\/","name":"NIO COCKTAILS Experience Box - dev6 Erresse","isPartOf":{"@id":"https:\/\/dev6.erresse-shop.it\/#website"},"primaryImageOfPage":{"@id":"https:\/\/dev6.erresse-shop.it\/de\/shop\/tisch\/cocktail-de\/nio-cocktails-experience-box\/#primaryimage"},"image":{"@id":"https:\/\/dev6.erresse-shop.it\/de\/shop\/tisch\/cocktail-de\/nio-cocktails-experience-box\/#primaryimage"},"thumbnailUrl":"https:\/\/i1.wp.com\/interpim.erresse-shop.it\/Import\/Prodotti\/nio-cocktails-experience-box.jpg?ssl=1","datePublished":"2026-04-12T11:15:45+00:00","description":"Unsere Experience Box bietet Ihnen ein sorgenfreies Hausbar-Erlebnis. Keine Flaschen, keine Gl\u00e4ser, keine zus\u00e4tzlichen Pr\u00e4sentationen, nur alles, was Sie","breadcrumb":{"@id":"https:\/\/dev6.erresse-shop.it\/de\/shop\/tisch\/cocktail-de\/nio-cocktails-experience-box\/#breadcrumb"},"inLanguage":"de","potentialAction":[{"@type":"ReadAction","target":["https:\/\/dev6.erresse-shop.it\/de\/shop\/tisch\/cocktail-de\/nio-cocktails-experience-box\/"]}]},{"@type":"ImageObject","inLanguage":"de","@id":"https:\/\/dev6.erresse-shop.it\/de\/shop\/tisch\/cocktail-de\/nio-cocktails-experience-box\/#primaryimage","url":"https:\/\/i1.wp.com\/interpim.erresse-shop.it\/Import\/Prodotti\/nio-cocktails-experience-box.jpg?ssl=1","contentUrl":"https:\/\/i1.wp.com\/interpim.erresse-shop.it\/Import\/Prodotti\/nio-cocktails-experience-box.jpg?ssl=1"},{"@type":"BreadcrumbList","@id":"https:\/\/dev6.erresse-shop.it\/de\/shop\/tisch\/cocktail-de\/nio-cocktails-experience-box\/#breadcrumb","itemListElement":[{"@type":"ListItem","position":1,"name":"Home","item":"https:\/\/dev6.erresse-shop.it\/"},{"@type":"ListItem","position":2,"name":"Shop","item":"https:\/\/dev6.erresse-shop.it\/shop\/"},{"@type":"ListItem","position":3,"name":"NIO COCKTAILS Experience Box"}]},{"@type":"WebSite","@id":"https:\/\/dev6.erresse-shop.it\/#website","url":"https:\/\/dev6.erresse-shop.it\/","name":"Erresse Shop","description":"","publisher":{"@id":"https:\/\/dev6.erresse-shop.it\/#organization"},"potentialAction":[{"@type":"SearchAction","target":{"@type":"EntryPoint","urlTemplate":"https:\/\/dev6.erresse-shop.it\/?s={search_term_string}"},"query-input":{"@type":"PropertyValueSpecification","valueRequired":true,"valueName":"search_term_string"}}],"inLanguage":"de"},{"@type":"Organization","@id":"https:\/\/dev6.erresse-shop.it\/#organization","name":"Erresse Shop","url":"https:\/\/dev6.erresse-shop.it\/","logo":{"@type":"ImageObject","inLanguage":"de","@id":"https:\/\/dev6.erresse-shop.it\/#\/schema\/logo\/image\/","url":"https:\/\/dev6.erresse-shop.it\/wp-content\/uploads\/2025\/01\/LOGO-ERRESSE-CLASSICO.svg","contentUrl":"https:\/\/dev6.erresse-shop.it\/wp-content\/uploads\/2025\/01\/LOGO-ERRESSE-CLASSICO.svg","caption":"Erresse Shop"},"image":{"@id":"https:\/\/dev6.erresse-shop.it\/#\/schema\/logo\/image\/"}}]}},"df_price":69,"df_sale_price":69,"df_regular_price":75,"df_image_link":"https:\/\/i1.wp.com\/interpim.erresse-shop.it\/Import\/Prodotti\/nio-cocktails-experience-box.jpg?resize=300,300&ssl=1","fifu_image_url":"https:\/\/interpim.erresse-shop.it\/Import\/Prodotti\/nio-cocktails-experience-box.jpg","_links":{"self":[{"href":"https:\/\/dev6.erresse-shop.it\/de\/wp-json\/wp\/v2\/product\/1600568","targetHints":{"allow":["GET"]}}],"collection":[{"href":"https:\/\/dev6.erresse-shop.it\/de\/wp-json\/wp\/v2\/product"}],"about":[{"href":"https:\/\/dev6.erresse-shop.it\/de\/wp-json\/wp\/v2\/types\/product"}],"wp:featuredmedia":[{"embeddable":true,"href":"https:\/\/dev6.erresse-shop.it\/de\/wp-json\/wp\/v2\/media\/6376559"}],"wp:attachment":[{"href":"https:\/\/dev6.erresse-shop.it\/de\/wp-json\/wp\/v2\/media?parent=1600568"}],"wp:term":[{"taxonomy":"product_cat","embeddable":true,"href":"https:\/\/dev6.erresse-shop.it\/de\/wp-json\/wp\/v2\/product_cat?post=1600568"},{"taxonomy":"product_tag","embeddable":true,"href":"https:\/\/dev6.erresse-shop.it\/de\/wp-json\/wp\/v2\/product_tag?post=1600568"}],"curies":[{"name":"wp","href":"https:\/\/api.w.org\/{rel}","templated":true}]}}