{"id":1600566,"date":"2026-04-12T13:15:45","date_gmt":"2026-04-12T11:15:45","guid":{"rendered":"https:\/\/dev6.erresse-shop.it\/shop\/unkategorisiert\/nio-cocktails-postcards-from-hawaii\/"},"modified":"2025-09-14T03:04:54","modified_gmt":"2025-09-14T01:04:54","slug":"nio-cocktails-postcards-from-hawaii","status":"publish","type":"product","link":"https:\/\/dev6.erresse-shop.it\/de\/shop\/tisch\/cocktail-de\/nio-cocktails-postcards-from-hawaii\/","title":{"rendered":"NIO COCKTAILS Postcards from Hawaii"},"content":{"rendered":"<p>\u201eAloha und Komo Mai in Honolulu! Ich bin hier im wundersch\u00f6nen Oahu, Hawaii, der Insel, die f\u00fcr ihre kristallklaren Wellen zum Surfen und ihre wei\u00dfen Sandstr\u00e4nde ber\u00fchmt ist.\u201c Auf Patricks Reise zum Pacific Paradise probierte er frische Mango, Ananas und Agave, Zutaten, aus denen viele unserer Cocktails bestehen. Er hat einen tropischen Negroni, einen warmen Mai Tai, eine w\u00fcrzige Mango-Margarita und einen exotischen Signature-Cocktail kreiert, allesamt eine Hommage an dieses \u00fcppige tropische Land voller Kultur und Folklore.<\/p>\n<p>Cocktails im Paket:<\/p>\n<p>Waikiki: Ron Santiago De Cuba Carta Blanca \/ Ron Santiago De Cuba Anejo 11 Jahre \/ Monin Orange Cura\u00e7ao \/ Ancho Reyes \/ Mandelsirup 1883 \/ Rohrzuckersirup Toschi \/ Zitronens\u00e4ure \/ 100ml \/ 21,6% VOL<\/p>\n<p>Kahala: Tequila Exotico Blanco \/ Bols Mango \/ Cointreau \/ Ancho Reyes \/ Agavensirup 1883 \/ Zitronens\u00e4ure \/ 100ml \/ 20,6% VOL<\/p>\n<p>Sandy: Tanqueray London Dry Gin \/ Cocchi Storico Wermut \/ Campari Bitter \/ Bols Mango \/ Giffard Caribbean Ananaslik\u00f6r \/ 100ml \/ 20,5% VOL<\/p>\n<p>Lanikai: Ketel One Family Made Vodka \/ Giffard Caribbean Pineapple Liqueur \/ Monin Blue Cura\u00e7ao \/ Toschi Rohrzuckersirup \/ Zitronens\u00e4ure \/ 100ml \/ 23% VOL<\/p>\n<p>\u00a0<\/p>\n<p>In Italien mit den besten Spirituosen der Welt handgefertigt<br \/>\nWir bringen ein Geschmackserlebnis voller Qualit\u00e4t und Emotionen zu Ihnen nach Hause oder wo immer Sie es bevorzugen. Verw\u00f6hnen Sie sich selbst oder schenken Sie einen angenehmen Sinnesmoment: Unsere Cocktails werden nach dem Rezept von Patrick Pistolesi kreiert und in einer Designerverpackung geliefert, die vollst\u00e4ndig recycelbar ist.<\/p>\n","protected":false},"excerpt":{"rendered":"<p>\u201eAloha und Komo Mai in Honolulu! Ich bin hier im wundersch\u00f6nen Oahu, Hawaii, der Insel, die f\u00fcr ihre kristallklaren Wellen zum Surfen und ihre wei\u00dfen Sandstr\u00e4nde ber\u00fchmt ist.\u201c Auf Patricks Reise zum Pacific Paradise probierte er frische Mango, Ananas und Agave, Zutaten, aus denen viele unserer Cocktails bestehen. Er hat einen tropischen Negroni, einen warmen [&hellip;]<\/p>\n","protected":false},"featured_media":6376541,"template":"","meta":{"_acf_changed":false},"product_cat":[12154,12103],"product_tag":[],"class_list":{"0":"post-1600566","1":"product","2":"type-product","3":"status-publish","4":"has-post-thumbnail","6":"product_cat-cocktail-de","7":"product_cat-tisch","9":"first","10":"instock","11":"taxable","12":"shipping-taxable","13":"purchasable","14":"product-type-simple","swatches":"rey-swatches","show_selected":"","stretch_labels":"rey-swatches--stretch-labels"},"acf":[],"yoast_head":"<!-- This site is optimized with the Yoast SEO plugin v25.4 - https:\/\/yoast.com\/wordpress\/plugins\/seo\/ -->\n<title>NIO COCKTAILS Postcards from Hawaii - dev6 Erresse<\/title>\n<meta name=\"description\" content=\"\u201eAloha und Komo Mai in Honolulu! Ich bin hier im wundersch\u00f6nen Oahu, Hawaii, der Insel, die f\u00fcr ihre kristallklaren Wellen zum Surfen und ihre wei\u00dfen\" \/>\n<meta name=\"robots\" content=\"noindex, follow, max-snippet:-1, max-image-preview:large, max-video-preview:-1\" \/>\n<meta property=\"og:locale\" content=\"de_DE\" \/>\n<meta property=\"og:type\" content=\"article\" \/>\n<meta property=\"og:title\" content=\"NIO COCKTAILS Postcards from Hawaii - dev6 Erresse\" \/>\n<meta property=\"og:description\" content=\"\u201eAloha und Komo Mai in Honolulu! Ich bin hier im wundersch\u00f6nen Oahu, Hawaii, der Insel, die f\u00fcr ihre kristallklaren Wellen zum Surfen und ihre wei\u00dfen\" \/>\n<meta property=\"og:url\" content=\"https:\/\/dev6.erresse-shop.it\/de\/shop\/tisch\/cocktail-de\/nio-cocktails-postcards-from-hawaii\/\" \/>\n<meta property=\"og:site_name\" content=\"dev6 Erresse\" \/>\n<meta property=\"og:image\" content=\"https:\/\/interpim.erresse-shop.it\/Import\/Prodotti\/nio-cocktails-postcards-from-hawaii.jpg\" \/><meta property=\"og:image\" content=\"https:\/\/interpim.erresse-shop.it\/Import\/Prodotti\/nio-cocktails-postcards-from-hawaii.jpg\" \/>\n\t<meta property=\"og:image:width\" content=\"1024\" \/>\n\t<meta property=\"og:image:height\" content=\"1024\" \/>\n\t<meta property=\"og:image:type\" content=\"image\/jpeg\" \/>\n<meta name=\"twitter:card\" content=\"summary_large_image\" \/>\n<meta name=\"twitter:image\" content=\"https:\/\/interpim.erresse-shop.it\/Import\/Prodotti\/nio-cocktails-postcards-from-hawaii.jpg\" \/>\n<script type=\"application\/ld+json\" class=\"yoast-schema-graph\">{\"@context\":\"https:\/\/schema.org\",\"@graph\":[{\"@type\":\"WebPage\",\"@id\":\"https:\/\/dev6.erresse-shop.it\/de\/shop\/tisch\/cocktail-de\/nio-cocktails-postcards-from-hawaii\/\",\"url\":\"https:\/\/dev6.erresse-shop.it\/de\/shop\/tisch\/cocktail-de\/nio-cocktails-postcards-from-hawaii\/\",\"name\":\"NIO COCKTAILS Postcards from Hawaii - dev6 Erresse\",\"isPartOf\":{\"@id\":\"https:\/\/dev6.erresse-shop.it\/#website\"},\"primaryImageOfPage\":{\"@id\":\"https:\/\/dev6.erresse-shop.it\/de\/shop\/tisch\/cocktail-de\/nio-cocktails-postcards-from-hawaii\/#primaryimage\"},\"image\":{\"@id\":\"https:\/\/dev6.erresse-shop.it\/de\/shop\/tisch\/cocktail-de\/nio-cocktails-postcards-from-hawaii\/#primaryimage\"},\"thumbnailUrl\":\"https:\/\/i0.wp.com\/interpim.erresse-shop.it\/Import\/Prodotti\/nio-cocktails-postcards-from-hawaii.jpg?ssl=1\",\"datePublished\":\"2026-04-12T11:15:45+00:00\",\"description\":\"\u201eAloha und Komo Mai in Honolulu! Ich bin hier im wundersch\u00f6nen Oahu, Hawaii, der Insel, die f\u00fcr ihre kristallklaren Wellen zum Surfen und ihre wei\u00dfen\",\"breadcrumb\":{\"@id\":\"https:\/\/dev6.erresse-shop.it\/de\/shop\/tisch\/cocktail-de\/nio-cocktails-postcards-from-hawaii\/#breadcrumb\"},\"inLanguage\":\"de\",\"potentialAction\":[{\"@type\":\"ReadAction\",\"target\":[\"https:\/\/dev6.erresse-shop.it\/de\/shop\/tisch\/cocktail-de\/nio-cocktails-postcards-from-hawaii\/\"]}]},{\"@type\":\"ImageObject\",\"inLanguage\":\"de\",\"@id\":\"https:\/\/dev6.erresse-shop.it\/de\/shop\/tisch\/cocktail-de\/nio-cocktails-postcards-from-hawaii\/#primaryimage\",\"url\":\"https:\/\/i0.wp.com\/interpim.erresse-shop.it\/Import\/Prodotti\/nio-cocktails-postcards-from-hawaii.jpg?ssl=1\",\"contentUrl\":\"https:\/\/i0.wp.com\/interpim.erresse-shop.it\/Import\/Prodotti\/nio-cocktails-postcards-from-hawaii.jpg?ssl=1\"},{\"@type\":\"BreadcrumbList\",\"@id\":\"https:\/\/dev6.erresse-shop.it\/de\/shop\/tisch\/cocktail-de\/nio-cocktails-postcards-from-hawaii\/#breadcrumb\",\"itemListElement\":[{\"@type\":\"ListItem\",\"position\":1,\"name\":\"Home\",\"item\":\"https:\/\/dev6.erresse-shop.it\/\"},{\"@type\":\"ListItem\",\"position\":2,\"name\":\"Shop\",\"item\":\"https:\/\/dev6.erresse-shop.it\/shop\/\"},{\"@type\":\"ListItem\",\"position\":3,\"name\":\"NIO COCKTAILS Postcards from Hawaii\"}]},{\"@type\":\"WebSite\",\"@id\":\"https:\/\/dev6.erresse-shop.it\/#website\",\"url\":\"https:\/\/dev6.erresse-shop.it\/\",\"name\":\"Erresse Shop\",\"description\":\"\",\"publisher\":{\"@id\":\"https:\/\/dev6.erresse-shop.it\/#organization\"},\"potentialAction\":[{\"@type\":\"SearchAction\",\"target\":{\"@type\":\"EntryPoint\",\"urlTemplate\":\"https:\/\/dev6.erresse-shop.it\/?s={search_term_string}\"},\"query-input\":{\"@type\":\"PropertyValueSpecification\",\"valueRequired\":true,\"valueName\":\"search_term_string\"}}],\"inLanguage\":\"de\"},{\"@type\":\"Organization\",\"@id\":\"https:\/\/dev6.erresse-shop.it\/#organization\",\"name\":\"Erresse Shop\",\"url\":\"https:\/\/dev6.erresse-shop.it\/\",\"logo\":{\"@type\":\"ImageObject\",\"inLanguage\":\"de\",\"@id\":\"https:\/\/dev6.erresse-shop.it\/#\/schema\/logo\/image\/\",\"url\":\"https:\/\/dev6.erresse-shop.it\/wp-content\/uploads\/2025\/01\/LOGO-ERRESSE-CLASSICO.svg\",\"contentUrl\":\"https:\/\/dev6.erresse-shop.it\/wp-content\/uploads\/2025\/01\/LOGO-ERRESSE-CLASSICO.svg\",\"caption\":\"Erresse Shop\"},\"image\":{\"@id\":\"https:\/\/dev6.erresse-shop.it\/#\/schema\/logo\/image\/\"}}]}<\/script>\n<!-- \/ Yoast SEO plugin. -->","yoast_head_json":{"title":"NIO COCKTAILS Postcards from Hawaii - dev6 Erresse","description":"\u201eAloha und Komo Mai in Honolulu! Ich bin hier im wundersch\u00f6nen Oahu, Hawaii, der Insel, die f\u00fcr ihre kristallklaren Wellen zum Surfen und ihre wei\u00dfen","robots":{"index":"noindex","follow":"follow","max-snippet":"max-snippet:-1","max-image-preview":"max-image-preview:large","max-video-preview":"max-video-preview:-1"},"og_locale":"de_DE","og_type":"article","og_title":"NIO COCKTAILS Postcards from Hawaii - dev6 Erresse","og_description":"\u201eAloha und Komo Mai in Honolulu! Ich bin hier im wundersch\u00f6nen Oahu, Hawaii, der Insel, die f\u00fcr ihre kristallklaren Wellen zum Surfen und ihre wei\u00dfen","og_url":"https:\/\/dev6.erresse-shop.it\/de\/shop\/tisch\/cocktail-de\/nio-cocktails-postcards-from-hawaii\/","og_site_name":"dev6 Erresse","og_image":[{"url":"https:\/\/interpim.erresse-shop.it\/Import\/Prodotti\/nio-cocktails-postcards-from-hawaii.jpg","type":"","width":"","height":""},{"url":"https:\/\/interpim.erresse-shop.it\/Import\/Prodotti\/nio-cocktails-postcards-from-hawaii.jpg","width":1024,"height":1024,"type":"image\/jpeg"}],"twitter_card":"summary_large_image","twitter_image":"https:\/\/interpim.erresse-shop.it\/Import\/Prodotti\/nio-cocktails-postcards-from-hawaii.jpg","schema":{"@context":"https:\/\/schema.org","@graph":[{"@type":"WebPage","@id":"https:\/\/dev6.erresse-shop.it\/de\/shop\/tisch\/cocktail-de\/nio-cocktails-postcards-from-hawaii\/","url":"https:\/\/dev6.erresse-shop.it\/de\/shop\/tisch\/cocktail-de\/nio-cocktails-postcards-from-hawaii\/","name":"NIO COCKTAILS Postcards from Hawaii - dev6 Erresse","isPartOf":{"@id":"https:\/\/dev6.erresse-shop.it\/#website"},"primaryImageOfPage":{"@id":"https:\/\/dev6.erresse-shop.it\/de\/shop\/tisch\/cocktail-de\/nio-cocktails-postcards-from-hawaii\/#primaryimage"},"image":{"@id":"https:\/\/dev6.erresse-shop.it\/de\/shop\/tisch\/cocktail-de\/nio-cocktails-postcards-from-hawaii\/#primaryimage"},"thumbnailUrl":"https:\/\/i0.wp.com\/interpim.erresse-shop.it\/Import\/Prodotti\/nio-cocktails-postcards-from-hawaii.jpg?ssl=1","datePublished":"2026-04-12T11:15:45+00:00","description":"\u201eAloha und Komo Mai in Honolulu! Ich bin hier im wundersch\u00f6nen Oahu, Hawaii, der Insel, die f\u00fcr ihre kristallklaren Wellen zum Surfen und ihre wei\u00dfen","breadcrumb":{"@id":"https:\/\/dev6.erresse-shop.it\/de\/shop\/tisch\/cocktail-de\/nio-cocktails-postcards-from-hawaii\/#breadcrumb"},"inLanguage":"de","potentialAction":[{"@type":"ReadAction","target":["https:\/\/dev6.erresse-shop.it\/de\/shop\/tisch\/cocktail-de\/nio-cocktails-postcards-from-hawaii\/"]}]},{"@type":"ImageObject","inLanguage":"de","@id":"https:\/\/dev6.erresse-shop.it\/de\/shop\/tisch\/cocktail-de\/nio-cocktails-postcards-from-hawaii\/#primaryimage","url":"https:\/\/i0.wp.com\/interpim.erresse-shop.it\/Import\/Prodotti\/nio-cocktails-postcards-from-hawaii.jpg?ssl=1","contentUrl":"https:\/\/i0.wp.com\/interpim.erresse-shop.it\/Import\/Prodotti\/nio-cocktails-postcards-from-hawaii.jpg?ssl=1"},{"@type":"BreadcrumbList","@id":"https:\/\/dev6.erresse-shop.it\/de\/shop\/tisch\/cocktail-de\/nio-cocktails-postcards-from-hawaii\/#breadcrumb","itemListElement":[{"@type":"ListItem","position":1,"name":"Home","item":"https:\/\/dev6.erresse-shop.it\/"},{"@type":"ListItem","position":2,"name":"Shop","item":"https:\/\/dev6.erresse-shop.it\/shop\/"},{"@type":"ListItem","position":3,"name":"NIO COCKTAILS Postcards from Hawaii"}]},{"@type":"WebSite","@id":"https:\/\/dev6.erresse-shop.it\/#website","url":"https:\/\/dev6.erresse-shop.it\/","name":"Erresse Shop","description":"","publisher":{"@id":"https:\/\/dev6.erresse-shop.it\/#organization"},"potentialAction":[{"@type":"SearchAction","target":{"@type":"EntryPoint","urlTemplate":"https:\/\/dev6.erresse-shop.it\/?s={search_term_string}"},"query-input":{"@type":"PropertyValueSpecification","valueRequired":true,"valueName":"search_term_string"}}],"inLanguage":"de"},{"@type":"Organization","@id":"https:\/\/dev6.erresse-shop.it\/#organization","name":"Erresse Shop","url":"https:\/\/dev6.erresse-shop.it\/","logo":{"@type":"ImageObject","inLanguage":"de","@id":"https:\/\/dev6.erresse-shop.it\/#\/schema\/logo\/image\/","url":"https:\/\/dev6.erresse-shop.it\/wp-content\/uploads\/2025\/01\/LOGO-ERRESSE-CLASSICO.svg","contentUrl":"https:\/\/dev6.erresse-shop.it\/wp-content\/uploads\/2025\/01\/LOGO-ERRESSE-CLASSICO.svg","caption":"Erresse Shop"},"image":{"@id":"https:\/\/dev6.erresse-shop.it\/#\/schema\/logo\/image\/"}}]}},"df_price":30,"df_sale_price":"","df_regular_price":30,"df_image_link":"https:\/\/i0.wp.com\/interpim.erresse-shop.it\/Import\/Prodotti\/nio-cocktails-postcards-from-hawaii.jpg?resize=300,300&ssl=1","fifu_image_url":"https:\/\/interpim.erresse-shop.it\/Import\/Prodotti\/nio-cocktails-postcards-from-hawaii.jpg","_links":{"self":[{"href":"https:\/\/dev6.erresse-shop.it\/de\/wp-json\/wp\/v2\/product\/1600566","targetHints":{"allow":["GET"]}}],"collection":[{"href":"https:\/\/dev6.erresse-shop.it\/de\/wp-json\/wp\/v2\/product"}],"about":[{"href":"https:\/\/dev6.erresse-shop.it\/de\/wp-json\/wp\/v2\/types\/product"}],"wp:featuredmedia":[{"embeddable":true,"href":"https:\/\/dev6.erresse-shop.it\/de\/wp-json\/wp\/v2\/media\/6376541"}],"wp:attachment":[{"href":"https:\/\/dev6.erresse-shop.it\/de\/wp-json\/wp\/v2\/media?parent=1600566"}],"wp:term":[{"taxonomy":"product_cat","embeddable":true,"href":"https:\/\/dev6.erresse-shop.it\/de\/wp-json\/wp\/v2\/product_cat?post=1600566"},{"taxonomy":"product_tag","embeddable":true,"href":"https:\/\/dev6.erresse-shop.it\/de\/wp-json\/wp\/v2\/product_tag?post=1600566"}],"curies":[{"name":"wp","href":"https:\/\/api.w.org\/{rel}","templated":true}]}}