{"id":1600556,"date":"2026-04-12T13:15:45","date_gmt":"2026-04-12T11:15:45","guid":{"rendered":"https:\/\/dev6.erresse-shop.it\/shop\/unkategorisiert\/staub-dunkelblaue-runde-teekanne\/"},"modified":"2025-11-22T17:53:06","modified_gmt":"2025-11-22T16:53:06","slug":"staub-dunkelblaue-runde-teekanne","status":"publish","type":"product","link":"https:\/\/dev6.erresse-shop.it\/de\/shop\/tisch\/teekannen-zuckerdosen-milchkannen\/staub-dunkelblaue-runde-teekanne\/","title":{"rendered":"STAUB Dunkelblaue, runde Teekanne"},"content":{"rendered":"<p>Trotz des technologischen Fortschritts sind traditionelle Methoden oft noch immer die besten. Die Teekanne aus Gusseisen von Staub speichert die W\u00e4rme und h\u00e4lt die Temperatur, ideal f\u00fcr schwarzen, gr\u00fcnen oder Kr\u00e4utertee. Er verf\u00fcgt \u00fcber einen Deckel mit Haken f\u00fcr den Siebeinsatz und einen Stahlgriff, der das Ausgie\u00dfen erleichtert. Die dunkelblaue Farbe passt sowohl zu modernen als auch zu rustikalen K\u00fcchen. Es verf\u00fcgt \u00fcber ein Fassungsverm\u00f6gen von 1,15 l und ist f\u00fcr alle Herdarten geeignet, einschlie\u00dflich Induktion. Elegant und funktional ist es eine besondere Erg\u00e4nzung der Staub-Kollektion.<\/p>\n<p>Geeignet zum Aufkochen von Wasser und Aufgie\u00dfen von Tee<br \/>\nTee bleibt lange hei\u00df<br \/>\nDas Tee-Ei wird unter dem Knopf eingehakt<br \/>\nF\u00fcr alle Herdarten geeignet, auch Induktion<br \/>\nEs eignet sich auch zum originellen Servieren von Suppen<\/p>\n<p>Marke: Staub<br \/>\nMaterial: Gusseisen<br \/>\nFarbe: Dunkelblau<br \/>\nMa\u00dfe: cm 16,6, 12, H 18<br \/>\nKapazit\u00e4t: 1,15 L<br \/>\nGewicht: 2,10 kg<\/p>\n","protected":false},"excerpt":{"rendered":"<p>Trotz des technologischen Fortschritts sind traditionelle Methoden oft noch immer die besten. Die Teekanne aus Gusseisen von Staub speichert die W\u00e4rme und h\u00e4lt die Temperatur, ideal f\u00fcr schwarzen, gr\u00fcnen oder Kr\u00e4utertee. Er verf\u00fcgt \u00fcber einen Deckel mit Haken f\u00fcr den Siebeinsatz und einen Stahlgriff, der das Ausgie\u00dfen erleichtert. Die dunkelblaue Farbe passt sowohl zu modernen [&hellip;]<\/p>\n","protected":false},"featured_media":6376472,"template":"","meta":{"_acf_changed":false},"product_cat":[12114,12103],"product_tag":[],"class_list":{"0":"post-1600556","1":"product","2":"type-product","3":"status-publish","4":"has-post-thumbnail","6":"product_cat-teekannen-zuckerdosen-milchkannen","7":"product_cat-tisch","9":"first","10":"instock","11":"sale","12":"taxable","13":"shipping-taxable","14":"purchasable","15":"product-type-simple","swatches":"rey-swatches","show_selected":"","stretch_labels":"rey-swatches--stretch-labels"},"acf":[],"yoast_head":"<!-- This site is optimized with the Yoast SEO plugin v25.4 - https:\/\/yoast.com\/wordpress\/plugins\/seo\/ -->\n<title>STAUB Dunkelblaue, runde Teekanne - dev6 Erresse<\/title>\n<meta name=\"description\" content=\"Trotz des technologischen Fortschritts sind traditionelle Methoden oft noch immer die besten. Die Teekanne aus Gusseisen von Staub speichert die W\u00e4rme und\" \/>\n<meta name=\"robots\" content=\"noindex, follow, max-snippet:-1, max-image-preview:large, max-video-preview:-1\" \/>\n<meta property=\"og:locale\" content=\"de_DE\" \/>\n<meta property=\"og:type\" content=\"article\" \/>\n<meta property=\"og:title\" content=\"STAUB Dunkelblaue, runde Teekanne - dev6 Erresse\" \/>\n<meta property=\"og:description\" content=\"Trotz des technologischen Fortschritts sind traditionelle Methoden oft noch immer die besten. Die Teekanne aus Gusseisen von Staub speichert die W\u00e4rme und\" \/>\n<meta property=\"og:url\" content=\"https:\/\/dev6.erresse-shop.it\/de\/shop\/tisch\/teekannen-zuckerdosen-milchkannen\/staub-dunkelblaue-runde-teekanne\/\" \/>\n<meta property=\"og:site_name\" content=\"dev6 Erresse\" \/>\n<meta property=\"og:image\" content=\"https:\/\/interpim.erresse-shop.it\/Import\/Prodotti\/staub-teiera-tonda-blue-scuro.jpg\" \/><meta property=\"og:image\" content=\"https:\/\/interpim.erresse-shop.it\/Import\/Prodotti\/staub-teiera-tonda-blue-scuro.jpg\" \/>\n\t<meta property=\"og:image:width\" content=\"1024\" \/>\n\t<meta property=\"og:image:height\" content=\"1024\" \/>\n\t<meta property=\"og:image:type\" content=\"image\/jpeg\" \/>\n<meta name=\"twitter:card\" content=\"summary_large_image\" \/>\n<meta name=\"twitter:image\" content=\"https:\/\/interpim.erresse-shop.it\/Import\/Prodotti\/staub-teiera-tonda-blue-scuro.jpg\" \/>\n<script type=\"application\/ld+json\" class=\"yoast-schema-graph\">{\"@context\":\"https:\/\/schema.org\",\"@graph\":[{\"@type\":\"WebPage\",\"@id\":\"https:\/\/dev6.erresse-shop.it\/de\/shop\/tisch\/teekannen-zuckerdosen-milchkannen\/staub-dunkelblaue-runde-teekanne\/\",\"url\":\"https:\/\/dev6.erresse-shop.it\/de\/shop\/tisch\/teekannen-zuckerdosen-milchkannen\/staub-dunkelblaue-runde-teekanne\/\",\"name\":\"STAUB Dunkelblaue, runde Teekanne - dev6 Erresse\",\"isPartOf\":{\"@id\":\"https:\/\/dev6.erresse-shop.it\/#website\"},\"primaryImageOfPage\":{\"@id\":\"https:\/\/dev6.erresse-shop.it\/de\/shop\/tisch\/teekannen-zuckerdosen-milchkannen\/staub-dunkelblaue-runde-teekanne\/#primaryimage\"},\"image\":{\"@id\":\"https:\/\/dev6.erresse-shop.it\/de\/shop\/tisch\/teekannen-zuckerdosen-milchkannen\/staub-dunkelblaue-runde-teekanne\/#primaryimage\"},\"thumbnailUrl\":\"https:\/\/i3.wp.com\/interpim.erresse-shop.it\/Import\/Prodotti\/staub-teiera-tonda-blue-scuro.jpg?ssl=1\",\"datePublished\":\"2026-04-12T11:15:45+00:00\",\"description\":\"Trotz des technologischen Fortschritts sind traditionelle Methoden oft noch immer die besten. Die Teekanne aus Gusseisen von Staub speichert die W\u00e4rme und\",\"breadcrumb\":{\"@id\":\"https:\/\/dev6.erresse-shop.it\/de\/shop\/tisch\/teekannen-zuckerdosen-milchkannen\/staub-dunkelblaue-runde-teekanne\/#breadcrumb\"},\"inLanguage\":\"de\",\"potentialAction\":[{\"@type\":\"ReadAction\",\"target\":[\"https:\/\/dev6.erresse-shop.it\/de\/shop\/tisch\/teekannen-zuckerdosen-milchkannen\/staub-dunkelblaue-runde-teekanne\/\"]}]},{\"@type\":\"ImageObject\",\"inLanguage\":\"de\",\"@id\":\"https:\/\/dev6.erresse-shop.it\/de\/shop\/tisch\/teekannen-zuckerdosen-milchkannen\/staub-dunkelblaue-runde-teekanne\/#primaryimage\",\"url\":\"https:\/\/i3.wp.com\/interpim.erresse-shop.it\/Import\/Prodotti\/staub-teiera-tonda-blue-scuro.jpg?ssl=1\",\"contentUrl\":\"https:\/\/i3.wp.com\/interpim.erresse-shop.it\/Import\/Prodotti\/staub-teiera-tonda-blue-scuro.jpg?ssl=1\"},{\"@type\":\"BreadcrumbList\",\"@id\":\"https:\/\/dev6.erresse-shop.it\/de\/shop\/tisch\/teekannen-zuckerdosen-milchkannen\/staub-dunkelblaue-runde-teekanne\/#breadcrumb\",\"itemListElement\":[{\"@type\":\"ListItem\",\"position\":1,\"name\":\"Home\",\"item\":\"https:\/\/dev6.erresse-shop.it\/\"},{\"@type\":\"ListItem\",\"position\":2,\"name\":\"Shop\",\"item\":\"https:\/\/dev6.erresse-shop.it\/shop\/\"},{\"@type\":\"ListItem\",\"position\":3,\"name\":\"STAUB Dunkelblaue, runde Teekanne\"}]},{\"@type\":\"WebSite\",\"@id\":\"https:\/\/dev6.erresse-shop.it\/#website\",\"url\":\"https:\/\/dev6.erresse-shop.it\/\",\"name\":\"Erresse Shop\",\"description\":\"\",\"publisher\":{\"@id\":\"https:\/\/dev6.erresse-shop.it\/#organization\"},\"potentialAction\":[{\"@type\":\"SearchAction\",\"target\":{\"@type\":\"EntryPoint\",\"urlTemplate\":\"https:\/\/dev6.erresse-shop.it\/?s={search_term_string}\"},\"query-input\":{\"@type\":\"PropertyValueSpecification\",\"valueRequired\":true,\"valueName\":\"search_term_string\"}}],\"inLanguage\":\"de\"},{\"@type\":\"Organization\",\"@id\":\"https:\/\/dev6.erresse-shop.it\/#organization\",\"name\":\"Erresse Shop\",\"url\":\"https:\/\/dev6.erresse-shop.it\/\",\"logo\":{\"@type\":\"ImageObject\",\"inLanguage\":\"de\",\"@id\":\"https:\/\/dev6.erresse-shop.it\/#\/schema\/logo\/image\/\",\"url\":\"https:\/\/dev6.erresse-shop.it\/wp-content\/uploads\/2025\/01\/LOGO-ERRESSE-CLASSICO.svg\",\"contentUrl\":\"https:\/\/dev6.erresse-shop.it\/wp-content\/uploads\/2025\/01\/LOGO-ERRESSE-CLASSICO.svg\",\"caption\":\"Erresse Shop\"},\"image\":{\"@id\":\"https:\/\/dev6.erresse-shop.it\/#\/schema\/logo\/image\/\"}}]}<\/script>\n<!-- \/ Yoast SEO plugin. -->","yoast_head_json":{"title":"STAUB Dunkelblaue, runde Teekanne - dev6 Erresse","description":"Trotz des technologischen Fortschritts sind traditionelle Methoden oft noch immer die besten. Die Teekanne aus Gusseisen von Staub speichert die W\u00e4rme und","robots":{"index":"noindex","follow":"follow","max-snippet":"max-snippet:-1","max-image-preview":"max-image-preview:large","max-video-preview":"max-video-preview:-1"},"og_locale":"de_DE","og_type":"article","og_title":"STAUB Dunkelblaue, runde Teekanne - dev6 Erresse","og_description":"Trotz des technologischen Fortschritts sind traditionelle Methoden oft noch immer die besten. Die Teekanne aus Gusseisen von Staub speichert die W\u00e4rme und","og_url":"https:\/\/dev6.erresse-shop.it\/de\/shop\/tisch\/teekannen-zuckerdosen-milchkannen\/staub-dunkelblaue-runde-teekanne\/","og_site_name":"dev6 Erresse","og_image":[{"url":"https:\/\/interpim.erresse-shop.it\/Import\/Prodotti\/staub-teiera-tonda-blue-scuro.jpg","type":"","width":"","height":""},{"url":"https:\/\/interpim.erresse-shop.it\/Import\/Prodotti\/staub-teiera-tonda-blue-scuro.jpg","width":1024,"height":1024,"type":"image\/jpeg"}],"twitter_card":"summary_large_image","twitter_image":"https:\/\/interpim.erresse-shop.it\/Import\/Prodotti\/staub-teiera-tonda-blue-scuro.jpg","schema":{"@context":"https:\/\/schema.org","@graph":[{"@type":"WebPage","@id":"https:\/\/dev6.erresse-shop.it\/de\/shop\/tisch\/teekannen-zuckerdosen-milchkannen\/staub-dunkelblaue-runde-teekanne\/","url":"https:\/\/dev6.erresse-shop.it\/de\/shop\/tisch\/teekannen-zuckerdosen-milchkannen\/staub-dunkelblaue-runde-teekanne\/","name":"STAUB Dunkelblaue, runde Teekanne - dev6 Erresse","isPartOf":{"@id":"https:\/\/dev6.erresse-shop.it\/#website"},"primaryImageOfPage":{"@id":"https:\/\/dev6.erresse-shop.it\/de\/shop\/tisch\/teekannen-zuckerdosen-milchkannen\/staub-dunkelblaue-runde-teekanne\/#primaryimage"},"image":{"@id":"https:\/\/dev6.erresse-shop.it\/de\/shop\/tisch\/teekannen-zuckerdosen-milchkannen\/staub-dunkelblaue-runde-teekanne\/#primaryimage"},"thumbnailUrl":"https:\/\/i3.wp.com\/interpim.erresse-shop.it\/Import\/Prodotti\/staub-teiera-tonda-blue-scuro.jpg?ssl=1","datePublished":"2026-04-12T11:15:45+00:00","description":"Trotz des technologischen Fortschritts sind traditionelle Methoden oft noch immer die besten. Die Teekanne aus Gusseisen von Staub speichert die W\u00e4rme und","breadcrumb":{"@id":"https:\/\/dev6.erresse-shop.it\/de\/shop\/tisch\/teekannen-zuckerdosen-milchkannen\/staub-dunkelblaue-runde-teekanne\/#breadcrumb"},"inLanguage":"de","potentialAction":[{"@type":"ReadAction","target":["https:\/\/dev6.erresse-shop.it\/de\/shop\/tisch\/teekannen-zuckerdosen-milchkannen\/staub-dunkelblaue-runde-teekanne\/"]}]},{"@type":"ImageObject","inLanguage":"de","@id":"https:\/\/dev6.erresse-shop.it\/de\/shop\/tisch\/teekannen-zuckerdosen-milchkannen\/staub-dunkelblaue-runde-teekanne\/#primaryimage","url":"https:\/\/i3.wp.com\/interpim.erresse-shop.it\/Import\/Prodotti\/staub-teiera-tonda-blue-scuro.jpg?ssl=1","contentUrl":"https:\/\/i3.wp.com\/interpim.erresse-shop.it\/Import\/Prodotti\/staub-teiera-tonda-blue-scuro.jpg?ssl=1"},{"@type":"BreadcrumbList","@id":"https:\/\/dev6.erresse-shop.it\/de\/shop\/tisch\/teekannen-zuckerdosen-milchkannen\/staub-dunkelblaue-runde-teekanne\/#breadcrumb","itemListElement":[{"@type":"ListItem","position":1,"name":"Home","item":"https:\/\/dev6.erresse-shop.it\/"},{"@type":"ListItem","position":2,"name":"Shop","item":"https:\/\/dev6.erresse-shop.it\/shop\/"},{"@type":"ListItem","position":3,"name":"STAUB Dunkelblaue, runde Teekanne"}]},{"@type":"WebSite","@id":"https:\/\/dev6.erresse-shop.it\/#website","url":"https:\/\/dev6.erresse-shop.it\/","name":"Erresse Shop","description":"","publisher":{"@id":"https:\/\/dev6.erresse-shop.it\/#organization"},"potentialAction":[{"@type":"SearchAction","target":{"@type":"EntryPoint","urlTemplate":"https:\/\/dev6.erresse-shop.it\/?s={search_term_string}"},"query-input":{"@type":"PropertyValueSpecification","valueRequired":true,"valueName":"search_term_string"}}],"inLanguage":"de"},{"@type":"Organization","@id":"https:\/\/dev6.erresse-shop.it\/#organization","name":"Erresse Shop","url":"https:\/\/dev6.erresse-shop.it\/","logo":{"@type":"ImageObject","inLanguage":"de","@id":"https:\/\/dev6.erresse-shop.it\/#\/schema\/logo\/image\/","url":"https:\/\/dev6.erresse-shop.it\/wp-content\/uploads\/2025\/01\/LOGO-ERRESSE-CLASSICO.svg","contentUrl":"https:\/\/dev6.erresse-shop.it\/wp-content\/uploads\/2025\/01\/LOGO-ERRESSE-CLASSICO.svg","caption":"Erresse Shop"},"image":{"@id":"https:\/\/dev6.erresse-shop.it\/#\/schema\/logo\/image\/"}}]}},"df_price":149,"df_sale_price":149,"df_regular_price":219,"df_image_link":"https:\/\/i3.wp.com\/interpim.erresse-shop.it\/Import\/Prodotti\/staub-teiera-tonda-blue-scuro.jpg?resize=300,300&ssl=1","fifu_image_url":"https:\/\/interpim.erresse-shop.it\/Import\/Prodotti\/staub-teiera-tonda-blue-scuro.jpg","_links":{"self":[{"href":"https:\/\/dev6.erresse-shop.it\/de\/wp-json\/wp\/v2\/product\/1600556","targetHints":{"allow":["GET"]}}],"collection":[{"href":"https:\/\/dev6.erresse-shop.it\/de\/wp-json\/wp\/v2\/product"}],"about":[{"href":"https:\/\/dev6.erresse-shop.it\/de\/wp-json\/wp\/v2\/types\/product"}],"wp:featuredmedia":[{"embeddable":true,"href":"https:\/\/dev6.erresse-shop.it\/de\/wp-json\/wp\/v2\/media\/6376472"}],"wp:attachment":[{"href":"https:\/\/dev6.erresse-shop.it\/de\/wp-json\/wp\/v2\/media?parent=1600556"}],"wp:term":[{"taxonomy":"product_cat","embeddable":true,"href":"https:\/\/dev6.erresse-shop.it\/de\/wp-json\/wp\/v2\/product_cat?post=1600556"},{"taxonomy":"product_tag","embeddable":true,"href":"https:\/\/dev6.erresse-shop.it\/de\/wp-json\/wp\/v2\/product_tag?post=1600556"}],"curies":[{"name":"wp","href":"https:\/\/api.w.org\/{rel}","templated":true}]}}