{"id":1600534,"date":"2026-04-12T13:13:04","date_gmt":"2026-04-12T11:13:04","guid":{"rendered":"https:\/\/dev6.erresse-shop.it\/shop\/unkategorisiert\/seletti-kintsugi-teetasse-mit-untertasse-n1\/"},"modified":"2025-07-04T14:52:33","modified_gmt":"2025-07-04T12:52:33","slug":"seletti-kintsugi-teetasse-mit-untertasse-n1","status":"publish","type":"product","link":"https:\/\/dev6.erresse-shop.it\/de\/shop\/tisch\/tassen\/seletti-kintsugi-teetasse-mit-untertasse-n1\/","title":{"rendered":"SELETTI Kintsugi Teetasse mit Untertasse n\u00b01"},"content":{"rendered":"<p>Seletti, eine Unternehmensgeschichte voller Vision und Entwicklung. Eine Geschichte, die 1964 in Cicognara (Mantua) beginnt. Heute arbeitet Seletti mit jungen italienischen und internationalen Designern zusammen, jungen Leuten, die sich schnell etablieren. Der Wille ist genau der, eine Gruppe zu bilden, die gemeinsam w\u00e4chst und sich entwickelt, eine Herausforderung, die gro\u00dfartige Ergebnisse bringt. \u201eIch arbeite auch mit Menschen und Charakteren zusammen, au\u00dferhalb der Welt des Designs im engeren Sinne: K\u00fcnstler, Vision\u00e4re, mit denen ich einige \u201eBarrieren\u201c \u00fcberwinden m\u00f6chte. Meine ungew\u00f6hnliche, nicht streng akademische Ausbildung f\u00fchrt mich nat\u00fcrlich dazu, \u201etransversal\u201c zu sein, eine Reise in die Idee von \u200b\u200b\u201eEine neue Sch\u00f6nheit\u201c. F\u00fcr uns ist das (R)Evolution.\u201c<\/p>\n<p>Die japanische Kunst Kintsugi nimmt zeitgen\u00f6ssische Formen an. Zartes Porzellan wird veredelt und mit Goldfragmenten angereichert, um eine Geschirrkollektion mit faszinierenden und unerwarteten Kompositionen zu schaffen.<\/p>\n<p>Teetasse und Untertasse<\/p>\n<p>Material: Porzellan und echtes Gold<br \/>\nAbmessungen: 13 x 9,8 x 6,2<br \/>\nNicht sp\u00fclmaschinenfest und nicht mikrowellengeeignet<\/p>\n","protected":false},"excerpt":{"rendered":"<p>Seletti, eine Unternehmensgeschichte voller Vision und Entwicklung. Eine Geschichte, die 1964 in Cicognara (Mantua) beginnt. Heute arbeitet Seletti mit jungen italienischen und internationalen Designern zusammen, jungen Leuten, die sich schnell etablieren. Der Wille ist genau der, eine Gruppe zu bilden, die gemeinsam w\u00e4chst und sich entwickelt, eine Herausforderung, die gro\u00dfartige Ergebnisse bringt. \u201eIch arbeite auch [&hellip;]<\/p>\n","protected":false},"featured_media":6376373,"template":"","meta":{"_acf_changed":false},"product_cat":[12121,12103],"product_tag":[],"class_list":{"0":"post-1600534","1":"product","2":"type-product","3":"status-publish","4":"has-post-thumbnail","6":"product_cat-tassen","7":"product_cat-tisch","9":"first","10":"instock","11":"taxable","12":"shipping-taxable","13":"product-type-simple","swatches":"rey-swatches","show_selected":"","stretch_labels":"rey-swatches--stretch-labels"},"acf":[],"yoast_head":"<!-- This site is optimized with the Yoast SEO plugin v25.4 - https:\/\/yoast.com\/wordpress\/plugins\/seo\/ -->\n<title>SELETTI Kintsugi Teetasse mit Untertasse n\u00b01 - dev6 Erresse<\/title>\n<meta name=\"description\" content=\"Seletti, eine Unternehmensgeschichte voller Vision und Entwicklung. Eine Geschichte, die 1964 in Cicognara (Mantua) beginnt. Heute arbeitet Seletti mit\" \/>\n<meta name=\"robots\" content=\"noindex, follow, max-snippet:-1, max-image-preview:large, max-video-preview:-1\" \/>\n<meta property=\"og:locale\" content=\"de_DE\" \/>\n<meta property=\"og:type\" content=\"article\" \/>\n<meta property=\"og:title\" content=\"SELETTI Kintsugi Teetasse mit Untertasse n\u00b01 - dev6 Erresse\" \/>\n<meta property=\"og:description\" content=\"Seletti, eine Unternehmensgeschichte voller Vision und Entwicklung. Eine Geschichte, die 1964 in Cicognara (Mantua) beginnt. Heute arbeitet Seletti mit\" \/>\n<meta property=\"og:url\" content=\"https:\/\/dev6.erresse-shop.it\/de\/shop\/tisch\/tassen\/seletti-kintsugi-teetasse-mit-untertasse-n1\/\" \/>\n<meta property=\"og:site_name\" content=\"dev6 Erresse\" \/>\n<meta property=\"og:image\" content=\"https:\/\/interpim.erresse-shop.it\/wp-content\/uploads\/2025\/01\/SELETTI-Kintsugi-Tazza-Te-con-Piattino-n\u00b01.jpg\/seletti-kintsugi-tazza-te-con-piattino-n-c2-b01.jpg\" \/><meta property=\"og:image\" content=\"https:\/\/interpim.erresse-shop.it\/wp-content\/uploads\/2025\/01\/SELETTI-Kintsugi-Tazza-Te-con-Piattino-n\u00b01.jpg\/seletti-kintsugi-tazza-te-con-piattino-n-c2-b01.jpg\" \/>\n\t<meta property=\"og:image:width\" content=\"1024\" \/>\n\t<meta property=\"og:image:height\" content=\"1024\" \/>\n\t<meta property=\"og:image:type\" content=\"image\/jpeg\" \/>\n<meta name=\"twitter:card\" content=\"summary_large_image\" \/>\n<meta name=\"twitter:image\" content=\"https:\/\/interpim.erresse-shop.it\/wp-content\/uploads\/2025\/01\/SELETTI-Kintsugi-Tazza-Te-con-Piattino-n\u00b01.jpg\/seletti-kintsugi-tazza-te-con-piattino-n-c2-b01.jpg\" \/>\n<script type=\"application\/ld+json\" class=\"yoast-schema-graph\">{\"@context\":\"https:\/\/schema.org\",\"@graph\":[{\"@type\":\"WebPage\",\"@id\":\"https:\/\/dev6.erresse-shop.it\/de\/shop\/tisch\/tassen\/seletti-kintsugi-teetasse-mit-untertasse-n1\/\",\"url\":\"https:\/\/dev6.erresse-shop.it\/de\/shop\/tisch\/tassen\/seletti-kintsugi-teetasse-mit-untertasse-n1\/\",\"name\":\"SELETTI Kintsugi Teetasse mit Untertasse n\u00b01 - dev6 Erresse\",\"isPartOf\":{\"@id\":\"https:\/\/dev6.erresse-shop.it\/#website\"},\"primaryImageOfPage\":{\"@id\":\"https:\/\/dev6.erresse-shop.it\/de\/shop\/tisch\/tassen\/seletti-kintsugi-teetasse-mit-untertasse-n1\/#primaryimage\"},\"image\":{\"@id\":\"https:\/\/dev6.erresse-shop.it\/de\/shop\/tisch\/tassen\/seletti-kintsugi-teetasse-mit-untertasse-n1\/#primaryimage\"},\"thumbnailUrl\":\"https:\/\/i2.wp.com\/interpim.erresse-shop.it\/wp-content\/uploads\/2025\/01\/SELETTI-Kintsugi-Tazza-Te-con-Piattino-n\u00b01.jpg\/seletti-kintsugi-tazza-te-con-piattino-n-c2-b01.jpg?ssl=1\",\"datePublished\":\"2026-04-12T11:13:04+00:00\",\"description\":\"Seletti, eine Unternehmensgeschichte voller Vision und Entwicklung. Eine Geschichte, die 1964 in Cicognara (Mantua) beginnt. Heute arbeitet Seletti mit\",\"breadcrumb\":{\"@id\":\"https:\/\/dev6.erresse-shop.it\/de\/shop\/tisch\/tassen\/seletti-kintsugi-teetasse-mit-untertasse-n1\/#breadcrumb\"},\"inLanguage\":\"de\",\"potentialAction\":[{\"@type\":\"ReadAction\",\"target\":[\"https:\/\/dev6.erresse-shop.it\/de\/shop\/tisch\/tassen\/seletti-kintsugi-teetasse-mit-untertasse-n1\/\"]}]},{\"@type\":\"ImageObject\",\"inLanguage\":\"de\",\"@id\":\"https:\/\/dev6.erresse-shop.it\/de\/shop\/tisch\/tassen\/seletti-kintsugi-teetasse-mit-untertasse-n1\/#primaryimage\",\"url\":\"https:\/\/i2.wp.com\/interpim.erresse-shop.it\/wp-content\/uploads\/2025\/01\/SELETTI-Kintsugi-Tazza-Te-con-Piattino-n\u00b01.jpg\/seletti-kintsugi-tazza-te-con-piattino-n-c2-b01.jpg?ssl=1\",\"contentUrl\":\"https:\/\/i2.wp.com\/interpim.erresse-shop.it\/wp-content\/uploads\/2025\/01\/SELETTI-Kintsugi-Tazza-Te-con-Piattino-n\u00b01.jpg\/seletti-kintsugi-tazza-te-con-piattino-n-c2-b01.jpg?ssl=1\"},{\"@type\":\"BreadcrumbList\",\"@id\":\"https:\/\/dev6.erresse-shop.it\/de\/shop\/tisch\/tassen\/seletti-kintsugi-teetasse-mit-untertasse-n1\/#breadcrumb\",\"itemListElement\":[{\"@type\":\"ListItem\",\"position\":1,\"name\":\"Home\",\"item\":\"https:\/\/dev6.erresse-shop.it\/\"},{\"@type\":\"ListItem\",\"position\":2,\"name\":\"Shop\",\"item\":\"https:\/\/dev6.erresse-shop.it\/shop\/\"},{\"@type\":\"ListItem\",\"position\":3,\"name\":\"SELETTI Kintsugi Teetasse mit Untertasse n\u00b01\"}]},{\"@type\":\"WebSite\",\"@id\":\"https:\/\/dev6.erresse-shop.it\/#website\",\"url\":\"https:\/\/dev6.erresse-shop.it\/\",\"name\":\"Erresse Shop\",\"description\":\"\",\"publisher\":{\"@id\":\"https:\/\/dev6.erresse-shop.it\/#organization\"},\"potentialAction\":[{\"@type\":\"SearchAction\",\"target\":{\"@type\":\"EntryPoint\",\"urlTemplate\":\"https:\/\/dev6.erresse-shop.it\/?s={search_term_string}\"},\"query-input\":{\"@type\":\"PropertyValueSpecification\",\"valueRequired\":true,\"valueName\":\"search_term_string\"}}],\"inLanguage\":\"de\"},{\"@type\":\"Organization\",\"@id\":\"https:\/\/dev6.erresse-shop.it\/#organization\",\"name\":\"Erresse Shop\",\"url\":\"https:\/\/dev6.erresse-shop.it\/\",\"logo\":{\"@type\":\"ImageObject\",\"inLanguage\":\"de\",\"@id\":\"https:\/\/dev6.erresse-shop.it\/#\/schema\/logo\/image\/\",\"url\":\"https:\/\/dev6.erresse-shop.it\/wp-content\/uploads\/2025\/01\/LOGO-ERRESSE-CLASSICO.svg\",\"contentUrl\":\"https:\/\/dev6.erresse-shop.it\/wp-content\/uploads\/2025\/01\/LOGO-ERRESSE-CLASSICO.svg\",\"caption\":\"Erresse Shop\"},\"image\":{\"@id\":\"https:\/\/dev6.erresse-shop.it\/#\/schema\/logo\/image\/\"}}]}<\/script>\n<!-- \/ Yoast SEO plugin. -->","yoast_head_json":{"title":"SELETTI Kintsugi Teetasse mit Untertasse n\u00b01 - dev6 Erresse","description":"Seletti, eine Unternehmensgeschichte voller Vision und Entwicklung. Eine Geschichte, die 1964 in Cicognara (Mantua) beginnt. Heute arbeitet Seletti mit","robots":{"index":"noindex","follow":"follow","max-snippet":"max-snippet:-1","max-image-preview":"max-image-preview:large","max-video-preview":"max-video-preview:-1"},"og_locale":"de_DE","og_type":"article","og_title":"SELETTI Kintsugi Teetasse mit Untertasse n\u00b01 - dev6 Erresse","og_description":"Seletti, eine Unternehmensgeschichte voller Vision und Entwicklung. Eine Geschichte, die 1964 in Cicognara (Mantua) beginnt. Heute arbeitet Seletti mit","og_url":"https:\/\/dev6.erresse-shop.it\/de\/shop\/tisch\/tassen\/seletti-kintsugi-teetasse-mit-untertasse-n1\/","og_site_name":"dev6 Erresse","og_image":[{"url":"https:\/\/interpim.erresse-shop.it\/wp-content\/uploads\/2025\/01\/SELETTI-Kintsugi-Tazza-Te-con-Piattino-n\u00b01.jpg\/seletti-kintsugi-tazza-te-con-piattino-n-c2-b01.jpg","type":"","width":"","height":""},{"url":"https:\/\/interpim.erresse-shop.it\/wp-content\/uploads\/2025\/01\/SELETTI-Kintsugi-Tazza-Te-con-Piattino-n\u00b01.jpg\/seletti-kintsugi-tazza-te-con-piattino-n-c2-b01.jpg","width":1024,"height":1024,"type":"image\/jpeg"}],"twitter_card":"summary_large_image","twitter_image":"https:\/\/interpim.erresse-shop.it\/wp-content\/uploads\/2025\/01\/SELETTI-Kintsugi-Tazza-Te-con-Piattino-n\u00b01.jpg\/seletti-kintsugi-tazza-te-con-piattino-n-c2-b01.jpg","schema":{"@context":"https:\/\/schema.org","@graph":[{"@type":"WebPage","@id":"https:\/\/dev6.erresse-shop.it\/de\/shop\/tisch\/tassen\/seletti-kintsugi-teetasse-mit-untertasse-n1\/","url":"https:\/\/dev6.erresse-shop.it\/de\/shop\/tisch\/tassen\/seletti-kintsugi-teetasse-mit-untertasse-n1\/","name":"SELETTI Kintsugi Teetasse mit Untertasse n\u00b01 - dev6 Erresse","isPartOf":{"@id":"https:\/\/dev6.erresse-shop.it\/#website"},"primaryImageOfPage":{"@id":"https:\/\/dev6.erresse-shop.it\/de\/shop\/tisch\/tassen\/seletti-kintsugi-teetasse-mit-untertasse-n1\/#primaryimage"},"image":{"@id":"https:\/\/dev6.erresse-shop.it\/de\/shop\/tisch\/tassen\/seletti-kintsugi-teetasse-mit-untertasse-n1\/#primaryimage"},"thumbnailUrl":"https:\/\/i2.wp.com\/interpim.erresse-shop.it\/wp-content\/uploads\/2025\/01\/SELETTI-Kintsugi-Tazza-Te-con-Piattino-n\u00b01.jpg\/seletti-kintsugi-tazza-te-con-piattino-n-c2-b01.jpg?ssl=1","datePublished":"2026-04-12T11:13:04+00:00","description":"Seletti, eine Unternehmensgeschichte voller Vision und Entwicklung. Eine Geschichte, die 1964 in Cicognara (Mantua) beginnt. Heute arbeitet Seletti mit","breadcrumb":{"@id":"https:\/\/dev6.erresse-shop.it\/de\/shop\/tisch\/tassen\/seletti-kintsugi-teetasse-mit-untertasse-n1\/#breadcrumb"},"inLanguage":"de","potentialAction":[{"@type":"ReadAction","target":["https:\/\/dev6.erresse-shop.it\/de\/shop\/tisch\/tassen\/seletti-kintsugi-teetasse-mit-untertasse-n1\/"]}]},{"@type":"ImageObject","inLanguage":"de","@id":"https:\/\/dev6.erresse-shop.it\/de\/shop\/tisch\/tassen\/seletti-kintsugi-teetasse-mit-untertasse-n1\/#primaryimage","url":"https:\/\/i2.wp.com\/interpim.erresse-shop.it\/wp-content\/uploads\/2025\/01\/SELETTI-Kintsugi-Tazza-Te-con-Piattino-n\u00b01.jpg\/seletti-kintsugi-tazza-te-con-piattino-n-c2-b01.jpg?ssl=1","contentUrl":"https:\/\/i2.wp.com\/interpim.erresse-shop.it\/wp-content\/uploads\/2025\/01\/SELETTI-Kintsugi-Tazza-Te-con-Piattino-n\u00b01.jpg\/seletti-kintsugi-tazza-te-con-piattino-n-c2-b01.jpg?ssl=1"},{"@type":"BreadcrumbList","@id":"https:\/\/dev6.erresse-shop.it\/de\/shop\/tisch\/tassen\/seletti-kintsugi-teetasse-mit-untertasse-n1\/#breadcrumb","itemListElement":[{"@type":"ListItem","position":1,"name":"Home","item":"https:\/\/dev6.erresse-shop.it\/"},{"@type":"ListItem","position":2,"name":"Shop","item":"https:\/\/dev6.erresse-shop.it\/shop\/"},{"@type":"ListItem","position":3,"name":"SELETTI Kintsugi Teetasse mit Untertasse n\u00b01"}]},{"@type":"WebSite","@id":"https:\/\/dev6.erresse-shop.it\/#website","url":"https:\/\/dev6.erresse-shop.it\/","name":"Erresse Shop","description":"","publisher":{"@id":"https:\/\/dev6.erresse-shop.it\/#organization"},"potentialAction":[{"@type":"SearchAction","target":{"@type":"EntryPoint","urlTemplate":"https:\/\/dev6.erresse-shop.it\/?s={search_term_string}"},"query-input":{"@type":"PropertyValueSpecification","valueRequired":true,"valueName":"search_term_string"}}],"inLanguage":"de"},{"@type":"Organization","@id":"https:\/\/dev6.erresse-shop.it\/#organization","name":"Erresse Shop","url":"https:\/\/dev6.erresse-shop.it\/","logo":{"@type":"ImageObject","inLanguage":"de","@id":"https:\/\/dev6.erresse-shop.it\/#\/schema\/logo\/image\/","url":"https:\/\/dev6.erresse-shop.it\/wp-content\/uploads\/2025\/01\/LOGO-ERRESSE-CLASSICO.svg","contentUrl":"https:\/\/dev6.erresse-shop.it\/wp-content\/uploads\/2025\/01\/LOGO-ERRESSE-CLASSICO.svg","caption":"Erresse Shop"},"image":{"@id":"https:\/\/dev6.erresse-shop.it\/#\/schema\/logo\/image\/"}}]}},"df_price":"","df_sale_price":"","df_regular_price":"","df_image_link":"https:\/\/i2.wp.com\/interpim.erresse-shop.it\/wp-content\/uploads\/2025\/01\/SELETTI-Kintsugi-Tazza-Te-con-Piattino-n\u00b01.jpg\/seletti-kintsugi-tazza-te-con-piattino-n-c2-b01.jpg?resize=300,300&ssl=1","fifu_image_url":"https:\/\/interpim.erresse-shop.it\/wp-content\/uploads\/2025\/01\/SELETTI-Kintsugi-Tazza-Te-con-Piattino-n\u00b01.jpg\/seletti-kintsugi-tazza-te-con-piattino-n-c2-b01.jpg","_links":{"self":[{"href":"https:\/\/dev6.erresse-shop.it\/de\/wp-json\/wp\/v2\/product\/1600534","targetHints":{"allow":["GET"]}}],"collection":[{"href":"https:\/\/dev6.erresse-shop.it\/de\/wp-json\/wp\/v2\/product"}],"about":[{"href":"https:\/\/dev6.erresse-shop.it\/de\/wp-json\/wp\/v2\/types\/product"}],"wp:featuredmedia":[{"embeddable":true,"href":"https:\/\/dev6.erresse-shop.it\/de\/wp-json\/wp\/v2\/media\/6376373"}],"wp:attachment":[{"href":"https:\/\/dev6.erresse-shop.it\/de\/wp-json\/wp\/v2\/media?parent=1600534"}],"wp:term":[{"taxonomy":"product_cat","embeddable":true,"href":"https:\/\/dev6.erresse-shop.it\/de\/wp-json\/wp\/v2\/product_cat?post=1600534"},{"taxonomy":"product_tag","embeddable":true,"href":"https:\/\/dev6.erresse-shop.it\/de\/wp-json\/wp\/v2\/product_tag?post=1600534"}],"curies":[{"name":"wp","href":"https:\/\/api.w.org\/{rel}","templated":true}]}}