{"id":1600526,"date":"2026-04-04T13:10:36","date_gmt":"2026-04-04T11:10:36","guid":{"rendered":"https:\/\/dev6.erresse-shop.it\/shop\/unkategorisiert\/mario-luca-giusti-panza-weinkelch-6-stueck-gruen\/"},"modified":"2026-03-03T17:03:18","modified_gmt":"2026-03-03T16:03:18","slug":"mario-luca-giusti-panza-weinkelch-6-stueck-gruen","status":"publish","type":"product","link":"https:\/\/dev6.erresse-shop.it\/de\/shop\/tisch\/trinkglaeser\/mario-luca-giusti-panza-weinkelch-6-stueck-gruen\/","title":{"rendered":"MARIO LUCA GIUSTI Panza Weinkelch 6 St\u00fcck Gr\u00fcn"},"content":{"rendered":"<p>Abmessungen<br \/>\nH\u00f6he 16,5 cm<br \/>\nDurchmesser 9 cm<br \/>\nFassungsverm\u00f6gen 200 ml<br \/>\nGewicht 198 gr<\/p>\n<p>Anleitung f\u00fcr dieses Produkt<\/p>\n<p>gepr\u00fcft durch T\u00dcV, SGS, Intertek<br \/>\nabsolut geschmacks- und geruchsneutral<br \/>\nBPA-frei<br \/>\nNicht unzerst\u00f6rbar<br \/>\nBest\u00e4ndig von -10\u00b0C bis 50\u00b0C<br \/>\neinfrierbar<br \/>\nUm die Produktlebensdauer zu verl\u00e4ngern, wird Handw\u00e4sche empfohlen<br \/>\nNicht in der Sp\u00fclmaschine verwenden<br \/>\nnicht f\u00fcr die Mikrowelle<br \/>\nVerwenden Sie nur neutrale Reinigungsmittel und nicht scheuernde Materialien<\/p>\n<p>Folgendes kann\u00a0das Produkt auf Dauer verf\u00e4rben oder stumpf machen:<\/p>\n<p>Lassen Sie die Produkte \u00fcber einen l\u00e4ngeren Zeitraum hohen Temperaturen und hoher Luftfeuchtigkeit ausgesetzt sein<br \/>\nFalsche Waschmitteldosierung<br \/>\nVerwenden Sie einen Reiniger mit Aluminium- oder Metallschutz.<br \/>\nMilchprodukte, Kaffee, Kakao, Tee oder Alkohol k\u00f6nnen einen Rand auf dem Glas hinterlassen, wenn sie \u00fcber Nacht stehen bleiben. Waschen Sie das Glas sofort nach Gebrauch mit warmem Seifenwasser, waschen Sie es per Hand oder verwenden Sie unser Reinigungsmittel. Regelm\u00e4\u00dfig Staub wischen.<\/p>\n","protected":false},"excerpt":{"rendered":"<p>Abmessungen H\u00f6he 16,5 cm Durchmesser 9 cm Fassungsverm\u00f6gen 200 ml Gewicht 198 gr Anleitung f\u00fcr dieses Produkt gepr\u00fcft durch T\u00dcV, SGS, Intertek absolut geschmacks- und geruchsneutral BPA-frei Nicht unzerst\u00f6rbar Best\u00e4ndig von -10\u00b0C bis 50\u00b0C einfrierbar Um die Produktlebensdauer zu verl\u00e4ngern, wird Handw\u00e4sche empfohlen Nicht in der Sp\u00fclmaschine verwenden nicht f\u00fcr die Mikrowelle Verwenden Sie nur [&hellip;]<\/p>\n","protected":false},"featured_media":6293085,"template":"","meta":{"_acf_changed":false},"product_cat":[12103,12117],"product_tag":[],"class_list":{"0":"post-1600526","1":"product","2":"type-product","3":"status-publish","4":"has-post-thumbnail","6":"product_cat-tisch","7":"product_cat-trinkglaeser","9":"first","10":"instock","11":"taxable","12":"shipping-taxable","13":"purchasable","14":"product-type-simple","swatches":"rey-swatches","show_selected":"","stretch_labels":"rey-swatches--stretch-labels"},"acf":[],"yoast_head":"<!-- This site is optimized with the Yoast SEO plugin v25.4 - https:\/\/yoast.com\/wordpress\/plugins\/seo\/ -->\n<title>MARIO LUCA GIUSTI Panza Weinkelch 6 St\u00fcck Gr\u00fcn - dev6 Erresse<\/title>\n<meta name=\"description\" content=\"Abmessungen H\u00f6he 16,5 cm Durchmesser 9 cm Fassungsverm\u00f6gen 200 ml Gewicht 198 gr Anleitung f\u00fcr dieses Produkt gepr\u00fcft durch T\u00dcV, SGS, Intertek absolut\" \/>\n<meta name=\"robots\" content=\"noindex, follow, max-snippet:-1, max-image-preview:large, max-video-preview:-1\" \/>\n<meta property=\"og:locale\" content=\"de_DE\" \/>\n<meta property=\"og:type\" content=\"article\" \/>\n<meta property=\"og:title\" content=\"MARIO LUCA GIUSTI Panza Weinkelch 6 St\u00fcck Gr\u00fcn - dev6 Erresse\" \/>\n<meta property=\"og:description\" content=\"Abmessungen H\u00f6he 16,5 cm Durchmesser 9 cm Fassungsverm\u00f6gen 200 ml Gewicht 198 gr Anleitung f\u00fcr dieses Produkt gepr\u00fcft durch T\u00dcV, SGS, Intertek absolut\" \/>\n<meta property=\"og:url\" content=\"https:\/\/dev6.erresse-shop.it\/de\/shop\/tisch\/trinkglaeser\/mario-luca-giusti-panza-weinkelch-6-stueck-gruen\/\" \/>\n<meta property=\"og:site_name\" content=\"dev6 Erresse\" \/>\n<meta property=\"og:image\" content=\"https:\/\/interpim.erresse-shop.it\/Import\/Prodotti\/mario-luca-giusti-panza-calice-vino-6-pezzi-verde.jpg\" \/><meta property=\"og:image\" content=\"https:\/\/interpim.erresse-shop.it\/Import\/Prodotti\/mario-luca-giusti-panza-calice-vino-6-pezzi-verde.jpg\" \/>\n\t<meta property=\"og:image:width\" content=\"1024\" \/>\n\t<meta property=\"og:image:height\" content=\"1024\" \/>\n\t<meta property=\"og:image:type\" content=\"image\/jpeg\" \/>\n<meta name=\"twitter:card\" content=\"summary_large_image\" \/>\n<meta name=\"twitter:image\" content=\"https:\/\/interpim.erresse-shop.it\/Import\/Prodotti\/mario-luca-giusti-panza-calice-vino-6-pezzi-verde.jpg\" \/>\n<script type=\"application\/ld+json\" class=\"yoast-schema-graph\">{\"@context\":\"https:\/\/schema.org\",\"@graph\":[{\"@type\":\"WebPage\",\"@id\":\"https:\/\/dev6.erresse-shop.it\/de\/shop\/tisch\/trinkglaeser\/mario-luca-giusti-panza-weinkelch-6-stueck-gruen\/\",\"url\":\"https:\/\/dev6.erresse-shop.it\/de\/shop\/tisch\/trinkglaeser\/mario-luca-giusti-panza-weinkelch-6-stueck-gruen\/\",\"name\":\"MARIO LUCA GIUSTI Panza Weinkelch 6 St\u00fcck Gr\u00fcn - dev6 Erresse\",\"isPartOf\":{\"@id\":\"https:\/\/dev6.erresse-shop.it\/#website\"},\"primaryImageOfPage\":{\"@id\":\"https:\/\/dev6.erresse-shop.it\/de\/shop\/tisch\/trinkglaeser\/mario-luca-giusti-panza-weinkelch-6-stueck-gruen\/#primaryimage\"},\"image\":{\"@id\":\"https:\/\/dev6.erresse-shop.it\/de\/shop\/tisch\/trinkglaeser\/mario-luca-giusti-panza-weinkelch-6-stueck-gruen\/#primaryimage\"},\"thumbnailUrl\":\"https:\/\/i3.wp.com\/interpim.erresse-shop.it\/Import\/Prodotti\/mario-luca-giusti-panza-calice-vino-6-pezzi-verde.jpg?ssl=1\",\"datePublished\":\"2026-04-04T11:10:36+00:00\",\"description\":\"Abmessungen H\u00f6he 16,5 cm Durchmesser 9 cm Fassungsverm\u00f6gen 200 ml Gewicht 198 gr Anleitung f\u00fcr dieses Produkt gepr\u00fcft durch T\u00dcV, SGS, Intertek absolut\",\"breadcrumb\":{\"@id\":\"https:\/\/dev6.erresse-shop.it\/de\/shop\/tisch\/trinkglaeser\/mario-luca-giusti-panza-weinkelch-6-stueck-gruen\/#breadcrumb\"},\"inLanguage\":\"de\",\"potentialAction\":[{\"@type\":\"ReadAction\",\"target\":[\"https:\/\/dev6.erresse-shop.it\/de\/shop\/tisch\/trinkglaeser\/mario-luca-giusti-panza-weinkelch-6-stueck-gruen\/\"]}]},{\"@type\":\"ImageObject\",\"inLanguage\":\"de\",\"@id\":\"https:\/\/dev6.erresse-shop.it\/de\/shop\/tisch\/trinkglaeser\/mario-luca-giusti-panza-weinkelch-6-stueck-gruen\/#primaryimage\",\"url\":\"https:\/\/i3.wp.com\/interpim.erresse-shop.it\/Import\/Prodotti\/mario-luca-giusti-panza-calice-vino-6-pezzi-verde.jpg?ssl=1\",\"contentUrl\":\"https:\/\/i3.wp.com\/interpim.erresse-shop.it\/Import\/Prodotti\/mario-luca-giusti-panza-calice-vino-6-pezzi-verde.jpg?ssl=1\"},{\"@type\":\"BreadcrumbList\",\"@id\":\"https:\/\/dev6.erresse-shop.it\/de\/shop\/tisch\/trinkglaeser\/mario-luca-giusti-panza-weinkelch-6-stueck-gruen\/#breadcrumb\",\"itemListElement\":[{\"@type\":\"ListItem\",\"position\":1,\"name\":\"Home\",\"item\":\"https:\/\/dev6.erresse-shop.it\/\"},{\"@type\":\"ListItem\",\"position\":2,\"name\":\"Shop\",\"item\":\"https:\/\/dev6.erresse-shop.it\/shop\/\"},{\"@type\":\"ListItem\",\"position\":3,\"name\":\"MARIO LUCA GIUSTI Panza Weinkelch 6 St\u00fcck Gr\u00fcn\"}]},{\"@type\":\"WebSite\",\"@id\":\"https:\/\/dev6.erresse-shop.it\/#website\",\"url\":\"https:\/\/dev6.erresse-shop.it\/\",\"name\":\"Erresse Shop\",\"description\":\"\",\"publisher\":{\"@id\":\"https:\/\/dev6.erresse-shop.it\/#organization\"},\"potentialAction\":[{\"@type\":\"SearchAction\",\"target\":{\"@type\":\"EntryPoint\",\"urlTemplate\":\"https:\/\/dev6.erresse-shop.it\/?s={search_term_string}\"},\"query-input\":{\"@type\":\"PropertyValueSpecification\",\"valueRequired\":true,\"valueName\":\"search_term_string\"}}],\"inLanguage\":\"de\"},{\"@type\":\"Organization\",\"@id\":\"https:\/\/dev6.erresse-shop.it\/#organization\",\"name\":\"Erresse Shop\",\"url\":\"https:\/\/dev6.erresse-shop.it\/\",\"logo\":{\"@type\":\"ImageObject\",\"inLanguage\":\"de\",\"@id\":\"https:\/\/dev6.erresse-shop.it\/#\/schema\/logo\/image\/\",\"url\":\"https:\/\/dev6.erresse-shop.it\/wp-content\/uploads\/2025\/01\/LOGO-ERRESSE-CLASSICO.svg\",\"contentUrl\":\"https:\/\/dev6.erresse-shop.it\/wp-content\/uploads\/2025\/01\/LOGO-ERRESSE-CLASSICO.svg\",\"caption\":\"Erresse Shop\"},\"image\":{\"@id\":\"https:\/\/dev6.erresse-shop.it\/#\/schema\/logo\/image\/\"}}]}<\/script>\n<!-- \/ Yoast SEO plugin. -->","yoast_head_json":{"title":"MARIO LUCA GIUSTI Panza Weinkelch 6 St\u00fcck Gr\u00fcn - dev6 Erresse","description":"Abmessungen H\u00f6he 16,5 cm Durchmesser 9 cm Fassungsverm\u00f6gen 200 ml Gewicht 198 gr Anleitung f\u00fcr dieses Produkt gepr\u00fcft durch T\u00dcV, SGS, Intertek absolut","robots":{"index":"noindex","follow":"follow","max-snippet":"max-snippet:-1","max-image-preview":"max-image-preview:large","max-video-preview":"max-video-preview:-1"},"og_locale":"de_DE","og_type":"article","og_title":"MARIO LUCA GIUSTI Panza Weinkelch 6 St\u00fcck Gr\u00fcn - dev6 Erresse","og_description":"Abmessungen H\u00f6he 16,5 cm Durchmesser 9 cm Fassungsverm\u00f6gen 200 ml Gewicht 198 gr Anleitung f\u00fcr dieses Produkt gepr\u00fcft durch T\u00dcV, SGS, Intertek absolut","og_url":"https:\/\/dev6.erresse-shop.it\/de\/shop\/tisch\/trinkglaeser\/mario-luca-giusti-panza-weinkelch-6-stueck-gruen\/","og_site_name":"dev6 Erresse","og_image":[{"url":"https:\/\/interpim.erresse-shop.it\/Import\/Prodotti\/mario-luca-giusti-panza-calice-vino-6-pezzi-verde.jpg","type":"","width":"","height":""},{"url":"https:\/\/interpim.erresse-shop.it\/Import\/Prodotti\/mario-luca-giusti-panza-calice-vino-6-pezzi-verde.jpg","width":1024,"height":1024,"type":"image\/jpeg"}],"twitter_card":"summary_large_image","twitter_image":"https:\/\/interpim.erresse-shop.it\/Import\/Prodotti\/mario-luca-giusti-panza-calice-vino-6-pezzi-verde.jpg","schema":{"@context":"https:\/\/schema.org","@graph":[{"@type":"WebPage","@id":"https:\/\/dev6.erresse-shop.it\/de\/shop\/tisch\/trinkglaeser\/mario-luca-giusti-panza-weinkelch-6-stueck-gruen\/","url":"https:\/\/dev6.erresse-shop.it\/de\/shop\/tisch\/trinkglaeser\/mario-luca-giusti-panza-weinkelch-6-stueck-gruen\/","name":"MARIO LUCA GIUSTI Panza Weinkelch 6 St\u00fcck Gr\u00fcn - dev6 Erresse","isPartOf":{"@id":"https:\/\/dev6.erresse-shop.it\/#website"},"primaryImageOfPage":{"@id":"https:\/\/dev6.erresse-shop.it\/de\/shop\/tisch\/trinkglaeser\/mario-luca-giusti-panza-weinkelch-6-stueck-gruen\/#primaryimage"},"image":{"@id":"https:\/\/dev6.erresse-shop.it\/de\/shop\/tisch\/trinkglaeser\/mario-luca-giusti-panza-weinkelch-6-stueck-gruen\/#primaryimage"},"thumbnailUrl":"https:\/\/i3.wp.com\/interpim.erresse-shop.it\/Import\/Prodotti\/mario-luca-giusti-panza-calice-vino-6-pezzi-verde.jpg?ssl=1","datePublished":"2026-04-04T11:10:36+00:00","description":"Abmessungen H\u00f6he 16,5 cm Durchmesser 9 cm Fassungsverm\u00f6gen 200 ml Gewicht 198 gr Anleitung f\u00fcr dieses Produkt gepr\u00fcft durch T\u00dcV, SGS, Intertek absolut","breadcrumb":{"@id":"https:\/\/dev6.erresse-shop.it\/de\/shop\/tisch\/trinkglaeser\/mario-luca-giusti-panza-weinkelch-6-stueck-gruen\/#breadcrumb"},"inLanguage":"de","potentialAction":[{"@type":"ReadAction","target":["https:\/\/dev6.erresse-shop.it\/de\/shop\/tisch\/trinkglaeser\/mario-luca-giusti-panza-weinkelch-6-stueck-gruen\/"]}]},{"@type":"ImageObject","inLanguage":"de","@id":"https:\/\/dev6.erresse-shop.it\/de\/shop\/tisch\/trinkglaeser\/mario-luca-giusti-panza-weinkelch-6-stueck-gruen\/#primaryimage","url":"https:\/\/i3.wp.com\/interpim.erresse-shop.it\/Import\/Prodotti\/mario-luca-giusti-panza-calice-vino-6-pezzi-verde.jpg?ssl=1","contentUrl":"https:\/\/i3.wp.com\/interpim.erresse-shop.it\/Import\/Prodotti\/mario-luca-giusti-panza-calice-vino-6-pezzi-verde.jpg?ssl=1"},{"@type":"BreadcrumbList","@id":"https:\/\/dev6.erresse-shop.it\/de\/shop\/tisch\/trinkglaeser\/mario-luca-giusti-panza-weinkelch-6-stueck-gruen\/#breadcrumb","itemListElement":[{"@type":"ListItem","position":1,"name":"Home","item":"https:\/\/dev6.erresse-shop.it\/"},{"@type":"ListItem","position":2,"name":"Shop","item":"https:\/\/dev6.erresse-shop.it\/shop\/"},{"@type":"ListItem","position":3,"name":"MARIO LUCA GIUSTI Panza Weinkelch 6 St\u00fcck Gr\u00fcn"}]},{"@type":"WebSite","@id":"https:\/\/dev6.erresse-shop.it\/#website","url":"https:\/\/dev6.erresse-shop.it\/","name":"Erresse Shop","description":"","publisher":{"@id":"https:\/\/dev6.erresse-shop.it\/#organization"},"potentialAction":[{"@type":"SearchAction","target":{"@type":"EntryPoint","urlTemplate":"https:\/\/dev6.erresse-shop.it\/?s={search_term_string}"},"query-input":{"@type":"PropertyValueSpecification","valueRequired":true,"valueName":"search_term_string"}}],"inLanguage":"de"},{"@type":"Organization","@id":"https:\/\/dev6.erresse-shop.it\/#organization","name":"Erresse Shop","url":"https:\/\/dev6.erresse-shop.it\/","logo":{"@type":"ImageObject","inLanguage":"de","@id":"https:\/\/dev6.erresse-shop.it\/#\/schema\/logo\/image\/","url":"https:\/\/dev6.erresse-shop.it\/wp-content\/uploads\/2025\/01\/LOGO-ERRESSE-CLASSICO.svg","contentUrl":"https:\/\/dev6.erresse-shop.it\/wp-content\/uploads\/2025\/01\/LOGO-ERRESSE-CLASSICO.svg","caption":"Erresse Shop"},"image":{"@id":"https:\/\/dev6.erresse-shop.it\/#\/schema\/logo\/image\/"}}]}},"df_price":78,"df_sale_price":"","df_regular_price":78,"df_image_link":"https:\/\/i3.wp.com\/interpim.erresse-shop.it\/Import\/Prodotti\/mario-luca-giusti-panza-calice-vino-6-pezzi-verde.jpg?resize=300,300&ssl=1","fifu_image_url":"https:\/\/interpim.erresse-shop.it\/Import\/Prodotti\/mario-luca-giusti-panza-calice-vino-6-pezzi-verde.jpg","_links":{"self":[{"href":"https:\/\/dev6.erresse-shop.it\/de\/wp-json\/wp\/v2\/product\/1600526","targetHints":{"allow":["GET"]}}],"collection":[{"href":"https:\/\/dev6.erresse-shop.it\/de\/wp-json\/wp\/v2\/product"}],"about":[{"href":"https:\/\/dev6.erresse-shop.it\/de\/wp-json\/wp\/v2\/types\/product"}],"wp:featuredmedia":[{"embeddable":true,"href":"https:\/\/dev6.erresse-shop.it\/de\/wp-json\/wp\/v2\/media\/6293085"}],"wp:attachment":[{"href":"https:\/\/dev6.erresse-shop.it\/de\/wp-json\/wp\/v2\/media?parent=1600526"}],"wp:term":[{"taxonomy":"product_cat","embeddable":true,"href":"https:\/\/dev6.erresse-shop.it\/de\/wp-json\/wp\/v2\/product_cat?post=1600526"},{"taxonomy":"product_tag","embeddable":true,"href":"https:\/\/dev6.erresse-shop.it\/de\/wp-json\/wp\/v2\/product_tag?post=1600526"}],"curies":[{"name":"wp","href":"https:\/\/api.w.org\/{rel}","templated":true}]}}