{"id":1600510,"date":"2026-04-12T13:13:04","date_gmt":"2026-04-12T11:13:04","guid":{"rendered":"https:\/\/dev6.erresse-shop.it\/shop\/unkategorisiert\/ooni-bratpfanne-aus-gusseisen\/"},"modified":"2025-09-14T03:04:07","modified_gmt":"2025-09-14T01:04:07","slug":"ooni-bratpfanne-aus-gusseisen","status":"publish","type":"product","link":"https:\/\/dev6.erresse-shop.it\/de\/shop\/kleine-elektrogeraete\/oefen\/ooni-bratpfanne-aus-gusseisen\/","title":{"rendered":"OONI Bratpfanne aus Gusseisen"},"content":{"rendered":"<p>Entdecken Sie die praktische Ooni-Grillplatte und pr\u00e4sentieren Sie Ihre Rezepte auf ganz neue Weise<\/p>\n<p>Die glatte, runde Bratpfanne von Ooni ist das ideale Zubeh\u00f6r zum Kochen von Fleisch, Fisch, Gem\u00fcse und vielen anderen Gerichten. Seine glatte Oberfl\u00e4che erm\u00f6glicht gleichm\u00e4\u00dfiges Garen und erlaubt es Ihnen, die W\u00e4rmekapazit\u00e4t der Ooni-\u00d6fen optimal zu nutzen. Egal, ob Sie eine gro\u00dfe Mahlzeit kochen oder ein leichtes Abendessen zubereiten, diese Pfanne ist die perfekte L\u00f6sung, um zu Hause professionelle Ergebnisse zu erzielen.<\/p>\n<p>Abnehmbarer Griff f\u00fcr unvergleichlichen Komfort<br \/>\nDie Ooni-Pfanne verf\u00fcgt \u00fcber einen einzigartig gestalteten abnehmbaren Griff, der die Handhabung \u00e4u\u00dferst bequem macht. Der Griff erm\u00f6glicht ein einfaches und sicheres Bewegen der Pfanne und eignet sich perfekt, um hei\u00dfe Gerichte direkt auf den Tisch zu bringen. Diese Pfanne ist nicht nur funktional, sondern auch elegant und verleiht Ihrer K\u00fcche einen Hauch von Stil.<\/p>\n<p>Holzsockel f\u00fcr stilvolles Servieren<br \/>\nJede Pfanne wird mit einem Buchenholzuntersatz geliefert, der auch als Schneidebrett verwendet werden kann. Dieser Untersatz eignet sich perfekt zum eleganten und sicheren Servieren Ihrer Gerichte und sch\u00fctzt die Oberfl\u00e4chen vor m\u00f6glichen Hitzesch\u00e4den. Die Kombination aus Gusseisen und Holz macht diese Pfanne zu einem unverzichtbaren Accessoire f\u00fcr jede K\u00fcche.<\/p>\n<p>Kompatibilit\u00e4t mit allen Ooni-\u00d6fen<br \/>\nDie Ooni Smooth Round Pan ist mit allen Ooni-Pizza\u00f6fen kompatibel und somit perfekt f\u00fcr jeden Anlass. Gusseisen speichert die W\u00e4rme lange und gew\u00e4hrleistet so optimales Kochen, egal, ob Sie einen Holzofen, einen Gasofen oder einen Ooni-Holzkohleofen verwenden. Die Leistung ist unter allen Bedingungen hervorragend und sorgt jedes Mal f\u00fcr perfekte Gerichte.<\/p>\n<p>Technische Merkmale und Funktionalit\u00e4t<br \/>\nDie Ooni-Pfanne hat eine Kochfl\u00e4che mit 23 cm Durchmesser, ideal f\u00fcr die Zubereitung einzelner Portionen oder das gleichzeitige Kochen mehrerer Zutaten. Mit den Ma\u00dfen 42 x 25 x 4 cm und einem Gewicht von 2,9 kg ist es robust genug f\u00fcr den intensiven Einsatz und dennoch leicht genug, um es ohne Erm\u00fcdung zu handhaben. Diese Pfanne eignet sich perfekt f\u00fcr eine gro\u00dfe Auswahl an Gerichten und ist ein Muss f\u00fcr jeden Kochbegeisterten.<\/p>\n","protected":false},"excerpt":{"rendered":"<p>Entdecken Sie die praktische Ooni-Grillplatte und pr\u00e4sentieren Sie Ihre Rezepte auf ganz neue Weise Die glatte, runde Bratpfanne von Ooni ist das ideale Zubeh\u00f6r zum Kochen von Fleisch, Fisch, Gem\u00fcse und vielen anderen Gerichten. Seine glatte Oberfl\u00e4che erm\u00f6glicht gleichm\u00e4\u00dfiges Garen und erlaubt es Ihnen, die W\u00e4rmekapazit\u00e4t der Ooni-\u00d6fen optimal zu nutzen. Egal, ob Sie eine [&hellip;]<\/p>\n","protected":false},"featured_media":6376312,"template":"","meta":{"_acf_changed":false},"product_cat":[12193,12099],"product_tag":[],"class_list":{"0":"post-1600510","1":"product","2":"type-product","3":"status-publish","4":"has-post-thumbnail","6":"product_cat-oefen","7":"product_cat-toepfe-pfannen","9":"first","10":"instock","11":"taxable","12":"shipping-taxable","13":"purchasable","14":"product-type-simple","swatches":"rey-swatches","show_selected":"","stretch_labels":"rey-swatches--stretch-labels"},"acf":[],"yoast_head":"<!-- This site is optimized with the Yoast SEO plugin v25.4 - https:\/\/yoast.com\/wordpress\/plugins\/seo\/ -->\n<title>OONI Bratpfanne aus Gusseisen - dev6 Erresse<\/title>\n<meta name=\"description\" content=\"Entdecken Sie die praktische Ooni-Grillplatte und pr\u00e4sentieren Sie Ihre Rezepte auf ganz neue Weise Die glatte, runde Bratpfanne von Ooni ist das ideale\" \/>\n<meta name=\"robots\" content=\"noindex, follow, max-snippet:-1, max-image-preview:large, max-video-preview:-1\" \/>\n<meta property=\"og:locale\" content=\"de_DE\" \/>\n<meta property=\"og:type\" content=\"article\" \/>\n<meta property=\"og:title\" content=\"OONI Bratpfanne aus Gusseisen - dev6 Erresse\" \/>\n<meta property=\"og:description\" content=\"Entdecken Sie die praktische Ooni-Grillplatte und pr\u00e4sentieren Sie Ihre Rezepte auf ganz neue Weise Die glatte, runde Bratpfanne von Ooni ist das ideale\" \/>\n<meta property=\"og:url\" content=\"https:\/\/dev6.erresse-shop.it\/de\/shop\/kleine-elektrogeraete\/oefen\/ooni-bratpfanne-aus-gusseisen\/\" \/>\n<meta property=\"og:site_name\" content=\"dev6 Erresse\" \/>\n<meta property=\"og:image\" content=\"https:\/\/interpim.erresse-shop.it\/Import\/Prodotti\/ooni-padella-in-ghisa.jpg\" \/><meta property=\"og:image\" content=\"https:\/\/interpim.erresse-shop.it\/Import\/Prodotti\/ooni-padella-in-ghisa.jpg\" \/>\n\t<meta property=\"og:image:width\" content=\"1024\" \/>\n\t<meta property=\"og:image:height\" content=\"1024\" \/>\n\t<meta property=\"og:image:type\" content=\"image\/jpeg\" \/>\n<meta name=\"twitter:card\" content=\"summary_large_image\" \/>\n<meta name=\"twitter:image\" content=\"https:\/\/interpim.erresse-shop.it\/Import\/Prodotti\/ooni-padella-in-ghisa.jpg\" \/>\n<script type=\"application\/ld+json\" class=\"yoast-schema-graph\">{\"@context\":\"https:\/\/schema.org\",\"@graph\":[{\"@type\":\"WebPage\",\"@id\":\"https:\/\/dev6.erresse-shop.it\/de\/shop\/kleine-elektrogeraete\/oefen\/ooni-bratpfanne-aus-gusseisen\/\",\"url\":\"https:\/\/dev6.erresse-shop.it\/de\/shop\/kleine-elektrogeraete\/oefen\/ooni-bratpfanne-aus-gusseisen\/\",\"name\":\"OONI Bratpfanne aus Gusseisen - dev6 Erresse\",\"isPartOf\":{\"@id\":\"https:\/\/dev6.erresse-shop.it\/#website\"},\"primaryImageOfPage\":{\"@id\":\"https:\/\/dev6.erresse-shop.it\/de\/shop\/kleine-elektrogeraete\/oefen\/ooni-bratpfanne-aus-gusseisen\/#primaryimage\"},\"image\":{\"@id\":\"https:\/\/dev6.erresse-shop.it\/de\/shop\/kleine-elektrogeraete\/oefen\/ooni-bratpfanne-aus-gusseisen\/#primaryimage\"},\"thumbnailUrl\":\"https:\/\/i3.wp.com\/interpim.erresse-shop.it\/Import\/Prodotti\/ooni-padella-in-ghisa.jpg?ssl=1\",\"datePublished\":\"2026-04-12T11:13:04+00:00\",\"description\":\"Entdecken Sie die praktische Ooni-Grillplatte und pr\u00e4sentieren Sie Ihre Rezepte auf ganz neue Weise Die glatte, runde Bratpfanne von Ooni ist das ideale\",\"breadcrumb\":{\"@id\":\"https:\/\/dev6.erresse-shop.it\/de\/shop\/kleine-elektrogeraete\/oefen\/ooni-bratpfanne-aus-gusseisen\/#breadcrumb\"},\"inLanguage\":\"de\",\"potentialAction\":[{\"@type\":\"ReadAction\",\"target\":[\"https:\/\/dev6.erresse-shop.it\/de\/shop\/kleine-elektrogeraete\/oefen\/ooni-bratpfanne-aus-gusseisen\/\"]}]},{\"@type\":\"ImageObject\",\"inLanguage\":\"de\",\"@id\":\"https:\/\/dev6.erresse-shop.it\/de\/shop\/kleine-elektrogeraete\/oefen\/ooni-bratpfanne-aus-gusseisen\/#primaryimage\",\"url\":\"https:\/\/i3.wp.com\/interpim.erresse-shop.it\/Import\/Prodotti\/ooni-padella-in-ghisa.jpg?ssl=1\",\"contentUrl\":\"https:\/\/i3.wp.com\/interpim.erresse-shop.it\/Import\/Prodotti\/ooni-padella-in-ghisa.jpg?ssl=1\"},{\"@type\":\"BreadcrumbList\",\"@id\":\"https:\/\/dev6.erresse-shop.it\/de\/shop\/kleine-elektrogeraete\/oefen\/ooni-bratpfanne-aus-gusseisen\/#breadcrumb\",\"itemListElement\":[{\"@type\":\"ListItem\",\"position\":1,\"name\":\"Home\",\"item\":\"https:\/\/dev6.erresse-shop.it\/\"},{\"@type\":\"ListItem\",\"position\":2,\"name\":\"Shop\",\"item\":\"https:\/\/dev6.erresse-shop.it\/shop\/\"},{\"@type\":\"ListItem\",\"position\":3,\"name\":\"OONI Bratpfanne aus Gusseisen\"}]},{\"@type\":\"WebSite\",\"@id\":\"https:\/\/dev6.erresse-shop.it\/#website\",\"url\":\"https:\/\/dev6.erresse-shop.it\/\",\"name\":\"Erresse Shop\",\"description\":\"\",\"publisher\":{\"@id\":\"https:\/\/dev6.erresse-shop.it\/#organization\"},\"potentialAction\":[{\"@type\":\"SearchAction\",\"target\":{\"@type\":\"EntryPoint\",\"urlTemplate\":\"https:\/\/dev6.erresse-shop.it\/?s={search_term_string}\"},\"query-input\":{\"@type\":\"PropertyValueSpecification\",\"valueRequired\":true,\"valueName\":\"search_term_string\"}}],\"inLanguage\":\"de\"},{\"@type\":\"Organization\",\"@id\":\"https:\/\/dev6.erresse-shop.it\/#organization\",\"name\":\"Erresse Shop\",\"url\":\"https:\/\/dev6.erresse-shop.it\/\",\"logo\":{\"@type\":\"ImageObject\",\"inLanguage\":\"de\",\"@id\":\"https:\/\/dev6.erresse-shop.it\/#\/schema\/logo\/image\/\",\"url\":\"https:\/\/dev6.erresse-shop.it\/wp-content\/uploads\/2025\/01\/LOGO-ERRESSE-CLASSICO.svg\",\"contentUrl\":\"https:\/\/dev6.erresse-shop.it\/wp-content\/uploads\/2025\/01\/LOGO-ERRESSE-CLASSICO.svg\",\"caption\":\"Erresse Shop\"},\"image\":{\"@id\":\"https:\/\/dev6.erresse-shop.it\/#\/schema\/logo\/image\/\"}}]}<\/script>\n<!-- \/ Yoast SEO plugin. -->","yoast_head_json":{"title":"OONI Bratpfanne aus Gusseisen - dev6 Erresse","description":"Entdecken Sie die praktische Ooni-Grillplatte und pr\u00e4sentieren Sie Ihre Rezepte auf ganz neue Weise Die glatte, runde Bratpfanne von Ooni ist das ideale","robots":{"index":"noindex","follow":"follow","max-snippet":"max-snippet:-1","max-image-preview":"max-image-preview:large","max-video-preview":"max-video-preview:-1"},"og_locale":"de_DE","og_type":"article","og_title":"OONI Bratpfanne aus Gusseisen - dev6 Erresse","og_description":"Entdecken Sie die praktische Ooni-Grillplatte und pr\u00e4sentieren Sie Ihre Rezepte auf ganz neue Weise Die glatte, runde Bratpfanne von Ooni ist das ideale","og_url":"https:\/\/dev6.erresse-shop.it\/de\/shop\/kleine-elektrogeraete\/oefen\/ooni-bratpfanne-aus-gusseisen\/","og_site_name":"dev6 Erresse","og_image":[{"url":"https:\/\/interpim.erresse-shop.it\/Import\/Prodotti\/ooni-padella-in-ghisa.jpg","type":"","width":"","height":""},{"url":"https:\/\/interpim.erresse-shop.it\/Import\/Prodotti\/ooni-padella-in-ghisa.jpg","width":1024,"height":1024,"type":"image\/jpeg"}],"twitter_card":"summary_large_image","twitter_image":"https:\/\/interpim.erresse-shop.it\/Import\/Prodotti\/ooni-padella-in-ghisa.jpg","schema":{"@context":"https:\/\/schema.org","@graph":[{"@type":"WebPage","@id":"https:\/\/dev6.erresse-shop.it\/de\/shop\/kleine-elektrogeraete\/oefen\/ooni-bratpfanne-aus-gusseisen\/","url":"https:\/\/dev6.erresse-shop.it\/de\/shop\/kleine-elektrogeraete\/oefen\/ooni-bratpfanne-aus-gusseisen\/","name":"OONI Bratpfanne aus Gusseisen - dev6 Erresse","isPartOf":{"@id":"https:\/\/dev6.erresse-shop.it\/#website"},"primaryImageOfPage":{"@id":"https:\/\/dev6.erresse-shop.it\/de\/shop\/kleine-elektrogeraete\/oefen\/ooni-bratpfanne-aus-gusseisen\/#primaryimage"},"image":{"@id":"https:\/\/dev6.erresse-shop.it\/de\/shop\/kleine-elektrogeraete\/oefen\/ooni-bratpfanne-aus-gusseisen\/#primaryimage"},"thumbnailUrl":"https:\/\/i3.wp.com\/interpim.erresse-shop.it\/Import\/Prodotti\/ooni-padella-in-ghisa.jpg?ssl=1","datePublished":"2026-04-12T11:13:04+00:00","description":"Entdecken Sie die praktische Ooni-Grillplatte und pr\u00e4sentieren Sie Ihre Rezepte auf ganz neue Weise Die glatte, runde Bratpfanne von Ooni ist das ideale","breadcrumb":{"@id":"https:\/\/dev6.erresse-shop.it\/de\/shop\/kleine-elektrogeraete\/oefen\/ooni-bratpfanne-aus-gusseisen\/#breadcrumb"},"inLanguage":"de","potentialAction":[{"@type":"ReadAction","target":["https:\/\/dev6.erresse-shop.it\/de\/shop\/kleine-elektrogeraete\/oefen\/ooni-bratpfanne-aus-gusseisen\/"]}]},{"@type":"ImageObject","inLanguage":"de","@id":"https:\/\/dev6.erresse-shop.it\/de\/shop\/kleine-elektrogeraete\/oefen\/ooni-bratpfanne-aus-gusseisen\/#primaryimage","url":"https:\/\/i3.wp.com\/interpim.erresse-shop.it\/Import\/Prodotti\/ooni-padella-in-ghisa.jpg?ssl=1","contentUrl":"https:\/\/i3.wp.com\/interpim.erresse-shop.it\/Import\/Prodotti\/ooni-padella-in-ghisa.jpg?ssl=1"},{"@type":"BreadcrumbList","@id":"https:\/\/dev6.erresse-shop.it\/de\/shop\/kleine-elektrogeraete\/oefen\/ooni-bratpfanne-aus-gusseisen\/#breadcrumb","itemListElement":[{"@type":"ListItem","position":1,"name":"Home","item":"https:\/\/dev6.erresse-shop.it\/"},{"@type":"ListItem","position":2,"name":"Shop","item":"https:\/\/dev6.erresse-shop.it\/shop\/"},{"@type":"ListItem","position":3,"name":"OONI Bratpfanne aus Gusseisen"}]},{"@type":"WebSite","@id":"https:\/\/dev6.erresse-shop.it\/#website","url":"https:\/\/dev6.erresse-shop.it\/","name":"Erresse Shop","description":"","publisher":{"@id":"https:\/\/dev6.erresse-shop.it\/#organization"},"potentialAction":[{"@type":"SearchAction","target":{"@type":"EntryPoint","urlTemplate":"https:\/\/dev6.erresse-shop.it\/?s={search_term_string}"},"query-input":{"@type":"PropertyValueSpecification","valueRequired":true,"valueName":"search_term_string"}}],"inLanguage":"de"},{"@type":"Organization","@id":"https:\/\/dev6.erresse-shop.it\/#organization","name":"Erresse Shop","url":"https:\/\/dev6.erresse-shop.it\/","logo":{"@type":"ImageObject","inLanguage":"de","@id":"https:\/\/dev6.erresse-shop.it\/#\/schema\/logo\/image\/","url":"https:\/\/dev6.erresse-shop.it\/wp-content\/uploads\/2025\/01\/LOGO-ERRESSE-CLASSICO.svg","contentUrl":"https:\/\/dev6.erresse-shop.it\/wp-content\/uploads\/2025\/01\/LOGO-ERRESSE-CLASSICO.svg","caption":"Erresse Shop"},"image":{"@id":"https:\/\/dev6.erresse-shop.it\/#\/schema\/logo\/image\/"}}]}},"df_price":54.99,"df_sale_price":"","df_regular_price":54.99,"df_image_link":"https:\/\/i3.wp.com\/interpim.erresse-shop.it\/Import\/Prodotti\/ooni-padella-in-ghisa.jpg?resize=300,300&ssl=1","fifu_image_url":"https:\/\/interpim.erresse-shop.it\/Import\/Prodotti\/ooni-padella-in-ghisa.jpg","_links":{"self":[{"href":"https:\/\/dev6.erresse-shop.it\/de\/wp-json\/wp\/v2\/product\/1600510","targetHints":{"allow":["GET"]}}],"collection":[{"href":"https:\/\/dev6.erresse-shop.it\/de\/wp-json\/wp\/v2\/product"}],"about":[{"href":"https:\/\/dev6.erresse-shop.it\/de\/wp-json\/wp\/v2\/types\/product"}],"wp:featuredmedia":[{"embeddable":true,"href":"https:\/\/dev6.erresse-shop.it\/de\/wp-json\/wp\/v2\/media\/6376312"}],"wp:attachment":[{"href":"https:\/\/dev6.erresse-shop.it\/de\/wp-json\/wp\/v2\/media?parent=1600510"}],"wp:term":[{"taxonomy":"product_cat","embeddable":true,"href":"https:\/\/dev6.erresse-shop.it\/de\/wp-json\/wp\/v2\/product_cat?post=1600510"},{"taxonomy":"product_tag","embeddable":true,"href":"https:\/\/dev6.erresse-shop.it\/de\/wp-json\/wp\/v2\/product_tag?post=1600510"}],"curies":[{"name":"wp","href":"https:\/\/api.w.org\/{rel}","templated":true}]}}