{"id":1600502,"date":"2026-04-04T13:10:36","date_gmt":"2026-04-04T11:10:36","guid":{"rendered":"https:\/\/dev6.erresse-shop.it\/shop\/unkategorisiert\/le-creuset-bratpfanne-evolution-doppelschnabel-26-cm-karibik-blau\/"},"modified":"2025-11-30T17:49:00","modified_gmt":"2025-11-30T16:49:00","slug":"le-creuset-bratpfanne-evolution-doppelschnabel-26-cm-karibik-blau","status":"publish","type":"product","link":"https:\/\/dev6.erresse-shop.it\/de\/shop\/toepfe-pfannen\/le-creuset-bratpfanne-evolution-doppelschnabel-26-cm-karibik-blau\/","title":{"rendered":"LE CREUSET Bratpfanne Evolution Doppelschnabel 26 cm Karibik Blau"},"content":{"rendered":"<p>Diese Pfanne ist aus unserem legend\u00e4ren emaillierten Gusseisen gefertigt und kann daher im Ofen oder auf dem Herd verwendet werden. Als wirklich unverzichtbarer Verb\u00fcndeter in der K\u00fcche verf\u00fcgt er \u00fcber einen ergonomischen Griff, der das Bewegen erleichtert. Der Doppelausgie\u00dfer dient zum tropffreien Ausgie\u00dfen und Servieren. Sind Sie bereit zu dienen? Bringen Sie Essen direkt an den Tisch.<\/p>\n<p>Vielseitigkeit: Dieses Produkt ist f\u00fcr den Backofen, Herd und Backofen im Grillmodus geeignet.<br \/>\nK\u00f6stliches Essen: Emailliertes Gusseisen speichert die W\u00e4rme f\u00fcr gleichm\u00e4\u00dfiges Kochen und Br\u00e4unen. Auch am Tisch bleiben Ihre k\u00f6stlichen Kreationen l\u00e4nger warm.<br \/>\nEinfach zu greifen: Die eleganten und komfortablen Griffe erm\u00f6glichen ein sicheres Anheben des Produkts.<br \/>\nEin wertvoller Helfer: Mit dem praktischen Tragegriff k\u00f6nnen Sie das Produkt m\u00fchelos anheben und zwischen Kochfeld, Backofen und Tisch bewegen.<br \/>\nBedenkenloses Ausgie\u00dfen: Die seitlichen Ausgie\u00dfer erleichtern das Ausgie\u00dfen (ohne Tropfen).<br \/>\nEin Regenbogen aus Farben: Unser Sortiment ist in einer gro\u00dfen Farbauswahl erh\u00e4ltlich und bringt einen Farbtupfer in Ihre K\u00fcche.<br \/>\nNicht zu hei\u00df: Kochen Sie bei gleichm\u00e4\u00dfiger, niedriger bis mittlerer Hitze, um Ihr Gusseisenprodukt zu schonen und k\u00f6stliche Ergebnisse zu erzielen.<br \/>\nWird mit der Zeit besser: Die glasierte Innenseite entwickelt eine nat\u00fcrliche Patina, die fast wie eine Antihaftoberfl\u00e4che wirkt. Seine Oberfl\u00e4che verf\u00fcgt \u00fcber Eigenschaften, die ein Anhaften der Speisen selbst bei geringeren \u00d6lmengen verhindern. Waschen Sie das Produkt ausschlie\u00dflich mit Wasser, damit sich eine Patina bilden kann.<br \/>\nKlassenbester: Unsere Produkte werden aus den hochwertigsten Materialien in Fabriken auf der ganzen Welt hergestellt, um die Qualit\u00e4t zu liefern, die Sie von Le Creuset erwarten.<\/p>\n<p>Material: glasiertes Gusseisen<br \/>\nHergestellt in: Frankreich<br \/>\nGarantie: Lebenslang<\/p>\n<p>W\u00e4rmequelle:<\/p>\n<p>Backofen<br \/>\nGrillmodus-Ofen<br \/>\nElektrokochfeld<br \/>\nGlaskeramik<br \/>\nGasplan<br \/>\nInduktionskochfeld<\/p>\n<p>Reinigung und Pflege:<\/p>\n<p>Warten Sie, bis das Produkt abgek\u00fchlt ist, bevor Sie mit der Reinigung beginnen.<br \/>\nEntfernen Sie s\u00e4mtliche R\u00fcckst\u00e4nde vom Boden und den Seiten des Produkts. Sollten Speisereste daran haften, f\u00fcllen Sie das Produkt mit warmem Seifenwasser und lassen Sie es 15\u201320 Minuten einweichen, bevor Sie es wie gewohnt sp\u00fclen.<br \/>\nVerwenden Sie auf keiner der Oberfl\u00e4chen Scheuermittel oder Metall, scheuernde oder sehr harte Schw\u00e4mme bzw. B\u00fcrsten.<br \/>\nNach dem Waschen gr\u00fcndlich abtrocknen und an einem trockenen Ort aufbewahren.<\/p>\n","protected":false},"excerpt":{"rendered":"<p>Diese Pfanne ist aus unserem legend\u00e4ren emaillierten Gusseisen gefertigt und kann daher im Ofen oder auf dem Herd verwendet werden. Als wirklich unverzichtbarer Verb\u00fcndeter in der K\u00fcche verf\u00fcgt er \u00fcber einen ergonomischen Griff, der das Bewegen erleichtert. Der Doppelausgie\u00dfer dient zum tropffreien Ausgie\u00dfen und Servieren. Sind Sie bereit zu dienen? Bringen Sie Essen direkt an [&hellip;]<\/p>\n","protected":false},"featured_media":6293009,"template":"","meta":{"_acf_changed":false},"product_cat":[12099],"product_tag":[],"class_list":{"0":"post-1600502","1":"product","2":"type-product","3":"status-publish","4":"has-post-thumbnail","6":"product_cat-toepfe-pfannen","8":"first","9":"instock","10":"sale","11":"taxable","12":"shipping-taxable","13":"purchasable","14":"product-type-simple","swatches":"rey-swatches","show_selected":"","stretch_labels":"rey-swatches--stretch-labels"},"acf":[],"yoast_head":"<!-- This site is optimized with the Yoast SEO plugin v25.4 - https:\/\/yoast.com\/wordpress\/plugins\/seo\/ -->\n<title>LE CREUSET Bratpfanne Evolution Doppelschnabel 26 cm Karibik Blau - dev6 Erresse<\/title>\n<meta name=\"description\" content=\"Diese Pfanne ist aus unserem legend\u00e4ren emaillierten Gusseisen gefertigt und kann daher im Ofen oder auf dem Herd verwendet werden. Als wirklich\" \/>\n<meta name=\"robots\" content=\"noindex, follow, max-snippet:-1, max-image-preview:large, max-video-preview:-1\" \/>\n<meta property=\"og:locale\" content=\"de_DE\" \/>\n<meta property=\"og:type\" content=\"article\" \/>\n<meta property=\"og:title\" content=\"LE CREUSET Bratpfanne Evolution Doppelschnabel 26 cm Karibik Blau - dev6 Erresse\" \/>\n<meta property=\"og:description\" content=\"Diese Pfanne ist aus unserem legend\u00e4ren emaillierten Gusseisen gefertigt und kann daher im Ofen oder auf dem Herd verwendet werden. Als wirklich\" \/>\n<meta property=\"og:url\" content=\"https:\/\/dev6.erresse-shop.it\/de\/shop\/toepfe-pfannen\/le-creuset-bratpfanne-evolution-doppelschnabel-26-cm-karibik-blau\/\" \/>\n<meta property=\"og:site_name\" content=\"dev6 Erresse\" \/>\n<meta property=\"og:image\" content=\"https:\/\/interpim.erresse-shop.it\/Import\/Prodotti\/le-creuset-padella-profonda-evolution-doppio-becco-26-cm-blu-caribe.jpg\" \/><meta property=\"og:image\" content=\"https:\/\/interpim.erresse-shop.it\/Import\/Prodotti\/le-creuset-padella-profonda-evolution-doppio-becco-26-cm-blu-caribe.jpg\" \/>\n\t<meta property=\"og:image:width\" content=\"1024\" \/>\n\t<meta property=\"og:image:height\" content=\"1024\" \/>\n\t<meta property=\"og:image:type\" content=\"image\/jpeg\" \/>\n<meta name=\"twitter:card\" content=\"summary_large_image\" \/>\n<meta name=\"twitter:image\" content=\"https:\/\/interpim.erresse-shop.it\/Import\/Prodotti\/le-creuset-padella-profonda-evolution-doppio-becco-26-cm-blu-caribe.jpg\" \/>\n<script type=\"application\/ld+json\" class=\"yoast-schema-graph\">{\"@context\":\"https:\/\/schema.org\",\"@graph\":[{\"@type\":\"WebPage\",\"@id\":\"https:\/\/dev6.erresse-shop.it\/de\/shop\/toepfe-pfannen\/le-creuset-bratpfanne-evolution-doppelschnabel-26-cm-karibik-blau\/\",\"url\":\"https:\/\/dev6.erresse-shop.it\/de\/shop\/toepfe-pfannen\/le-creuset-bratpfanne-evolution-doppelschnabel-26-cm-karibik-blau\/\",\"name\":\"LE CREUSET Bratpfanne Evolution Doppelschnabel 26 cm Karibik Blau - dev6 Erresse\",\"isPartOf\":{\"@id\":\"https:\/\/dev6.erresse-shop.it\/#website\"},\"primaryImageOfPage\":{\"@id\":\"https:\/\/dev6.erresse-shop.it\/de\/shop\/toepfe-pfannen\/le-creuset-bratpfanne-evolution-doppelschnabel-26-cm-karibik-blau\/#primaryimage\"},\"image\":{\"@id\":\"https:\/\/dev6.erresse-shop.it\/de\/shop\/toepfe-pfannen\/le-creuset-bratpfanne-evolution-doppelschnabel-26-cm-karibik-blau\/#primaryimage\"},\"thumbnailUrl\":\"https:\/\/i3.wp.com\/interpim.erresse-shop.it\/Import\/Prodotti\/le-creuset-padella-profonda-evolution-doppio-becco-26-cm-blu-caribe.jpg?ssl=1\",\"datePublished\":\"2026-04-04T11:10:36+00:00\",\"description\":\"Diese Pfanne ist aus unserem legend\u00e4ren emaillierten Gusseisen gefertigt und kann daher im Ofen oder auf dem Herd verwendet werden. Als wirklich\",\"breadcrumb\":{\"@id\":\"https:\/\/dev6.erresse-shop.it\/de\/shop\/toepfe-pfannen\/le-creuset-bratpfanne-evolution-doppelschnabel-26-cm-karibik-blau\/#breadcrumb\"},\"inLanguage\":\"de\",\"potentialAction\":[{\"@type\":\"ReadAction\",\"target\":[\"https:\/\/dev6.erresse-shop.it\/de\/shop\/toepfe-pfannen\/le-creuset-bratpfanne-evolution-doppelschnabel-26-cm-karibik-blau\/\"]}]},{\"@type\":\"ImageObject\",\"inLanguage\":\"de\",\"@id\":\"https:\/\/dev6.erresse-shop.it\/de\/shop\/toepfe-pfannen\/le-creuset-bratpfanne-evolution-doppelschnabel-26-cm-karibik-blau\/#primaryimage\",\"url\":\"https:\/\/i3.wp.com\/interpim.erresse-shop.it\/Import\/Prodotti\/le-creuset-padella-profonda-evolution-doppio-becco-26-cm-blu-caribe.jpg?ssl=1\",\"contentUrl\":\"https:\/\/i3.wp.com\/interpim.erresse-shop.it\/Import\/Prodotti\/le-creuset-padella-profonda-evolution-doppio-becco-26-cm-blu-caribe.jpg?ssl=1\"},{\"@type\":\"BreadcrumbList\",\"@id\":\"https:\/\/dev6.erresse-shop.it\/de\/shop\/toepfe-pfannen\/le-creuset-bratpfanne-evolution-doppelschnabel-26-cm-karibik-blau\/#breadcrumb\",\"itemListElement\":[{\"@type\":\"ListItem\",\"position\":1,\"name\":\"Home\",\"item\":\"https:\/\/dev6.erresse-shop.it\/\"},{\"@type\":\"ListItem\",\"position\":2,\"name\":\"Shop\",\"item\":\"https:\/\/dev6.erresse-shop.it\/shop\/\"},{\"@type\":\"ListItem\",\"position\":3,\"name\":\"LE CREUSET Bratpfanne Evolution Doppelschnabel 26 cm Karibik Blau\"}]},{\"@type\":\"WebSite\",\"@id\":\"https:\/\/dev6.erresse-shop.it\/#website\",\"url\":\"https:\/\/dev6.erresse-shop.it\/\",\"name\":\"Erresse Shop\",\"description\":\"\",\"publisher\":{\"@id\":\"https:\/\/dev6.erresse-shop.it\/#organization\"},\"potentialAction\":[{\"@type\":\"SearchAction\",\"target\":{\"@type\":\"EntryPoint\",\"urlTemplate\":\"https:\/\/dev6.erresse-shop.it\/?s={search_term_string}\"},\"query-input\":{\"@type\":\"PropertyValueSpecification\",\"valueRequired\":true,\"valueName\":\"search_term_string\"}}],\"inLanguage\":\"de\"},{\"@type\":\"Organization\",\"@id\":\"https:\/\/dev6.erresse-shop.it\/#organization\",\"name\":\"Erresse Shop\",\"url\":\"https:\/\/dev6.erresse-shop.it\/\",\"logo\":{\"@type\":\"ImageObject\",\"inLanguage\":\"de\",\"@id\":\"https:\/\/dev6.erresse-shop.it\/#\/schema\/logo\/image\/\",\"url\":\"https:\/\/dev6.erresse-shop.it\/wp-content\/uploads\/2025\/01\/LOGO-ERRESSE-CLASSICO.svg\",\"contentUrl\":\"https:\/\/dev6.erresse-shop.it\/wp-content\/uploads\/2025\/01\/LOGO-ERRESSE-CLASSICO.svg\",\"caption\":\"Erresse Shop\"},\"image\":{\"@id\":\"https:\/\/dev6.erresse-shop.it\/#\/schema\/logo\/image\/\"}}]}<\/script>\n<!-- \/ Yoast SEO plugin. -->","yoast_head_json":{"title":"LE CREUSET Bratpfanne Evolution Doppelschnabel 26 cm Karibik Blau - dev6 Erresse","description":"Diese Pfanne ist aus unserem legend\u00e4ren emaillierten Gusseisen gefertigt und kann daher im Ofen oder auf dem Herd verwendet werden. Als wirklich","robots":{"index":"noindex","follow":"follow","max-snippet":"max-snippet:-1","max-image-preview":"max-image-preview:large","max-video-preview":"max-video-preview:-1"},"og_locale":"de_DE","og_type":"article","og_title":"LE CREUSET Bratpfanne Evolution Doppelschnabel 26 cm Karibik Blau - dev6 Erresse","og_description":"Diese Pfanne ist aus unserem legend\u00e4ren emaillierten Gusseisen gefertigt und kann daher im Ofen oder auf dem Herd verwendet werden. Als wirklich","og_url":"https:\/\/dev6.erresse-shop.it\/de\/shop\/toepfe-pfannen\/le-creuset-bratpfanne-evolution-doppelschnabel-26-cm-karibik-blau\/","og_site_name":"dev6 Erresse","og_image":[{"url":"https:\/\/interpim.erresse-shop.it\/Import\/Prodotti\/le-creuset-padella-profonda-evolution-doppio-becco-26-cm-blu-caribe.jpg","type":"","width":"","height":""},{"url":"https:\/\/interpim.erresse-shop.it\/Import\/Prodotti\/le-creuset-padella-profonda-evolution-doppio-becco-26-cm-blu-caribe.jpg","width":1024,"height":1024,"type":"image\/jpeg"}],"twitter_card":"summary_large_image","twitter_image":"https:\/\/interpim.erresse-shop.it\/Import\/Prodotti\/le-creuset-padella-profonda-evolution-doppio-becco-26-cm-blu-caribe.jpg","schema":{"@context":"https:\/\/schema.org","@graph":[{"@type":"WebPage","@id":"https:\/\/dev6.erresse-shop.it\/de\/shop\/toepfe-pfannen\/le-creuset-bratpfanne-evolution-doppelschnabel-26-cm-karibik-blau\/","url":"https:\/\/dev6.erresse-shop.it\/de\/shop\/toepfe-pfannen\/le-creuset-bratpfanne-evolution-doppelschnabel-26-cm-karibik-blau\/","name":"LE CREUSET Bratpfanne Evolution Doppelschnabel 26 cm Karibik Blau - dev6 Erresse","isPartOf":{"@id":"https:\/\/dev6.erresse-shop.it\/#website"},"primaryImageOfPage":{"@id":"https:\/\/dev6.erresse-shop.it\/de\/shop\/toepfe-pfannen\/le-creuset-bratpfanne-evolution-doppelschnabel-26-cm-karibik-blau\/#primaryimage"},"image":{"@id":"https:\/\/dev6.erresse-shop.it\/de\/shop\/toepfe-pfannen\/le-creuset-bratpfanne-evolution-doppelschnabel-26-cm-karibik-blau\/#primaryimage"},"thumbnailUrl":"https:\/\/i3.wp.com\/interpim.erresse-shop.it\/Import\/Prodotti\/le-creuset-padella-profonda-evolution-doppio-becco-26-cm-blu-caribe.jpg?ssl=1","datePublished":"2026-04-04T11:10:36+00:00","description":"Diese Pfanne ist aus unserem legend\u00e4ren emaillierten Gusseisen gefertigt und kann daher im Ofen oder auf dem Herd verwendet werden. Als wirklich","breadcrumb":{"@id":"https:\/\/dev6.erresse-shop.it\/de\/shop\/toepfe-pfannen\/le-creuset-bratpfanne-evolution-doppelschnabel-26-cm-karibik-blau\/#breadcrumb"},"inLanguage":"de","potentialAction":[{"@type":"ReadAction","target":["https:\/\/dev6.erresse-shop.it\/de\/shop\/toepfe-pfannen\/le-creuset-bratpfanne-evolution-doppelschnabel-26-cm-karibik-blau\/"]}]},{"@type":"ImageObject","inLanguage":"de","@id":"https:\/\/dev6.erresse-shop.it\/de\/shop\/toepfe-pfannen\/le-creuset-bratpfanne-evolution-doppelschnabel-26-cm-karibik-blau\/#primaryimage","url":"https:\/\/i3.wp.com\/interpim.erresse-shop.it\/Import\/Prodotti\/le-creuset-padella-profonda-evolution-doppio-becco-26-cm-blu-caribe.jpg?ssl=1","contentUrl":"https:\/\/i3.wp.com\/interpim.erresse-shop.it\/Import\/Prodotti\/le-creuset-padella-profonda-evolution-doppio-becco-26-cm-blu-caribe.jpg?ssl=1"},{"@type":"BreadcrumbList","@id":"https:\/\/dev6.erresse-shop.it\/de\/shop\/toepfe-pfannen\/le-creuset-bratpfanne-evolution-doppelschnabel-26-cm-karibik-blau\/#breadcrumb","itemListElement":[{"@type":"ListItem","position":1,"name":"Home","item":"https:\/\/dev6.erresse-shop.it\/"},{"@type":"ListItem","position":2,"name":"Shop","item":"https:\/\/dev6.erresse-shop.it\/shop\/"},{"@type":"ListItem","position":3,"name":"LE CREUSET Bratpfanne Evolution Doppelschnabel 26 cm Karibik Blau"}]},{"@type":"WebSite","@id":"https:\/\/dev6.erresse-shop.it\/#website","url":"https:\/\/dev6.erresse-shop.it\/","name":"Erresse Shop","description":"","publisher":{"@id":"https:\/\/dev6.erresse-shop.it\/#organization"},"potentialAction":[{"@type":"SearchAction","target":{"@type":"EntryPoint","urlTemplate":"https:\/\/dev6.erresse-shop.it\/?s={search_term_string}"},"query-input":{"@type":"PropertyValueSpecification","valueRequired":true,"valueName":"search_term_string"}}],"inLanguage":"de"},{"@type":"Organization","@id":"https:\/\/dev6.erresse-shop.it\/#organization","name":"Erresse Shop","url":"https:\/\/dev6.erresse-shop.it\/","logo":{"@type":"ImageObject","inLanguage":"de","@id":"https:\/\/dev6.erresse-shop.it\/#\/schema\/logo\/image\/","url":"https:\/\/dev6.erresse-shop.it\/wp-content\/uploads\/2025\/01\/LOGO-ERRESSE-CLASSICO.svg","contentUrl":"https:\/\/dev6.erresse-shop.it\/wp-content\/uploads\/2025\/01\/LOGO-ERRESSE-CLASSICO.svg","caption":"Erresse Shop"},"image":{"@id":"https:\/\/dev6.erresse-shop.it\/#\/schema\/logo\/image\/"}}]}},"df_price":159.95,"df_sale_price":159.95,"df_regular_price":225,"df_image_link":"https:\/\/i3.wp.com\/interpim.erresse-shop.it\/Import\/Prodotti\/le-creuset-padella-profonda-evolution-doppio-becco-26-cm-blu-caribe.jpg?resize=300,300&ssl=1","fifu_image_url":"https:\/\/interpim.erresse-shop.it\/Import\/Prodotti\/le-creuset-padella-profonda-evolution-doppio-becco-26-cm-blu-caribe.jpg","_links":{"self":[{"href":"https:\/\/dev6.erresse-shop.it\/de\/wp-json\/wp\/v2\/product\/1600502","targetHints":{"allow":["GET"]}}],"collection":[{"href":"https:\/\/dev6.erresse-shop.it\/de\/wp-json\/wp\/v2\/product"}],"about":[{"href":"https:\/\/dev6.erresse-shop.it\/de\/wp-json\/wp\/v2\/types\/product"}],"wp:featuredmedia":[{"embeddable":true,"href":"https:\/\/dev6.erresse-shop.it\/de\/wp-json\/wp\/v2\/media\/6293009"}],"wp:attachment":[{"href":"https:\/\/dev6.erresse-shop.it\/de\/wp-json\/wp\/v2\/media?parent=1600502"}],"wp:term":[{"taxonomy":"product_cat","embeddable":true,"href":"https:\/\/dev6.erresse-shop.it\/de\/wp-json\/wp\/v2\/product_cat?post=1600502"},{"taxonomy":"product_tag","embeddable":true,"href":"https:\/\/dev6.erresse-shop.it\/de\/wp-json\/wp\/v2\/product_tag?post=1600502"}],"curies":[{"name":"wp","href":"https:\/\/api.w.org\/{rel}","templated":true}]}}