{"id":1600496,"date":"2026-04-04T13:07:56","date_gmt":"2026-04-04T11:07:56","guid":{"rendered":"https:\/\/dev6.erresse-shop.it\/shop\/unkategorisiert\/le-creuset-hohe-pfanne-aus-gusseisen-28-cm-azurblau\/"},"modified":"2025-09-14T03:03:27","modified_gmt":"2025-09-14T01:03:27","slug":"le-creuset-hohe-pfanne-aus-gusseisen-28-cm-azurblau","status":"publish","type":"product","link":"https:\/\/dev6.erresse-shop.it\/de\/shop\/toepfe-pfannen\/le-creuset-hohe-pfanne-aus-gusseisen-28-cm-azurblau\/","title":{"rendered":"LE CREUSET Hohe Pfanne aus Gusseisen 28 cm Azurblau"},"content":{"rendered":"<p>Mit unserer hohen Bratpfanne \u201eEvolution\u201c aus emailliertem Gusseisen wird das Braten und Sautieren zum Vergn\u00fcgen \u2013 perfekt f\u00fcr die Zubereitung einer Vielzahl k\u00f6stlicher Gerichte. Sie verf\u00fcgt \u00fcber h\u00f6here Seitenw\u00e4nde zum Kochen aller Lebensmittel, ein schlankes, modernes Design, einen Holzgriff, der nicht hei\u00df wird, und einen gro\u00dfen Griff, mit dem sich die Pfanne leicht greifen und bewegen l\u00e4sst. Verwenden Sie diese Pfanne auf jeder W\u00e4rmequelle au\u00dfer dem Ofen. Um auch den Griff zu sch\u00fctzen, d\u00fcrfen Sie es nicht in die Sp\u00fclmaschine geben.<\/p>\n<p>Toll schmeckendes Essen: Emailliertes Gusseisen speichert die W\u00e4rme f\u00fcr gleichm\u00e4\u00dfiges Garen und Br\u00e4unen. Auch am Tisch bleiben Ihre k\u00f6stlichen Kreationen l\u00e4nger warm.<br \/>\nEin wertvoller Helfer: Mit dem praktischen Tragegriff k\u00f6nnen Sie das Produkt m\u00fchelos anheben und vom Kochfeld in den Backofen oder auf den Tisch transportieren.<br \/>\nNicht zu hei\u00df: Kochen Sie bei gleichm\u00e4\u00dfiger, niedriger bis mittlerer Hitze, um Ihr Gusseisenprodukt zu schonen und k\u00f6stliche Ergebnisse zu erzielen.<br \/>\nWird mit der Zeit besser: Die glasierte Innenseite entwickelt eine nat\u00fcrliche Patina, die fast wie eine Antihaftoberfl\u00e4che wirkt. Seine Oberfl\u00e4che verf\u00fcgt \u00fcber Eigenschaften, die ein Anhaften der Speisen selbst bei geringeren \u00d6lmengen verhindern. Waschen Sie das Produkt ausschlie\u00dflich mit Wasser, damit sich eine Patina bilden kann.<br \/>\nUnsere Produkte werden aus den hochwertigsten Materialien in Fabriken auf der ganzen Welt hergestellt, um die Qualit\u00e4t zu liefern, die Sie von Le Creuset erwarten.<br \/>\nModerne Optik: Der Holzgriff hat ein edles Design und wird nicht hei\u00df.<\/p>\n<p>Material: glasiertes Gusseisen<br \/>\nHergestellt in: Frankreich<br \/>\nGarantie: Lebenslang<\/p>\n<p>W\u00e4rmequelle:<\/p>\n<p>Elektrokochfeld<br \/>\nGlaskeramik<br \/>\nGasplan<br \/>\nInduktionskochfeld<\/p>\n<p>Reinigung und Pflege:<\/p>\n<p>Warten Sie, bis das Produkt abgek\u00fchlt ist, bevor Sie mit der Reinigung beginnen.<br \/>\nEntfernen Sie s\u00e4mtliche R\u00fcckst\u00e4nde vom Boden und den Seiten des Produkts. Sollten Speisereste daran haften, f\u00fcllen Sie das Produkt mit warmem Seifenwasser und lassen Sie es 15\u201320 Minuten einweichen, bevor Sie es wie gewohnt sp\u00fclen.<br \/>\nVerwenden Sie auf keiner der Oberfl\u00e4chen Scheuermittel oder Metall, scheuernde oder sehr harte Schw\u00e4mme bzw. B\u00fcrsten.<br \/>\nNach dem Waschen gr\u00fcndlich abtrocknen und an einem trockenen Ort aufbewahren.<\/p>\n","protected":false},"excerpt":{"rendered":"<p>Mit unserer hohen Bratpfanne \u201eEvolution\u201c aus emailliertem Gusseisen wird das Braten und Sautieren zum Vergn\u00fcgen \u2013 perfekt f\u00fcr die Zubereitung einer Vielzahl k\u00f6stlicher Gerichte. Sie verf\u00fcgt \u00fcber h\u00f6here Seitenw\u00e4nde zum Kochen aller Lebensmittel, ein schlankes, modernes Design, einen Holzgriff, der nicht hei\u00df wird, und einen gro\u00dfen Griff, mit dem sich die Pfanne leicht greifen und [&hellip;]<\/p>\n","protected":false},"featured_media":6292979,"template":"","meta":{"_acf_changed":false},"product_cat":[12099],"product_tag":[],"class_list":{"0":"post-1600496","1":"product","2":"type-product","3":"status-publish","4":"has-post-thumbnail","6":"product_cat-toepfe-pfannen","8":"first","9":"instock","10":"sale","11":"taxable","12":"shipping-taxable","13":"purchasable","14":"product-type-simple","swatches":"rey-swatches","show_selected":"","stretch_labels":"rey-swatches--stretch-labels"},"acf":[],"yoast_head":"<!-- This site is optimized with the Yoast SEO plugin v25.4 - https:\/\/yoast.com\/wordpress\/plugins\/seo\/ -->\n<title>LE CREUSET Hohe Pfanne aus Gusseisen 28 cm Azurblau - dev6 Erresse<\/title>\n<meta name=\"description\" content=\"Mit unserer hohen Bratpfanne \u201eEvolution\u201c aus emailliertem Gusseisen wird das Braten und Sautieren zum Vergn\u00fcgen \u2013 perfekt f\u00fcr die Zubereitung einer\" \/>\n<meta name=\"robots\" content=\"noindex, follow, max-snippet:-1, max-image-preview:large, max-video-preview:-1\" \/>\n<meta property=\"og:locale\" content=\"de_DE\" \/>\n<meta property=\"og:type\" content=\"article\" \/>\n<meta property=\"og:title\" content=\"LE CREUSET Hohe Pfanne aus Gusseisen 28 cm Azurblau - dev6 Erresse\" \/>\n<meta property=\"og:description\" content=\"Mit unserer hohen Bratpfanne \u201eEvolution\u201c aus emailliertem Gusseisen wird das Braten und Sautieren zum Vergn\u00fcgen \u2013 perfekt f\u00fcr die Zubereitung einer\" \/>\n<meta property=\"og:url\" content=\"https:\/\/dev6.erresse-shop.it\/de\/shop\/toepfe-pfannen\/le-creuset-hohe-pfanne-aus-gusseisen-28-cm-azurblau\/\" \/>\n<meta property=\"og:site_name\" content=\"dev6 Erresse\" \/>\n<meta property=\"og:image\" content=\"https:\/\/interpim.erresse-shop.it\/Import\/Prodotti\/le-creuset-padella-alta-in-ghisa-28-cm-azure.jpg\" \/><meta property=\"og:image\" content=\"https:\/\/interpim.erresse-shop.it\/Import\/Prodotti\/le-creuset-padella-alta-in-ghisa-28-cm-azure.jpg\" \/>\n\t<meta property=\"og:image:width\" content=\"1024\" \/>\n\t<meta property=\"og:image:height\" content=\"1024\" \/>\n\t<meta property=\"og:image:type\" content=\"image\/jpeg\" \/>\n<meta name=\"twitter:card\" content=\"summary_large_image\" \/>\n<meta name=\"twitter:image\" content=\"https:\/\/interpim.erresse-shop.it\/Import\/Prodotti\/le-creuset-padella-alta-in-ghisa-28-cm-azure.jpg\" \/>\n<script type=\"application\/ld+json\" class=\"yoast-schema-graph\">{\"@context\":\"https:\/\/schema.org\",\"@graph\":[{\"@type\":\"WebPage\",\"@id\":\"https:\/\/dev6.erresse-shop.it\/de\/shop\/toepfe-pfannen\/le-creuset-hohe-pfanne-aus-gusseisen-28-cm-azurblau\/\",\"url\":\"https:\/\/dev6.erresse-shop.it\/de\/shop\/toepfe-pfannen\/le-creuset-hohe-pfanne-aus-gusseisen-28-cm-azurblau\/\",\"name\":\"LE CREUSET Hohe Pfanne aus Gusseisen 28 cm Azurblau - dev6 Erresse\",\"isPartOf\":{\"@id\":\"https:\/\/dev6.erresse-shop.it\/#website\"},\"primaryImageOfPage\":{\"@id\":\"https:\/\/dev6.erresse-shop.it\/de\/shop\/toepfe-pfannen\/le-creuset-hohe-pfanne-aus-gusseisen-28-cm-azurblau\/#primaryimage\"},\"image\":{\"@id\":\"https:\/\/dev6.erresse-shop.it\/de\/shop\/toepfe-pfannen\/le-creuset-hohe-pfanne-aus-gusseisen-28-cm-azurblau\/#primaryimage\"},\"thumbnailUrl\":\"https:\/\/i1.wp.com\/interpim.erresse-shop.it\/Import\/Prodotti\/le-creuset-padella-alta-in-ghisa-28-cm-azure.jpg?ssl=1\",\"datePublished\":\"2026-04-04T11:07:56+00:00\",\"description\":\"Mit unserer hohen Bratpfanne \u201eEvolution\u201c aus emailliertem Gusseisen wird das Braten und Sautieren zum Vergn\u00fcgen \u2013 perfekt f\u00fcr die Zubereitung einer\",\"breadcrumb\":{\"@id\":\"https:\/\/dev6.erresse-shop.it\/de\/shop\/toepfe-pfannen\/le-creuset-hohe-pfanne-aus-gusseisen-28-cm-azurblau\/#breadcrumb\"},\"inLanguage\":\"de\",\"potentialAction\":[{\"@type\":\"ReadAction\",\"target\":[\"https:\/\/dev6.erresse-shop.it\/de\/shop\/toepfe-pfannen\/le-creuset-hohe-pfanne-aus-gusseisen-28-cm-azurblau\/\"]}]},{\"@type\":\"ImageObject\",\"inLanguage\":\"de\",\"@id\":\"https:\/\/dev6.erresse-shop.it\/de\/shop\/toepfe-pfannen\/le-creuset-hohe-pfanne-aus-gusseisen-28-cm-azurblau\/#primaryimage\",\"url\":\"https:\/\/i1.wp.com\/interpim.erresse-shop.it\/Import\/Prodotti\/le-creuset-padella-alta-in-ghisa-28-cm-azure.jpg?ssl=1\",\"contentUrl\":\"https:\/\/i1.wp.com\/interpim.erresse-shop.it\/Import\/Prodotti\/le-creuset-padella-alta-in-ghisa-28-cm-azure.jpg?ssl=1\"},{\"@type\":\"BreadcrumbList\",\"@id\":\"https:\/\/dev6.erresse-shop.it\/de\/shop\/toepfe-pfannen\/le-creuset-hohe-pfanne-aus-gusseisen-28-cm-azurblau\/#breadcrumb\",\"itemListElement\":[{\"@type\":\"ListItem\",\"position\":1,\"name\":\"Home\",\"item\":\"https:\/\/dev6.erresse-shop.it\/\"},{\"@type\":\"ListItem\",\"position\":2,\"name\":\"Shop\",\"item\":\"https:\/\/dev6.erresse-shop.it\/shop\/\"},{\"@type\":\"ListItem\",\"position\":3,\"name\":\"LE CREUSET Hohe Pfanne aus Gusseisen 28 cm Azurblau\"}]},{\"@type\":\"WebSite\",\"@id\":\"https:\/\/dev6.erresse-shop.it\/#website\",\"url\":\"https:\/\/dev6.erresse-shop.it\/\",\"name\":\"Erresse Shop\",\"description\":\"\",\"publisher\":{\"@id\":\"https:\/\/dev6.erresse-shop.it\/#organization\"},\"potentialAction\":[{\"@type\":\"SearchAction\",\"target\":{\"@type\":\"EntryPoint\",\"urlTemplate\":\"https:\/\/dev6.erresse-shop.it\/?s={search_term_string}\"},\"query-input\":{\"@type\":\"PropertyValueSpecification\",\"valueRequired\":true,\"valueName\":\"search_term_string\"}}],\"inLanguage\":\"de\"},{\"@type\":\"Organization\",\"@id\":\"https:\/\/dev6.erresse-shop.it\/#organization\",\"name\":\"Erresse Shop\",\"url\":\"https:\/\/dev6.erresse-shop.it\/\",\"logo\":{\"@type\":\"ImageObject\",\"inLanguage\":\"de\",\"@id\":\"https:\/\/dev6.erresse-shop.it\/#\/schema\/logo\/image\/\",\"url\":\"https:\/\/dev6.erresse-shop.it\/wp-content\/uploads\/2025\/01\/LOGO-ERRESSE-CLASSICO.svg\",\"contentUrl\":\"https:\/\/dev6.erresse-shop.it\/wp-content\/uploads\/2025\/01\/LOGO-ERRESSE-CLASSICO.svg\",\"caption\":\"Erresse Shop\"},\"image\":{\"@id\":\"https:\/\/dev6.erresse-shop.it\/#\/schema\/logo\/image\/\"}}]}<\/script>\n<!-- \/ Yoast SEO plugin. -->","yoast_head_json":{"title":"LE CREUSET Hohe Pfanne aus Gusseisen 28 cm Azurblau - dev6 Erresse","description":"Mit unserer hohen Bratpfanne \u201eEvolution\u201c aus emailliertem Gusseisen wird das Braten und Sautieren zum Vergn\u00fcgen \u2013 perfekt f\u00fcr die Zubereitung einer","robots":{"index":"noindex","follow":"follow","max-snippet":"max-snippet:-1","max-image-preview":"max-image-preview:large","max-video-preview":"max-video-preview:-1"},"og_locale":"de_DE","og_type":"article","og_title":"LE CREUSET Hohe Pfanne aus Gusseisen 28 cm Azurblau - dev6 Erresse","og_description":"Mit unserer hohen Bratpfanne \u201eEvolution\u201c aus emailliertem Gusseisen wird das Braten und Sautieren zum Vergn\u00fcgen \u2013 perfekt f\u00fcr die Zubereitung einer","og_url":"https:\/\/dev6.erresse-shop.it\/de\/shop\/toepfe-pfannen\/le-creuset-hohe-pfanne-aus-gusseisen-28-cm-azurblau\/","og_site_name":"dev6 Erresse","og_image":[{"url":"https:\/\/interpim.erresse-shop.it\/Import\/Prodotti\/le-creuset-padella-alta-in-ghisa-28-cm-azure.jpg","type":"","width":"","height":""},{"url":"https:\/\/interpim.erresse-shop.it\/Import\/Prodotti\/le-creuset-padella-alta-in-ghisa-28-cm-azure.jpg","width":1024,"height":1024,"type":"image\/jpeg"}],"twitter_card":"summary_large_image","twitter_image":"https:\/\/interpim.erresse-shop.it\/Import\/Prodotti\/le-creuset-padella-alta-in-ghisa-28-cm-azure.jpg","schema":{"@context":"https:\/\/schema.org","@graph":[{"@type":"WebPage","@id":"https:\/\/dev6.erresse-shop.it\/de\/shop\/toepfe-pfannen\/le-creuset-hohe-pfanne-aus-gusseisen-28-cm-azurblau\/","url":"https:\/\/dev6.erresse-shop.it\/de\/shop\/toepfe-pfannen\/le-creuset-hohe-pfanne-aus-gusseisen-28-cm-azurblau\/","name":"LE CREUSET Hohe Pfanne aus Gusseisen 28 cm Azurblau - dev6 Erresse","isPartOf":{"@id":"https:\/\/dev6.erresse-shop.it\/#website"},"primaryImageOfPage":{"@id":"https:\/\/dev6.erresse-shop.it\/de\/shop\/toepfe-pfannen\/le-creuset-hohe-pfanne-aus-gusseisen-28-cm-azurblau\/#primaryimage"},"image":{"@id":"https:\/\/dev6.erresse-shop.it\/de\/shop\/toepfe-pfannen\/le-creuset-hohe-pfanne-aus-gusseisen-28-cm-azurblau\/#primaryimage"},"thumbnailUrl":"https:\/\/i1.wp.com\/interpim.erresse-shop.it\/Import\/Prodotti\/le-creuset-padella-alta-in-ghisa-28-cm-azure.jpg?ssl=1","datePublished":"2026-04-04T11:07:56+00:00","description":"Mit unserer hohen Bratpfanne \u201eEvolution\u201c aus emailliertem Gusseisen wird das Braten und Sautieren zum Vergn\u00fcgen \u2013 perfekt f\u00fcr die Zubereitung einer","breadcrumb":{"@id":"https:\/\/dev6.erresse-shop.it\/de\/shop\/toepfe-pfannen\/le-creuset-hohe-pfanne-aus-gusseisen-28-cm-azurblau\/#breadcrumb"},"inLanguage":"de","potentialAction":[{"@type":"ReadAction","target":["https:\/\/dev6.erresse-shop.it\/de\/shop\/toepfe-pfannen\/le-creuset-hohe-pfanne-aus-gusseisen-28-cm-azurblau\/"]}]},{"@type":"ImageObject","inLanguage":"de","@id":"https:\/\/dev6.erresse-shop.it\/de\/shop\/toepfe-pfannen\/le-creuset-hohe-pfanne-aus-gusseisen-28-cm-azurblau\/#primaryimage","url":"https:\/\/i1.wp.com\/interpim.erresse-shop.it\/Import\/Prodotti\/le-creuset-padella-alta-in-ghisa-28-cm-azure.jpg?ssl=1","contentUrl":"https:\/\/i1.wp.com\/interpim.erresse-shop.it\/Import\/Prodotti\/le-creuset-padella-alta-in-ghisa-28-cm-azure.jpg?ssl=1"},{"@type":"BreadcrumbList","@id":"https:\/\/dev6.erresse-shop.it\/de\/shop\/toepfe-pfannen\/le-creuset-hohe-pfanne-aus-gusseisen-28-cm-azurblau\/#breadcrumb","itemListElement":[{"@type":"ListItem","position":1,"name":"Home","item":"https:\/\/dev6.erresse-shop.it\/"},{"@type":"ListItem","position":2,"name":"Shop","item":"https:\/\/dev6.erresse-shop.it\/shop\/"},{"@type":"ListItem","position":3,"name":"LE CREUSET Hohe Pfanne aus Gusseisen 28 cm Azurblau"}]},{"@type":"WebSite","@id":"https:\/\/dev6.erresse-shop.it\/#website","url":"https:\/\/dev6.erresse-shop.it\/","name":"Erresse Shop","description":"","publisher":{"@id":"https:\/\/dev6.erresse-shop.it\/#organization"},"potentialAction":[{"@type":"SearchAction","target":{"@type":"EntryPoint","urlTemplate":"https:\/\/dev6.erresse-shop.it\/?s={search_term_string}"},"query-input":{"@type":"PropertyValueSpecification","valueRequired":true,"valueName":"search_term_string"}}],"inLanguage":"de"},{"@type":"Organization","@id":"https:\/\/dev6.erresse-shop.it\/#organization","name":"Erresse Shop","url":"https:\/\/dev6.erresse-shop.it\/","logo":{"@type":"ImageObject","inLanguage":"de","@id":"https:\/\/dev6.erresse-shop.it\/#\/schema\/logo\/image\/","url":"https:\/\/dev6.erresse-shop.it\/wp-content\/uploads\/2025\/01\/LOGO-ERRESSE-CLASSICO.svg","contentUrl":"https:\/\/dev6.erresse-shop.it\/wp-content\/uploads\/2025\/01\/LOGO-ERRESSE-CLASSICO.svg","caption":"Erresse Shop"},"image":{"@id":"https:\/\/dev6.erresse-shop.it\/#\/schema\/logo\/image\/"}}]}},"df_price":179.95,"df_sale_price":179.95,"df_regular_price":265,"df_image_link":"https:\/\/i1.wp.com\/interpim.erresse-shop.it\/Import\/Prodotti\/le-creuset-padella-alta-in-ghisa-28-cm-azure.jpg?resize=300,300&ssl=1","fifu_image_url":"https:\/\/interpim.erresse-shop.it\/Import\/Prodotti\/le-creuset-padella-alta-in-ghisa-28-cm-azure.jpg","_links":{"self":[{"href":"https:\/\/dev6.erresse-shop.it\/de\/wp-json\/wp\/v2\/product\/1600496","targetHints":{"allow":["GET"]}}],"collection":[{"href":"https:\/\/dev6.erresse-shop.it\/de\/wp-json\/wp\/v2\/product"}],"about":[{"href":"https:\/\/dev6.erresse-shop.it\/de\/wp-json\/wp\/v2\/types\/product"}],"wp:featuredmedia":[{"embeddable":true,"href":"https:\/\/dev6.erresse-shop.it\/de\/wp-json\/wp\/v2\/media\/6292979"}],"wp:attachment":[{"href":"https:\/\/dev6.erresse-shop.it\/de\/wp-json\/wp\/v2\/media?parent=1600496"}],"wp:term":[{"taxonomy":"product_cat","embeddable":true,"href":"https:\/\/dev6.erresse-shop.it\/de\/wp-json\/wp\/v2\/product_cat?post=1600496"},{"taxonomy":"product_tag","embeddable":true,"href":"https:\/\/dev6.erresse-shop.it\/de\/wp-json\/wp\/v2\/product_tag?post=1600496"}],"curies":[{"name":"wp","href":"https:\/\/api.w.org\/{rel}","templated":true}]}}