{"id":1600490,"date":"2026-04-04T14:52:35","date_gmt":"2026-04-04T12:52:35","guid":{"rendered":"https:\/\/dev6.erresse-shop.it\/shop\/unkategorisiert\/marcato-nudelmaschine-atlas-150-gruen\/"},"modified":"2025-07-04T15:30:43","modified_gmt":"2025-07-04T13:30:43","slug":"marcato-nudelmaschine-atlas-150-gruen","status":"publish","type":"product","link":"https:\/\/dev6.erresse-shop.it\/de\/shop\/kuche\/nudelmaschinen\/marcato-nudelmaschine-atlas-150-gruen\/","title":{"rendered":"MARCATO Nudelmaschine Atlas 150 Gr\u00fcn"},"content":{"rendered":"<p style=\"text-align: justify;\">Die beliebteste Nudelmaschine im Haus. Ikone f\u00fcr Design Made in Italy.<br \/>\nMit dem Atlas 150 k\u00f6nnen Sie dank des umfangreichen Zubeh\u00f6rs problemlos Lasagne, Fettuccine, Tagliolini und 13 weitere Nudelformen herstellen.<br \/>\nAtlas 150 ist aus verchromtem Stahl oder in 7 verschiedenen Farben aus eloxiertem Aluminium erh\u00e4ltlich.<\/p>\n<p style=\"text-align: justify;\">F\u00fcr Liebhaber des italienischen Designs und Stils<br \/>\nDie Wahl Ihrer neuen Nudelmaschine ist ein besonderer Moment, deshalb haben wir verschiedene Ausf\u00fchrungen geschaffen, die Ihrem Stil entsprechen.<\/p>\n<p style=\"text-align: justify;\">Das Moderne in farbigem Aluminium<br \/>\nWir haben uns f\u00fcr eloxiertes Aluminium entschieden, um Ihnen ein farbiges Produkt von h\u00f6chster Qualit\u00e4t und gesundheitlich unbedenklich zu garantieren. Ein wichtiges Merkmal, das die Atlas 150 zur einzigen vollst\u00e4ndig eloxierten Maschine macht, die in Kontakt mit Lebensmitteln verwendet werden kann.<\/p>\n<p style=\"text-align: justify;\">BEREITEN WIR NUDELN ZU<\/p>\n<p style=\"text-align: justify;\">250 g Weichweizenmehl Typ \u201c00<br \/>\n250 g Hartweizenmehl (Grie\u00df)<br \/>\n5 ganze Eier und Wasser bis zu einer Gesamtmenge von 250 g<\/p>\n<p style=\"text-align: justify;\">Geben Sie das Mehl in eine Sch\u00fcssel; f\u00fcgen Sie die Eier und das Wasser dazwischen. Verr\u00fchren Sie die Eier und das Wasser mit einer Gabel, um sie vollst\u00e4ndig mit dem Mehl zu vermischen. Kein Salz hinzuf\u00fcgen!<br \/>\nBearbeiten Sie den Teig mit den H\u00e4nden, bis er vollst\u00e4ndig homogen und konsistent ist. Wenn der Teig zu trocken ist, Wasser hinzuf\u00fcgen, wenn er zu weich ist, Mehl hinzuf\u00fcgen. Ein guter Teig sollte nie an den Fingern kleben. Nehmen Sie den Teig aus der Sch\u00fcssel und legen Sie ihn auf eine leicht bemehlte Arbeitsfl\u00e4che. Bearbeiten Sie den Teig bei Bedarf weiter mit den H\u00e4nden und schneiden Sie ihn in kleine St\u00fccke.<\/p>\n","protected":false},"excerpt":{"rendered":"<p>Die beliebteste Nudelmaschine im Haus. Ikone f\u00fcr Design Made in Italy. Mit dem Atlas 150 k\u00f6nnen Sie dank des umfangreichen Zubeh\u00f6rs problemlos Lasagne, Fettuccine, Tagliolini und 13 weitere Nudelformen herstellen. Atlas 150 ist aus verchromtem Stahl oder in 7 verschiedenen Farben aus eloxiertem Aluminium erh\u00e4ltlich. F\u00fcr Liebhaber des italienischen Designs und Stils Die Wahl Ihrer [&hellip;]<\/p>\n","protected":false},"featured_media":6298307,"template":"","meta":{"_acf_changed":false},"product_cat":[12100,12160],"product_tag":[],"class_list":{"0":"post-1600490","1":"product","2":"type-product","3":"status-publish","4":"has-post-thumbnail","6":"product_cat-kuche","7":"product_cat-nudelmaschinen","9":"first","10":"instock","11":"taxable","12":"shipping-taxable","13":"product-type-simple","swatches":"rey-swatches","show_selected":"","stretch_labels":"rey-swatches--stretch-labels"},"acf":[],"yoast_head":"<!-- This site is optimized with the Yoast SEO plugin v25.4 - https:\/\/yoast.com\/wordpress\/plugins\/seo\/ -->\n<title>MARCATO Nudelmaschine Atlas 150 Gr\u00fcn - dev6 Erresse<\/title>\n<meta name=\"description\" content=\"Die beliebteste Nudelmaschine im Haus. Ikone f\u00fcr Design Made in Italy. Mit dem Atlas 150 k\u00f6nnen Sie dank des umfangreichen Zubeh\u00f6rs problemlos Lasagne,\" \/>\n<meta name=\"robots\" content=\"noindex, follow, max-snippet:-1, max-image-preview:large, max-video-preview:-1\" \/>\n<meta property=\"og:locale\" content=\"de_DE\" \/>\n<meta property=\"og:type\" content=\"article\" \/>\n<meta property=\"og:title\" content=\"MARCATO Nudelmaschine Atlas 150 Gr\u00fcn - dev6 Erresse\" \/>\n<meta property=\"og:description\" content=\"Die beliebteste Nudelmaschine im Haus. Ikone f\u00fcr Design Made in Italy. Mit dem Atlas 150 k\u00f6nnen Sie dank des umfangreichen Zubeh\u00f6rs problemlos Lasagne,\" \/>\n<meta property=\"og:url\" content=\"https:\/\/dev6.erresse-shop.it\/de\/shop\/kuche\/nudelmaschinen\/marcato-nudelmaschine-atlas-150-gruen\/\" \/>\n<meta property=\"og:site_name\" content=\"dev6 Erresse\" \/>\n<meta property=\"og:image\" content=\"https:\/\/interpim.erresse-shop.it\/wp-content\/uploads\/2025\/01\/MARCATO-Macchina-per-Pasta-Atlas-150-Verde.jpg\/marcato-macchina-per-pasta-atlas-150-verde.jpg\" \/><meta property=\"og:image\" content=\"https:\/\/interpim.erresse-shop.it\/wp-content\/uploads\/2025\/01\/MARCATO-Macchina-per-Pasta-Atlas-150-Verde.jpg\/marcato-macchina-per-pasta-atlas-150-verde.jpg\" \/>\n\t<meta property=\"og:image:width\" content=\"1024\" \/>\n\t<meta property=\"og:image:height\" content=\"1024\" \/>\n\t<meta property=\"og:image:type\" content=\"image\/jpeg\" \/>\n<meta name=\"twitter:card\" content=\"summary_large_image\" \/>\n<meta name=\"twitter:image\" content=\"https:\/\/interpim.erresse-shop.it\/wp-content\/uploads\/2025\/01\/MARCATO-Macchina-per-Pasta-Atlas-150-Verde.jpg\/marcato-macchina-per-pasta-atlas-150-verde.jpg\" \/>\n<script type=\"application\/ld+json\" class=\"yoast-schema-graph\">{\"@context\":\"https:\/\/schema.org\",\"@graph\":[{\"@type\":\"WebPage\",\"@id\":\"https:\/\/dev6.erresse-shop.it\/de\/shop\/kuche\/nudelmaschinen\/marcato-nudelmaschine-atlas-150-gruen\/\",\"url\":\"https:\/\/dev6.erresse-shop.it\/de\/shop\/kuche\/nudelmaschinen\/marcato-nudelmaschine-atlas-150-gruen\/\",\"name\":\"MARCATO Nudelmaschine Atlas 150 Gr\u00fcn - dev6 Erresse\",\"isPartOf\":{\"@id\":\"https:\/\/dev6.erresse-shop.it\/#website\"},\"primaryImageOfPage\":{\"@id\":\"https:\/\/dev6.erresse-shop.it\/de\/shop\/kuche\/nudelmaschinen\/marcato-nudelmaschine-atlas-150-gruen\/#primaryimage\"},\"image\":{\"@id\":\"https:\/\/dev6.erresse-shop.it\/de\/shop\/kuche\/nudelmaschinen\/marcato-nudelmaschine-atlas-150-gruen\/#primaryimage\"},\"thumbnailUrl\":\"https:\/\/i2.wp.com\/interpim.erresse-shop.it\/wp-content\/uploads\/2025\/01\/MARCATO-Macchina-per-Pasta-Atlas-150-Verde.jpg\/marcato-macchina-per-pasta-atlas-150-verde.jpg?ssl=1\",\"datePublished\":\"2026-04-04T12:52:35+00:00\",\"description\":\"Die beliebteste Nudelmaschine im Haus. Ikone f\u00fcr Design Made in Italy. Mit dem Atlas 150 k\u00f6nnen Sie dank des umfangreichen Zubeh\u00f6rs problemlos Lasagne,\",\"breadcrumb\":{\"@id\":\"https:\/\/dev6.erresse-shop.it\/de\/shop\/kuche\/nudelmaschinen\/marcato-nudelmaschine-atlas-150-gruen\/#breadcrumb\"},\"inLanguage\":\"de\",\"potentialAction\":[{\"@type\":\"ReadAction\",\"target\":[\"https:\/\/dev6.erresse-shop.it\/de\/shop\/kuche\/nudelmaschinen\/marcato-nudelmaschine-atlas-150-gruen\/\"]}]},{\"@type\":\"ImageObject\",\"inLanguage\":\"de\",\"@id\":\"https:\/\/dev6.erresse-shop.it\/de\/shop\/kuche\/nudelmaschinen\/marcato-nudelmaschine-atlas-150-gruen\/#primaryimage\",\"url\":\"https:\/\/i2.wp.com\/interpim.erresse-shop.it\/wp-content\/uploads\/2025\/01\/MARCATO-Macchina-per-Pasta-Atlas-150-Verde.jpg\/marcato-macchina-per-pasta-atlas-150-verde.jpg?ssl=1\",\"contentUrl\":\"https:\/\/i2.wp.com\/interpim.erresse-shop.it\/wp-content\/uploads\/2025\/01\/MARCATO-Macchina-per-Pasta-Atlas-150-Verde.jpg\/marcato-macchina-per-pasta-atlas-150-verde.jpg?ssl=1\"},{\"@type\":\"BreadcrumbList\",\"@id\":\"https:\/\/dev6.erresse-shop.it\/de\/shop\/kuche\/nudelmaschinen\/marcato-nudelmaschine-atlas-150-gruen\/#breadcrumb\",\"itemListElement\":[{\"@type\":\"ListItem\",\"position\":1,\"name\":\"Home\",\"item\":\"https:\/\/dev6.erresse-shop.it\/\"},{\"@type\":\"ListItem\",\"position\":2,\"name\":\"Shop\",\"item\":\"https:\/\/dev6.erresse-shop.it\/shop\/\"},{\"@type\":\"ListItem\",\"position\":3,\"name\":\"MARCATO Nudelmaschine Atlas 150 Gr\u00fcn\"}]},{\"@type\":\"WebSite\",\"@id\":\"https:\/\/dev6.erresse-shop.it\/#website\",\"url\":\"https:\/\/dev6.erresse-shop.it\/\",\"name\":\"Erresse Shop\",\"description\":\"\",\"publisher\":{\"@id\":\"https:\/\/dev6.erresse-shop.it\/#organization\"},\"potentialAction\":[{\"@type\":\"SearchAction\",\"target\":{\"@type\":\"EntryPoint\",\"urlTemplate\":\"https:\/\/dev6.erresse-shop.it\/?s={search_term_string}\"},\"query-input\":{\"@type\":\"PropertyValueSpecification\",\"valueRequired\":true,\"valueName\":\"search_term_string\"}}],\"inLanguage\":\"de\"},{\"@type\":\"Organization\",\"@id\":\"https:\/\/dev6.erresse-shop.it\/#organization\",\"name\":\"Erresse Shop\",\"url\":\"https:\/\/dev6.erresse-shop.it\/\",\"logo\":{\"@type\":\"ImageObject\",\"inLanguage\":\"de\",\"@id\":\"https:\/\/dev6.erresse-shop.it\/#\/schema\/logo\/image\/\",\"url\":\"https:\/\/dev6.erresse-shop.it\/wp-content\/uploads\/2025\/01\/LOGO-ERRESSE-CLASSICO.svg\",\"contentUrl\":\"https:\/\/dev6.erresse-shop.it\/wp-content\/uploads\/2025\/01\/LOGO-ERRESSE-CLASSICO.svg\",\"caption\":\"Erresse Shop\"},\"image\":{\"@id\":\"https:\/\/dev6.erresse-shop.it\/#\/schema\/logo\/image\/\"}}]}<\/script>\n<!-- \/ Yoast SEO plugin. -->","yoast_head_json":{"title":"MARCATO Nudelmaschine Atlas 150 Gr\u00fcn - dev6 Erresse","description":"Die beliebteste Nudelmaschine im Haus. Ikone f\u00fcr Design Made in Italy. Mit dem Atlas 150 k\u00f6nnen Sie dank des umfangreichen Zubeh\u00f6rs problemlos Lasagne,","robots":{"index":"noindex","follow":"follow","max-snippet":"max-snippet:-1","max-image-preview":"max-image-preview:large","max-video-preview":"max-video-preview:-1"},"og_locale":"de_DE","og_type":"article","og_title":"MARCATO Nudelmaschine Atlas 150 Gr\u00fcn - dev6 Erresse","og_description":"Die beliebteste Nudelmaschine im Haus. Ikone f\u00fcr Design Made in Italy. Mit dem Atlas 150 k\u00f6nnen Sie dank des umfangreichen Zubeh\u00f6rs problemlos Lasagne,","og_url":"https:\/\/dev6.erresse-shop.it\/de\/shop\/kuche\/nudelmaschinen\/marcato-nudelmaschine-atlas-150-gruen\/","og_site_name":"dev6 Erresse","og_image":[{"url":"https:\/\/interpim.erresse-shop.it\/wp-content\/uploads\/2025\/01\/MARCATO-Macchina-per-Pasta-Atlas-150-Verde.jpg\/marcato-macchina-per-pasta-atlas-150-verde.jpg","type":"","width":"","height":""},{"url":"https:\/\/interpim.erresse-shop.it\/wp-content\/uploads\/2025\/01\/MARCATO-Macchina-per-Pasta-Atlas-150-Verde.jpg\/marcato-macchina-per-pasta-atlas-150-verde.jpg","width":1024,"height":1024,"type":"image\/jpeg"}],"twitter_card":"summary_large_image","twitter_image":"https:\/\/interpim.erresse-shop.it\/wp-content\/uploads\/2025\/01\/MARCATO-Macchina-per-Pasta-Atlas-150-Verde.jpg\/marcato-macchina-per-pasta-atlas-150-verde.jpg","schema":{"@context":"https:\/\/schema.org","@graph":[{"@type":"WebPage","@id":"https:\/\/dev6.erresse-shop.it\/de\/shop\/kuche\/nudelmaschinen\/marcato-nudelmaschine-atlas-150-gruen\/","url":"https:\/\/dev6.erresse-shop.it\/de\/shop\/kuche\/nudelmaschinen\/marcato-nudelmaschine-atlas-150-gruen\/","name":"MARCATO Nudelmaschine Atlas 150 Gr\u00fcn - dev6 Erresse","isPartOf":{"@id":"https:\/\/dev6.erresse-shop.it\/#website"},"primaryImageOfPage":{"@id":"https:\/\/dev6.erresse-shop.it\/de\/shop\/kuche\/nudelmaschinen\/marcato-nudelmaschine-atlas-150-gruen\/#primaryimage"},"image":{"@id":"https:\/\/dev6.erresse-shop.it\/de\/shop\/kuche\/nudelmaschinen\/marcato-nudelmaschine-atlas-150-gruen\/#primaryimage"},"thumbnailUrl":"https:\/\/i2.wp.com\/interpim.erresse-shop.it\/wp-content\/uploads\/2025\/01\/MARCATO-Macchina-per-Pasta-Atlas-150-Verde.jpg\/marcato-macchina-per-pasta-atlas-150-verde.jpg?ssl=1","datePublished":"2026-04-04T12:52:35+00:00","description":"Die beliebteste Nudelmaschine im Haus. Ikone f\u00fcr Design Made in Italy. Mit dem Atlas 150 k\u00f6nnen Sie dank des umfangreichen Zubeh\u00f6rs problemlos Lasagne,","breadcrumb":{"@id":"https:\/\/dev6.erresse-shop.it\/de\/shop\/kuche\/nudelmaschinen\/marcato-nudelmaschine-atlas-150-gruen\/#breadcrumb"},"inLanguage":"de","potentialAction":[{"@type":"ReadAction","target":["https:\/\/dev6.erresse-shop.it\/de\/shop\/kuche\/nudelmaschinen\/marcato-nudelmaschine-atlas-150-gruen\/"]}]},{"@type":"ImageObject","inLanguage":"de","@id":"https:\/\/dev6.erresse-shop.it\/de\/shop\/kuche\/nudelmaschinen\/marcato-nudelmaschine-atlas-150-gruen\/#primaryimage","url":"https:\/\/i2.wp.com\/interpim.erresse-shop.it\/wp-content\/uploads\/2025\/01\/MARCATO-Macchina-per-Pasta-Atlas-150-Verde.jpg\/marcato-macchina-per-pasta-atlas-150-verde.jpg?ssl=1","contentUrl":"https:\/\/i2.wp.com\/interpim.erresse-shop.it\/wp-content\/uploads\/2025\/01\/MARCATO-Macchina-per-Pasta-Atlas-150-Verde.jpg\/marcato-macchina-per-pasta-atlas-150-verde.jpg?ssl=1"},{"@type":"BreadcrumbList","@id":"https:\/\/dev6.erresse-shop.it\/de\/shop\/kuche\/nudelmaschinen\/marcato-nudelmaschine-atlas-150-gruen\/#breadcrumb","itemListElement":[{"@type":"ListItem","position":1,"name":"Home","item":"https:\/\/dev6.erresse-shop.it\/"},{"@type":"ListItem","position":2,"name":"Shop","item":"https:\/\/dev6.erresse-shop.it\/shop\/"},{"@type":"ListItem","position":3,"name":"MARCATO Nudelmaschine Atlas 150 Gr\u00fcn"}]},{"@type":"WebSite","@id":"https:\/\/dev6.erresse-shop.it\/#website","url":"https:\/\/dev6.erresse-shop.it\/","name":"Erresse Shop","description":"","publisher":{"@id":"https:\/\/dev6.erresse-shop.it\/#organization"},"potentialAction":[{"@type":"SearchAction","target":{"@type":"EntryPoint","urlTemplate":"https:\/\/dev6.erresse-shop.it\/?s={search_term_string}"},"query-input":{"@type":"PropertyValueSpecification","valueRequired":true,"valueName":"search_term_string"}}],"inLanguage":"de"},{"@type":"Organization","@id":"https:\/\/dev6.erresse-shop.it\/#organization","name":"Erresse Shop","url":"https:\/\/dev6.erresse-shop.it\/","logo":{"@type":"ImageObject","inLanguage":"de","@id":"https:\/\/dev6.erresse-shop.it\/#\/schema\/logo\/image\/","url":"https:\/\/dev6.erresse-shop.it\/wp-content\/uploads\/2025\/01\/LOGO-ERRESSE-CLASSICO.svg","contentUrl":"https:\/\/dev6.erresse-shop.it\/wp-content\/uploads\/2025\/01\/LOGO-ERRESSE-CLASSICO.svg","caption":"Erresse Shop"},"image":{"@id":"https:\/\/dev6.erresse-shop.it\/#\/schema\/logo\/image\/"}}]}},"df_price":"","df_sale_price":"","df_regular_price":"","df_image_link":"https:\/\/i2.wp.com\/interpim.erresse-shop.it\/wp-content\/uploads\/2025\/01\/MARCATO-Macchina-per-Pasta-Atlas-150-Verde.jpg\/marcato-macchina-per-pasta-atlas-150-verde.jpg?resize=300,300&ssl=1","fifu_image_url":"https:\/\/interpim.erresse-shop.it\/wp-content\/uploads\/2025\/01\/MARCATO-Macchina-per-Pasta-Atlas-150-Verde.jpg\/marcato-macchina-per-pasta-atlas-150-verde.jpg","_links":{"self":[{"href":"https:\/\/dev6.erresse-shop.it\/de\/wp-json\/wp\/v2\/product\/1600490","targetHints":{"allow":["GET"]}}],"collection":[{"href":"https:\/\/dev6.erresse-shop.it\/de\/wp-json\/wp\/v2\/product"}],"about":[{"href":"https:\/\/dev6.erresse-shop.it\/de\/wp-json\/wp\/v2\/types\/product"}],"wp:featuredmedia":[{"embeddable":true,"href":"https:\/\/dev6.erresse-shop.it\/de\/wp-json\/wp\/v2\/media\/6298307"}],"wp:attachment":[{"href":"https:\/\/dev6.erresse-shop.it\/de\/wp-json\/wp\/v2\/media?parent=1600490"}],"wp:term":[{"taxonomy":"product_cat","embeddable":true,"href":"https:\/\/dev6.erresse-shop.it\/de\/wp-json\/wp\/v2\/product_cat?post=1600490"},{"taxonomy":"product_tag","embeddable":true,"href":"https:\/\/dev6.erresse-shop.it\/de\/wp-json\/wp\/v2\/product_tag?post=1600490"}],"curies":[{"name":"wp","href":"https:\/\/api.w.org\/{rel}","templated":true}]}}