{"id":1600408,"date":"2026-04-12T13:05:20","date_gmt":"2026-04-12T11:05:20","guid":{"rendered":"https:\/\/dev6.erresse-shop.it\/shop\/unkategorisiert\/bordallo-pinheiro-teekanne-kohl-2\/"},"modified":"2026-01-09T02:03:15","modified_gmt":"2026-01-09T01:03:15","slug":"bordallo-pinheiro-teekanne-kohl-2","status":"publish","type":"product","link":"https:\/\/dev6.erresse-shop.it\/de\/shop\/tisch\/teekannen-zuckerdosen-milchkannen\/bordallo-pinheiro-teekanne-kohl-2\/","title":{"rendered":"BORDALLO PINHEIRO Teekanne Kohl"},"content":{"rendered":"<p>Der Kohl in seiner rohen, flachen Form k\u00f6nnte als Metapher f\u00fcr die b\u00e4uerliche Lebensweise in Portugal dienen, die Bordallo so oft karikiert hatte. Dies ist eine geschickte Art und Weise, ihn zu ehren, indem man ihn auf die Tische der Bourgeoisie bringt, wo er sonst nie zu finden gewesen w\u00e4re.<\/p>\n<p>Handdekoriert. Geeignet f\u00fcr die Verwendung in der Mikrowelle. Nicht im Backofen verwenden. H\u00e4lt keinen Temperaturschock aus. Sp\u00fclmaschinenfest.<\/p>\n<p>Material: Terrakotta<br \/>\nBreite 31,7 cm<br \/>\nTiefe 21,6 cm<br \/>\nH\u00f6he 15,3 cm<br \/>\nGewicht 0,99 kg<\/p>\n","protected":false},"excerpt":{"rendered":"<p>Der Kohl in seiner rohen, flachen Form k\u00f6nnte als Metapher f\u00fcr die b\u00e4uerliche Lebensweise in Portugal dienen, die Bordallo so oft karikiert hatte. Dies ist eine geschickte Art und Weise, ihn zu ehren, indem man ihn auf die Tische der Bourgeoisie bringt, wo er sonst nie zu finden gewesen w\u00e4re. Handdekoriert. Geeignet f\u00fcr die Verwendung [&hellip;]<\/p>\n","protected":false},"featured_media":6376003,"template":"","meta":{"_acf_changed":false},"product_cat":[12114,12103],"product_tag":[],"class_list":{"0":"post-1600408","1":"product","2":"type-product","3":"status-publish","4":"has-post-thumbnail","6":"product_cat-teekannen-zuckerdosen-milchkannen","7":"product_cat-tisch","9":"first","10":"instock","11":"sale","12":"taxable","13":"shipping-taxable","14":"purchasable","15":"product-type-simple","swatches":"rey-swatches","show_selected":"","stretch_labels":"rey-swatches--stretch-labels"},"acf":[],"yoast_head":"<!-- This site is optimized with the Yoast SEO plugin v25.4 - https:\/\/yoast.com\/wordpress\/plugins\/seo\/ -->\n<title>BORDALLO PINHEIRO Teekanne Kohl - dev6 Erresse<\/title>\n<meta name=\"description\" content=\"Der Kohl in seiner rohen, flachen Form k\u00f6nnte als Metapher f\u00fcr die b\u00e4uerliche Lebensweise in Portugal dienen, die Bordallo so oft karikiert hatte. Dies\" \/>\n<meta name=\"robots\" content=\"noindex, follow, max-snippet:-1, max-image-preview:large, max-video-preview:-1\" \/>\n<meta property=\"og:locale\" content=\"de_DE\" \/>\n<meta property=\"og:type\" content=\"article\" \/>\n<meta property=\"og:title\" content=\"BORDALLO PINHEIRO Teekanne Kohl - dev6 Erresse\" \/>\n<meta property=\"og:description\" content=\"Der Kohl in seiner rohen, flachen Form k\u00f6nnte als Metapher f\u00fcr die b\u00e4uerliche Lebensweise in Portugal dienen, die Bordallo so oft karikiert hatte. Dies\" \/>\n<meta property=\"og:url\" content=\"https:\/\/dev6.erresse-shop.it\/de\/shop\/tisch\/teekannen-zuckerdosen-milchkannen\/bordallo-pinheiro-teekanne-kohl-2\/\" \/>\n<meta property=\"og:site_name\" content=\"dev6 Erresse\" \/>\n<meta property=\"og:image\" content=\"https:\/\/interpim.erresse-shop.it\/wp-content\/uploads\/2024\/03\/Bordallo-pinheiro-teiera-cavolo.jpg\/bordallo-pinheiro-teiera-cavolo.jpg\" \/><meta property=\"og:image\" content=\"https:\/\/interpim.erresse-shop.it\/wp-content\/uploads\/2024\/03\/Bordallo-pinheiro-teiera-cavolo.jpg\/bordallo-pinheiro-teiera-cavolo.jpg\" \/>\n\t<meta property=\"og:image:width\" content=\"1024\" \/>\n\t<meta property=\"og:image:height\" content=\"1024\" \/>\n\t<meta property=\"og:image:type\" content=\"image\/jpeg\" \/>\n<meta name=\"twitter:card\" content=\"summary_large_image\" \/>\n<meta name=\"twitter:image\" content=\"https:\/\/interpim.erresse-shop.it\/wp-content\/uploads\/2024\/03\/Bordallo-pinheiro-teiera-cavolo.jpg\/bordallo-pinheiro-teiera-cavolo.jpg\" \/>\n<script type=\"application\/ld+json\" class=\"yoast-schema-graph\">{\"@context\":\"https:\/\/schema.org\",\"@graph\":[{\"@type\":\"WebPage\",\"@id\":\"https:\/\/dev6.erresse-shop.it\/de\/shop\/tisch\/teekannen-zuckerdosen-milchkannen\/bordallo-pinheiro-teekanne-kohl-2\/\",\"url\":\"https:\/\/dev6.erresse-shop.it\/de\/shop\/tisch\/teekannen-zuckerdosen-milchkannen\/bordallo-pinheiro-teekanne-kohl-2\/\",\"name\":\"BORDALLO PINHEIRO Teekanne Kohl - dev6 Erresse\",\"isPartOf\":{\"@id\":\"https:\/\/dev6.erresse-shop.it\/#website\"},\"primaryImageOfPage\":{\"@id\":\"https:\/\/dev6.erresse-shop.it\/de\/shop\/tisch\/teekannen-zuckerdosen-milchkannen\/bordallo-pinheiro-teekanne-kohl-2\/#primaryimage\"},\"image\":{\"@id\":\"https:\/\/dev6.erresse-shop.it\/de\/shop\/tisch\/teekannen-zuckerdosen-milchkannen\/bordallo-pinheiro-teekanne-kohl-2\/#primaryimage\"},\"thumbnailUrl\":\"https:\/\/i3.wp.com\/interpim.erresse-shop.it\/wp-content\/uploads\/2024\/03\/Bordallo-pinheiro-teiera-cavolo.jpg\/bordallo-pinheiro-teiera-cavolo.jpg?ssl=1\",\"datePublished\":\"2026-04-12T11:05:20+00:00\",\"description\":\"Der Kohl in seiner rohen, flachen Form k\u00f6nnte als Metapher f\u00fcr die b\u00e4uerliche Lebensweise in Portugal dienen, die Bordallo so oft karikiert hatte. Dies\",\"breadcrumb\":{\"@id\":\"https:\/\/dev6.erresse-shop.it\/de\/shop\/tisch\/teekannen-zuckerdosen-milchkannen\/bordallo-pinheiro-teekanne-kohl-2\/#breadcrumb\"},\"inLanguage\":\"de\",\"potentialAction\":[{\"@type\":\"ReadAction\",\"target\":[\"https:\/\/dev6.erresse-shop.it\/de\/shop\/tisch\/teekannen-zuckerdosen-milchkannen\/bordallo-pinheiro-teekanne-kohl-2\/\"]}]},{\"@type\":\"ImageObject\",\"inLanguage\":\"de\",\"@id\":\"https:\/\/dev6.erresse-shop.it\/de\/shop\/tisch\/teekannen-zuckerdosen-milchkannen\/bordallo-pinheiro-teekanne-kohl-2\/#primaryimage\",\"url\":\"https:\/\/i3.wp.com\/interpim.erresse-shop.it\/wp-content\/uploads\/2024\/03\/Bordallo-pinheiro-teiera-cavolo.jpg\/bordallo-pinheiro-teiera-cavolo.jpg?ssl=1\",\"contentUrl\":\"https:\/\/i3.wp.com\/interpim.erresse-shop.it\/wp-content\/uploads\/2024\/03\/Bordallo-pinheiro-teiera-cavolo.jpg\/bordallo-pinheiro-teiera-cavolo.jpg?ssl=1\"},{\"@type\":\"BreadcrumbList\",\"@id\":\"https:\/\/dev6.erresse-shop.it\/de\/shop\/tisch\/teekannen-zuckerdosen-milchkannen\/bordallo-pinheiro-teekanne-kohl-2\/#breadcrumb\",\"itemListElement\":[{\"@type\":\"ListItem\",\"position\":1,\"name\":\"Home\",\"item\":\"https:\/\/dev6.erresse-shop.it\/\"},{\"@type\":\"ListItem\",\"position\":2,\"name\":\"Shop\",\"item\":\"https:\/\/dev6.erresse-shop.it\/shop\/\"},{\"@type\":\"ListItem\",\"position\":3,\"name\":\"BORDALLO PINHEIRO Teekanne Kohl\"}]},{\"@type\":\"WebSite\",\"@id\":\"https:\/\/dev6.erresse-shop.it\/#website\",\"url\":\"https:\/\/dev6.erresse-shop.it\/\",\"name\":\"Erresse Shop\",\"description\":\"\",\"publisher\":{\"@id\":\"https:\/\/dev6.erresse-shop.it\/#organization\"},\"potentialAction\":[{\"@type\":\"SearchAction\",\"target\":{\"@type\":\"EntryPoint\",\"urlTemplate\":\"https:\/\/dev6.erresse-shop.it\/?s={search_term_string}\"},\"query-input\":{\"@type\":\"PropertyValueSpecification\",\"valueRequired\":true,\"valueName\":\"search_term_string\"}}],\"inLanguage\":\"de\"},{\"@type\":\"Organization\",\"@id\":\"https:\/\/dev6.erresse-shop.it\/#organization\",\"name\":\"Erresse Shop\",\"url\":\"https:\/\/dev6.erresse-shop.it\/\",\"logo\":{\"@type\":\"ImageObject\",\"inLanguage\":\"de\",\"@id\":\"https:\/\/dev6.erresse-shop.it\/#\/schema\/logo\/image\/\",\"url\":\"https:\/\/dev6.erresse-shop.it\/wp-content\/uploads\/2025\/01\/LOGO-ERRESSE-CLASSICO.svg\",\"contentUrl\":\"https:\/\/dev6.erresse-shop.it\/wp-content\/uploads\/2025\/01\/LOGO-ERRESSE-CLASSICO.svg\",\"caption\":\"Erresse Shop\"},\"image\":{\"@id\":\"https:\/\/dev6.erresse-shop.it\/#\/schema\/logo\/image\/\"}}]}<\/script>\n<!-- \/ Yoast SEO plugin. -->","yoast_head_json":{"title":"BORDALLO PINHEIRO Teekanne Kohl - dev6 Erresse","description":"Der Kohl in seiner rohen, flachen Form k\u00f6nnte als Metapher f\u00fcr die b\u00e4uerliche Lebensweise in Portugal dienen, die Bordallo so oft karikiert hatte. Dies","robots":{"index":"noindex","follow":"follow","max-snippet":"max-snippet:-1","max-image-preview":"max-image-preview:large","max-video-preview":"max-video-preview:-1"},"og_locale":"de_DE","og_type":"article","og_title":"BORDALLO PINHEIRO Teekanne Kohl - dev6 Erresse","og_description":"Der Kohl in seiner rohen, flachen Form k\u00f6nnte als Metapher f\u00fcr die b\u00e4uerliche Lebensweise in Portugal dienen, die Bordallo so oft karikiert hatte. Dies","og_url":"https:\/\/dev6.erresse-shop.it\/de\/shop\/tisch\/teekannen-zuckerdosen-milchkannen\/bordallo-pinheiro-teekanne-kohl-2\/","og_site_name":"dev6 Erresse","og_image":[{"url":"https:\/\/interpim.erresse-shop.it\/wp-content\/uploads\/2024\/03\/Bordallo-pinheiro-teiera-cavolo.jpg\/bordallo-pinheiro-teiera-cavolo.jpg","type":"","width":"","height":""},{"url":"https:\/\/interpim.erresse-shop.it\/wp-content\/uploads\/2024\/03\/Bordallo-pinheiro-teiera-cavolo.jpg\/bordallo-pinheiro-teiera-cavolo.jpg","width":1024,"height":1024,"type":"image\/jpeg"}],"twitter_card":"summary_large_image","twitter_image":"https:\/\/interpim.erresse-shop.it\/wp-content\/uploads\/2024\/03\/Bordallo-pinheiro-teiera-cavolo.jpg\/bordallo-pinheiro-teiera-cavolo.jpg","schema":{"@context":"https:\/\/schema.org","@graph":[{"@type":"WebPage","@id":"https:\/\/dev6.erresse-shop.it\/de\/shop\/tisch\/teekannen-zuckerdosen-milchkannen\/bordallo-pinheiro-teekanne-kohl-2\/","url":"https:\/\/dev6.erresse-shop.it\/de\/shop\/tisch\/teekannen-zuckerdosen-milchkannen\/bordallo-pinheiro-teekanne-kohl-2\/","name":"BORDALLO PINHEIRO Teekanne Kohl - dev6 Erresse","isPartOf":{"@id":"https:\/\/dev6.erresse-shop.it\/#website"},"primaryImageOfPage":{"@id":"https:\/\/dev6.erresse-shop.it\/de\/shop\/tisch\/teekannen-zuckerdosen-milchkannen\/bordallo-pinheiro-teekanne-kohl-2\/#primaryimage"},"image":{"@id":"https:\/\/dev6.erresse-shop.it\/de\/shop\/tisch\/teekannen-zuckerdosen-milchkannen\/bordallo-pinheiro-teekanne-kohl-2\/#primaryimage"},"thumbnailUrl":"https:\/\/i3.wp.com\/interpim.erresse-shop.it\/wp-content\/uploads\/2024\/03\/Bordallo-pinheiro-teiera-cavolo.jpg\/bordallo-pinheiro-teiera-cavolo.jpg?ssl=1","datePublished":"2026-04-12T11:05:20+00:00","description":"Der Kohl in seiner rohen, flachen Form k\u00f6nnte als Metapher f\u00fcr die b\u00e4uerliche Lebensweise in Portugal dienen, die Bordallo so oft karikiert hatte. Dies","breadcrumb":{"@id":"https:\/\/dev6.erresse-shop.it\/de\/shop\/tisch\/teekannen-zuckerdosen-milchkannen\/bordallo-pinheiro-teekanne-kohl-2\/#breadcrumb"},"inLanguage":"de","potentialAction":[{"@type":"ReadAction","target":["https:\/\/dev6.erresse-shop.it\/de\/shop\/tisch\/teekannen-zuckerdosen-milchkannen\/bordallo-pinheiro-teekanne-kohl-2\/"]}]},{"@type":"ImageObject","inLanguage":"de","@id":"https:\/\/dev6.erresse-shop.it\/de\/shop\/tisch\/teekannen-zuckerdosen-milchkannen\/bordallo-pinheiro-teekanne-kohl-2\/#primaryimage","url":"https:\/\/i3.wp.com\/interpim.erresse-shop.it\/wp-content\/uploads\/2024\/03\/Bordallo-pinheiro-teiera-cavolo.jpg\/bordallo-pinheiro-teiera-cavolo.jpg?ssl=1","contentUrl":"https:\/\/i3.wp.com\/interpim.erresse-shop.it\/wp-content\/uploads\/2024\/03\/Bordallo-pinheiro-teiera-cavolo.jpg\/bordallo-pinheiro-teiera-cavolo.jpg?ssl=1"},{"@type":"BreadcrumbList","@id":"https:\/\/dev6.erresse-shop.it\/de\/shop\/tisch\/teekannen-zuckerdosen-milchkannen\/bordallo-pinheiro-teekanne-kohl-2\/#breadcrumb","itemListElement":[{"@type":"ListItem","position":1,"name":"Home","item":"https:\/\/dev6.erresse-shop.it\/"},{"@type":"ListItem","position":2,"name":"Shop","item":"https:\/\/dev6.erresse-shop.it\/shop\/"},{"@type":"ListItem","position":3,"name":"BORDALLO PINHEIRO Teekanne Kohl"}]},{"@type":"WebSite","@id":"https:\/\/dev6.erresse-shop.it\/#website","url":"https:\/\/dev6.erresse-shop.it\/","name":"Erresse Shop","description":"","publisher":{"@id":"https:\/\/dev6.erresse-shop.it\/#organization"},"potentialAction":[{"@type":"SearchAction","target":{"@type":"EntryPoint","urlTemplate":"https:\/\/dev6.erresse-shop.it\/?s={search_term_string}"},"query-input":{"@type":"PropertyValueSpecification","valueRequired":true,"valueName":"search_term_string"}}],"inLanguage":"de"},{"@type":"Organization","@id":"https:\/\/dev6.erresse-shop.it\/#organization","name":"Erresse Shop","url":"https:\/\/dev6.erresse-shop.it\/","logo":{"@type":"ImageObject","inLanguage":"de","@id":"https:\/\/dev6.erresse-shop.it\/#\/schema\/logo\/image\/","url":"https:\/\/dev6.erresse-shop.it\/wp-content\/uploads\/2025\/01\/LOGO-ERRESSE-CLASSICO.svg","contentUrl":"https:\/\/dev6.erresse-shop.it\/wp-content\/uploads\/2025\/01\/LOGO-ERRESSE-CLASSICO.svg","caption":"Erresse Shop"},"image":{"@id":"https:\/\/dev6.erresse-shop.it\/#\/schema\/logo\/image\/"}}]}},"df_price":119,"df_sale_price":119,"df_regular_price":177,"df_image_link":"https:\/\/i3.wp.com\/interpim.erresse-shop.it\/wp-content\/uploads\/2024\/03\/Bordallo-pinheiro-teiera-cavolo.jpg\/bordallo-pinheiro-teiera-cavolo.jpg?resize=300,300&ssl=1","fifu_image_url":"https:\/\/interpim.erresse-shop.it\/wp-content\/uploads\/2024\/03\/Bordallo-pinheiro-teiera-cavolo.jpg\/bordallo-pinheiro-teiera-cavolo.jpg","_links":{"self":[{"href":"https:\/\/dev6.erresse-shop.it\/de\/wp-json\/wp\/v2\/product\/1600408","targetHints":{"allow":["GET"]}}],"collection":[{"href":"https:\/\/dev6.erresse-shop.it\/de\/wp-json\/wp\/v2\/product"}],"about":[{"href":"https:\/\/dev6.erresse-shop.it\/de\/wp-json\/wp\/v2\/types\/product"}],"wp:featuredmedia":[{"embeddable":true,"href":"https:\/\/dev6.erresse-shop.it\/de\/wp-json\/wp\/v2\/media\/6376003"}],"wp:attachment":[{"href":"https:\/\/dev6.erresse-shop.it\/de\/wp-json\/wp\/v2\/media?parent=1600408"}],"wp:term":[{"taxonomy":"product_cat","embeddable":true,"href":"https:\/\/dev6.erresse-shop.it\/de\/wp-json\/wp\/v2\/product_cat?post=1600408"},{"taxonomy":"product_tag","embeddable":true,"href":"https:\/\/dev6.erresse-shop.it\/de\/wp-json\/wp\/v2\/product_tag?post=1600408"}],"curies":[{"name":"wp","href":"https:\/\/api.w.org\/{rel}","templated":true}]}}