{"id":1600390,"date":"2026-04-10T13:43:50","date_gmt":"2026-04-10T11:43:50","guid":{"rendered":"https:\/\/dev6.erresse-shop.it\/shop\/unkategorisiert\/mario-luca-giusti-krug-sister-rosetta-fluo-fuxia-2\/"},"modified":"2026-01-09T02:03:10","modified_gmt":"2026-01-09T01:03:10","slug":"mario-luca-giusti-krug-sister-rosetta-fluo-fuxia","status":"publish","type":"product","link":"https:\/\/dev6.erresse-shop.it\/de\/shop\/tisch\/karaffen-flaschen-kruege\/mario-luca-giusti-krug-sister-rosetta-fluo-fuxia\/","title":{"rendered":"MARIO LUCA GIUSTI Krug Sister Rosetta Fluo Fuxia"},"content":{"rendered":"<p>H\u00f6he 22 cm<br \/>\nDurchmesser 19 cm<br \/>\nFassungsverm\u00f6gen 2400 ml<br \/>\nGewicht 745 gr<\/p>\n<p>Gebrauchsanweisung f\u00fcr Acrylprodukte<br \/>\n\u2013 gepr\u00fcft durch T\u00dcV, SGS, Intertek<br \/>\n\u2013 absolut geschmacksneutral und geruchsneutral<br \/>\n\u2013 BPA-frei<br \/>\n\u2013 Nicht unzerst\u00f6rbar<br \/>\n\u2013 widerstandsf\u00e4hig von -10\u00b0C bis 50\u00b0C<br \/>\n\u2013 einfrierbar<br \/>\n\u2013 Handw\u00e4sche empfohlen, um die Lebensdauer des Produkts zu verl\u00e4ngern<br \/>\n\u2013 nicht f\u00fcr den W\u00e4schetrockner geeignet<br \/>\n\u2013 nicht f\u00fcr Mikrowellen geeignet<br \/>\n\u2013 alkoholbest\u00e4ndig, &lt; 2 Stunden<br \/>\n\u2013 nicht f\u00fcr Anisgetr\u00e4nke<br \/>\n\u2013 nicht f\u00fcr starken Alkohol, wie z.B. Whisky \u2026 .etc.<br \/>\n\u2013 nur ein Reinigungsmittel mit einem pH-Wert von 3 &lt; pH &lt; 7 verwenden, nicht f\u00fcr stark alkalische Reinigungsmittel<br \/>\n\u2013 Verwenden Sie keine Benzol, Alkohol, Ester oder organische L\u00f6sungsmittel f\u00fcr Reinigungsprodukte<br \/>\n\u2013 Keine Scheuermittel f\u00fcr die Reinigung verwenden<\/p>\n<p>Folgendes kann das Produkt verf\u00e4rben oder auf Dauer undurchsichtig machen:<br \/>\n\u2013 Lagerung der Gl\u00e4ser \u00fcber einen l\u00e4ngeren Zeitraum bei hohen Temperaturen und hoher Luftfeuchtigkeit<br \/>\n\u2013 Falsche Dosierung des Reinigungsmittels<br \/>\n\u2013 Verwendung eines Reinigungsmittels mit Aluminium- oder Metallschutz.<br \/>\n\u2013 Milchprodukte, Kaffee, Kakao, Tee und andere Getr\u00e4nke k\u00f6nnen einen Rand auf dem Glas hinterlassen, wenn sie \u00fcber Nacht stehen. Waschen Sie das Glas sofort nach dem Gebrauch mit warmem Seifenwasser, waschen Sie es von Hand oder verwenden Sie unser Reinigungsmittel. Regelm\u00e4\u00dfig abstauben.<br \/>\n\u2013 Die Verwendung von Getr\u00e4nken auf Anisbasis (wie Pernod, Ricard, Raki oder Ouzo).<br \/>\n\u2013 Die Verwendung von Getr\u00e4nken mit einem hohen Estergehalt. Ester sind ein nat\u00fcrliches Produkt, das z. B. in Kr\u00e4utertees enthalten ist.<\/p>\n","protected":false},"excerpt":{"rendered":"<p>H\u00f6he 22 cm Durchmesser 19 cm Fassungsverm\u00f6gen 2400 ml Gewicht 745 gr Gebrauchsanweisung f\u00fcr Acrylprodukte \u2013 gepr\u00fcft durch T\u00dcV, SGS, Intertek \u2013 absolut geschmacksneutral und geruchsneutral \u2013 BPA-frei \u2013 Nicht unzerst\u00f6rbar \u2013 widerstandsf\u00e4hig von -10\u00b0C bis 50\u00b0C \u2013 einfrierbar \u2013 Handw\u00e4sche empfohlen, um die Lebensdauer des Produkts zu verl\u00e4ngern \u2013 nicht f\u00fcr den W\u00e4schetrockner geeignet [&hellip;]<\/p>\n","protected":false},"featured_media":6334322,"template":"","meta":{"_acf_changed":false},"product_cat":[12115,12103],"product_tag":[],"class_list":{"0":"post-1600390","1":"product","2":"type-product","3":"status-publish","4":"has-post-thumbnail","6":"product_cat-karaffen-flaschen-kruege","7":"product_cat-tisch","9":"first","10":"instock","11":"sale","12":"taxable","13":"shipping-taxable","14":"purchasable","15":"product-type-simple","swatches":"rey-swatches","show_selected":"","stretch_labels":"rey-swatches--stretch-labels"},"acf":[],"yoast_head":"<!-- This site is optimized with the Yoast SEO plugin v25.4 - https:\/\/yoast.com\/wordpress\/plugins\/seo\/ -->\n<title>MARIO LUCA GIUSTI Krug Sister Rosetta Fluo Fuxia - dev6 Erresse<\/title>\n<meta name=\"description\" content=\"H\u00f6he 22 cm Durchmesser 19 cm Fassungsverm\u00f6gen 2400 ml Gewicht 745 gr Gebrauchsanweisung f\u00fcr Acrylprodukte \u2013 gepr\u00fcft durch T\u00dcV, SGS, Intertek \u2013 absolut\" \/>\n<meta name=\"robots\" content=\"noindex, follow, max-snippet:-1, max-image-preview:large, max-video-preview:-1\" \/>\n<meta property=\"og:locale\" content=\"de_DE\" \/>\n<meta property=\"og:type\" content=\"article\" \/>\n<meta property=\"og:title\" content=\"MARIO LUCA GIUSTI Krug Sister Rosetta Fluo Fuxia - dev6 Erresse\" \/>\n<meta property=\"og:description\" content=\"H\u00f6he 22 cm Durchmesser 19 cm Fassungsverm\u00f6gen 2400 ml Gewicht 745 gr Gebrauchsanweisung f\u00fcr Acrylprodukte \u2013 gepr\u00fcft durch T\u00dcV, SGS, Intertek \u2013 absolut\" \/>\n<meta property=\"og:url\" content=\"https:\/\/dev6.erresse-shop.it\/de\/shop\/tisch\/karaffen-flaschen-kruege\/mario-luca-giusti-krug-sister-rosetta-fluo-fuxia\/\" \/>\n<meta property=\"og:site_name\" content=\"dev6 Erresse\" \/>\n<meta property=\"og:image\" content=\"https:\/\/interpim.erresse-shop.it\/Import\/Prodotti\/mario-luca-giusti-brocca-sister-rosetta-fluo-fuxia.jpg\" \/><meta property=\"og:image\" content=\"https:\/\/interpim.erresse-shop.it\/Import\/Prodotti\/mario-luca-giusti-brocca-sister-rosetta-fluo-fuxia.jpg\" \/>\n\t<meta property=\"og:image:width\" content=\"1024\" \/>\n\t<meta property=\"og:image:height\" content=\"1024\" \/>\n\t<meta property=\"og:image:type\" content=\"image\/jpeg\" \/>\n<meta name=\"twitter:card\" content=\"summary_large_image\" \/>\n<meta name=\"twitter:image\" content=\"https:\/\/interpim.erresse-shop.it\/Import\/Prodotti\/mario-luca-giusti-brocca-sister-rosetta-fluo-fuxia.jpg\" \/>\n<script type=\"application\/ld+json\" class=\"yoast-schema-graph\">{\"@context\":\"https:\/\/schema.org\",\"@graph\":[{\"@type\":\"WebPage\",\"@id\":\"https:\/\/dev6.erresse-shop.it\/de\/shop\/tisch\/karaffen-flaschen-kruege\/mario-luca-giusti-krug-sister-rosetta-fluo-fuxia\/\",\"url\":\"https:\/\/dev6.erresse-shop.it\/de\/shop\/tisch\/karaffen-flaschen-kruege\/mario-luca-giusti-krug-sister-rosetta-fluo-fuxia\/\",\"name\":\"MARIO LUCA GIUSTI Krug Sister Rosetta Fluo Fuxia - dev6 Erresse\",\"isPartOf\":{\"@id\":\"https:\/\/dev6.erresse-shop.it\/#website\"},\"primaryImageOfPage\":{\"@id\":\"https:\/\/dev6.erresse-shop.it\/de\/shop\/tisch\/karaffen-flaschen-kruege\/mario-luca-giusti-krug-sister-rosetta-fluo-fuxia\/#primaryimage\"},\"image\":{\"@id\":\"https:\/\/dev6.erresse-shop.it\/de\/shop\/tisch\/karaffen-flaschen-kruege\/mario-luca-giusti-krug-sister-rosetta-fluo-fuxia\/#primaryimage\"},\"thumbnailUrl\":\"https:\/\/i1.wp.com\/interpim.erresse-shop.it\/Import\/Prodotti\/mario-luca-giusti-brocca-sister-rosetta-fluo-fuxia.jpg?ssl=1\",\"datePublished\":\"2026-04-10T11:43:50+00:00\",\"description\":\"H\u00f6he 22 cm Durchmesser 19 cm Fassungsverm\u00f6gen 2400 ml Gewicht 745 gr Gebrauchsanweisung f\u00fcr Acrylprodukte \u2013 gepr\u00fcft durch T\u00dcV, SGS, Intertek \u2013 absolut\",\"breadcrumb\":{\"@id\":\"https:\/\/dev6.erresse-shop.it\/de\/shop\/tisch\/karaffen-flaschen-kruege\/mario-luca-giusti-krug-sister-rosetta-fluo-fuxia\/#breadcrumb\"},\"inLanguage\":\"de\",\"potentialAction\":[{\"@type\":\"ReadAction\",\"target\":[\"https:\/\/dev6.erresse-shop.it\/de\/shop\/tisch\/karaffen-flaschen-kruege\/mario-luca-giusti-krug-sister-rosetta-fluo-fuxia\/\"]}]},{\"@type\":\"ImageObject\",\"inLanguage\":\"de\",\"@id\":\"https:\/\/dev6.erresse-shop.it\/de\/shop\/tisch\/karaffen-flaschen-kruege\/mario-luca-giusti-krug-sister-rosetta-fluo-fuxia\/#primaryimage\",\"url\":\"https:\/\/i1.wp.com\/interpim.erresse-shop.it\/Import\/Prodotti\/mario-luca-giusti-brocca-sister-rosetta-fluo-fuxia.jpg?ssl=1\",\"contentUrl\":\"https:\/\/i1.wp.com\/interpim.erresse-shop.it\/Import\/Prodotti\/mario-luca-giusti-brocca-sister-rosetta-fluo-fuxia.jpg?ssl=1\"},{\"@type\":\"BreadcrumbList\",\"@id\":\"https:\/\/dev6.erresse-shop.it\/de\/shop\/tisch\/karaffen-flaschen-kruege\/mario-luca-giusti-krug-sister-rosetta-fluo-fuxia\/#breadcrumb\",\"itemListElement\":[{\"@type\":\"ListItem\",\"position\":1,\"name\":\"Home\",\"item\":\"https:\/\/dev6.erresse-shop.it\/\"},{\"@type\":\"ListItem\",\"position\":2,\"name\":\"Shop\",\"item\":\"https:\/\/dev6.erresse-shop.it\/shop\/\"},{\"@type\":\"ListItem\",\"position\":3,\"name\":\"MARIO LUCA GIUSTI Krug Sister Rosetta Fluo Fuxia\"}]},{\"@type\":\"WebSite\",\"@id\":\"https:\/\/dev6.erresse-shop.it\/#website\",\"url\":\"https:\/\/dev6.erresse-shop.it\/\",\"name\":\"Erresse Shop\",\"description\":\"\",\"publisher\":{\"@id\":\"https:\/\/dev6.erresse-shop.it\/#organization\"},\"potentialAction\":[{\"@type\":\"SearchAction\",\"target\":{\"@type\":\"EntryPoint\",\"urlTemplate\":\"https:\/\/dev6.erresse-shop.it\/?s={search_term_string}\"},\"query-input\":{\"@type\":\"PropertyValueSpecification\",\"valueRequired\":true,\"valueName\":\"search_term_string\"}}],\"inLanguage\":\"de\"},{\"@type\":\"Organization\",\"@id\":\"https:\/\/dev6.erresse-shop.it\/#organization\",\"name\":\"Erresse Shop\",\"url\":\"https:\/\/dev6.erresse-shop.it\/\",\"logo\":{\"@type\":\"ImageObject\",\"inLanguage\":\"de\",\"@id\":\"https:\/\/dev6.erresse-shop.it\/#\/schema\/logo\/image\/\",\"url\":\"https:\/\/dev6.erresse-shop.it\/wp-content\/uploads\/2025\/01\/LOGO-ERRESSE-CLASSICO.svg\",\"contentUrl\":\"https:\/\/dev6.erresse-shop.it\/wp-content\/uploads\/2025\/01\/LOGO-ERRESSE-CLASSICO.svg\",\"caption\":\"Erresse Shop\"},\"image\":{\"@id\":\"https:\/\/dev6.erresse-shop.it\/#\/schema\/logo\/image\/\"}}]}<\/script>\n<!-- \/ Yoast SEO plugin. -->","yoast_head_json":{"title":"MARIO LUCA GIUSTI Krug Sister Rosetta Fluo Fuxia - dev6 Erresse","description":"H\u00f6he 22 cm Durchmesser 19 cm Fassungsverm\u00f6gen 2400 ml Gewicht 745 gr Gebrauchsanweisung f\u00fcr Acrylprodukte \u2013 gepr\u00fcft durch T\u00dcV, SGS, Intertek \u2013 absolut","robots":{"index":"noindex","follow":"follow","max-snippet":"max-snippet:-1","max-image-preview":"max-image-preview:large","max-video-preview":"max-video-preview:-1"},"og_locale":"de_DE","og_type":"article","og_title":"MARIO LUCA GIUSTI Krug Sister Rosetta Fluo Fuxia - dev6 Erresse","og_description":"H\u00f6he 22 cm Durchmesser 19 cm Fassungsverm\u00f6gen 2400 ml Gewicht 745 gr Gebrauchsanweisung f\u00fcr Acrylprodukte \u2013 gepr\u00fcft durch T\u00dcV, SGS, Intertek \u2013 absolut","og_url":"https:\/\/dev6.erresse-shop.it\/de\/shop\/tisch\/karaffen-flaschen-kruege\/mario-luca-giusti-krug-sister-rosetta-fluo-fuxia\/","og_site_name":"dev6 Erresse","og_image":[{"url":"https:\/\/interpim.erresse-shop.it\/Import\/Prodotti\/mario-luca-giusti-brocca-sister-rosetta-fluo-fuxia.jpg","type":"","width":"","height":""},{"url":"https:\/\/interpim.erresse-shop.it\/Import\/Prodotti\/mario-luca-giusti-brocca-sister-rosetta-fluo-fuxia.jpg","width":1024,"height":1024,"type":"image\/jpeg"}],"twitter_card":"summary_large_image","twitter_image":"https:\/\/interpim.erresse-shop.it\/Import\/Prodotti\/mario-luca-giusti-brocca-sister-rosetta-fluo-fuxia.jpg","schema":{"@context":"https:\/\/schema.org","@graph":[{"@type":"WebPage","@id":"https:\/\/dev6.erresse-shop.it\/de\/shop\/tisch\/karaffen-flaschen-kruege\/mario-luca-giusti-krug-sister-rosetta-fluo-fuxia\/","url":"https:\/\/dev6.erresse-shop.it\/de\/shop\/tisch\/karaffen-flaschen-kruege\/mario-luca-giusti-krug-sister-rosetta-fluo-fuxia\/","name":"MARIO LUCA GIUSTI Krug Sister Rosetta Fluo Fuxia - dev6 Erresse","isPartOf":{"@id":"https:\/\/dev6.erresse-shop.it\/#website"},"primaryImageOfPage":{"@id":"https:\/\/dev6.erresse-shop.it\/de\/shop\/tisch\/karaffen-flaschen-kruege\/mario-luca-giusti-krug-sister-rosetta-fluo-fuxia\/#primaryimage"},"image":{"@id":"https:\/\/dev6.erresse-shop.it\/de\/shop\/tisch\/karaffen-flaschen-kruege\/mario-luca-giusti-krug-sister-rosetta-fluo-fuxia\/#primaryimage"},"thumbnailUrl":"https:\/\/i1.wp.com\/interpim.erresse-shop.it\/Import\/Prodotti\/mario-luca-giusti-brocca-sister-rosetta-fluo-fuxia.jpg?ssl=1","datePublished":"2026-04-10T11:43:50+00:00","description":"H\u00f6he 22 cm Durchmesser 19 cm Fassungsverm\u00f6gen 2400 ml Gewicht 745 gr Gebrauchsanweisung f\u00fcr Acrylprodukte \u2013 gepr\u00fcft durch T\u00dcV, SGS, Intertek \u2013 absolut","breadcrumb":{"@id":"https:\/\/dev6.erresse-shop.it\/de\/shop\/tisch\/karaffen-flaschen-kruege\/mario-luca-giusti-krug-sister-rosetta-fluo-fuxia\/#breadcrumb"},"inLanguage":"de","potentialAction":[{"@type":"ReadAction","target":["https:\/\/dev6.erresse-shop.it\/de\/shop\/tisch\/karaffen-flaschen-kruege\/mario-luca-giusti-krug-sister-rosetta-fluo-fuxia\/"]}]},{"@type":"ImageObject","inLanguage":"de","@id":"https:\/\/dev6.erresse-shop.it\/de\/shop\/tisch\/karaffen-flaschen-kruege\/mario-luca-giusti-krug-sister-rosetta-fluo-fuxia\/#primaryimage","url":"https:\/\/i1.wp.com\/interpim.erresse-shop.it\/Import\/Prodotti\/mario-luca-giusti-brocca-sister-rosetta-fluo-fuxia.jpg?ssl=1","contentUrl":"https:\/\/i1.wp.com\/interpim.erresse-shop.it\/Import\/Prodotti\/mario-luca-giusti-brocca-sister-rosetta-fluo-fuxia.jpg?ssl=1"},{"@type":"BreadcrumbList","@id":"https:\/\/dev6.erresse-shop.it\/de\/shop\/tisch\/karaffen-flaschen-kruege\/mario-luca-giusti-krug-sister-rosetta-fluo-fuxia\/#breadcrumb","itemListElement":[{"@type":"ListItem","position":1,"name":"Home","item":"https:\/\/dev6.erresse-shop.it\/"},{"@type":"ListItem","position":2,"name":"Shop","item":"https:\/\/dev6.erresse-shop.it\/shop\/"},{"@type":"ListItem","position":3,"name":"MARIO LUCA GIUSTI Krug Sister Rosetta Fluo Fuxia"}]},{"@type":"WebSite","@id":"https:\/\/dev6.erresse-shop.it\/#website","url":"https:\/\/dev6.erresse-shop.it\/","name":"Erresse Shop","description":"","publisher":{"@id":"https:\/\/dev6.erresse-shop.it\/#organization"},"potentialAction":[{"@type":"SearchAction","target":{"@type":"EntryPoint","urlTemplate":"https:\/\/dev6.erresse-shop.it\/?s={search_term_string}"},"query-input":{"@type":"PropertyValueSpecification","valueRequired":true,"valueName":"search_term_string"}}],"inLanguage":"de"},{"@type":"Organization","@id":"https:\/\/dev6.erresse-shop.it\/#organization","name":"Erresse Shop","url":"https:\/\/dev6.erresse-shop.it\/","logo":{"@type":"ImageObject","inLanguage":"de","@id":"https:\/\/dev6.erresse-shop.it\/#\/schema\/logo\/image\/","url":"https:\/\/dev6.erresse-shop.it\/wp-content\/uploads\/2025\/01\/LOGO-ERRESSE-CLASSICO.svg","contentUrl":"https:\/\/dev6.erresse-shop.it\/wp-content\/uploads\/2025\/01\/LOGO-ERRESSE-CLASSICO.svg","caption":"Erresse Shop"},"image":{"@id":"https:\/\/dev6.erresse-shop.it\/#\/schema\/logo\/image\/"}}]}},"df_price":108,"df_sale_price":108,"df_regular_price":120,"df_image_link":"https:\/\/i1.wp.com\/interpim.erresse-shop.it\/Import\/Prodotti\/mario-luca-giusti-brocca-sister-rosetta-fluo-fuxia.jpg?resize=300,300&ssl=1","fifu_image_url":"https:\/\/interpim.erresse-shop.it\/Import\/Prodotti\/mario-luca-giusti-brocca-sister-rosetta-fluo-fuxia.jpg","_links":{"self":[{"href":"https:\/\/dev6.erresse-shop.it\/de\/wp-json\/wp\/v2\/product\/1600390","targetHints":{"allow":["GET"]}}],"collection":[{"href":"https:\/\/dev6.erresse-shop.it\/de\/wp-json\/wp\/v2\/product"}],"about":[{"href":"https:\/\/dev6.erresse-shop.it\/de\/wp-json\/wp\/v2\/types\/product"}],"wp:featuredmedia":[{"embeddable":true,"href":"https:\/\/dev6.erresse-shop.it\/de\/wp-json\/wp\/v2\/media\/6334322"}],"wp:attachment":[{"href":"https:\/\/dev6.erresse-shop.it\/de\/wp-json\/wp\/v2\/media?parent=1600390"}],"wp:term":[{"taxonomy":"product_cat","embeddable":true,"href":"https:\/\/dev6.erresse-shop.it\/de\/wp-json\/wp\/v2\/product_cat?post=1600390"},{"taxonomy":"product_tag","embeddable":true,"href":"https:\/\/dev6.erresse-shop.it\/de\/wp-json\/wp\/v2\/product_tag?post=1600390"}],"curies":[{"name":"wp","href":"https:\/\/api.w.org\/{rel}","templated":true}]}}