{"id":1600302,"date":"2026-04-12T13:00:11","date_gmt":"2026-04-12T11:00:11","guid":{"rendered":"https:\/\/dev6.erresse-shop.it\/shop\/unkategorisiert\/berkel-domestic-slicer-schwungrad-b3-rot\/"},"modified":"2025-09-14T02:56:37","modified_gmt":"2025-09-14T00:56:37","slug":"berkel-domestic-slicer-schwungrad-b3-rot","status":"publish","type":"product","link":"https:\/\/dev6.erresse-shop.it\/de\/shop\/kleine-elektrogeraete\/aufschnittmaschinen\/berkel-domestic-slicer-schwungrad-b3-rot\/","title":{"rendered":"BERKEL Domestic Slicer Schwungrad B3 Rot"},"content":{"rendered":"<p>GROSSE SCHNEIDKAPAZIT\u00c4T IN EDLEM DESIGN<\/p>\n<p>Ein Schwungradschneider f\u00fcr den Hausgebrauch mit gro\u00dfer Schnittkapazit\u00e4t und Vintage-\u00c4sthetik, der einen perfekten Schnitt in einem Vintage-Design mit hochwertiger Verarbeitung garantiert.<\/p>\n<p>PERFORMANCE<\/p>\n<p>Einstellbare Gummif\u00fc\u00dfe in verschiedenen Konfigurationen<br \/>\n300-mm-Klinge aus 100cr6-Chromstahl mit professionellem Profil: reduziert den Abfall und sorgt f\u00fcr gleichm\u00e4\u00dfige Schnitte<br \/>\nSchnellvorschubsystem und millimetrischer Platteneinstellknopf f\u00fcr perfekte Produktpositionierung<br \/>\nAbnehmbare Sch\u00e4rfer mit separater Bewegung Sch\u00e4rfsystem f\u00fcr maximale Pr\u00e4zision geliefert<br \/>\nEinstellknopf f\u00fcr die Scheibendicke zwischen 0 mm und 1,5 mm<br \/>\nMinimale Dicke der letzten Scheibe zur Minimierung des Produktabfalls<br \/>\nStahlschutz mit einfachem Einhaken zum leichteren L\u00f6sen der Scheibe<br \/>\nNFC TAG im Geh\u00e4use eingebettet, um die Originalit\u00e4t zu garantieren<\/p>\n<p>REINIGUNG UND HYGIENE<\/p>\n<p>Platte mit Ausl\u00f6sesystem f\u00fcr maximale Reinigung<br \/>\nAusreichend Platz f\u00fcr die Reinigung und den hinteren Abfallbeh\u00e4lter<br \/>\nSchnelles Abnahmesystem der Frontplatte zur einfachen Reinigung<br \/>\nAbnehmbare und sp\u00fclmaschinenfeste Techno-Polymer-Handschuhe<\/p>\n<p>SICHERHEIT<\/p>\n<p>Ganzstahlklingenschutzring mit manuellem Ausl\u00f6sesystem f\u00fcr maximale Sicherheit<br \/>\nFester hinterer Klingenschutzring f\u00fcr zus\u00e4tzliche Sicherheit<br \/>\nErgonomische Bedienelemente zur Erleichterung des Griffs und Minimierung des Kraftaufwands des Bedieners<\/p>\n<p>TECHNISCHE DATEN<\/p>\n<p>Gewicht 46 kg<br \/>\nH\u00f6he [B] 700 mm<br \/>\nTiefe [C] 805 mm<br \/>\nBreite [A] 670 mm<br \/>\nDurchmesser der Klinge 300 mm<br \/>\nMaterial der Schneideklinge 100Cr6<br \/>\nSchnittst\u00e4rke 0 \u2013 1,5 mm<br \/>\nSchneidkapazit\u00e4t (kreisf\u00f6rmig) 210 mm<br \/>\nSchnittkapazit\u00e4t (rechteckig) 270\u00d7210 mm<br \/>\nDetails: Schraubmechanismus f\u00fcr Klingenschutzbewegung; Bemalter Berkeldekor und Signatur<br \/>\nAbnehmbare Teile: Messerschutz; Handschuhfach; Abdeckplatte<br \/>\nAnspitzer: enthalten, zwei Bewegungen<\/p>\n<p>Nicht zum Verkauf au\u00dferhalb Europas<\/p>\n","protected":false},"excerpt":{"rendered":"<p>GROSSE SCHNEIDKAPAZIT\u00c4T IN EDLEM DESIGN Ein Schwungradschneider f\u00fcr den Hausgebrauch mit gro\u00dfer Schnittkapazit\u00e4t und Vintage-\u00c4sthetik, der einen perfekten Schnitt in einem Vintage-Design mit hochwertiger Verarbeitung garantiert. PERFORMANCE Einstellbare Gummif\u00fc\u00dfe in verschiedenen Konfigurationen 300-mm-Klinge aus 100cr6-Chromstahl mit professionellem Profil: reduziert den Abfall und sorgt f\u00fcr gleichm\u00e4\u00dfige Schnitte Schnellvorschubsystem und millimetrischer Platteneinstellknopf f\u00fcr perfekte Produktpositionierung Abnehmbare Sch\u00e4rfer [&hellip;]<\/p>\n","protected":false},"featured_media":6375330,"template":"","meta":{"_acf_changed":false},"product_cat":[12181,12163],"product_tag":[],"class_list":{"0":"post-1600302","1":"product","2":"type-product","3":"status-publish","4":"has-post-thumbnail","6":"product_cat-aufschnittmaschinen","7":"product_cat-kleine-elektrogeraete","9":"first","10":"instock","11":"sale","12":"taxable","13":"shipping-taxable","14":"purchasable","15":"product-type-simple","swatches":"rey-swatches","show_selected":"","stretch_labels":"rey-swatches--stretch-labels"},"acf":[],"yoast_head":"<!-- This site is optimized with the Yoast SEO plugin v25.4 - https:\/\/yoast.com\/wordpress\/plugins\/seo\/ -->\n<title>BERKEL Domestic Slicer Schwungrad B3 Rot - dev6 Erresse<\/title>\n<meta name=\"description\" content=\"GROSSE SCHNEIDKAPAZIT\u00c4T IN EDLEM DESIGN Ein Schwungradschneider f\u00fcr den Hausgebrauch mit gro\u00dfer Schnittkapazit\u00e4t und Vintage-\u00c4sthetik, der einen perfekten\" \/>\n<meta name=\"robots\" content=\"noindex, follow, max-snippet:-1, max-image-preview:large, max-video-preview:-1\" \/>\n<meta property=\"og:locale\" content=\"de_DE\" \/>\n<meta property=\"og:type\" content=\"article\" \/>\n<meta property=\"og:title\" content=\"BERKEL Domestic Slicer Schwungrad B3 Rot - dev6 Erresse\" \/>\n<meta property=\"og:description\" content=\"GROSSE SCHNEIDKAPAZIT\u00c4T IN EDLEM DESIGN Ein Schwungradschneider f\u00fcr den Hausgebrauch mit gro\u00dfer Schnittkapazit\u00e4t und Vintage-\u00c4sthetik, der einen perfekten\" \/>\n<meta property=\"og:url\" content=\"https:\/\/dev6.erresse-shop.it\/de\/shop\/kleine-elektrogeraete\/aufschnittmaschinen\/berkel-domestic-slicer-schwungrad-b3-rot\/\" \/>\n<meta property=\"og:site_name\" content=\"dev6 Erresse\" \/>\n<meta property=\"og:image\" content=\"https:\/\/interpim.erresse-shop.it\/Import\/Prodotti\/berkel-affettatrice-volano-b3-rosso-1.jpg\" \/><meta property=\"og:image\" content=\"https:\/\/interpim.erresse-shop.it\/Import\/Prodotti\/berkel-affettatrice-volano-b3-rosso-1.jpg\" \/>\n\t<meta property=\"og:image:width\" content=\"1024\" \/>\n\t<meta property=\"og:image:height\" content=\"1024\" \/>\n\t<meta property=\"og:image:type\" content=\"image\/jpeg\" \/>\n<meta name=\"twitter:card\" content=\"summary_large_image\" \/>\n<meta name=\"twitter:image\" content=\"https:\/\/interpim.erresse-shop.it\/Import\/Prodotti\/berkel-affettatrice-volano-b3-rosso-1.jpg\" \/>\n<script type=\"application\/ld+json\" class=\"yoast-schema-graph\">{\"@context\":\"https:\/\/schema.org\",\"@graph\":[{\"@type\":\"WebPage\",\"@id\":\"https:\/\/dev6.erresse-shop.it\/de\/shop\/kleine-elektrogeraete\/aufschnittmaschinen\/berkel-domestic-slicer-schwungrad-b3-rot\/\",\"url\":\"https:\/\/dev6.erresse-shop.it\/de\/shop\/kleine-elektrogeraete\/aufschnittmaschinen\/berkel-domestic-slicer-schwungrad-b3-rot\/\",\"name\":\"BERKEL Domestic Slicer Schwungrad B3 Rot - dev6 Erresse\",\"isPartOf\":{\"@id\":\"https:\/\/dev6.erresse-shop.it\/#website\"},\"primaryImageOfPage\":{\"@id\":\"https:\/\/dev6.erresse-shop.it\/de\/shop\/kleine-elektrogeraete\/aufschnittmaschinen\/berkel-domestic-slicer-schwungrad-b3-rot\/#primaryimage\"},\"image\":{\"@id\":\"https:\/\/dev6.erresse-shop.it\/de\/shop\/kleine-elektrogeraete\/aufschnittmaschinen\/berkel-domestic-slicer-schwungrad-b3-rot\/#primaryimage\"},\"thumbnailUrl\":\"https:\/\/i3.wp.com\/interpim.erresse-shop.it\/Import\/Prodotti\/berkel-affettatrice-volano-b3-rosso-1.jpg?ssl=1\",\"datePublished\":\"2026-04-12T11:00:11+00:00\",\"description\":\"GROSSE SCHNEIDKAPAZIT\u00c4T IN EDLEM DESIGN Ein Schwungradschneider f\u00fcr den Hausgebrauch mit gro\u00dfer Schnittkapazit\u00e4t und Vintage-\u00c4sthetik, der einen perfekten\",\"breadcrumb\":{\"@id\":\"https:\/\/dev6.erresse-shop.it\/de\/shop\/kleine-elektrogeraete\/aufschnittmaschinen\/berkel-domestic-slicer-schwungrad-b3-rot\/#breadcrumb\"},\"inLanguage\":\"de\",\"potentialAction\":[{\"@type\":\"ReadAction\",\"target\":[\"https:\/\/dev6.erresse-shop.it\/de\/shop\/kleine-elektrogeraete\/aufschnittmaschinen\/berkel-domestic-slicer-schwungrad-b3-rot\/\"]}]},{\"@type\":\"ImageObject\",\"inLanguage\":\"de\",\"@id\":\"https:\/\/dev6.erresse-shop.it\/de\/shop\/kleine-elektrogeraete\/aufschnittmaschinen\/berkel-domestic-slicer-schwungrad-b3-rot\/#primaryimage\",\"url\":\"https:\/\/i3.wp.com\/interpim.erresse-shop.it\/Import\/Prodotti\/berkel-affettatrice-volano-b3-rosso-1.jpg?ssl=1\",\"contentUrl\":\"https:\/\/i3.wp.com\/interpim.erresse-shop.it\/Import\/Prodotti\/berkel-affettatrice-volano-b3-rosso-1.jpg?ssl=1\"},{\"@type\":\"BreadcrumbList\",\"@id\":\"https:\/\/dev6.erresse-shop.it\/de\/shop\/kleine-elektrogeraete\/aufschnittmaschinen\/berkel-domestic-slicer-schwungrad-b3-rot\/#breadcrumb\",\"itemListElement\":[{\"@type\":\"ListItem\",\"position\":1,\"name\":\"Home\",\"item\":\"https:\/\/dev6.erresse-shop.it\/\"},{\"@type\":\"ListItem\",\"position\":2,\"name\":\"Shop\",\"item\":\"https:\/\/dev6.erresse-shop.it\/shop\/\"},{\"@type\":\"ListItem\",\"position\":3,\"name\":\"BERKEL Domestic Slicer Schwungrad B3 Rot\"}]},{\"@type\":\"WebSite\",\"@id\":\"https:\/\/dev6.erresse-shop.it\/#website\",\"url\":\"https:\/\/dev6.erresse-shop.it\/\",\"name\":\"Erresse Shop\",\"description\":\"\",\"publisher\":{\"@id\":\"https:\/\/dev6.erresse-shop.it\/#organization\"},\"potentialAction\":[{\"@type\":\"SearchAction\",\"target\":{\"@type\":\"EntryPoint\",\"urlTemplate\":\"https:\/\/dev6.erresse-shop.it\/?s={search_term_string}\"},\"query-input\":{\"@type\":\"PropertyValueSpecification\",\"valueRequired\":true,\"valueName\":\"search_term_string\"}}],\"inLanguage\":\"de\"},{\"@type\":\"Organization\",\"@id\":\"https:\/\/dev6.erresse-shop.it\/#organization\",\"name\":\"Erresse Shop\",\"url\":\"https:\/\/dev6.erresse-shop.it\/\",\"logo\":{\"@type\":\"ImageObject\",\"inLanguage\":\"de\",\"@id\":\"https:\/\/dev6.erresse-shop.it\/#\/schema\/logo\/image\/\",\"url\":\"https:\/\/dev6.erresse-shop.it\/wp-content\/uploads\/2025\/01\/LOGO-ERRESSE-CLASSICO.svg\",\"contentUrl\":\"https:\/\/dev6.erresse-shop.it\/wp-content\/uploads\/2025\/01\/LOGO-ERRESSE-CLASSICO.svg\",\"caption\":\"Erresse Shop\"},\"image\":{\"@id\":\"https:\/\/dev6.erresse-shop.it\/#\/schema\/logo\/image\/\"}}]}<\/script>\n<!-- \/ Yoast SEO plugin. -->","yoast_head_json":{"title":"BERKEL Domestic Slicer Schwungrad B3 Rot - dev6 Erresse","description":"GROSSE SCHNEIDKAPAZIT\u00c4T IN EDLEM DESIGN Ein Schwungradschneider f\u00fcr den Hausgebrauch mit gro\u00dfer Schnittkapazit\u00e4t und Vintage-\u00c4sthetik, der einen perfekten","robots":{"index":"noindex","follow":"follow","max-snippet":"max-snippet:-1","max-image-preview":"max-image-preview:large","max-video-preview":"max-video-preview:-1"},"og_locale":"de_DE","og_type":"article","og_title":"BERKEL Domestic Slicer Schwungrad B3 Rot - dev6 Erresse","og_description":"GROSSE SCHNEIDKAPAZIT\u00c4T IN EDLEM DESIGN Ein Schwungradschneider f\u00fcr den Hausgebrauch mit gro\u00dfer Schnittkapazit\u00e4t und Vintage-\u00c4sthetik, der einen perfekten","og_url":"https:\/\/dev6.erresse-shop.it\/de\/shop\/kleine-elektrogeraete\/aufschnittmaschinen\/berkel-domestic-slicer-schwungrad-b3-rot\/","og_site_name":"dev6 Erresse","og_image":[{"url":"https:\/\/interpim.erresse-shop.it\/Import\/Prodotti\/berkel-affettatrice-volano-b3-rosso-1.jpg","type":"","width":"","height":""},{"url":"https:\/\/interpim.erresse-shop.it\/Import\/Prodotti\/berkel-affettatrice-volano-b3-rosso-1.jpg","width":1024,"height":1024,"type":"image\/jpeg"}],"twitter_card":"summary_large_image","twitter_image":"https:\/\/interpim.erresse-shop.it\/Import\/Prodotti\/berkel-affettatrice-volano-b3-rosso-1.jpg","schema":{"@context":"https:\/\/schema.org","@graph":[{"@type":"WebPage","@id":"https:\/\/dev6.erresse-shop.it\/de\/shop\/kleine-elektrogeraete\/aufschnittmaschinen\/berkel-domestic-slicer-schwungrad-b3-rot\/","url":"https:\/\/dev6.erresse-shop.it\/de\/shop\/kleine-elektrogeraete\/aufschnittmaschinen\/berkel-domestic-slicer-schwungrad-b3-rot\/","name":"BERKEL Domestic Slicer Schwungrad B3 Rot - dev6 Erresse","isPartOf":{"@id":"https:\/\/dev6.erresse-shop.it\/#website"},"primaryImageOfPage":{"@id":"https:\/\/dev6.erresse-shop.it\/de\/shop\/kleine-elektrogeraete\/aufschnittmaschinen\/berkel-domestic-slicer-schwungrad-b3-rot\/#primaryimage"},"image":{"@id":"https:\/\/dev6.erresse-shop.it\/de\/shop\/kleine-elektrogeraete\/aufschnittmaschinen\/berkel-domestic-slicer-schwungrad-b3-rot\/#primaryimage"},"thumbnailUrl":"https:\/\/i3.wp.com\/interpim.erresse-shop.it\/Import\/Prodotti\/berkel-affettatrice-volano-b3-rosso-1.jpg?ssl=1","datePublished":"2026-04-12T11:00:11+00:00","description":"GROSSE SCHNEIDKAPAZIT\u00c4T IN EDLEM DESIGN Ein Schwungradschneider f\u00fcr den Hausgebrauch mit gro\u00dfer Schnittkapazit\u00e4t und Vintage-\u00c4sthetik, der einen perfekten","breadcrumb":{"@id":"https:\/\/dev6.erresse-shop.it\/de\/shop\/kleine-elektrogeraete\/aufschnittmaschinen\/berkel-domestic-slicer-schwungrad-b3-rot\/#breadcrumb"},"inLanguage":"de","potentialAction":[{"@type":"ReadAction","target":["https:\/\/dev6.erresse-shop.it\/de\/shop\/kleine-elektrogeraete\/aufschnittmaschinen\/berkel-domestic-slicer-schwungrad-b3-rot\/"]}]},{"@type":"ImageObject","inLanguage":"de","@id":"https:\/\/dev6.erresse-shop.it\/de\/shop\/kleine-elektrogeraete\/aufschnittmaschinen\/berkel-domestic-slicer-schwungrad-b3-rot\/#primaryimage","url":"https:\/\/i3.wp.com\/interpim.erresse-shop.it\/Import\/Prodotti\/berkel-affettatrice-volano-b3-rosso-1.jpg?ssl=1","contentUrl":"https:\/\/i3.wp.com\/interpim.erresse-shop.it\/Import\/Prodotti\/berkel-affettatrice-volano-b3-rosso-1.jpg?ssl=1"},{"@type":"BreadcrumbList","@id":"https:\/\/dev6.erresse-shop.it\/de\/shop\/kleine-elektrogeraete\/aufschnittmaschinen\/berkel-domestic-slicer-schwungrad-b3-rot\/#breadcrumb","itemListElement":[{"@type":"ListItem","position":1,"name":"Home","item":"https:\/\/dev6.erresse-shop.it\/"},{"@type":"ListItem","position":2,"name":"Shop","item":"https:\/\/dev6.erresse-shop.it\/shop\/"},{"@type":"ListItem","position":3,"name":"BERKEL Domestic Slicer Schwungrad B3 Rot"}]},{"@type":"WebSite","@id":"https:\/\/dev6.erresse-shop.it\/#website","url":"https:\/\/dev6.erresse-shop.it\/","name":"Erresse Shop","description":"","publisher":{"@id":"https:\/\/dev6.erresse-shop.it\/#organization"},"potentialAction":[{"@type":"SearchAction","target":{"@type":"EntryPoint","urlTemplate":"https:\/\/dev6.erresse-shop.it\/?s={search_term_string}"},"query-input":{"@type":"PropertyValueSpecification","valueRequired":true,"valueName":"search_term_string"}}],"inLanguage":"de"},{"@type":"Organization","@id":"https:\/\/dev6.erresse-shop.it\/#organization","name":"Erresse Shop","url":"https:\/\/dev6.erresse-shop.it\/","logo":{"@type":"ImageObject","inLanguage":"de","@id":"https:\/\/dev6.erresse-shop.it\/#\/schema\/logo\/image\/","url":"https:\/\/dev6.erresse-shop.it\/wp-content\/uploads\/2025\/01\/LOGO-ERRESSE-CLASSICO.svg","contentUrl":"https:\/\/dev6.erresse-shop.it\/wp-content\/uploads\/2025\/01\/LOGO-ERRESSE-CLASSICO.svg","caption":"Erresse Shop"},"image":{"@id":"https:\/\/dev6.erresse-shop.it\/#\/schema\/logo\/image\/"}}]}},"df_price":5999,"df_sale_price":5999,"df_regular_price":7749,"df_image_link":"https:\/\/i3.wp.com\/interpim.erresse-shop.it\/Import\/Prodotti\/berkel-affettatrice-volano-b3-rosso-1.jpg?resize=300,300&ssl=1","fifu_image_url":"https:\/\/interpim.erresse-shop.it\/Import\/Prodotti\/berkel-affettatrice-volano-b3-rosso-1.jpg","_links":{"self":[{"href":"https:\/\/dev6.erresse-shop.it\/de\/wp-json\/wp\/v2\/product\/1600302","targetHints":{"allow":["GET"]}}],"collection":[{"href":"https:\/\/dev6.erresse-shop.it\/de\/wp-json\/wp\/v2\/product"}],"about":[{"href":"https:\/\/dev6.erresse-shop.it\/de\/wp-json\/wp\/v2\/types\/product"}],"wp:featuredmedia":[{"embeddable":true,"href":"https:\/\/dev6.erresse-shop.it\/de\/wp-json\/wp\/v2\/media\/6375330"}],"wp:attachment":[{"href":"https:\/\/dev6.erresse-shop.it\/de\/wp-json\/wp\/v2\/media?parent=1600302"}],"wp:term":[{"taxonomy":"product_cat","embeddable":true,"href":"https:\/\/dev6.erresse-shop.it\/de\/wp-json\/wp\/v2\/product_cat?post=1600302"},{"taxonomy":"product_tag","embeddable":true,"href":"https:\/\/dev6.erresse-shop.it\/de\/wp-json\/wp\/v2\/product_tag?post=1600302"}],"curies":[{"name":"wp","href":"https:\/\/api.w.org\/{rel}","templated":true}]}}