{"id":1600300,"date":"2026-04-12T13:00:11","date_gmt":"2026-04-12T11:00:11","guid":{"rendered":"https:\/\/dev6.erresse-shop.it\/shop\/unkategorisiert\/berkel-schwungradschneider-fuer-den-hausgebrauch-b2-rot\/"},"modified":"2025-09-14T02:56:29","modified_gmt":"2025-09-14T00:56:29","slug":"berkel-schwungradschneider-fuer-den-hausgebrauch-b2-rot","status":"publish","type":"product","link":"https:\/\/dev6.erresse-shop.it\/de\/shop\/kleine-elektrogeraete\/aufschnittmaschinen\/berkel-schwungradschneider-fuer-den-hausgebrauch-b2-rot\/","title":{"rendered":"BERKEL Schwungradschneider f\u00fcr den Hausgebrauch B2 Rot"},"content":{"rendered":"<p>Das j\u00fcngste Mitglied der Berkel Volano-Familie ist gleichzeitig die kompakteste Schneidemaschine der Neuzeit. Trotz eines Klingen-Durchmessers von 265 mm, der in dieser Kategorie eindeutig \u00fcberragend ist, hat der neue Volano B2 sehr kompakte Abmessungen, die eine einfache Positionierung in der K\u00fcche erm\u00f6glichen. Das Schwungrad ragt nur 33 mm unter den F\u00fc\u00dfen hervor, so dass die Schubladen unter der Arbeitsplatte ge\u00f6ffnet werden k\u00f6nnen; die \u00fcbliche Liebe zum Detail bei Berkel-Produkten macht in diesem Fall noch mehr den Unterschied aus. Harmonisch und wohlproportioniert, bewahrt es die unverwechselbare Eleganz unserer Flywheels und bietet gleichzeitig den perfekten Schliff, nach dem unser Gr\u00fcnder Wilhelmus van Berkel lange gesucht hat.<\/p>\n<p>PERFORMANCE<\/p>\n<p>\u2013 Geh\u00e4usekonstruktion aus spezieller Aluminiumlegierung und ABS-Edelstahl sowie Gummif\u00fc\u00dfe f\u00fcr maximale Stabilit\u00e4t w\u00e4hrend des Gebrauchs<br \/>\n\u2013 Das Schwungrad ragt nur 33 mm (das Minimum auf dem Markt) aus der Auflagefl\u00e4che heraus, um das \u00d6ffnen der Schubladen darunter zu erleichtern<br \/>\n\u2013 Fu\u00dfmodifikationssatz, um die Maschine bei Bedarf um zus\u00e4tzliche 22 mm anzuheben<br \/>\n\u2013 265 mm Klinge aus verchromtem Stahl mit professionellem Profil: reduziert den Abfall und sorgt f\u00fcr gleichm\u00e4\u00dfige Schnitte<br \/>\n\u2013 Schnellvorschubsystem und millimetrischer Platteneinstellknopf f\u00fcr perfekte Produktpositionierung<br \/>\n\u2013 Klassisches Berkel-Turmdesign, solide Konstruktion und Eleganz vereint<br \/>\n\u2013 Goldverzierungen versch\u00f6nern alle lackierten Teile<br \/>\n\u2013 Klassisches Berkel-Schwungrad mit quadratischem Profil und interner Auswuchtung, um die Drehung in jeder Position zu blockieren<br \/>\n\u2013 Abnehmbare Sch\u00e4rfer bereits mit separater Bewegung Sch\u00e4rfung System f\u00fcr maximale Pr\u00e4zision geliefert<br \/>\n\u2013 Einstellknopf f\u00fcr die Scheibendicke mit 8 Positionen zum Einstellen der Scheibendicke zwischen 0,15 mm und 1,3 mm<br \/>\n\u2013 Minimale Dicke der letzten Scheibe zur Minimierung des Produktabfalls<br \/>\n\u2013 Stahlklappe mit einfachem Magnethaken zum leichteren Abl\u00f6sen der Scheiben<br \/>\n\u2013 NFC TAG im Geh\u00e4use eingebettet, um die Originalit\u00e4t zu garantieren<\/p>\n<p>REINIGUNG UND HYGIENE<\/p>\n<p>\u2013 Professionelle Edelstahlplatte und Unterplatte mit Ausl\u00f6sesystem f\u00fcr maximale Reinigung und Gummiblockierpads dazwischen, um Bewegungen beim Schneiden zu minimieren<br \/>\n\u2013 Unterst\u00fctzter Schieber aus eloxiertem Aluminium mit Stahlspitzen f\u00fcr optimale Produktspannung<br \/>\n\u2013 Umfangreiche Reinigungsm\u00f6glichkeiten und r\u00fcckw\u00e4rtiger Schrottcontainer<br \/>\n\u2013 Schnelles Abnahmesystem des Haubenaufsatzes zur einfachen Reinigung<br \/>\n\u2013 Abnehmbare, sp\u00fclmaschinenfeste Handschuhe aus Edelstahl<\/p>\n<p>\u00a0<\/p>\n<p>SICHERHEIT<\/p>\n<p>\u2013 Vollstahl-Klingenschutzring mit manuellem Ausl\u00f6sesystem f\u00fcr maximale Sicherheit<br \/>\n\u2013 Hinterer Klingenschutzring aus lebensmittelechtem Aluminium f\u00fcr zus\u00e4tzliche Sicherheit<br \/>\n\u2013 Ergonomische Bedienelemente aus schwarz eloxiertem Aluminium, um den Griff zu erleichtern und den Kraftaufwand des Bedieners zu minimieren<\/p>\n<p>TECHNISCHE DATEN<\/p>\n<p>Gewicht 33 kg<br \/>\nH\u00f6he [B] 570 mm<br \/>\nTiefe [C] 675 mm<br \/>\nBreite [A] 530 mm<br \/>\nDurchmesser der Klinge 265 mm<br \/>\nMaterial der Schneideklinge 100Cr6<br \/>\nSchnittst\u00e4rke 0 \u2013 1,35 mm<br \/>\nSchneidkapazit\u00e4t (kreisf\u00f6rmig) 176 mm<br \/>\nSchneidkapazit\u00e4t (rechteckig) 190\u00d7165 mm<br \/>\nDetails: Schraubmechanismus f\u00fcr Klingenschutzbewegung; gemalter Berkeldekor und Signatur<br \/>\nAbnehmbare Teile: Klingenschutz; Handschuhfach; Abdeckplatte<br \/>\nInklusive Anspitzer, zwei Bewegungen<\/p>\n<p>Nicht zum Verkauf au\u00dferhalb Europas<\/p>\n","protected":false},"excerpt":{"rendered":"<p>Das j\u00fcngste Mitglied der Berkel Volano-Familie ist gleichzeitig die kompakteste Schneidemaschine der Neuzeit. Trotz eines Klingen-Durchmessers von 265 mm, der in dieser Kategorie eindeutig \u00fcberragend ist, hat der neue Volano B2 sehr kompakte Abmessungen, die eine einfache Positionierung in der K\u00fcche erm\u00f6glichen. Das Schwungrad ragt nur 33 mm unter den F\u00fc\u00dfen hervor, so dass die [&hellip;]<\/p>\n","protected":false},"featured_media":6375296,"template":"","meta":{"_acf_changed":false},"product_cat":[12181,12163],"product_tag":[],"class_list":{"0":"post-1600300","1":"product","2":"type-product","3":"status-publish","4":"has-post-thumbnail","6":"product_cat-aufschnittmaschinen","7":"product_cat-kleine-elektrogeraete","9":"first","10":"instock","11":"sale","12":"taxable","13":"shipping-taxable","14":"purchasable","15":"product-type-simple","swatches":"rey-swatches","show_selected":"","stretch_labels":"rey-swatches--stretch-labels"},"acf":[],"yoast_head":"<!-- This site is optimized with the Yoast SEO plugin v25.4 - https:\/\/yoast.com\/wordpress\/plugins\/seo\/ -->\n<title>BERKEL Schwungradschneider f\u00fcr den Hausgebrauch B2 Rot - dev6 Erresse<\/title>\n<meta name=\"description\" content=\"Das j\u00fcngste Mitglied der Berkel Volano-Familie ist gleichzeitig die kompakteste Schneidemaschine der Neuzeit. Trotz eines Klingen-Durchmessers von 265 mm,\" \/>\n<meta name=\"robots\" content=\"noindex, follow, max-snippet:-1, max-image-preview:large, max-video-preview:-1\" \/>\n<meta property=\"og:locale\" content=\"de_DE\" \/>\n<meta property=\"og:type\" content=\"article\" \/>\n<meta property=\"og:title\" content=\"BERKEL Schwungradschneider f\u00fcr den Hausgebrauch B2 Rot - dev6 Erresse\" \/>\n<meta property=\"og:description\" content=\"Das j\u00fcngste Mitglied der Berkel Volano-Familie ist gleichzeitig die kompakteste Schneidemaschine der Neuzeit. Trotz eines Klingen-Durchmessers von 265 mm,\" \/>\n<meta property=\"og:url\" content=\"https:\/\/dev6.erresse-shop.it\/de\/shop\/kleine-elektrogeraete\/aufschnittmaschinen\/berkel-schwungradschneider-fuer-den-hausgebrauch-b2-rot\/\" \/>\n<meta property=\"og:site_name\" content=\"dev6 Erresse\" \/>\n<meta property=\"og:image\" content=\"https:\/\/interpim.erresse-shop.it\/Import\/Prodotti\/berkel-affettatrice-volano-b2-rosso.jpg\" \/><meta property=\"og:image\" content=\"https:\/\/interpim.erresse-shop.it\/Import\/Prodotti\/berkel-affettatrice-volano-b2-rosso.jpg\" \/>\n\t<meta property=\"og:image:width\" content=\"1024\" \/>\n\t<meta property=\"og:image:height\" content=\"1024\" \/>\n\t<meta property=\"og:image:type\" content=\"image\/jpeg\" \/>\n<meta name=\"twitter:card\" content=\"summary_large_image\" \/>\n<meta name=\"twitter:image\" content=\"https:\/\/interpim.erresse-shop.it\/Import\/Prodotti\/berkel-affettatrice-volano-b2-rosso.jpg\" \/>\n<script type=\"application\/ld+json\" class=\"yoast-schema-graph\">{\"@context\":\"https:\/\/schema.org\",\"@graph\":[{\"@type\":\"WebPage\",\"@id\":\"https:\/\/dev6.erresse-shop.it\/de\/shop\/kleine-elektrogeraete\/aufschnittmaschinen\/berkel-schwungradschneider-fuer-den-hausgebrauch-b2-rot\/\",\"url\":\"https:\/\/dev6.erresse-shop.it\/de\/shop\/kleine-elektrogeraete\/aufschnittmaschinen\/berkel-schwungradschneider-fuer-den-hausgebrauch-b2-rot\/\",\"name\":\"BERKEL Schwungradschneider f\u00fcr den Hausgebrauch B2 Rot - dev6 Erresse\",\"isPartOf\":{\"@id\":\"https:\/\/dev6.erresse-shop.it\/#website\"},\"primaryImageOfPage\":{\"@id\":\"https:\/\/dev6.erresse-shop.it\/de\/shop\/kleine-elektrogeraete\/aufschnittmaschinen\/berkel-schwungradschneider-fuer-den-hausgebrauch-b2-rot\/#primaryimage\"},\"image\":{\"@id\":\"https:\/\/dev6.erresse-shop.it\/de\/shop\/kleine-elektrogeraete\/aufschnittmaschinen\/berkel-schwungradschneider-fuer-den-hausgebrauch-b2-rot\/#primaryimage\"},\"thumbnailUrl\":\"https:\/\/i2.wp.com\/interpim.erresse-shop.it\/Import\/Prodotti\/berkel-affettatrice-volano-b2-rosso.jpg?ssl=1\",\"datePublished\":\"2026-04-12T11:00:11+00:00\",\"description\":\"Das j\u00fcngste Mitglied der Berkel Volano-Familie ist gleichzeitig die kompakteste Schneidemaschine der Neuzeit. Trotz eines Klingen-Durchmessers von 265 mm,\",\"breadcrumb\":{\"@id\":\"https:\/\/dev6.erresse-shop.it\/de\/shop\/kleine-elektrogeraete\/aufschnittmaschinen\/berkel-schwungradschneider-fuer-den-hausgebrauch-b2-rot\/#breadcrumb\"},\"inLanguage\":\"de\",\"potentialAction\":[{\"@type\":\"ReadAction\",\"target\":[\"https:\/\/dev6.erresse-shop.it\/de\/shop\/kleine-elektrogeraete\/aufschnittmaschinen\/berkel-schwungradschneider-fuer-den-hausgebrauch-b2-rot\/\"]}]},{\"@type\":\"ImageObject\",\"inLanguage\":\"de\",\"@id\":\"https:\/\/dev6.erresse-shop.it\/de\/shop\/kleine-elektrogeraete\/aufschnittmaschinen\/berkel-schwungradschneider-fuer-den-hausgebrauch-b2-rot\/#primaryimage\",\"url\":\"https:\/\/i2.wp.com\/interpim.erresse-shop.it\/Import\/Prodotti\/berkel-affettatrice-volano-b2-rosso.jpg?ssl=1\",\"contentUrl\":\"https:\/\/i2.wp.com\/interpim.erresse-shop.it\/Import\/Prodotti\/berkel-affettatrice-volano-b2-rosso.jpg?ssl=1\"},{\"@type\":\"BreadcrumbList\",\"@id\":\"https:\/\/dev6.erresse-shop.it\/de\/shop\/kleine-elektrogeraete\/aufschnittmaschinen\/berkel-schwungradschneider-fuer-den-hausgebrauch-b2-rot\/#breadcrumb\",\"itemListElement\":[{\"@type\":\"ListItem\",\"position\":1,\"name\":\"Home\",\"item\":\"https:\/\/dev6.erresse-shop.it\/\"},{\"@type\":\"ListItem\",\"position\":2,\"name\":\"Shop\",\"item\":\"https:\/\/dev6.erresse-shop.it\/shop\/\"},{\"@type\":\"ListItem\",\"position\":3,\"name\":\"BERKEL Schwungradschneider f\u00fcr den Hausgebrauch B2 Rot\"}]},{\"@type\":\"WebSite\",\"@id\":\"https:\/\/dev6.erresse-shop.it\/#website\",\"url\":\"https:\/\/dev6.erresse-shop.it\/\",\"name\":\"Erresse Shop\",\"description\":\"\",\"publisher\":{\"@id\":\"https:\/\/dev6.erresse-shop.it\/#organization\"},\"potentialAction\":[{\"@type\":\"SearchAction\",\"target\":{\"@type\":\"EntryPoint\",\"urlTemplate\":\"https:\/\/dev6.erresse-shop.it\/?s={search_term_string}\"},\"query-input\":{\"@type\":\"PropertyValueSpecification\",\"valueRequired\":true,\"valueName\":\"search_term_string\"}}],\"inLanguage\":\"de\"},{\"@type\":\"Organization\",\"@id\":\"https:\/\/dev6.erresse-shop.it\/#organization\",\"name\":\"Erresse Shop\",\"url\":\"https:\/\/dev6.erresse-shop.it\/\",\"logo\":{\"@type\":\"ImageObject\",\"inLanguage\":\"de\",\"@id\":\"https:\/\/dev6.erresse-shop.it\/#\/schema\/logo\/image\/\",\"url\":\"https:\/\/dev6.erresse-shop.it\/wp-content\/uploads\/2025\/01\/LOGO-ERRESSE-CLASSICO.svg\",\"contentUrl\":\"https:\/\/dev6.erresse-shop.it\/wp-content\/uploads\/2025\/01\/LOGO-ERRESSE-CLASSICO.svg\",\"caption\":\"Erresse Shop\"},\"image\":{\"@id\":\"https:\/\/dev6.erresse-shop.it\/#\/schema\/logo\/image\/\"}}]}<\/script>\n<!-- \/ Yoast SEO plugin. -->","yoast_head_json":{"title":"BERKEL Schwungradschneider f\u00fcr den Hausgebrauch B2 Rot - dev6 Erresse","description":"Das j\u00fcngste Mitglied der Berkel Volano-Familie ist gleichzeitig die kompakteste Schneidemaschine der Neuzeit. Trotz eines Klingen-Durchmessers von 265 mm,","robots":{"index":"noindex","follow":"follow","max-snippet":"max-snippet:-1","max-image-preview":"max-image-preview:large","max-video-preview":"max-video-preview:-1"},"og_locale":"de_DE","og_type":"article","og_title":"BERKEL Schwungradschneider f\u00fcr den Hausgebrauch B2 Rot - dev6 Erresse","og_description":"Das j\u00fcngste Mitglied der Berkel Volano-Familie ist gleichzeitig die kompakteste Schneidemaschine der Neuzeit. Trotz eines Klingen-Durchmessers von 265 mm,","og_url":"https:\/\/dev6.erresse-shop.it\/de\/shop\/kleine-elektrogeraete\/aufschnittmaschinen\/berkel-schwungradschneider-fuer-den-hausgebrauch-b2-rot\/","og_site_name":"dev6 Erresse","og_image":[{"url":"https:\/\/interpim.erresse-shop.it\/Import\/Prodotti\/berkel-affettatrice-volano-b2-rosso.jpg","type":"","width":"","height":""},{"url":"https:\/\/interpim.erresse-shop.it\/Import\/Prodotti\/berkel-affettatrice-volano-b2-rosso.jpg","width":1024,"height":1024,"type":"image\/jpeg"}],"twitter_card":"summary_large_image","twitter_image":"https:\/\/interpim.erresse-shop.it\/Import\/Prodotti\/berkel-affettatrice-volano-b2-rosso.jpg","schema":{"@context":"https:\/\/schema.org","@graph":[{"@type":"WebPage","@id":"https:\/\/dev6.erresse-shop.it\/de\/shop\/kleine-elektrogeraete\/aufschnittmaschinen\/berkel-schwungradschneider-fuer-den-hausgebrauch-b2-rot\/","url":"https:\/\/dev6.erresse-shop.it\/de\/shop\/kleine-elektrogeraete\/aufschnittmaschinen\/berkel-schwungradschneider-fuer-den-hausgebrauch-b2-rot\/","name":"BERKEL Schwungradschneider f\u00fcr den Hausgebrauch B2 Rot - dev6 Erresse","isPartOf":{"@id":"https:\/\/dev6.erresse-shop.it\/#website"},"primaryImageOfPage":{"@id":"https:\/\/dev6.erresse-shop.it\/de\/shop\/kleine-elektrogeraete\/aufschnittmaschinen\/berkel-schwungradschneider-fuer-den-hausgebrauch-b2-rot\/#primaryimage"},"image":{"@id":"https:\/\/dev6.erresse-shop.it\/de\/shop\/kleine-elektrogeraete\/aufschnittmaschinen\/berkel-schwungradschneider-fuer-den-hausgebrauch-b2-rot\/#primaryimage"},"thumbnailUrl":"https:\/\/i2.wp.com\/interpim.erresse-shop.it\/Import\/Prodotti\/berkel-affettatrice-volano-b2-rosso.jpg?ssl=1","datePublished":"2026-04-12T11:00:11+00:00","description":"Das j\u00fcngste Mitglied der Berkel Volano-Familie ist gleichzeitig die kompakteste Schneidemaschine der Neuzeit. Trotz eines Klingen-Durchmessers von 265 mm,","breadcrumb":{"@id":"https:\/\/dev6.erresse-shop.it\/de\/shop\/kleine-elektrogeraete\/aufschnittmaschinen\/berkel-schwungradschneider-fuer-den-hausgebrauch-b2-rot\/#breadcrumb"},"inLanguage":"de","potentialAction":[{"@type":"ReadAction","target":["https:\/\/dev6.erresse-shop.it\/de\/shop\/kleine-elektrogeraete\/aufschnittmaschinen\/berkel-schwungradschneider-fuer-den-hausgebrauch-b2-rot\/"]}]},{"@type":"ImageObject","inLanguage":"de","@id":"https:\/\/dev6.erresse-shop.it\/de\/shop\/kleine-elektrogeraete\/aufschnittmaschinen\/berkel-schwungradschneider-fuer-den-hausgebrauch-b2-rot\/#primaryimage","url":"https:\/\/i2.wp.com\/interpim.erresse-shop.it\/Import\/Prodotti\/berkel-affettatrice-volano-b2-rosso.jpg?ssl=1","contentUrl":"https:\/\/i2.wp.com\/interpim.erresse-shop.it\/Import\/Prodotti\/berkel-affettatrice-volano-b2-rosso.jpg?ssl=1"},{"@type":"BreadcrumbList","@id":"https:\/\/dev6.erresse-shop.it\/de\/shop\/kleine-elektrogeraete\/aufschnittmaschinen\/berkel-schwungradschneider-fuer-den-hausgebrauch-b2-rot\/#breadcrumb","itemListElement":[{"@type":"ListItem","position":1,"name":"Home","item":"https:\/\/dev6.erresse-shop.it\/"},{"@type":"ListItem","position":2,"name":"Shop","item":"https:\/\/dev6.erresse-shop.it\/shop\/"},{"@type":"ListItem","position":3,"name":"BERKEL Schwungradschneider f\u00fcr den Hausgebrauch B2 Rot"}]},{"@type":"WebSite","@id":"https:\/\/dev6.erresse-shop.it\/#website","url":"https:\/\/dev6.erresse-shop.it\/","name":"Erresse Shop","description":"","publisher":{"@id":"https:\/\/dev6.erresse-shop.it\/#organization"},"potentialAction":[{"@type":"SearchAction","target":{"@type":"EntryPoint","urlTemplate":"https:\/\/dev6.erresse-shop.it\/?s={search_term_string}"},"query-input":{"@type":"PropertyValueSpecification","valueRequired":true,"valueName":"search_term_string"}}],"inLanguage":"de"},{"@type":"Organization","@id":"https:\/\/dev6.erresse-shop.it\/#organization","name":"Erresse Shop","url":"https:\/\/dev6.erresse-shop.it\/","logo":{"@type":"ImageObject","inLanguage":"de","@id":"https:\/\/dev6.erresse-shop.it\/#\/schema\/logo\/image\/","url":"https:\/\/dev6.erresse-shop.it\/wp-content\/uploads\/2025\/01\/LOGO-ERRESSE-CLASSICO.svg","contentUrl":"https:\/\/dev6.erresse-shop.it\/wp-content\/uploads\/2025\/01\/LOGO-ERRESSE-CLASSICO.svg","caption":"Erresse Shop"},"image":{"@id":"https:\/\/dev6.erresse-shop.it\/#\/schema\/logo\/image\/"}}]}},"df_price":5499,"df_sale_price":5499,"df_regular_price":7299,"df_image_link":"https:\/\/i2.wp.com\/interpim.erresse-shop.it\/Import\/Prodotti\/berkel-affettatrice-volano-b2-rosso.jpg?resize=300,300&ssl=1","fifu_image_url":"https:\/\/interpim.erresse-shop.it\/Import\/Prodotti\/berkel-affettatrice-volano-b2-rosso.jpg","_links":{"self":[{"href":"https:\/\/dev6.erresse-shop.it\/de\/wp-json\/wp\/v2\/product\/1600300","targetHints":{"allow":["GET"]}}],"collection":[{"href":"https:\/\/dev6.erresse-shop.it\/de\/wp-json\/wp\/v2\/product"}],"about":[{"href":"https:\/\/dev6.erresse-shop.it\/de\/wp-json\/wp\/v2\/types\/product"}],"wp:featuredmedia":[{"embeddable":true,"href":"https:\/\/dev6.erresse-shop.it\/de\/wp-json\/wp\/v2\/media\/6375296"}],"wp:attachment":[{"href":"https:\/\/dev6.erresse-shop.it\/de\/wp-json\/wp\/v2\/media?parent=1600300"}],"wp:term":[{"taxonomy":"product_cat","embeddable":true,"href":"https:\/\/dev6.erresse-shop.it\/de\/wp-json\/wp\/v2\/product_cat?post=1600300"},{"taxonomy":"product_tag","embeddable":true,"href":"https:\/\/dev6.erresse-shop.it\/de\/wp-json\/wp\/v2\/product_tag?post=1600300"}],"curies":[{"name":"wp","href":"https:\/\/api.w.org\/{rel}","templated":true}]}}