{"id":1600242,"date":"2026-04-12T12:55:17","date_gmt":"2026-04-12T10:55:17","guid":{"rendered":"https:\/\/dev6.erresse-shop.it\/shop\/unkategorisiert\/alessi-toepfe-und-pfannen-set-7-tlg\/"},"modified":"2025-09-14T02:54:07","modified_gmt":"2025-09-14T00:54:07","slug":"alessi-toepfe-und-pfannen-set-7-tlg","status":"publish","type":"product","link":"https:\/\/dev6.erresse-shop.it\/de\/shop\/toepfe-pfannen\/topfsets\/alessi-toepfe-und-pfannen-set-7-tlg\/","title":{"rendered":"ALESSI T\u00f6pfe und Pfannen Set 7-tlg"},"content":{"rendered":"<p>Die T\u00f6pfe der Kollektion Mami, die von dem Designer Stefano Giovannoni entworfen wurden, sind eine Hymne an die weichen und runden Formen der Werkzeuge, die die italienische Tradition ausmachen und aus denen sich die k\u00f6stlichen D\u00fcfte des sonnt\u00e4glichen Mittagessens f\u00fcr die ganze Familie im ganzen Haus verbreiten. Das Set Mami-T\u00f6pfe ist aus rostfreiem Edelstahl 18\/10, mit einer gl\u00e4nzenden Oberfl\u00e4che<\/p>\n<p>Kochgeschirr-Set:<br \/>\n\u2013 Kochtopf 20 cm (SG100\/20)<br \/>\n\u2013 Kasserolle mit zwei Griffen 20 cm (SG101\/20)<br \/>\n\u2013 Niedrige Kasserolle mit zwei Griffen 24 cm (SG102\/24)<br \/>\n\u2013 Kochtopf 14 cm (SG105\/14)<br \/>\n\u2013 Deckel 14 cm (SG200\/14)<br \/>\n\u2013 Deckel 20 cm (SG200\/20)<br \/>\n\u2013 Deckel 24 cm (SG200\/24)<\/p>\n<p>Geeignet f\u00fcr Induktion<br \/>\nGeschirrsp\u00fclmaschinenfest<\/p>\n","protected":false},"excerpt":{"rendered":"<p>Die T\u00f6pfe der Kollektion Mami, die von dem Designer Stefano Giovannoni entworfen wurden, sind eine Hymne an die weichen und runden Formen der Werkzeuge, die die italienische Tradition ausmachen und aus denen sich die k\u00f6stlichen D\u00fcfte des sonnt\u00e4glichen Mittagessens f\u00fcr die ganze Familie im ganzen Haus verbreiten. Das Set Mami-T\u00f6pfe ist aus rostfreiem Edelstahl 18\/10, [&hellip;]<\/p>\n","protected":false},"featured_media":6374888,"template":"","meta":{"_acf_changed":false},"product_cat":[12099,12132],"product_tag":[],"class_list":{"0":"post-1600242","1":"product","2":"type-product","3":"status-publish","4":"has-post-thumbnail","6":"product_cat-toepfe-pfannen","7":"product_cat-topfsets","9":"first","10":"instock","11":"sale","12":"taxable","13":"shipping-taxable","14":"purchasable","15":"product-type-simple","swatches":"rey-swatches","show_selected":"","stretch_labels":"rey-swatches--stretch-labels"},"acf":[],"yoast_head":"<!-- This site is optimized with the Yoast SEO plugin v25.4 - https:\/\/yoast.com\/wordpress\/plugins\/seo\/ -->\n<title>ALESSI T\u00f6pfe und Pfannen Set 7-tlg - dev6 Erresse<\/title>\n<meta name=\"description\" content=\"Die T\u00f6pfe der Kollektion Mami, die von dem Designer Stefano Giovannoni entworfen wurden, sind eine Hymne an die weichen und runden Formen der Werkzeuge,\" \/>\n<meta name=\"robots\" content=\"noindex, follow, max-snippet:-1, max-image-preview:large, max-video-preview:-1\" \/>\n<meta property=\"og:locale\" content=\"de_DE\" \/>\n<meta property=\"og:type\" content=\"article\" \/>\n<meta property=\"og:title\" content=\"ALESSI T\u00f6pfe und Pfannen Set 7-tlg - dev6 Erresse\" \/>\n<meta property=\"og:description\" content=\"Die T\u00f6pfe der Kollektion Mami, die von dem Designer Stefano Giovannoni entworfen wurden, sind eine Hymne an die weichen und runden Formen der Werkzeuge,\" \/>\n<meta property=\"og:url\" content=\"https:\/\/dev6.erresse-shop.it\/de\/shop\/toepfe-pfannen\/topfsets\/alessi-toepfe-und-pfannen-set-7-tlg\/\" \/>\n<meta property=\"og:site_name\" content=\"dev6 Erresse\" \/>\n<meta property=\"og:image\" content=\"https:\/\/interpim.erresse-shop.it\/Import\/Prodotti\/alessi-mami-set-di-pentole-7-pz.jpg\" \/><meta property=\"og:image\" content=\"https:\/\/interpim.erresse-shop.it\/Import\/Prodotti\/alessi-mami-set-di-pentole-7-pz.jpg\" \/>\n\t<meta property=\"og:image:width\" content=\"1024\" \/>\n\t<meta property=\"og:image:height\" content=\"1024\" \/>\n\t<meta property=\"og:image:type\" content=\"image\/jpeg\" \/>\n<meta name=\"twitter:card\" content=\"summary_large_image\" \/>\n<meta name=\"twitter:image\" content=\"https:\/\/interpim.erresse-shop.it\/Import\/Prodotti\/alessi-mami-set-di-pentole-7-pz.jpg\" \/>\n<script type=\"application\/ld+json\" class=\"yoast-schema-graph\">{\"@context\":\"https:\/\/schema.org\",\"@graph\":[{\"@type\":\"WebPage\",\"@id\":\"https:\/\/dev6.erresse-shop.it\/de\/shop\/toepfe-pfannen\/topfsets\/alessi-toepfe-und-pfannen-set-7-tlg\/\",\"url\":\"https:\/\/dev6.erresse-shop.it\/de\/shop\/toepfe-pfannen\/topfsets\/alessi-toepfe-und-pfannen-set-7-tlg\/\",\"name\":\"ALESSI T\u00f6pfe und Pfannen Set 7-tlg - dev6 Erresse\",\"isPartOf\":{\"@id\":\"https:\/\/dev6.erresse-shop.it\/#website\"},\"primaryImageOfPage\":{\"@id\":\"https:\/\/dev6.erresse-shop.it\/de\/shop\/toepfe-pfannen\/topfsets\/alessi-toepfe-und-pfannen-set-7-tlg\/#primaryimage\"},\"image\":{\"@id\":\"https:\/\/dev6.erresse-shop.it\/de\/shop\/toepfe-pfannen\/topfsets\/alessi-toepfe-und-pfannen-set-7-tlg\/#primaryimage\"},\"thumbnailUrl\":\"https:\/\/i3.wp.com\/interpim.erresse-shop.it\/Import\/Prodotti\/alessi-mami-set-di-pentole-7-pz.jpg?ssl=1\",\"datePublished\":\"2026-04-12T10:55:17+00:00\",\"description\":\"Die T\u00f6pfe der Kollektion Mami, die von dem Designer Stefano Giovannoni entworfen wurden, sind eine Hymne an die weichen und runden Formen der Werkzeuge,\",\"breadcrumb\":{\"@id\":\"https:\/\/dev6.erresse-shop.it\/de\/shop\/toepfe-pfannen\/topfsets\/alessi-toepfe-und-pfannen-set-7-tlg\/#breadcrumb\"},\"inLanguage\":\"de\",\"potentialAction\":[{\"@type\":\"ReadAction\",\"target\":[\"https:\/\/dev6.erresse-shop.it\/de\/shop\/toepfe-pfannen\/topfsets\/alessi-toepfe-und-pfannen-set-7-tlg\/\"]}]},{\"@type\":\"ImageObject\",\"inLanguage\":\"de\",\"@id\":\"https:\/\/dev6.erresse-shop.it\/de\/shop\/toepfe-pfannen\/topfsets\/alessi-toepfe-und-pfannen-set-7-tlg\/#primaryimage\",\"url\":\"https:\/\/i3.wp.com\/interpim.erresse-shop.it\/Import\/Prodotti\/alessi-mami-set-di-pentole-7-pz.jpg?ssl=1\",\"contentUrl\":\"https:\/\/i3.wp.com\/interpim.erresse-shop.it\/Import\/Prodotti\/alessi-mami-set-di-pentole-7-pz.jpg?ssl=1\"},{\"@type\":\"BreadcrumbList\",\"@id\":\"https:\/\/dev6.erresse-shop.it\/de\/shop\/toepfe-pfannen\/topfsets\/alessi-toepfe-und-pfannen-set-7-tlg\/#breadcrumb\",\"itemListElement\":[{\"@type\":\"ListItem\",\"position\":1,\"name\":\"Home\",\"item\":\"https:\/\/dev6.erresse-shop.it\/\"},{\"@type\":\"ListItem\",\"position\":2,\"name\":\"Shop\",\"item\":\"https:\/\/dev6.erresse-shop.it\/shop\/\"},{\"@type\":\"ListItem\",\"position\":3,\"name\":\"ALESSI T\u00f6pfe und Pfannen Set 7-tlg\"}]},{\"@type\":\"WebSite\",\"@id\":\"https:\/\/dev6.erresse-shop.it\/#website\",\"url\":\"https:\/\/dev6.erresse-shop.it\/\",\"name\":\"Erresse Shop\",\"description\":\"\",\"publisher\":{\"@id\":\"https:\/\/dev6.erresse-shop.it\/#organization\"},\"potentialAction\":[{\"@type\":\"SearchAction\",\"target\":{\"@type\":\"EntryPoint\",\"urlTemplate\":\"https:\/\/dev6.erresse-shop.it\/?s={search_term_string}\"},\"query-input\":{\"@type\":\"PropertyValueSpecification\",\"valueRequired\":true,\"valueName\":\"search_term_string\"}}],\"inLanguage\":\"de\"},{\"@type\":\"Organization\",\"@id\":\"https:\/\/dev6.erresse-shop.it\/#organization\",\"name\":\"Erresse Shop\",\"url\":\"https:\/\/dev6.erresse-shop.it\/\",\"logo\":{\"@type\":\"ImageObject\",\"inLanguage\":\"de\",\"@id\":\"https:\/\/dev6.erresse-shop.it\/#\/schema\/logo\/image\/\",\"url\":\"https:\/\/dev6.erresse-shop.it\/wp-content\/uploads\/2025\/01\/LOGO-ERRESSE-CLASSICO.svg\",\"contentUrl\":\"https:\/\/dev6.erresse-shop.it\/wp-content\/uploads\/2025\/01\/LOGO-ERRESSE-CLASSICO.svg\",\"caption\":\"Erresse Shop\"},\"image\":{\"@id\":\"https:\/\/dev6.erresse-shop.it\/#\/schema\/logo\/image\/\"}}]}<\/script>\n<!-- \/ Yoast SEO plugin. -->","yoast_head_json":{"title":"ALESSI T\u00f6pfe und Pfannen Set 7-tlg - dev6 Erresse","description":"Die T\u00f6pfe der Kollektion Mami, die von dem Designer Stefano Giovannoni entworfen wurden, sind eine Hymne an die weichen und runden Formen der Werkzeuge,","robots":{"index":"noindex","follow":"follow","max-snippet":"max-snippet:-1","max-image-preview":"max-image-preview:large","max-video-preview":"max-video-preview:-1"},"og_locale":"de_DE","og_type":"article","og_title":"ALESSI T\u00f6pfe und Pfannen Set 7-tlg - dev6 Erresse","og_description":"Die T\u00f6pfe der Kollektion Mami, die von dem Designer Stefano Giovannoni entworfen wurden, sind eine Hymne an die weichen und runden Formen der Werkzeuge,","og_url":"https:\/\/dev6.erresse-shop.it\/de\/shop\/toepfe-pfannen\/topfsets\/alessi-toepfe-und-pfannen-set-7-tlg\/","og_site_name":"dev6 Erresse","og_image":[{"url":"https:\/\/interpim.erresse-shop.it\/Import\/Prodotti\/alessi-mami-set-di-pentole-7-pz.jpg","type":"","width":"","height":""},{"url":"https:\/\/interpim.erresse-shop.it\/Import\/Prodotti\/alessi-mami-set-di-pentole-7-pz.jpg","width":1024,"height":1024,"type":"image\/jpeg"}],"twitter_card":"summary_large_image","twitter_image":"https:\/\/interpim.erresse-shop.it\/Import\/Prodotti\/alessi-mami-set-di-pentole-7-pz.jpg","schema":{"@context":"https:\/\/schema.org","@graph":[{"@type":"WebPage","@id":"https:\/\/dev6.erresse-shop.it\/de\/shop\/toepfe-pfannen\/topfsets\/alessi-toepfe-und-pfannen-set-7-tlg\/","url":"https:\/\/dev6.erresse-shop.it\/de\/shop\/toepfe-pfannen\/topfsets\/alessi-toepfe-und-pfannen-set-7-tlg\/","name":"ALESSI T\u00f6pfe und Pfannen Set 7-tlg - dev6 Erresse","isPartOf":{"@id":"https:\/\/dev6.erresse-shop.it\/#website"},"primaryImageOfPage":{"@id":"https:\/\/dev6.erresse-shop.it\/de\/shop\/toepfe-pfannen\/topfsets\/alessi-toepfe-und-pfannen-set-7-tlg\/#primaryimage"},"image":{"@id":"https:\/\/dev6.erresse-shop.it\/de\/shop\/toepfe-pfannen\/topfsets\/alessi-toepfe-und-pfannen-set-7-tlg\/#primaryimage"},"thumbnailUrl":"https:\/\/i3.wp.com\/interpim.erresse-shop.it\/Import\/Prodotti\/alessi-mami-set-di-pentole-7-pz.jpg?ssl=1","datePublished":"2026-04-12T10:55:17+00:00","description":"Die T\u00f6pfe der Kollektion Mami, die von dem Designer Stefano Giovannoni entworfen wurden, sind eine Hymne an die weichen und runden Formen der Werkzeuge,","breadcrumb":{"@id":"https:\/\/dev6.erresse-shop.it\/de\/shop\/toepfe-pfannen\/topfsets\/alessi-toepfe-und-pfannen-set-7-tlg\/#breadcrumb"},"inLanguage":"de","potentialAction":[{"@type":"ReadAction","target":["https:\/\/dev6.erresse-shop.it\/de\/shop\/toepfe-pfannen\/topfsets\/alessi-toepfe-und-pfannen-set-7-tlg\/"]}]},{"@type":"ImageObject","inLanguage":"de","@id":"https:\/\/dev6.erresse-shop.it\/de\/shop\/toepfe-pfannen\/topfsets\/alessi-toepfe-und-pfannen-set-7-tlg\/#primaryimage","url":"https:\/\/i3.wp.com\/interpim.erresse-shop.it\/Import\/Prodotti\/alessi-mami-set-di-pentole-7-pz.jpg?ssl=1","contentUrl":"https:\/\/i3.wp.com\/interpim.erresse-shop.it\/Import\/Prodotti\/alessi-mami-set-di-pentole-7-pz.jpg?ssl=1"},{"@type":"BreadcrumbList","@id":"https:\/\/dev6.erresse-shop.it\/de\/shop\/toepfe-pfannen\/topfsets\/alessi-toepfe-und-pfannen-set-7-tlg\/#breadcrumb","itemListElement":[{"@type":"ListItem","position":1,"name":"Home","item":"https:\/\/dev6.erresse-shop.it\/"},{"@type":"ListItem","position":2,"name":"Shop","item":"https:\/\/dev6.erresse-shop.it\/shop\/"},{"@type":"ListItem","position":3,"name":"ALESSI T\u00f6pfe und Pfannen Set 7-tlg"}]},{"@type":"WebSite","@id":"https:\/\/dev6.erresse-shop.it\/#website","url":"https:\/\/dev6.erresse-shop.it\/","name":"Erresse Shop","description":"","publisher":{"@id":"https:\/\/dev6.erresse-shop.it\/#organization"},"potentialAction":[{"@type":"SearchAction","target":{"@type":"EntryPoint","urlTemplate":"https:\/\/dev6.erresse-shop.it\/?s={search_term_string}"},"query-input":{"@type":"PropertyValueSpecification","valueRequired":true,"valueName":"search_term_string"}}],"inLanguage":"de"},{"@type":"Organization","@id":"https:\/\/dev6.erresse-shop.it\/#organization","name":"Erresse Shop","url":"https:\/\/dev6.erresse-shop.it\/","logo":{"@type":"ImageObject","inLanguage":"de","@id":"https:\/\/dev6.erresse-shop.it\/#\/schema\/logo\/image\/","url":"https:\/\/dev6.erresse-shop.it\/wp-content\/uploads\/2025\/01\/LOGO-ERRESSE-CLASSICO.svg","contentUrl":"https:\/\/dev6.erresse-shop.it\/wp-content\/uploads\/2025\/01\/LOGO-ERRESSE-CLASSICO.svg","caption":"Erresse Shop"},"image":{"@id":"https:\/\/dev6.erresse-shop.it\/#\/schema\/logo\/image\/"}}]}},"df_price":349,"df_sale_price":349,"df_regular_price":400,"df_image_link":"https:\/\/i3.wp.com\/interpim.erresse-shop.it\/Import\/Prodotti\/alessi-mami-set-di-pentole-7-pz.jpg?resize=300,300&ssl=1","fifu_image_url":"https:\/\/interpim.erresse-shop.it\/Import\/Prodotti\/alessi-mami-set-di-pentole-7-pz.jpg","_links":{"self":[{"href":"https:\/\/dev6.erresse-shop.it\/de\/wp-json\/wp\/v2\/product\/1600242","targetHints":{"allow":["GET"]}}],"collection":[{"href":"https:\/\/dev6.erresse-shop.it\/de\/wp-json\/wp\/v2\/product"}],"about":[{"href":"https:\/\/dev6.erresse-shop.it\/de\/wp-json\/wp\/v2\/types\/product"}],"wp:featuredmedia":[{"embeddable":true,"href":"https:\/\/dev6.erresse-shop.it\/de\/wp-json\/wp\/v2\/media\/6374888"}],"wp:attachment":[{"href":"https:\/\/dev6.erresse-shop.it\/de\/wp-json\/wp\/v2\/media?parent=1600242"}],"wp:term":[{"taxonomy":"product_cat","embeddable":true,"href":"https:\/\/dev6.erresse-shop.it\/de\/wp-json\/wp\/v2\/product_cat?post=1600242"},{"taxonomy":"product_tag","embeddable":true,"href":"https:\/\/dev6.erresse-shop.it\/de\/wp-json\/wp\/v2\/product_tag?post=1600242"}],"curies":[{"name":"wp","href":"https:\/\/api.w.org\/{rel}","templated":true}]}}