{"id":1600214,"date":"2026-04-12T12:52:51","date_gmt":"2026-04-12T10:52:51","guid":{"rendered":"https:\/\/dev6.erresse-shop.it\/shop\/unkategorisiert\/alessi-potspans-set-7-stk\/"},"modified":"2025-09-14T02:53:34","modified_gmt":"2025-09-14T00:53:34","slug":"alessi-potspans-set-7-stk","status":"publish","type":"product","link":"https:\/\/dev6.erresse-shop.it\/de\/shop\/toepfe-pfannen\/topfsets\/alessi-potspans-set-7-stk\/","title":{"rendered":"ALESSI Pots&#038;Pans Set 7 stk"},"content":{"rendered":"<p>Die Elemente der Serie Pots&amp;Pans aus Edelstahl 18\/10 zeichnen sich durch ihren strengen, geradlinigen Stil und die Beachtung funktioneller Details aus, wie z.B. den ausgestellten Rand, der sich zum Ausgie\u00dfen eignet, die Skala im Inneren der T\u00f6pfe und den Knopf an den Deckeln, der es erm\u00f6glicht, diese mit einem Kochl\u00f6ffel anzuheben.<\/p>\n<p>Das Set setzt sich wie folgt zusammen:<br \/>\nTopf cm 20,<br \/>\nKasserolle cm 20,<br \/>\nStielkasserolle niedrig cm 24,<br \/>\nStielkasserolle m\/lang cm 16<br \/>\nDeckel: cm 16, 20, 24<\/p>\n<p>Designer Jasper Morrison<br \/>\nMaterial Edelstahl<br \/>\nGeeignet f\u00fcr Gas- und Induktionsherde<\/p>\n<p>Hergestellt in Italien<\/p>\n","protected":false},"excerpt":{"rendered":"<p>Die Elemente der Serie Pots&amp;Pans aus Edelstahl 18\/10 zeichnen sich durch ihren strengen, geradlinigen Stil und die Beachtung funktioneller Details aus, wie z.B. den ausgestellten Rand, der sich zum Ausgie\u00dfen eignet, die Skala im Inneren der T\u00f6pfe und den Knopf an den Deckeln, der es erm\u00f6glicht, diese mit einem Kochl\u00f6ffel anzuheben. Das Set setzt sich [&hellip;]<\/p>\n","protected":false},"featured_media":6374782,"template":"","meta":{"_acf_changed":false},"product_cat":[12099,12132],"product_tag":[],"class_list":{"0":"post-1600214","1":"product","2":"type-product","3":"status-publish","4":"has-post-thumbnail","6":"product_cat-toepfe-pfannen","7":"product_cat-topfsets","9":"first","10":"instock","11":"sale","12":"taxable","13":"shipping-taxable","14":"purchasable","15":"product-type-simple","swatches":"rey-swatches","show_selected":"","stretch_labels":"rey-swatches--stretch-labels"},"acf":[],"yoast_head":"<!-- This site is optimized with the Yoast SEO plugin v25.4 - https:\/\/yoast.com\/wordpress\/plugins\/seo\/ -->\n<title>ALESSI Pots&#038;Pans Set 7 stk - dev6 Erresse<\/title>\n<meta name=\"description\" content=\"Die Elemente der Serie Pots&amp;Pans aus Edelstahl 18\/10 zeichnen sich durch ihren strengen, geradlinigen Stil und die Beachtung funktioneller Details\" \/>\n<meta name=\"robots\" content=\"noindex, follow, max-snippet:-1, max-image-preview:large, max-video-preview:-1\" \/>\n<meta property=\"og:locale\" content=\"de_DE\" \/>\n<meta property=\"og:type\" content=\"article\" \/>\n<meta property=\"og:title\" content=\"ALESSI Pots&#038;Pans Set 7 stk - dev6 Erresse\" \/>\n<meta property=\"og:description\" content=\"Die Elemente der Serie Pots&amp;Pans aus Edelstahl 18\/10 zeichnen sich durch ihren strengen, geradlinigen Stil und die Beachtung funktioneller Details\" \/>\n<meta property=\"og:url\" content=\"https:\/\/dev6.erresse-shop.it\/de\/shop\/toepfe-pfannen\/topfsets\/alessi-potspans-set-7-stk\/\" \/>\n<meta property=\"og:site_name\" content=\"dev6 Erresse\" \/>\n<meta property=\"og:image\" content=\"https:\/\/interpim.erresse-shop.it\/Import\/Prodotti\/alessi-potspans-pentole-set-7-pz.jpg\" \/><meta property=\"og:image\" content=\"https:\/\/interpim.erresse-shop.it\/Import\/Prodotti\/alessi-potspans-pentole-set-7-pz.jpg\" \/>\n\t<meta property=\"og:image:width\" content=\"1024\" \/>\n\t<meta property=\"og:image:height\" content=\"1024\" \/>\n\t<meta property=\"og:image:type\" content=\"image\/jpeg\" \/>\n<meta name=\"twitter:card\" content=\"summary_large_image\" \/>\n<meta name=\"twitter:image\" content=\"https:\/\/interpim.erresse-shop.it\/Import\/Prodotti\/alessi-potspans-pentole-set-7-pz.jpg\" \/>\n<script type=\"application\/ld+json\" class=\"yoast-schema-graph\">{\"@context\":\"https:\/\/schema.org\",\"@graph\":[{\"@type\":\"WebPage\",\"@id\":\"https:\/\/dev6.erresse-shop.it\/de\/shop\/toepfe-pfannen\/topfsets\/alessi-potspans-set-7-stk\/\",\"url\":\"https:\/\/dev6.erresse-shop.it\/de\/shop\/toepfe-pfannen\/topfsets\/alessi-potspans-set-7-stk\/\",\"name\":\"ALESSI Pots&#038;Pans Set 7 stk - dev6 Erresse\",\"isPartOf\":{\"@id\":\"https:\/\/dev6.erresse-shop.it\/#website\"},\"primaryImageOfPage\":{\"@id\":\"https:\/\/dev6.erresse-shop.it\/de\/shop\/toepfe-pfannen\/topfsets\/alessi-potspans-set-7-stk\/#primaryimage\"},\"image\":{\"@id\":\"https:\/\/dev6.erresse-shop.it\/de\/shop\/toepfe-pfannen\/topfsets\/alessi-potspans-set-7-stk\/#primaryimage\"},\"thumbnailUrl\":\"https:\/\/i0.wp.com\/interpim.erresse-shop.it\/Import\/Prodotti\/alessi-potspans-pentole-set-7-pz.jpg?ssl=1\",\"datePublished\":\"2026-04-12T10:52:51+00:00\",\"description\":\"Die Elemente der Serie Pots&amp;Pans aus Edelstahl 18\/10 zeichnen sich durch ihren strengen, geradlinigen Stil und die Beachtung funktioneller Details\",\"breadcrumb\":{\"@id\":\"https:\/\/dev6.erresse-shop.it\/de\/shop\/toepfe-pfannen\/topfsets\/alessi-potspans-set-7-stk\/#breadcrumb\"},\"inLanguage\":\"de\",\"potentialAction\":[{\"@type\":\"ReadAction\",\"target\":[\"https:\/\/dev6.erresse-shop.it\/de\/shop\/toepfe-pfannen\/topfsets\/alessi-potspans-set-7-stk\/\"]}]},{\"@type\":\"ImageObject\",\"inLanguage\":\"de\",\"@id\":\"https:\/\/dev6.erresse-shop.it\/de\/shop\/toepfe-pfannen\/topfsets\/alessi-potspans-set-7-stk\/#primaryimage\",\"url\":\"https:\/\/i0.wp.com\/interpim.erresse-shop.it\/Import\/Prodotti\/alessi-potspans-pentole-set-7-pz.jpg?ssl=1\",\"contentUrl\":\"https:\/\/i0.wp.com\/interpim.erresse-shop.it\/Import\/Prodotti\/alessi-potspans-pentole-set-7-pz.jpg?ssl=1\"},{\"@type\":\"BreadcrumbList\",\"@id\":\"https:\/\/dev6.erresse-shop.it\/de\/shop\/toepfe-pfannen\/topfsets\/alessi-potspans-set-7-stk\/#breadcrumb\",\"itemListElement\":[{\"@type\":\"ListItem\",\"position\":1,\"name\":\"Home\",\"item\":\"https:\/\/dev6.erresse-shop.it\/\"},{\"@type\":\"ListItem\",\"position\":2,\"name\":\"Shop\",\"item\":\"https:\/\/dev6.erresse-shop.it\/shop\/\"},{\"@type\":\"ListItem\",\"position\":3,\"name\":\"ALESSI Pots&#038;Pans Set 7 stk\"}]},{\"@type\":\"WebSite\",\"@id\":\"https:\/\/dev6.erresse-shop.it\/#website\",\"url\":\"https:\/\/dev6.erresse-shop.it\/\",\"name\":\"Erresse Shop\",\"description\":\"\",\"publisher\":{\"@id\":\"https:\/\/dev6.erresse-shop.it\/#organization\"},\"potentialAction\":[{\"@type\":\"SearchAction\",\"target\":{\"@type\":\"EntryPoint\",\"urlTemplate\":\"https:\/\/dev6.erresse-shop.it\/?s={search_term_string}\"},\"query-input\":{\"@type\":\"PropertyValueSpecification\",\"valueRequired\":true,\"valueName\":\"search_term_string\"}}],\"inLanguage\":\"de\"},{\"@type\":\"Organization\",\"@id\":\"https:\/\/dev6.erresse-shop.it\/#organization\",\"name\":\"Erresse Shop\",\"url\":\"https:\/\/dev6.erresse-shop.it\/\",\"logo\":{\"@type\":\"ImageObject\",\"inLanguage\":\"de\",\"@id\":\"https:\/\/dev6.erresse-shop.it\/#\/schema\/logo\/image\/\",\"url\":\"https:\/\/dev6.erresse-shop.it\/wp-content\/uploads\/2025\/01\/LOGO-ERRESSE-CLASSICO.svg\",\"contentUrl\":\"https:\/\/dev6.erresse-shop.it\/wp-content\/uploads\/2025\/01\/LOGO-ERRESSE-CLASSICO.svg\",\"caption\":\"Erresse Shop\"},\"image\":{\"@id\":\"https:\/\/dev6.erresse-shop.it\/#\/schema\/logo\/image\/\"}}]}<\/script>\n<!-- \/ Yoast SEO plugin. -->","yoast_head_json":{"title":"ALESSI Pots&#038;Pans Set 7 stk - dev6 Erresse","description":"Die Elemente der Serie Pots&amp;Pans aus Edelstahl 18\/10 zeichnen sich durch ihren strengen, geradlinigen Stil und die Beachtung funktioneller Details","robots":{"index":"noindex","follow":"follow","max-snippet":"max-snippet:-1","max-image-preview":"max-image-preview:large","max-video-preview":"max-video-preview:-1"},"og_locale":"de_DE","og_type":"article","og_title":"ALESSI Pots&#038;Pans Set 7 stk - dev6 Erresse","og_description":"Die Elemente der Serie Pots&amp;Pans aus Edelstahl 18\/10 zeichnen sich durch ihren strengen, geradlinigen Stil und die Beachtung funktioneller Details","og_url":"https:\/\/dev6.erresse-shop.it\/de\/shop\/toepfe-pfannen\/topfsets\/alessi-potspans-set-7-stk\/","og_site_name":"dev6 Erresse","og_image":[{"url":"https:\/\/interpim.erresse-shop.it\/Import\/Prodotti\/alessi-potspans-pentole-set-7-pz.jpg","type":"","width":"","height":""},{"url":"https:\/\/interpim.erresse-shop.it\/Import\/Prodotti\/alessi-potspans-pentole-set-7-pz.jpg","width":1024,"height":1024,"type":"image\/jpeg"}],"twitter_card":"summary_large_image","twitter_image":"https:\/\/interpim.erresse-shop.it\/Import\/Prodotti\/alessi-potspans-pentole-set-7-pz.jpg","schema":{"@context":"https:\/\/schema.org","@graph":[{"@type":"WebPage","@id":"https:\/\/dev6.erresse-shop.it\/de\/shop\/toepfe-pfannen\/topfsets\/alessi-potspans-set-7-stk\/","url":"https:\/\/dev6.erresse-shop.it\/de\/shop\/toepfe-pfannen\/topfsets\/alessi-potspans-set-7-stk\/","name":"ALESSI Pots&#038;Pans Set 7 stk - dev6 Erresse","isPartOf":{"@id":"https:\/\/dev6.erresse-shop.it\/#website"},"primaryImageOfPage":{"@id":"https:\/\/dev6.erresse-shop.it\/de\/shop\/toepfe-pfannen\/topfsets\/alessi-potspans-set-7-stk\/#primaryimage"},"image":{"@id":"https:\/\/dev6.erresse-shop.it\/de\/shop\/toepfe-pfannen\/topfsets\/alessi-potspans-set-7-stk\/#primaryimage"},"thumbnailUrl":"https:\/\/i0.wp.com\/interpim.erresse-shop.it\/Import\/Prodotti\/alessi-potspans-pentole-set-7-pz.jpg?ssl=1","datePublished":"2026-04-12T10:52:51+00:00","description":"Die Elemente der Serie Pots&amp;Pans aus Edelstahl 18\/10 zeichnen sich durch ihren strengen, geradlinigen Stil und die Beachtung funktioneller Details","breadcrumb":{"@id":"https:\/\/dev6.erresse-shop.it\/de\/shop\/toepfe-pfannen\/topfsets\/alessi-potspans-set-7-stk\/#breadcrumb"},"inLanguage":"de","potentialAction":[{"@type":"ReadAction","target":["https:\/\/dev6.erresse-shop.it\/de\/shop\/toepfe-pfannen\/topfsets\/alessi-potspans-set-7-stk\/"]}]},{"@type":"ImageObject","inLanguage":"de","@id":"https:\/\/dev6.erresse-shop.it\/de\/shop\/toepfe-pfannen\/topfsets\/alessi-potspans-set-7-stk\/#primaryimage","url":"https:\/\/i0.wp.com\/interpim.erresse-shop.it\/Import\/Prodotti\/alessi-potspans-pentole-set-7-pz.jpg?ssl=1","contentUrl":"https:\/\/i0.wp.com\/interpim.erresse-shop.it\/Import\/Prodotti\/alessi-potspans-pentole-set-7-pz.jpg?ssl=1"},{"@type":"BreadcrumbList","@id":"https:\/\/dev6.erresse-shop.it\/de\/shop\/toepfe-pfannen\/topfsets\/alessi-potspans-set-7-stk\/#breadcrumb","itemListElement":[{"@type":"ListItem","position":1,"name":"Home","item":"https:\/\/dev6.erresse-shop.it\/"},{"@type":"ListItem","position":2,"name":"Shop","item":"https:\/\/dev6.erresse-shop.it\/shop\/"},{"@type":"ListItem","position":3,"name":"ALESSI Pots&#038;Pans Set 7 stk"}]},{"@type":"WebSite","@id":"https:\/\/dev6.erresse-shop.it\/#website","url":"https:\/\/dev6.erresse-shop.it\/","name":"Erresse Shop","description":"","publisher":{"@id":"https:\/\/dev6.erresse-shop.it\/#organization"},"potentialAction":[{"@type":"SearchAction","target":{"@type":"EntryPoint","urlTemplate":"https:\/\/dev6.erresse-shop.it\/?s={search_term_string}"},"query-input":{"@type":"PropertyValueSpecification","valueRequired":true,"valueName":"search_term_string"}}],"inLanguage":"de"},{"@type":"Organization","@id":"https:\/\/dev6.erresse-shop.it\/#organization","name":"Erresse Shop","url":"https:\/\/dev6.erresse-shop.it\/","logo":{"@type":"ImageObject","inLanguage":"de","@id":"https:\/\/dev6.erresse-shop.it\/#\/schema\/logo\/image\/","url":"https:\/\/dev6.erresse-shop.it\/wp-content\/uploads\/2025\/01\/LOGO-ERRESSE-CLASSICO.svg","contentUrl":"https:\/\/dev6.erresse-shop.it\/wp-content\/uploads\/2025\/01\/LOGO-ERRESSE-CLASSICO.svg","caption":"Erresse Shop"},"image":{"@id":"https:\/\/dev6.erresse-shop.it\/#\/schema\/logo\/image\/"}}]}},"df_price":337.5,"df_sale_price":337.5,"df_regular_price":375,"df_image_link":"https:\/\/i0.wp.com\/interpim.erresse-shop.it\/Import\/Prodotti\/alessi-potspans-pentole-set-7-pz.jpg?resize=300,300&ssl=1","fifu_image_url":"https:\/\/interpim.erresse-shop.it\/Import\/Prodotti\/alessi-potspans-pentole-set-7-pz.jpg","_links":{"self":[{"href":"https:\/\/dev6.erresse-shop.it\/de\/wp-json\/wp\/v2\/product\/1600214","targetHints":{"allow":["GET"]}}],"collection":[{"href":"https:\/\/dev6.erresse-shop.it\/de\/wp-json\/wp\/v2\/product"}],"about":[{"href":"https:\/\/dev6.erresse-shop.it\/de\/wp-json\/wp\/v2\/types\/product"}],"wp:featuredmedia":[{"embeddable":true,"href":"https:\/\/dev6.erresse-shop.it\/de\/wp-json\/wp\/v2\/media\/6374782"}],"wp:attachment":[{"href":"https:\/\/dev6.erresse-shop.it\/de\/wp-json\/wp\/v2\/media?parent=1600214"}],"wp:term":[{"taxonomy":"product_cat","embeddable":true,"href":"https:\/\/dev6.erresse-shop.it\/de\/wp-json\/wp\/v2\/product_cat?post=1600214"},{"taxonomy":"product_tag","embeddable":true,"href":"https:\/\/dev6.erresse-shop.it\/de\/wp-json\/wp\/v2\/product_tag?post=1600214"}],"curies":[{"name":"wp","href":"https:\/\/api.w.org\/{rel}","templated":true}]}}