{"id":1600204,"date":"2026-04-12T12:52:51","date_gmt":"2026-04-12T10:52:51","guid":{"rendered":"https:\/\/dev6.erresse-shop.it\/shop\/unkategorisiert\/alessi-cactus-frucht-halter-inox-21cm\/"},"modified":"2025-09-14T02:53:23","modified_gmt":"2025-09-14T00:53:23","slug":"alessi-cactus-frucht-halter-inox-21cm","status":"publish","type":"product","link":"https:\/\/dev6.erresse-shop.it\/de\/shop\/tisch\/koerbe-und-schalen\/alessi-cactus-frucht-halter-inox-21cm\/","title":{"rendered":"ALESSI Cactus Frucht-Halter Inox 21cm"},"content":{"rendered":"<p>CACTUS! ist eine Obstschale, die mit einer durchbrochenen Verzierung versehen ist, die an das dichte Geflecht von Kaktusbl\u00e4ttern erinnert. Das Laubs\u00e4gewerk wird zu einem dekorativen Element, das einen scheinbar einfachen Gegenstand aufwertet und seine Funktion vom Beh\u00e4lter zum raffinierten Einrichtungselement erweitert.<\/p>\n<p>Merkmale<br \/>\n\u2013 Material: Stahl<br \/>\n\u2013 Durchmesser: 21 cm<br \/>\n\u2013 H\u00f6he: 9,50 cm<\/p>\n","protected":false},"excerpt":{"rendered":"<p>CACTUS! ist eine Obstschale, die mit einer durchbrochenen Verzierung versehen ist, die an das dichte Geflecht von Kaktusbl\u00e4ttern erinnert. Das Laubs\u00e4gewerk wird zu einem dekorativen Element, das einen scheinbar einfachen Gegenstand aufwertet und seine Funktion vom Beh\u00e4lter zum raffinierten Einrichtungselement erweitert. Merkmale \u2013 Material: Stahl \u2013 Durchmesser: 21 cm \u2013 H\u00f6he: 9,50 cm<\/p>\n","protected":false},"featured_media":6374742,"template":"","meta":{"_acf_changed":false},"product_cat":[12123,12103],"product_tag":[],"class_list":{"0":"post-1600204","1":"product","2":"type-product","3":"status-publish","4":"has-post-thumbnail","6":"product_cat-koerbe-und-schalen","7":"product_cat-tisch","9":"first","10":"instock","11":"sale","12":"taxable","13":"shipping-taxable","14":"purchasable","15":"product-type-simple","swatches":"rey-swatches","show_selected":"","stretch_labels":"rey-swatches--stretch-labels"},"acf":[],"yoast_head":"<!-- This site is optimized with the Yoast SEO plugin v25.4 - https:\/\/yoast.com\/wordpress\/plugins\/seo\/ -->\n<title>ALESSI Cactus Frucht-Halter Inox 21cm - dev6 Erresse<\/title>\n<meta name=\"description\" content=\"CACTUS! ist eine Obstschale, die mit einer durchbrochenen Verzierung versehen ist, die an das dichte Geflecht von Kaktusbl\u00e4ttern erinnert. Das\" \/>\n<meta name=\"robots\" content=\"noindex, follow, max-snippet:-1, max-image-preview:large, max-video-preview:-1\" \/>\n<meta property=\"og:locale\" content=\"de_DE\" \/>\n<meta property=\"og:type\" content=\"article\" \/>\n<meta property=\"og:title\" content=\"ALESSI Cactus Frucht-Halter Inox 21cm - dev6 Erresse\" \/>\n<meta property=\"og:description\" content=\"CACTUS! ist eine Obstschale, die mit einer durchbrochenen Verzierung versehen ist, die an das dichte Geflecht von Kaktusbl\u00e4ttern erinnert. Das\" \/>\n<meta property=\"og:url\" content=\"https:\/\/dev6.erresse-shop.it\/de\/shop\/tisch\/koerbe-und-schalen\/alessi-cactus-frucht-halter-inox-21cm\/\" \/>\n<meta property=\"og:site_name\" content=\"dev6 Erresse\" \/>\n<meta property=\"og:image\" content=\"https:\/\/interpim.erresse-shop.it\/Import\/Prodotti\/alessi-cactus-fruttiera-inox-21-cm.jpg\" \/><meta property=\"og:image\" content=\"https:\/\/interpim.erresse-shop.it\/Import\/Prodotti\/alessi-cactus-fruttiera-inox-21-cm.jpg\" \/>\n\t<meta property=\"og:image:width\" content=\"1024\" \/>\n\t<meta property=\"og:image:height\" content=\"1024\" \/>\n\t<meta property=\"og:image:type\" content=\"image\/jpeg\" \/>\n<meta name=\"twitter:card\" content=\"summary_large_image\" \/>\n<meta name=\"twitter:image\" content=\"https:\/\/interpim.erresse-shop.it\/Import\/Prodotti\/alessi-cactus-fruttiera-inox-21-cm.jpg\" \/>\n<script type=\"application\/ld+json\" class=\"yoast-schema-graph\">{\"@context\":\"https:\/\/schema.org\",\"@graph\":[{\"@type\":\"WebPage\",\"@id\":\"https:\/\/dev6.erresse-shop.it\/de\/shop\/tisch\/koerbe-und-schalen\/alessi-cactus-frucht-halter-inox-21cm\/\",\"url\":\"https:\/\/dev6.erresse-shop.it\/de\/shop\/tisch\/koerbe-und-schalen\/alessi-cactus-frucht-halter-inox-21cm\/\",\"name\":\"ALESSI Cactus Frucht-Halter Inox 21cm - dev6 Erresse\",\"isPartOf\":{\"@id\":\"https:\/\/dev6.erresse-shop.it\/#website\"},\"primaryImageOfPage\":{\"@id\":\"https:\/\/dev6.erresse-shop.it\/de\/shop\/tisch\/koerbe-und-schalen\/alessi-cactus-frucht-halter-inox-21cm\/#primaryimage\"},\"image\":{\"@id\":\"https:\/\/dev6.erresse-shop.it\/de\/shop\/tisch\/koerbe-und-schalen\/alessi-cactus-frucht-halter-inox-21cm\/#primaryimage\"},\"thumbnailUrl\":\"https:\/\/i2.wp.com\/interpim.erresse-shop.it\/Import\/Prodotti\/alessi-cactus-fruttiera-inox-21-cm.jpg?ssl=1\",\"datePublished\":\"2026-04-12T10:52:51+00:00\",\"description\":\"CACTUS! ist eine Obstschale, die mit einer durchbrochenen Verzierung versehen ist, die an das dichte Geflecht von Kaktusbl\u00e4ttern erinnert. Das\",\"breadcrumb\":{\"@id\":\"https:\/\/dev6.erresse-shop.it\/de\/shop\/tisch\/koerbe-und-schalen\/alessi-cactus-frucht-halter-inox-21cm\/#breadcrumb\"},\"inLanguage\":\"de\",\"potentialAction\":[{\"@type\":\"ReadAction\",\"target\":[\"https:\/\/dev6.erresse-shop.it\/de\/shop\/tisch\/koerbe-und-schalen\/alessi-cactus-frucht-halter-inox-21cm\/\"]}]},{\"@type\":\"ImageObject\",\"inLanguage\":\"de\",\"@id\":\"https:\/\/dev6.erresse-shop.it\/de\/shop\/tisch\/koerbe-und-schalen\/alessi-cactus-frucht-halter-inox-21cm\/#primaryimage\",\"url\":\"https:\/\/i2.wp.com\/interpim.erresse-shop.it\/Import\/Prodotti\/alessi-cactus-fruttiera-inox-21-cm.jpg?ssl=1\",\"contentUrl\":\"https:\/\/i2.wp.com\/interpim.erresse-shop.it\/Import\/Prodotti\/alessi-cactus-fruttiera-inox-21-cm.jpg?ssl=1\"},{\"@type\":\"BreadcrumbList\",\"@id\":\"https:\/\/dev6.erresse-shop.it\/de\/shop\/tisch\/koerbe-und-schalen\/alessi-cactus-frucht-halter-inox-21cm\/#breadcrumb\",\"itemListElement\":[{\"@type\":\"ListItem\",\"position\":1,\"name\":\"Home\",\"item\":\"https:\/\/dev6.erresse-shop.it\/\"},{\"@type\":\"ListItem\",\"position\":2,\"name\":\"Shop\",\"item\":\"https:\/\/dev6.erresse-shop.it\/shop\/\"},{\"@type\":\"ListItem\",\"position\":3,\"name\":\"ALESSI Cactus Frucht-Halter Inox 21cm\"}]},{\"@type\":\"WebSite\",\"@id\":\"https:\/\/dev6.erresse-shop.it\/#website\",\"url\":\"https:\/\/dev6.erresse-shop.it\/\",\"name\":\"Erresse Shop\",\"description\":\"\",\"publisher\":{\"@id\":\"https:\/\/dev6.erresse-shop.it\/#organization\"},\"potentialAction\":[{\"@type\":\"SearchAction\",\"target\":{\"@type\":\"EntryPoint\",\"urlTemplate\":\"https:\/\/dev6.erresse-shop.it\/?s={search_term_string}\"},\"query-input\":{\"@type\":\"PropertyValueSpecification\",\"valueRequired\":true,\"valueName\":\"search_term_string\"}}],\"inLanguage\":\"de\"},{\"@type\":\"Organization\",\"@id\":\"https:\/\/dev6.erresse-shop.it\/#organization\",\"name\":\"Erresse Shop\",\"url\":\"https:\/\/dev6.erresse-shop.it\/\",\"logo\":{\"@type\":\"ImageObject\",\"inLanguage\":\"de\",\"@id\":\"https:\/\/dev6.erresse-shop.it\/#\/schema\/logo\/image\/\",\"url\":\"https:\/\/dev6.erresse-shop.it\/wp-content\/uploads\/2025\/01\/LOGO-ERRESSE-CLASSICO.svg\",\"contentUrl\":\"https:\/\/dev6.erresse-shop.it\/wp-content\/uploads\/2025\/01\/LOGO-ERRESSE-CLASSICO.svg\",\"caption\":\"Erresse Shop\"},\"image\":{\"@id\":\"https:\/\/dev6.erresse-shop.it\/#\/schema\/logo\/image\/\"}}]}<\/script>\n<!-- \/ Yoast SEO plugin. -->","yoast_head_json":{"title":"ALESSI Cactus Frucht-Halter Inox 21cm - dev6 Erresse","description":"CACTUS! ist eine Obstschale, die mit einer durchbrochenen Verzierung versehen ist, die an das dichte Geflecht von Kaktusbl\u00e4ttern erinnert. Das","robots":{"index":"noindex","follow":"follow","max-snippet":"max-snippet:-1","max-image-preview":"max-image-preview:large","max-video-preview":"max-video-preview:-1"},"og_locale":"de_DE","og_type":"article","og_title":"ALESSI Cactus Frucht-Halter Inox 21cm - dev6 Erresse","og_description":"CACTUS! ist eine Obstschale, die mit einer durchbrochenen Verzierung versehen ist, die an das dichte Geflecht von Kaktusbl\u00e4ttern erinnert. Das","og_url":"https:\/\/dev6.erresse-shop.it\/de\/shop\/tisch\/koerbe-und-schalen\/alessi-cactus-frucht-halter-inox-21cm\/","og_site_name":"dev6 Erresse","og_image":[{"url":"https:\/\/interpim.erresse-shop.it\/Import\/Prodotti\/alessi-cactus-fruttiera-inox-21-cm.jpg","type":"","width":"","height":""},{"url":"https:\/\/interpim.erresse-shop.it\/Import\/Prodotti\/alessi-cactus-fruttiera-inox-21-cm.jpg","width":1024,"height":1024,"type":"image\/jpeg"}],"twitter_card":"summary_large_image","twitter_image":"https:\/\/interpim.erresse-shop.it\/Import\/Prodotti\/alessi-cactus-fruttiera-inox-21-cm.jpg","schema":{"@context":"https:\/\/schema.org","@graph":[{"@type":"WebPage","@id":"https:\/\/dev6.erresse-shop.it\/de\/shop\/tisch\/koerbe-und-schalen\/alessi-cactus-frucht-halter-inox-21cm\/","url":"https:\/\/dev6.erresse-shop.it\/de\/shop\/tisch\/koerbe-und-schalen\/alessi-cactus-frucht-halter-inox-21cm\/","name":"ALESSI Cactus Frucht-Halter Inox 21cm - dev6 Erresse","isPartOf":{"@id":"https:\/\/dev6.erresse-shop.it\/#website"},"primaryImageOfPage":{"@id":"https:\/\/dev6.erresse-shop.it\/de\/shop\/tisch\/koerbe-und-schalen\/alessi-cactus-frucht-halter-inox-21cm\/#primaryimage"},"image":{"@id":"https:\/\/dev6.erresse-shop.it\/de\/shop\/tisch\/koerbe-und-schalen\/alessi-cactus-frucht-halter-inox-21cm\/#primaryimage"},"thumbnailUrl":"https:\/\/i2.wp.com\/interpim.erresse-shop.it\/Import\/Prodotti\/alessi-cactus-fruttiera-inox-21-cm.jpg?ssl=1","datePublished":"2026-04-12T10:52:51+00:00","description":"CACTUS! ist eine Obstschale, die mit einer durchbrochenen Verzierung versehen ist, die an das dichte Geflecht von Kaktusbl\u00e4ttern erinnert. Das","breadcrumb":{"@id":"https:\/\/dev6.erresse-shop.it\/de\/shop\/tisch\/koerbe-und-schalen\/alessi-cactus-frucht-halter-inox-21cm\/#breadcrumb"},"inLanguage":"de","potentialAction":[{"@type":"ReadAction","target":["https:\/\/dev6.erresse-shop.it\/de\/shop\/tisch\/koerbe-und-schalen\/alessi-cactus-frucht-halter-inox-21cm\/"]}]},{"@type":"ImageObject","inLanguage":"de","@id":"https:\/\/dev6.erresse-shop.it\/de\/shop\/tisch\/koerbe-und-schalen\/alessi-cactus-frucht-halter-inox-21cm\/#primaryimage","url":"https:\/\/i2.wp.com\/interpim.erresse-shop.it\/Import\/Prodotti\/alessi-cactus-fruttiera-inox-21-cm.jpg?ssl=1","contentUrl":"https:\/\/i2.wp.com\/interpim.erresse-shop.it\/Import\/Prodotti\/alessi-cactus-fruttiera-inox-21-cm.jpg?ssl=1"},{"@type":"BreadcrumbList","@id":"https:\/\/dev6.erresse-shop.it\/de\/shop\/tisch\/koerbe-und-schalen\/alessi-cactus-frucht-halter-inox-21cm\/#breadcrumb","itemListElement":[{"@type":"ListItem","position":1,"name":"Home","item":"https:\/\/dev6.erresse-shop.it\/"},{"@type":"ListItem","position":2,"name":"Shop","item":"https:\/\/dev6.erresse-shop.it\/shop\/"},{"@type":"ListItem","position":3,"name":"ALESSI Cactus Frucht-Halter Inox 21cm"}]},{"@type":"WebSite","@id":"https:\/\/dev6.erresse-shop.it\/#website","url":"https:\/\/dev6.erresse-shop.it\/","name":"Erresse Shop","description":"","publisher":{"@id":"https:\/\/dev6.erresse-shop.it\/#organization"},"potentialAction":[{"@type":"SearchAction","target":{"@type":"EntryPoint","urlTemplate":"https:\/\/dev6.erresse-shop.it\/?s={search_term_string}"},"query-input":{"@type":"PropertyValueSpecification","valueRequired":true,"valueName":"search_term_string"}}],"inLanguage":"de"},{"@type":"Organization","@id":"https:\/\/dev6.erresse-shop.it\/#organization","name":"Erresse Shop","url":"https:\/\/dev6.erresse-shop.it\/","logo":{"@type":"ImageObject","inLanguage":"de","@id":"https:\/\/dev6.erresse-shop.it\/#\/schema\/logo\/image\/","url":"https:\/\/dev6.erresse-shop.it\/wp-content\/uploads\/2025\/01\/LOGO-ERRESSE-CLASSICO.svg","contentUrl":"https:\/\/dev6.erresse-shop.it\/wp-content\/uploads\/2025\/01\/LOGO-ERRESSE-CLASSICO.svg","caption":"Erresse Shop"},"image":{"@id":"https:\/\/dev6.erresse-shop.it\/#\/schema\/logo\/image\/"}}]}},"df_price":89.1,"df_sale_price":89.1,"df_regular_price":99,"df_image_link":"https:\/\/i2.wp.com\/interpim.erresse-shop.it\/Import\/Prodotti\/alessi-cactus-fruttiera-inox-21-cm.jpg?resize=300,300&ssl=1","fifu_image_url":"https:\/\/interpim.erresse-shop.it\/Import\/Prodotti\/alessi-cactus-fruttiera-inox-21-cm.jpg","_links":{"self":[{"href":"https:\/\/dev6.erresse-shop.it\/de\/wp-json\/wp\/v2\/product\/1600204","targetHints":{"allow":["GET"]}}],"collection":[{"href":"https:\/\/dev6.erresse-shop.it\/de\/wp-json\/wp\/v2\/product"}],"about":[{"href":"https:\/\/dev6.erresse-shop.it\/de\/wp-json\/wp\/v2\/types\/product"}],"wp:featuredmedia":[{"embeddable":true,"href":"https:\/\/dev6.erresse-shop.it\/de\/wp-json\/wp\/v2\/media\/6374742"}],"wp:attachment":[{"href":"https:\/\/dev6.erresse-shop.it\/de\/wp-json\/wp\/v2\/media?parent=1600204"}],"wp:term":[{"taxonomy":"product_cat","embeddable":true,"href":"https:\/\/dev6.erresse-shop.it\/de\/wp-json\/wp\/v2\/product_cat?post=1600204"},{"taxonomy":"product_tag","embeddable":true,"href":"https:\/\/dev6.erresse-shop.it\/de\/wp-json\/wp\/v2\/product_tag?post=1600204"}],"curies":[{"name":"wp","href":"https:\/\/api.w.org\/{rel}","templated":true}]}}