{"id":1600152,"date":"2026-04-12T12:50:19","date_gmt":"2026-04-12T10:50:19","guid":{"rendered":"https:\/\/dev6.erresse-shop.it\/shop\/unkategorisiert\/alessi-wasserkocher-mit-vogellicht-schwarz\/"},"modified":"2025-07-04T14:43:37","modified_gmt":"2025-07-04T12:43:37","slug":"alessi-wasserkocher-mit-vogellicht-schwarz","status":"publish","type":"product","link":"https:\/\/dev6.erresse-shop.it\/de\/shop\/kuche\/wasserkocher\/alessi-wasserkocher-mit-vogellicht-schwarz\/","title":{"rendered":"ALESSI Wasserkocher mit Vogellicht Schwarz"},"content":{"rendered":"<p>Der Wasserkessel 9093 mit Vogelpfeife ist eines der meistverkauften Alessi-Objekte der Welt. Das Design dieses 1985 von Michael Graves geschaffenen Wasserkochers vermischt Einfl\u00fcsse aus der europ\u00e4ischen Kunst, dem amerikanischen Pop und Zitate aus pr\u00e4kolumbianischen Kulturen. Die einzigartige Bildsprache von Graves ist der Grund f\u00fcr den au\u00dferordentlichen Erfolg, den der Kessel seit dem Jahr seiner Herstellung verzeichnet. Er ist ein intelligentes Objekt, elegant, aber gleichzeitig spielerisch und lustig: Wenn das Wasser zu kochen beginnt, singt der Vogel, was zu einem unvermeidlichen L\u00e4cheln f\u00fchrt.<\/p>\n<p>Spezifikationen<br \/>\n\u2013 Fassungsverm\u00f6gen: 2 L<br \/>\n\u2013 Durchmesser: 22 cm<br \/>\n\u2013 H\u00f6he: 22, 50 cm<\/p>\n<p>Geeignet f\u00fcr Induktion<\/p>\n<p>Not for sale outside from Europe<\/p>\n","protected":false},"excerpt":{"rendered":"<p>Der Wasserkessel 9093 mit Vogelpfeife ist eines der meistverkauften Alessi-Objekte der Welt. Das Design dieses 1985 von Michael Graves geschaffenen Wasserkochers vermischt Einfl\u00fcsse aus der europ\u00e4ischen Kunst, dem amerikanischen Pop und Zitate aus pr\u00e4kolumbianischen Kulturen. Die einzigartige Bildsprache von Graves ist der Grund f\u00fcr den au\u00dferordentlichen Erfolg, den der Kessel seit dem Jahr seiner Herstellung [&hellip;]<\/p>\n","protected":false},"featured_media":6374559,"template":"","meta":{"_acf_changed":false},"product_cat":[12100,12113],"product_tag":[],"class_list":{"0":"post-1600152","1":"product","2":"type-product","3":"status-publish","4":"has-post-thumbnail","6":"product_cat-kuche","7":"product_cat-wasserkocher","9":"first","10":"instock","11":"sale","12":"taxable","13":"shipping-taxable","14":"purchasable","15":"product-type-simple","swatches":"rey-swatches","show_selected":"","stretch_labels":"rey-swatches--stretch-labels"},"acf":[],"yoast_head":"<!-- This site is optimized with the Yoast SEO plugin v25.4 - https:\/\/yoast.com\/wordpress\/plugins\/seo\/ -->\n<title>ALESSI Wasserkocher mit Vogellicht Schwarz - dev6 Erresse<\/title>\n<meta name=\"description\" content=\"Der Wasserkessel 9093 mit Vogelpfeife ist eines der meistverkauften Alessi-Objekte der Welt. Das Design dieses 1985 von Michael Graves geschaffenen\" \/>\n<meta name=\"robots\" content=\"noindex, follow, max-snippet:-1, max-image-preview:large, max-video-preview:-1\" \/>\n<meta property=\"og:locale\" content=\"de_DE\" \/>\n<meta property=\"og:type\" content=\"article\" \/>\n<meta property=\"og:title\" content=\"ALESSI Wasserkocher mit Vogellicht Schwarz - dev6 Erresse\" \/>\n<meta property=\"og:description\" content=\"Der Wasserkessel 9093 mit Vogelpfeife ist eines der meistverkauften Alessi-Objekte der Welt. Das Design dieses 1985 von Michael Graves geschaffenen\" \/>\n<meta property=\"og:url\" content=\"https:\/\/dev6.erresse-shop.it\/de\/shop\/kuche\/wasserkocher\/alessi-wasserkocher-mit-vogellicht-schwarz\/\" \/>\n<meta property=\"og:site_name\" content=\"dev6 Erresse\" \/>\n<meta property=\"og:image\" content=\"https:\/\/interpim.erresse-shop.it\/Import\/Prodotti\/alessi-bollitore-con-uccellino-nero.jpg\" \/><meta property=\"og:image\" content=\"https:\/\/interpim.erresse-shop.it\/Import\/Prodotti\/alessi-bollitore-con-uccellino-nero.jpg\" \/>\n\t<meta property=\"og:image:width\" content=\"1024\" \/>\n\t<meta property=\"og:image:height\" content=\"1024\" \/>\n\t<meta property=\"og:image:type\" content=\"image\/jpeg\" \/>\n<meta name=\"twitter:card\" content=\"summary_large_image\" \/>\n<meta name=\"twitter:image\" content=\"https:\/\/interpim.erresse-shop.it\/Import\/Prodotti\/alessi-bollitore-con-uccellino-nero.jpg\" \/>\n<script type=\"application\/ld+json\" class=\"yoast-schema-graph\">{\"@context\":\"https:\/\/schema.org\",\"@graph\":[{\"@type\":\"WebPage\",\"@id\":\"https:\/\/dev6.erresse-shop.it\/de\/shop\/kuche\/wasserkocher\/alessi-wasserkocher-mit-vogellicht-schwarz\/\",\"url\":\"https:\/\/dev6.erresse-shop.it\/de\/shop\/kuche\/wasserkocher\/alessi-wasserkocher-mit-vogellicht-schwarz\/\",\"name\":\"ALESSI Wasserkocher mit Vogellicht Schwarz - dev6 Erresse\",\"isPartOf\":{\"@id\":\"https:\/\/dev6.erresse-shop.it\/#website\"},\"primaryImageOfPage\":{\"@id\":\"https:\/\/dev6.erresse-shop.it\/de\/shop\/kuche\/wasserkocher\/alessi-wasserkocher-mit-vogellicht-schwarz\/#primaryimage\"},\"image\":{\"@id\":\"https:\/\/dev6.erresse-shop.it\/de\/shop\/kuche\/wasserkocher\/alessi-wasserkocher-mit-vogellicht-schwarz\/#primaryimage\"},\"thumbnailUrl\":\"https:\/\/i2.wp.com\/interpim.erresse-shop.it\/Import\/Prodotti\/alessi-bollitore-con-uccellino-nero.jpg?ssl=1\",\"datePublished\":\"2026-04-12T10:50:19+00:00\",\"description\":\"Der Wasserkessel 9093 mit Vogelpfeife ist eines der meistverkauften Alessi-Objekte der Welt. Das Design dieses 1985 von Michael Graves geschaffenen\",\"breadcrumb\":{\"@id\":\"https:\/\/dev6.erresse-shop.it\/de\/shop\/kuche\/wasserkocher\/alessi-wasserkocher-mit-vogellicht-schwarz\/#breadcrumb\"},\"inLanguage\":\"de\",\"potentialAction\":[{\"@type\":\"ReadAction\",\"target\":[\"https:\/\/dev6.erresse-shop.it\/de\/shop\/kuche\/wasserkocher\/alessi-wasserkocher-mit-vogellicht-schwarz\/\"]}]},{\"@type\":\"ImageObject\",\"inLanguage\":\"de\",\"@id\":\"https:\/\/dev6.erresse-shop.it\/de\/shop\/kuche\/wasserkocher\/alessi-wasserkocher-mit-vogellicht-schwarz\/#primaryimage\",\"url\":\"https:\/\/i2.wp.com\/interpim.erresse-shop.it\/Import\/Prodotti\/alessi-bollitore-con-uccellino-nero.jpg?ssl=1\",\"contentUrl\":\"https:\/\/i2.wp.com\/interpim.erresse-shop.it\/Import\/Prodotti\/alessi-bollitore-con-uccellino-nero.jpg?ssl=1\"},{\"@type\":\"BreadcrumbList\",\"@id\":\"https:\/\/dev6.erresse-shop.it\/de\/shop\/kuche\/wasserkocher\/alessi-wasserkocher-mit-vogellicht-schwarz\/#breadcrumb\",\"itemListElement\":[{\"@type\":\"ListItem\",\"position\":1,\"name\":\"Home\",\"item\":\"https:\/\/dev6.erresse-shop.it\/\"},{\"@type\":\"ListItem\",\"position\":2,\"name\":\"Shop\",\"item\":\"https:\/\/dev6.erresse-shop.it\/shop\/\"},{\"@type\":\"ListItem\",\"position\":3,\"name\":\"ALESSI Wasserkocher mit Vogellicht Schwarz\"}]},{\"@type\":\"WebSite\",\"@id\":\"https:\/\/dev6.erresse-shop.it\/#website\",\"url\":\"https:\/\/dev6.erresse-shop.it\/\",\"name\":\"Erresse Shop\",\"description\":\"\",\"publisher\":{\"@id\":\"https:\/\/dev6.erresse-shop.it\/#organization\"},\"potentialAction\":[{\"@type\":\"SearchAction\",\"target\":{\"@type\":\"EntryPoint\",\"urlTemplate\":\"https:\/\/dev6.erresse-shop.it\/?s={search_term_string}\"},\"query-input\":{\"@type\":\"PropertyValueSpecification\",\"valueRequired\":true,\"valueName\":\"search_term_string\"}}],\"inLanguage\":\"de\"},{\"@type\":\"Organization\",\"@id\":\"https:\/\/dev6.erresse-shop.it\/#organization\",\"name\":\"Erresse Shop\",\"url\":\"https:\/\/dev6.erresse-shop.it\/\",\"logo\":{\"@type\":\"ImageObject\",\"inLanguage\":\"de\",\"@id\":\"https:\/\/dev6.erresse-shop.it\/#\/schema\/logo\/image\/\",\"url\":\"https:\/\/dev6.erresse-shop.it\/wp-content\/uploads\/2025\/01\/LOGO-ERRESSE-CLASSICO.svg\",\"contentUrl\":\"https:\/\/dev6.erresse-shop.it\/wp-content\/uploads\/2025\/01\/LOGO-ERRESSE-CLASSICO.svg\",\"caption\":\"Erresse Shop\"},\"image\":{\"@id\":\"https:\/\/dev6.erresse-shop.it\/#\/schema\/logo\/image\/\"}}]}<\/script>\n<!-- \/ Yoast SEO plugin. -->","yoast_head_json":{"title":"ALESSI Wasserkocher mit Vogellicht Schwarz - dev6 Erresse","description":"Der Wasserkessel 9093 mit Vogelpfeife ist eines der meistverkauften Alessi-Objekte der Welt. Das Design dieses 1985 von Michael Graves geschaffenen","robots":{"index":"noindex","follow":"follow","max-snippet":"max-snippet:-1","max-image-preview":"max-image-preview:large","max-video-preview":"max-video-preview:-1"},"og_locale":"de_DE","og_type":"article","og_title":"ALESSI Wasserkocher mit Vogellicht Schwarz - dev6 Erresse","og_description":"Der Wasserkessel 9093 mit Vogelpfeife ist eines der meistverkauften Alessi-Objekte der Welt. Das Design dieses 1985 von Michael Graves geschaffenen","og_url":"https:\/\/dev6.erresse-shop.it\/de\/shop\/kuche\/wasserkocher\/alessi-wasserkocher-mit-vogellicht-schwarz\/","og_site_name":"dev6 Erresse","og_image":[{"url":"https:\/\/interpim.erresse-shop.it\/Import\/Prodotti\/alessi-bollitore-con-uccellino-nero.jpg","type":"","width":"","height":""},{"url":"https:\/\/interpim.erresse-shop.it\/Import\/Prodotti\/alessi-bollitore-con-uccellino-nero.jpg","width":1024,"height":1024,"type":"image\/jpeg"}],"twitter_card":"summary_large_image","twitter_image":"https:\/\/interpim.erresse-shop.it\/Import\/Prodotti\/alessi-bollitore-con-uccellino-nero.jpg","schema":{"@context":"https:\/\/schema.org","@graph":[{"@type":"WebPage","@id":"https:\/\/dev6.erresse-shop.it\/de\/shop\/kuche\/wasserkocher\/alessi-wasserkocher-mit-vogellicht-schwarz\/","url":"https:\/\/dev6.erresse-shop.it\/de\/shop\/kuche\/wasserkocher\/alessi-wasserkocher-mit-vogellicht-schwarz\/","name":"ALESSI Wasserkocher mit Vogellicht Schwarz - dev6 Erresse","isPartOf":{"@id":"https:\/\/dev6.erresse-shop.it\/#website"},"primaryImageOfPage":{"@id":"https:\/\/dev6.erresse-shop.it\/de\/shop\/kuche\/wasserkocher\/alessi-wasserkocher-mit-vogellicht-schwarz\/#primaryimage"},"image":{"@id":"https:\/\/dev6.erresse-shop.it\/de\/shop\/kuche\/wasserkocher\/alessi-wasserkocher-mit-vogellicht-schwarz\/#primaryimage"},"thumbnailUrl":"https:\/\/i2.wp.com\/interpim.erresse-shop.it\/Import\/Prodotti\/alessi-bollitore-con-uccellino-nero.jpg?ssl=1","datePublished":"2026-04-12T10:50:19+00:00","description":"Der Wasserkessel 9093 mit Vogelpfeife ist eines der meistverkauften Alessi-Objekte der Welt. Das Design dieses 1985 von Michael Graves geschaffenen","breadcrumb":{"@id":"https:\/\/dev6.erresse-shop.it\/de\/shop\/kuche\/wasserkocher\/alessi-wasserkocher-mit-vogellicht-schwarz\/#breadcrumb"},"inLanguage":"de","potentialAction":[{"@type":"ReadAction","target":["https:\/\/dev6.erresse-shop.it\/de\/shop\/kuche\/wasserkocher\/alessi-wasserkocher-mit-vogellicht-schwarz\/"]}]},{"@type":"ImageObject","inLanguage":"de","@id":"https:\/\/dev6.erresse-shop.it\/de\/shop\/kuche\/wasserkocher\/alessi-wasserkocher-mit-vogellicht-schwarz\/#primaryimage","url":"https:\/\/i2.wp.com\/interpim.erresse-shop.it\/Import\/Prodotti\/alessi-bollitore-con-uccellino-nero.jpg?ssl=1","contentUrl":"https:\/\/i2.wp.com\/interpim.erresse-shop.it\/Import\/Prodotti\/alessi-bollitore-con-uccellino-nero.jpg?ssl=1"},{"@type":"BreadcrumbList","@id":"https:\/\/dev6.erresse-shop.it\/de\/shop\/kuche\/wasserkocher\/alessi-wasserkocher-mit-vogellicht-schwarz\/#breadcrumb","itemListElement":[{"@type":"ListItem","position":1,"name":"Home","item":"https:\/\/dev6.erresse-shop.it\/"},{"@type":"ListItem","position":2,"name":"Shop","item":"https:\/\/dev6.erresse-shop.it\/shop\/"},{"@type":"ListItem","position":3,"name":"ALESSI Wasserkocher mit Vogellicht Schwarz"}]},{"@type":"WebSite","@id":"https:\/\/dev6.erresse-shop.it\/#website","url":"https:\/\/dev6.erresse-shop.it\/","name":"Erresse Shop","description":"","publisher":{"@id":"https:\/\/dev6.erresse-shop.it\/#organization"},"potentialAction":[{"@type":"SearchAction","target":{"@type":"EntryPoint","urlTemplate":"https:\/\/dev6.erresse-shop.it\/?s={search_term_string}"},"query-input":{"@type":"PropertyValueSpecification","valueRequired":true,"valueName":"search_term_string"}}],"inLanguage":"de"},{"@type":"Organization","@id":"https:\/\/dev6.erresse-shop.it\/#organization","name":"Erresse Shop","url":"https:\/\/dev6.erresse-shop.it\/","logo":{"@type":"ImageObject","inLanguage":"de","@id":"https:\/\/dev6.erresse-shop.it\/#\/schema\/logo\/image\/","url":"https:\/\/dev6.erresse-shop.it\/wp-content\/uploads\/2025\/01\/LOGO-ERRESSE-CLASSICO.svg","contentUrl":"https:\/\/dev6.erresse-shop.it\/wp-content\/uploads\/2025\/01\/LOGO-ERRESSE-CLASSICO.svg","caption":"Erresse Shop"},"image":{"@id":"https:\/\/dev6.erresse-shop.it\/#\/schema\/logo\/image\/"}}]}},"df_price":139.95,"df_sale_price":139.95,"df_regular_price":158,"df_image_link":"https:\/\/i2.wp.com\/interpim.erresse-shop.it\/Import\/Prodotti\/alessi-bollitore-con-uccellino-nero.jpg?resize=300,300&ssl=1","fifu_image_url":"https:\/\/interpim.erresse-shop.it\/Import\/Prodotti\/alessi-bollitore-con-uccellino-nero.jpg","_links":{"self":[{"href":"https:\/\/dev6.erresse-shop.it\/de\/wp-json\/wp\/v2\/product\/1600152","targetHints":{"allow":["GET"]}}],"collection":[{"href":"https:\/\/dev6.erresse-shop.it\/de\/wp-json\/wp\/v2\/product"}],"about":[{"href":"https:\/\/dev6.erresse-shop.it\/de\/wp-json\/wp\/v2\/types\/product"}],"wp:featuredmedia":[{"embeddable":true,"href":"https:\/\/dev6.erresse-shop.it\/de\/wp-json\/wp\/v2\/media\/6374559"}],"wp:attachment":[{"href":"https:\/\/dev6.erresse-shop.it\/de\/wp-json\/wp\/v2\/media?parent=1600152"}],"wp:term":[{"taxonomy":"product_cat","embeddable":true,"href":"https:\/\/dev6.erresse-shop.it\/de\/wp-json\/wp\/v2\/product_cat?post=1600152"},{"taxonomy":"product_tag","embeddable":true,"href":"https:\/\/dev6.erresse-shop.it\/de\/wp-json\/wp\/v2\/product_tag?post=1600152"}],"curies":[{"name":"wp","href":"https:\/\/api.w.org\/{rel}","templated":true}]}}