{"id":1600146,"date":"2026-04-04T12:47:36","date_gmt":"2026-04-04T10:47:36","guid":{"rendered":"https:\/\/dev6.erresse-shop.it\/shop\/unkategorisiert\/magimix-dampfer-xxl-zum-cook-expert\/"},"modified":"2025-07-19T03:50:19","modified_gmt":"2025-07-19T01:50:19","slug":"magimix-dampfer-xxl-zum-cook-expert","status":"publish","type":"product","link":"https:\/\/dev6.erresse-shop.it\/de\/shop\/kleine-elektrogeraete\/kuechenmaschinen\/magimix-dampfer-xxl-zum-cook-expert\/","title":{"rendered":"MAGIMIX Dampfer XXL zum COOK EXPERT"},"content":{"rendered":"<p>Der XXL Dampfkorb f\u00fcr Cook Expert Magimix ist ein unverzichtbares Accessoire f\u00fcr diejenigen, die eine Art des Kochens bevorzugen, die den Geschmack, die Aromen und die nat\u00fcrliche Weichheit von Lebensmitteln beibeh\u00e4lt.<\/p>\n<p>Dieser zus\u00e4tzliche Korb aus Edelstahl hat ein Fassungsverm\u00f6gen von 5,5 l und kann in Verbindung mit dem mit dem Cook Expert gelieferten Dampfkorb 8 l erreichen. Auf diese Weise ist es m\u00f6glich, mehr Lebensmittel gleichzeitig zuzubereiten, gr\u00f6\u00dfere Mengen zuzubereiten oder gr\u00f6\u00dfere Lebensmittel wie gro\u00dfe Fisch- oder Fleischst\u00fccke zuzubereiten.<\/p>\n<p>Der XXL-Dampfkorb f\u00fcr Cook Expert Magimix ist ideal, um das Men\u00fc jeden Tag zu bereichern und gleichzeitig einen gesunden und fettfreien Stil beizubehalten. Er erm\u00f6glicht die Zubereitung verschiedener Gerichte, von Vorspeisen bis zu Desserts, wie z. B. ged\u00e4mpftem Obstsalat und Weitere K\u00f6stlichkeiten im Rezeptbuch und in der offiziellen Magimix-App.<\/p>\n<p>Der XXL-Dampfkorb f\u00fcr Cook Expert Magimix ist problemlos sp\u00fclmaschinenfest.<\/p>\n","protected":false},"excerpt":{"rendered":"<p>Der XXL Dampfkorb f\u00fcr Cook Expert Magimix ist ein unverzichtbares Accessoire f\u00fcr diejenigen, die eine Art des Kochens bevorzugen, die den Geschmack, die Aromen und die nat\u00fcrliche Weichheit von Lebensmitteln beibeh\u00e4lt. Dieser zus\u00e4tzliche Korb aus Edelstahl hat ein Fassungsverm\u00f6gen von 5,5 l und kann in Verbindung mit dem mit dem Cook Expert gelieferten Dampfkorb 8 [&hellip;]<\/p>\n","protected":false},"featured_media":6291169,"template":"","meta":{"_acf_changed":false},"product_cat":[12163,12174],"product_tag":[],"class_list":{"0":"post-1600146","1":"product","2":"type-product","3":"status-publish","4":"has-post-thumbnail","6":"product_cat-kleine-elektrogeraete","7":"product_cat-kuechenmaschinen","9":"first","10":"instock","11":"sale","12":"taxable","13":"shipping-taxable","14":"purchasable","15":"product-type-simple","swatches":"rey-swatches","show_selected":"","stretch_labels":"rey-swatches--stretch-labels"},"acf":[],"yoast_head":"<!-- This site is optimized with the Yoast SEO plugin v25.4 - https:\/\/yoast.com\/wordpress\/plugins\/seo\/ -->\n<title>MAGIMIX Dampfer XXL zum COOK EXPERT - dev6 Erresse<\/title>\n<meta name=\"description\" content=\"Der XXL Dampfkorb f\u00fcr Cook Expert Magimix ist ein unverzichtbares Accessoire f\u00fcr diejenigen, die eine Art des Kochens bevorzugen, die den Geschmack, die\" \/>\n<meta name=\"robots\" content=\"noindex, follow, max-snippet:-1, max-image-preview:large, max-video-preview:-1\" \/>\n<meta property=\"og:locale\" content=\"de_DE\" \/>\n<meta property=\"og:type\" content=\"article\" \/>\n<meta property=\"og:title\" content=\"MAGIMIX Dampfer XXL zum COOK EXPERT - dev6 Erresse\" \/>\n<meta property=\"og:description\" content=\"Der XXL Dampfkorb f\u00fcr Cook Expert Magimix ist ein unverzichtbares Accessoire f\u00fcr diejenigen, die eine Art des Kochens bevorzugen, die den Geschmack, die\" \/>\n<meta property=\"og:url\" content=\"https:\/\/dev6.erresse-shop.it\/de\/shop\/kleine-elektrogeraete\/kuechenmaschinen\/magimix-dampfer-xxl-zum-cook-expert\/\" \/>\n<meta property=\"og:site_name\" content=\"dev6 Erresse\" \/>\n<meta property=\"og:image\" content=\"https:\/\/interpim.erresse-shop.it\/wp-content\/uploads\/2019\/10\/17277_1.jpg\/17277_1.jpg\" \/><meta property=\"og:image\" content=\"https:\/\/interpim.erresse-shop.it\/wp-content\/uploads\/2019\/10\/17277_1.jpg\/17277_1.jpg\" \/>\n\t<meta property=\"og:image:width\" content=\"1024\" \/>\n\t<meta property=\"og:image:height\" content=\"1024\" \/>\n\t<meta property=\"og:image:type\" content=\"image\/jpeg\" \/>\n<meta name=\"twitter:card\" content=\"summary_large_image\" \/>\n<meta name=\"twitter:image\" content=\"https:\/\/interpim.erresse-shop.it\/wp-content\/uploads\/2019\/10\/17277_1.jpg\/17277_1.jpg\" \/>\n<script type=\"application\/ld+json\" class=\"yoast-schema-graph\">{\"@context\":\"https:\/\/schema.org\",\"@graph\":[{\"@type\":\"WebPage\",\"@id\":\"https:\/\/dev6.erresse-shop.it\/de\/shop\/kleine-elektrogeraete\/kuechenmaschinen\/magimix-dampfer-xxl-zum-cook-expert\/\",\"url\":\"https:\/\/dev6.erresse-shop.it\/de\/shop\/kleine-elektrogeraete\/kuechenmaschinen\/magimix-dampfer-xxl-zum-cook-expert\/\",\"name\":\"MAGIMIX Dampfer XXL zum COOK EXPERT - dev6 Erresse\",\"isPartOf\":{\"@id\":\"https:\/\/dev6.erresse-shop.it\/#website\"},\"primaryImageOfPage\":{\"@id\":\"https:\/\/dev6.erresse-shop.it\/de\/shop\/kleine-elektrogeraete\/kuechenmaschinen\/magimix-dampfer-xxl-zum-cook-expert\/#primaryimage\"},\"image\":{\"@id\":\"https:\/\/dev6.erresse-shop.it\/de\/shop\/kleine-elektrogeraete\/kuechenmaschinen\/magimix-dampfer-xxl-zum-cook-expert\/#primaryimage\"},\"thumbnailUrl\":\"https:\/\/i3.wp.com\/interpim.erresse-shop.it\/wp-content\/uploads\/2019\/10\/17277_1.jpg\/17277_1.jpg?ssl=1\",\"datePublished\":\"2026-04-04T10:47:36+00:00\",\"description\":\"Der XXL Dampfkorb f\u00fcr Cook Expert Magimix ist ein unverzichtbares Accessoire f\u00fcr diejenigen, die eine Art des Kochens bevorzugen, die den Geschmack, die\",\"breadcrumb\":{\"@id\":\"https:\/\/dev6.erresse-shop.it\/de\/shop\/kleine-elektrogeraete\/kuechenmaschinen\/magimix-dampfer-xxl-zum-cook-expert\/#breadcrumb\"},\"inLanguage\":\"de\",\"potentialAction\":[{\"@type\":\"ReadAction\",\"target\":[\"https:\/\/dev6.erresse-shop.it\/de\/shop\/kleine-elektrogeraete\/kuechenmaschinen\/magimix-dampfer-xxl-zum-cook-expert\/\"]}]},{\"@type\":\"ImageObject\",\"inLanguage\":\"de\",\"@id\":\"https:\/\/dev6.erresse-shop.it\/de\/shop\/kleine-elektrogeraete\/kuechenmaschinen\/magimix-dampfer-xxl-zum-cook-expert\/#primaryimage\",\"url\":\"https:\/\/i3.wp.com\/interpim.erresse-shop.it\/wp-content\/uploads\/2019\/10\/17277_1.jpg\/17277_1.jpg?ssl=1\",\"contentUrl\":\"https:\/\/i3.wp.com\/interpim.erresse-shop.it\/wp-content\/uploads\/2019\/10\/17277_1.jpg\/17277_1.jpg?ssl=1\"},{\"@type\":\"BreadcrumbList\",\"@id\":\"https:\/\/dev6.erresse-shop.it\/de\/shop\/kleine-elektrogeraete\/kuechenmaschinen\/magimix-dampfer-xxl-zum-cook-expert\/#breadcrumb\",\"itemListElement\":[{\"@type\":\"ListItem\",\"position\":1,\"name\":\"Home\",\"item\":\"https:\/\/dev6.erresse-shop.it\/\"},{\"@type\":\"ListItem\",\"position\":2,\"name\":\"Shop\",\"item\":\"https:\/\/dev6.erresse-shop.it\/shop\/\"},{\"@type\":\"ListItem\",\"position\":3,\"name\":\"MAGIMIX Dampfer XXL zum COOK EXPERT\"}]},{\"@type\":\"WebSite\",\"@id\":\"https:\/\/dev6.erresse-shop.it\/#website\",\"url\":\"https:\/\/dev6.erresse-shop.it\/\",\"name\":\"Erresse Shop\",\"description\":\"\",\"publisher\":{\"@id\":\"https:\/\/dev6.erresse-shop.it\/#organization\"},\"potentialAction\":[{\"@type\":\"SearchAction\",\"target\":{\"@type\":\"EntryPoint\",\"urlTemplate\":\"https:\/\/dev6.erresse-shop.it\/?s={search_term_string}\"},\"query-input\":{\"@type\":\"PropertyValueSpecification\",\"valueRequired\":true,\"valueName\":\"search_term_string\"}}],\"inLanguage\":\"de\"},{\"@type\":\"Organization\",\"@id\":\"https:\/\/dev6.erresse-shop.it\/#organization\",\"name\":\"Erresse Shop\",\"url\":\"https:\/\/dev6.erresse-shop.it\/\",\"logo\":{\"@type\":\"ImageObject\",\"inLanguage\":\"de\",\"@id\":\"https:\/\/dev6.erresse-shop.it\/#\/schema\/logo\/image\/\",\"url\":\"https:\/\/dev6.erresse-shop.it\/wp-content\/uploads\/2025\/01\/LOGO-ERRESSE-CLASSICO.svg\",\"contentUrl\":\"https:\/\/dev6.erresse-shop.it\/wp-content\/uploads\/2025\/01\/LOGO-ERRESSE-CLASSICO.svg\",\"caption\":\"Erresse Shop\"},\"image\":{\"@id\":\"https:\/\/dev6.erresse-shop.it\/#\/schema\/logo\/image\/\"}}]}<\/script>\n<!-- \/ Yoast SEO plugin. -->","yoast_head_json":{"title":"MAGIMIX Dampfer XXL zum COOK EXPERT - dev6 Erresse","description":"Der XXL Dampfkorb f\u00fcr Cook Expert Magimix ist ein unverzichtbares Accessoire f\u00fcr diejenigen, die eine Art des Kochens bevorzugen, die den Geschmack, die","robots":{"index":"noindex","follow":"follow","max-snippet":"max-snippet:-1","max-image-preview":"max-image-preview:large","max-video-preview":"max-video-preview:-1"},"og_locale":"de_DE","og_type":"article","og_title":"MAGIMIX Dampfer XXL zum COOK EXPERT - dev6 Erresse","og_description":"Der XXL Dampfkorb f\u00fcr Cook Expert Magimix ist ein unverzichtbares Accessoire f\u00fcr diejenigen, die eine Art des Kochens bevorzugen, die den Geschmack, die","og_url":"https:\/\/dev6.erresse-shop.it\/de\/shop\/kleine-elektrogeraete\/kuechenmaschinen\/magimix-dampfer-xxl-zum-cook-expert\/","og_site_name":"dev6 Erresse","og_image":[{"url":"https:\/\/interpim.erresse-shop.it\/wp-content\/uploads\/2019\/10\/17277_1.jpg\/17277_1.jpg","type":"","width":"","height":""},{"url":"https:\/\/interpim.erresse-shop.it\/wp-content\/uploads\/2019\/10\/17277_1.jpg\/17277_1.jpg","width":1024,"height":1024,"type":"image\/jpeg"}],"twitter_card":"summary_large_image","twitter_image":"https:\/\/interpim.erresse-shop.it\/wp-content\/uploads\/2019\/10\/17277_1.jpg\/17277_1.jpg","schema":{"@context":"https:\/\/schema.org","@graph":[{"@type":"WebPage","@id":"https:\/\/dev6.erresse-shop.it\/de\/shop\/kleine-elektrogeraete\/kuechenmaschinen\/magimix-dampfer-xxl-zum-cook-expert\/","url":"https:\/\/dev6.erresse-shop.it\/de\/shop\/kleine-elektrogeraete\/kuechenmaschinen\/magimix-dampfer-xxl-zum-cook-expert\/","name":"MAGIMIX Dampfer XXL zum COOK EXPERT - dev6 Erresse","isPartOf":{"@id":"https:\/\/dev6.erresse-shop.it\/#website"},"primaryImageOfPage":{"@id":"https:\/\/dev6.erresse-shop.it\/de\/shop\/kleine-elektrogeraete\/kuechenmaschinen\/magimix-dampfer-xxl-zum-cook-expert\/#primaryimage"},"image":{"@id":"https:\/\/dev6.erresse-shop.it\/de\/shop\/kleine-elektrogeraete\/kuechenmaschinen\/magimix-dampfer-xxl-zum-cook-expert\/#primaryimage"},"thumbnailUrl":"https:\/\/i3.wp.com\/interpim.erresse-shop.it\/wp-content\/uploads\/2019\/10\/17277_1.jpg\/17277_1.jpg?ssl=1","datePublished":"2026-04-04T10:47:36+00:00","description":"Der XXL Dampfkorb f\u00fcr Cook Expert Magimix ist ein unverzichtbares Accessoire f\u00fcr diejenigen, die eine Art des Kochens bevorzugen, die den Geschmack, die","breadcrumb":{"@id":"https:\/\/dev6.erresse-shop.it\/de\/shop\/kleine-elektrogeraete\/kuechenmaschinen\/magimix-dampfer-xxl-zum-cook-expert\/#breadcrumb"},"inLanguage":"de","potentialAction":[{"@type":"ReadAction","target":["https:\/\/dev6.erresse-shop.it\/de\/shop\/kleine-elektrogeraete\/kuechenmaschinen\/magimix-dampfer-xxl-zum-cook-expert\/"]}]},{"@type":"ImageObject","inLanguage":"de","@id":"https:\/\/dev6.erresse-shop.it\/de\/shop\/kleine-elektrogeraete\/kuechenmaschinen\/magimix-dampfer-xxl-zum-cook-expert\/#primaryimage","url":"https:\/\/i3.wp.com\/interpim.erresse-shop.it\/wp-content\/uploads\/2019\/10\/17277_1.jpg\/17277_1.jpg?ssl=1","contentUrl":"https:\/\/i3.wp.com\/interpim.erresse-shop.it\/wp-content\/uploads\/2019\/10\/17277_1.jpg\/17277_1.jpg?ssl=1"},{"@type":"BreadcrumbList","@id":"https:\/\/dev6.erresse-shop.it\/de\/shop\/kleine-elektrogeraete\/kuechenmaschinen\/magimix-dampfer-xxl-zum-cook-expert\/#breadcrumb","itemListElement":[{"@type":"ListItem","position":1,"name":"Home","item":"https:\/\/dev6.erresse-shop.it\/"},{"@type":"ListItem","position":2,"name":"Shop","item":"https:\/\/dev6.erresse-shop.it\/shop\/"},{"@type":"ListItem","position":3,"name":"MAGIMIX Dampfer XXL zum COOK EXPERT"}]},{"@type":"WebSite","@id":"https:\/\/dev6.erresse-shop.it\/#website","url":"https:\/\/dev6.erresse-shop.it\/","name":"Erresse Shop","description":"","publisher":{"@id":"https:\/\/dev6.erresse-shop.it\/#organization"},"potentialAction":[{"@type":"SearchAction","target":{"@type":"EntryPoint","urlTemplate":"https:\/\/dev6.erresse-shop.it\/?s={search_term_string}"},"query-input":{"@type":"PropertyValueSpecification","valueRequired":true,"valueName":"search_term_string"}}],"inLanguage":"de"},{"@type":"Organization","@id":"https:\/\/dev6.erresse-shop.it\/#organization","name":"Erresse Shop","url":"https:\/\/dev6.erresse-shop.it\/","logo":{"@type":"ImageObject","inLanguage":"de","@id":"https:\/\/dev6.erresse-shop.it\/#\/schema\/logo\/image\/","url":"https:\/\/dev6.erresse-shop.it\/wp-content\/uploads\/2025\/01\/LOGO-ERRESSE-CLASSICO.svg","contentUrl":"https:\/\/dev6.erresse-shop.it\/wp-content\/uploads\/2025\/01\/LOGO-ERRESSE-CLASSICO.svg","caption":"Erresse Shop"},"image":{"@id":"https:\/\/dev6.erresse-shop.it\/#\/schema\/logo\/image\/"}}]}},"df_price":199.95,"df_sale_price":199.95,"df_regular_price":225,"df_image_link":"https:\/\/i3.wp.com\/interpim.erresse-shop.it\/wp-content\/uploads\/2019\/10\/17277_1.jpg\/17277_1.jpg?resize=300,300&ssl=1","fifu_image_url":"https:\/\/interpim.erresse-shop.it\/wp-content\/uploads\/2019\/10\/17277_1.jpg\/17277_1.jpg","_links":{"self":[{"href":"https:\/\/dev6.erresse-shop.it\/de\/wp-json\/wp\/v2\/product\/1600146","targetHints":{"allow":["GET"]}}],"collection":[{"href":"https:\/\/dev6.erresse-shop.it\/de\/wp-json\/wp\/v2\/product"}],"about":[{"href":"https:\/\/dev6.erresse-shop.it\/de\/wp-json\/wp\/v2\/types\/product"}],"wp:featuredmedia":[{"embeddable":true,"href":"https:\/\/dev6.erresse-shop.it\/de\/wp-json\/wp\/v2\/media\/6291169"}],"wp:attachment":[{"href":"https:\/\/dev6.erresse-shop.it\/de\/wp-json\/wp\/v2\/media?parent=1600146"}],"wp:term":[{"taxonomy":"product_cat","embeddable":true,"href":"https:\/\/dev6.erresse-shop.it\/de\/wp-json\/wp\/v2\/product_cat?post=1600146"},{"taxonomy":"product_tag","embeddable":true,"href":"https:\/\/dev6.erresse-shop.it\/de\/wp-json\/wp\/v2\/product_tag?post=1600146"}],"curies":[{"name":"wp","href":"https:\/\/api.w.org\/{rel}","templated":true}]}}