{"id":1600074,"date":"2026-04-04T12:42:27","date_gmt":"2026-04-04T10:42:27","guid":{"rendered":"https:\/\/dev6.erresse-shop.it\/shop\/unkategorisiert\/mario-luca-giusti-krug-pallina-rot-2\/"},"modified":"2025-09-14T02:49:34","modified_gmt":"2025-09-14T00:49:34","slug":"mario-luca-giusti-krug-pallina-rot","status":"publish","type":"product","link":"https:\/\/dev6.erresse-shop.it\/de\/shop\/tisch\/karaffen-flaschen-kruege\/mario-luca-giusti-krug-pallina-rot\/","title":{"rendered":"MARIO LUCA GIUSTI Krug Pallina rot"},"content":{"rendered":"<p>Sch\u00f6ne Dinge, sauber, einfach, elegantes Design, gef\u00e4rbt: entworfen und von Designer Luca Mario Giusti Florenz entwickelt.<br \/>\nElegant und kaleidoskopischen Geschirr Kollektionen inspiriert von alten Mustern und Formen in synthetischen Materialien wie Melamin, Polycarbonat und Acryl-Remake.\u00a0<br \/>\n\u00a0<br \/>\nDie Kollektionen werden von Mario Luca Giusti (Florenz-Italien) entwickelt und konzipiert werden jedes Jahr mit neuen Modellen bereichert, indem phantastisch geformten Objekten und Farben von wei\u00df bis schwarz, transparent f\u00fcr die helleren Farben. Die Inspiration kommt aus der Natur, der Landschaft, der italienischen Kunst; Blick auf einen H\u00fcgel oder den Facetten eines Diamanten, um ein Glas zu machen, f\u00fcr eine Reihe von Gerichten Diebstahl einer Gestaltung des neunzehnten Jahrhunderts, die \u00e4quatorialen Dschungel Pflanzen, Blumen eines Inglese Garten oder auf dem Fell von Tieren der Savanne. Leiht die Farben des Regenbogens und auch Brombeeren.<br \/>\n\u00a0<br \/>\nDer Krug Kugel erinnert an den Stil der alten italienischen Kr\u00fcge, leicht und komfortabel. Es kann mehr als drei Liter Wasser zu halten. Aus Acryl Material hat eine klassische Form und rund, ideal, um die Tabelle mit Stil und Einfachheit zu verzieren. Handw\u00e4sche, kalt.<br \/>\n\u00a0<\/p>\n","protected":false},"excerpt":{"rendered":"<p>Sch\u00f6ne Dinge, sauber, einfach, elegantes Design, gef\u00e4rbt: entworfen und von Designer Luca Mario Giusti Florenz entwickelt. Elegant und kaleidoskopischen Geschirr Kollektionen inspiriert von alten Mustern und Formen in synthetischen Materialien wie Melamin, Polycarbonat und Acryl-Remake.\u00a0 \u00a0 Die Kollektionen werden von Mario Luca Giusti (Florenz-Italien) entwickelt und konzipiert werden jedes Jahr mit neuen Modellen bereichert, indem [&hellip;]<\/p>\n","protected":false},"featured_media":6290923,"template":"","meta":{"_acf_changed":false},"product_cat":[12115,11671,12103],"product_tag":[],"class_list":{"0":"post-1600074","1":"product","2":"type-product","3":"status-publish","4":"has-post-thumbnail","6":"product_cat-karaffen-flaschen-kruege","7":"product_cat-tavola","8":"product_cat-tisch","10":"first","11":"instock","12":"sale","13":"taxable","14":"shipping-taxable","15":"purchasable","16":"product-type-simple","swatches":"rey-swatches","show_selected":"","stretch_labels":"rey-swatches--stretch-labels"},"acf":[],"yoast_head":"<!-- This site is optimized with the Yoast SEO plugin v25.4 - https:\/\/yoast.com\/wordpress\/plugins\/seo\/ -->\n<title>MARIO LUCA GIUSTI Krug Pallina rot - dev6 Erresse<\/title>\n<meta name=\"description\" content=\"Sch\u00f6ne Dinge, sauber, einfach, elegantes Design, gef\u00e4rbt: entworfen und von Designer Luca Mario Giusti Florenz entwickelt. Elegant und kaleidoskopischen\" \/>\n<meta name=\"robots\" content=\"noindex, follow, max-snippet:-1, max-image-preview:large, max-video-preview:-1\" \/>\n<meta property=\"og:locale\" content=\"de_DE\" \/>\n<meta property=\"og:type\" content=\"article\" \/>\n<meta property=\"og:title\" content=\"MARIO LUCA GIUSTI Krug Pallina rot - dev6 Erresse\" \/>\n<meta property=\"og:description\" content=\"Sch\u00f6ne Dinge, sauber, einfach, elegantes Design, gef\u00e4rbt: entworfen und von Designer Luca Mario Giusti Florenz entwickelt. Elegant und kaleidoskopischen\" \/>\n<meta property=\"og:url\" content=\"https:\/\/dev6.erresse-shop.it\/de\/shop\/tisch\/karaffen-flaschen-kruege\/mario-luca-giusti-krug-pallina-rot\/\" \/>\n<meta property=\"og:site_name\" content=\"dev6 Erresse\" \/>\n<meta property=\"og:image\" content=\"https:\/\/interpim.erresse-shop.it\/Import\/Prodotti\/mario-luca-giusti-brocca-pallina-rossa-1.jpg\" \/><meta property=\"og:image\" content=\"https:\/\/interpim.erresse-shop.it\/Import\/Prodotti\/mario-luca-giusti-brocca-pallina-rossa-1.jpg\" \/>\n\t<meta property=\"og:image:width\" content=\"1024\" \/>\n\t<meta property=\"og:image:height\" content=\"1024\" \/>\n\t<meta property=\"og:image:type\" content=\"image\/jpeg\" \/>\n<meta name=\"twitter:card\" content=\"summary_large_image\" \/>\n<meta name=\"twitter:image\" content=\"https:\/\/interpim.erresse-shop.it\/Import\/Prodotti\/mario-luca-giusti-brocca-pallina-rossa-1.jpg\" \/>\n<script type=\"application\/ld+json\" class=\"yoast-schema-graph\">{\"@context\":\"https:\/\/schema.org\",\"@graph\":[{\"@type\":\"WebPage\",\"@id\":\"https:\/\/dev6.erresse-shop.it\/de\/shop\/tisch\/karaffen-flaschen-kruege\/mario-luca-giusti-krug-pallina-rot\/\",\"url\":\"https:\/\/dev6.erresse-shop.it\/de\/shop\/tisch\/karaffen-flaschen-kruege\/mario-luca-giusti-krug-pallina-rot\/\",\"name\":\"MARIO LUCA GIUSTI Krug Pallina rot - dev6 Erresse\",\"isPartOf\":{\"@id\":\"https:\/\/dev6.erresse-shop.it\/#website\"},\"primaryImageOfPage\":{\"@id\":\"https:\/\/dev6.erresse-shop.it\/de\/shop\/tisch\/karaffen-flaschen-kruege\/mario-luca-giusti-krug-pallina-rot\/#primaryimage\"},\"image\":{\"@id\":\"https:\/\/dev6.erresse-shop.it\/de\/shop\/tisch\/karaffen-flaschen-kruege\/mario-luca-giusti-krug-pallina-rot\/#primaryimage\"},\"thumbnailUrl\":\"https:\/\/i3.wp.com\/interpim.erresse-shop.it\/Import\/Prodotti\/mario-luca-giusti-brocca-pallina-rossa-1.jpg?ssl=1\",\"datePublished\":\"2026-04-04T10:42:27+00:00\",\"description\":\"Sch\u00f6ne Dinge, sauber, einfach, elegantes Design, gef\u00e4rbt: entworfen und von Designer Luca Mario Giusti Florenz entwickelt. Elegant und kaleidoskopischen\",\"breadcrumb\":{\"@id\":\"https:\/\/dev6.erresse-shop.it\/de\/shop\/tisch\/karaffen-flaschen-kruege\/mario-luca-giusti-krug-pallina-rot\/#breadcrumb\"},\"inLanguage\":\"de\",\"potentialAction\":[{\"@type\":\"ReadAction\",\"target\":[\"https:\/\/dev6.erresse-shop.it\/de\/shop\/tisch\/karaffen-flaschen-kruege\/mario-luca-giusti-krug-pallina-rot\/\"]}]},{\"@type\":\"ImageObject\",\"inLanguage\":\"de\",\"@id\":\"https:\/\/dev6.erresse-shop.it\/de\/shop\/tisch\/karaffen-flaschen-kruege\/mario-luca-giusti-krug-pallina-rot\/#primaryimage\",\"url\":\"https:\/\/i3.wp.com\/interpim.erresse-shop.it\/Import\/Prodotti\/mario-luca-giusti-brocca-pallina-rossa-1.jpg?ssl=1\",\"contentUrl\":\"https:\/\/i3.wp.com\/interpim.erresse-shop.it\/Import\/Prodotti\/mario-luca-giusti-brocca-pallina-rossa-1.jpg?ssl=1\"},{\"@type\":\"BreadcrumbList\",\"@id\":\"https:\/\/dev6.erresse-shop.it\/de\/shop\/tisch\/karaffen-flaschen-kruege\/mario-luca-giusti-krug-pallina-rot\/#breadcrumb\",\"itemListElement\":[{\"@type\":\"ListItem\",\"position\":1,\"name\":\"Home\",\"item\":\"https:\/\/dev6.erresse-shop.it\/\"},{\"@type\":\"ListItem\",\"position\":2,\"name\":\"Shop\",\"item\":\"https:\/\/dev6.erresse-shop.it\/shop\/\"},{\"@type\":\"ListItem\",\"position\":3,\"name\":\"MARIO LUCA GIUSTI Krug Pallina rot\"}]},{\"@type\":\"WebSite\",\"@id\":\"https:\/\/dev6.erresse-shop.it\/#website\",\"url\":\"https:\/\/dev6.erresse-shop.it\/\",\"name\":\"Erresse Shop\",\"description\":\"\",\"publisher\":{\"@id\":\"https:\/\/dev6.erresse-shop.it\/#organization\"},\"potentialAction\":[{\"@type\":\"SearchAction\",\"target\":{\"@type\":\"EntryPoint\",\"urlTemplate\":\"https:\/\/dev6.erresse-shop.it\/?s={search_term_string}\"},\"query-input\":{\"@type\":\"PropertyValueSpecification\",\"valueRequired\":true,\"valueName\":\"search_term_string\"}}],\"inLanguage\":\"de\"},{\"@type\":\"Organization\",\"@id\":\"https:\/\/dev6.erresse-shop.it\/#organization\",\"name\":\"Erresse Shop\",\"url\":\"https:\/\/dev6.erresse-shop.it\/\",\"logo\":{\"@type\":\"ImageObject\",\"inLanguage\":\"de\",\"@id\":\"https:\/\/dev6.erresse-shop.it\/#\/schema\/logo\/image\/\",\"url\":\"https:\/\/dev6.erresse-shop.it\/wp-content\/uploads\/2025\/01\/LOGO-ERRESSE-CLASSICO.svg\",\"contentUrl\":\"https:\/\/dev6.erresse-shop.it\/wp-content\/uploads\/2025\/01\/LOGO-ERRESSE-CLASSICO.svg\",\"caption\":\"Erresse Shop\"},\"image\":{\"@id\":\"https:\/\/dev6.erresse-shop.it\/#\/schema\/logo\/image\/\"}}]}<\/script>\n<!-- \/ Yoast SEO plugin. -->","yoast_head_json":{"title":"MARIO LUCA GIUSTI Krug Pallina rot - dev6 Erresse","description":"Sch\u00f6ne Dinge, sauber, einfach, elegantes Design, gef\u00e4rbt: entworfen und von Designer Luca Mario Giusti Florenz entwickelt. Elegant und kaleidoskopischen","robots":{"index":"noindex","follow":"follow","max-snippet":"max-snippet:-1","max-image-preview":"max-image-preview:large","max-video-preview":"max-video-preview:-1"},"og_locale":"de_DE","og_type":"article","og_title":"MARIO LUCA GIUSTI Krug Pallina rot - dev6 Erresse","og_description":"Sch\u00f6ne Dinge, sauber, einfach, elegantes Design, gef\u00e4rbt: entworfen und von Designer Luca Mario Giusti Florenz entwickelt. Elegant und kaleidoskopischen","og_url":"https:\/\/dev6.erresse-shop.it\/de\/shop\/tisch\/karaffen-flaschen-kruege\/mario-luca-giusti-krug-pallina-rot\/","og_site_name":"dev6 Erresse","og_image":[{"url":"https:\/\/interpim.erresse-shop.it\/Import\/Prodotti\/mario-luca-giusti-brocca-pallina-rossa-1.jpg","type":"","width":"","height":""},{"url":"https:\/\/interpim.erresse-shop.it\/Import\/Prodotti\/mario-luca-giusti-brocca-pallina-rossa-1.jpg","width":1024,"height":1024,"type":"image\/jpeg"}],"twitter_card":"summary_large_image","twitter_image":"https:\/\/interpim.erresse-shop.it\/Import\/Prodotti\/mario-luca-giusti-brocca-pallina-rossa-1.jpg","schema":{"@context":"https:\/\/schema.org","@graph":[{"@type":"WebPage","@id":"https:\/\/dev6.erresse-shop.it\/de\/shop\/tisch\/karaffen-flaschen-kruege\/mario-luca-giusti-krug-pallina-rot\/","url":"https:\/\/dev6.erresse-shop.it\/de\/shop\/tisch\/karaffen-flaschen-kruege\/mario-luca-giusti-krug-pallina-rot\/","name":"MARIO LUCA GIUSTI Krug Pallina rot - dev6 Erresse","isPartOf":{"@id":"https:\/\/dev6.erresse-shop.it\/#website"},"primaryImageOfPage":{"@id":"https:\/\/dev6.erresse-shop.it\/de\/shop\/tisch\/karaffen-flaschen-kruege\/mario-luca-giusti-krug-pallina-rot\/#primaryimage"},"image":{"@id":"https:\/\/dev6.erresse-shop.it\/de\/shop\/tisch\/karaffen-flaschen-kruege\/mario-luca-giusti-krug-pallina-rot\/#primaryimage"},"thumbnailUrl":"https:\/\/i3.wp.com\/interpim.erresse-shop.it\/Import\/Prodotti\/mario-luca-giusti-brocca-pallina-rossa-1.jpg?ssl=1","datePublished":"2026-04-04T10:42:27+00:00","description":"Sch\u00f6ne Dinge, sauber, einfach, elegantes Design, gef\u00e4rbt: entworfen und von Designer Luca Mario Giusti Florenz entwickelt. Elegant und kaleidoskopischen","breadcrumb":{"@id":"https:\/\/dev6.erresse-shop.it\/de\/shop\/tisch\/karaffen-flaschen-kruege\/mario-luca-giusti-krug-pallina-rot\/#breadcrumb"},"inLanguage":"de","potentialAction":[{"@type":"ReadAction","target":["https:\/\/dev6.erresse-shop.it\/de\/shop\/tisch\/karaffen-flaschen-kruege\/mario-luca-giusti-krug-pallina-rot\/"]}]},{"@type":"ImageObject","inLanguage":"de","@id":"https:\/\/dev6.erresse-shop.it\/de\/shop\/tisch\/karaffen-flaschen-kruege\/mario-luca-giusti-krug-pallina-rot\/#primaryimage","url":"https:\/\/i3.wp.com\/interpim.erresse-shop.it\/Import\/Prodotti\/mario-luca-giusti-brocca-pallina-rossa-1.jpg?ssl=1","contentUrl":"https:\/\/i3.wp.com\/interpim.erresse-shop.it\/Import\/Prodotti\/mario-luca-giusti-brocca-pallina-rossa-1.jpg?ssl=1"},{"@type":"BreadcrumbList","@id":"https:\/\/dev6.erresse-shop.it\/de\/shop\/tisch\/karaffen-flaschen-kruege\/mario-luca-giusti-krug-pallina-rot\/#breadcrumb","itemListElement":[{"@type":"ListItem","position":1,"name":"Home","item":"https:\/\/dev6.erresse-shop.it\/"},{"@type":"ListItem","position":2,"name":"Shop","item":"https:\/\/dev6.erresse-shop.it\/shop\/"},{"@type":"ListItem","position":3,"name":"MARIO LUCA GIUSTI Krug Pallina rot"}]},{"@type":"WebSite","@id":"https:\/\/dev6.erresse-shop.it\/#website","url":"https:\/\/dev6.erresse-shop.it\/","name":"Erresse Shop","description":"","publisher":{"@id":"https:\/\/dev6.erresse-shop.it\/#organization"},"potentialAction":[{"@type":"SearchAction","target":{"@type":"EntryPoint","urlTemplate":"https:\/\/dev6.erresse-shop.it\/?s={search_term_string}"},"query-input":{"@type":"PropertyValueSpecification","valueRequired":true,"valueName":"search_term_string"}}],"inLanguage":"de"},{"@type":"Organization","@id":"https:\/\/dev6.erresse-shop.it\/#organization","name":"Erresse Shop","url":"https:\/\/dev6.erresse-shop.it\/","logo":{"@type":"ImageObject","inLanguage":"de","@id":"https:\/\/dev6.erresse-shop.it\/#\/schema\/logo\/image\/","url":"https:\/\/dev6.erresse-shop.it\/wp-content\/uploads\/2025\/01\/LOGO-ERRESSE-CLASSICO.svg","contentUrl":"https:\/\/dev6.erresse-shop.it\/wp-content\/uploads\/2025\/01\/LOGO-ERRESSE-CLASSICO.svg","caption":"Erresse Shop"},"image":{"@id":"https:\/\/dev6.erresse-shop.it\/#\/schema\/logo\/image\/"}}]}},"df_price":67,"df_sale_price":67,"df_regular_price":75,"df_image_link":"https:\/\/i3.wp.com\/interpim.erresse-shop.it\/Import\/Prodotti\/mario-luca-giusti-brocca-pallina-rossa-1.jpg?resize=300,300&ssl=1","fifu_image_url":"https:\/\/interpim.erresse-shop.it\/Import\/Prodotti\/mario-luca-giusti-brocca-pallina-rossa-1.jpg","_links":{"self":[{"href":"https:\/\/dev6.erresse-shop.it\/de\/wp-json\/wp\/v2\/product\/1600074","targetHints":{"allow":["GET"]}}],"collection":[{"href":"https:\/\/dev6.erresse-shop.it\/de\/wp-json\/wp\/v2\/product"}],"about":[{"href":"https:\/\/dev6.erresse-shop.it\/de\/wp-json\/wp\/v2\/types\/product"}],"wp:featuredmedia":[{"embeddable":true,"href":"https:\/\/dev6.erresse-shop.it\/de\/wp-json\/wp\/v2\/media\/6290923"}],"wp:attachment":[{"href":"https:\/\/dev6.erresse-shop.it\/de\/wp-json\/wp\/v2\/media?parent=1600074"}],"wp:term":[{"taxonomy":"product_cat","embeddable":true,"href":"https:\/\/dev6.erresse-shop.it\/de\/wp-json\/wp\/v2\/product_cat?post=1600074"},{"taxonomy":"product_tag","embeddable":true,"href":"https:\/\/dev6.erresse-shop.it\/de\/wp-json\/wp\/v2\/product_tag?post=1600074"}],"curies":[{"name":"wp","href":"https:\/\/api.w.org\/{rel}","templated":true}]}}