{"id":1600066,"date":"2026-04-12T12:45:12","date_gmt":"2026-04-12T10:45:12","guid":{"rendered":"https:\/\/dev6.erresse-shop.it\/shop\/unkategorisiert\/staub-cocotte-kurbis-24-cm-zimt-2\/"},"modified":"2025-09-14T02:49:15","modified_gmt":"2025-09-14T00:49:15","slug":"staub-cocotte-kurbis-24-cm-zimt","status":"publish","type":"product","link":"https:\/\/dev6.erresse-shop.it\/de\/shop\/toepfe-pfannen\/schalldaempfer-und-kokotten\/staub-cocotte-kurbis-24-cm-zimt\/","title":{"rendered":"STAUB Cocotte Kurbis 24 cm Zimt"},"content":{"rendered":"<p>Die sch\u00f6ne zimtfarbene Cocotte in der Form eines K\u00fcrbisses wird nach der Verwendung in der K\u00fcche gern auf den Tisch gestellt. In ihr servieren Sie stilvoll leckere Schmorgerichte, denn speziell f\u00fcr diesen Zweck wurden Cocottes in Frankreich entwickelt. Sie werden sogar von Spitzenk\u00f6chen benutzt, weil sie aus Gusseisen bestehen, das die Hitze besonders gut speichert und sie langsam wieder abgibt. Die runde Cocotte hat einen Durchmesser von 24 cm, eine H\u00f6he von 15 cm und ein Fassungsverm\u00f6gen von 3,45 l. Sie eignet sich f\u00fcr jede Herdart und sogar f\u00fcr ein Induktionskochfeld. Durch die beiden Griffe an den Seiten ist dieser Schmortopf von Staub bequem in der Handhabung. Profis, Hobbyk\u00f6che oder neugierige Anf\u00e4nger kommen gleicherma\u00dfen auf ihre Kosten und werden die Vorteile dieses Produkts garantiert schnell zu sch\u00e4tzen wissen. Die Cocotte in K\u00fcrbisform ist au\u00dferdem sehr robust und einfach zu reinigen, denn sie ist in ihrem Inneren emailliert. Diese Emaillierung verbessert gleichzeitig den Schmoreffekt und verst\u00e4rkt den Eigengeschmack von Fleisch, Gem\u00fcse und allen anderen Zutaten, sodass sich ihre Aromen optimal entfalten. In dieser Cocotte von Staub werden Ihre Gerichte daher besonders geschmackvoll, wenn Sie einmal wieder Ihre Freunde oder Familie zum Essen einladen.<\/p>\n<p>\u2013 Aus Gusseisen gefertigt: ideal zum energieeffizienten Anbraten, Garen und Schmoren<br \/>\n\u2013 F\u00fcr alle Herdarten inkl. Induktion geeignet, auch im Backofen\/Grill einsetzbar<br \/>\n\u2013 Kunstvolles, naturnahes Design im Form eines K\u00fcrbis<br \/>\n\u2013 Traditionelle Handwerkskunst vereint mit h\u00f6chster Qualit\u00e4t<br \/>\n\u2013 Intensiver Farbton durch die besondere Majolika Emaillierung<\/p>\n<p>Eigenschaften<br \/>\n\u2013 Hitzebest\u00e4ndigkeit: 240,00 \u00baC<br \/>\n\u2013 K\u00e4ltebest\u00e4ndigkeit: -20,00 \u00baC<br \/>\n\u2013 Material: Gusseisen<br \/>\n\u2013 Deckel vorhanden: Ja<br \/>\n\u2013 Induktion: Ja<br \/>\n\u2013 Backofen geeignet: Ja<br \/>\n\u2013 Gefrierschrank geeignet: Ja<br \/>\n\u2013 Herdplatten geeignet: Ja<br \/>\n\u2013 sp\u00fclmaschinengeeignet: Ja<\/p>\n<p>Abmessung<br \/>\n\u2013 Gewicht netto: 4,89 kg<br \/>\n\u2013 Volumen: 3,45 l<br \/>\n\u2013 Produktl\u00e4nge: 28,70 cm<br \/>\n\u2013 Produktbreite: 22,00 cm<br \/>\n\u2013 Produkth\u00f6he: 14,50 cm<br \/>\n\u2013 Produkth\u00f6he ohne Deckel: 9,50 cm<br \/>\n\u2013 Oberer Durchmesser: 24,00 cm<br \/>\n\u2013 Bodendurchmesser: 19,20 cm<br \/>\n\u2013 Griffl\u00e4nge: 2,00 cm<\/p>\n","protected":false},"excerpt":{"rendered":"<p>Die sch\u00f6ne zimtfarbene Cocotte in der Form eines K\u00fcrbisses wird nach der Verwendung in der K\u00fcche gern auf den Tisch gestellt. In ihr servieren Sie stilvoll leckere Schmorgerichte, denn speziell f\u00fcr diesen Zweck wurden Cocottes in Frankreich entwickelt. Sie werden sogar von Spitzenk\u00f6chen benutzt, weil sie aus Gusseisen bestehen, das die Hitze besonders gut speichert [&hellip;]<\/p>\n","protected":false},"featured_media":6374141,"template":"","meta":{"_acf_changed":false},"product_cat":[11667,12108,12099],"product_tag":[],"class_list":{"0":"post-1600066","1":"product","2":"type-product","3":"status-publish","4":"has-post-thumbnail","6":"product_cat-padelle-pentole","7":"product_cat-schalldaempfer-und-kokotten","8":"product_cat-toepfe-pfannen","10":"first","11":"instock","12":"sale","13":"taxable","14":"shipping-taxable","15":"purchasable","16":"product-type-simple","swatches":"rey-swatches","show_selected":"","stretch_labels":"rey-swatches--stretch-labels"},"acf":[],"yoast_head":"<!-- This site is optimized with the Yoast SEO plugin v25.4 - https:\/\/yoast.com\/wordpress\/plugins\/seo\/ -->\n<title>STAUB Cocotte Kurbis 24 cm Zimt - dev6 Erresse<\/title>\n<meta name=\"description\" content=\"Die sch\u00f6ne zimtfarbene Cocotte in der Form eines K\u00fcrbisses wird nach der Verwendung in der K\u00fcche gern auf den Tisch gestellt. In ihr servieren Sie\" \/>\n<meta name=\"robots\" content=\"noindex, follow, max-snippet:-1, max-image-preview:large, max-video-preview:-1\" \/>\n<meta property=\"og:locale\" content=\"de_DE\" \/>\n<meta property=\"og:type\" content=\"article\" \/>\n<meta property=\"og:title\" content=\"STAUB Cocotte Kurbis 24 cm Zimt - dev6 Erresse\" \/>\n<meta property=\"og:description\" content=\"Die sch\u00f6ne zimtfarbene Cocotte in der Form eines K\u00fcrbisses wird nach der Verwendung in der K\u00fcche gern auf den Tisch gestellt. In ihr servieren Sie\" \/>\n<meta property=\"og:url\" content=\"https:\/\/dev6.erresse-shop.it\/de\/shop\/toepfe-pfannen\/schalldaempfer-und-kokotten\/staub-cocotte-kurbis-24-cm-zimt\/\" \/>\n<meta property=\"og:site_name\" content=\"dev6 Erresse\" \/>\n<meta property=\"og:image\" content=\"https:\/\/interpim.erresse-shop.it\/img-catalogo\/staub\/staub-cocotte-zucca-24-cm-cannella.jpg\" \/><meta property=\"og:image\" content=\"https:\/\/interpim.erresse-shop.it\/img-catalogo\/staub\/staub-cocotte-zucca-24-cm-cannella.jpg\" \/>\n\t<meta property=\"og:image:width\" content=\"1024\" \/>\n\t<meta property=\"og:image:height\" content=\"1024\" \/>\n\t<meta property=\"og:image:type\" content=\"image\/jpeg\" \/>\n<meta name=\"twitter:card\" content=\"summary_large_image\" \/>\n<meta name=\"twitter:image\" content=\"https:\/\/interpim.erresse-shop.it\/img-catalogo\/staub\/staub-cocotte-zucca-24-cm-cannella.jpg\" \/>\n<script type=\"application\/ld+json\" class=\"yoast-schema-graph\">{\"@context\":\"https:\/\/schema.org\",\"@graph\":[{\"@type\":\"WebPage\",\"@id\":\"https:\/\/dev6.erresse-shop.it\/de\/shop\/toepfe-pfannen\/schalldaempfer-und-kokotten\/staub-cocotte-kurbis-24-cm-zimt\/\",\"url\":\"https:\/\/dev6.erresse-shop.it\/de\/shop\/toepfe-pfannen\/schalldaempfer-und-kokotten\/staub-cocotte-kurbis-24-cm-zimt\/\",\"name\":\"STAUB Cocotte Kurbis 24 cm Zimt - dev6 Erresse\",\"isPartOf\":{\"@id\":\"https:\/\/dev6.erresse-shop.it\/#website\"},\"primaryImageOfPage\":{\"@id\":\"https:\/\/dev6.erresse-shop.it\/de\/shop\/toepfe-pfannen\/schalldaempfer-und-kokotten\/staub-cocotte-kurbis-24-cm-zimt\/#primaryimage\"},\"image\":{\"@id\":\"https:\/\/dev6.erresse-shop.it\/de\/shop\/toepfe-pfannen\/schalldaempfer-und-kokotten\/staub-cocotte-kurbis-24-cm-zimt\/#primaryimage\"},\"thumbnailUrl\":\"https:\/\/i1.wp.com\/interpim.erresse-shop.it\/img-catalogo\/staub\/staub-cocotte-zucca-24-cm-cannella.jpg?ssl=1\",\"datePublished\":\"2026-04-12T10:45:12+00:00\",\"description\":\"Die sch\u00f6ne zimtfarbene Cocotte in der Form eines K\u00fcrbisses wird nach der Verwendung in der K\u00fcche gern auf den Tisch gestellt. In ihr servieren Sie\",\"breadcrumb\":{\"@id\":\"https:\/\/dev6.erresse-shop.it\/de\/shop\/toepfe-pfannen\/schalldaempfer-und-kokotten\/staub-cocotte-kurbis-24-cm-zimt\/#breadcrumb\"},\"inLanguage\":\"de\",\"potentialAction\":[{\"@type\":\"ReadAction\",\"target\":[\"https:\/\/dev6.erresse-shop.it\/de\/shop\/toepfe-pfannen\/schalldaempfer-und-kokotten\/staub-cocotte-kurbis-24-cm-zimt\/\"]}]},{\"@type\":\"ImageObject\",\"inLanguage\":\"de\",\"@id\":\"https:\/\/dev6.erresse-shop.it\/de\/shop\/toepfe-pfannen\/schalldaempfer-und-kokotten\/staub-cocotte-kurbis-24-cm-zimt\/#primaryimage\",\"url\":\"https:\/\/i1.wp.com\/interpim.erresse-shop.it\/img-catalogo\/staub\/staub-cocotte-zucca-24-cm-cannella.jpg?ssl=1\",\"contentUrl\":\"https:\/\/i1.wp.com\/interpim.erresse-shop.it\/img-catalogo\/staub\/staub-cocotte-zucca-24-cm-cannella.jpg?ssl=1\"},{\"@type\":\"BreadcrumbList\",\"@id\":\"https:\/\/dev6.erresse-shop.it\/de\/shop\/toepfe-pfannen\/schalldaempfer-und-kokotten\/staub-cocotte-kurbis-24-cm-zimt\/#breadcrumb\",\"itemListElement\":[{\"@type\":\"ListItem\",\"position\":1,\"name\":\"Home\",\"item\":\"https:\/\/dev6.erresse-shop.it\/\"},{\"@type\":\"ListItem\",\"position\":2,\"name\":\"Shop\",\"item\":\"https:\/\/dev6.erresse-shop.it\/shop\/\"},{\"@type\":\"ListItem\",\"position\":3,\"name\":\"STAUB Cocotte Kurbis 24 cm Zimt\"}]},{\"@type\":\"WebSite\",\"@id\":\"https:\/\/dev6.erresse-shop.it\/#website\",\"url\":\"https:\/\/dev6.erresse-shop.it\/\",\"name\":\"Erresse Shop\",\"description\":\"\",\"publisher\":{\"@id\":\"https:\/\/dev6.erresse-shop.it\/#organization\"},\"potentialAction\":[{\"@type\":\"SearchAction\",\"target\":{\"@type\":\"EntryPoint\",\"urlTemplate\":\"https:\/\/dev6.erresse-shop.it\/?s={search_term_string}\"},\"query-input\":{\"@type\":\"PropertyValueSpecification\",\"valueRequired\":true,\"valueName\":\"search_term_string\"}}],\"inLanguage\":\"de\"},{\"@type\":\"Organization\",\"@id\":\"https:\/\/dev6.erresse-shop.it\/#organization\",\"name\":\"Erresse Shop\",\"url\":\"https:\/\/dev6.erresse-shop.it\/\",\"logo\":{\"@type\":\"ImageObject\",\"inLanguage\":\"de\",\"@id\":\"https:\/\/dev6.erresse-shop.it\/#\/schema\/logo\/image\/\",\"url\":\"https:\/\/dev6.erresse-shop.it\/wp-content\/uploads\/2025\/01\/LOGO-ERRESSE-CLASSICO.svg\",\"contentUrl\":\"https:\/\/dev6.erresse-shop.it\/wp-content\/uploads\/2025\/01\/LOGO-ERRESSE-CLASSICO.svg\",\"caption\":\"Erresse Shop\"},\"image\":{\"@id\":\"https:\/\/dev6.erresse-shop.it\/#\/schema\/logo\/image\/\"}}]}<\/script>\n<!-- \/ Yoast SEO plugin. -->","yoast_head_json":{"title":"STAUB Cocotte Kurbis 24 cm Zimt - dev6 Erresse","description":"Die sch\u00f6ne zimtfarbene Cocotte in der Form eines K\u00fcrbisses wird nach der Verwendung in der K\u00fcche gern auf den Tisch gestellt. In ihr servieren Sie","robots":{"index":"noindex","follow":"follow","max-snippet":"max-snippet:-1","max-image-preview":"max-image-preview:large","max-video-preview":"max-video-preview:-1"},"og_locale":"de_DE","og_type":"article","og_title":"STAUB Cocotte Kurbis 24 cm Zimt - dev6 Erresse","og_description":"Die sch\u00f6ne zimtfarbene Cocotte in der Form eines K\u00fcrbisses wird nach der Verwendung in der K\u00fcche gern auf den Tisch gestellt. In ihr servieren Sie","og_url":"https:\/\/dev6.erresse-shop.it\/de\/shop\/toepfe-pfannen\/schalldaempfer-und-kokotten\/staub-cocotte-kurbis-24-cm-zimt\/","og_site_name":"dev6 Erresse","og_image":[{"url":"https:\/\/interpim.erresse-shop.it\/img-catalogo\/staub\/staub-cocotte-zucca-24-cm-cannella.jpg","type":"","width":"","height":""},{"url":"https:\/\/interpim.erresse-shop.it\/img-catalogo\/staub\/staub-cocotte-zucca-24-cm-cannella.jpg","width":1024,"height":1024,"type":"image\/jpeg"}],"twitter_card":"summary_large_image","twitter_image":"https:\/\/interpim.erresse-shop.it\/img-catalogo\/staub\/staub-cocotte-zucca-24-cm-cannella.jpg","schema":{"@context":"https:\/\/schema.org","@graph":[{"@type":"WebPage","@id":"https:\/\/dev6.erresse-shop.it\/de\/shop\/toepfe-pfannen\/schalldaempfer-und-kokotten\/staub-cocotte-kurbis-24-cm-zimt\/","url":"https:\/\/dev6.erresse-shop.it\/de\/shop\/toepfe-pfannen\/schalldaempfer-und-kokotten\/staub-cocotte-kurbis-24-cm-zimt\/","name":"STAUB Cocotte Kurbis 24 cm Zimt - dev6 Erresse","isPartOf":{"@id":"https:\/\/dev6.erresse-shop.it\/#website"},"primaryImageOfPage":{"@id":"https:\/\/dev6.erresse-shop.it\/de\/shop\/toepfe-pfannen\/schalldaempfer-und-kokotten\/staub-cocotte-kurbis-24-cm-zimt\/#primaryimage"},"image":{"@id":"https:\/\/dev6.erresse-shop.it\/de\/shop\/toepfe-pfannen\/schalldaempfer-und-kokotten\/staub-cocotte-kurbis-24-cm-zimt\/#primaryimage"},"thumbnailUrl":"https:\/\/i1.wp.com\/interpim.erresse-shop.it\/img-catalogo\/staub\/staub-cocotte-zucca-24-cm-cannella.jpg?ssl=1","datePublished":"2026-04-12T10:45:12+00:00","description":"Die sch\u00f6ne zimtfarbene Cocotte in der Form eines K\u00fcrbisses wird nach der Verwendung in der K\u00fcche gern auf den Tisch gestellt. In ihr servieren Sie","breadcrumb":{"@id":"https:\/\/dev6.erresse-shop.it\/de\/shop\/toepfe-pfannen\/schalldaempfer-und-kokotten\/staub-cocotte-kurbis-24-cm-zimt\/#breadcrumb"},"inLanguage":"de","potentialAction":[{"@type":"ReadAction","target":["https:\/\/dev6.erresse-shop.it\/de\/shop\/toepfe-pfannen\/schalldaempfer-und-kokotten\/staub-cocotte-kurbis-24-cm-zimt\/"]}]},{"@type":"ImageObject","inLanguage":"de","@id":"https:\/\/dev6.erresse-shop.it\/de\/shop\/toepfe-pfannen\/schalldaempfer-und-kokotten\/staub-cocotte-kurbis-24-cm-zimt\/#primaryimage","url":"https:\/\/i1.wp.com\/interpim.erresse-shop.it\/img-catalogo\/staub\/staub-cocotte-zucca-24-cm-cannella.jpg?ssl=1","contentUrl":"https:\/\/i1.wp.com\/interpim.erresse-shop.it\/img-catalogo\/staub\/staub-cocotte-zucca-24-cm-cannella.jpg?ssl=1"},{"@type":"BreadcrumbList","@id":"https:\/\/dev6.erresse-shop.it\/de\/shop\/toepfe-pfannen\/schalldaempfer-und-kokotten\/staub-cocotte-kurbis-24-cm-zimt\/#breadcrumb","itemListElement":[{"@type":"ListItem","position":1,"name":"Home","item":"https:\/\/dev6.erresse-shop.it\/"},{"@type":"ListItem","position":2,"name":"Shop","item":"https:\/\/dev6.erresse-shop.it\/shop\/"},{"@type":"ListItem","position":3,"name":"STAUB Cocotte Kurbis 24 cm Zimt"}]},{"@type":"WebSite","@id":"https:\/\/dev6.erresse-shop.it\/#website","url":"https:\/\/dev6.erresse-shop.it\/","name":"Erresse Shop","description":"","publisher":{"@id":"https:\/\/dev6.erresse-shop.it\/#organization"},"potentialAction":[{"@type":"SearchAction","target":{"@type":"EntryPoint","urlTemplate":"https:\/\/dev6.erresse-shop.it\/?s={search_term_string}"},"query-input":{"@type":"PropertyValueSpecification","valueRequired":true,"valueName":"search_term_string"}}],"inLanguage":"de"},{"@type":"Organization","@id":"https:\/\/dev6.erresse-shop.it\/#organization","name":"Erresse Shop","url":"https:\/\/dev6.erresse-shop.it\/","logo":{"@type":"ImageObject","inLanguage":"de","@id":"https:\/\/dev6.erresse-shop.it\/#\/schema\/logo\/image\/","url":"https:\/\/dev6.erresse-shop.it\/wp-content\/uploads\/2025\/01\/LOGO-ERRESSE-CLASSICO.svg","contentUrl":"https:\/\/dev6.erresse-shop.it\/wp-content\/uploads\/2025\/01\/LOGO-ERRESSE-CLASSICO.svg","caption":"Erresse Shop"},"image":{"@id":"https:\/\/dev6.erresse-shop.it\/#\/schema\/logo\/image\/"}}]}},"df_price":199.95,"df_sale_price":199.95,"df_regular_price":319,"df_image_link":"https:\/\/i1.wp.com\/interpim.erresse-shop.it\/img-catalogo\/staub\/staub-cocotte-zucca-24-cm-cannella.jpg?resize=300,300&ssl=1","fifu_image_url":"https:\/\/interpim.erresse-shop.it\/img-catalogo\/staub\/staub-cocotte-zucca-24-cm-cannella.jpg","_links":{"self":[{"href":"https:\/\/dev6.erresse-shop.it\/de\/wp-json\/wp\/v2\/product\/1600066","targetHints":{"allow":["GET"]}}],"collection":[{"href":"https:\/\/dev6.erresse-shop.it\/de\/wp-json\/wp\/v2\/product"}],"about":[{"href":"https:\/\/dev6.erresse-shop.it\/de\/wp-json\/wp\/v2\/types\/product"}],"wp:featuredmedia":[{"embeddable":true,"href":"https:\/\/dev6.erresse-shop.it\/de\/wp-json\/wp\/v2\/media\/6374141"}],"wp:attachment":[{"href":"https:\/\/dev6.erresse-shop.it\/de\/wp-json\/wp\/v2\/media?parent=1600066"}],"wp:term":[{"taxonomy":"product_cat","embeddable":true,"href":"https:\/\/dev6.erresse-shop.it\/de\/wp-json\/wp\/v2\/product_cat?post=1600066"},{"taxonomy":"product_tag","embeddable":true,"href":"https:\/\/dev6.erresse-shop.it\/de\/wp-json\/wp\/v2\/product_tag?post=1600066"}],"curies":[{"name":"wp","href":"https:\/\/api.w.org\/{rel}","templated":true}]}}