{"id":1599982,"date":"2026-04-10T13:18:40","date_gmt":"2026-04-10T11:18:40","guid":{"rendered":"https:\/\/dev6.erresse-shop.it\/shop\/unkategorisiert\/staub-ovale-muschelpfanne-mit-deckel-25-cm-schwarz\/"},"modified":"2025-09-14T02:45:53","modified_gmt":"2025-09-14T00:45:53","slug":"staub-ovale-muschelpfanne-mit-deckel-25-cm-schwarz","status":"publish","type":"product","link":"https:\/\/dev6.erresse-shop.it\/de\/shop\/toepfe-pfannen\/toepfe-und-kochtoepfen\/staub-ovale-muschelpfanne-mit-deckel-25-cm-schwarz\/","title":{"rendered":"STAUB Ovale Muschelpfanne mit Deckel 25 cm Schwarz"},"content":{"rendered":"<p>Muschelgerichte lassen sich nicht nur im Urlaub, vielleicht auf der Veranda eines Restaurants in einem bretonischen Hafen, genie\u00dfen \u2013 man kann sie auch ganz einfach zu Hause zubereiten. Die schwarze, ovale Muschelschale von Staub ist speziell f\u00fcr die Zubereitung von Muschelgerichten konzipiert und eignet sich zugleich als attraktives Serviergef\u00e4\u00df zum Pr\u00e4sentieren von zwei bis drei Portionen Muscheln. Dieser Meeresfr\u00fcchtetopf von Staub ist aus Gusseisen gefertigt, einem Material, das Ihre Meeresfr\u00fcchtegerichte auch am Tisch warm h\u00e4lt. Die Hitze wird beim Kochen gleichm\u00e4\u00dfig verteilt. Der Topf hat einen Durchmesser von 25 cm, ist 17,8 cm breit, inklusive Deckel 16,9 cm hoch und hat ein Fassungsverm\u00f6gen von 2 Litern. Ein Gitter teilt den Innenraum in zwei Teile, wobei einer davon f\u00fcr die Zugabe von Gew\u00fcrzen und Fl\u00fcssigkeiten vorgesehen ist. Der Edelstahlrost h\u00e4lt die Muscheln ruhig, w\u00e4hrend Sie die Br\u00fche abgie\u00dfen. Mit dem Topfdeckel k\u00f6nnen Sie die Schalen der Meeresfr\u00fcchte am Tisch auffangen. Der Muscheltopf aus Gusseisen hat die typische Muschelform. Servieren Sie Ihren G\u00e4sten k\u00f6stliche Gerichte in einem einzigartig gestalteten Gusseisentopf, der zum Muschelkochen konzipiert ist.<\/p>\n<p>Ein idealer Topf f\u00fcr Muschelliebhaber<br \/>\nHerausnehmbares Sieb zum Ausgie\u00dfen der So\u00dfe<br \/>\nL\u00e4ngere W\u00e4rmespeicherung<\/p>\n<p>Produktmerkmale:<\/p>\n<p>Hitzebest\u00e4ndigkeit:260 \u00baC<br \/>\nMaterial: Gusseisen<br \/>\nInnenbeschichtung: Emaille<br \/>\nInduktion: Ja<br \/>\nOfenfest: Ja<br \/>\nHerdplattengeeignet: Ja<br \/>\nSp\u00fclmaschinenfest: Ja<\/p>\n<p>Abmessungen:<\/p>\n<p>Nettogewicht: 3,25 kg<br \/>\nFassungsverm\u00f6gen: 2,00 l<br \/>\nProduktl\u00e4nge: 27,70 cm<br \/>\nProduktbreite: 18,00 cm<br \/>\nProdukth\u00f6he: 16,90 cm<br \/>\nH\u00f6he ohne Deckel: 9,20 cm<br \/>\nOberer Durchmesser: 25,00 cm<br \/>\nBodendurchmesser: 9,00 cm<\/p>\n","protected":false},"excerpt":{"rendered":"<p>Muschelgerichte lassen sich nicht nur im Urlaub, vielleicht auf der Veranda eines Restaurants in einem bretonischen Hafen, genie\u00dfen \u2013 man kann sie auch ganz einfach zu Hause zubereiten. Die schwarze, ovale Muschelschale von Staub ist speziell f\u00fcr die Zubereitung von Muschelgerichten konzipiert und eignet sich zugleich als attraktives Serviergef\u00e4\u00df zum Pr\u00e4sentieren von zwei bis drei [&hellip;]<\/p>\n","protected":false},"featured_media":6332129,"template":"","meta":{"_acf_changed":false},"product_cat":[11668,12100,12109,12099],"product_tag":[],"class_list":{"0":"post-1599982","1":"product","2":"type-product","3":"status-publish","4":"has-post-thumbnail","6":"product_cat-cucina","7":"product_cat-kuche","8":"product_cat-toepfe-und-kochtoepfen","9":"product_cat-toepfe-pfannen","11":"first","12":"instock","13":"sale","14":"taxable","15":"shipping-taxable","16":"purchasable","17":"product-type-simple","swatches":"rey-swatches","show_selected":"","stretch_labels":"rey-swatches--stretch-labels"},"acf":[],"yoast_head":"<!-- This site is optimized with the Yoast SEO plugin v25.4 - https:\/\/yoast.com\/wordpress\/plugins\/seo\/ -->\n<title>STAUB Ovale Muschelpfanne mit Deckel 25 cm Schwarz - dev6 Erresse<\/title>\n<meta name=\"description\" content=\"Muschelgerichte lassen sich nicht nur im Urlaub, vielleicht auf der Veranda eines Restaurants in einem bretonischen Hafen, genie\u00dfen \u2013 man kann sie auch\" \/>\n<meta name=\"robots\" content=\"noindex, follow, max-snippet:-1, max-image-preview:large, max-video-preview:-1\" \/>\n<meta property=\"og:locale\" content=\"de_DE\" \/>\n<meta property=\"og:type\" content=\"article\" \/>\n<meta property=\"og:title\" content=\"STAUB Ovale Muschelpfanne mit Deckel 25 cm Schwarz - dev6 Erresse\" \/>\n<meta property=\"og:description\" content=\"Muschelgerichte lassen sich nicht nur im Urlaub, vielleicht auf der Veranda eines Restaurants in einem bretonischen Hafen, genie\u00dfen \u2013 man kann sie auch\" \/>\n<meta property=\"og:url\" content=\"https:\/\/dev6.erresse-shop.it\/de\/shop\/toepfe-pfannen\/toepfe-und-kochtoepfen\/staub-ovale-muschelpfanne-mit-deckel-25-cm-schwarz\/\" \/>\n<meta property=\"og:site_name\" content=\"dev6 Erresse\" \/>\n<meta property=\"og:image\" content=\"https:\/\/interpim.erresse-shop.it\/Import\/Prodotti\/staub-cozziera-ovale-con-coperchio-25-cm-nero.jpg\" \/><meta property=\"og:image\" content=\"https:\/\/interpim.erresse-shop.it\/Import\/Prodotti\/staub-cozziera-ovale-con-coperchio-25-cm-nero.jpg\" \/>\n\t<meta property=\"og:image:width\" content=\"1024\" \/>\n\t<meta property=\"og:image:height\" content=\"1024\" \/>\n\t<meta property=\"og:image:type\" content=\"image\/jpeg\" \/>\n<meta name=\"twitter:card\" content=\"summary_large_image\" \/>\n<meta name=\"twitter:image\" content=\"https:\/\/interpim.erresse-shop.it\/Import\/Prodotti\/staub-cozziera-ovale-con-coperchio-25-cm-nero.jpg\" \/>\n<script type=\"application\/ld+json\" class=\"yoast-schema-graph\">{\"@context\":\"https:\/\/schema.org\",\"@graph\":[{\"@type\":\"WebPage\",\"@id\":\"https:\/\/dev6.erresse-shop.it\/de\/shop\/toepfe-pfannen\/toepfe-und-kochtoepfen\/staub-ovale-muschelpfanne-mit-deckel-25-cm-schwarz\/\",\"url\":\"https:\/\/dev6.erresse-shop.it\/de\/shop\/toepfe-pfannen\/toepfe-und-kochtoepfen\/staub-ovale-muschelpfanne-mit-deckel-25-cm-schwarz\/\",\"name\":\"STAUB Ovale Muschelpfanne mit Deckel 25 cm Schwarz - dev6 Erresse\",\"isPartOf\":{\"@id\":\"https:\/\/dev6.erresse-shop.it\/#website\"},\"primaryImageOfPage\":{\"@id\":\"https:\/\/dev6.erresse-shop.it\/de\/shop\/toepfe-pfannen\/toepfe-und-kochtoepfen\/staub-ovale-muschelpfanne-mit-deckel-25-cm-schwarz\/#primaryimage\"},\"image\":{\"@id\":\"https:\/\/dev6.erresse-shop.it\/de\/shop\/toepfe-pfannen\/toepfe-und-kochtoepfen\/staub-ovale-muschelpfanne-mit-deckel-25-cm-schwarz\/#primaryimage\"},\"thumbnailUrl\":\"https:\/\/i0.wp.com\/interpim.erresse-shop.it\/Import\/Prodotti\/staub-cozziera-ovale-con-coperchio-25-cm-nero.jpg?ssl=1\",\"datePublished\":\"2026-04-10T11:18:40+00:00\",\"description\":\"Muschelgerichte lassen sich nicht nur im Urlaub, vielleicht auf der Veranda eines Restaurants in einem bretonischen Hafen, genie\u00dfen \u2013 man kann sie auch\",\"breadcrumb\":{\"@id\":\"https:\/\/dev6.erresse-shop.it\/de\/shop\/toepfe-pfannen\/toepfe-und-kochtoepfen\/staub-ovale-muschelpfanne-mit-deckel-25-cm-schwarz\/#breadcrumb\"},\"inLanguage\":\"de\",\"potentialAction\":[{\"@type\":\"ReadAction\",\"target\":[\"https:\/\/dev6.erresse-shop.it\/de\/shop\/toepfe-pfannen\/toepfe-und-kochtoepfen\/staub-ovale-muschelpfanne-mit-deckel-25-cm-schwarz\/\"]}]},{\"@type\":\"ImageObject\",\"inLanguage\":\"de\",\"@id\":\"https:\/\/dev6.erresse-shop.it\/de\/shop\/toepfe-pfannen\/toepfe-und-kochtoepfen\/staub-ovale-muschelpfanne-mit-deckel-25-cm-schwarz\/#primaryimage\",\"url\":\"https:\/\/i0.wp.com\/interpim.erresse-shop.it\/Import\/Prodotti\/staub-cozziera-ovale-con-coperchio-25-cm-nero.jpg?ssl=1\",\"contentUrl\":\"https:\/\/i0.wp.com\/interpim.erresse-shop.it\/Import\/Prodotti\/staub-cozziera-ovale-con-coperchio-25-cm-nero.jpg?ssl=1\"},{\"@type\":\"BreadcrumbList\",\"@id\":\"https:\/\/dev6.erresse-shop.it\/de\/shop\/toepfe-pfannen\/toepfe-und-kochtoepfen\/staub-ovale-muschelpfanne-mit-deckel-25-cm-schwarz\/#breadcrumb\",\"itemListElement\":[{\"@type\":\"ListItem\",\"position\":1,\"name\":\"Home\",\"item\":\"https:\/\/dev6.erresse-shop.it\/\"},{\"@type\":\"ListItem\",\"position\":2,\"name\":\"Shop\",\"item\":\"https:\/\/dev6.erresse-shop.it\/shop\/\"},{\"@type\":\"ListItem\",\"position\":3,\"name\":\"STAUB Ovale Muschelpfanne mit Deckel 25 cm Schwarz\"}]},{\"@type\":\"WebSite\",\"@id\":\"https:\/\/dev6.erresse-shop.it\/#website\",\"url\":\"https:\/\/dev6.erresse-shop.it\/\",\"name\":\"Erresse Shop\",\"description\":\"\",\"publisher\":{\"@id\":\"https:\/\/dev6.erresse-shop.it\/#organization\"},\"potentialAction\":[{\"@type\":\"SearchAction\",\"target\":{\"@type\":\"EntryPoint\",\"urlTemplate\":\"https:\/\/dev6.erresse-shop.it\/?s={search_term_string}\"},\"query-input\":{\"@type\":\"PropertyValueSpecification\",\"valueRequired\":true,\"valueName\":\"search_term_string\"}}],\"inLanguage\":\"de\"},{\"@type\":\"Organization\",\"@id\":\"https:\/\/dev6.erresse-shop.it\/#organization\",\"name\":\"Erresse Shop\",\"url\":\"https:\/\/dev6.erresse-shop.it\/\",\"logo\":{\"@type\":\"ImageObject\",\"inLanguage\":\"de\",\"@id\":\"https:\/\/dev6.erresse-shop.it\/#\/schema\/logo\/image\/\",\"url\":\"https:\/\/dev6.erresse-shop.it\/wp-content\/uploads\/2025\/01\/LOGO-ERRESSE-CLASSICO.svg\",\"contentUrl\":\"https:\/\/dev6.erresse-shop.it\/wp-content\/uploads\/2025\/01\/LOGO-ERRESSE-CLASSICO.svg\",\"caption\":\"Erresse Shop\"},\"image\":{\"@id\":\"https:\/\/dev6.erresse-shop.it\/#\/schema\/logo\/image\/\"}}]}<\/script>\n<!-- \/ Yoast SEO plugin. -->","yoast_head_json":{"title":"STAUB Ovale Muschelpfanne mit Deckel 25 cm Schwarz - dev6 Erresse","description":"Muschelgerichte lassen sich nicht nur im Urlaub, vielleicht auf der Veranda eines Restaurants in einem bretonischen Hafen, genie\u00dfen \u2013 man kann sie auch","robots":{"index":"noindex","follow":"follow","max-snippet":"max-snippet:-1","max-image-preview":"max-image-preview:large","max-video-preview":"max-video-preview:-1"},"og_locale":"de_DE","og_type":"article","og_title":"STAUB Ovale Muschelpfanne mit Deckel 25 cm Schwarz - dev6 Erresse","og_description":"Muschelgerichte lassen sich nicht nur im Urlaub, vielleicht auf der Veranda eines Restaurants in einem bretonischen Hafen, genie\u00dfen \u2013 man kann sie auch","og_url":"https:\/\/dev6.erresse-shop.it\/de\/shop\/toepfe-pfannen\/toepfe-und-kochtoepfen\/staub-ovale-muschelpfanne-mit-deckel-25-cm-schwarz\/","og_site_name":"dev6 Erresse","og_image":[{"url":"https:\/\/interpim.erresse-shop.it\/Import\/Prodotti\/staub-cozziera-ovale-con-coperchio-25-cm-nero.jpg","type":"","width":"","height":""},{"url":"https:\/\/interpim.erresse-shop.it\/Import\/Prodotti\/staub-cozziera-ovale-con-coperchio-25-cm-nero.jpg","width":1024,"height":1024,"type":"image\/jpeg"}],"twitter_card":"summary_large_image","twitter_image":"https:\/\/interpim.erresse-shop.it\/Import\/Prodotti\/staub-cozziera-ovale-con-coperchio-25-cm-nero.jpg","schema":{"@context":"https:\/\/schema.org","@graph":[{"@type":"WebPage","@id":"https:\/\/dev6.erresse-shop.it\/de\/shop\/toepfe-pfannen\/toepfe-und-kochtoepfen\/staub-ovale-muschelpfanne-mit-deckel-25-cm-schwarz\/","url":"https:\/\/dev6.erresse-shop.it\/de\/shop\/toepfe-pfannen\/toepfe-und-kochtoepfen\/staub-ovale-muschelpfanne-mit-deckel-25-cm-schwarz\/","name":"STAUB Ovale Muschelpfanne mit Deckel 25 cm Schwarz - dev6 Erresse","isPartOf":{"@id":"https:\/\/dev6.erresse-shop.it\/#website"},"primaryImageOfPage":{"@id":"https:\/\/dev6.erresse-shop.it\/de\/shop\/toepfe-pfannen\/toepfe-und-kochtoepfen\/staub-ovale-muschelpfanne-mit-deckel-25-cm-schwarz\/#primaryimage"},"image":{"@id":"https:\/\/dev6.erresse-shop.it\/de\/shop\/toepfe-pfannen\/toepfe-und-kochtoepfen\/staub-ovale-muschelpfanne-mit-deckel-25-cm-schwarz\/#primaryimage"},"thumbnailUrl":"https:\/\/i0.wp.com\/interpim.erresse-shop.it\/Import\/Prodotti\/staub-cozziera-ovale-con-coperchio-25-cm-nero.jpg?ssl=1","datePublished":"2026-04-10T11:18:40+00:00","description":"Muschelgerichte lassen sich nicht nur im Urlaub, vielleicht auf der Veranda eines Restaurants in einem bretonischen Hafen, genie\u00dfen \u2013 man kann sie auch","breadcrumb":{"@id":"https:\/\/dev6.erresse-shop.it\/de\/shop\/toepfe-pfannen\/toepfe-und-kochtoepfen\/staub-ovale-muschelpfanne-mit-deckel-25-cm-schwarz\/#breadcrumb"},"inLanguage":"de","potentialAction":[{"@type":"ReadAction","target":["https:\/\/dev6.erresse-shop.it\/de\/shop\/toepfe-pfannen\/toepfe-und-kochtoepfen\/staub-ovale-muschelpfanne-mit-deckel-25-cm-schwarz\/"]}]},{"@type":"ImageObject","inLanguage":"de","@id":"https:\/\/dev6.erresse-shop.it\/de\/shop\/toepfe-pfannen\/toepfe-und-kochtoepfen\/staub-ovale-muschelpfanne-mit-deckel-25-cm-schwarz\/#primaryimage","url":"https:\/\/i0.wp.com\/interpim.erresse-shop.it\/Import\/Prodotti\/staub-cozziera-ovale-con-coperchio-25-cm-nero.jpg?ssl=1","contentUrl":"https:\/\/i0.wp.com\/interpim.erresse-shop.it\/Import\/Prodotti\/staub-cozziera-ovale-con-coperchio-25-cm-nero.jpg?ssl=1"},{"@type":"BreadcrumbList","@id":"https:\/\/dev6.erresse-shop.it\/de\/shop\/toepfe-pfannen\/toepfe-und-kochtoepfen\/staub-ovale-muschelpfanne-mit-deckel-25-cm-schwarz\/#breadcrumb","itemListElement":[{"@type":"ListItem","position":1,"name":"Home","item":"https:\/\/dev6.erresse-shop.it\/"},{"@type":"ListItem","position":2,"name":"Shop","item":"https:\/\/dev6.erresse-shop.it\/shop\/"},{"@type":"ListItem","position":3,"name":"STAUB Ovale Muschelpfanne mit Deckel 25 cm Schwarz"}]},{"@type":"WebSite","@id":"https:\/\/dev6.erresse-shop.it\/#website","url":"https:\/\/dev6.erresse-shop.it\/","name":"Erresse Shop","description":"","publisher":{"@id":"https:\/\/dev6.erresse-shop.it\/#organization"},"potentialAction":[{"@type":"SearchAction","target":{"@type":"EntryPoint","urlTemplate":"https:\/\/dev6.erresse-shop.it\/?s={search_term_string}"},"query-input":{"@type":"PropertyValueSpecification","valueRequired":true,"valueName":"search_term_string"}}],"inLanguage":"de"},{"@type":"Organization","@id":"https:\/\/dev6.erresse-shop.it\/#organization","name":"Erresse Shop","url":"https:\/\/dev6.erresse-shop.it\/","logo":{"@type":"ImageObject","inLanguage":"de","@id":"https:\/\/dev6.erresse-shop.it\/#\/schema\/logo\/image\/","url":"https:\/\/dev6.erresse-shop.it\/wp-content\/uploads\/2025\/01\/LOGO-ERRESSE-CLASSICO.svg","contentUrl":"https:\/\/dev6.erresse-shop.it\/wp-content\/uploads\/2025\/01\/LOGO-ERRESSE-CLASSICO.svg","caption":"Erresse Shop"},"image":{"@id":"https:\/\/dev6.erresse-shop.it\/#\/schema\/logo\/image\/"}}]}},"df_price":119.95,"df_sale_price":119.95,"df_regular_price":179,"df_image_link":"https:\/\/i0.wp.com\/interpim.erresse-shop.it\/Import\/Prodotti\/staub-cozziera-ovale-con-coperchio-25-cm-nero.jpg?resize=300,300&ssl=1","fifu_image_url":"https:\/\/interpim.erresse-shop.it\/Import\/Prodotti\/staub-cozziera-ovale-con-coperchio-25-cm-nero.jpg","_links":{"self":[{"href":"https:\/\/dev6.erresse-shop.it\/de\/wp-json\/wp\/v2\/product\/1599982","targetHints":{"allow":["GET"]}}],"collection":[{"href":"https:\/\/dev6.erresse-shop.it\/de\/wp-json\/wp\/v2\/product"}],"about":[{"href":"https:\/\/dev6.erresse-shop.it\/de\/wp-json\/wp\/v2\/types\/product"}],"wp:featuredmedia":[{"embeddable":true,"href":"https:\/\/dev6.erresse-shop.it\/de\/wp-json\/wp\/v2\/media\/6332129"}],"wp:attachment":[{"href":"https:\/\/dev6.erresse-shop.it\/de\/wp-json\/wp\/v2\/media?parent=1599982"}],"wp:term":[{"taxonomy":"product_cat","embeddable":true,"href":"https:\/\/dev6.erresse-shop.it\/de\/wp-json\/wp\/v2\/product_cat?post=1599982"},{"taxonomy":"product_tag","embeddable":true,"href":"https:\/\/dev6.erresse-shop.it\/de\/wp-json\/wp\/v2\/product_tag?post=1599982"}],"curies":[{"name":"wp","href":"https:\/\/api.w.org\/{rel}","templated":true}]}}