{"id":1599980,"date":"2026-04-12T12:40:07","date_gmt":"2026-04-12T10:40:07","guid":{"rendered":"https:\/\/dev6.erresse-shop.it\/shop\/unkategorisiert\/outdoorchef-minichef-gasgrill-420-g\/"},"modified":"2026-01-16T22:12:29","modified_gmt":"2026-01-16T21:12:29","slug":"outdoorchef-minichef-gasgrill-420-g","status":"publish","type":"product","link":"https:\/\/dev6.erresse-shop.it\/de\/shop\/kleine-elektrogeraete\/grills-und-barbecues\/outdoorchef-minichef-gasgrill-420-g\/","title":{"rendered":"Outdoorchef Minichef Gasgrill 420 G"},"content":{"rendered":"<p>Der perfekte kompakte Grill f\u00fcr jede Gelegenheit<br \/>\nDer Outdoorchef Minichef 420 Gasgrill ist die ideale L\u00f6sung f\u00fcr diejenigen, die ein kompaktes Ger\u00e4t suchen, ohne auf die Qualit\u00e4t des Kochens zu verzichten. Dank seines sph\u00e4rischen Designs und der einstellbaren Temperatur zwischen 180\u00b0C und 340\u00b0C k\u00f6nnen Sie zarte Steaks, saftige Hamburger, edlen Fisch und schmackhaftes Gem\u00fcse sowie Desserts, Brot und Pizza perfekt zubereiten.<\/p>\n<p>Erweiterbar f\u00fcr grenzenlose Vielseitigkeit<br \/>\nObwohl er kompakt ist, kann dieser Grill mit der Minichef Station erweitert werden, einer stabilen Basis, die ihn noch praktischer und f\u00fcr alle kulinarischen Bed\u00fcrfnisse geeignet macht. Perfekt f\u00fcr diejenigen, die eine flexible L\u00f6sung suchen, ist er der ideale Begleiter f\u00fcr Balkone, Terrassen und kleine Au\u00dfenbereiche.<\/p>\n<p>Hochwertige Materialien f\u00fcr eine lange Lebensdauer<br \/>\nDer Minichef 420 ist aus strapazierf\u00e4higem Porzellan gefertigt und sorgt f\u00fcr eine lange Lebensdauer und hervorragende Leistung. Die Leistung des Brenners von 4,3 kW garantiert eine gleichm\u00e4\u00dfige und optimale Zubereitung aller Gerichte.<\/p>\n<p>Einfaches Reinigen und Warten<br \/>\nEin Highlight dieses Grills ist das praktische Trichtersystem, das das Reinigen erleichtert, indem es die Ansammlung von Fett und Speiseresten verhindert. Dank dieser Technologie ist die Wartung schnell und effektiv, sodass Sie mehr Zeit mit dem Genie\u00dfen des Grillens verbringen k\u00f6nnen.<\/p>\n<p>Kompaakte Gr\u00f6\u00dfe und maximale Praktikabilit\u00e4t<br \/>\nMit einem Grilldurchmesser von 39,5 cm und einem Gewicht von nur 13,8 kg ist der Minichef 420 einfach zu transportieren und zu platzieren. Seine kompakte Gr\u00f6\u00dfe macht ihn perfekt f\u00fcr diejenigen, die einen qualitativ hochwertigen Grill suchen, der nicht zu viel Platz beansprucht, aber dennoch bei jeder Gelegenheit hohe Leistung bietet.<\/p>\n<p>Technische Merkmale<\/p>\n<p>180-340 \u00b0C f\u00fcr zarte Steaks, saftige Hamburger, edlen Fisch, k\u00f6stliches Gem\u00fcse sowie Desserts, Brot und Pizza<br \/>\nErweiterbar nach Belieben mit der Minichef Station (stabile Basis)<br \/>\nEinfaches und schnelles Reinigen dank des praktischen Trichtersystems<br \/>\nHochwertige Materialien und robuste Verarbeitung<\/p>\n<p>Abmessungen:<\/p>\n<p>Breite: 43 cm<br \/>\nH\u00f6he: 78 cm<br \/>\nTiefe: 53 cm<\/p>\n","protected":false},"excerpt":{"rendered":"<p>Der perfekte kompakte Grill f\u00fcr jede Gelegenheit Der Outdoorchef Minichef 420 Gasgrill ist die ideale L\u00f6sung f\u00fcr diejenigen, die ein kompaktes Ger\u00e4t suchen, ohne auf die Qualit\u00e4t des Kochens zu verzichten. Dank seines sph\u00e4rischen Designs und der einstellbaren Temperatur zwischen 180\u00b0C und 340\u00b0C k\u00f6nnen Sie zarte Steaks, saftige Hamburger, edlen Fisch und schmackhaftes Gem\u00fcse sowie [&hellip;]<\/p>\n","protected":false},"featured_media":6373757,"template":"","meta":{"_acf_changed":false},"product_cat":[12195,12163],"product_tag":[],"class_list":{"0":"post-1599980","1":"product","2":"type-product","3":"status-publish","4":"has-post-thumbnail","6":"product_cat-grills-und-barbecues","7":"product_cat-kleine-elektrogeraete","9":"first","10":"instock","11":"sale","12":"taxable","13":"shipping-taxable","14":"purchasable","15":"product-type-simple","swatches":"rey-swatches","show_selected":"","stretch_labels":"rey-swatches--stretch-labels"},"acf":[],"yoast_head":"<!-- This site is optimized with the Yoast SEO plugin v25.4 - https:\/\/yoast.com\/wordpress\/plugins\/seo\/ -->\n<title>Outdoorchef Minichef Gasgrill 420 G - dev6 Erresse<\/title>\n<meta name=\"description\" content=\"Der perfekte kompakte Grill f\u00fcr jede Gelegenheit Der Outdoorchef Minichef 420 Gasgrill ist die ideale L\u00f6sung f\u00fcr diejenigen, die ein kompaktes Ger\u00e4t\" \/>\n<meta name=\"robots\" content=\"noindex, follow, max-snippet:-1, max-image-preview:large, max-video-preview:-1\" \/>\n<meta property=\"og:locale\" content=\"de_DE\" \/>\n<meta property=\"og:type\" content=\"article\" \/>\n<meta property=\"og:title\" content=\"Outdoorchef Minichef Gasgrill 420 G - dev6 Erresse\" \/>\n<meta property=\"og:description\" content=\"Der perfekte kompakte Grill f\u00fcr jede Gelegenheit Der Outdoorchef Minichef 420 Gasgrill ist die ideale L\u00f6sung f\u00fcr diejenigen, die ein kompaktes Ger\u00e4t\" \/>\n<meta property=\"og:url\" content=\"https:\/\/dev6.erresse-shop.it\/de\/shop\/kleine-elektrogeraete\/grills-und-barbecues\/outdoorchef-minichef-gasgrill-420-g\/\" \/>\n<meta property=\"og:site_name\" content=\"dev6 Erresse\" \/>\n<meta property=\"og:image\" content=\"https:\/\/interpim.erresse-shop.it\/Import\/Prodotti\/outdoorchef-minichef-barbecue-a-gas-420-g.jpg\" \/><meta property=\"og:image\" content=\"https:\/\/interpim.erresse-shop.it\/Import\/Prodotti\/outdoorchef-minichef-barbecue-a-gas-420-g.jpg\" \/>\n\t<meta property=\"og:image:width\" content=\"1024\" \/>\n\t<meta property=\"og:image:height\" content=\"1024\" \/>\n\t<meta property=\"og:image:type\" content=\"image\/jpeg\" \/>\n<meta name=\"twitter:card\" content=\"summary_large_image\" \/>\n<meta name=\"twitter:image\" content=\"https:\/\/interpim.erresse-shop.it\/Import\/Prodotti\/outdoorchef-minichef-barbecue-a-gas-420-g.jpg\" \/>\n<script type=\"application\/ld+json\" class=\"yoast-schema-graph\">{\"@context\":\"https:\/\/schema.org\",\"@graph\":[{\"@type\":\"WebPage\",\"@id\":\"https:\/\/dev6.erresse-shop.it\/de\/shop\/kleine-elektrogeraete\/grills-und-barbecues\/outdoorchef-minichef-gasgrill-420-g\/\",\"url\":\"https:\/\/dev6.erresse-shop.it\/de\/shop\/kleine-elektrogeraete\/grills-und-barbecues\/outdoorchef-minichef-gasgrill-420-g\/\",\"name\":\"Outdoorchef Minichef Gasgrill 420 G - dev6 Erresse\",\"isPartOf\":{\"@id\":\"https:\/\/dev6.erresse-shop.it\/#website\"},\"primaryImageOfPage\":{\"@id\":\"https:\/\/dev6.erresse-shop.it\/de\/shop\/kleine-elektrogeraete\/grills-und-barbecues\/outdoorchef-minichef-gasgrill-420-g\/#primaryimage\"},\"image\":{\"@id\":\"https:\/\/dev6.erresse-shop.it\/de\/shop\/kleine-elektrogeraete\/grills-und-barbecues\/outdoorchef-minichef-gasgrill-420-g\/#primaryimage\"},\"thumbnailUrl\":\"https:\/\/i1.wp.com\/interpim.erresse-shop.it\/Import\/Prodotti\/outdoorchef-minichef-barbecue-a-gas-420-g.jpg?ssl=1\",\"datePublished\":\"2026-04-12T10:40:07+00:00\",\"description\":\"Der perfekte kompakte Grill f\u00fcr jede Gelegenheit Der Outdoorchef Minichef 420 Gasgrill ist die ideale L\u00f6sung f\u00fcr diejenigen, die ein kompaktes Ger\u00e4t\",\"breadcrumb\":{\"@id\":\"https:\/\/dev6.erresse-shop.it\/de\/shop\/kleine-elektrogeraete\/grills-und-barbecues\/outdoorchef-minichef-gasgrill-420-g\/#breadcrumb\"},\"inLanguage\":\"de\",\"potentialAction\":[{\"@type\":\"ReadAction\",\"target\":[\"https:\/\/dev6.erresse-shop.it\/de\/shop\/kleine-elektrogeraete\/grills-und-barbecues\/outdoorchef-minichef-gasgrill-420-g\/\"]}]},{\"@type\":\"ImageObject\",\"inLanguage\":\"de\",\"@id\":\"https:\/\/dev6.erresse-shop.it\/de\/shop\/kleine-elektrogeraete\/grills-und-barbecues\/outdoorchef-minichef-gasgrill-420-g\/#primaryimage\",\"url\":\"https:\/\/i1.wp.com\/interpim.erresse-shop.it\/Import\/Prodotti\/outdoorchef-minichef-barbecue-a-gas-420-g.jpg?ssl=1\",\"contentUrl\":\"https:\/\/i1.wp.com\/interpim.erresse-shop.it\/Import\/Prodotti\/outdoorchef-minichef-barbecue-a-gas-420-g.jpg?ssl=1\"},{\"@type\":\"BreadcrumbList\",\"@id\":\"https:\/\/dev6.erresse-shop.it\/de\/shop\/kleine-elektrogeraete\/grills-und-barbecues\/outdoorchef-minichef-gasgrill-420-g\/#breadcrumb\",\"itemListElement\":[{\"@type\":\"ListItem\",\"position\":1,\"name\":\"Home\",\"item\":\"https:\/\/dev6.erresse-shop.it\/\"},{\"@type\":\"ListItem\",\"position\":2,\"name\":\"Shop\",\"item\":\"https:\/\/dev6.erresse-shop.it\/shop\/\"},{\"@type\":\"ListItem\",\"position\":3,\"name\":\"Outdoorchef Minichef Gasgrill 420 G\"}]},{\"@type\":\"WebSite\",\"@id\":\"https:\/\/dev6.erresse-shop.it\/#website\",\"url\":\"https:\/\/dev6.erresse-shop.it\/\",\"name\":\"Erresse Shop\",\"description\":\"\",\"publisher\":{\"@id\":\"https:\/\/dev6.erresse-shop.it\/#organization\"},\"potentialAction\":[{\"@type\":\"SearchAction\",\"target\":{\"@type\":\"EntryPoint\",\"urlTemplate\":\"https:\/\/dev6.erresse-shop.it\/?s={search_term_string}\"},\"query-input\":{\"@type\":\"PropertyValueSpecification\",\"valueRequired\":true,\"valueName\":\"search_term_string\"}}],\"inLanguage\":\"de\"},{\"@type\":\"Organization\",\"@id\":\"https:\/\/dev6.erresse-shop.it\/#organization\",\"name\":\"Erresse Shop\",\"url\":\"https:\/\/dev6.erresse-shop.it\/\",\"logo\":{\"@type\":\"ImageObject\",\"inLanguage\":\"de\",\"@id\":\"https:\/\/dev6.erresse-shop.it\/#\/schema\/logo\/image\/\",\"url\":\"https:\/\/dev6.erresse-shop.it\/wp-content\/uploads\/2025\/01\/LOGO-ERRESSE-CLASSICO.svg\",\"contentUrl\":\"https:\/\/dev6.erresse-shop.it\/wp-content\/uploads\/2025\/01\/LOGO-ERRESSE-CLASSICO.svg\",\"caption\":\"Erresse Shop\"},\"image\":{\"@id\":\"https:\/\/dev6.erresse-shop.it\/#\/schema\/logo\/image\/\"}}]}<\/script>\n<!-- \/ Yoast SEO plugin. -->","yoast_head_json":{"title":"Outdoorchef Minichef Gasgrill 420 G - dev6 Erresse","description":"Der perfekte kompakte Grill f\u00fcr jede Gelegenheit Der Outdoorchef Minichef 420 Gasgrill ist die ideale L\u00f6sung f\u00fcr diejenigen, die ein kompaktes Ger\u00e4t","robots":{"index":"noindex","follow":"follow","max-snippet":"max-snippet:-1","max-image-preview":"max-image-preview:large","max-video-preview":"max-video-preview:-1"},"og_locale":"de_DE","og_type":"article","og_title":"Outdoorchef Minichef Gasgrill 420 G - dev6 Erresse","og_description":"Der perfekte kompakte Grill f\u00fcr jede Gelegenheit Der Outdoorchef Minichef 420 Gasgrill ist die ideale L\u00f6sung f\u00fcr diejenigen, die ein kompaktes Ger\u00e4t","og_url":"https:\/\/dev6.erresse-shop.it\/de\/shop\/kleine-elektrogeraete\/grills-und-barbecues\/outdoorchef-minichef-gasgrill-420-g\/","og_site_name":"dev6 Erresse","og_image":[{"url":"https:\/\/interpim.erresse-shop.it\/Import\/Prodotti\/outdoorchef-minichef-barbecue-a-gas-420-g.jpg","type":"","width":"","height":""},{"url":"https:\/\/interpim.erresse-shop.it\/Import\/Prodotti\/outdoorchef-minichef-barbecue-a-gas-420-g.jpg","width":1024,"height":1024,"type":"image\/jpeg"}],"twitter_card":"summary_large_image","twitter_image":"https:\/\/interpim.erresse-shop.it\/Import\/Prodotti\/outdoorchef-minichef-barbecue-a-gas-420-g.jpg","schema":{"@context":"https:\/\/schema.org","@graph":[{"@type":"WebPage","@id":"https:\/\/dev6.erresse-shop.it\/de\/shop\/kleine-elektrogeraete\/grills-und-barbecues\/outdoorchef-minichef-gasgrill-420-g\/","url":"https:\/\/dev6.erresse-shop.it\/de\/shop\/kleine-elektrogeraete\/grills-und-barbecues\/outdoorchef-minichef-gasgrill-420-g\/","name":"Outdoorchef Minichef Gasgrill 420 G - dev6 Erresse","isPartOf":{"@id":"https:\/\/dev6.erresse-shop.it\/#website"},"primaryImageOfPage":{"@id":"https:\/\/dev6.erresse-shop.it\/de\/shop\/kleine-elektrogeraete\/grills-und-barbecues\/outdoorchef-minichef-gasgrill-420-g\/#primaryimage"},"image":{"@id":"https:\/\/dev6.erresse-shop.it\/de\/shop\/kleine-elektrogeraete\/grills-und-barbecues\/outdoorchef-minichef-gasgrill-420-g\/#primaryimage"},"thumbnailUrl":"https:\/\/i1.wp.com\/interpim.erresse-shop.it\/Import\/Prodotti\/outdoorchef-minichef-barbecue-a-gas-420-g.jpg?ssl=1","datePublished":"2026-04-12T10:40:07+00:00","description":"Der perfekte kompakte Grill f\u00fcr jede Gelegenheit Der Outdoorchef Minichef 420 Gasgrill ist die ideale L\u00f6sung f\u00fcr diejenigen, die ein kompaktes Ger\u00e4t","breadcrumb":{"@id":"https:\/\/dev6.erresse-shop.it\/de\/shop\/kleine-elektrogeraete\/grills-und-barbecues\/outdoorchef-minichef-gasgrill-420-g\/#breadcrumb"},"inLanguage":"de","potentialAction":[{"@type":"ReadAction","target":["https:\/\/dev6.erresse-shop.it\/de\/shop\/kleine-elektrogeraete\/grills-und-barbecues\/outdoorchef-minichef-gasgrill-420-g\/"]}]},{"@type":"ImageObject","inLanguage":"de","@id":"https:\/\/dev6.erresse-shop.it\/de\/shop\/kleine-elektrogeraete\/grills-und-barbecues\/outdoorchef-minichef-gasgrill-420-g\/#primaryimage","url":"https:\/\/i1.wp.com\/interpim.erresse-shop.it\/Import\/Prodotti\/outdoorchef-minichef-barbecue-a-gas-420-g.jpg?ssl=1","contentUrl":"https:\/\/i1.wp.com\/interpim.erresse-shop.it\/Import\/Prodotti\/outdoorchef-minichef-barbecue-a-gas-420-g.jpg?ssl=1"},{"@type":"BreadcrumbList","@id":"https:\/\/dev6.erresse-shop.it\/de\/shop\/kleine-elektrogeraete\/grills-und-barbecues\/outdoorchef-minichef-gasgrill-420-g\/#breadcrumb","itemListElement":[{"@type":"ListItem","position":1,"name":"Home","item":"https:\/\/dev6.erresse-shop.it\/"},{"@type":"ListItem","position":2,"name":"Shop","item":"https:\/\/dev6.erresse-shop.it\/shop\/"},{"@type":"ListItem","position":3,"name":"Outdoorchef Minichef Gasgrill 420 G"}]},{"@type":"WebSite","@id":"https:\/\/dev6.erresse-shop.it\/#website","url":"https:\/\/dev6.erresse-shop.it\/","name":"Erresse Shop","description":"","publisher":{"@id":"https:\/\/dev6.erresse-shop.it\/#organization"},"potentialAction":[{"@type":"SearchAction","target":{"@type":"EntryPoint","urlTemplate":"https:\/\/dev6.erresse-shop.it\/?s={search_term_string}"},"query-input":{"@type":"PropertyValueSpecification","valueRequired":true,"valueName":"search_term_string"}}],"inLanguage":"de"},{"@type":"Organization","@id":"https:\/\/dev6.erresse-shop.it\/#organization","name":"Erresse Shop","url":"https:\/\/dev6.erresse-shop.it\/","logo":{"@type":"ImageObject","inLanguage":"de","@id":"https:\/\/dev6.erresse-shop.it\/#\/schema\/logo\/image\/","url":"https:\/\/dev6.erresse-shop.it\/wp-content\/uploads\/2025\/01\/LOGO-ERRESSE-CLASSICO.svg","contentUrl":"https:\/\/dev6.erresse-shop.it\/wp-content\/uploads\/2025\/01\/LOGO-ERRESSE-CLASSICO.svg","caption":"Erresse Shop"},"image":{"@id":"https:\/\/dev6.erresse-shop.it\/#\/schema\/logo\/image\/"}}]}},"df_price":319,"df_sale_price":319,"df_regular_price":399,"df_image_link":"https:\/\/i1.wp.com\/interpim.erresse-shop.it\/Import\/Prodotti\/outdoorchef-minichef-barbecue-a-gas-420-g.jpg?resize=300,300&ssl=1","fifu_image_url":"https:\/\/interpim.erresse-shop.it\/Import\/Prodotti\/outdoorchef-minichef-barbecue-a-gas-420-g.jpg","_links":{"self":[{"href":"https:\/\/dev6.erresse-shop.it\/de\/wp-json\/wp\/v2\/product\/1599980","targetHints":{"allow":["GET"]}}],"collection":[{"href":"https:\/\/dev6.erresse-shop.it\/de\/wp-json\/wp\/v2\/product"}],"about":[{"href":"https:\/\/dev6.erresse-shop.it\/de\/wp-json\/wp\/v2\/types\/product"}],"wp:featuredmedia":[{"embeddable":true,"href":"https:\/\/dev6.erresse-shop.it\/de\/wp-json\/wp\/v2\/media\/6373757"}],"wp:attachment":[{"href":"https:\/\/dev6.erresse-shop.it\/de\/wp-json\/wp\/v2\/media?parent=1599980"}],"wp:term":[{"taxonomy":"product_cat","embeddable":true,"href":"https:\/\/dev6.erresse-shop.it\/de\/wp-json\/wp\/v2\/product_cat?post=1599980"},{"taxonomy":"product_tag","embeddable":true,"href":"https:\/\/dev6.erresse-shop.it\/de\/wp-json\/wp\/v2\/product_tag?post=1599980"}],"curies":[{"name":"wp","href":"https:\/\/api.w.org\/{rel}","templated":true}]}}