{"id":1599976,"date":"2026-04-04T12:37:24","date_gmt":"2026-04-04T10:37:24","guid":{"rendered":"https:\/\/dev6.erresse-shop.it\/shop\/unkategorisiert\/outdoorchef-ambri-gasgrill-480-g-evo\/"},"modified":"2025-12-08T17:48:11","modified_gmt":"2025-12-08T16:48:11","slug":"outdoorchef-ambri-gasgrill-480-g-evo","status":"publish","type":"product","link":"https:\/\/dev6.erresse-shop.it\/de\/shop\/kleine-elektrogeraete\/grills-und-barbecues\/outdoorchef-ambri-gasgrill-480-g-evo\/","title":{"rendered":"Outdoorchef Ambri Gasgrill 480 G Evo"},"content":{"rendered":"<p>Das ikonische und revolution\u00e4re sph\u00e4rische Design neu interpretiert<br \/>\nDer Outdoorchef Ambri 480 G Evo Gasgrill ist die perfekte L\u00f6sung f\u00fcr alle, die ein leistungsstarkes und praktisches Ger\u00e4t suchen. Mit einer einstellbaren Temperatur von 180\u00b0C bis 340\u00b0C l\u00e4sst sich leicht saftiges Steak, Hamburger, Fisch, Gem\u00fcse und sogar Desserts, Brot und Pizza zubereiten.<\/p>\n<p>Intelligentes Design mit zus\u00e4tzlichem Platz<\/p>\n<p>Dank seiner gro\u00dfz\u00fcgigen Arbeitsfl\u00e4che bietet der Ambri 480 G Evo ausreichend Platz f\u00fcr zwei Teller, was die Zubereitung von Speisen bequemer macht. Au\u00dferdem ist er mit einem praktischen Erweiterungsset erh\u00e4ltlich, das es erm\u00f6glicht, den Pizzastein, die Grillplatte und die Gasflasche ordentlich zu verstauen.<\/p>\n<p>Hochwertige Materialien f\u00fcr eine lange Lebensdauer<\/p>\n<p>Hergestellt aus einer Kombination von Edelstahl und Porzellan garantiert dieser Grill Langlebigkeit und Widerstandsf\u00e4higkeit im Laufe der Zeit. Die robuste Verarbeitung sorgt f\u00fcr eine hervorragende Stabilit\u00e4t und eine gleichm\u00e4\u00dfige W\u00e4rmeverteilung dank des leistungsstarken Brenners mit 5,8 kW.<\/p>\n<p>Trichter-System f\u00fcr eine stressfreie Reinigung<\/p>\n<p>Das praktische Trichter-System erleichtert die Reinigung und verhindert die Bildung von Fett, wodurch Rauch und unerw\u00fcnschte Flammen vermieden werden. Dieses innovative System sorgt f\u00fcr eine einfache Wartung und eine stets optimale Zubereitung.<\/p>\n<p>Kompakt, aber ger\u00e4umig<\/p>\n<p>Mit einem Grilldurchmesser von 54 cm und einem Gewicht von nur 19,2 kg l\u00e4sst sich der Ambri 480 G Evo leicht positionieren und bewegen. Perfekt f\u00fcr G\u00e4rten, Terrassen und Balkone bietet er alles, was f\u00fcr ein perfektes Grillvergn\u00fcgen mit maximaler Praktikabilit\u00e4t n\u00f6tig ist.<\/p>\n<p>Technische Merkmale<\/p>\n<p>180-340 \u00b0C f\u00fcr zarte Steaks, saftige Hamburger, feinen Fisch, schmackhaftes Gem\u00fcse und sogar Desserts, Brot und Pizza<br \/>\nOptional erweiterbar mit einem praktischen St\u00fctzset zum Verstauen des Pizzasteins, der Grillplatte und der Gasflasche<br \/>\nEinfaches und schnelles Reinigen dank des praktischen Trichter-Systems<br \/>\nHohe Materialqualit\u00e4t und robuste Verarbeitung<br \/>\nGro\u00dfe Arbeitsfl\u00e4che mit Platz f\u00fcr zwei Teller<\/p>\n<p>Abmessungen:<\/p>\n<p>Breite: 57 cm<br \/>\nH\u00f6he: 100 cm<br \/>\nTiefe: 83 cm<\/p>\n","protected":false},"excerpt":{"rendered":"<p>Das ikonische und revolution\u00e4re sph\u00e4rische Design neu interpretiert Der Outdoorchef Ambri 480 G Evo Gasgrill ist die perfekte L\u00f6sung f\u00fcr alle, die ein leistungsstarkes und praktisches Ger\u00e4t suchen. Mit einer einstellbaren Temperatur von 180\u00b0C bis 340\u00b0C l\u00e4sst sich leicht saftiges Steak, Hamburger, Fisch, Gem\u00fcse und sogar Desserts, Brot und Pizza zubereiten. Intelligentes Design mit zus\u00e4tzlichem [&hellip;]<\/p>\n","protected":false},"featured_media":6290471,"template":"","meta":{"_acf_changed":false},"product_cat":[12195,12163],"product_tag":[],"class_list":{"0":"post-1599976","1":"product","2":"type-product","3":"status-publish","4":"has-post-thumbnail","6":"product_cat-grills-und-barbecues","7":"product_cat-kleine-elektrogeraete","9":"first","10":"instock","11":"sale","12":"taxable","13":"shipping-taxable","14":"purchasable","15":"product-type-simple","swatches":"rey-swatches","show_selected":"","stretch_labels":"rey-swatches--stretch-labels"},"acf":[],"yoast_head":"<!-- This site is optimized with the Yoast SEO plugin v25.4 - https:\/\/yoast.com\/wordpress\/plugins\/seo\/ -->\n<title>Outdoorchef Ambri Gasgrill 480 G Evo - dev6 Erresse<\/title>\n<meta name=\"description\" content=\"Das ikonische und revolution\u00e4re sph\u00e4rische Design neu interpretiert Der Outdoorchef Ambri 480 G Evo Gasgrill ist die perfekte L\u00f6sung f\u00fcr alle, die ein\" \/>\n<meta name=\"robots\" content=\"noindex, follow, max-snippet:-1, max-image-preview:large, max-video-preview:-1\" \/>\n<meta property=\"og:locale\" content=\"de_DE\" \/>\n<meta property=\"og:type\" content=\"article\" \/>\n<meta property=\"og:title\" content=\"Outdoorchef Ambri Gasgrill 480 G Evo - dev6 Erresse\" \/>\n<meta property=\"og:description\" content=\"Das ikonische und revolution\u00e4re sph\u00e4rische Design neu interpretiert Der Outdoorchef Ambri 480 G Evo Gasgrill ist die perfekte L\u00f6sung f\u00fcr alle, die ein\" \/>\n<meta property=\"og:url\" content=\"https:\/\/dev6.erresse-shop.it\/de\/shop\/kleine-elektrogeraete\/grills-und-barbecues\/outdoorchef-ambri-gasgrill-480-g-evo\/\" \/>\n<meta property=\"og:site_name\" content=\"dev6 Erresse\" \/>\n<meta property=\"og:image\" content=\"https:\/\/interpim.erresse-shop.it\/Import\/Prodotti\/outdoorchef-ambri-barbecue-a-gas-480-g-evo.jpg\" \/><meta property=\"og:image\" content=\"https:\/\/interpim.erresse-shop.it\/Import\/Prodotti\/outdoorchef-ambri-barbecue-a-gas-480-g-evo.jpg\" \/>\n\t<meta property=\"og:image:width\" content=\"1024\" \/>\n\t<meta property=\"og:image:height\" content=\"1024\" \/>\n\t<meta property=\"og:image:type\" content=\"image\/jpeg\" \/>\n<meta name=\"twitter:card\" content=\"summary_large_image\" \/>\n<meta name=\"twitter:image\" content=\"https:\/\/interpim.erresse-shop.it\/Import\/Prodotti\/outdoorchef-ambri-barbecue-a-gas-480-g-evo.jpg\" \/>\n<script type=\"application\/ld+json\" class=\"yoast-schema-graph\">{\"@context\":\"https:\/\/schema.org\",\"@graph\":[{\"@type\":\"WebPage\",\"@id\":\"https:\/\/dev6.erresse-shop.it\/de\/shop\/kleine-elektrogeraete\/grills-und-barbecues\/outdoorchef-ambri-gasgrill-480-g-evo\/\",\"url\":\"https:\/\/dev6.erresse-shop.it\/de\/shop\/kleine-elektrogeraete\/grills-und-barbecues\/outdoorchef-ambri-gasgrill-480-g-evo\/\",\"name\":\"Outdoorchef Ambri Gasgrill 480 G Evo - dev6 Erresse\",\"isPartOf\":{\"@id\":\"https:\/\/dev6.erresse-shop.it\/#website\"},\"primaryImageOfPage\":{\"@id\":\"https:\/\/dev6.erresse-shop.it\/de\/shop\/kleine-elektrogeraete\/grills-und-barbecues\/outdoorchef-ambri-gasgrill-480-g-evo\/#primaryimage\"},\"image\":{\"@id\":\"https:\/\/dev6.erresse-shop.it\/de\/shop\/kleine-elektrogeraete\/grills-und-barbecues\/outdoorchef-ambri-gasgrill-480-g-evo\/#primaryimage\"},\"thumbnailUrl\":\"https:\/\/i3.wp.com\/interpim.erresse-shop.it\/Import\/Prodotti\/outdoorchef-ambri-barbecue-a-gas-480-g-evo.jpg?ssl=1\",\"datePublished\":\"2026-04-04T10:37:24+00:00\",\"description\":\"Das ikonische und revolution\u00e4re sph\u00e4rische Design neu interpretiert Der Outdoorchef Ambri 480 G Evo Gasgrill ist die perfekte L\u00f6sung f\u00fcr alle, die ein\",\"breadcrumb\":{\"@id\":\"https:\/\/dev6.erresse-shop.it\/de\/shop\/kleine-elektrogeraete\/grills-und-barbecues\/outdoorchef-ambri-gasgrill-480-g-evo\/#breadcrumb\"},\"inLanguage\":\"de\",\"potentialAction\":[{\"@type\":\"ReadAction\",\"target\":[\"https:\/\/dev6.erresse-shop.it\/de\/shop\/kleine-elektrogeraete\/grills-und-barbecues\/outdoorchef-ambri-gasgrill-480-g-evo\/\"]}]},{\"@type\":\"ImageObject\",\"inLanguage\":\"de\",\"@id\":\"https:\/\/dev6.erresse-shop.it\/de\/shop\/kleine-elektrogeraete\/grills-und-barbecues\/outdoorchef-ambri-gasgrill-480-g-evo\/#primaryimage\",\"url\":\"https:\/\/i3.wp.com\/interpim.erresse-shop.it\/Import\/Prodotti\/outdoorchef-ambri-barbecue-a-gas-480-g-evo.jpg?ssl=1\",\"contentUrl\":\"https:\/\/i3.wp.com\/interpim.erresse-shop.it\/Import\/Prodotti\/outdoorchef-ambri-barbecue-a-gas-480-g-evo.jpg?ssl=1\"},{\"@type\":\"BreadcrumbList\",\"@id\":\"https:\/\/dev6.erresse-shop.it\/de\/shop\/kleine-elektrogeraete\/grills-und-barbecues\/outdoorchef-ambri-gasgrill-480-g-evo\/#breadcrumb\",\"itemListElement\":[{\"@type\":\"ListItem\",\"position\":1,\"name\":\"Home\",\"item\":\"https:\/\/dev6.erresse-shop.it\/\"},{\"@type\":\"ListItem\",\"position\":2,\"name\":\"Shop\",\"item\":\"https:\/\/dev6.erresse-shop.it\/shop\/\"},{\"@type\":\"ListItem\",\"position\":3,\"name\":\"Outdoorchef Ambri Gasgrill 480 G Evo\"}]},{\"@type\":\"WebSite\",\"@id\":\"https:\/\/dev6.erresse-shop.it\/#website\",\"url\":\"https:\/\/dev6.erresse-shop.it\/\",\"name\":\"Erresse Shop\",\"description\":\"\",\"publisher\":{\"@id\":\"https:\/\/dev6.erresse-shop.it\/#organization\"},\"potentialAction\":[{\"@type\":\"SearchAction\",\"target\":{\"@type\":\"EntryPoint\",\"urlTemplate\":\"https:\/\/dev6.erresse-shop.it\/?s={search_term_string}\"},\"query-input\":{\"@type\":\"PropertyValueSpecification\",\"valueRequired\":true,\"valueName\":\"search_term_string\"}}],\"inLanguage\":\"de\"},{\"@type\":\"Organization\",\"@id\":\"https:\/\/dev6.erresse-shop.it\/#organization\",\"name\":\"Erresse Shop\",\"url\":\"https:\/\/dev6.erresse-shop.it\/\",\"logo\":{\"@type\":\"ImageObject\",\"inLanguage\":\"de\",\"@id\":\"https:\/\/dev6.erresse-shop.it\/#\/schema\/logo\/image\/\",\"url\":\"https:\/\/dev6.erresse-shop.it\/wp-content\/uploads\/2025\/01\/LOGO-ERRESSE-CLASSICO.svg\",\"contentUrl\":\"https:\/\/dev6.erresse-shop.it\/wp-content\/uploads\/2025\/01\/LOGO-ERRESSE-CLASSICO.svg\",\"caption\":\"Erresse Shop\"},\"image\":{\"@id\":\"https:\/\/dev6.erresse-shop.it\/#\/schema\/logo\/image\/\"}}]}<\/script>\n<!-- \/ Yoast SEO plugin. -->","yoast_head_json":{"title":"Outdoorchef Ambri Gasgrill 480 G Evo - dev6 Erresse","description":"Das ikonische und revolution\u00e4re sph\u00e4rische Design neu interpretiert Der Outdoorchef Ambri 480 G Evo Gasgrill ist die perfekte L\u00f6sung f\u00fcr alle, die ein","robots":{"index":"noindex","follow":"follow","max-snippet":"max-snippet:-1","max-image-preview":"max-image-preview:large","max-video-preview":"max-video-preview:-1"},"og_locale":"de_DE","og_type":"article","og_title":"Outdoorchef Ambri Gasgrill 480 G Evo - dev6 Erresse","og_description":"Das ikonische und revolution\u00e4re sph\u00e4rische Design neu interpretiert Der Outdoorchef Ambri 480 G Evo Gasgrill ist die perfekte L\u00f6sung f\u00fcr alle, die ein","og_url":"https:\/\/dev6.erresse-shop.it\/de\/shop\/kleine-elektrogeraete\/grills-und-barbecues\/outdoorchef-ambri-gasgrill-480-g-evo\/","og_site_name":"dev6 Erresse","og_image":[{"url":"https:\/\/interpim.erresse-shop.it\/Import\/Prodotti\/outdoorchef-ambri-barbecue-a-gas-480-g-evo.jpg","type":"","width":"","height":""},{"url":"https:\/\/interpim.erresse-shop.it\/Import\/Prodotti\/outdoorchef-ambri-barbecue-a-gas-480-g-evo.jpg","width":1024,"height":1024,"type":"image\/jpeg"}],"twitter_card":"summary_large_image","twitter_image":"https:\/\/interpim.erresse-shop.it\/Import\/Prodotti\/outdoorchef-ambri-barbecue-a-gas-480-g-evo.jpg","schema":{"@context":"https:\/\/schema.org","@graph":[{"@type":"WebPage","@id":"https:\/\/dev6.erresse-shop.it\/de\/shop\/kleine-elektrogeraete\/grills-und-barbecues\/outdoorchef-ambri-gasgrill-480-g-evo\/","url":"https:\/\/dev6.erresse-shop.it\/de\/shop\/kleine-elektrogeraete\/grills-und-barbecues\/outdoorchef-ambri-gasgrill-480-g-evo\/","name":"Outdoorchef Ambri Gasgrill 480 G Evo - dev6 Erresse","isPartOf":{"@id":"https:\/\/dev6.erresse-shop.it\/#website"},"primaryImageOfPage":{"@id":"https:\/\/dev6.erresse-shop.it\/de\/shop\/kleine-elektrogeraete\/grills-und-barbecues\/outdoorchef-ambri-gasgrill-480-g-evo\/#primaryimage"},"image":{"@id":"https:\/\/dev6.erresse-shop.it\/de\/shop\/kleine-elektrogeraete\/grills-und-barbecues\/outdoorchef-ambri-gasgrill-480-g-evo\/#primaryimage"},"thumbnailUrl":"https:\/\/i3.wp.com\/interpim.erresse-shop.it\/Import\/Prodotti\/outdoorchef-ambri-barbecue-a-gas-480-g-evo.jpg?ssl=1","datePublished":"2026-04-04T10:37:24+00:00","description":"Das ikonische und revolution\u00e4re sph\u00e4rische Design neu interpretiert Der Outdoorchef Ambri 480 G Evo Gasgrill ist die perfekte L\u00f6sung f\u00fcr alle, die ein","breadcrumb":{"@id":"https:\/\/dev6.erresse-shop.it\/de\/shop\/kleine-elektrogeraete\/grills-und-barbecues\/outdoorchef-ambri-gasgrill-480-g-evo\/#breadcrumb"},"inLanguage":"de","potentialAction":[{"@type":"ReadAction","target":["https:\/\/dev6.erresse-shop.it\/de\/shop\/kleine-elektrogeraete\/grills-und-barbecues\/outdoorchef-ambri-gasgrill-480-g-evo\/"]}]},{"@type":"ImageObject","inLanguage":"de","@id":"https:\/\/dev6.erresse-shop.it\/de\/shop\/kleine-elektrogeraete\/grills-und-barbecues\/outdoorchef-ambri-gasgrill-480-g-evo\/#primaryimage","url":"https:\/\/i3.wp.com\/interpim.erresse-shop.it\/Import\/Prodotti\/outdoorchef-ambri-barbecue-a-gas-480-g-evo.jpg?ssl=1","contentUrl":"https:\/\/i3.wp.com\/interpim.erresse-shop.it\/Import\/Prodotti\/outdoorchef-ambri-barbecue-a-gas-480-g-evo.jpg?ssl=1"},{"@type":"BreadcrumbList","@id":"https:\/\/dev6.erresse-shop.it\/de\/shop\/kleine-elektrogeraete\/grills-und-barbecues\/outdoorchef-ambri-gasgrill-480-g-evo\/#breadcrumb","itemListElement":[{"@type":"ListItem","position":1,"name":"Home","item":"https:\/\/dev6.erresse-shop.it\/"},{"@type":"ListItem","position":2,"name":"Shop","item":"https:\/\/dev6.erresse-shop.it\/shop\/"},{"@type":"ListItem","position":3,"name":"Outdoorchef Ambri Gasgrill 480 G Evo"}]},{"@type":"WebSite","@id":"https:\/\/dev6.erresse-shop.it\/#website","url":"https:\/\/dev6.erresse-shop.it\/","name":"Erresse Shop","description":"","publisher":{"@id":"https:\/\/dev6.erresse-shop.it\/#organization"},"potentialAction":[{"@type":"SearchAction","target":{"@type":"EntryPoint","urlTemplate":"https:\/\/dev6.erresse-shop.it\/?s={search_term_string}"},"query-input":{"@type":"PropertyValueSpecification","valueRequired":true,"valueName":"search_term_string"}}],"inLanguage":"de"},{"@type":"Organization","@id":"https:\/\/dev6.erresse-shop.it\/#organization","name":"Erresse Shop","url":"https:\/\/dev6.erresse-shop.it\/","logo":{"@type":"ImageObject","inLanguage":"de","@id":"https:\/\/dev6.erresse-shop.it\/#\/schema\/logo\/image\/","url":"https:\/\/dev6.erresse-shop.it\/wp-content\/uploads\/2025\/01\/LOGO-ERRESSE-CLASSICO.svg","contentUrl":"https:\/\/dev6.erresse-shop.it\/wp-content\/uploads\/2025\/01\/LOGO-ERRESSE-CLASSICO.svg","caption":"Erresse Shop"},"image":{"@id":"https:\/\/dev6.erresse-shop.it\/#\/schema\/logo\/image\/"}}]}},"df_price":479.95,"df_sale_price":479.95,"df_regular_price":549,"df_image_link":"https:\/\/i3.wp.com\/interpim.erresse-shop.it\/Import\/Prodotti\/outdoorchef-ambri-barbecue-a-gas-480-g-evo.jpg?resize=300,300&ssl=1","fifu_image_url":"https:\/\/interpim.erresse-shop.it\/Import\/Prodotti\/outdoorchef-ambri-barbecue-a-gas-480-g-evo.jpg","_links":{"self":[{"href":"https:\/\/dev6.erresse-shop.it\/de\/wp-json\/wp\/v2\/product\/1599976","targetHints":{"allow":["GET"]}}],"collection":[{"href":"https:\/\/dev6.erresse-shop.it\/de\/wp-json\/wp\/v2\/product"}],"about":[{"href":"https:\/\/dev6.erresse-shop.it\/de\/wp-json\/wp\/v2\/types\/product"}],"wp:featuredmedia":[{"embeddable":true,"href":"https:\/\/dev6.erresse-shop.it\/de\/wp-json\/wp\/v2\/media\/6290471"}],"wp:attachment":[{"href":"https:\/\/dev6.erresse-shop.it\/de\/wp-json\/wp\/v2\/media?parent=1599976"}],"wp:term":[{"taxonomy":"product_cat","embeddable":true,"href":"https:\/\/dev6.erresse-shop.it\/de\/wp-json\/wp\/v2\/product_cat?post=1599976"},{"taxonomy":"product_tag","embeddable":true,"href":"https:\/\/dev6.erresse-shop.it\/de\/wp-json\/wp\/v2\/product_tag?post=1599976"}],"curies":[{"name":"wp","href":"https:\/\/api.w.org\/{rel}","templated":true}]}}