{"id":1599972,"date":"2026-04-12T12:37:37","date_gmt":"2026-04-12T10:37:37","guid":{"rendered":"https:\/\/dev6.erresse-shop.it\/shop\/unkategorisiert\/jura-kaffeemaschine-giga-ena-5-night-inox\/"},"modified":"2026-01-29T19:18:15","modified_gmt":"2026-01-29T18:18:15","slug":"jura-kaffeemaschine-ena-5-night-inox","status":"publish","type":"product","link":"https:\/\/dev6.erresse-shop.it\/de\/shop\/kleine-elektrogeraete\/kaffeemaschinen-espresso\/automatisch\/jura-kaffeemaschine-ena-5-night-inox\/","title":{"rendered":"JURA Kaffeemaschine ENA 5 Night Inox"},"content":{"rendered":"<p>Klassisch: Hei\u00dfes Gebr\u00e4u<\/p>\n<p>Intensiver Espresso und hei\u00dfer Kaffee: Mit der ENA 5 gelingen diese beiden Klassiker tadellos. Um das nuancenreiche Profil des Espressos perfekt zur Geltung zu bringen, nutzt sie das gepulste Extraktionsverfahren P.E.P.\u00ae, das die Extraktionszeit optimiert und mehr Aromastoffe aus dem frisch gemahlenen Kaffee freisetzt: f\u00fcr einen Espresso in au\u00dfergew\u00f6hnlicher Barista-Qualit\u00e4t. Durch den herk\u00f6mmlichen Br\u00fchvorgang erh\u00e4lt der Kaffee seine hervorragende, charakteristische Note. Beide Spezialit\u00e4ten lassen sich ganz einfach an individuelle Geschmacksvorlieben anpassen.<\/p>\n<p>Spezial: Kalt gebr\u00fchter Kaffee<\/p>\n<p>Auch die Welt der trendigen Cold Brew Kaffeespezialit\u00e4ten hat die ENA 5 im Blick. Bereiten Sie Cold Brew mit dem Cold Extraction Process auf Knopfdruck zu. Bei der vollautomatischen Kaltextraktion wird kaltes Wasser mit dem f\u00fcr die Espressomethode typischen hohen Druck in langsamen, sto\u00dfweisen St\u00f6\u00dfen durch den frisch gemahlenen Kaffee geleitet. So entwickeln sich die charakteristischen Fruchtaromen des belebenden und k\u00f6stlichen Cold Brew.<\/p>\n<p>Neuer Genuss: Leichtes Gebr\u00e4u<\/p>\n<p>JURA pr\u00e4sentiert den neuen Light-Extraktionsprozess und integriert ihn in die ENA 5. Light Brew wird bei rund 60 \u00b0C ausgegeben und mit weniger Kaffee zubereitet als der klassische Hot Brew. Das Ergebnis ist ein v\u00f6llig neues und einzigartiges Geschmacksprofil, das Light Brew in wohltemperierter, trinkfertiger Form anbietet. Kenner sch\u00e4tzen Light Brew wegen seiner leichten, luftigen Note und seinem zarten Aroma.<\/p>\n<p>Technische Daten<\/p>\n<p>Fassungsverm\u00f6gen des Wassertanks: 1,1\u00a0l<br \/>\nKapazit\u00e4t des Kaffeebohnenbeh\u00e4lters: 125 g<br \/>\nKaffeesatzbeh\u00e4lter: (ungef\u00e4hre Portionen) 10<br \/>\nKabell\u00e4nge: 1,1 m<br \/>\nSpannung \/ Leistung: 230 V ~\u2009\/\u20091450 W<br \/>\nGewicht: 8,7 kg<br \/>\nAbmessungen (B \u00d7 H \u00d7 T): 27,1\u2009\u00d7\u200932,3\u2009\u00d7\u200944,5 cm<\/p>\n<p>Spezifische Vorteile:<\/p>\n<p>Kaltextraktionsverfahren: F\u00fcr authentische Cold Brew Spezialit\u00e4ten Bei diesem Kaffeevollautomaten erfolgt die Extraktion f\u00fcr kalte Kaffeespezialit\u00e4ten mit kaltem Wasser.<br \/>\nLeichter Extraktionsprozess: Light Brew ist ein leichter Kaffee, der mit weniger Kaffeepulver zubereitet wird und dank der reduzierten Br\u00fchtemperatur sofort trinkfertig ist.<br \/>\nWLAN-Verbindung zum Heimnetzwerk: Der entsprechende Sender muss mitgeliefert oder separat bestellt werden.<br \/>\nSender im Lieferumfang enthalten<\/p>\n<p>Anzahl der Spezialit\u00e4ten: 6<\/p>\n<p>Espresso<br \/>\nKalt gebr\u00fchter Espresso<br \/>\nEspresso Light Brew<br \/>\nKaffee<br \/>\nKalt gebr\u00fchter Kaffee<br \/>\nLeicht gebr\u00fchter Kaffee<\/p>\n<p>\u00a0<\/p>\n","protected":false},"excerpt":{"rendered":"<p>Klassisch: Hei\u00dfes Gebr\u00e4u Intensiver Espresso und hei\u00dfer Kaffee: Mit der ENA 5 gelingen diese beiden Klassiker tadellos. Um das nuancenreiche Profil des Espressos perfekt zur Geltung zu bringen, nutzt sie das gepulste Extraktionsverfahren P.E.P.\u00ae, das die Extraktionszeit optimiert und mehr Aromastoffe aus dem frisch gemahlenen Kaffee freisetzt: f\u00fcr einen Espresso in au\u00dfergew\u00f6hnlicher Barista-Qualit\u00e4t. Durch den [&hellip;]<\/p>\n","protected":false},"featured_media":6373724,"template":"","meta":{"_acf_changed":false},"product_cat":[12184,12171,12163],"product_tag":[],"class_list":{"0":"post-1599972","1":"product","2":"type-product","3":"status-publish","4":"has-post-thumbnail","6":"product_cat-automatisch","7":"product_cat-kaffeemaschinen-espresso","8":"product_cat-kleine-elektrogeraete","10":"first","11":"instock","12":"sale","13":"taxable","14":"shipping-taxable","15":"purchasable","16":"product-type-simple","swatches":"rey-swatches","show_selected":"","stretch_labels":"rey-swatches--stretch-labels"},"acf":[],"yoast_head":"<!-- This site is optimized with the Yoast SEO plugin v25.4 - https:\/\/yoast.com\/wordpress\/plugins\/seo\/ -->\n<title>JURA Kaffeemaschine ENA 5 Night Inox - dev6 Erresse<\/title>\n<meta name=\"description\" content=\"Klassisch: Hei\u00dfes Gebr\u00e4u Intensiver Espresso und hei\u00dfer Kaffee: Mit der ENA 5 gelingen diese beiden Klassiker tadellos. Um das nuancenreiche Profil des\" \/>\n<meta name=\"robots\" content=\"noindex, follow, max-snippet:-1, max-image-preview:large, max-video-preview:-1\" \/>\n<meta property=\"og:locale\" content=\"de_DE\" \/>\n<meta property=\"og:type\" content=\"article\" \/>\n<meta property=\"og:title\" content=\"JURA Kaffeemaschine ENA 5 Night Inox - dev6 Erresse\" \/>\n<meta property=\"og:description\" content=\"Klassisch: Hei\u00dfes Gebr\u00e4u Intensiver Espresso und hei\u00dfer Kaffee: Mit der ENA 5 gelingen diese beiden Klassiker tadellos. Um das nuancenreiche Profil des\" \/>\n<meta property=\"og:url\" content=\"https:\/\/dev6.erresse-shop.it\/de\/shop\/kleine-elektrogeraete\/kaffeemaschinen-espresso\/automatisch\/jura-kaffeemaschine-ena-5-night-inox\/\" \/>\n<meta property=\"og:site_name\" content=\"dev6 Erresse\" \/>\n<meta property=\"og:image\" content=\"https:\/\/interpim.erresse-shop.it\/Import\/Prodotti\/jura-macchina-da-caffe-ena-5-night-inox.jpg\" \/><meta property=\"og:image\" content=\"https:\/\/interpim.erresse-shop.it\/Import\/Prodotti\/jura-macchina-da-caffe-ena-5-night-inox.jpg\" \/>\n\t<meta property=\"og:image:width\" content=\"1024\" \/>\n\t<meta property=\"og:image:height\" content=\"1024\" \/>\n\t<meta property=\"og:image:type\" content=\"image\/jpeg\" \/>\n<meta name=\"twitter:card\" content=\"summary_large_image\" \/>\n<meta name=\"twitter:image\" content=\"https:\/\/interpim.erresse-shop.it\/Import\/Prodotti\/jura-macchina-da-caffe-ena-5-night-inox.jpg\" \/>\n<script type=\"application\/ld+json\" class=\"yoast-schema-graph\">{\"@context\":\"https:\/\/schema.org\",\"@graph\":[{\"@type\":\"WebPage\",\"@id\":\"https:\/\/dev6.erresse-shop.it\/de\/shop\/kleine-elektrogeraete\/kaffeemaschinen-espresso\/automatisch\/jura-kaffeemaschine-ena-5-night-inox\/\",\"url\":\"https:\/\/dev6.erresse-shop.it\/de\/shop\/kleine-elektrogeraete\/kaffeemaschinen-espresso\/automatisch\/jura-kaffeemaschine-ena-5-night-inox\/\",\"name\":\"JURA Kaffeemaschine ENA 5 Night Inox - dev6 Erresse\",\"isPartOf\":{\"@id\":\"https:\/\/dev6.erresse-shop.it\/#website\"},\"primaryImageOfPage\":{\"@id\":\"https:\/\/dev6.erresse-shop.it\/de\/shop\/kleine-elektrogeraete\/kaffeemaschinen-espresso\/automatisch\/jura-kaffeemaschine-ena-5-night-inox\/#primaryimage\"},\"image\":{\"@id\":\"https:\/\/dev6.erresse-shop.it\/de\/shop\/kleine-elektrogeraete\/kaffeemaschinen-espresso\/automatisch\/jura-kaffeemaschine-ena-5-night-inox\/#primaryimage\"},\"thumbnailUrl\":\"https:\/\/i2.wp.com\/interpim.erresse-shop.it\/Import\/Prodotti\/jura-macchina-da-caffe-ena-5-night-inox.jpg?ssl=1\",\"datePublished\":\"2026-04-12T10:37:37+00:00\",\"description\":\"Klassisch: Hei\u00dfes Gebr\u00e4u Intensiver Espresso und hei\u00dfer Kaffee: Mit der ENA 5 gelingen diese beiden Klassiker tadellos. Um das nuancenreiche Profil des\",\"breadcrumb\":{\"@id\":\"https:\/\/dev6.erresse-shop.it\/de\/shop\/kleine-elektrogeraete\/kaffeemaschinen-espresso\/automatisch\/jura-kaffeemaschine-ena-5-night-inox\/#breadcrumb\"},\"inLanguage\":\"de\",\"potentialAction\":[{\"@type\":\"ReadAction\",\"target\":[\"https:\/\/dev6.erresse-shop.it\/de\/shop\/kleine-elektrogeraete\/kaffeemaschinen-espresso\/automatisch\/jura-kaffeemaschine-ena-5-night-inox\/\"]}]},{\"@type\":\"ImageObject\",\"inLanguage\":\"de\",\"@id\":\"https:\/\/dev6.erresse-shop.it\/de\/shop\/kleine-elektrogeraete\/kaffeemaschinen-espresso\/automatisch\/jura-kaffeemaschine-ena-5-night-inox\/#primaryimage\",\"url\":\"https:\/\/i2.wp.com\/interpim.erresse-shop.it\/Import\/Prodotti\/jura-macchina-da-caffe-ena-5-night-inox.jpg?ssl=1\",\"contentUrl\":\"https:\/\/i2.wp.com\/interpim.erresse-shop.it\/Import\/Prodotti\/jura-macchina-da-caffe-ena-5-night-inox.jpg?ssl=1\"},{\"@type\":\"BreadcrumbList\",\"@id\":\"https:\/\/dev6.erresse-shop.it\/de\/shop\/kleine-elektrogeraete\/kaffeemaschinen-espresso\/automatisch\/jura-kaffeemaschine-ena-5-night-inox\/#breadcrumb\",\"itemListElement\":[{\"@type\":\"ListItem\",\"position\":1,\"name\":\"Home\",\"item\":\"https:\/\/dev6.erresse-shop.it\/\"},{\"@type\":\"ListItem\",\"position\":2,\"name\":\"Shop\",\"item\":\"https:\/\/dev6.erresse-shop.it\/shop\/\"},{\"@type\":\"ListItem\",\"position\":3,\"name\":\"JURA Kaffeemaschine ENA 5 Night Inox\"}]},{\"@type\":\"WebSite\",\"@id\":\"https:\/\/dev6.erresse-shop.it\/#website\",\"url\":\"https:\/\/dev6.erresse-shop.it\/\",\"name\":\"Erresse Shop\",\"description\":\"\",\"publisher\":{\"@id\":\"https:\/\/dev6.erresse-shop.it\/#organization\"},\"potentialAction\":[{\"@type\":\"SearchAction\",\"target\":{\"@type\":\"EntryPoint\",\"urlTemplate\":\"https:\/\/dev6.erresse-shop.it\/?s={search_term_string}\"},\"query-input\":{\"@type\":\"PropertyValueSpecification\",\"valueRequired\":true,\"valueName\":\"search_term_string\"}}],\"inLanguage\":\"de\"},{\"@type\":\"Organization\",\"@id\":\"https:\/\/dev6.erresse-shop.it\/#organization\",\"name\":\"Erresse Shop\",\"url\":\"https:\/\/dev6.erresse-shop.it\/\",\"logo\":{\"@type\":\"ImageObject\",\"inLanguage\":\"de\",\"@id\":\"https:\/\/dev6.erresse-shop.it\/#\/schema\/logo\/image\/\",\"url\":\"https:\/\/dev6.erresse-shop.it\/wp-content\/uploads\/2025\/01\/LOGO-ERRESSE-CLASSICO.svg\",\"contentUrl\":\"https:\/\/dev6.erresse-shop.it\/wp-content\/uploads\/2025\/01\/LOGO-ERRESSE-CLASSICO.svg\",\"caption\":\"Erresse Shop\"},\"image\":{\"@id\":\"https:\/\/dev6.erresse-shop.it\/#\/schema\/logo\/image\/\"}}]}<\/script>\n<!-- \/ Yoast SEO plugin. -->","yoast_head_json":{"title":"JURA Kaffeemaschine ENA 5 Night Inox - dev6 Erresse","description":"Klassisch: Hei\u00dfes Gebr\u00e4u Intensiver Espresso und hei\u00dfer Kaffee: Mit der ENA 5 gelingen diese beiden Klassiker tadellos. Um das nuancenreiche Profil des","robots":{"index":"noindex","follow":"follow","max-snippet":"max-snippet:-1","max-image-preview":"max-image-preview:large","max-video-preview":"max-video-preview:-1"},"og_locale":"de_DE","og_type":"article","og_title":"JURA Kaffeemaschine ENA 5 Night Inox - dev6 Erresse","og_description":"Klassisch: Hei\u00dfes Gebr\u00e4u Intensiver Espresso und hei\u00dfer Kaffee: Mit der ENA 5 gelingen diese beiden Klassiker tadellos. Um das nuancenreiche Profil des","og_url":"https:\/\/dev6.erresse-shop.it\/de\/shop\/kleine-elektrogeraete\/kaffeemaschinen-espresso\/automatisch\/jura-kaffeemaschine-ena-5-night-inox\/","og_site_name":"dev6 Erresse","og_image":[{"url":"https:\/\/interpim.erresse-shop.it\/Import\/Prodotti\/jura-macchina-da-caffe-ena-5-night-inox.jpg","type":"","width":"","height":""},{"url":"https:\/\/interpim.erresse-shop.it\/Import\/Prodotti\/jura-macchina-da-caffe-ena-5-night-inox.jpg","width":1024,"height":1024,"type":"image\/jpeg"}],"twitter_card":"summary_large_image","twitter_image":"https:\/\/interpim.erresse-shop.it\/Import\/Prodotti\/jura-macchina-da-caffe-ena-5-night-inox.jpg","schema":{"@context":"https:\/\/schema.org","@graph":[{"@type":"WebPage","@id":"https:\/\/dev6.erresse-shop.it\/de\/shop\/kleine-elektrogeraete\/kaffeemaschinen-espresso\/automatisch\/jura-kaffeemaschine-ena-5-night-inox\/","url":"https:\/\/dev6.erresse-shop.it\/de\/shop\/kleine-elektrogeraete\/kaffeemaschinen-espresso\/automatisch\/jura-kaffeemaschine-ena-5-night-inox\/","name":"JURA Kaffeemaschine ENA 5 Night Inox - dev6 Erresse","isPartOf":{"@id":"https:\/\/dev6.erresse-shop.it\/#website"},"primaryImageOfPage":{"@id":"https:\/\/dev6.erresse-shop.it\/de\/shop\/kleine-elektrogeraete\/kaffeemaschinen-espresso\/automatisch\/jura-kaffeemaschine-ena-5-night-inox\/#primaryimage"},"image":{"@id":"https:\/\/dev6.erresse-shop.it\/de\/shop\/kleine-elektrogeraete\/kaffeemaschinen-espresso\/automatisch\/jura-kaffeemaschine-ena-5-night-inox\/#primaryimage"},"thumbnailUrl":"https:\/\/i2.wp.com\/interpim.erresse-shop.it\/Import\/Prodotti\/jura-macchina-da-caffe-ena-5-night-inox.jpg?ssl=1","datePublished":"2026-04-12T10:37:37+00:00","description":"Klassisch: Hei\u00dfes Gebr\u00e4u Intensiver Espresso und hei\u00dfer Kaffee: Mit der ENA 5 gelingen diese beiden Klassiker tadellos. Um das nuancenreiche Profil des","breadcrumb":{"@id":"https:\/\/dev6.erresse-shop.it\/de\/shop\/kleine-elektrogeraete\/kaffeemaschinen-espresso\/automatisch\/jura-kaffeemaschine-ena-5-night-inox\/#breadcrumb"},"inLanguage":"de","potentialAction":[{"@type":"ReadAction","target":["https:\/\/dev6.erresse-shop.it\/de\/shop\/kleine-elektrogeraete\/kaffeemaschinen-espresso\/automatisch\/jura-kaffeemaschine-ena-5-night-inox\/"]}]},{"@type":"ImageObject","inLanguage":"de","@id":"https:\/\/dev6.erresse-shop.it\/de\/shop\/kleine-elektrogeraete\/kaffeemaschinen-espresso\/automatisch\/jura-kaffeemaschine-ena-5-night-inox\/#primaryimage","url":"https:\/\/i2.wp.com\/interpim.erresse-shop.it\/Import\/Prodotti\/jura-macchina-da-caffe-ena-5-night-inox.jpg?ssl=1","contentUrl":"https:\/\/i2.wp.com\/interpim.erresse-shop.it\/Import\/Prodotti\/jura-macchina-da-caffe-ena-5-night-inox.jpg?ssl=1"},{"@type":"BreadcrumbList","@id":"https:\/\/dev6.erresse-shop.it\/de\/shop\/kleine-elektrogeraete\/kaffeemaschinen-espresso\/automatisch\/jura-kaffeemaschine-ena-5-night-inox\/#breadcrumb","itemListElement":[{"@type":"ListItem","position":1,"name":"Home","item":"https:\/\/dev6.erresse-shop.it\/"},{"@type":"ListItem","position":2,"name":"Shop","item":"https:\/\/dev6.erresse-shop.it\/shop\/"},{"@type":"ListItem","position":3,"name":"JURA Kaffeemaschine ENA 5 Night Inox"}]},{"@type":"WebSite","@id":"https:\/\/dev6.erresse-shop.it\/#website","url":"https:\/\/dev6.erresse-shop.it\/","name":"Erresse Shop","description":"","publisher":{"@id":"https:\/\/dev6.erresse-shop.it\/#organization"},"potentialAction":[{"@type":"SearchAction","target":{"@type":"EntryPoint","urlTemplate":"https:\/\/dev6.erresse-shop.it\/?s={search_term_string}"},"query-input":{"@type":"PropertyValueSpecification","valueRequired":true,"valueName":"search_term_string"}}],"inLanguage":"de"},{"@type":"Organization","@id":"https:\/\/dev6.erresse-shop.it\/#organization","name":"Erresse Shop","url":"https:\/\/dev6.erresse-shop.it\/","logo":{"@type":"ImageObject","inLanguage":"de","@id":"https:\/\/dev6.erresse-shop.it\/#\/schema\/logo\/image\/","url":"https:\/\/dev6.erresse-shop.it\/wp-content\/uploads\/2025\/01\/LOGO-ERRESSE-CLASSICO.svg","contentUrl":"https:\/\/dev6.erresse-shop.it\/wp-content\/uploads\/2025\/01\/LOGO-ERRESSE-CLASSICO.svg","caption":"Erresse Shop"},"image":{"@id":"https:\/\/dev6.erresse-shop.it\/#\/schema\/logo\/image\/"}}]}},"df_price":849.95,"df_sale_price":849.95,"df_regular_price":1199,"df_image_link":"https:\/\/i2.wp.com\/interpim.erresse-shop.it\/Import\/Prodotti\/jura-macchina-da-caffe-ena-5-night-inox.jpg?resize=300,300&ssl=1","fifu_image_url":"https:\/\/interpim.erresse-shop.it\/Import\/Prodotti\/jura-macchina-da-caffe-ena-5-night-inox.jpg","_links":{"self":[{"href":"https:\/\/dev6.erresse-shop.it\/de\/wp-json\/wp\/v2\/product\/1599972","targetHints":{"allow":["GET"]}}],"collection":[{"href":"https:\/\/dev6.erresse-shop.it\/de\/wp-json\/wp\/v2\/product"}],"about":[{"href":"https:\/\/dev6.erresse-shop.it\/de\/wp-json\/wp\/v2\/types\/product"}],"wp:featuredmedia":[{"embeddable":true,"href":"https:\/\/dev6.erresse-shop.it\/de\/wp-json\/wp\/v2\/media\/6373724"}],"wp:attachment":[{"href":"https:\/\/dev6.erresse-shop.it\/de\/wp-json\/wp\/v2\/media?parent=1599972"}],"wp:term":[{"taxonomy":"product_cat","embeddable":true,"href":"https:\/\/dev6.erresse-shop.it\/de\/wp-json\/wp\/v2\/product_cat?post=1599972"},{"taxonomy":"product_tag","embeddable":true,"href":"https:\/\/dev6.erresse-shop.it\/de\/wp-json\/wp\/v2\/product_tag?post=1599972"}],"curies":[{"name":"wp","href":"https:\/\/api.w.org\/{rel}","templated":true}]}}