{"id":1599970,"date":"2026-04-12T12:37:37","date_gmt":"2026-04-12T10:37:37","guid":{"rendered":"https:\/\/dev6.erresse-shop.it\/shop\/unkategorisiert\/instant-pot-multicooker-xl-rio-71-l-schwarz\/"},"modified":"2025-09-14T02:45:25","modified_gmt":"2025-09-14T00:45:25","slug":"instant-pot-multicooker-xl-rio-71-l-schwarz","status":"publish","type":"product","link":"https:\/\/dev6.erresse-shop.it\/de\/shop\/kleine-elektrogeraete\/kuechenmaschinen\/instant-pot-multicooker-xl-rio-71-l-schwarz\/","title":{"rendered":"INSTANT POT Multicooker XL Rio 7,1 L Schwarz"},"content":{"rendered":"<p>Instant Pot RIO, der vielseitige Begleiter f\u00fcr die moderne K\u00fcche<\/p>\n<p>Der Instant Pot\u00ae RIO\u2122 Multicooker vereint sieben Ger\u00e4te in einer kompakten, funktionalen L\u00f6sung. Als Ersatz f\u00fcr Schnellkochtopf, Bratpfanne, Dampfgarer, Slow Cooker, Reiskocher, Speisenw\u00e4rmer und Joghurtbereiter bietet es eine Vielzahl von Funktionen, die es in der K\u00fcche unverzichtbar machen, Platz sparen und die Essenszubereitung vereinfachen.<\/p>\n<p>Elegantes Design und erweiterte Funktionalit\u00e4t<br \/>\nDiese RIO\u2122-Version ist eine Verbesserung des 5,7-Liter-Duo\u2122-Modells und zeichnet sich durch ihr elegantes und platzsparendes Profil aus, wodurch sie f\u00fcr jede Art von K\u00fcche geeignet ist. Mit einer um 35 % gr\u00f6\u00dferen Kochfl\u00e4che ist er daf\u00fcr ausgelegt, mehr Essen schneller zuzubereiten \u2013 ideal f\u00fcr gro\u00dfe Familien oder Dinnerpartys mit Freunden.<\/p>\n<p>Benutzerfreundlichkeit mit aktualisierter Benutzeroberfl\u00e4che<br \/>\nRIO\u2122 verf\u00fcgt \u00fcber eine vereinfachte Benutzeroberfl\u00e4che mit vier Voreinstellungen f\u00fcr Ihre Lieblingsrezepte und einer praktischen Starttaste. Das neue Dampfablassventil erm\u00f6glicht eine pr\u00e4zise Druckregelung, verbessert die Sicherheit und verringert das Risiko von Lecks.<\/p>\n<p>7 intelligente One-Touch-Programme<br \/>\nDank seiner 7 voreingestellten Programme k\u00f6nnen Sie mit dem RIO\u2122 Multicooker Suppen, Eint\u00f6pfe, Reis, Mehrkorngerichte, H\u00fclsenfr\u00fcchte und vieles mehr auf Knopfdruck zubereiten. Diese Programme umfassen vielseitige Optionen wie langsames Kochen, Sautieren, D\u00e4mpfen und Joghurt und geben Ihnen die Freiheit, mit neuen Rezepten und Kochtechniken zu experimentieren.<\/p>\n<p>Hochwertige Materialien f\u00fcr stets einwandfreie Zubereitungen<br \/>\nDie Edelstahlkonstruktion sowohl des Deckels als auch des Innentopfs sorgt f\u00fcr eine gleichm\u00e4\u00dfige W\u00e4rmeverteilung und hervorragende Haltbarkeit. Der Instant Pot\u00ae Multicooker RIO\u2122 ist leicht zu reinigen und langlebig. Er ist f\u00fcr den t\u00e4glichen Gebrauch konzipiert und liefert jedes Mal leckere, gut gekochte Gerichte.<\/p>\n<p>Technische Daten:<\/p>\n<p>Fassungsverm\u00f6gen: 7,1 l<br \/>\nDeckel- und Innentopfmaterial: Edelstahl. Au\u00dfentopf aus geb\u00fcrstetem Edelstahl mit schwarzem Finish<br \/>\n2 Jahre Garantie<br \/>\nAbmessungen: 30,9 x 41,5 x 29,8 cm<br \/>\nGewicht: 8,1 kg<br \/>\nAnzahl der Funktionen: 13 \u2013 One-Touch-Programme<\/p>\n<p>Not for sale outside Europe<\/p>\n","protected":false},"excerpt":{"rendered":"<p>Instant Pot RIO, der vielseitige Begleiter f\u00fcr die moderne K\u00fcche Der Instant Pot\u00ae RIO\u2122 Multicooker vereint sieben Ger\u00e4te in einer kompakten, funktionalen L\u00f6sung. Als Ersatz f\u00fcr Schnellkochtopf, Bratpfanne, Dampfgarer, Slow Cooker, Reiskocher, Speisenw\u00e4rmer und Joghurtbereiter bietet es eine Vielzahl von Funktionen, die es in der K\u00fcche unverzichtbar machen, Platz sparen und die Essenszubereitung vereinfachen. Elegantes [&hellip;]<\/p>\n","protected":false},"featured_media":6373714,"template":"","meta":{"_acf_changed":false},"product_cat":[12163,12174],"product_tag":[],"class_list":{"0":"post-1599970","1":"product","2":"type-product","3":"status-publish","4":"has-post-thumbnail","6":"product_cat-kleine-elektrogeraete","7":"product_cat-kuechenmaschinen","9":"first","10":"instock","11":"sale","12":"taxable","13":"shipping-taxable","14":"purchasable","15":"product-type-simple","swatches":"rey-swatches","show_selected":"","stretch_labels":"rey-swatches--stretch-labels"},"acf":[],"yoast_head":"<!-- This site is optimized with the Yoast SEO plugin v25.4 - https:\/\/yoast.com\/wordpress\/plugins\/seo\/ -->\n<title>INSTANT POT Multicooker XL Rio 7,1 L Schwarz - dev6 Erresse<\/title>\n<meta name=\"description\" content=\"Instant Pot RIO, der vielseitige Begleiter f\u00fcr die moderne K\u00fcche Der Instant Pot\u00ae RIO\u2122 Multicooker vereint sieben Ger\u00e4te in einer kompakten, funktionalen\" \/>\n<meta name=\"robots\" content=\"noindex, follow, max-snippet:-1, max-image-preview:large, max-video-preview:-1\" \/>\n<meta property=\"og:locale\" content=\"de_DE\" \/>\n<meta property=\"og:type\" content=\"article\" \/>\n<meta property=\"og:title\" content=\"INSTANT POT Multicooker XL Rio 7,1 L Schwarz - dev6 Erresse\" \/>\n<meta property=\"og:description\" content=\"Instant Pot RIO, der vielseitige Begleiter f\u00fcr die moderne K\u00fcche Der Instant Pot\u00ae RIO\u2122 Multicooker vereint sieben Ger\u00e4te in einer kompakten, funktionalen\" \/>\n<meta property=\"og:url\" content=\"https:\/\/dev6.erresse-shop.it\/de\/shop\/kleine-elektrogeraete\/kuechenmaschinen\/instant-pot-multicooker-xl-rio-71-l-schwarz\/\" \/>\n<meta property=\"og:site_name\" content=\"dev6 Erresse\" \/>\n<meta property=\"og:image\" content=\"https:\/\/interpim.erresse-shop.it\/Import\/Prodotti\/instant-pot-multicooker-xl-rio-71-l-nero.jpg\" \/><meta property=\"og:image\" content=\"https:\/\/interpim.erresse-shop.it\/Import\/Prodotti\/instant-pot-multicooker-xl-rio-71-l-nero.jpg\" \/>\n\t<meta property=\"og:image:width\" content=\"1024\" \/>\n\t<meta property=\"og:image:height\" content=\"1024\" \/>\n\t<meta property=\"og:image:type\" content=\"image\/jpeg\" \/>\n<meta name=\"twitter:card\" content=\"summary_large_image\" \/>\n<meta name=\"twitter:image\" content=\"https:\/\/interpim.erresse-shop.it\/Import\/Prodotti\/instant-pot-multicooker-xl-rio-71-l-nero.jpg\" \/>\n<script type=\"application\/ld+json\" class=\"yoast-schema-graph\">{\"@context\":\"https:\/\/schema.org\",\"@graph\":[{\"@type\":\"WebPage\",\"@id\":\"https:\/\/dev6.erresse-shop.it\/de\/shop\/kleine-elektrogeraete\/kuechenmaschinen\/instant-pot-multicooker-xl-rio-71-l-schwarz\/\",\"url\":\"https:\/\/dev6.erresse-shop.it\/de\/shop\/kleine-elektrogeraete\/kuechenmaschinen\/instant-pot-multicooker-xl-rio-71-l-schwarz\/\",\"name\":\"INSTANT POT Multicooker XL Rio 7,1 L Schwarz - dev6 Erresse\",\"isPartOf\":{\"@id\":\"https:\/\/dev6.erresse-shop.it\/#website\"},\"primaryImageOfPage\":{\"@id\":\"https:\/\/dev6.erresse-shop.it\/de\/shop\/kleine-elektrogeraete\/kuechenmaschinen\/instant-pot-multicooker-xl-rio-71-l-schwarz\/#primaryimage\"},\"image\":{\"@id\":\"https:\/\/dev6.erresse-shop.it\/de\/shop\/kleine-elektrogeraete\/kuechenmaschinen\/instant-pot-multicooker-xl-rio-71-l-schwarz\/#primaryimage\"},\"thumbnailUrl\":\"https:\/\/i2.wp.com\/interpim.erresse-shop.it\/Import\/Prodotti\/instant-pot-multicooker-xl-rio-71-l-nero.jpg?ssl=1\",\"datePublished\":\"2026-04-12T10:37:37+00:00\",\"description\":\"Instant Pot RIO, der vielseitige Begleiter f\u00fcr die moderne K\u00fcche Der Instant Pot\u00ae RIO\u2122 Multicooker vereint sieben Ger\u00e4te in einer kompakten, funktionalen\",\"breadcrumb\":{\"@id\":\"https:\/\/dev6.erresse-shop.it\/de\/shop\/kleine-elektrogeraete\/kuechenmaschinen\/instant-pot-multicooker-xl-rio-71-l-schwarz\/#breadcrumb\"},\"inLanguage\":\"de\",\"potentialAction\":[{\"@type\":\"ReadAction\",\"target\":[\"https:\/\/dev6.erresse-shop.it\/de\/shop\/kleine-elektrogeraete\/kuechenmaschinen\/instant-pot-multicooker-xl-rio-71-l-schwarz\/\"]}]},{\"@type\":\"ImageObject\",\"inLanguage\":\"de\",\"@id\":\"https:\/\/dev6.erresse-shop.it\/de\/shop\/kleine-elektrogeraete\/kuechenmaschinen\/instant-pot-multicooker-xl-rio-71-l-schwarz\/#primaryimage\",\"url\":\"https:\/\/i2.wp.com\/interpim.erresse-shop.it\/Import\/Prodotti\/instant-pot-multicooker-xl-rio-71-l-nero.jpg?ssl=1\",\"contentUrl\":\"https:\/\/i2.wp.com\/interpim.erresse-shop.it\/Import\/Prodotti\/instant-pot-multicooker-xl-rio-71-l-nero.jpg?ssl=1\"},{\"@type\":\"BreadcrumbList\",\"@id\":\"https:\/\/dev6.erresse-shop.it\/de\/shop\/kleine-elektrogeraete\/kuechenmaschinen\/instant-pot-multicooker-xl-rio-71-l-schwarz\/#breadcrumb\",\"itemListElement\":[{\"@type\":\"ListItem\",\"position\":1,\"name\":\"Home\",\"item\":\"https:\/\/dev6.erresse-shop.it\/\"},{\"@type\":\"ListItem\",\"position\":2,\"name\":\"Shop\",\"item\":\"https:\/\/dev6.erresse-shop.it\/shop\/\"},{\"@type\":\"ListItem\",\"position\":3,\"name\":\"INSTANT POT Multicooker XL Rio 7,1 L Schwarz\"}]},{\"@type\":\"WebSite\",\"@id\":\"https:\/\/dev6.erresse-shop.it\/#website\",\"url\":\"https:\/\/dev6.erresse-shop.it\/\",\"name\":\"Erresse Shop\",\"description\":\"\",\"publisher\":{\"@id\":\"https:\/\/dev6.erresse-shop.it\/#organization\"},\"potentialAction\":[{\"@type\":\"SearchAction\",\"target\":{\"@type\":\"EntryPoint\",\"urlTemplate\":\"https:\/\/dev6.erresse-shop.it\/?s={search_term_string}\"},\"query-input\":{\"@type\":\"PropertyValueSpecification\",\"valueRequired\":true,\"valueName\":\"search_term_string\"}}],\"inLanguage\":\"de\"},{\"@type\":\"Organization\",\"@id\":\"https:\/\/dev6.erresse-shop.it\/#organization\",\"name\":\"Erresse Shop\",\"url\":\"https:\/\/dev6.erresse-shop.it\/\",\"logo\":{\"@type\":\"ImageObject\",\"inLanguage\":\"de\",\"@id\":\"https:\/\/dev6.erresse-shop.it\/#\/schema\/logo\/image\/\",\"url\":\"https:\/\/dev6.erresse-shop.it\/wp-content\/uploads\/2025\/01\/LOGO-ERRESSE-CLASSICO.svg\",\"contentUrl\":\"https:\/\/dev6.erresse-shop.it\/wp-content\/uploads\/2025\/01\/LOGO-ERRESSE-CLASSICO.svg\",\"caption\":\"Erresse Shop\"},\"image\":{\"@id\":\"https:\/\/dev6.erresse-shop.it\/#\/schema\/logo\/image\/\"}}]}<\/script>\n<!-- \/ Yoast SEO plugin. -->","yoast_head_json":{"title":"INSTANT POT Multicooker XL Rio 7,1 L Schwarz - dev6 Erresse","description":"Instant Pot RIO, der vielseitige Begleiter f\u00fcr die moderne K\u00fcche Der Instant Pot\u00ae RIO\u2122 Multicooker vereint sieben Ger\u00e4te in einer kompakten, funktionalen","robots":{"index":"noindex","follow":"follow","max-snippet":"max-snippet:-1","max-image-preview":"max-image-preview:large","max-video-preview":"max-video-preview:-1"},"og_locale":"de_DE","og_type":"article","og_title":"INSTANT POT Multicooker XL Rio 7,1 L Schwarz - dev6 Erresse","og_description":"Instant Pot RIO, der vielseitige Begleiter f\u00fcr die moderne K\u00fcche Der Instant Pot\u00ae RIO\u2122 Multicooker vereint sieben Ger\u00e4te in einer kompakten, funktionalen","og_url":"https:\/\/dev6.erresse-shop.it\/de\/shop\/kleine-elektrogeraete\/kuechenmaschinen\/instant-pot-multicooker-xl-rio-71-l-schwarz\/","og_site_name":"dev6 Erresse","og_image":[{"url":"https:\/\/interpim.erresse-shop.it\/Import\/Prodotti\/instant-pot-multicooker-xl-rio-71-l-nero.jpg","type":"","width":"","height":""},{"url":"https:\/\/interpim.erresse-shop.it\/Import\/Prodotti\/instant-pot-multicooker-xl-rio-71-l-nero.jpg","width":1024,"height":1024,"type":"image\/jpeg"}],"twitter_card":"summary_large_image","twitter_image":"https:\/\/interpim.erresse-shop.it\/Import\/Prodotti\/instant-pot-multicooker-xl-rio-71-l-nero.jpg","schema":{"@context":"https:\/\/schema.org","@graph":[{"@type":"WebPage","@id":"https:\/\/dev6.erresse-shop.it\/de\/shop\/kleine-elektrogeraete\/kuechenmaschinen\/instant-pot-multicooker-xl-rio-71-l-schwarz\/","url":"https:\/\/dev6.erresse-shop.it\/de\/shop\/kleine-elektrogeraete\/kuechenmaschinen\/instant-pot-multicooker-xl-rio-71-l-schwarz\/","name":"INSTANT POT Multicooker XL Rio 7,1 L Schwarz - dev6 Erresse","isPartOf":{"@id":"https:\/\/dev6.erresse-shop.it\/#website"},"primaryImageOfPage":{"@id":"https:\/\/dev6.erresse-shop.it\/de\/shop\/kleine-elektrogeraete\/kuechenmaschinen\/instant-pot-multicooker-xl-rio-71-l-schwarz\/#primaryimage"},"image":{"@id":"https:\/\/dev6.erresse-shop.it\/de\/shop\/kleine-elektrogeraete\/kuechenmaschinen\/instant-pot-multicooker-xl-rio-71-l-schwarz\/#primaryimage"},"thumbnailUrl":"https:\/\/i2.wp.com\/interpim.erresse-shop.it\/Import\/Prodotti\/instant-pot-multicooker-xl-rio-71-l-nero.jpg?ssl=1","datePublished":"2026-04-12T10:37:37+00:00","description":"Instant Pot RIO, der vielseitige Begleiter f\u00fcr die moderne K\u00fcche Der Instant Pot\u00ae RIO\u2122 Multicooker vereint sieben Ger\u00e4te in einer kompakten, funktionalen","breadcrumb":{"@id":"https:\/\/dev6.erresse-shop.it\/de\/shop\/kleine-elektrogeraete\/kuechenmaschinen\/instant-pot-multicooker-xl-rio-71-l-schwarz\/#breadcrumb"},"inLanguage":"de","potentialAction":[{"@type":"ReadAction","target":["https:\/\/dev6.erresse-shop.it\/de\/shop\/kleine-elektrogeraete\/kuechenmaschinen\/instant-pot-multicooker-xl-rio-71-l-schwarz\/"]}]},{"@type":"ImageObject","inLanguage":"de","@id":"https:\/\/dev6.erresse-shop.it\/de\/shop\/kleine-elektrogeraete\/kuechenmaschinen\/instant-pot-multicooker-xl-rio-71-l-schwarz\/#primaryimage","url":"https:\/\/i2.wp.com\/interpim.erresse-shop.it\/Import\/Prodotti\/instant-pot-multicooker-xl-rio-71-l-nero.jpg?ssl=1","contentUrl":"https:\/\/i2.wp.com\/interpim.erresse-shop.it\/Import\/Prodotti\/instant-pot-multicooker-xl-rio-71-l-nero.jpg?ssl=1"},{"@type":"BreadcrumbList","@id":"https:\/\/dev6.erresse-shop.it\/de\/shop\/kleine-elektrogeraete\/kuechenmaschinen\/instant-pot-multicooker-xl-rio-71-l-schwarz\/#breadcrumb","itemListElement":[{"@type":"ListItem","position":1,"name":"Home","item":"https:\/\/dev6.erresse-shop.it\/"},{"@type":"ListItem","position":2,"name":"Shop","item":"https:\/\/dev6.erresse-shop.it\/shop\/"},{"@type":"ListItem","position":3,"name":"INSTANT POT Multicooker XL Rio 7,1 L Schwarz"}]},{"@type":"WebSite","@id":"https:\/\/dev6.erresse-shop.it\/#website","url":"https:\/\/dev6.erresse-shop.it\/","name":"Erresse Shop","description":"","publisher":{"@id":"https:\/\/dev6.erresse-shop.it\/#organization"},"potentialAction":[{"@type":"SearchAction","target":{"@type":"EntryPoint","urlTemplate":"https:\/\/dev6.erresse-shop.it\/?s={search_term_string}"},"query-input":{"@type":"PropertyValueSpecification","valueRequired":true,"valueName":"search_term_string"}}],"inLanguage":"de"},{"@type":"Organization","@id":"https:\/\/dev6.erresse-shop.it\/#organization","name":"Erresse Shop","url":"https:\/\/dev6.erresse-shop.it\/","logo":{"@type":"ImageObject","inLanguage":"de","@id":"https:\/\/dev6.erresse-shop.it\/#\/schema\/logo\/image\/","url":"https:\/\/dev6.erresse-shop.it\/wp-content\/uploads\/2025\/01\/LOGO-ERRESSE-CLASSICO.svg","contentUrl":"https:\/\/dev6.erresse-shop.it\/wp-content\/uploads\/2025\/01\/LOGO-ERRESSE-CLASSICO.svg","caption":"Erresse Shop"},"image":{"@id":"https:\/\/dev6.erresse-shop.it\/#\/schema\/logo\/image\/"}}]}},"df_price":122.95,"df_sale_price":122.95,"df_regular_price":169,"df_image_link":"https:\/\/i2.wp.com\/interpim.erresse-shop.it\/Import\/Prodotti\/instant-pot-multicooker-xl-rio-71-l-nero.jpg?resize=300,300&ssl=1","fifu_image_url":"https:\/\/interpim.erresse-shop.it\/Import\/Prodotti\/instant-pot-multicooker-xl-rio-71-l-nero.jpg","_links":{"self":[{"href":"https:\/\/dev6.erresse-shop.it\/de\/wp-json\/wp\/v2\/product\/1599970","targetHints":{"allow":["GET"]}}],"collection":[{"href":"https:\/\/dev6.erresse-shop.it\/de\/wp-json\/wp\/v2\/product"}],"about":[{"href":"https:\/\/dev6.erresse-shop.it\/de\/wp-json\/wp\/v2\/types\/product"}],"wp:featuredmedia":[{"embeddable":true,"href":"https:\/\/dev6.erresse-shop.it\/de\/wp-json\/wp\/v2\/media\/6373714"}],"wp:attachment":[{"href":"https:\/\/dev6.erresse-shop.it\/de\/wp-json\/wp\/v2\/media?parent=1599970"}],"wp:term":[{"taxonomy":"product_cat","embeddable":true,"href":"https:\/\/dev6.erresse-shop.it\/de\/wp-json\/wp\/v2\/product_cat?post=1599970"},{"taxonomy":"product_tag","embeddable":true,"href":"https:\/\/dev6.erresse-shop.it\/de\/wp-json\/wp\/v2\/product_tag?post=1599970"}],"curies":[{"name":"wp","href":"https:\/\/api.w.org\/{rel}","templated":true}]}}