{"id":1599940,"date":"2026-04-04T12:34:53","date_gmt":"2026-04-04T10:34:53","guid":{"rendered":"https:\/\/dev6.erresse-shop.it\/shop\/unkategorisiert\/zwilling-enfinigy-elektrische-platte-schwarz\/"},"modified":"2025-07-04T14:39:18","modified_gmt":"2025-07-04T12:39:18","slug":"zwilling-enfinigy-elektrische-platte-schwarz","status":"publish","type":"product","link":"https:\/\/dev6.erresse-shop.it\/de\/shop\/kleine-elektrogeraete\/grills-und-barbecues\/zwilling-enfinigy-elektrische-platte-schwarz\/","title":{"rendered":"ZWILLING Enfinigy Elektrische Platte Schwarz"},"content":{"rendered":"<p>Grillen Sie, wann immer Sie wollen. Ganz wie Sie m\u00f6chten. Wo immer Sie wollen. Vom warmen Fr\u00fchst\u00fccksbr\u00f6tchen bis zum Grillen mit Freunden. Mit dem ZWILLING ENFINIGY Kontaktgrill sind Ihnen beim Grillen keine Grenzen mehr gesetzt. Verwenden Sie ihn mit geschlossenem Deckel wie eine herk\u00f6mmliche elektrische Grillplatte oder \u00f6ffnen Sie ihn um 180\u00b0 f\u00fcr den Grillmodus: Egal, welchen Modus Sie w\u00e4hlen, Sie behalten immer die volle Kontrolle. Die einzeln einstellbaren Platten verteilen die Hitze gleichm\u00e4\u00dfig \u00fcber die gesamte Oberfl\u00e4che, ohne dass \u00dcberhitzungsstellen entstehen. Das Garen erfolgt gleichm\u00e4\u00dfig und pr\u00e4zise. Nat\u00fcrlich gibt es hier eine leicht verbesserte Version: Dank des Thermosensors, der die Temperatur im Kern des Grillguts misst, erhalten Sie immer die ideale Hitze, um Fleisch und Fisch perfekt zu grillen. Entdecken Sie die neue Art des Grillens und genie\u00dfen Sie das Vergn\u00fcgen des Kochens \u00fcberall und jederzeit.<\/p>\n<p>\u00d6ffnen Sie den Kontaktgrill auf 180\u00b0, um ihn im BBQ-Modus zu verwenden<br \/>\n6 Automatikprogramme (Steak, Hamburger, Fisch, Wurst, Gefl\u00fcgel, Sandwiches) &#43; Boost- und Auftaufunktion<br \/>\nPerfekt gegrilltes Fleisch und Gem\u00fcse: gleichm\u00e4\u00dfige Hitzeverteilung dank flachem Heizelement<br \/>\nDank des Thermosensors haben Sie immer die ideale Temperatur im Inneren der Speisen<br \/>\nEinfache Reinigung: Die keramikbeschichteten Platten sind sp\u00fclmaschinenfest<br \/>\nPraktischer Tragegriff f\u00fcr sicheren Halt und einfachen Transport<br \/>\nMinimalistisches Design von Matteo Thun und Antonio Rodriguez, Mailand<\/p>\n<p>Farbe:\u00a0schwarz<br \/>\nMaterial:\u00a0Kunststoff<br \/>\nSpannung:\u00a0220\u2013240\u00a0V<br \/>\nFrequenz:\u00a050\/60 Hz<br \/>\nIntegrierte Kabeltrommel:\u00a0Ja<br \/>\nLeistungsaufnahme:\u00a01.850 W<\/p>\n<p>Not for sale outside Europe<\/p>\n","protected":false},"excerpt":{"rendered":"<p>Grillen Sie, wann immer Sie wollen. Ganz wie Sie m\u00f6chten. Wo immer Sie wollen. Vom warmen Fr\u00fchst\u00fccksbr\u00f6tchen bis zum Grillen mit Freunden. Mit dem ZWILLING ENFINIGY Kontaktgrill sind Ihnen beim Grillen keine Grenzen mehr gesetzt. Verwenden Sie ihn mit geschlossenem Deckel wie eine herk\u00f6mmliche elektrische Grillplatte oder \u00f6ffnen Sie ihn um 180\u00b0 f\u00fcr den Grillmodus: [&hellip;]<\/p>\n","protected":false},"featured_media":6290315,"template":"","meta":{"_acf_changed":false},"product_cat":[12195,12163],"product_tag":[],"class_list":{"0":"post-1599940","1":"product","2":"type-product","3":"status-publish","4":"has-post-thumbnail","6":"product_cat-grills-und-barbecues","7":"product_cat-kleine-elektrogeraete","9":"first","10":"instock","11":"taxable","12":"shipping-taxable","13":"product-type-simple","swatches":"rey-swatches","show_selected":"","stretch_labels":"rey-swatches--stretch-labels"},"acf":[],"yoast_head":"<!-- This site is optimized with the Yoast SEO plugin v25.4 - https:\/\/yoast.com\/wordpress\/plugins\/seo\/ -->\n<title>ZWILLING Enfinigy Elektrische Platte Schwarz - dev6 Erresse<\/title>\n<meta name=\"description\" content=\"Grillen Sie, wann immer Sie wollen. Ganz wie Sie m\u00f6chten. Wo immer Sie wollen. Vom warmen Fr\u00fchst\u00fccksbr\u00f6tchen bis zum Grillen mit Freunden. Mit dem\" \/>\n<meta name=\"robots\" content=\"noindex, follow, max-snippet:-1, max-image-preview:large, max-video-preview:-1\" \/>\n<meta property=\"og:locale\" content=\"de_DE\" \/>\n<meta property=\"og:type\" content=\"article\" \/>\n<meta property=\"og:title\" content=\"ZWILLING Enfinigy Elektrische Platte Schwarz - dev6 Erresse\" \/>\n<meta property=\"og:description\" content=\"Grillen Sie, wann immer Sie wollen. Ganz wie Sie m\u00f6chten. Wo immer Sie wollen. Vom warmen Fr\u00fchst\u00fccksbr\u00f6tchen bis zum Grillen mit Freunden. Mit dem\" \/>\n<meta property=\"og:url\" content=\"https:\/\/dev6.erresse-shop.it\/de\/shop\/kleine-elektrogeraete\/grills-und-barbecues\/zwilling-enfinigy-elektrische-platte-schwarz\/\" \/>\n<meta property=\"og:site_name\" content=\"dev6 Erresse\" \/>\n<meta property=\"og:image\" content=\"https:\/\/interpim.erresse-shop.it\/Import\/Prodotti\/zwilling-enfinigy-piastra-elettrica-nero.jpg\" \/><meta property=\"og:image\" content=\"https:\/\/interpim.erresse-shop.it\/Import\/Prodotti\/zwilling-enfinigy-piastra-elettrica-nero.jpg\" \/>\n\t<meta property=\"og:image:width\" content=\"1024\" \/>\n\t<meta property=\"og:image:height\" content=\"1024\" \/>\n\t<meta property=\"og:image:type\" content=\"image\/jpeg\" \/>\n<meta name=\"twitter:card\" content=\"summary_large_image\" \/>\n<meta name=\"twitter:image\" content=\"https:\/\/interpim.erresse-shop.it\/Import\/Prodotti\/zwilling-enfinigy-piastra-elettrica-nero.jpg\" \/>\n<script type=\"application\/ld+json\" class=\"yoast-schema-graph\">{\"@context\":\"https:\/\/schema.org\",\"@graph\":[{\"@type\":\"WebPage\",\"@id\":\"https:\/\/dev6.erresse-shop.it\/de\/shop\/kleine-elektrogeraete\/grills-und-barbecues\/zwilling-enfinigy-elektrische-platte-schwarz\/\",\"url\":\"https:\/\/dev6.erresse-shop.it\/de\/shop\/kleine-elektrogeraete\/grills-und-barbecues\/zwilling-enfinigy-elektrische-platte-schwarz\/\",\"name\":\"ZWILLING Enfinigy Elektrische Platte Schwarz - dev6 Erresse\",\"isPartOf\":{\"@id\":\"https:\/\/dev6.erresse-shop.it\/#website\"},\"primaryImageOfPage\":{\"@id\":\"https:\/\/dev6.erresse-shop.it\/de\/shop\/kleine-elektrogeraete\/grills-und-barbecues\/zwilling-enfinigy-elektrische-platte-schwarz\/#primaryimage\"},\"image\":{\"@id\":\"https:\/\/dev6.erresse-shop.it\/de\/shop\/kleine-elektrogeraete\/grills-und-barbecues\/zwilling-enfinigy-elektrische-platte-schwarz\/#primaryimage\"},\"thumbnailUrl\":\"https:\/\/i1.wp.com\/interpim.erresse-shop.it\/Import\/Prodotti\/zwilling-enfinigy-piastra-elettrica-nero.jpg?ssl=1\",\"datePublished\":\"2026-04-04T10:34:53+00:00\",\"description\":\"Grillen Sie, wann immer Sie wollen. Ganz wie Sie m\u00f6chten. Wo immer Sie wollen. Vom warmen Fr\u00fchst\u00fccksbr\u00f6tchen bis zum Grillen mit Freunden. Mit dem\",\"breadcrumb\":{\"@id\":\"https:\/\/dev6.erresse-shop.it\/de\/shop\/kleine-elektrogeraete\/grills-und-barbecues\/zwilling-enfinigy-elektrische-platte-schwarz\/#breadcrumb\"},\"inLanguage\":\"de\",\"potentialAction\":[{\"@type\":\"ReadAction\",\"target\":[\"https:\/\/dev6.erresse-shop.it\/de\/shop\/kleine-elektrogeraete\/grills-und-barbecues\/zwilling-enfinigy-elektrische-platte-schwarz\/\"]}]},{\"@type\":\"ImageObject\",\"inLanguage\":\"de\",\"@id\":\"https:\/\/dev6.erresse-shop.it\/de\/shop\/kleine-elektrogeraete\/grills-und-barbecues\/zwilling-enfinigy-elektrische-platte-schwarz\/#primaryimage\",\"url\":\"https:\/\/i1.wp.com\/interpim.erresse-shop.it\/Import\/Prodotti\/zwilling-enfinigy-piastra-elettrica-nero.jpg?ssl=1\",\"contentUrl\":\"https:\/\/i1.wp.com\/interpim.erresse-shop.it\/Import\/Prodotti\/zwilling-enfinigy-piastra-elettrica-nero.jpg?ssl=1\"},{\"@type\":\"BreadcrumbList\",\"@id\":\"https:\/\/dev6.erresse-shop.it\/de\/shop\/kleine-elektrogeraete\/grills-und-barbecues\/zwilling-enfinigy-elektrische-platte-schwarz\/#breadcrumb\",\"itemListElement\":[{\"@type\":\"ListItem\",\"position\":1,\"name\":\"Home\",\"item\":\"https:\/\/dev6.erresse-shop.it\/\"},{\"@type\":\"ListItem\",\"position\":2,\"name\":\"Shop\",\"item\":\"https:\/\/dev6.erresse-shop.it\/shop\/\"},{\"@type\":\"ListItem\",\"position\":3,\"name\":\"ZWILLING Enfinigy Elektrische Platte Schwarz\"}]},{\"@type\":\"WebSite\",\"@id\":\"https:\/\/dev6.erresse-shop.it\/#website\",\"url\":\"https:\/\/dev6.erresse-shop.it\/\",\"name\":\"Erresse Shop\",\"description\":\"\",\"publisher\":{\"@id\":\"https:\/\/dev6.erresse-shop.it\/#organization\"},\"potentialAction\":[{\"@type\":\"SearchAction\",\"target\":{\"@type\":\"EntryPoint\",\"urlTemplate\":\"https:\/\/dev6.erresse-shop.it\/?s={search_term_string}\"},\"query-input\":{\"@type\":\"PropertyValueSpecification\",\"valueRequired\":true,\"valueName\":\"search_term_string\"}}],\"inLanguage\":\"de\"},{\"@type\":\"Organization\",\"@id\":\"https:\/\/dev6.erresse-shop.it\/#organization\",\"name\":\"Erresse Shop\",\"url\":\"https:\/\/dev6.erresse-shop.it\/\",\"logo\":{\"@type\":\"ImageObject\",\"inLanguage\":\"de\",\"@id\":\"https:\/\/dev6.erresse-shop.it\/#\/schema\/logo\/image\/\",\"url\":\"https:\/\/dev6.erresse-shop.it\/wp-content\/uploads\/2025\/01\/LOGO-ERRESSE-CLASSICO.svg\",\"contentUrl\":\"https:\/\/dev6.erresse-shop.it\/wp-content\/uploads\/2025\/01\/LOGO-ERRESSE-CLASSICO.svg\",\"caption\":\"Erresse Shop\"},\"image\":{\"@id\":\"https:\/\/dev6.erresse-shop.it\/#\/schema\/logo\/image\/\"}}]}<\/script>\n<!-- \/ Yoast SEO plugin. -->","yoast_head_json":{"title":"ZWILLING Enfinigy Elektrische Platte Schwarz - dev6 Erresse","description":"Grillen Sie, wann immer Sie wollen. Ganz wie Sie m\u00f6chten. Wo immer Sie wollen. Vom warmen Fr\u00fchst\u00fccksbr\u00f6tchen bis zum Grillen mit Freunden. Mit dem","robots":{"index":"noindex","follow":"follow","max-snippet":"max-snippet:-1","max-image-preview":"max-image-preview:large","max-video-preview":"max-video-preview:-1"},"og_locale":"de_DE","og_type":"article","og_title":"ZWILLING Enfinigy Elektrische Platte Schwarz - dev6 Erresse","og_description":"Grillen Sie, wann immer Sie wollen. Ganz wie Sie m\u00f6chten. Wo immer Sie wollen. Vom warmen Fr\u00fchst\u00fccksbr\u00f6tchen bis zum Grillen mit Freunden. Mit dem","og_url":"https:\/\/dev6.erresse-shop.it\/de\/shop\/kleine-elektrogeraete\/grills-und-barbecues\/zwilling-enfinigy-elektrische-platte-schwarz\/","og_site_name":"dev6 Erresse","og_image":[{"url":"https:\/\/interpim.erresse-shop.it\/Import\/Prodotti\/zwilling-enfinigy-piastra-elettrica-nero.jpg","type":"","width":"","height":""},{"url":"https:\/\/interpim.erresse-shop.it\/Import\/Prodotti\/zwilling-enfinigy-piastra-elettrica-nero.jpg","width":1024,"height":1024,"type":"image\/jpeg"}],"twitter_card":"summary_large_image","twitter_image":"https:\/\/interpim.erresse-shop.it\/Import\/Prodotti\/zwilling-enfinigy-piastra-elettrica-nero.jpg","schema":{"@context":"https:\/\/schema.org","@graph":[{"@type":"WebPage","@id":"https:\/\/dev6.erresse-shop.it\/de\/shop\/kleine-elektrogeraete\/grills-und-barbecues\/zwilling-enfinigy-elektrische-platte-schwarz\/","url":"https:\/\/dev6.erresse-shop.it\/de\/shop\/kleine-elektrogeraete\/grills-und-barbecues\/zwilling-enfinigy-elektrische-platte-schwarz\/","name":"ZWILLING Enfinigy Elektrische Platte Schwarz - dev6 Erresse","isPartOf":{"@id":"https:\/\/dev6.erresse-shop.it\/#website"},"primaryImageOfPage":{"@id":"https:\/\/dev6.erresse-shop.it\/de\/shop\/kleine-elektrogeraete\/grills-und-barbecues\/zwilling-enfinigy-elektrische-platte-schwarz\/#primaryimage"},"image":{"@id":"https:\/\/dev6.erresse-shop.it\/de\/shop\/kleine-elektrogeraete\/grills-und-barbecues\/zwilling-enfinigy-elektrische-platte-schwarz\/#primaryimage"},"thumbnailUrl":"https:\/\/i1.wp.com\/interpim.erresse-shop.it\/Import\/Prodotti\/zwilling-enfinigy-piastra-elettrica-nero.jpg?ssl=1","datePublished":"2026-04-04T10:34:53+00:00","description":"Grillen Sie, wann immer Sie wollen. Ganz wie Sie m\u00f6chten. Wo immer Sie wollen. Vom warmen Fr\u00fchst\u00fccksbr\u00f6tchen bis zum Grillen mit Freunden. Mit dem","breadcrumb":{"@id":"https:\/\/dev6.erresse-shop.it\/de\/shop\/kleine-elektrogeraete\/grills-und-barbecues\/zwilling-enfinigy-elektrische-platte-schwarz\/#breadcrumb"},"inLanguage":"de","potentialAction":[{"@type":"ReadAction","target":["https:\/\/dev6.erresse-shop.it\/de\/shop\/kleine-elektrogeraete\/grills-und-barbecues\/zwilling-enfinigy-elektrische-platte-schwarz\/"]}]},{"@type":"ImageObject","inLanguage":"de","@id":"https:\/\/dev6.erresse-shop.it\/de\/shop\/kleine-elektrogeraete\/grills-und-barbecues\/zwilling-enfinigy-elektrische-platte-schwarz\/#primaryimage","url":"https:\/\/i1.wp.com\/interpim.erresse-shop.it\/Import\/Prodotti\/zwilling-enfinigy-piastra-elettrica-nero.jpg?ssl=1","contentUrl":"https:\/\/i1.wp.com\/interpim.erresse-shop.it\/Import\/Prodotti\/zwilling-enfinigy-piastra-elettrica-nero.jpg?ssl=1"},{"@type":"BreadcrumbList","@id":"https:\/\/dev6.erresse-shop.it\/de\/shop\/kleine-elektrogeraete\/grills-und-barbecues\/zwilling-enfinigy-elektrische-platte-schwarz\/#breadcrumb","itemListElement":[{"@type":"ListItem","position":1,"name":"Home","item":"https:\/\/dev6.erresse-shop.it\/"},{"@type":"ListItem","position":2,"name":"Shop","item":"https:\/\/dev6.erresse-shop.it\/shop\/"},{"@type":"ListItem","position":3,"name":"ZWILLING Enfinigy Elektrische Platte Schwarz"}]},{"@type":"WebSite","@id":"https:\/\/dev6.erresse-shop.it\/#website","url":"https:\/\/dev6.erresse-shop.it\/","name":"Erresse Shop","description":"","publisher":{"@id":"https:\/\/dev6.erresse-shop.it\/#organization"},"potentialAction":[{"@type":"SearchAction","target":{"@type":"EntryPoint","urlTemplate":"https:\/\/dev6.erresse-shop.it\/?s={search_term_string}"},"query-input":{"@type":"PropertyValueSpecification","valueRequired":true,"valueName":"search_term_string"}}],"inLanguage":"de"},{"@type":"Organization","@id":"https:\/\/dev6.erresse-shop.it\/#organization","name":"Erresse Shop","url":"https:\/\/dev6.erresse-shop.it\/","logo":{"@type":"ImageObject","inLanguage":"de","@id":"https:\/\/dev6.erresse-shop.it\/#\/schema\/logo\/image\/","url":"https:\/\/dev6.erresse-shop.it\/wp-content\/uploads\/2025\/01\/LOGO-ERRESSE-CLASSICO.svg","contentUrl":"https:\/\/dev6.erresse-shop.it\/wp-content\/uploads\/2025\/01\/LOGO-ERRESSE-CLASSICO.svg","caption":"Erresse Shop"},"image":{"@id":"https:\/\/dev6.erresse-shop.it\/#\/schema\/logo\/image\/"}}]}},"df_price":"","df_sale_price":"","df_regular_price":"","df_image_link":"https:\/\/i1.wp.com\/interpim.erresse-shop.it\/Import\/Prodotti\/zwilling-enfinigy-piastra-elettrica-nero.jpg?resize=300,300&ssl=1","fifu_image_url":"https:\/\/interpim.erresse-shop.it\/Import\/Prodotti\/zwilling-enfinigy-piastra-elettrica-nero.jpg","_links":{"self":[{"href":"https:\/\/dev6.erresse-shop.it\/de\/wp-json\/wp\/v2\/product\/1599940","targetHints":{"allow":["GET"]}}],"collection":[{"href":"https:\/\/dev6.erresse-shop.it\/de\/wp-json\/wp\/v2\/product"}],"about":[{"href":"https:\/\/dev6.erresse-shop.it\/de\/wp-json\/wp\/v2\/types\/product"}],"wp:featuredmedia":[{"embeddable":true,"href":"https:\/\/dev6.erresse-shop.it\/de\/wp-json\/wp\/v2\/media\/6290315"}],"wp:attachment":[{"href":"https:\/\/dev6.erresse-shop.it\/de\/wp-json\/wp\/v2\/media?parent=1599940"}],"wp:term":[{"taxonomy":"product_cat","embeddable":true,"href":"https:\/\/dev6.erresse-shop.it\/de\/wp-json\/wp\/v2\/product_cat?post=1599940"},{"taxonomy":"product_tag","embeddable":true,"href":"https:\/\/dev6.erresse-shop.it\/de\/wp-json\/wp\/v2\/product_tag?post=1599940"}],"curies":[{"name":"wp","href":"https:\/\/api.w.org\/{rel}","templated":true}]}}