{"id":1599932,"date":"2026-04-04T12:32:24","date_gmt":"2026-04-04T10:32:24","guid":{"rendered":"https:\/\/dev6.erresse-shop.it\/shop\/unkategorisiert\/alessi-plisse-kapsel-kaffeemaschine-weiss\/"},"modified":"2025-07-19T03:50:05","modified_gmt":"2025-07-19T01:50:05","slug":"alessi-plisse-kapsel-kaffeemaschine-weiss","status":"publish","type":"product","link":"https:\/\/dev6.erresse-shop.it\/de\/shop\/kleine-elektrogeraete\/kaffeemaschinen-espresso\/pads-und-kapseln\/alessi-plisse-kapsel-kaffeemaschine-weiss\/","title":{"rendered":"ALESSI Pliss\u00e9 Kapsel-Kaffeemaschine Wei\u00df"},"content":{"rendered":"<p>Eine Kapselkaffeemaschine erweitert die erfolgreiche Pliss\u00e9-Kollektion im mittlerweile ikonischen Look von Michele De Lucchi. Das Projekt wurde in Zusammenarbeit mit L\u2019OR entwickelt und basiert auf dem etablierten \u201eBarista\u201c-Modell von Versuni. In einem eleganten Spiel aus gefalteten Volumen nimmt die von Alessi vorgeschlagene Maschine Gestalt an und steigert ihre funktionale Leistung in einem raffinierten Design architektonischer Ableitung.<\/p>\n<p>Kapselkaffeemaschine aus thermoplastischem Harz und Edelstahl, wei\u00df.<\/p>\n<p>H\u00f6he (cm):\u00a027,60<br \/>\nL\u00e4nge (cm):\u00a015,70<br \/>\nBreite (cm):\u00a040,20<\/p>\n<p>Not for sale outside Europe<\/p>\n","protected":false},"excerpt":{"rendered":"<p>Eine Kapselkaffeemaschine erweitert die erfolgreiche Pliss\u00e9-Kollektion im mittlerweile ikonischen Look von Michele De Lucchi. Das Projekt wurde in Zusammenarbeit mit L\u2019OR entwickelt und basiert auf dem etablierten \u201eBarista\u201c-Modell von Versuni. In einem eleganten Spiel aus gefalteten Volumen nimmt die von Alessi vorgeschlagene Maschine Gestalt an und steigert ihre funktionale Leistung in einem raffinierten Design architektonischer [&hellip;]<\/p>\n","protected":false},"featured_media":6290290,"template":"","meta":{"_acf_changed":false},"product_cat":[12171,12163,12189],"product_tag":[],"class_list":{"0":"post-1599932","1":"product","2":"type-product","3":"status-publish","4":"has-post-thumbnail","6":"product_cat-kaffeemaschinen-espresso","7":"product_cat-kleine-elektrogeraete","8":"product_cat-pads-und-kapseln","10":"first","11":"instock","12":"sale","13":"taxable","14":"shipping-taxable","15":"purchasable","16":"product-type-simple","swatches":"rey-swatches","show_selected":"","stretch_labels":"rey-swatches--stretch-labels"},"acf":[],"yoast_head":"<!-- This site is optimized with the Yoast SEO plugin v25.4 - https:\/\/yoast.com\/wordpress\/plugins\/seo\/ -->\n<title>ALESSI Pliss\u00e9 Kapsel-Kaffeemaschine Wei\u00df - dev6 Erresse<\/title>\n<meta name=\"description\" content=\"Eine Kapselkaffeemaschine erweitert die erfolgreiche Pliss\u00e9-Kollektion im mittlerweile ikonischen Look von Michele De Lucchi. Das Projekt wurde in\" \/>\n<meta name=\"robots\" content=\"noindex, follow, max-snippet:-1, max-image-preview:large, max-video-preview:-1\" \/>\n<meta property=\"og:locale\" content=\"de_DE\" \/>\n<meta property=\"og:type\" content=\"article\" \/>\n<meta property=\"og:title\" content=\"ALESSI Pliss\u00e9 Kapsel-Kaffeemaschine Wei\u00df - dev6 Erresse\" \/>\n<meta property=\"og:description\" content=\"Eine Kapselkaffeemaschine erweitert die erfolgreiche Pliss\u00e9-Kollektion im mittlerweile ikonischen Look von Michele De Lucchi. Das Projekt wurde in\" \/>\n<meta property=\"og:url\" content=\"https:\/\/dev6.erresse-shop.it\/de\/shop\/kleine-elektrogeraete\/kaffeemaschinen-espresso\/pads-und-kapseln\/alessi-plisse-kapsel-kaffeemaschine-weiss\/\" \/>\n<meta property=\"og:site_name\" content=\"dev6 Erresse\" \/>\n<meta property=\"og:image\" content=\"https:\/\/interpim.erresse-shop.it\/Import\/Prodotti\/alessi-plisse-macchina-per-caffe-in-capsule-bianco.jpg\" \/><meta property=\"og:image\" content=\"https:\/\/interpim.erresse-shop.it\/Import\/Prodotti\/alessi-plisse-macchina-per-caffe-in-capsule-bianco.jpg\" \/>\n\t<meta property=\"og:image:width\" content=\"1024\" \/>\n\t<meta property=\"og:image:height\" content=\"1024\" \/>\n\t<meta property=\"og:image:type\" content=\"image\/jpeg\" \/>\n<meta name=\"twitter:card\" content=\"summary_large_image\" \/>\n<meta name=\"twitter:image\" content=\"https:\/\/interpim.erresse-shop.it\/Import\/Prodotti\/alessi-plisse-macchina-per-caffe-in-capsule-bianco.jpg\" \/>\n<script type=\"application\/ld+json\" class=\"yoast-schema-graph\">{\"@context\":\"https:\/\/schema.org\",\"@graph\":[{\"@type\":\"WebPage\",\"@id\":\"https:\/\/dev6.erresse-shop.it\/de\/shop\/kleine-elektrogeraete\/kaffeemaschinen-espresso\/pads-und-kapseln\/alessi-plisse-kapsel-kaffeemaschine-weiss\/\",\"url\":\"https:\/\/dev6.erresse-shop.it\/de\/shop\/kleine-elektrogeraete\/kaffeemaschinen-espresso\/pads-und-kapseln\/alessi-plisse-kapsel-kaffeemaschine-weiss\/\",\"name\":\"ALESSI Pliss\u00e9 Kapsel-Kaffeemaschine Wei\u00df - dev6 Erresse\",\"isPartOf\":{\"@id\":\"https:\/\/dev6.erresse-shop.it\/#website\"},\"primaryImageOfPage\":{\"@id\":\"https:\/\/dev6.erresse-shop.it\/de\/shop\/kleine-elektrogeraete\/kaffeemaschinen-espresso\/pads-und-kapseln\/alessi-plisse-kapsel-kaffeemaschine-weiss\/#primaryimage\"},\"image\":{\"@id\":\"https:\/\/dev6.erresse-shop.it\/de\/shop\/kleine-elektrogeraete\/kaffeemaschinen-espresso\/pads-und-kapseln\/alessi-plisse-kapsel-kaffeemaschine-weiss\/#primaryimage\"},\"thumbnailUrl\":\"https:\/\/i0.wp.com\/interpim.erresse-shop.it\/Import\/Prodotti\/alessi-plisse-macchina-per-caffe-in-capsule-bianco.jpg?ssl=1\",\"datePublished\":\"2026-04-04T10:32:24+00:00\",\"description\":\"Eine Kapselkaffeemaschine erweitert die erfolgreiche Pliss\u00e9-Kollektion im mittlerweile ikonischen Look von Michele De Lucchi. Das Projekt wurde in\",\"breadcrumb\":{\"@id\":\"https:\/\/dev6.erresse-shop.it\/de\/shop\/kleine-elektrogeraete\/kaffeemaschinen-espresso\/pads-und-kapseln\/alessi-plisse-kapsel-kaffeemaschine-weiss\/#breadcrumb\"},\"inLanguage\":\"de\",\"potentialAction\":[{\"@type\":\"ReadAction\",\"target\":[\"https:\/\/dev6.erresse-shop.it\/de\/shop\/kleine-elektrogeraete\/kaffeemaschinen-espresso\/pads-und-kapseln\/alessi-plisse-kapsel-kaffeemaschine-weiss\/\"]}]},{\"@type\":\"ImageObject\",\"inLanguage\":\"de\",\"@id\":\"https:\/\/dev6.erresse-shop.it\/de\/shop\/kleine-elektrogeraete\/kaffeemaschinen-espresso\/pads-und-kapseln\/alessi-plisse-kapsel-kaffeemaschine-weiss\/#primaryimage\",\"url\":\"https:\/\/i0.wp.com\/interpim.erresse-shop.it\/Import\/Prodotti\/alessi-plisse-macchina-per-caffe-in-capsule-bianco.jpg?ssl=1\",\"contentUrl\":\"https:\/\/i0.wp.com\/interpim.erresse-shop.it\/Import\/Prodotti\/alessi-plisse-macchina-per-caffe-in-capsule-bianco.jpg?ssl=1\"},{\"@type\":\"BreadcrumbList\",\"@id\":\"https:\/\/dev6.erresse-shop.it\/de\/shop\/kleine-elektrogeraete\/kaffeemaschinen-espresso\/pads-und-kapseln\/alessi-plisse-kapsel-kaffeemaschine-weiss\/#breadcrumb\",\"itemListElement\":[{\"@type\":\"ListItem\",\"position\":1,\"name\":\"Home\",\"item\":\"https:\/\/dev6.erresse-shop.it\/\"},{\"@type\":\"ListItem\",\"position\":2,\"name\":\"Shop\",\"item\":\"https:\/\/dev6.erresse-shop.it\/shop\/\"},{\"@type\":\"ListItem\",\"position\":3,\"name\":\"ALESSI Pliss\u00e9 Kapsel-Kaffeemaschine Wei\u00df\"}]},{\"@type\":\"WebSite\",\"@id\":\"https:\/\/dev6.erresse-shop.it\/#website\",\"url\":\"https:\/\/dev6.erresse-shop.it\/\",\"name\":\"Erresse Shop\",\"description\":\"\",\"publisher\":{\"@id\":\"https:\/\/dev6.erresse-shop.it\/#organization\"},\"potentialAction\":[{\"@type\":\"SearchAction\",\"target\":{\"@type\":\"EntryPoint\",\"urlTemplate\":\"https:\/\/dev6.erresse-shop.it\/?s={search_term_string}\"},\"query-input\":{\"@type\":\"PropertyValueSpecification\",\"valueRequired\":true,\"valueName\":\"search_term_string\"}}],\"inLanguage\":\"de\"},{\"@type\":\"Organization\",\"@id\":\"https:\/\/dev6.erresse-shop.it\/#organization\",\"name\":\"Erresse Shop\",\"url\":\"https:\/\/dev6.erresse-shop.it\/\",\"logo\":{\"@type\":\"ImageObject\",\"inLanguage\":\"de\",\"@id\":\"https:\/\/dev6.erresse-shop.it\/#\/schema\/logo\/image\/\",\"url\":\"https:\/\/dev6.erresse-shop.it\/wp-content\/uploads\/2025\/01\/LOGO-ERRESSE-CLASSICO.svg\",\"contentUrl\":\"https:\/\/dev6.erresse-shop.it\/wp-content\/uploads\/2025\/01\/LOGO-ERRESSE-CLASSICO.svg\",\"caption\":\"Erresse Shop\"},\"image\":{\"@id\":\"https:\/\/dev6.erresse-shop.it\/#\/schema\/logo\/image\/\"}}]}<\/script>\n<!-- \/ Yoast SEO plugin. -->","yoast_head_json":{"title":"ALESSI Pliss\u00e9 Kapsel-Kaffeemaschine Wei\u00df - dev6 Erresse","description":"Eine Kapselkaffeemaschine erweitert die erfolgreiche Pliss\u00e9-Kollektion im mittlerweile ikonischen Look von Michele De Lucchi. Das Projekt wurde in","robots":{"index":"noindex","follow":"follow","max-snippet":"max-snippet:-1","max-image-preview":"max-image-preview:large","max-video-preview":"max-video-preview:-1"},"og_locale":"de_DE","og_type":"article","og_title":"ALESSI Pliss\u00e9 Kapsel-Kaffeemaschine Wei\u00df - dev6 Erresse","og_description":"Eine Kapselkaffeemaschine erweitert die erfolgreiche Pliss\u00e9-Kollektion im mittlerweile ikonischen Look von Michele De Lucchi. Das Projekt wurde in","og_url":"https:\/\/dev6.erresse-shop.it\/de\/shop\/kleine-elektrogeraete\/kaffeemaschinen-espresso\/pads-und-kapseln\/alessi-plisse-kapsel-kaffeemaschine-weiss\/","og_site_name":"dev6 Erresse","og_image":[{"url":"https:\/\/interpim.erresse-shop.it\/Import\/Prodotti\/alessi-plisse-macchina-per-caffe-in-capsule-bianco.jpg","type":"","width":"","height":""},{"url":"https:\/\/interpim.erresse-shop.it\/Import\/Prodotti\/alessi-plisse-macchina-per-caffe-in-capsule-bianco.jpg","width":1024,"height":1024,"type":"image\/jpeg"}],"twitter_card":"summary_large_image","twitter_image":"https:\/\/interpim.erresse-shop.it\/Import\/Prodotti\/alessi-plisse-macchina-per-caffe-in-capsule-bianco.jpg","schema":{"@context":"https:\/\/schema.org","@graph":[{"@type":"WebPage","@id":"https:\/\/dev6.erresse-shop.it\/de\/shop\/kleine-elektrogeraete\/kaffeemaschinen-espresso\/pads-und-kapseln\/alessi-plisse-kapsel-kaffeemaschine-weiss\/","url":"https:\/\/dev6.erresse-shop.it\/de\/shop\/kleine-elektrogeraete\/kaffeemaschinen-espresso\/pads-und-kapseln\/alessi-plisse-kapsel-kaffeemaschine-weiss\/","name":"ALESSI Pliss\u00e9 Kapsel-Kaffeemaschine Wei\u00df - dev6 Erresse","isPartOf":{"@id":"https:\/\/dev6.erresse-shop.it\/#website"},"primaryImageOfPage":{"@id":"https:\/\/dev6.erresse-shop.it\/de\/shop\/kleine-elektrogeraete\/kaffeemaschinen-espresso\/pads-und-kapseln\/alessi-plisse-kapsel-kaffeemaschine-weiss\/#primaryimage"},"image":{"@id":"https:\/\/dev6.erresse-shop.it\/de\/shop\/kleine-elektrogeraete\/kaffeemaschinen-espresso\/pads-und-kapseln\/alessi-plisse-kapsel-kaffeemaschine-weiss\/#primaryimage"},"thumbnailUrl":"https:\/\/i0.wp.com\/interpim.erresse-shop.it\/Import\/Prodotti\/alessi-plisse-macchina-per-caffe-in-capsule-bianco.jpg?ssl=1","datePublished":"2026-04-04T10:32:24+00:00","description":"Eine Kapselkaffeemaschine erweitert die erfolgreiche Pliss\u00e9-Kollektion im mittlerweile ikonischen Look von Michele De Lucchi. Das Projekt wurde in","breadcrumb":{"@id":"https:\/\/dev6.erresse-shop.it\/de\/shop\/kleine-elektrogeraete\/kaffeemaschinen-espresso\/pads-und-kapseln\/alessi-plisse-kapsel-kaffeemaschine-weiss\/#breadcrumb"},"inLanguage":"de","potentialAction":[{"@type":"ReadAction","target":["https:\/\/dev6.erresse-shop.it\/de\/shop\/kleine-elektrogeraete\/kaffeemaschinen-espresso\/pads-und-kapseln\/alessi-plisse-kapsel-kaffeemaschine-weiss\/"]}]},{"@type":"ImageObject","inLanguage":"de","@id":"https:\/\/dev6.erresse-shop.it\/de\/shop\/kleine-elektrogeraete\/kaffeemaschinen-espresso\/pads-und-kapseln\/alessi-plisse-kapsel-kaffeemaschine-weiss\/#primaryimage","url":"https:\/\/i0.wp.com\/interpim.erresse-shop.it\/Import\/Prodotti\/alessi-plisse-macchina-per-caffe-in-capsule-bianco.jpg?ssl=1","contentUrl":"https:\/\/i0.wp.com\/interpim.erresse-shop.it\/Import\/Prodotti\/alessi-plisse-macchina-per-caffe-in-capsule-bianco.jpg?ssl=1"},{"@type":"BreadcrumbList","@id":"https:\/\/dev6.erresse-shop.it\/de\/shop\/kleine-elektrogeraete\/kaffeemaschinen-espresso\/pads-und-kapseln\/alessi-plisse-kapsel-kaffeemaschine-weiss\/#breadcrumb","itemListElement":[{"@type":"ListItem","position":1,"name":"Home","item":"https:\/\/dev6.erresse-shop.it\/"},{"@type":"ListItem","position":2,"name":"Shop","item":"https:\/\/dev6.erresse-shop.it\/shop\/"},{"@type":"ListItem","position":3,"name":"ALESSI Pliss\u00e9 Kapsel-Kaffeemaschine Wei\u00df"}]},{"@type":"WebSite","@id":"https:\/\/dev6.erresse-shop.it\/#website","url":"https:\/\/dev6.erresse-shop.it\/","name":"Erresse Shop","description":"","publisher":{"@id":"https:\/\/dev6.erresse-shop.it\/#organization"},"potentialAction":[{"@type":"SearchAction","target":{"@type":"EntryPoint","urlTemplate":"https:\/\/dev6.erresse-shop.it\/?s={search_term_string}"},"query-input":{"@type":"PropertyValueSpecification","valueRequired":true,"valueName":"search_term_string"}}],"inLanguage":"de"},{"@type":"Organization","@id":"https:\/\/dev6.erresse-shop.it\/#organization","name":"Erresse Shop","url":"https:\/\/dev6.erresse-shop.it\/","logo":{"@type":"ImageObject","inLanguage":"de","@id":"https:\/\/dev6.erresse-shop.it\/#\/schema\/logo\/image\/","url":"https:\/\/dev6.erresse-shop.it\/wp-content\/uploads\/2025\/01\/LOGO-ERRESSE-CLASSICO.svg","contentUrl":"https:\/\/dev6.erresse-shop.it\/wp-content\/uploads\/2025\/01\/LOGO-ERRESSE-CLASSICO.svg","caption":"Erresse Shop"},"image":{"@id":"https:\/\/dev6.erresse-shop.it\/#\/schema\/logo\/image\/"}}]}},"df_price":159,"df_sale_price":159,"df_regular_price":179.99,"df_image_link":"https:\/\/i0.wp.com\/interpim.erresse-shop.it\/Import\/Prodotti\/alessi-plisse-macchina-per-caffe-in-capsule-bianco.jpg?resize=300,300&ssl=1","fifu_image_url":"https:\/\/interpim.erresse-shop.it\/Import\/Prodotti\/alessi-plisse-macchina-per-caffe-in-capsule-bianco.jpg","_links":{"self":[{"href":"https:\/\/dev6.erresse-shop.it\/de\/wp-json\/wp\/v2\/product\/1599932","targetHints":{"allow":["GET"]}}],"collection":[{"href":"https:\/\/dev6.erresse-shop.it\/de\/wp-json\/wp\/v2\/product"}],"about":[{"href":"https:\/\/dev6.erresse-shop.it\/de\/wp-json\/wp\/v2\/types\/product"}],"wp:featuredmedia":[{"embeddable":true,"href":"https:\/\/dev6.erresse-shop.it\/de\/wp-json\/wp\/v2\/media\/6290290"}],"wp:attachment":[{"href":"https:\/\/dev6.erresse-shop.it\/de\/wp-json\/wp\/v2\/media?parent=1599932"}],"wp:term":[{"taxonomy":"product_cat","embeddable":true,"href":"https:\/\/dev6.erresse-shop.it\/de\/wp-json\/wp\/v2\/product_cat?post=1599932"},{"taxonomy":"product_tag","embeddable":true,"href":"https:\/\/dev6.erresse-shop.it\/de\/wp-json\/wp\/v2\/product_tag?post=1599932"}],"curies":[{"name":"wp","href":"https:\/\/api.w.org\/{rel}","templated":true}]}}