{"id":1599920,"date":"2026-04-10T13:13:39","date_gmt":"2026-04-10T11:13:39","guid":{"rendered":"https:\/\/dev6.erresse-shop.it\/shop\/unkategorisiert\/alessi-plisse-schwarze-induktions-cappuccinomaschine\/"},"modified":"2025-09-14T02:43:48","modified_gmt":"2025-09-14T00:43:48","slug":"alessi-plisse-schwarze-induktions-cappuccinomaschine","status":"publish","type":"product","link":"https:\/\/dev6.erresse-shop.it\/de\/shop\/kleine-elektrogeraete\/milchaufschaumer\/alessi-plisse-schwarze-induktions-cappuccinomaschine\/","title":{"rendered":"ALESSI Pliss\u00e9 Schwarze Induktions-Cappuccinomaschine"},"content":{"rendered":"<p>Die leichte Drapierung von Pliss\u00e9 umh\u00fcllt einen glitzernden Stahlk\u00f6rper: Durch die gekonnte Gegen\u00fcberstellung unterschiedlicher Geometrien und Materialien entsteht der von Michele De Lucchi entworfene multifunktionale Induktions-Cappuccinozubereiter. Hohe technologische Leistung und faszinierendes Design f\u00fcr ein neues Haushaltsger\u00e4t, das die vom Architekten f\u00fcr Alessi entworfene Kollektion erweitert<\/p>\n<p>Multifunktionaler Induktions-Cappuccinomaker aus thermoplastischem Harz. Krug aus 18\/10 Edelstahl.<\/p>\n<p>Funktionen:<\/p>\n<p>Kapazit\u00e4t (cl): 35.00<br \/>\nH\u00f6he (cm): 22,50<br \/>\nL\u00e4nge (cm): 17,00<br \/>\nBreite (cm): 12.oo<\/p>\n","protected":false},"excerpt":{"rendered":"<p>Die leichte Drapierung von Pliss\u00e9 umh\u00fcllt einen glitzernden Stahlk\u00f6rper: Durch die gekonnte Gegen\u00fcberstellung unterschiedlicher Geometrien und Materialien entsteht der von Michele De Lucchi entworfene multifunktionale Induktions-Cappuccinozubereiter. Hohe technologische Leistung und faszinierendes Design f\u00fcr ein neues Haushaltsger\u00e4t, das die vom Architekten f\u00fcr Alessi entworfene Kollektion erweitert Multifunktionaler Induktions-Cappuccinomaker aus thermoplastischem Harz. Krug aus 18\/10 Edelstahl. Funktionen: [&hellip;]<\/p>\n","protected":false},"featured_media":6331887,"template":"","meta":{"_acf_changed":false},"product_cat":[12163,12199],"product_tag":[],"class_list":{"0":"post-1599920","1":"product","2":"type-product","3":"status-publish","4":"has-post-thumbnail","6":"product_cat-kleine-elektrogeraete","7":"product_cat-milchaufschaumer","9":"first","10":"instock","11":"sale","12":"taxable","13":"shipping-taxable","14":"purchasable","15":"product-type-simple","swatches":"rey-swatches","show_selected":"","stretch_labels":"rey-swatches--stretch-labels"},"acf":[],"yoast_head":"<!-- This site is optimized with the Yoast SEO plugin v25.4 - https:\/\/yoast.com\/wordpress\/plugins\/seo\/ -->\n<title>ALESSI Pliss\u00e9 Schwarze Induktions-Cappuccinomaschine - dev6 Erresse<\/title>\n<meta name=\"description\" content=\"Die leichte Drapierung von Pliss\u00e9 umh\u00fcllt einen glitzernden Stahlk\u00f6rper: Durch die gekonnte Gegen\u00fcberstellung unterschiedlicher Geometrien und Materialien\" \/>\n<meta name=\"robots\" content=\"noindex, follow, max-snippet:-1, max-image-preview:large, max-video-preview:-1\" \/>\n<meta property=\"og:locale\" content=\"de_DE\" \/>\n<meta property=\"og:type\" content=\"article\" \/>\n<meta property=\"og:title\" content=\"ALESSI Pliss\u00e9 Schwarze Induktions-Cappuccinomaschine - dev6 Erresse\" \/>\n<meta property=\"og:description\" content=\"Die leichte Drapierung von Pliss\u00e9 umh\u00fcllt einen glitzernden Stahlk\u00f6rper: Durch die gekonnte Gegen\u00fcberstellung unterschiedlicher Geometrien und Materialien\" \/>\n<meta property=\"og:url\" content=\"https:\/\/dev6.erresse-shop.it\/de\/shop\/kleine-elektrogeraete\/milchaufschaumer\/alessi-plisse-schwarze-induktions-cappuccinomaschine\/\" \/>\n<meta property=\"og:site_name\" content=\"dev6 Erresse\" \/>\n<meta property=\"og:image\" content=\"https:\/\/interpim.erresse-shop.it\/Import\/Prodotti\/alessi-plisse-cappuccinatore-ad-induzione-nero.jpg\" \/><meta property=\"og:image\" content=\"https:\/\/interpim.erresse-shop.it\/Import\/Prodotti\/alessi-plisse-cappuccinatore-ad-induzione-nero.jpg\" \/>\n\t<meta property=\"og:image:width\" content=\"1024\" \/>\n\t<meta property=\"og:image:height\" content=\"1024\" \/>\n\t<meta property=\"og:image:type\" content=\"image\/jpeg\" \/>\n<meta name=\"twitter:card\" content=\"summary_large_image\" \/>\n<meta name=\"twitter:image\" content=\"https:\/\/interpim.erresse-shop.it\/Import\/Prodotti\/alessi-plisse-cappuccinatore-ad-induzione-nero.jpg\" \/>\n<script type=\"application\/ld+json\" class=\"yoast-schema-graph\">{\"@context\":\"https:\/\/schema.org\",\"@graph\":[{\"@type\":\"WebPage\",\"@id\":\"https:\/\/dev6.erresse-shop.it\/de\/shop\/kleine-elektrogeraete\/milchaufschaumer\/alessi-plisse-schwarze-induktions-cappuccinomaschine\/\",\"url\":\"https:\/\/dev6.erresse-shop.it\/de\/shop\/kleine-elektrogeraete\/milchaufschaumer\/alessi-plisse-schwarze-induktions-cappuccinomaschine\/\",\"name\":\"ALESSI Pliss\u00e9 Schwarze Induktions-Cappuccinomaschine - dev6 Erresse\",\"isPartOf\":{\"@id\":\"https:\/\/dev6.erresse-shop.it\/#website\"},\"primaryImageOfPage\":{\"@id\":\"https:\/\/dev6.erresse-shop.it\/de\/shop\/kleine-elektrogeraete\/milchaufschaumer\/alessi-plisse-schwarze-induktions-cappuccinomaschine\/#primaryimage\"},\"image\":{\"@id\":\"https:\/\/dev6.erresse-shop.it\/de\/shop\/kleine-elektrogeraete\/milchaufschaumer\/alessi-plisse-schwarze-induktions-cappuccinomaschine\/#primaryimage\"},\"thumbnailUrl\":\"https:\/\/i2.wp.com\/interpim.erresse-shop.it\/Import\/Prodotti\/alessi-plisse-cappuccinatore-ad-induzione-nero.jpg?ssl=1\",\"datePublished\":\"2026-04-10T11:13:39+00:00\",\"description\":\"Die leichte Drapierung von Pliss\u00e9 umh\u00fcllt einen glitzernden Stahlk\u00f6rper: Durch die gekonnte Gegen\u00fcberstellung unterschiedlicher Geometrien und Materialien\",\"breadcrumb\":{\"@id\":\"https:\/\/dev6.erresse-shop.it\/de\/shop\/kleine-elektrogeraete\/milchaufschaumer\/alessi-plisse-schwarze-induktions-cappuccinomaschine\/#breadcrumb\"},\"inLanguage\":\"de\",\"potentialAction\":[{\"@type\":\"ReadAction\",\"target\":[\"https:\/\/dev6.erresse-shop.it\/de\/shop\/kleine-elektrogeraete\/milchaufschaumer\/alessi-plisse-schwarze-induktions-cappuccinomaschine\/\"]}]},{\"@type\":\"ImageObject\",\"inLanguage\":\"de\",\"@id\":\"https:\/\/dev6.erresse-shop.it\/de\/shop\/kleine-elektrogeraete\/milchaufschaumer\/alessi-plisse-schwarze-induktions-cappuccinomaschine\/#primaryimage\",\"url\":\"https:\/\/i2.wp.com\/interpim.erresse-shop.it\/Import\/Prodotti\/alessi-plisse-cappuccinatore-ad-induzione-nero.jpg?ssl=1\",\"contentUrl\":\"https:\/\/i2.wp.com\/interpim.erresse-shop.it\/Import\/Prodotti\/alessi-plisse-cappuccinatore-ad-induzione-nero.jpg?ssl=1\"},{\"@type\":\"BreadcrumbList\",\"@id\":\"https:\/\/dev6.erresse-shop.it\/de\/shop\/kleine-elektrogeraete\/milchaufschaumer\/alessi-plisse-schwarze-induktions-cappuccinomaschine\/#breadcrumb\",\"itemListElement\":[{\"@type\":\"ListItem\",\"position\":1,\"name\":\"Home\",\"item\":\"https:\/\/dev6.erresse-shop.it\/\"},{\"@type\":\"ListItem\",\"position\":2,\"name\":\"Shop\",\"item\":\"https:\/\/dev6.erresse-shop.it\/shop\/\"},{\"@type\":\"ListItem\",\"position\":3,\"name\":\"ALESSI Pliss\u00e9 Schwarze Induktions-Cappuccinomaschine\"}]},{\"@type\":\"WebSite\",\"@id\":\"https:\/\/dev6.erresse-shop.it\/#website\",\"url\":\"https:\/\/dev6.erresse-shop.it\/\",\"name\":\"Erresse Shop\",\"description\":\"\",\"publisher\":{\"@id\":\"https:\/\/dev6.erresse-shop.it\/#organization\"},\"potentialAction\":[{\"@type\":\"SearchAction\",\"target\":{\"@type\":\"EntryPoint\",\"urlTemplate\":\"https:\/\/dev6.erresse-shop.it\/?s={search_term_string}\"},\"query-input\":{\"@type\":\"PropertyValueSpecification\",\"valueRequired\":true,\"valueName\":\"search_term_string\"}}],\"inLanguage\":\"de\"},{\"@type\":\"Organization\",\"@id\":\"https:\/\/dev6.erresse-shop.it\/#organization\",\"name\":\"Erresse Shop\",\"url\":\"https:\/\/dev6.erresse-shop.it\/\",\"logo\":{\"@type\":\"ImageObject\",\"inLanguage\":\"de\",\"@id\":\"https:\/\/dev6.erresse-shop.it\/#\/schema\/logo\/image\/\",\"url\":\"https:\/\/dev6.erresse-shop.it\/wp-content\/uploads\/2025\/01\/LOGO-ERRESSE-CLASSICO.svg\",\"contentUrl\":\"https:\/\/dev6.erresse-shop.it\/wp-content\/uploads\/2025\/01\/LOGO-ERRESSE-CLASSICO.svg\",\"caption\":\"Erresse Shop\"},\"image\":{\"@id\":\"https:\/\/dev6.erresse-shop.it\/#\/schema\/logo\/image\/\"}}]}<\/script>\n<!-- \/ Yoast SEO plugin. -->","yoast_head_json":{"title":"ALESSI Pliss\u00e9 Schwarze Induktions-Cappuccinomaschine - dev6 Erresse","description":"Die leichte Drapierung von Pliss\u00e9 umh\u00fcllt einen glitzernden Stahlk\u00f6rper: Durch die gekonnte Gegen\u00fcberstellung unterschiedlicher Geometrien und Materialien","robots":{"index":"noindex","follow":"follow","max-snippet":"max-snippet:-1","max-image-preview":"max-image-preview:large","max-video-preview":"max-video-preview:-1"},"og_locale":"de_DE","og_type":"article","og_title":"ALESSI Pliss\u00e9 Schwarze Induktions-Cappuccinomaschine - dev6 Erresse","og_description":"Die leichte Drapierung von Pliss\u00e9 umh\u00fcllt einen glitzernden Stahlk\u00f6rper: Durch die gekonnte Gegen\u00fcberstellung unterschiedlicher Geometrien und Materialien","og_url":"https:\/\/dev6.erresse-shop.it\/de\/shop\/kleine-elektrogeraete\/milchaufschaumer\/alessi-plisse-schwarze-induktions-cappuccinomaschine\/","og_site_name":"dev6 Erresse","og_image":[{"url":"https:\/\/interpim.erresse-shop.it\/Import\/Prodotti\/alessi-plisse-cappuccinatore-ad-induzione-nero.jpg","type":"","width":"","height":""},{"url":"https:\/\/interpim.erresse-shop.it\/Import\/Prodotti\/alessi-plisse-cappuccinatore-ad-induzione-nero.jpg","width":1024,"height":1024,"type":"image\/jpeg"}],"twitter_card":"summary_large_image","twitter_image":"https:\/\/interpim.erresse-shop.it\/Import\/Prodotti\/alessi-plisse-cappuccinatore-ad-induzione-nero.jpg","schema":{"@context":"https:\/\/schema.org","@graph":[{"@type":"WebPage","@id":"https:\/\/dev6.erresse-shop.it\/de\/shop\/kleine-elektrogeraete\/milchaufschaumer\/alessi-plisse-schwarze-induktions-cappuccinomaschine\/","url":"https:\/\/dev6.erresse-shop.it\/de\/shop\/kleine-elektrogeraete\/milchaufschaumer\/alessi-plisse-schwarze-induktions-cappuccinomaschine\/","name":"ALESSI Pliss\u00e9 Schwarze Induktions-Cappuccinomaschine - dev6 Erresse","isPartOf":{"@id":"https:\/\/dev6.erresse-shop.it\/#website"},"primaryImageOfPage":{"@id":"https:\/\/dev6.erresse-shop.it\/de\/shop\/kleine-elektrogeraete\/milchaufschaumer\/alessi-plisse-schwarze-induktions-cappuccinomaschine\/#primaryimage"},"image":{"@id":"https:\/\/dev6.erresse-shop.it\/de\/shop\/kleine-elektrogeraete\/milchaufschaumer\/alessi-plisse-schwarze-induktions-cappuccinomaschine\/#primaryimage"},"thumbnailUrl":"https:\/\/i2.wp.com\/interpim.erresse-shop.it\/Import\/Prodotti\/alessi-plisse-cappuccinatore-ad-induzione-nero.jpg?ssl=1","datePublished":"2026-04-10T11:13:39+00:00","description":"Die leichte Drapierung von Pliss\u00e9 umh\u00fcllt einen glitzernden Stahlk\u00f6rper: Durch die gekonnte Gegen\u00fcberstellung unterschiedlicher Geometrien und Materialien","breadcrumb":{"@id":"https:\/\/dev6.erresse-shop.it\/de\/shop\/kleine-elektrogeraete\/milchaufschaumer\/alessi-plisse-schwarze-induktions-cappuccinomaschine\/#breadcrumb"},"inLanguage":"de","potentialAction":[{"@type":"ReadAction","target":["https:\/\/dev6.erresse-shop.it\/de\/shop\/kleine-elektrogeraete\/milchaufschaumer\/alessi-plisse-schwarze-induktions-cappuccinomaschine\/"]}]},{"@type":"ImageObject","inLanguage":"de","@id":"https:\/\/dev6.erresse-shop.it\/de\/shop\/kleine-elektrogeraete\/milchaufschaumer\/alessi-plisse-schwarze-induktions-cappuccinomaschine\/#primaryimage","url":"https:\/\/i2.wp.com\/interpim.erresse-shop.it\/Import\/Prodotti\/alessi-plisse-cappuccinatore-ad-induzione-nero.jpg?ssl=1","contentUrl":"https:\/\/i2.wp.com\/interpim.erresse-shop.it\/Import\/Prodotti\/alessi-plisse-cappuccinatore-ad-induzione-nero.jpg?ssl=1"},{"@type":"BreadcrumbList","@id":"https:\/\/dev6.erresse-shop.it\/de\/shop\/kleine-elektrogeraete\/milchaufschaumer\/alessi-plisse-schwarze-induktions-cappuccinomaschine\/#breadcrumb","itemListElement":[{"@type":"ListItem","position":1,"name":"Home","item":"https:\/\/dev6.erresse-shop.it\/"},{"@type":"ListItem","position":2,"name":"Shop","item":"https:\/\/dev6.erresse-shop.it\/shop\/"},{"@type":"ListItem","position":3,"name":"ALESSI Pliss\u00e9 Schwarze Induktions-Cappuccinomaschine"}]},{"@type":"WebSite","@id":"https:\/\/dev6.erresse-shop.it\/#website","url":"https:\/\/dev6.erresse-shop.it\/","name":"Erresse Shop","description":"","publisher":{"@id":"https:\/\/dev6.erresse-shop.it\/#organization"},"potentialAction":[{"@type":"SearchAction","target":{"@type":"EntryPoint","urlTemplate":"https:\/\/dev6.erresse-shop.it\/?s={search_term_string}"},"query-input":{"@type":"PropertyValueSpecification","valueRequired":true,"valueName":"search_term_string"}}],"inLanguage":"de"},{"@type":"Organization","@id":"https:\/\/dev6.erresse-shop.it\/#organization","name":"Erresse Shop","url":"https:\/\/dev6.erresse-shop.it\/","logo":{"@type":"ImageObject","inLanguage":"de","@id":"https:\/\/dev6.erresse-shop.it\/#\/schema\/logo\/image\/","url":"https:\/\/dev6.erresse-shop.it\/wp-content\/uploads\/2025\/01\/LOGO-ERRESSE-CLASSICO.svg","contentUrl":"https:\/\/dev6.erresse-shop.it\/wp-content\/uploads\/2025\/01\/LOGO-ERRESSE-CLASSICO.svg","caption":"Erresse Shop"},"image":{"@id":"https:\/\/dev6.erresse-shop.it\/#\/schema\/logo\/image\/"}}]}},"df_price":126,"df_sale_price":126,"df_regular_price":140,"df_image_link":"https:\/\/i2.wp.com\/interpim.erresse-shop.it\/Import\/Prodotti\/alessi-plisse-cappuccinatore-ad-induzione-nero.jpg?resize=300,300&ssl=1","fifu_image_url":"https:\/\/interpim.erresse-shop.it\/Import\/Prodotti\/alessi-plisse-cappuccinatore-ad-induzione-nero.jpg","_links":{"self":[{"href":"https:\/\/dev6.erresse-shop.it\/de\/wp-json\/wp\/v2\/product\/1599920","targetHints":{"allow":["GET"]}}],"collection":[{"href":"https:\/\/dev6.erresse-shop.it\/de\/wp-json\/wp\/v2\/product"}],"about":[{"href":"https:\/\/dev6.erresse-shop.it\/de\/wp-json\/wp\/v2\/types\/product"}],"wp:featuredmedia":[{"embeddable":true,"href":"https:\/\/dev6.erresse-shop.it\/de\/wp-json\/wp\/v2\/media\/6331887"}],"wp:attachment":[{"href":"https:\/\/dev6.erresse-shop.it\/de\/wp-json\/wp\/v2\/media?parent=1599920"}],"wp:term":[{"taxonomy":"product_cat","embeddable":true,"href":"https:\/\/dev6.erresse-shop.it\/de\/wp-json\/wp\/v2\/product_cat?post=1599920"},{"taxonomy":"product_tag","embeddable":true,"href":"https:\/\/dev6.erresse-shop.it\/de\/wp-json\/wp\/v2\/product_tag?post=1599920"}],"curies":[{"name":"wp","href":"https:\/\/api.w.org\/{rel}","templated":true}]}}