{"id":1599882,"date":"2026-04-04T12:29:51","date_gmt":"2026-04-04T10:29:51","guid":{"rendered":"https:\/\/dev6.erresse-shop.it\/shop\/unkategorisiert\/stockli-titlis-big-fondue-set-21-cm\/"},"modified":"2025-09-14T02:42:43","modified_gmt":"2025-09-14T00:42:43","slug":"stockli-titlis-big-fondue-set-21-cm","status":"publish","type":"product","link":"https:\/\/dev6.erresse-shop.it\/de\/shop\/kuche\/stockli-titlis-big-fondue-set-21-cm\/","title":{"rendered":"STOCKLI Titlis Big Fondue-Set 21 cm"},"content":{"rendered":"<p>Gemeinsam teilen, gemeinsam wohlf\u00fchlen<\/p>\n<p>Inspiriert von der atemberaubenden Alpenlandschaft und dem schneebedeckten Gipfel des Titlis in der Zentralschweiz tr\u00e4gt dieses innovative Set seinen Namen. Wie das Bergmassiv f\u00e4llt es ins Auge und l\u00e4dt zu einem leckeren Fondue-Genu\u00df ein! Nicht nur f\u00fcr uns ist es ein fantastisches Erlebnis, wenn drau\u00dfen die Schneeflocken tanzen. An einem lauen Sommerabend im Freien gefeiert, zaubert es allen G\u00e4sten ein L\u00e4cheln ins Gesicht. Probieren Sie es aus, Sie werden begeistert sein!<\/p>\n<p>Emaillierter Fonduetopf und Rechaud aus robustem Gusseisen. Griffe und Sockel aus massivem Buchenholz. Diese bilden einen harmonischen Kontrast zum eleganten Schwarz und verleihen dem Set einen unverwechselbaren Charakter. Der induktionsgeeignete Topf l\u00e4sst sich platzsparend im Rechaud platzieren, mit Sicherheitsbrenner aus Paste. Inklusive 6 K\u00e4sefondue-Gabeln mit Holzgriffen. Fassungsverm\u00f6gen 3,2 Liter f\u00fcr 6 Personen.<\/p>\n<p>Technische Daten<\/p>\n<p>Brennertyp: Brennpaste<br \/>\nDurchmesser: 21 cm<br \/>\nFonduesorte: K\u00e4se<br \/>\nFarbe: Schwarz<br \/>\nMaximale Personenzahl: 6<br \/>\nGewicht: 5,1 kg<\/p>\n","protected":false},"excerpt":{"rendered":"<p>Gemeinsam teilen, gemeinsam wohlf\u00fchlen Inspiriert von der atemberaubenden Alpenlandschaft und dem schneebedeckten Gipfel des Titlis in der Zentralschweiz tr\u00e4gt dieses innovative Set seinen Namen. Wie das Bergmassiv f\u00e4llt es ins Auge und l\u00e4dt zu einem leckeren Fondue-Genu\u00df ein! Nicht nur f\u00fcr uns ist es ein fantastisches Erlebnis, wenn drau\u00dfen die Schneeflocken tanzen. An einem lauen [&hellip;]<\/p>\n","protected":false},"featured_media":6290147,"template":"","meta":{"_acf_changed":false},"product_cat":[12100],"product_tag":[],"class_list":{"0":"post-1599882","1":"product","2":"type-product","3":"status-publish","4":"has-post-thumbnail","6":"product_cat-kuche","8":"first","9":"instock","10":"sale","11":"taxable","12":"shipping-taxable","13":"purchasable","14":"product-type-simple","swatches":"rey-swatches","show_selected":"","stretch_labels":"rey-swatches--stretch-labels"},"acf":[],"yoast_head":"<!-- This site is optimized with the Yoast SEO plugin v25.4 - https:\/\/yoast.com\/wordpress\/plugins\/seo\/ -->\n<title>STOCKLI Titlis Big Fondue-Set 21 cm - dev6 Erresse<\/title>\n<meta name=\"description\" content=\"Gemeinsam teilen, gemeinsam wohlf\u00fchlen Inspiriert von der atemberaubenden Alpenlandschaft und dem schneebedeckten Gipfel des Titlis in der Zentralschweiz\" \/>\n<meta name=\"robots\" content=\"noindex, follow, max-snippet:-1, max-image-preview:large, max-video-preview:-1\" \/>\n<meta property=\"og:locale\" content=\"de_DE\" \/>\n<meta property=\"og:type\" content=\"article\" \/>\n<meta property=\"og:title\" content=\"STOCKLI Titlis Big Fondue-Set 21 cm - dev6 Erresse\" \/>\n<meta property=\"og:description\" content=\"Gemeinsam teilen, gemeinsam wohlf\u00fchlen Inspiriert von der atemberaubenden Alpenlandschaft und dem schneebedeckten Gipfel des Titlis in der Zentralschweiz\" \/>\n<meta property=\"og:url\" content=\"https:\/\/dev6.erresse-shop.it\/de\/shop\/kuche\/stockli-titlis-big-fondue-set-21-cm\/\" \/>\n<meta property=\"og:site_name\" content=\"dev6 Erresse\" \/>\n<meta property=\"og:image\" content=\"https:\/\/interpim.erresse-shop.it\/Import\/Prodotti\/stockli-set-fonduta-di-formaggio-titlis-big-21-cm.jpg\" \/><meta property=\"og:image\" content=\"https:\/\/interpim.erresse-shop.it\/Import\/Prodotti\/stockli-set-fonduta-di-formaggio-titlis-big-21-cm.jpg\" \/>\n\t<meta property=\"og:image:width\" content=\"1024\" \/>\n\t<meta property=\"og:image:height\" content=\"1024\" \/>\n\t<meta property=\"og:image:type\" content=\"image\/jpeg\" \/>\n<meta name=\"twitter:card\" content=\"summary_large_image\" \/>\n<meta name=\"twitter:image\" content=\"https:\/\/interpim.erresse-shop.it\/Import\/Prodotti\/stockli-set-fonduta-di-formaggio-titlis-big-21-cm.jpg\" \/>\n<script type=\"application\/ld+json\" class=\"yoast-schema-graph\">{\"@context\":\"https:\/\/schema.org\",\"@graph\":[{\"@type\":\"WebPage\",\"@id\":\"https:\/\/dev6.erresse-shop.it\/de\/shop\/kuche\/stockli-titlis-big-fondue-set-21-cm\/\",\"url\":\"https:\/\/dev6.erresse-shop.it\/de\/shop\/kuche\/stockli-titlis-big-fondue-set-21-cm\/\",\"name\":\"STOCKLI Titlis Big Fondue-Set 21 cm - dev6 Erresse\",\"isPartOf\":{\"@id\":\"https:\/\/dev6.erresse-shop.it\/#website\"},\"primaryImageOfPage\":{\"@id\":\"https:\/\/dev6.erresse-shop.it\/de\/shop\/kuche\/stockli-titlis-big-fondue-set-21-cm\/#primaryimage\"},\"image\":{\"@id\":\"https:\/\/dev6.erresse-shop.it\/de\/shop\/kuche\/stockli-titlis-big-fondue-set-21-cm\/#primaryimage\"},\"thumbnailUrl\":\"https:\/\/i3.wp.com\/interpim.erresse-shop.it\/Import\/Prodotti\/stockli-set-fonduta-di-formaggio-titlis-big-21-cm.jpg?ssl=1\",\"datePublished\":\"2026-04-04T10:29:51+00:00\",\"description\":\"Gemeinsam teilen, gemeinsam wohlf\u00fchlen Inspiriert von der atemberaubenden Alpenlandschaft und dem schneebedeckten Gipfel des Titlis in der Zentralschweiz\",\"breadcrumb\":{\"@id\":\"https:\/\/dev6.erresse-shop.it\/de\/shop\/kuche\/stockli-titlis-big-fondue-set-21-cm\/#breadcrumb\"},\"inLanguage\":\"de\",\"potentialAction\":[{\"@type\":\"ReadAction\",\"target\":[\"https:\/\/dev6.erresse-shop.it\/de\/shop\/kuche\/stockli-titlis-big-fondue-set-21-cm\/\"]}]},{\"@type\":\"ImageObject\",\"inLanguage\":\"de\",\"@id\":\"https:\/\/dev6.erresse-shop.it\/de\/shop\/kuche\/stockli-titlis-big-fondue-set-21-cm\/#primaryimage\",\"url\":\"https:\/\/i3.wp.com\/interpim.erresse-shop.it\/Import\/Prodotti\/stockli-set-fonduta-di-formaggio-titlis-big-21-cm.jpg?ssl=1\",\"contentUrl\":\"https:\/\/i3.wp.com\/interpim.erresse-shop.it\/Import\/Prodotti\/stockli-set-fonduta-di-formaggio-titlis-big-21-cm.jpg?ssl=1\"},{\"@type\":\"BreadcrumbList\",\"@id\":\"https:\/\/dev6.erresse-shop.it\/de\/shop\/kuche\/stockli-titlis-big-fondue-set-21-cm\/#breadcrumb\",\"itemListElement\":[{\"@type\":\"ListItem\",\"position\":1,\"name\":\"Home\",\"item\":\"https:\/\/dev6.erresse-shop.it\/\"},{\"@type\":\"ListItem\",\"position\":2,\"name\":\"Shop\",\"item\":\"https:\/\/dev6.erresse-shop.it\/shop\/\"},{\"@type\":\"ListItem\",\"position\":3,\"name\":\"STOCKLI Titlis Big Fondue-Set 21 cm\"}]},{\"@type\":\"WebSite\",\"@id\":\"https:\/\/dev6.erresse-shop.it\/#website\",\"url\":\"https:\/\/dev6.erresse-shop.it\/\",\"name\":\"Erresse Shop\",\"description\":\"\",\"publisher\":{\"@id\":\"https:\/\/dev6.erresse-shop.it\/#organization\"},\"potentialAction\":[{\"@type\":\"SearchAction\",\"target\":{\"@type\":\"EntryPoint\",\"urlTemplate\":\"https:\/\/dev6.erresse-shop.it\/?s={search_term_string}\"},\"query-input\":{\"@type\":\"PropertyValueSpecification\",\"valueRequired\":true,\"valueName\":\"search_term_string\"}}],\"inLanguage\":\"de\"},{\"@type\":\"Organization\",\"@id\":\"https:\/\/dev6.erresse-shop.it\/#organization\",\"name\":\"Erresse Shop\",\"url\":\"https:\/\/dev6.erresse-shop.it\/\",\"logo\":{\"@type\":\"ImageObject\",\"inLanguage\":\"de\",\"@id\":\"https:\/\/dev6.erresse-shop.it\/#\/schema\/logo\/image\/\",\"url\":\"https:\/\/dev6.erresse-shop.it\/wp-content\/uploads\/2025\/01\/LOGO-ERRESSE-CLASSICO.svg\",\"contentUrl\":\"https:\/\/dev6.erresse-shop.it\/wp-content\/uploads\/2025\/01\/LOGO-ERRESSE-CLASSICO.svg\",\"caption\":\"Erresse Shop\"},\"image\":{\"@id\":\"https:\/\/dev6.erresse-shop.it\/#\/schema\/logo\/image\/\"}}]}<\/script>\n<!-- \/ Yoast SEO plugin. -->","yoast_head_json":{"title":"STOCKLI Titlis Big Fondue-Set 21 cm - dev6 Erresse","description":"Gemeinsam teilen, gemeinsam wohlf\u00fchlen Inspiriert von der atemberaubenden Alpenlandschaft und dem schneebedeckten Gipfel des Titlis in der Zentralschweiz","robots":{"index":"noindex","follow":"follow","max-snippet":"max-snippet:-1","max-image-preview":"max-image-preview:large","max-video-preview":"max-video-preview:-1"},"og_locale":"de_DE","og_type":"article","og_title":"STOCKLI Titlis Big Fondue-Set 21 cm - dev6 Erresse","og_description":"Gemeinsam teilen, gemeinsam wohlf\u00fchlen Inspiriert von der atemberaubenden Alpenlandschaft und dem schneebedeckten Gipfel des Titlis in der Zentralschweiz","og_url":"https:\/\/dev6.erresse-shop.it\/de\/shop\/kuche\/stockli-titlis-big-fondue-set-21-cm\/","og_site_name":"dev6 Erresse","og_image":[{"url":"https:\/\/interpim.erresse-shop.it\/Import\/Prodotti\/stockli-set-fonduta-di-formaggio-titlis-big-21-cm.jpg","type":"","width":"","height":""},{"url":"https:\/\/interpim.erresse-shop.it\/Import\/Prodotti\/stockli-set-fonduta-di-formaggio-titlis-big-21-cm.jpg","width":1024,"height":1024,"type":"image\/jpeg"}],"twitter_card":"summary_large_image","twitter_image":"https:\/\/interpim.erresse-shop.it\/Import\/Prodotti\/stockli-set-fonduta-di-formaggio-titlis-big-21-cm.jpg","schema":{"@context":"https:\/\/schema.org","@graph":[{"@type":"WebPage","@id":"https:\/\/dev6.erresse-shop.it\/de\/shop\/kuche\/stockli-titlis-big-fondue-set-21-cm\/","url":"https:\/\/dev6.erresse-shop.it\/de\/shop\/kuche\/stockli-titlis-big-fondue-set-21-cm\/","name":"STOCKLI Titlis Big Fondue-Set 21 cm - dev6 Erresse","isPartOf":{"@id":"https:\/\/dev6.erresse-shop.it\/#website"},"primaryImageOfPage":{"@id":"https:\/\/dev6.erresse-shop.it\/de\/shop\/kuche\/stockli-titlis-big-fondue-set-21-cm\/#primaryimage"},"image":{"@id":"https:\/\/dev6.erresse-shop.it\/de\/shop\/kuche\/stockli-titlis-big-fondue-set-21-cm\/#primaryimage"},"thumbnailUrl":"https:\/\/i3.wp.com\/interpim.erresse-shop.it\/Import\/Prodotti\/stockli-set-fonduta-di-formaggio-titlis-big-21-cm.jpg?ssl=1","datePublished":"2026-04-04T10:29:51+00:00","description":"Gemeinsam teilen, gemeinsam wohlf\u00fchlen Inspiriert von der atemberaubenden Alpenlandschaft und dem schneebedeckten Gipfel des Titlis in der Zentralschweiz","breadcrumb":{"@id":"https:\/\/dev6.erresse-shop.it\/de\/shop\/kuche\/stockli-titlis-big-fondue-set-21-cm\/#breadcrumb"},"inLanguage":"de","potentialAction":[{"@type":"ReadAction","target":["https:\/\/dev6.erresse-shop.it\/de\/shop\/kuche\/stockli-titlis-big-fondue-set-21-cm\/"]}]},{"@type":"ImageObject","inLanguage":"de","@id":"https:\/\/dev6.erresse-shop.it\/de\/shop\/kuche\/stockli-titlis-big-fondue-set-21-cm\/#primaryimage","url":"https:\/\/i3.wp.com\/interpim.erresse-shop.it\/Import\/Prodotti\/stockli-set-fonduta-di-formaggio-titlis-big-21-cm.jpg?ssl=1","contentUrl":"https:\/\/i3.wp.com\/interpim.erresse-shop.it\/Import\/Prodotti\/stockli-set-fonduta-di-formaggio-titlis-big-21-cm.jpg?ssl=1"},{"@type":"BreadcrumbList","@id":"https:\/\/dev6.erresse-shop.it\/de\/shop\/kuche\/stockli-titlis-big-fondue-set-21-cm\/#breadcrumb","itemListElement":[{"@type":"ListItem","position":1,"name":"Home","item":"https:\/\/dev6.erresse-shop.it\/"},{"@type":"ListItem","position":2,"name":"Shop","item":"https:\/\/dev6.erresse-shop.it\/shop\/"},{"@type":"ListItem","position":3,"name":"STOCKLI Titlis Big Fondue-Set 21 cm"}]},{"@type":"WebSite","@id":"https:\/\/dev6.erresse-shop.it\/#website","url":"https:\/\/dev6.erresse-shop.it\/","name":"Erresse Shop","description":"","publisher":{"@id":"https:\/\/dev6.erresse-shop.it\/#organization"},"potentialAction":[{"@type":"SearchAction","target":{"@type":"EntryPoint","urlTemplate":"https:\/\/dev6.erresse-shop.it\/?s={search_term_string}"},"query-input":{"@type":"PropertyValueSpecification","valueRequired":true,"valueName":"search_term_string"}}],"inLanguage":"de"},{"@type":"Organization","@id":"https:\/\/dev6.erresse-shop.it\/#organization","name":"Erresse Shop","url":"https:\/\/dev6.erresse-shop.it\/","logo":{"@type":"ImageObject","inLanguage":"de","@id":"https:\/\/dev6.erresse-shop.it\/#\/schema\/logo\/image\/","url":"https:\/\/dev6.erresse-shop.it\/wp-content\/uploads\/2025\/01\/LOGO-ERRESSE-CLASSICO.svg","contentUrl":"https:\/\/dev6.erresse-shop.it\/wp-content\/uploads\/2025\/01\/LOGO-ERRESSE-CLASSICO.svg","caption":"Erresse Shop"},"image":{"@id":"https:\/\/dev6.erresse-shop.it\/#\/schema\/logo\/image\/"}}]}},"df_price":139,"df_sale_price":139,"df_regular_price":177,"df_image_link":"https:\/\/i3.wp.com\/interpim.erresse-shop.it\/Import\/Prodotti\/stockli-set-fonduta-di-formaggio-titlis-big-21-cm.jpg?resize=300,300&ssl=1","fifu_image_url":"https:\/\/interpim.erresse-shop.it\/Import\/Prodotti\/stockli-set-fonduta-di-formaggio-titlis-big-21-cm.jpg","_links":{"self":[{"href":"https:\/\/dev6.erresse-shop.it\/de\/wp-json\/wp\/v2\/product\/1599882","targetHints":{"allow":["GET"]}}],"collection":[{"href":"https:\/\/dev6.erresse-shop.it\/de\/wp-json\/wp\/v2\/product"}],"about":[{"href":"https:\/\/dev6.erresse-shop.it\/de\/wp-json\/wp\/v2\/types\/product"}],"wp:featuredmedia":[{"embeddable":true,"href":"https:\/\/dev6.erresse-shop.it\/de\/wp-json\/wp\/v2\/media\/6290147"}],"wp:attachment":[{"href":"https:\/\/dev6.erresse-shop.it\/de\/wp-json\/wp\/v2\/media?parent=1599882"}],"wp:term":[{"taxonomy":"product_cat","embeddable":true,"href":"https:\/\/dev6.erresse-shop.it\/de\/wp-json\/wp\/v2\/product_cat?post=1599882"},{"taxonomy":"product_tag","embeddable":true,"href":"https:\/\/dev6.erresse-shop.it\/de\/wp-json\/wp\/v2\/product_tag?post=1599882"}],"curies":[{"name":"wp","href":"https:\/\/api.w.org\/{rel}","templated":true}]}}