{"id":1599880,"date":"2026-04-12T12:32:36","date_gmt":"2026-04-12T10:32:36","guid":{"rendered":"https:\/\/dev6.erresse-shop.it\/shop\/unkategorisiert\/jura-kaffeemaschine-giga-we6-piano-black\/"},"modified":"2025-11-30T17:48:47","modified_gmt":"2025-11-30T16:48:47","slug":"jura-kaffeemaschine-giga-we6-piano-black","status":"publish","type":"product","link":"https:\/\/dev6.erresse-shop.it\/de\/shop\/kleine-elektrogeraete\/kaffeemaschinen-espresso\/automatisch\/jura-kaffeemaschine-giga-we6-piano-black\/","title":{"rendered":"JURA Kaffeemaschine GIGA WE6 Piano Black"},"content":{"rendered":"<p>Klassische Kaffeespezialit\u00e4ten f\u00fcr den Arbeitsplatz<\/p>\n<p>Wo Kunden, Mitarbeiter und G\u00e4ste Kaffee genie\u00dfen, entsteht eine angenehme Atmosph\u00e4re: Kaffee tr\u00e4gt dazu bei, das Umfeld heiter, kommunikativ und produktiv zu gestalten. Kaffee befl\u00fcgelt den Geist und f\u00f6rdert die Kreativit\u00e4t. Kaffee ist aus einer Arbeitswelt nicht mehr wegzudenken. Die neue WE6 ist das virtuose Werkzeug f\u00fcr die perfekte Zubereitung klassischer Kaffeespezialit\u00e4ten vom Ristretto \u00fcber Caf\u00e9 Cr\u00e8me bis hin zum Espresso.<\/p>\n<p>Modernste Technologien f\u00fcr perfekten Genuss<\/p>\n<p>Die professionelle Aroma-Kaffeem\u00fchle garantiert 12,2 %* mehr Aroma und eine unver\u00e4ndert hohe Mahlqualit\u00e4t ein Maschinenleben lang. Durch seine ausgereifte Geometrie wird eine optimale Schleifkurve erreicht. Das hei\u00dft, durch den h\u00f6heren Feinanteil k\u00f6nnen die Aromen ihre ganze Intensit\u00e4t entfalten.<\/p>\n<p>* Professionelle Aroma-Kaffeem\u00fchle im Vergleich zu herk\u00f6mmlichen Kaffeem\u00fchlen<\/p>\n<p>T\u00dcV-zertifizierte Hygienegarantie<\/p>\n<p>In Unternehmen wird stets gr\u00f6\u00dfter Wert auf Sauberkeit und Hygiene gelegt. Deshalb sorgen die integrierten Sp\u00fcl- und Reinigungsprogramme sowie die speziell f\u00fcr JURA-Vollautomaten entwickelten Reinigungsprodukte f\u00fcr absolute Hygiene auf Knopfdruck \u2013 und das sogar T\u00dcV Rheinland zertifiziert: Das macht die WE6 auch f\u00fcr Betriebe zur idealen Wahl, in denen das HACCP*-Protokoll gilt.<\/p>\n<p>So individuell wie Ihre Bed\u00fcrfnisse<\/p>\n<p>Je nach Einsatzgebiet variieren die Anforderungen: Deshalb bietet der WE6 vielf\u00e4ltige M\u00f6glichkeiten zur Programmierung und Individualisierung. So lassen sich beispielsweise die Wasser- und Kaffeepulvermenge optimal an die individuellen Vorlieben und die verwendeten Gerichte anpassen. Ebenso ist es durch das Blockieren anderer Spezialit\u00e4ten m\u00f6glich, bestimmte Kaffeespezialit\u00e4ten zu bevorzugen. Auf Wunsch stehen zudem verschiedene Modi zur Verf\u00fcgung, die eine \u00c4nderung der Voreinstellungen oder eine nur nach Eingabe einer bestimmten Tastenkombination in die Tasse bezogene Kaffeemenge erm\u00f6glichen. Somit ist jeglicher Missbrauch ausgeschlossen.<\/p>\n<p>* Gefahrenanalyse und Protokoll f\u00fcr kritische Kontrollpunkte<\/p>\n<p>So individuell wie Ihre Bed\u00fcrfnisse<\/p>\n<p>Je nach Einsatzgebiet variieren die Anforderungen: Deshalb bietet der WE6 vielf\u00e4ltige M\u00f6glichkeiten zur Programmierung und Individualisierung. So lassen sich beispielsweise die Wasser- und Kaffeepulvermenge optimal an die individuellen Vorlieben und die verwendeten Gerichte anpassen. Ebenso ist es durch das Blockieren anderer Spezialit\u00e4ten m\u00f6glich, bestimmte Kaffeespezialit\u00e4ten zu bevorzugen. Auf Wunsch stehen zudem verschiedene Modi zur Verf\u00fcgung, die eine \u00c4nderung der Voreinstellungen oder eine nur nach Eingabe einer bestimmten Tastenkombination in die Tasse bezogene Kaffeemenge erm\u00f6glichen. Somit ist jeglicher Missbrauch ausgeschlossen.<\/p>\n<p>Technische Daten<\/p>\n<p>Fassungsverm\u00f6gen Wassertank: 3\u00a0l<br \/>\nKapazit\u00e4t Kaffeebohnenbeh\u00e4lter: 500 g<br \/>\nKaffeesatzbeh\u00e4lter: (ungef\u00e4hre Portionen) 25<br \/>\nKabell\u00e4nge: 1,1 m<br \/>\nSpannung \/ Leistung: 230 V ~ \/ 1450 W<br \/>\nGewicht: 10 kg<br \/>\nAbmessungen (B \u00d7 H \u00d7 T): 29,5 \u00d7 41,9 \u00d7 44,4 cm<\/p>\n","protected":false},"excerpt":{"rendered":"<p>Klassische Kaffeespezialit\u00e4ten f\u00fcr den Arbeitsplatz Wo Kunden, Mitarbeiter und G\u00e4ste Kaffee genie\u00dfen, entsteht eine angenehme Atmosph\u00e4re: Kaffee tr\u00e4gt dazu bei, das Umfeld heiter, kommunikativ und produktiv zu gestalten. Kaffee befl\u00fcgelt den Geist und f\u00f6rdert die Kreativit\u00e4t. Kaffee ist aus einer Arbeitswelt nicht mehr wegzudenken. Die neue WE6 ist das virtuose Werkzeug f\u00fcr die perfekte Zubereitung [&hellip;]<\/p>\n","protected":false},"featured_media":6373406,"template":"","meta":{"_acf_changed":false},"product_cat":[12184,12171,12163],"product_tag":[],"class_list":{"0":"post-1599880","1":"product","2":"type-product","3":"status-publish","4":"has-post-thumbnail","6":"product_cat-automatisch","7":"product_cat-kaffeemaschinen-espresso","8":"product_cat-kleine-elektrogeraete","10":"first","11":"instock","12":"sale","13":"taxable","14":"shipping-taxable","15":"purchasable","16":"product-type-simple","swatches":"rey-swatches","show_selected":"","stretch_labels":"rey-swatches--stretch-labels"},"acf":[],"yoast_head":"<!-- This site is optimized with the Yoast SEO plugin v25.4 - https:\/\/yoast.com\/wordpress\/plugins\/seo\/ -->\n<title>JURA Kaffeemaschine GIGA WE6 Piano Black - dev6 Erresse<\/title>\n<meta name=\"description\" content=\"Klassische Kaffeespezialit\u00e4ten f\u00fcr den Arbeitsplatz Wo Kunden, Mitarbeiter und G\u00e4ste Kaffee genie\u00dfen, entsteht eine angenehme Atmosph\u00e4re: Kaffee tr\u00e4gt\" \/>\n<meta name=\"robots\" content=\"noindex, follow, max-snippet:-1, max-image-preview:large, max-video-preview:-1\" \/>\n<meta property=\"og:locale\" content=\"de_DE\" \/>\n<meta property=\"og:type\" content=\"article\" \/>\n<meta property=\"og:title\" content=\"JURA Kaffeemaschine GIGA WE6 Piano Black - dev6 Erresse\" \/>\n<meta property=\"og:description\" content=\"Klassische Kaffeespezialit\u00e4ten f\u00fcr den Arbeitsplatz Wo Kunden, Mitarbeiter und G\u00e4ste Kaffee genie\u00dfen, entsteht eine angenehme Atmosph\u00e4re: Kaffee tr\u00e4gt\" \/>\n<meta property=\"og:url\" content=\"https:\/\/dev6.erresse-shop.it\/de\/shop\/kleine-elektrogeraete\/kaffeemaschinen-espresso\/automatisch\/jura-kaffeemaschine-giga-we6-piano-black\/\" \/>\n<meta property=\"og:site_name\" content=\"dev6 Erresse\" \/>\n<meta property=\"og:image\" content=\"https:\/\/interpim.erresse-shop.it\/Import\/Prodotti\/jura-macchina-da-caffe-giga-we8-piano-black.jpg\" \/><meta property=\"og:image\" content=\"https:\/\/interpim.erresse-shop.it\/Import\/Prodotti\/jura-macchina-da-caffe-giga-we8-piano-black.jpg\" \/>\n\t<meta property=\"og:image:width\" content=\"1024\" \/>\n\t<meta property=\"og:image:height\" content=\"1024\" \/>\n\t<meta property=\"og:image:type\" content=\"image\/jpeg\" \/>\n<meta name=\"twitter:card\" content=\"summary_large_image\" \/>\n<meta name=\"twitter:image\" content=\"https:\/\/interpim.erresse-shop.it\/Import\/Prodotti\/jura-macchina-da-caffe-giga-we8-piano-black.jpg\" \/>\n<script type=\"application\/ld+json\" class=\"yoast-schema-graph\">{\"@context\":\"https:\/\/schema.org\",\"@graph\":[{\"@type\":\"WebPage\",\"@id\":\"https:\/\/dev6.erresse-shop.it\/de\/shop\/kleine-elektrogeraete\/kaffeemaschinen-espresso\/automatisch\/jura-kaffeemaschine-giga-we6-piano-black\/\",\"url\":\"https:\/\/dev6.erresse-shop.it\/de\/shop\/kleine-elektrogeraete\/kaffeemaschinen-espresso\/automatisch\/jura-kaffeemaschine-giga-we6-piano-black\/\",\"name\":\"JURA Kaffeemaschine GIGA WE6 Piano Black - dev6 Erresse\",\"isPartOf\":{\"@id\":\"https:\/\/dev6.erresse-shop.it\/#website\"},\"primaryImageOfPage\":{\"@id\":\"https:\/\/dev6.erresse-shop.it\/de\/shop\/kleine-elektrogeraete\/kaffeemaschinen-espresso\/automatisch\/jura-kaffeemaschine-giga-we6-piano-black\/#primaryimage\"},\"image\":{\"@id\":\"https:\/\/dev6.erresse-shop.it\/de\/shop\/kleine-elektrogeraete\/kaffeemaschinen-espresso\/automatisch\/jura-kaffeemaschine-giga-we6-piano-black\/#primaryimage\"},\"thumbnailUrl\":\"https:\/\/i2.wp.com\/interpim.erresse-shop.it\/Import\/Prodotti\/jura-macchina-da-caffe-giga-we8-piano-black.jpg?ssl=1\",\"datePublished\":\"2026-04-12T10:32:36+00:00\",\"description\":\"Klassische Kaffeespezialit\u00e4ten f\u00fcr den Arbeitsplatz Wo Kunden, Mitarbeiter und G\u00e4ste Kaffee genie\u00dfen, entsteht eine angenehme Atmosph\u00e4re: Kaffee tr\u00e4gt\",\"breadcrumb\":{\"@id\":\"https:\/\/dev6.erresse-shop.it\/de\/shop\/kleine-elektrogeraete\/kaffeemaschinen-espresso\/automatisch\/jura-kaffeemaschine-giga-we6-piano-black\/#breadcrumb\"},\"inLanguage\":\"de\",\"potentialAction\":[{\"@type\":\"ReadAction\",\"target\":[\"https:\/\/dev6.erresse-shop.it\/de\/shop\/kleine-elektrogeraete\/kaffeemaschinen-espresso\/automatisch\/jura-kaffeemaschine-giga-we6-piano-black\/\"]}]},{\"@type\":\"ImageObject\",\"inLanguage\":\"de\",\"@id\":\"https:\/\/dev6.erresse-shop.it\/de\/shop\/kleine-elektrogeraete\/kaffeemaschinen-espresso\/automatisch\/jura-kaffeemaschine-giga-we6-piano-black\/#primaryimage\",\"url\":\"https:\/\/i2.wp.com\/interpim.erresse-shop.it\/Import\/Prodotti\/jura-macchina-da-caffe-giga-we8-piano-black.jpg?ssl=1\",\"contentUrl\":\"https:\/\/i2.wp.com\/interpim.erresse-shop.it\/Import\/Prodotti\/jura-macchina-da-caffe-giga-we8-piano-black.jpg?ssl=1\"},{\"@type\":\"BreadcrumbList\",\"@id\":\"https:\/\/dev6.erresse-shop.it\/de\/shop\/kleine-elektrogeraete\/kaffeemaschinen-espresso\/automatisch\/jura-kaffeemaschine-giga-we6-piano-black\/#breadcrumb\",\"itemListElement\":[{\"@type\":\"ListItem\",\"position\":1,\"name\":\"Home\",\"item\":\"https:\/\/dev6.erresse-shop.it\/\"},{\"@type\":\"ListItem\",\"position\":2,\"name\":\"Shop\",\"item\":\"https:\/\/dev6.erresse-shop.it\/shop\/\"},{\"@type\":\"ListItem\",\"position\":3,\"name\":\"JURA Kaffeemaschine GIGA WE6 Piano Black\"}]},{\"@type\":\"WebSite\",\"@id\":\"https:\/\/dev6.erresse-shop.it\/#website\",\"url\":\"https:\/\/dev6.erresse-shop.it\/\",\"name\":\"Erresse Shop\",\"description\":\"\",\"publisher\":{\"@id\":\"https:\/\/dev6.erresse-shop.it\/#organization\"},\"potentialAction\":[{\"@type\":\"SearchAction\",\"target\":{\"@type\":\"EntryPoint\",\"urlTemplate\":\"https:\/\/dev6.erresse-shop.it\/?s={search_term_string}\"},\"query-input\":{\"@type\":\"PropertyValueSpecification\",\"valueRequired\":true,\"valueName\":\"search_term_string\"}}],\"inLanguage\":\"de\"},{\"@type\":\"Organization\",\"@id\":\"https:\/\/dev6.erresse-shop.it\/#organization\",\"name\":\"Erresse Shop\",\"url\":\"https:\/\/dev6.erresse-shop.it\/\",\"logo\":{\"@type\":\"ImageObject\",\"inLanguage\":\"de\",\"@id\":\"https:\/\/dev6.erresse-shop.it\/#\/schema\/logo\/image\/\",\"url\":\"https:\/\/dev6.erresse-shop.it\/wp-content\/uploads\/2025\/01\/LOGO-ERRESSE-CLASSICO.svg\",\"contentUrl\":\"https:\/\/dev6.erresse-shop.it\/wp-content\/uploads\/2025\/01\/LOGO-ERRESSE-CLASSICO.svg\",\"caption\":\"Erresse Shop\"},\"image\":{\"@id\":\"https:\/\/dev6.erresse-shop.it\/#\/schema\/logo\/image\/\"}}]}<\/script>\n<!-- \/ Yoast SEO plugin. -->","yoast_head_json":{"title":"JURA Kaffeemaschine GIGA WE6 Piano Black - dev6 Erresse","description":"Klassische Kaffeespezialit\u00e4ten f\u00fcr den Arbeitsplatz Wo Kunden, Mitarbeiter und G\u00e4ste Kaffee genie\u00dfen, entsteht eine angenehme Atmosph\u00e4re: Kaffee tr\u00e4gt","robots":{"index":"noindex","follow":"follow","max-snippet":"max-snippet:-1","max-image-preview":"max-image-preview:large","max-video-preview":"max-video-preview:-1"},"og_locale":"de_DE","og_type":"article","og_title":"JURA Kaffeemaschine GIGA WE6 Piano Black - dev6 Erresse","og_description":"Klassische Kaffeespezialit\u00e4ten f\u00fcr den Arbeitsplatz Wo Kunden, Mitarbeiter und G\u00e4ste Kaffee genie\u00dfen, entsteht eine angenehme Atmosph\u00e4re: Kaffee tr\u00e4gt","og_url":"https:\/\/dev6.erresse-shop.it\/de\/shop\/kleine-elektrogeraete\/kaffeemaschinen-espresso\/automatisch\/jura-kaffeemaschine-giga-we6-piano-black\/","og_site_name":"dev6 Erresse","og_image":[{"url":"https:\/\/interpim.erresse-shop.it\/Import\/Prodotti\/jura-macchina-da-caffe-giga-we8-piano-black.jpg","type":"","width":"","height":""},{"url":"https:\/\/interpim.erresse-shop.it\/Import\/Prodotti\/jura-macchina-da-caffe-giga-we8-piano-black.jpg","width":1024,"height":1024,"type":"image\/jpeg"}],"twitter_card":"summary_large_image","twitter_image":"https:\/\/interpim.erresse-shop.it\/Import\/Prodotti\/jura-macchina-da-caffe-giga-we8-piano-black.jpg","schema":{"@context":"https:\/\/schema.org","@graph":[{"@type":"WebPage","@id":"https:\/\/dev6.erresse-shop.it\/de\/shop\/kleine-elektrogeraete\/kaffeemaschinen-espresso\/automatisch\/jura-kaffeemaschine-giga-we6-piano-black\/","url":"https:\/\/dev6.erresse-shop.it\/de\/shop\/kleine-elektrogeraete\/kaffeemaschinen-espresso\/automatisch\/jura-kaffeemaschine-giga-we6-piano-black\/","name":"JURA Kaffeemaschine GIGA WE6 Piano Black - dev6 Erresse","isPartOf":{"@id":"https:\/\/dev6.erresse-shop.it\/#website"},"primaryImageOfPage":{"@id":"https:\/\/dev6.erresse-shop.it\/de\/shop\/kleine-elektrogeraete\/kaffeemaschinen-espresso\/automatisch\/jura-kaffeemaschine-giga-we6-piano-black\/#primaryimage"},"image":{"@id":"https:\/\/dev6.erresse-shop.it\/de\/shop\/kleine-elektrogeraete\/kaffeemaschinen-espresso\/automatisch\/jura-kaffeemaschine-giga-we6-piano-black\/#primaryimage"},"thumbnailUrl":"https:\/\/i2.wp.com\/interpim.erresse-shop.it\/Import\/Prodotti\/jura-macchina-da-caffe-giga-we8-piano-black.jpg?ssl=1","datePublished":"2026-04-12T10:32:36+00:00","description":"Klassische Kaffeespezialit\u00e4ten f\u00fcr den Arbeitsplatz Wo Kunden, Mitarbeiter und G\u00e4ste Kaffee genie\u00dfen, entsteht eine angenehme Atmosph\u00e4re: Kaffee tr\u00e4gt","breadcrumb":{"@id":"https:\/\/dev6.erresse-shop.it\/de\/shop\/kleine-elektrogeraete\/kaffeemaschinen-espresso\/automatisch\/jura-kaffeemaschine-giga-we6-piano-black\/#breadcrumb"},"inLanguage":"de","potentialAction":[{"@type":"ReadAction","target":["https:\/\/dev6.erresse-shop.it\/de\/shop\/kleine-elektrogeraete\/kaffeemaschinen-espresso\/automatisch\/jura-kaffeemaschine-giga-we6-piano-black\/"]}]},{"@type":"ImageObject","inLanguage":"de","@id":"https:\/\/dev6.erresse-shop.it\/de\/shop\/kleine-elektrogeraete\/kaffeemaschinen-espresso\/automatisch\/jura-kaffeemaschine-giga-we6-piano-black\/#primaryimage","url":"https:\/\/i2.wp.com\/interpim.erresse-shop.it\/Import\/Prodotti\/jura-macchina-da-caffe-giga-we8-piano-black.jpg?ssl=1","contentUrl":"https:\/\/i2.wp.com\/interpim.erresse-shop.it\/Import\/Prodotti\/jura-macchina-da-caffe-giga-we8-piano-black.jpg?ssl=1"},{"@type":"BreadcrumbList","@id":"https:\/\/dev6.erresse-shop.it\/de\/shop\/kleine-elektrogeraete\/kaffeemaschinen-espresso\/automatisch\/jura-kaffeemaschine-giga-we6-piano-black\/#breadcrumb","itemListElement":[{"@type":"ListItem","position":1,"name":"Home","item":"https:\/\/dev6.erresse-shop.it\/"},{"@type":"ListItem","position":2,"name":"Shop","item":"https:\/\/dev6.erresse-shop.it\/shop\/"},{"@type":"ListItem","position":3,"name":"JURA Kaffeemaschine GIGA WE6 Piano Black"}]},{"@type":"WebSite","@id":"https:\/\/dev6.erresse-shop.it\/#website","url":"https:\/\/dev6.erresse-shop.it\/","name":"Erresse Shop","description":"","publisher":{"@id":"https:\/\/dev6.erresse-shop.it\/#organization"},"potentialAction":[{"@type":"SearchAction","target":{"@type":"EntryPoint","urlTemplate":"https:\/\/dev6.erresse-shop.it\/?s={search_term_string}"},"query-input":{"@type":"PropertyValueSpecification","valueRequired":true,"valueName":"search_term_string"}}],"inLanguage":"de"},{"@type":"Organization","@id":"https:\/\/dev6.erresse-shop.it\/#organization","name":"Erresse Shop","url":"https:\/\/dev6.erresse-shop.it\/","logo":{"@type":"ImageObject","inLanguage":"de","@id":"https:\/\/dev6.erresse-shop.it\/#\/schema\/logo\/image\/","url":"https:\/\/dev6.erresse-shop.it\/wp-content\/uploads\/2025\/01\/LOGO-ERRESSE-CLASSICO.svg","contentUrl":"https:\/\/dev6.erresse-shop.it\/wp-content\/uploads\/2025\/01\/LOGO-ERRESSE-CLASSICO.svg","caption":"Erresse Shop"},"image":{"@id":"https:\/\/dev6.erresse-shop.it\/#\/schema\/logo\/image\/"}}]}},"df_price":1369,"df_sale_price":1369,"df_regular_price":1599,"df_image_link":"https:\/\/i2.wp.com\/interpim.erresse-shop.it\/Import\/Prodotti\/jura-macchina-da-caffe-giga-we8-piano-black.jpg?resize=300,300&ssl=1","fifu_image_url":"https:\/\/interpim.erresse-shop.it\/Import\/Prodotti\/jura-macchina-da-caffe-giga-we8-piano-black.jpg","_links":{"self":[{"href":"https:\/\/dev6.erresse-shop.it\/de\/wp-json\/wp\/v2\/product\/1599880","targetHints":{"allow":["GET"]}}],"collection":[{"href":"https:\/\/dev6.erresse-shop.it\/de\/wp-json\/wp\/v2\/product"}],"about":[{"href":"https:\/\/dev6.erresse-shop.it\/de\/wp-json\/wp\/v2\/types\/product"}],"wp:featuredmedia":[{"embeddable":true,"href":"https:\/\/dev6.erresse-shop.it\/de\/wp-json\/wp\/v2\/media\/6373406"}],"wp:attachment":[{"href":"https:\/\/dev6.erresse-shop.it\/de\/wp-json\/wp\/v2\/media?parent=1599880"}],"wp:term":[{"taxonomy":"product_cat","embeddable":true,"href":"https:\/\/dev6.erresse-shop.it\/de\/wp-json\/wp\/v2\/product_cat?post=1599880"},{"taxonomy":"product_tag","embeddable":true,"href":"https:\/\/dev6.erresse-shop.it\/de\/wp-json\/wp\/v2\/product_tag?post=1599880"}],"curies":[{"name":"wp","href":"https:\/\/api.w.org\/{rel}","templated":true}]}}