{"id":1599878,"date":"2026-04-12T12:32:36","date_gmt":"2026-04-12T10:32:36","guid":{"rendered":"https:\/\/dev6.erresse-shop.it\/shop\/unkategorisiert\/jura-kaffeemaschine-giga-we8-chrome\/"},"modified":"2025-07-04T14:38:00","modified_gmt":"2025-07-04T12:38:00","slug":"jura-kaffeemaschine-giga-we8-chrome","status":"publish","type":"product","link":"https:\/\/dev6.erresse-shop.it\/de\/shop\/kleine-elektrogeraete\/kaffeemaschinen-espresso\/automatisch\/jura-kaffeemaschine-giga-we8-chrome\/","title":{"rendered":"JURA Kaffeemaschine GIGA WE8 Chrome"},"content":{"rendered":"<p>Spezialit\u00e4tenkaffee f\u00fcr den Arbeitsplatz<\/p>\n<p>Wo Kunden, Mitarbeiter und G\u00e4ste Kaffee genie\u00dfen, entsteht eine angenehme Atmosph\u00e4re: Kaffee tr\u00e4gt dazu bei, das Umfeld heiter, kommunikativ und produktiv zu gestalten.<\/p>\n<p>Wer Genuss, Vielfalt in Sachen Kaffeespezialit\u00e4ten und \u00e4sthetische Eleganz bevorzugt, wird von der WE8 nicht entt\u00e4uscht sein. Der Wassertank mit 3 l Fassungsverm\u00f6gen, der Kaffeebeh\u00e4lter f\u00fcr 500 g Kaffeebohnen und der Kaffeesatzbeh\u00e4lter mit einer Kapazit\u00e4t f\u00fcr 25 Portionen machen den eleganten Profi-Vollautomaten zur idealen L\u00f6sung f\u00fcr Orte, an denen ca. 30 Kaffeespezialit\u00e4ten.<\/p>\n<p>Innovative Technologien revolutionieren den Kaffeegenuss. Mit der One-Touch-Funktion kreieren Sie trendige Spezialit\u00e4ten wie Latte Macchiato, Flat White oder Cappuccino einfach auf Knopfdruck. Die auf der Frontseite angeordneten Tasten und ein modernes TFT-Display machen die Bedienung auch f\u00fcr unge\u00fcbte Benutzer einfach und intuitiv.<\/p>\n<p>Das einfache und essentielle Design, akzentuiert durch elegante Chromeins\u00e4tze, macht den WE8 zum Kronjuwel jeder K\u00fcche.<\/p>\n<p>Modernste Technologien f\u00fcr perfekten Genuss<\/p>\n<p>Die professionelle Aroma-Kaffeem\u00fchle garantiert 12,2 %* mehr Aroma und eine unver\u00e4ndert hohe Mahlqualit\u00e4t ein Maschinenleben lang. Durch seine ausgereifte Geometrie wird eine optimale Schleifkurve erreicht. Das hei\u00dft, durch den h\u00f6heren Feinanteil k\u00f6nnen die Aromen ihre ganze Intensit\u00e4t entfalten.<\/p>\n<p>* Professionelle Aroma-Kaffeem\u00fchle im Vergleich zu herk\u00f6mmlichen Kaffeem\u00fchlen<\/p>\n<p>F\u00fcr Liebhaber von Spezialit\u00e4ten<\/p>\n<p>Der erfolgreiche B\u00fcroautomat wurde weiter verbessert. 16 verschiedene Spezialit\u00e4ten bereitet die WE8 nun auf Knopfdruck zu. Erweitert wurde das Sortiment um Espresso Macchiato, Espresso Doppio, Spezialit\u00e4tenkaffee und Gr\u00fcnteewasser auf Knopfdruck.<\/p>\n<p>G2 Mikroschaumd\u00fcse<\/p>\n<p>Die neue G2-Mikroschaumd\u00fcse besteht aus Materialien h\u00f6chster Qualit\u00e4t f\u00fcr maximale \u00e4sthetische Sch\u00f6nheit und taktiles Vergn\u00fcgen. Die multifunktionale D\u00fcse wurde speziell f\u00fcr die Zubereitung von Kaffeespezialit\u00e4ten mit Milchschaum entwickelt und zaubert Cappuccinos und vieles mehr und garantiert dabei stets einen Mikroschaum von hervorragender Qualit\u00e4t.<\/p>\n<p>So individuell wie Ihre Bed\u00fcrfnisse<\/p>\n<p>Je nach Einsatzgebiet variieren die Anforderungen: Aus diesem Grund bietet der WE8 vielf\u00e4ltige M\u00f6glichkeiten zur Programmierung und Individualisierung. So lassen sich beispielsweise die Wasser- und Kaffeepulvermenge optimal an die individuellen Vorlieben und die verwendeten Gerichte anpassen. Ebenso ist es durch das Blockieren anderer Spezialit\u00e4ten m\u00f6glich, bestimmte Kaffeespezialit\u00e4ten zu bevorzugen. Auf Wunsch stehen zudem verschiedene Modi zur Verf\u00fcgung, die eine \u00c4nderung der Voreinstellungen oder eine nur nach Eingabe einer bestimmten Tastenkombination in die Tasse bezogene Kaffeemenge erm\u00f6glichen.<\/p>\n<p>Technische Daten<\/p>\n<p>Fassungsverm\u00f6gen Wassertank: 3\u00a0l<br \/>\nKapazit\u00e4t Kaffeebohnenbeh\u00e4lter: 500 g<br \/>\nKaffeesatzbeh\u00e4lter: (Portionen ca.) 25<br \/>\nKabell\u00e4nge: 1,1 m<br \/>\nSpannung \/ Leistung: 230 V ~ \/ 1450 W<br \/>\nGewicht: 10 kg<br \/>\nAbmessungen (B \u00d7 H \u00d7 T): 29,5 \u00d7 41,9 \u00d7 44,4 cm<\/p>\n","protected":false},"excerpt":{"rendered":"<p>Spezialit\u00e4tenkaffee f\u00fcr den Arbeitsplatz Wo Kunden, Mitarbeiter und G\u00e4ste Kaffee genie\u00dfen, entsteht eine angenehme Atmosph\u00e4re: Kaffee tr\u00e4gt dazu bei, das Umfeld heiter, kommunikativ und produktiv zu gestalten. Wer Genuss, Vielfalt in Sachen Kaffeespezialit\u00e4ten und \u00e4sthetische Eleganz bevorzugt, wird von der WE8 nicht entt\u00e4uscht sein. Der Wassertank mit 3 l Fassungsverm\u00f6gen, der Kaffeebeh\u00e4lter f\u00fcr 500 g [&hellip;]<\/p>\n","protected":false},"featured_media":6373393,"template":"","meta":{"_acf_changed":false},"product_cat":[12184,12171,12163],"product_tag":[],"class_list":{"0":"post-1599878","1":"product","2":"type-product","3":"status-publish","4":"has-post-thumbnail","6":"product_cat-automatisch","7":"product_cat-kaffeemaschinen-espresso","8":"product_cat-kleine-elektrogeraete","10":"first","11":"instock","12":"sale","13":"taxable","14":"shipping-taxable","15":"purchasable","16":"product-type-simple","swatches":"rey-swatches","show_selected":"","stretch_labels":"rey-swatches--stretch-labels"},"acf":[],"yoast_head":"<!-- This site is optimized with the Yoast SEO plugin v25.4 - https:\/\/yoast.com\/wordpress\/plugins\/seo\/ -->\n<title>JURA Kaffeemaschine GIGA WE8 Chrome - dev6 Erresse<\/title>\n<meta name=\"description\" content=\"Spezialit\u00e4tenkaffee f\u00fcr den Arbeitsplatz Wo Kunden, Mitarbeiter und G\u00e4ste Kaffee genie\u00dfen, entsteht eine angenehme Atmosph\u00e4re: Kaffee tr\u00e4gt dazu bei, das\" \/>\n<meta name=\"robots\" content=\"noindex, follow, max-snippet:-1, max-image-preview:large, max-video-preview:-1\" \/>\n<meta property=\"og:locale\" content=\"de_DE\" \/>\n<meta property=\"og:type\" content=\"article\" \/>\n<meta property=\"og:title\" content=\"JURA Kaffeemaschine GIGA WE8 Chrome - dev6 Erresse\" \/>\n<meta property=\"og:description\" content=\"Spezialit\u00e4tenkaffee f\u00fcr den Arbeitsplatz Wo Kunden, Mitarbeiter und G\u00e4ste Kaffee genie\u00dfen, entsteht eine angenehme Atmosph\u00e4re: Kaffee tr\u00e4gt dazu bei, das\" \/>\n<meta property=\"og:url\" content=\"https:\/\/dev6.erresse-shop.it\/de\/shop\/kleine-elektrogeraete\/kaffeemaschinen-espresso\/automatisch\/jura-kaffeemaschine-giga-we8-chrome\/\" \/>\n<meta property=\"og:site_name\" content=\"dev6 Erresse\" \/>\n<meta property=\"og:image\" content=\"https:\/\/interpim.erresse-shop.it\/Import\/Prodotti\/jura-macchina-da-caffe-giga-we8-cromo.jpg\" \/><meta property=\"og:image\" content=\"https:\/\/interpim.erresse-shop.it\/Import\/Prodotti\/jura-macchina-da-caffe-giga-we8-cromo.jpg\" \/>\n\t<meta property=\"og:image:width\" content=\"1024\" \/>\n\t<meta property=\"og:image:height\" content=\"1024\" \/>\n\t<meta property=\"og:image:type\" content=\"image\/jpeg\" \/>\n<meta name=\"twitter:card\" content=\"summary_large_image\" \/>\n<meta name=\"twitter:image\" content=\"https:\/\/interpim.erresse-shop.it\/Import\/Prodotti\/jura-macchina-da-caffe-giga-we8-cromo.jpg\" \/>\n<script type=\"application\/ld+json\" class=\"yoast-schema-graph\">{\"@context\":\"https:\/\/schema.org\",\"@graph\":[{\"@type\":\"WebPage\",\"@id\":\"https:\/\/dev6.erresse-shop.it\/de\/shop\/kleine-elektrogeraete\/kaffeemaschinen-espresso\/automatisch\/jura-kaffeemaschine-giga-we8-chrome\/\",\"url\":\"https:\/\/dev6.erresse-shop.it\/de\/shop\/kleine-elektrogeraete\/kaffeemaschinen-espresso\/automatisch\/jura-kaffeemaschine-giga-we8-chrome\/\",\"name\":\"JURA Kaffeemaschine GIGA WE8 Chrome - dev6 Erresse\",\"isPartOf\":{\"@id\":\"https:\/\/dev6.erresse-shop.it\/#website\"},\"primaryImageOfPage\":{\"@id\":\"https:\/\/dev6.erresse-shop.it\/de\/shop\/kleine-elektrogeraete\/kaffeemaschinen-espresso\/automatisch\/jura-kaffeemaschine-giga-we8-chrome\/#primaryimage\"},\"image\":{\"@id\":\"https:\/\/dev6.erresse-shop.it\/de\/shop\/kleine-elektrogeraete\/kaffeemaschinen-espresso\/automatisch\/jura-kaffeemaschine-giga-we8-chrome\/#primaryimage\"},\"thumbnailUrl\":\"https:\/\/i3.wp.com\/interpim.erresse-shop.it\/Import\/Prodotti\/jura-macchina-da-caffe-giga-we8-cromo.jpg?ssl=1\",\"datePublished\":\"2026-04-12T10:32:36+00:00\",\"description\":\"Spezialit\u00e4tenkaffee f\u00fcr den Arbeitsplatz Wo Kunden, Mitarbeiter und G\u00e4ste Kaffee genie\u00dfen, entsteht eine angenehme Atmosph\u00e4re: Kaffee tr\u00e4gt dazu bei, das\",\"breadcrumb\":{\"@id\":\"https:\/\/dev6.erresse-shop.it\/de\/shop\/kleine-elektrogeraete\/kaffeemaschinen-espresso\/automatisch\/jura-kaffeemaschine-giga-we8-chrome\/#breadcrumb\"},\"inLanguage\":\"de\",\"potentialAction\":[{\"@type\":\"ReadAction\",\"target\":[\"https:\/\/dev6.erresse-shop.it\/de\/shop\/kleine-elektrogeraete\/kaffeemaschinen-espresso\/automatisch\/jura-kaffeemaschine-giga-we8-chrome\/\"]}]},{\"@type\":\"ImageObject\",\"inLanguage\":\"de\",\"@id\":\"https:\/\/dev6.erresse-shop.it\/de\/shop\/kleine-elektrogeraete\/kaffeemaschinen-espresso\/automatisch\/jura-kaffeemaschine-giga-we8-chrome\/#primaryimage\",\"url\":\"https:\/\/i3.wp.com\/interpim.erresse-shop.it\/Import\/Prodotti\/jura-macchina-da-caffe-giga-we8-cromo.jpg?ssl=1\",\"contentUrl\":\"https:\/\/i3.wp.com\/interpim.erresse-shop.it\/Import\/Prodotti\/jura-macchina-da-caffe-giga-we8-cromo.jpg?ssl=1\"},{\"@type\":\"BreadcrumbList\",\"@id\":\"https:\/\/dev6.erresse-shop.it\/de\/shop\/kleine-elektrogeraete\/kaffeemaschinen-espresso\/automatisch\/jura-kaffeemaschine-giga-we8-chrome\/#breadcrumb\",\"itemListElement\":[{\"@type\":\"ListItem\",\"position\":1,\"name\":\"Home\",\"item\":\"https:\/\/dev6.erresse-shop.it\/\"},{\"@type\":\"ListItem\",\"position\":2,\"name\":\"Shop\",\"item\":\"https:\/\/dev6.erresse-shop.it\/shop\/\"},{\"@type\":\"ListItem\",\"position\":3,\"name\":\"JURA Kaffeemaschine GIGA WE8 Chrome\"}]},{\"@type\":\"WebSite\",\"@id\":\"https:\/\/dev6.erresse-shop.it\/#website\",\"url\":\"https:\/\/dev6.erresse-shop.it\/\",\"name\":\"Erresse Shop\",\"description\":\"\",\"publisher\":{\"@id\":\"https:\/\/dev6.erresse-shop.it\/#organization\"},\"potentialAction\":[{\"@type\":\"SearchAction\",\"target\":{\"@type\":\"EntryPoint\",\"urlTemplate\":\"https:\/\/dev6.erresse-shop.it\/?s={search_term_string}\"},\"query-input\":{\"@type\":\"PropertyValueSpecification\",\"valueRequired\":true,\"valueName\":\"search_term_string\"}}],\"inLanguage\":\"de\"},{\"@type\":\"Organization\",\"@id\":\"https:\/\/dev6.erresse-shop.it\/#organization\",\"name\":\"Erresse Shop\",\"url\":\"https:\/\/dev6.erresse-shop.it\/\",\"logo\":{\"@type\":\"ImageObject\",\"inLanguage\":\"de\",\"@id\":\"https:\/\/dev6.erresse-shop.it\/#\/schema\/logo\/image\/\",\"url\":\"https:\/\/dev6.erresse-shop.it\/wp-content\/uploads\/2025\/01\/LOGO-ERRESSE-CLASSICO.svg\",\"contentUrl\":\"https:\/\/dev6.erresse-shop.it\/wp-content\/uploads\/2025\/01\/LOGO-ERRESSE-CLASSICO.svg\",\"caption\":\"Erresse Shop\"},\"image\":{\"@id\":\"https:\/\/dev6.erresse-shop.it\/#\/schema\/logo\/image\/\"}}]}<\/script>\n<!-- \/ Yoast SEO plugin. -->","yoast_head_json":{"title":"JURA Kaffeemaschine GIGA WE8 Chrome - dev6 Erresse","description":"Spezialit\u00e4tenkaffee f\u00fcr den Arbeitsplatz Wo Kunden, Mitarbeiter und G\u00e4ste Kaffee genie\u00dfen, entsteht eine angenehme Atmosph\u00e4re: Kaffee tr\u00e4gt dazu bei, das","robots":{"index":"noindex","follow":"follow","max-snippet":"max-snippet:-1","max-image-preview":"max-image-preview:large","max-video-preview":"max-video-preview:-1"},"og_locale":"de_DE","og_type":"article","og_title":"JURA Kaffeemaschine GIGA WE8 Chrome - dev6 Erresse","og_description":"Spezialit\u00e4tenkaffee f\u00fcr den Arbeitsplatz Wo Kunden, Mitarbeiter und G\u00e4ste Kaffee genie\u00dfen, entsteht eine angenehme Atmosph\u00e4re: Kaffee tr\u00e4gt dazu bei, das","og_url":"https:\/\/dev6.erresse-shop.it\/de\/shop\/kleine-elektrogeraete\/kaffeemaschinen-espresso\/automatisch\/jura-kaffeemaschine-giga-we8-chrome\/","og_site_name":"dev6 Erresse","og_image":[{"url":"https:\/\/interpim.erresse-shop.it\/Import\/Prodotti\/jura-macchina-da-caffe-giga-we8-cromo.jpg","type":"","width":"","height":""},{"url":"https:\/\/interpim.erresse-shop.it\/Import\/Prodotti\/jura-macchina-da-caffe-giga-we8-cromo.jpg","width":1024,"height":1024,"type":"image\/jpeg"}],"twitter_card":"summary_large_image","twitter_image":"https:\/\/interpim.erresse-shop.it\/Import\/Prodotti\/jura-macchina-da-caffe-giga-we8-cromo.jpg","schema":{"@context":"https:\/\/schema.org","@graph":[{"@type":"WebPage","@id":"https:\/\/dev6.erresse-shop.it\/de\/shop\/kleine-elektrogeraete\/kaffeemaschinen-espresso\/automatisch\/jura-kaffeemaschine-giga-we8-chrome\/","url":"https:\/\/dev6.erresse-shop.it\/de\/shop\/kleine-elektrogeraete\/kaffeemaschinen-espresso\/automatisch\/jura-kaffeemaschine-giga-we8-chrome\/","name":"JURA Kaffeemaschine GIGA WE8 Chrome - dev6 Erresse","isPartOf":{"@id":"https:\/\/dev6.erresse-shop.it\/#website"},"primaryImageOfPage":{"@id":"https:\/\/dev6.erresse-shop.it\/de\/shop\/kleine-elektrogeraete\/kaffeemaschinen-espresso\/automatisch\/jura-kaffeemaschine-giga-we8-chrome\/#primaryimage"},"image":{"@id":"https:\/\/dev6.erresse-shop.it\/de\/shop\/kleine-elektrogeraete\/kaffeemaschinen-espresso\/automatisch\/jura-kaffeemaschine-giga-we8-chrome\/#primaryimage"},"thumbnailUrl":"https:\/\/i3.wp.com\/interpim.erresse-shop.it\/Import\/Prodotti\/jura-macchina-da-caffe-giga-we8-cromo.jpg?ssl=1","datePublished":"2026-04-12T10:32:36+00:00","description":"Spezialit\u00e4tenkaffee f\u00fcr den Arbeitsplatz Wo Kunden, Mitarbeiter und G\u00e4ste Kaffee genie\u00dfen, entsteht eine angenehme Atmosph\u00e4re: Kaffee tr\u00e4gt dazu bei, das","breadcrumb":{"@id":"https:\/\/dev6.erresse-shop.it\/de\/shop\/kleine-elektrogeraete\/kaffeemaschinen-espresso\/automatisch\/jura-kaffeemaschine-giga-we8-chrome\/#breadcrumb"},"inLanguage":"de","potentialAction":[{"@type":"ReadAction","target":["https:\/\/dev6.erresse-shop.it\/de\/shop\/kleine-elektrogeraete\/kaffeemaschinen-espresso\/automatisch\/jura-kaffeemaschine-giga-we8-chrome\/"]}]},{"@type":"ImageObject","inLanguage":"de","@id":"https:\/\/dev6.erresse-shop.it\/de\/shop\/kleine-elektrogeraete\/kaffeemaschinen-espresso\/automatisch\/jura-kaffeemaschine-giga-we8-chrome\/#primaryimage","url":"https:\/\/i3.wp.com\/interpim.erresse-shop.it\/Import\/Prodotti\/jura-macchina-da-caffe-giga-we8-cromo.jpg?ssl=1","contentUrl":"https:\/\/i3.wp.com\/interpim.erresse-shop.it\/Import\/Prodotti\/jura-macchina-da-caffe-giga-we8-cromo.jpg?ssl=1"},{"@type":"BreadcrumbList","@id":"https:\/\/dev6.erresse-shop.it\/de\/shop\/kleine-elektrogeraete\/kaffeemaschinen-espresso\/automatisch\/jura-kaffeemaschine-giga-we8-chrome\/#breadcrumb","itemListElement":[{"@type":"ListItem","position":1,"name":"Home","item":"https:\/\/dev6.erresse-shop.it\/"},{"@type":"ListItem","position":2,"name":"Shop","item":"https:\/\/dev6.erresse-shop.it\/shop\/"},{"@type":"ListItem","position":3,"name":"JURA Kaffeemaschine GIGA WE8 Chrome"}]},{"@type":"WebSite","@id":"https:\/\/dev6.erresse-shop.it\/#website","url":"https:\/\/dev6.erresse-shop.it\/","name":"Erresse Shop","description":"","publisher":{"@id":"https:\/\/dev6.erresse-shop.it\/#organization"},"potentialAction":[{"@type":"SearchAction","target":{"@type":"EntryPoint","urlTemplate":"https:\/\/dev6.erresse-shop.it\/?s={search_term_string}"},"query-input":{"@type":"PropertyValueSpecification","valueRequired":true,"valueName":"search_term_string"}}],"inLanguage":"de"},{"@type":"Organization","@id":"https:\/\/dev6.erresse-shop.it\/#organization","name":"Erresse Shop","url":"https:\/\/dev6.erresse-shop.it\/","logo":{"@type":"ImageObject","inLanguage":"de","@id":"https:\/\/dev6.erresse-shop.it\/#\/schema\/logo\/image\/","url":"https:\/\/dev6.erresse-shop.it\/wp-content\/uploads\/2025\/01\/LOGO-ERRESSE-CLASSICO.svg","contentUrl":"https:\/\/dev6.erresse-shop.it\/wp-content\/uploads\/2025\/01\/LOGO-ERRESSE-CLASSICO.svg","caption":"Erresse Shop"},"image":{"@id":"https:\/\/dev6.erresse-shop.it\/#\/schema\/logo\/image\/"}}]}},"df_price":1798.81,"df_sale_price":1798.81,"df_regular_price":2079,"df_image_link":"https:\/\/i3.wp.com\/interpim.erresse-shop.it\/Import\/Prodotti\/jura-macchina-da-caffe-giga-we8-cromo.jpg?resize=300,300&ssl=1","fifu_image_url":"https:\/\/interpim.erresse-shop.it\/Import\/Prodotti\/jura-macchina-da-caffe-giga-we8-cromo.jpg","_links":{"self":[{"href":"https:\/\/dev6.erresse-shop.it\/de\/wp-json\/wp\/v2\/product\/1599878","targetHints":{"allow":["GET"]}}],"collection":[{"href":"https:\/\/dev6.erresse-shop.it\/de\/wp-json\/wp\/v2\/product"}],"about":[{"href":"https:\/\/dev6.erresse-shop.it\/de\/wp-json\/wp\/v2\/types\/product"}],"wp:featuredmedia":[{"embeddable":true,"href":"https:\/\/dev6.erresse-shop.it\/de\/wp-json\/wp\/v2\/media\/6373393"}],"wp:attachment":[{"href":"https:\/\/dev6.erresse-shop.it\/de\/wp-json\/wp\/v2\/media?parent=1599878"}],"wp:term":[{"taxonomy":"product_cat","embeddable":true,"href":"https:\/\/dev6.erresse-shop.it\/de\/wp-json\/wp\/v2\/product_cat?post=1599878"},{"taxonomy":"product_tag","embeddable":true,"href":"https:\/\/dev6.erresse-shop.it\/de\/wp-json\/wp\/v2\/product_tag?post=1599878"}],"curies":[{"name":"wp","href":"https:\/\/api.w.org\/{rel}","templated":true}]}}