{"id":1599874,"date":"2026-04-12T12:32:36","date_gmt":"2026-04-12T10:32:36","guid":{"rendered":"https:\/\/dev6.erresse-shop.it\/shop\/unkategorisiert\/victorinox-schwarzer-universalschaeler\/"},"modified":"2025-07-04T14:37:55","modified_gmt":"2025-07-04T12:37:55","slug":"victorinox-schwarzer-universalschaeler","status":"publish","type":"product","link":"https:\/\/dev6.erresse-shop.it\/de\/shop\/kuche\/messer\/kuechenmesser\/victorinox-schwarzer-universalschaeler\/","title":{"rendered":"VICTORINOX Schwarzer Universalsch\u00e4ler"},"content":{"rendered":"<p>Universalsch\u00e4ler mit ultra-scharfer Schneide<br \/>\nKochen ist eine Kunst, bei der man mit Geschmack zeichnet und mit Farben dekoriert. Als Meister Ihrer K\u00fcche verdienen Sie die richtigen Werkzeuge, um Ihrer Kreativit\u00e4t Ausdruck zu verleihen. Dann kommt der Universal-Kartoffelsch\u00e4ler von Victorinox gerade recht. Seine gezackte Kante bew\u00e4ltigt auch die h\u00e4rtesten Schalen und sein ergonomischer Griff macht das Kochen einfach und spa\u00dfig.<\/p>\n<p>Abmessungen<\/p>\n<p>H\u00f6he: 20 mm<br \/>\nL\u00e4nge: 175 mm<br \/>\nBreite: 21 mm<br \/>\nGewicht: 21 g<\/p>\n<p>Material: Elastomer und Polypropylen<\/p>\n","protected":false},"excerpt":{"rendered":"<p>Universalsch\u00e4ler mit ultra-scharfer Schneide Kochen ist eine Kunst, bei der man mit Geschmack zeichnet und mit Farben dekoriert. Als Meister Ihrer K\u00fcche verdienen Sie die richtigen Werkzeuge, um Ihrer Kreativit\u00e4t Ausdruck zu verleihen. Dann kommt der Universal-Kartoffelsch\u00e4ler von Victorinox gerade recht. Seine gezackte Kante bew\u00e4ltigt auch die h\u00e4rtesten Schalen und sein ergonomischer Griff macht das [&hellip;]<\/p>\n","protected":false},"featured_media":6373375,"template":"","meta":{"_acf_changed":false},"product_cat":[12100,12105],"product_tag":[],"class_list":{"0":"post-1599874","1":"product","2":"type-product","3":"status-publish","4":"has-post-thumbnail","6":"product_cat-kuche","7":"product_cat-kuechenmesser","9":"first","10":"instock","11":"taxable","12":"shipping-taxable","13":"product-type-simple","swatches":"rey-swatches","show_selected":"","stretch_labels":"rey-swatches--stretch-labels"},"acf":[],"yoast_head":"<!-- This site is optimized with the Yoast SEO plugin v25.4 - https:\/\/yoast.com\/wordpress\/plugins\/seo\/ -->\n<title>VICTORINOX Schwarzer Universalsch\u00e4ler - dev6 Erresse<\/title>\n<meta name=\"description\" content=\"Universalsch\u00e4ler mit ultra-scharfer Schneide Kochen ist eine Kunst, bei der man mit Geschmack zeichnet und mit Farben dekoriert. Als Meister Ihrer K\u00fcche\" \/>\n<meta name=\"robots\" content=\"noindex, follow, max-snippet:-1, max-image-preview:large, max-video-preview:-1\" \/>\n<meta property=\"og:locale\" content=\"de_DE\" \/>\n<meta property=\"og:type\" content=\"article\" \/>\n<meta property=\"og:title\" content=\"VICTORINOX Schwarzer Universalsch\u00e4ler - dev6 Erresse\" \/>\n<meta property=\"og:description\" content=\"Universalsch\u00e4ler mit ultra-scharfer Schneide Kochen ist eine Kunst, bei der man mit Geschmack zeichnet und mit Farben dekoriert. Als Meister Ihrer K\u00fcche\" \/>\n<meta property=\"og:url\" content=\"https:\/\/dev6.erresse-shop.it\/de\/shop\/kuche\/messer\/kuechenmesser\/victorinox-schwarzer-universalschaeler\/\" \/>\n<meta property=\"og:site_name\" content=\"dev6 Erresse\" \/>\n<meta property=\"og:image\" content=\"https:\/\/interpim.erresse-shop.it\/Import\/Prodotti\/victorinox-sbucciatore-universale-nero.jpg\" \/><meta property=\"og:image\" content=\"https:\/\/interpim.erresse-shop.it\/Import\/Prodotti\/victorinox-sbucciatore-universale-nero.jpg\" \/>\n\t<meta property=\"og:image:width\" content=\"1024\" \/>\n\t<meta property=\"og:image:height\" content=\"1024\" \/>\n\t<meta property=\"og:image:type\" content=\"image\/jpeg\" \/>\n<meta name=\"twitter:card\" content=\"summary_large_image\" \/>\n<meta name=\"twitter:image\" content=\"https:\/\/interpim.erresse-shop.it\/Import\/Prodotti\/victorinox-sbucciatore-universale-nero.jpg\" \/>\n<script type=\"application\/ld+json\" class=\"yoast-schema-graph\">{\"@context\":\"https:\/\/schema.org\",\"@graph\":[{\"@type\":\"WebPage\",\"@id\":\"https:\/\/dev6.erresse-shop.it\/de\/shop\/kuche\/messer\/kuechenmesser\/victorinox-schwarzer-universalschaeler\/\",\"url\":\"https:\/\/dev6.erresse-shop.it\/de\/shop\/kuche\/messer\/kuechenmesser\/victorinox-schwarzer-universalschaeler\/\",\"name\":\"VICTORINOX Schwarzer Universalsch\u00e4ler - dev6 Erresse\",\"isPartOf\":{\"@id\":\"https:\/\/dev6.erresse-shop.it\/#website\"},\"primaryImageOfPage\":{\"@id\":\"https:\/\/dev6.erresse-shop.it\/de\/shop\/kuche\/messer\/kuechenmesser\/victorinox-schwarzer-universalschaeler\/#primaryimage\"},\"image\":{\"@id\":\"https:\/\/dev6.erresse-shop.it\/de\/shop\/kuche\/messer\/kuechenmesser\/victorinox-schwarzer-universalschaeler\/#primaryimage\"},\"thumbnailUrl\":\"https:\/\/i1.wp.com\/interpim.erresse-shop.it\/Import\/Prodotti\/victorinox-sbucciatore-universale-nero.jpg?ssl=1\",\"datePublished\":\"2026-04-12T10:32:36+00:00\",\"description\":\"Universalsch\u00e4ler mit ultra-scharfer Schneide Kochen ist eine Kunst, bei der man mit Geschmack zeichnet und mit Farben dekoriert. Als Meister Ihrer K\u00fcche\",\"breadcrumb\":{\"@id\":\"https:\/\/dev6.erresse-shop.it\/de\/shop\/kuche\/messer\/kuechenmesser\/victorinox-schwarzer-universalschaeler\/#breadcrumb\"},\"inLanguage\":\"de\",\"potentialAction\":[{\"@type\":\"ReadAction\",\"target\":[\"https:\/\/dev6.erresse-shop.it\/de\/shop\/kuche\/messer\/kuechenmesser\/victorinox-schwarzer-universalschaeler\/\"]}]},{\"@type\":\"ImageObject\",\"inLanguage\":\"de\",\"@id\":\"https:\/\/dev6.erresse-shop.it\/de\/shop\/kuche\/messer\/kuechenmesser\/victorinox-schwarzer-universalschaeler\/#primaryimage\",\"url\":\"https:\/\/i1.wp.com\/interpim.erresse-shop.it\/Import\/Prodotti\/victorinox-sbucciatore-universale-nero.jpg?ssl=1\",\"contentUrl\":\"https:\/\/i1.wp.com\/interpim.erresse-shop.it\/Import\/Prodotti\/victorinox-sbucciatore-universale-nero.jpg?ssl=1\"},{\"@type\":\"BreadcrumbList\",\"@id\":\"https:\/\/dev6.erresse-shop.it\/de\/shop\/kuche\/messer\/kuechenmesser\/victorinox-schwarzer-universalschaeler\/#breadcrumb\",\"itemListElement\":[{\"@type\":\"ListItem\",\"position\":1,\"name\":\"Home\",\"item\":\"https:\/\/dev6.erresse-shop.it\/\"},{\"@type\":\"ListItem\",\"position\":2,\"name\":\"Shop\",\"item\":\"https:\/\/dev6.erresse-shop.it\/shop\/\"},{\"@type\":\"ListItem\",\"position\":3,\"name\":\"VICTORINOX Schwarzer Universalsch\u00e4ler\"}]},{\"@type\":\"WebSite\",\"@id\":\"https:\/\/dev6.erresse-shop.it\/#website\",\"url\":\"https:\/\/dev6.erresse-shop.it\/\",\"name\":\"Erresse Shop\",\"description\":\"\",\"publisher\":{\"@id\":\"https:\/\/dev6.erresse-shop.it\/#organization\"},\"potentialAction\":[{\"@type\":\"SearchAction\",\"target\":{\"@type\":\"EntryPoint\",\"urlTemplate\":\"https:\/\/dev6.erresse-shop.it\/?s={search_term_string}\"},\"query-input\":{\"@type\":\"PropertyValueSpecification\",\"valueRequired\":true,\"valueName\":\"search_term_string\"}}],\"inLanguage\":\"de\"},{\"@type\":\"Organization\",\"@id\":\"https:\/\/dev6.erresse-shop.it\/#organization\",\"name\":\"Erresse Shop\",\"url\":\"https:\/\/dev6.erresse-shop.it\/\",\"logo\":{\"@type\":\"ImageObject\",\"inLanguage\":\"de\",\"@id\":\"https:\/\/dev6.erresse-shop.it\/#\/schema\/logo\/image\/\",\"url\":\"https:\/\/dev6.erresse-shop.it\/wp-content\/uploads\/2025\/01\/LOGO-ERRESSE-CLASSICO.svg\",\"contentUrl\":\"https:\/\/dev6.erresse-shop.it\/wp-content\/uploads\/2025\/01\/LOGO-ERRESSE-CLASSICO.svg\",\"caption\":\"Erresse Shop\"},\"image\":{\"@id\":\"https:\/\/dev6.erresse-shop.it\/#\/schema\/logo\/image\/\"}}]}<\/script>\n<!-- \/ Yoast SEO plugin. -->","yoast_head_json":{"title":"VICTORINOX Schwarzer Universalsch\u00e4ler - dev6 Erresse","description":"Universalsch\u00e4ler mit ultra-scharfer Schneide Kochen ist eine Kunst, bei der man mit Geschmack zeichnet und mit Farben dekoriert. Als Meister Ihrer K\u00fcche","robots":{"index":"noindex","follow":"follow","max-snippet":"max-snippet:-1","max-image-preview":"max-image-preview:large","max-video-preview":"max-video-preview:-1"},"og_locale":"de_DE","og_type":"article","og_title":"VICTORINOX Schwarzer Universalsch\u00e4ler - dev6 Erresse","og_description":"Universalsch\u00e4ler mit ultra-scharfer Schneide Kochen ist eine Kunst, bei der man mit Geschmack zeichnet und mit Farben dekoriert. Als Meister Ihrer K\u00fcche","og_url":"https:\/\/dev6.erresse-shop.it\/de\/shop\/kuche\/messer\/kuechenmesser\/victorinox-schwarzer-universalschaeler\/","og_site_name":"dev6 Erresse","og_image":[{"url":"https:\/\/interpim.erresse-shop.it\/Import\/Prodotti\/victorinox-sbucciatore-universale-nero.jpg","type":"","width":"","height":""},{"url":"https:\/\/interpim.erresse-shop.it\/Import\/Prodotti\/victorinox-sbucciatore-universale-nero.jpg","width":1024,"height":1024,"type":"image\/jpeg"}],"twitter_card":"summary_large_image","twitter_image":"https:\/\/interpim.erresse-shop.it\/Import\/Prodotti\/victorinox-sbucciatore-universale-nero.jpg","schema":{"@context":"https:\/\/schema.org","@graph":[{"@type":"WebPage","@id":"https:\/\/dev6.erresse-shop.it\/de\/shop\/kuche\/messer\/kuechenmesser\/victorinox-schwarzer-universalschaeler\/","url":"https:\/\/dev6.erresse-shop.it\/de\/shop\/kuche\/messer\/kuechenmesser\/victorinox-schwarzer-universalschaeler\/","name":"VICTORINOX Schwarzer Universalsch\u00e4ler - dev6 Erresse","isPartOf":{"@id":"https:\/\/dev6.erresse-shop.it\/#website"},"primaryImageOfPage":{"@id":"https:\/\/dev6.erresse-shop.it\/de\/shop\/kuche\/messer\/kuechenmesser\/victorinox-schwarzer-universalschaeler\/#primaryimage"},"image":{"@id":"https:\/\/dev6.erresse-shop.it\/de\/shop\/kuche\/messer\/kuechenmesser\/victorinox-schwarzer-universalschaeler\/#primaryimage"},"thumbnailUrl":"https:\/\/i1.wp.com\/interpim.erresse-shop.it\/Import\/Prodotti\/victorinox-sbucciatore-universale-nero.jpg?ssl=1","datePublished":"2026-04-12T10:32:36+00:00","description":"Universalsch\u00e4ler mit ultra-scharfer Schneide Kochen ist eine Kunst, bei der man mit Geschmack zeichnet und mit Farben dekoriert. Als Meister Ihrer K\u00fcche","breadcrumb":{"@id":"https:\/\/dev6.erresse-shop.it\/de\/shop\/kuche\/messer\/kuechenmesser\/victorinox-schwarzer-universalschaeler\/#breadcrumb"},"inLanguage":"de","potentialAction":[{"@type":"ReadAction","target":["https:\/\/dev6.erresse-shop.it\/de\/shop\/kuche\/messer\/kuechenmesser\/victorinox-schwarzer-universalschaeler\/"]}]},{"@type":"ImageObject","inLanguage":"de","@id":"https:\/\/dev6.erresse-shop.it\/de\/shop\/kuche\/messer\/kuechenmesser\/victorinox-schwarzer-universalschaeler\/#primaryimage","url":"https:\/\/i1.wp.com\/interpim.erresse-shop.it\/Import\/Prodotti\/victorinox-sbucciatore-universale-nero.jpg?ssl=1","contentUrl":"https:\/\/i1.wp.com\/interpim.erresse-shop.it\/Import\/Prodotti\/victorinox-sbucciatore-universale-nero.jpg?ssl=1"},{"@type":"BreadcrumbList","@id":"https:\/\/dev6.erresse-shop.it\/de\/shop\/kuche\/messer\/kuechenmesser\/victorinox-schwarzer-universalschaeler\/#breadcrumb","itemListElement":[{"@type":"ListItem","position":1,"name":"Home","item":"https:\/\/dev6.erresse-shop.it\/"},{"@type":"ListItem","position":2,"name":"Shop","item":"https:\/\/dev6.erresse-shop.it\/shop\/"},{"@type":"ListItem","position":3,"name":"VICTORINOX Schwarzer Universalsch\u00e4ler"}]},{"@type":"WebSite","@id":"https:\/\/dev6.erresse-shop.it\/#website","url":"https:\/\/dev6.erresse-shop.it\/","name":"Erresse Shop","description":"","publisher":{"@id":"https:\/\/dev6.erresse-shop.it\/#organization"},"potentialAction":[{"@type":"SearchAction","target":{"@type":"EntryPoint","urlTemplate":"https:\/\/dev6.erresse-shop.it\/?s={search_term_string}"},"query-input":{"@type":"PropertyValueSpecification","valueRequired":true,"valueName":"search_term_string"}}],"inLanguage":"de"},{"@type":"Organization","@id":"https:\/\/dev6.erresse-shop.it\/#organization","name":"Erresse Shop","url":"https:\/\/dev6.erresse-shop.it\/","logo":{"@type":"ImageObject","inLanguage":"de","@id":"https:\/\/dev6.erresse-shop.it\/#\/schema\/logo\/image\/","url":"https:\/\/dev6.erresse-shop.it\/wp-content\/uploads\/2025\/01\/LOGO-ERRESSE-CLASSICO.svg","contentUrl":"https:\/\/dev6.erresse-shop.it\/wp-content\/uploads\/2025\/01\/LOGO-ERRESSE-CLASSICO.svg","caption":"Erresse Shop"},"image":{"@id":"https:\/\/dev6.erresse-shop.it\/#\/schema\/logo\/image\/"}}]}},"df_price":"","df_sale_price":"","df_regular_price":"","df_image_link":"https:\/\/i1.wp.com\/interpim.erresse-shop.it\/Import\/Prodotti\/victorinox-sbucciatore-universale-nero.jpg?resize=300,300&ssl=1","fifu_image_url":"https:\/\/interpim.erresse-shop.it\/Import\/Prodotti\/victorinox-sbucciatore-universale-nero.jpg","_links":{"self":[{"href":"https:\/\/dev6.erresse-shop.it\/de\/wp-json\/wp\/v2\/product\/1599874","targetHints":{"allow":["GET"]}}],"collection":[{"href":"https:\/\/dev6.erresse-shop.it\/de\/wp-json\/wp\/v2\/product"}],"about":[{"href":"https:\/\/dev6.erresse-shop.it\/de\/wp-json\/wp\/v2\/types\/product"}],"wp:featuredmedia":[{"embeddable":true,"href":"https:\/\/dev6.erresse-shop.it\/de\/wp-json\/wp\/v2\/media\/6373375"}],"wp:attachment":[{"href":"https:\/\/dev6.erresse-shop.it\/de\/wp-json\/wp\/v2\/media?parent=1599874"}],"wp:term":[{"taxonomy":"product_cat","embeddable":true,"href":"https:\/\/dev6.erresse-shop.it\/de\/wp-json\/wp\/v2\/product_cat?post=1599874"},{"taxonomy":"product_tag","embeddable":true,"href":"https:\/\/dev6.erresse-shop.it\/de\/wp-json\/wp\/v2\/product_tag?post=1599874"}],"curies":[{"name":"wp","href":"https:\/\/api.w.org\/{rel}","templated":true}]}}