{"id":1599872,"date":"2026-04-12T12:32:36","date_gmt":"2026-04-12T10:32:36","guid":{"rendered":"https:\/\/dev6.erresse-shop.it\/shop\/unkategorisiert\/miyabi-5000-mcd-gyutoh-24-cm\/"},"modified":"2025-09-14T02:42:31","modified_gmt":"2025-09-14T00:42:31","slug":"miyabi-5000-mcd-gyutoh-24-cm","status":"publish","type":"product","link":"https:\/\/dev6.erresse-shop.it\/de\/shop\/kuche\/messer\/kuechenmesser\/miyabi-5000-mcd-gyutoh-24-cm\/","title":{"rendered":"MIYABI 5000 MCD Gyutoh 24 cm"},"content":{"rendered":"<p>Das Miyabi Black 5000MCD-Messer ist ein wahres Kunstwerk. Die Klinge besteht aus MC66-Mikrokarbid-Pulverstahl und ist auf beeindruckende 66 HRC eisgeh\u00e4rtet. Auf diese Weise erhalten Sie eine au\u00dfergew\u00f6hnlich scharfe und langlebige Schneide. Die Klinge ist mit 132 zus\u00e4tzlichen Lagen Stahl umwickelt, wodurch ein wundersch\u00f6nes florales Damastmuster entsteht. Der Griff der Miyabi Black-Serie besteht aus einzigartigem schwarzen Eschenholz. Die Maserung und Farbe des schwarzen Eschenholzes kontrastieren mit dem Damastmuster der Klinge. Der Griff ist in der traditionellen \u201eD\u201c-Form gefertigt, die optimale Ergonomie f\u00fcr m\u00fcheloses Schneiden bietet. Handgefertigt in Seki, Japan.<\/p>\n<p>Die Klinge besteht aus 133 Lagen Stahl, die ein florales Damastmuster erzeugen<br \/>\nMC66 Mikrokarbidstahl ist auf 66 HRC geh\u00e4rtet<br \/>\nD-Griff aus wundersch\u00f6nem schwarzen Eschenholz<br \/>\nGesch\u00e4rft mit der traditionellen dreistufigen Honbazuke-Methode<br \/>\nHandgefertigt in Seki, Japan<\/p>\n<p>FUNKTIONEN<\/p>\n<p>Farbe: Braun<br \/>\nMaterial: MC63<br \/>\nGrifftyp: versteckter Erl<br \/>\nKantentyp: glatt<br \/>\nKantenbearbeitung: Honbazuke-Sch\u00e4rfen<br \/>\nHerstellungsmethode: geschwei\u00dft<br \/>\nKlingenh\u00e4rte (HRC): 63 HRC<br \/>\nGrifffarbe: braun-schwarz<br \/>\nGriffmaterial: Schwarzer Ahorn<\/p>\n<p>ABMESSUNGEN<\/p>\n<p>Nettogewicht:0,22 kg<br \/>\nProduktl\u00e4nge:37,70 cm<br \/>\nProduktbreite:2,20 cm<br \/>\nProdukth\u00f6he:5,30 cm<br \/>\nKlingenl\u00e4nge:24,00 cm<br \/>\nGriffl\u00e4nge:13,70 cm<br \/>\nGriffbreite:2,30 cm<br \/>\nKlingenbreite:0,20 cm<br \/>\nKlingenst\u00e4rke:0,20 cm<\/p>\n","protected":false},"excerpt":{"rendered":"<p>Das Miyabi Black 5000MCD-Messer ist ein wahres Kunstwerk. Die Klinge besteht aus MC66-Mikrokarbid-Pulverstahl und ist auf beeindruckende 66 HRC eisgeh\u00e4rtet. Auf diese Weise erhalten Sie eine au\u00dfergew\u00f6hnlich scharfe und langlebige Schneide. Die Klinge ist mit 132 zus\u00e4tzlichen Lagen Stahl umwickelt, wodurch ein wundersch\u00f6nes florales Damastmuster entsteht. Der Griff der Miyabi Black-Serie besteht aus einzigartigem schwarzen [&hellip;]<\/p>\n","protected":false},"featured_media":6373370,"template":"","meta":{"_acf_changed":false},"product_cat":[12100,12105],"product_tag":[],"class_list":{"0":"post-1599872","1":"product","2":"type-product","3":"status-publish","4":"has-post-thumbnail","6":"product_cat-kuche","7":"product_cat-kuechenmesser","9":"first","10":"instock","11":"sale","12":"taxable","13":"shipping-taxable","14":"purchasable","15":"product-type-simple","swatches":"rey-swatches","show_selected":"","stretch_labels":"rey-swatches--stretch-labels"},"acf":[],"yoast_head":"<!-- This site is optimized with the Yoast SEO plugin v25.4 - https:\/\/yoast.com\/wordpress\/plugins\/seo\/ -->\n<title>MIYABI 5000 MCD Gyutoh 24 cm - dev6 Erresse<\/title>\n<meta name=\"description\" content=\"Das Miyabi Black 5000MCD-Messer ist ein wahres Kunstwerk. Die Klinge besteht aus MC66-Mikrokarbid-Pulverstahl und ist auf beeindruckende 66 HRC\" \/>\n<meta name=\"robots\" content=\"noindex, follow, max-snippet:-1, max-image-preview:large, max-video-preview:-1\" \/>\n<meta property=\"og:locale\" content=\"de_DE\" \/>\n<meta property=\"og:type\" content=\"article\" \/>\n<meta property=\"og:title\" content=\"MIYABI 5000 MCD Gyutoh 24 cm - dev6 Erresse\" \/>\n<meta property=\"og:description\" content=\"Das Miyabi Black 5000MCD-Messer ist ein wahres Kunstwerk. Die Klinge besteht aus MC66-Mikrokarbid-Pulverstahl und ist auf beeindruckende 66 HRC\" \/>\n<meta property=\"og:url\" content=\"https:\/\/dev6.erresse-shop.it\/de\/shop\/kuche\/messer\/kuechenmesser\/miyabi-5000-mcd-gyutoh-24-cm\/\" \/>\n<meta property=\"og:site_name\" content=\"dev6 Erresse\" \/>\n<meta property=\"og:image\" content=\"https:\/\/interpim.erresse-shop.it\/Import\/Prodotti\/miyabi-5000-mcd-gyutoh-24-cm.jpg\" \/><meta property=\"og:image\" content=\"https:\/\/interpim.erresse-shop.it\/Import\/Prodotti\/miyabi-5000-mcd-gyutoh-24-cm.jpg\" \/>\n\t<meta property=\"og:image:width\" content=\"1024\" \/>\n\t<meta property=\"og:image:height\" content=\"1024\" \/>\n\t<meta property=\"og:image:type\" content=\"image\/jpeg\" \/>\n<meta name=\"twitter:card\" content=\"summary_large_image\" \/>\n<meta name=\"twitter:image\" content=\"https:\/\/interpim.erresse-shop.it\/Import\/Prodotti\/miyabi-5000-mcd-gyutoh-24-cm.jpg\" \/>\n<script type=\"application\/ld+json\" class=\"yoast-schema-graph\">{\"@context\":\"https:\/\/schema.org\",\"@graph\":[{\"@type\":\"WebPage\",\"@id\":\"https:\/\/dev6.erresse-shop.it\/de\/shop\/kuche\/messer\/kuechenmesser\/miyabi-5000-mcd-gyutoh-24-cm\/\",\"url\":\"https:\/\/dev6.erresse-shop.it\/de\/shop\/kuche\/messer\/kuechenmesser\/miyabi-5000-mcd-gyutoh-24-cm\/\",\"name\":\"MIYABI 5000 MCD Gyutoh 24 cm - dev6 Erresse\",\"isPartOf\":{\"@id\":\"https:\/\/dev6.erresse-shop.it\/#website\"},\"primaryImageOfPage\":{\"@id\":\"https:\/\/dev6.erresse-shop.it\/de\/shop\/kuche\/messer\/kuechenmesser\/miyabi-5000-mcd-gyutoh-24-cm\/#primaryimage\"},\"image\":{\"@id\":\"https:\/\/dev6.erresse-shop.it\/de\/shop\/kuche\/messer\/kuechenmesser\/miyabi-5000-mcd-gyutoh-24-cm\/#primaryimage\"},\"thumbnailUrl\":\"https:\/\/i2.wp.com\/interpim.erresse-shop.it\/Import\/Prodotti\/miyabi-5000-mcd-gyutoh-24-cm.jpg?ssl=1\",\"datePublished\":\"2026-04-12T10:32:36+00:00\",\"description\":\"Das Miyabi Black 5000MCD-Messer ist ein wahres Kunstwerk. Die Klinge besteht aus MC66-Mikrokarbid-Pulverstahl und ist auf beeindruckende 66 HRC\",\"breadcrumb\":{\"@id\":\"https:\/\/dev6.erresse-shop.it\/de\/shop\/kuche\/messer\/kuechenmesser\/miyabi-5000-mcd-gyutoh-24-cm\/#breadcrumb\"},\"inLanguage\":\"de\",\"potentialAction\":[{\"@type\":\"ReadAction\",\"target\":[\"https:\/\/dev6.erresse-shop.it\/de\/shop\/kuche\/messer\/kuechenmesser\/miyabi-5000-mcd-gyutoh-24-cm\/\"]}]},{\"@type\":\"ImageObject\",\"inLanguage\":\"de\",\"@id\":\"https:\/\/dev6.erresse-shop.it\/de\/shop\/kuche\/messer\/kuechenmesser\/miyabi-5000-mcd-gyutoh-24-cm\/#primaryimage\",\"url\":\"https:\/\/i2.wp.com\/interpim.erresse-shop.it\/Import\/Prodotti\/miyabi-5000-mcd-gyutoh-24-cm.jpg?ssl=1\",\"contentUrl\":\"https:\/\/i2.wp.com\/interpim.erresse-shop.it\/Import\/Prodotti\/miyabi-5000-mcd-gyutoh-24-cm.jpg?ssl=1\"},{\"@type\":\"BreadcrumbList\",\"@id\":\"https:\/\/dev6.erresse-shop.it\/de\/shop\/kuche\/messer\/kuechenmesser\/miyabi-5000-mcd-gyutoh-24-cm\/#breadcrumb\",\"itemListElement\":[{\"@type\":\"ListItem\",\"position\":1,\"name\":\"Home\",\"item\":\"https:\/\/dev6.erresse-shop.it\/\"},{\"@type\":\"ListItem\",\"position\":2,\"name\":\"Shop\",\"item\":\"https:\/\/dev6.erresse-shop.it\/shop\/\"},{\"@type\":\"ListItem\",\"position\":3,\"name\":\"MIYABI 5000 MCD Gyutoh 24 cm\"}]},{\"@type\":\"WebSite\",\"@id\":\"https:\/\/dev6.erresse-shop.it\/#website\",\"url\":\"https:\/\/dev6.erresse-shop.it\/\",\"name\":\"Erresse Shop\",\"description\":\"\",\"publisher\":{\"@id\":\"https:\/\/dev6.erresse-shop.it\/#organization\"},\"potentialAction\":[{\"@type\":\"SearchAction\",\"target\":{\"@type\":\"EntryPoint\",\"urlTemplate\":\"https:\/\/dev6.erresse-shop.it\/?s={search_term_string}\"},\"query-input\":{\"@type\":\"PropertyValueSpecification\",\"valueRequired\":true,\"valueName\":\"search_term_string\"}}],\"inLanguage\":\"de\"},{\"@type\":\"Organization\",\"@id\":\"https:\/\/dev6.erresse-shop.it\/#organization\",\"name\":\"Erresse Shop\",\"url\":\"https:\/\/dev6.erresse-shop.it\/\",\"logo\":{\"@type\":\"ImageObject\",\"inLanguage\":\"de\",\"@id\":\"https:\/\/dev6.erresse-shop.it\/#\/schema\/logo\/image\/\",\"url\":\"https:\/\/dev6.erresse-shop.it\/wp-content\/uploads\/2025\/01\/LOGO-ERRESSE-CLASSICO.svg\",\"contentUrl\":\"https:\/\/dev6.erresse-shop.it\/wp-content\/uploads\/2025\/01\/LOGO-ERRESSE-CLASSICO.svg\",\"caption\":\"Erresse Shop\"},\"image\":{\"@id\":\"https:\/\/dev6.erresse-shop.it\/#\/schema\/logo\/image\/\"}}]}<\/script>\n<!-- \/ Yoast SEO plugin. -->","yoast_head_json":{"title":"MIYABI 5000 MCD Gyutoh 24 cm - dev6 Erresse","description":"Das Miyabi Black 5000MCD-Messer ist ein wahres Kunstwerk. Die Klinge besteht aus MC66-Mikrokarbid-Pulverstahl und ist auf beeindruckende 66 HRC","robots":{"index":"noindex","follow":"follow","max-snippet":"max-snippet:-1","max-image-preview":"max-image-preview:large","max-video-preview":"max-video-preview:-1"},"og_locale":"de_DE","og_type":"article","og_title":"MIYABI 5000 MCD Gyutoh 24 cm - dev6 Erresse","og_description":"Das Miyabi Black 5000MCD-Messer ist ein wahres Kunstwerk. Die Klinge besteht aus MC66-Mikrokarbid-Pulverstahl und ist auf beeindruckende 66 HRC","og_url":"https:\/\/dev6.erresse-shop.it\/de\/shop\/kuche\/messer\/kuechenmesser\/miyabi-5000-mcd-gyutoh-24-cm\/","og_site_name":"dev6 Erresse","og_image":[{"url":"https:\/\/interpim.erresse-shop.it\/Import\/Prodotti\/miyabi-5000-mcd-gyutoh-24-cm.jpg","type":"","width":"","height":""},{"url":"https:\/\/interpim.erresse-shop.it\/Import\/Prodotti\/miyabi-5000-mcd-gyutoh-24-cm.jpg","width":1024,"height":1024,"type":"image\/jpeg"}],"twitter_card":"summary_large_image","twitter_image":"https:\/\/interpim.erresse-shop.it\/Import\/Prodotti\/miyabi-5000-mcd-gyutoh-24-cm.jpg","schema":{"@context":"https:\/\/schema.org","@graph":[{"@type":"WebPage","@id":"https:\/\/dev6.erresse-shop.it\/de\/shop\/kuche\/messer\/kuechenmesser\/miyabi-5000-mcd-gyutoh-24-cm\/","url":"https:\/\/dev6.erresse-shop.it\/de\/shop\/kuche\/messer\/kuechenmesser\/miyabi-5000-mcd-gyutoh-24-cm\/","name":"MIYABI 5000 MCD Gyutoh 24 cm - dev6 Erresse","isPartOf":{"@id":"https:\/\/dev6.erresse-shop.it\/#website"},"primaryImageOfPage":{"@id":"https:\/\/dev6.erresse-shop.it\/de\/shop\/kuche\/messer\/kuechenmesser\/miyabi-5000-mcd-gyutoh-24-cm\/#primaryimage"},"image":{"@id":"https:\/\/dev6.erresse-shop.it\/de\/shop\/kuche\/messer\/kuechenmesser\/miyabi-5000-mcd-gyutoh-24-cm\/#primaryimage"},"thumbnailUrl":"https:\/\/i2.wp.com\/interpim.erresse-shop.it\/Import\/Prodotti\/miyabi-5000-mcd-gyutoh-24-cm.jpg?ssl=1","datePublished":"2026-04-12T10:32:36+00:00","description":"Das Miyabi Black 5000MCD-Messer ist ein wahres Kunstwerk. Die Klinge besteht aus MC66-Mikrokarbid-Pulverstahl und ist auf beeindruckende 66 HRC","breadcrumb":{"@id":"https:\/\/dev6.erresse-shop.it\/de\/shop\/kuche\/messer\/kuechenmesser\/miyabi-5000-mcd-gyutoh-24-cm\/#breadcrumb"},"inLanguage":"de","potentialAction":[{"@type":"ReadAction","target":["https:\/\/dev6.erresse-shop.it\/de\/shop\/kuche\/messer\/kuechenmesser\/miyabi-5000-mcd-gyutoh-24-cm\/"]}]},{"@type":"ImageObject","inLanguage":"de","@id":"https:\/\/dev6.erresse-shop.it\/de\/shop\/kuche\/messer\/kuechenmesser\/miyabi-5000-mcd-gyutoh-24-cm\/#primaryimage","url":"https:\/\/i2.wp.com\/interpim.erresse-shop.it\/Import\/Prodotti\/miyabi-5000-mcd-gyutoh-24-cm.jpg?ssl=1","contentUrl":"https:\/\/i2.wp.com\/interpim.erresse-shop.it\/Import\/Prodotti\/miyabi-5000-mcd-gyutoh-24-cm.jpg?ssl=1"},{"@type":"BreadcrumbList","@id":"https:\/\/dev6.erresse-shop.it\/de\/shop\/kuche\/messer\/kuechenmesser\/miyabi-5000-mcd-gyutoh-24-cm\/#breadcrumb","itemListElement":[{"@type":"ListItem","position":1,"name":"Home","item":"https:\/\/dev6.erresse-shop.it\/"},{"@type":"ListItem","position":2,"name":"Shop","item":"https:\/\/dev6.erresse-shop.it\/shop\/"},{"@type":"ListItem","position":3,"name":"MIYABI 5000 MCD Gyutoh 24 cm"}]},{"@type":"WebSite","@id":"https:\/\/dev6.erresse-shop.it\/#website","url":"https:\/\/dev6.erresse-shop.it\/","name":"Erresse Shop","description":"","publisher":{"@id":"https:\/\/dev6.erresse-shop.it\/#organization"},"potentialAction":[{"@type":"SearchAction","target":{"@type":"EntryPoint","urlTemplate":"https:\/\/dev6.erresse-shop.it\/?s={search_term_string}"},"query-input":{"@type":"PropertyValueSpecification","valueRequired":true,"valueName":"search_term_string"}}],"inLanguage":"de"},{"@type":"Organization","@id":"https:\/\/dev6.erresse-shop.it\/#organization","name":"Erresse Shop","url":"https:\/\/dev6.erresse-shop.it\/","logo":{"@type":"ImageObject","inLanguage":"de","@id":"https:\/\/dev6.erresse-shop.it\/#\/schema\/logo\/image\/","url":"https:\/\/dev6.erresse-shop.it\/wp-content\/uploads\/2025\/01\/LOGO-ERRESSE-CLASSICO.svg","contentUrl":"https:\/\/dev6.erresse-shop.it\/wp-content\/uploads\/2025\/01\/LOGO-ERRESSE-CLASSICO.svg","caption":"Erresse Shop"},"image":{"@id":"https:\/\/dev6.erresse-shop.it\/#\/schema\/logo\/image\/"}}]}},"df_price":319,"df_sale_price":319,"df_regular_price":479,"df_image_link":"https:\/\/i2.wp.com\/interpim.erresse-shop.it\/Import\/Prodotti\/miyabi-5000-mcd-gyutoh-24-cm.jpg?resize=300,300&ssl=1","fifu_image_url":"https:\/\/interpim.erresse-shop.it\/Import\/Prodotti\/miyabi-5000-mcd-gyutoh-24-cm.jpg","_links":{"self":[{"href":"https:\/\/dev6.erresse-shop.it\/de\/wp-json\/wp\/v2\/product\/1599872","targetHints":{"allow":["GET"]}}],"collection":[{"href":"https:\/\/dev6.erresse-shop.it\/de\/wp-json\/wp\/v2\/product"}],"about":[{"href":"https:\/\/dev6.erresse-shop.it\/de\/wp-json\/wp\/v2\/types\/product"}],"wp:featuredmedia":[{"embeddable":true,"href":"https:\/\/dev6.erresse-shop.it\/de\/wp-json\/wp\/v2\/media\/6373370"}],"wp:attachment":[{"href":"https:\/\/dev6.erresse-shop.it\/de\/wp-json\/wp\/v2\/media?parent=1599872"}],"wp:term":[{"taxonomy":"product_cat","embeddable":true,"href":"https:\/\/dev6.erresse-shop.it\/de\/wp-json\/wp\/v2\/product_cat?post=1599872"},{"taxonomy":"product_tag","embeddable":true,"href":"https:\/\/dev6.erresse-shop.it\/de\/wp-json\/wp\/v2\/product_tag?post=1599872"}],"curies":[{"name":"wp","href":"https:\/\/api.w.org\/{rel}","templated":true}]}}