{"id":1599862,"date":"2026-04-04T12:29:51","date_gmt":"2026-04-04T10:29:51","guid":{"rendered":"https:\/\/dev6.erresse-shop.it\/shop\/unkategorisiert\/jura-kaffeemaschine-giga-x8-platin\/"},"modified":"2025-07-04T14:37:40","modified_gmt":"2025-07-04T12:37:40","slug":"jura-kaffeemaschine-giga-x8-platin","status":"publish","type":"product","link":"https:\/\/dev6.erresse-shop.it\/de\/shop\/kleine-elektrogeraete\/kaffeemaschinen-espresso\/automatisch\/jura-kaffeemaschine-giga-x8-platin\/","title":{"rendered":"JURA Kaffeemaschine GIGA X8 Platin"},"content":{"rendered":"<p>Modernste Technologien f\u00fcr perfekten Genuss<\/p>\n<p>Die professionelle Aroma-Kaffeem\u00fchle garantiert 12,2 %* mehr Aroma und eine unver\u00e4ndert hohe Mahlqualit\u00e4t ein Maschinenleben lang. Durch seine ausgereifte Geometrie wird eine optimale Schleifkurve erreicht. Das hei\u00dft, durch den h\u00f6heren Feinanteil k\u00f6nnen die Aromen ihre ganze Intensit\u00e4t entfalten.<\/p>\n<p>Das gepulste Extraktionsverfahren (P.E.P.\u00ae) optimiert die Extraktionszeit f\u00fcr kurze Spezialit\u00e4ten und macht Ristretto und Espresso zu einem wahren Gaumenschmaus. Die X8 verf\u00fcgt \u00fcber einen h\u00f6henverstellbaren Kombiauslauf, der dank Mikroschaum-Technologie die Zubereitung trendiger Spezialit\u00e4ten mit un\u00fcbertroffener Milch oder Milchschaum erm\u00f6glicht.<\/p>\n<p>Alle Bedienelemente des X8 sind auf der Frontplatte angeordnet, auf den ersten Blick gut erkennbar und leicht erreichbar. Auch das Bef\u00fcllen des Wassertanks und des Kaffeebohnenbeh\u00e4lters erfolgt bequem von vorne. Der Wassertank und der Kaffeebohnenbeh\u00e4lter sind serienm\u00e4\u00dfig mit einem Verschlussmechanismus ausgestattet, der das Abschlie\u00dfen dieser zum Schutz vor unbefugten Eingriffen erm\u00f6glicht. Die Wasserauffangschale und der Kaffeesatzbeh\u00e4lter sind nach ergonomischen Kriterien gestaltet und lassen sich f\u00fcr eine schnelle und hygienische Entleerung mit nur einer Hand entnehmen.<\/p>\n<p>Bei den Bedienelementen ist die Konsequenz der Bedienphilosophie erkennbar. Das 2,8\u201c Farbdisplay im Hochformat, in Kombination mit den gro\u00dfen, klar definierten Zubereitungstasten, erm\u00f6glicht die Bedienung auch f\u00fcr weniger erfahrene Benutzer einfach und intuitiv. Um Fehlbedienungen, unbefugte Programmier\u00e4nderungen oder versehentliche Bet\u00e4tigungen bei Reinigungsvorg\u00e4ngen zu verhindern, k\u00f6nnen die Tasten (Vorbereitung oder Wartung) auf Wunsch gesperrt werden.<\/p>\n<p>T\u00dcV-zertifizierte Hygienegarantie<\/p>\n<p>Die Wartung und Bedienung des neuen X8 ist ebenso intuitiv. Integrierte Sp\u00fcl- und Reinigungsprogramme sorgen in Kombination mit original JURA-Pflegeprodukten f\u00fcr T\u00dcV-zertifizierte Hygiene und Sauberkeit. Sogar die Reinigung des Milchsystems der X8 erfolgt automatisiert und auf Knopfdruck. Mit wenigen Handgriffen l\u00e4sst sich der massive Kombispender zerlegen. Die vorne im Inneren positionierten Milchausgie\u00dfer sind gut zug\u00e4nglich und k\u00f6nnen bei Bedarf problemlos ausgetauscht werden.<\/p>\n<p>So individuell wie Ihre Bed\u00fcrfnisse<\/p>\n<p>In Kombination mit weiteren Vollautomaten und edlem Zubeh\u00f6r wie Tassenw\u00e4rmer, Cool Control, Frischwasser-Kit oder Abrechnungssystem stellt die X8 die ideale Basis zur Schaffung kompletter und individueller L\u00f6sungen f\u00fcr die unterschiedlichsten Anwendungsbereiche dar.<\/p>\n<p>Technische Daten<\/p>\n<p>Kapazit\u00e4t des Wassertanks: 5 l<br \/>\nKapazit\u00e4t des Kaffeebohnenbeh\u00e4lters: 500 g<br \/>\nKaffeesatzbeh\u00e4lter: (Portionen ca.) 40<br \/>\nKabell\u00e4nge: 1,2 m<br \/>\nSpannung \/ Leistung: 220\u2009\u2013\u2009240 V ~\u2009\/\u20091450 W<br \/>\nStandby-Leistung: \u2264 0,5 W<br \/>\nGewicht: 14 kg<br \/>\nAbmessungen (B \u00d7 H \u00d7 T):\u00a0 37,3\u2009\u00d7\u200947\u2009\u00d7\u200946,1 cm<\/p>\n","protected":false},"excerpt":{"rendered":"<p>Modernste Technologien f\u00fcr perfekten Genuss Die professionelle Aroma-Kaffeem\u00fchle garantiert 12,2 %* mehr Aroma und eine unver\u00e4ndert hohe Mahlqualit\u00e4t ein Maschinenleben lang. Durch seine ausgereifte Geometrie wird eine optimale Schleifkurve erreicht. Das hei\u00dft, durch den h\u00f6heren Feinanteil k\u00f6nnen die Aromen ihre ganze Intensit\u00e4t entfalten. Das gepulste Extraktionsverfahren (P.E.P.\u00ae) optimiert die Extraktionszeit f\u00fcr kurze Spezialit\u00e4ten und macht [&hellip;]<\/p>\n","protected":false},"featured_media":6290061,"template":"","meta":{"_acf_changed":false},"product_cat":[12184,12171,12163],"product_tag":[],"class_list":{"0":"post-1599862","1":"product","2":"type-product","3":"status-publish","4":"has-post-thumbnail","6":"product_cat-automatisch","7":"product_cat-kaffeemaschinen-espresso","8":"product_cat-kleine-elektrogeraete","10":"first","11":"instock","12":"sale","13":"taxable","14":"shipping-taxable","15":"purchasable","16":"product-type-simple","swatches":"rey-swatches","show_selected":"","stretch_labels":"rey-swatches--stretch-labels"},"acf":[],"yoast_head":"<!-- This site is optimized with the Yoast SEO plugin v25.4 - https:\/\/yoast.com\/wordpress\/plugins\/seo\/ -->\n<title>JURA Kaffeemaschine GIGA X8 Platin - dev6 Erresse<\/title>\n<meta name=\"description\" content=\"Modernste Technologien f\u00fcr perfekten Genuss Die professionelle Aroma-Kaffeem\u00fchle garantiert 12,2 %* mehr Aroma und eine unver\u00e4ndert hohe Mahlqualit\u00e4t ein\" \/>\n<meta name=\"robots\" content=\"noindex, follow, max-snippet:-1, max-image-preview:large, max-video-preview:-1\" \/>\n<meta property=\"og:locale\" content=\"de_DE\" \/>\n<meta property=\"og:type\" content=\"article\" \/>\n<meta property=\"og:title\" content=\"JURA Kaffeemaschine GIGA X8 Platin - dev6 Erresse\" \/>\n<meta property=\"og:description\" content=\"Modernste Technologien f\u00fcr perfekten Genuss Die professionelle Aroma-Kaffeem\u00fchle garantiert 12,2 %* mehr Aroma und eine unver\u00e4ndert hohe Mahlqualit\u00e4t ein\" \/>\n<meta property=\"og:url\" content=\"https:\/\/dev6.erresse-shop.it\/de\/shop\/kleine-elektrogeraete\/kaffeemaschinen-espresso\/automatisch\/jura-kaffeemaschine-giga-x8-platin\/\" \/>\n<meta property=\"og:site_name\" content=\"dev6 Erresse\" \/>\n<meta property=\"og:image\" content=\"https:\/\/interpim.erresse-shop.it\/Import\/Prodotti\/jura-macchina-da-caffe-giga-x8-platino.jpg\" \/><meta property=\"og:image\" content=\"https:\/\/interpim.erresse-shop.it\/Import\/Prodotti\/jura-macchina-da-caffe-giga-x8-platino.jpg\" \/>\n\t<meta property=\"og:image:width\" content=\"1024\" \/>\n\t<meta property=\"og:image:height\" content=\"1024\" \/>\n\t<meta property=\"og:image:type\" content=\"image\/jpeg\" \/>\n<meta name=\"twitter:card\" content=\"summary_large_image\" \/>\n<meta name=\"twitter:image\" content=\"https:\/\/interpim.erresse-shop.it\/Import\/Prodotti\/jura-macchina-da-caffe-giga-x8-platino.jpg\" \/>\n<script type=\"application\/ld+json\" class=\"yoast-schema-graph\">{\"@context\":\"https:\/\/schema.org\",\"@graph\":[{\"@type\":\"WebPage\",\"@id\":\"https:\/\/dev6.erresse-shop.it\/de\/shop\/kleine-elektrogeraete\/kaffeemaschinen-espresso\/automatisch\/jura-kaffeemaschine-giga-x8-platin\/\",\"url\":\"https:\/\/dev6.erresse-shop.it\/de\/shop\/kleine-elektrogeraete\/kaffeemaschinen-espresso\/automatisch\/jura-kaffeemaschine-giga-x8-platin\/\",\"name\":\"JURA Kaffeemaschine GIGA X8 Platin - dev6 Erresse\",\"isPartOf\":{\"@id\":\"https:\/\/dev6.erresse-shop.it\/#website\"},\"primaryImageOfPage\":{\"@id\":\"https:\/\/dev6.erresse-shop.it\/de\/shop\/kleine-elektrogeraete\/kaffeemaschinen-espresso\/automatisch\/jura-kaffeemaschine-giga-x8-platin\/#primaryimage\"},\"image\":{\"@id\":\"https:\/\/dev6.erresse-shop.it\/de\/shop\/kleine-elektrogeraete\/kaffeemaschinen-espresso\/automatisch\/jura-kaffeemaschine-giga-x8-platin\/#primaryimage\"},\"thumbnailUrl\":\"https:\/\/i2.wp.com\/interpim.erresse-shop.it\/Import\/Prodotti\/jura-macchina-da-caffe-giga-x8-platino.jpg?ssl=1\",\"datePublished\":\"2026-04-04T10:29:51+00:00\",\"description\":\"Modernste Technologien f\u00fcr perfekten Genuss Die professionelle Aroma-Kaffeem\u00fchle garantiert 12,2 %* mehr Aroma und eine unver\u00e4ndert hohe Mahlqualit\u00e4t ein\",\"breadcrumb\":{\"@id\":\"https:\/\/dev6.erresse-shop.it\/de\/shop\/kleine-elektrogeraete\/kaffeemaschinen-espresso\/automatisch\/jura-kaffeemaschine-giga-x8-platin\/#breadcrumb\"},\"inLanguage\":\"de\",\"potentialAction\":[{\"@type\":\"ReadAction\",\"target\":[\"https:\/\/dev6.erresse-shop.it\/de\/shop\/kleine-elektrogeraete\/kaffeemaschinen-espresso\/automatisch\/jura-kaffeemaschine-giga-x8-platin\/\"]}]},{\"@type\":\"ImageObject\",\"inLanguage\":\"de\",\"@id\":\"https:\/\/dev6.erresse-shop.it\/de\/shop\/kleine-elektrogeraete\/kaffeemaschinen-espresso\/automatisch\/jura-kaffeemaschine-giga-x8-platin\/#primaryimage\",\"url\":\"https:\/\/i2.wp.com\/interpim.erresse-shop.it\/Import\/Prodotti\/jura-macchina-da-caffe-giga-x8-platino.jpg?ssl=1\",\"contentUrl\":\"https:\/\/i2.wp.com\/interpim.erresse-shop.it\/Import\/Prodotti\/jura-macchina-da-caffe-giga-x8-platino.jpg?ssl=1\"},{\"@type\":\"BreadcrumbList\",\"@id\":\"https:\/\/dev6.erresse-shop.it\/de\/shop\/kleine-elektrogeraete\/kaffeemaschinen-espresso\/automatisch\/jura-kaffeemaschine-giga-x8-platin\/#breadcrumb\",\"itemListElement\":[{\"@type\":\"ListItem\",\"position\":1,\"name\":\"Home\",\"item\":\"https:\/\/dev6.erresse-shop.it\/\"},{\"@type\":\"ListItem\",\"position\":2,\"name\":\"Shop\",\"item\":\"https:\/\/dev6.erresse-shop.it\/shop\/\"},{\"@type\":\"ListItem\",\"position\":3,\"name\":\"JURA Kaffeemaschine GIGA X8 Platin\"}]},{\"@type\":\"WebSite\",\"@id\":\"https:\/\/dev6.erresse-shop.it\/#website\",\"url\":\"https:\/\/dev6.erresse-shop.it\/\",\"name\":\"Erresse Shop\",\"description\":\"\",\"publisher\":{\"@id\":\"https:\/\/dev6.erresse-shop.it\/#organization\"},\"potentialAction\":[{\"@type\":\"SearchAction\",\"target\":{\"@type\":\"EntryPoint\",\"urlTemplate\":\"https:\/\/dev6.erresse-shop.it\/?s={search_term_string}\"},\"query-input\":{\"@type\":\"PropertyValueSpecification\",\"valueRequired\":true,\"valueName\":\"search_term_string\"}}],\"inLanguage\":\"de\"},{\"@type\":\"Organization\",\"@id\":\"https:\/\/dev6.erresse-shop.it\/#organization\",\"name\":\"Erresse Shop\",\"url\":\"https:\/\/dev6.erresse-shop.it\/\",\"logo\":{\"@type\":\"ImageObject\",\"inLanguage\":\"de\",\"@id\":\"https:\/\/dev6.erresse-shop.it\/#\/schema\/logo\/image\/\",\"url\":\"https:\/\/dev6.erresse-shop.it\/wp-content\/uploads\/2025\/01\/LOGO-ERRESSE-CLASSICO.svg\",\"contentUrl\":\"https:\/\/dev6.erresse-shop.it\/wp-content\/uploads\/2025\/01\/LOGO-ERRESSE-CLASSICO.svg\",\"caption\":\"Erresse Shop\"},\"image\":{\"@id\":\"https:\/\/dev6.erresse-shop.it\/#\/schema\/logo\/image\/\"}}]}<\/script>\n<!-- \/ Yoast SEO plugin. -->","yoast_head_json":{"title":"JURA Kaffeemaschine GIGA X8 Platin - dev6 Erresse","description":"Modernste Technologien f\u00fcr perfekten Genuss Die professionelle Aroma-Kaffeem\u00fchle garantiert 12,2 %* mehr Aroma und eine unver\u00e4ndert hohe Mahlqualit\u00e4t ein","robots":{"index":"noindex","follow":"follow","max-snippet":"max-snippet:-1","max-image-preview":"max-image-preview:large","max-video-preview":"max-video-preview:-1"},"og_locale":"de_DE","og_type":"article","og_title":"JURA Kaffeemaschine GIGA X8 Platin - dev6 Erresse","og_description":"Modernste Technologien f\u00fcr perfekten Genuss Die professionelle Aroma-Kaffeem\u00fchle garantiert 12,2 %* mehr Aroma und eine unver\u00e4ndert hohe Mahlqualit\u00e4t ein","og_url":"https:\/\/dev6.erresse-shop.it\/de\/shop\/kleine-elektrogeraete\/kaffeemaschinen-espresso\/automatisch\/jura-kaffeemaschine-giga-x8-platin\/","og_site_name":"dev6 Erresse","og_image":[{"url":"https:\/\/interpim.erresse-shop.it\/Import\/Prodotti\/jura-macchina-da-caffe-giga-x8-platino.jpg","type":"","width":"","height":""},{"url":"https:\/\/interpim.erresse-shop.it\/Import\/Prodotti\/jura-macchina-da-caffe-giga-x8-platino.jpg","width":1024,"height":1024,"type":"image\/jpeg"}],"twitter_card":"summary_large_image","twitter_image":"https:\/\/interpim.erresse-shop.it\/Import\/Prodotti\/jura-macchina-da-caffe-giga-x8-platino.jpg","schema":{"@context":"https:\/\/schema.org","@graph":[{"@type":"WebPage","@id":"https:\/\/dev6.erresse-shop.it\/de\/shop\/kleine-elektrogeraete\/kaffeemaschinen-espresso\/automatisch\/jura-kaffeemaschine-giga-x8-platin\/","url":"https:\/\/dev6.erresse-shop.it\/de\/shop\/kleine-elektrogeraete\/kaffeemaschinen-espresso\/automatisch\/jura-kaffeemaschine-giga-x8-platin\/","name":"JURA Kaffeemaschine GIGA X8 Platin - dev6 Erresse","isPartOf":{"@id":"https:\/\/dev6.erresse-shop.it\/#website"},"primaryImageOfPage":{"@id":"https:\/\/dev6.erresse-shop.it\/de\/shop\/kleine-elektrogeraete\/kaffeemaschinen-espresso\/automatisch\/jura-kaffeemaschine-giga-x8-platin\/#primaryimage"},"image":{"@id":"https:\/\/dev6.erresse-shop.it\/de\/shop\/kleine-elektrogeraete\/kaffeemaschinen-espresso\/automatisch\/jura-kaffeemaschine-giga-x8-platin\/#primaryimage"},"thumbnailUrl":"https:\/\/i2.wp.com\/interpim.erresse-shop.it\/Import\/Prodotti\/jura-macchina-da-caffe-giga-x8-platino.jpg?ssl=1","datePublished":"2026-04-04T10:29:51+00:00","description":"Modernste Technologien f\u00fcr perfekten Genuss Die professionelle Aroma-Kaffeem\u00fchle garantiert 12,2 %* mehr Aroma und eine unver\u00e4ndert hohe Mahlqualit\u00e4t ein","breadcrumb":{"@id":"https:\/\/dev6.erresse-shop.it\/de\/shop\/kleine-elektrogeraete\/kaffeemaschinen-espresso\/automatisch\/jura-kaffeemaschine-giga-x8-platin\/#breadcrumb"},"inLanguage":"de","potentialAction":[{"@type":"ReadAction","target":["https:\/\/dev6.erresse-shop.it\/de\/shop\/kleine-elektrogeraete\/kaffeemaschinen-espresso\/automatisch\/jura-kaffeemaschine-giga-x8-platin\/"]}]},{"@type":"ImageObject","inLanguage":"de","@id":"https:\/\/dev6.erresse-shop.it\/de\/shop\/kleine-elektrogeraete\/kaffeemaschinen-espresso\/automatisch\/jura-kaffeemaschine-giga-x8-platin\/#primaryimage","url":"https:\/\/i2.wp.com\/interpim.erresse-shop.it\/Import\/Prodotti\/jura-macchina-da-caffe-giga-x8-platino.jpg?ssl=1","contentUrl":"https:\/\/i2.wp.com\/interpim.erresse-shop.it\/Import\/Prodotti\/jura-macchina-da-caffe-giga-x8-platino.jpg?ssl=1"},{"@type":"BreadcrumbList","@id":"https:\/\/dev6.erresse-shop.it\/de\/shop\/kleine-elektrogeraete\/kaffeemaschinen-espresso\/automatisch\/jura-kaffeemaschine-giga-x8-platin\/#breadcrumb","itemListElement":[{"@type":"ListItem","position":1,"name":"Home","item":"https:\/\/dev6.erresse-shop.it\/"},{"@type":"ListItem","position":2,"name":"Shop","item":"https:\/\/dev6.erresse-shop.it\/shop\/"},{"@type":"ListItem","position":3,"name":"JURA Kaffeemaschine GIGA X8 Platin"}]},{"@type":"WebSite","@id":"https:\/\/dev6.erresse-shop.it\/#website","url":"https:\/\/dev6.erresse-shop.it\/","name":"Erresse Shop","description":"","publisher":{"@id":"https:\/\/dev6.erresse-shop.it\/#organization"},"potentialAction":[{"@type":"SearchAction","target":{"@type":"EntryPoint","urlTemplate":"https:\/\/dev6.erresse-shop.it\/?s={search_term_string}"},"query-input":{"@type":"PropertyValueSpecification","valueRequired":true,"valueName":"search_term_string"}}],"inLanguage":"de"},{"@type":"Organization","@id":"https:\/\/dev6.erresse-shop.it\/#organization","name":"Erresse Shop","url":"https:\/\/dev6.erresse-shop.it\/","logo":{"@type":"ImageObject","inLanguage":"de","@id":"https:\/\/dev6.erresse-shop.it\/#\/schema\/logo\/image\/","url":"https:\/\/dev6.erresse-shop.it\/wp-content\/uploads\/2025\/01\/LOGO-ERRESSE-CLASSICO.svg","contentUrl":"https:\/\/dev6.erresse-shop.it\/wp-content\/uploads\/2025\/01\/LOGO-ERRESSE-CLASSICO.svg","caption":"Erresse Shop"},"image":{"@id":"https:\/\/dev6.erresse-shop.it\/#\/schema\/logo\/image\/"}}]}},"df_price":2646.62,"df_sale_price":2646.62,"df_regular_price":3069,"df_image_link":"https:\/\/i2.wp.com\/interpim.erresse-shop.it\/Import\/Prodotti\/jura-macchina-da-caffe-giga-x8-platino.jpg?resize=300,300&ssl=1","fifu_image_url":"https:\/\/interpim.erresse-shop.it\/Import\/Prodotti\/jura-macchina-da-caffe-giga-x8-platino.jpg","_links":{"self":[{"href":"https:\/\/dev6.erresse-shop.it\/de\/wp-json\/wp\/v2\/product\/1599862","targetHints":{"allow":["GET"]}}],"collection":[{"href":"https:\/\/dev6.erresse-shop.it\/de\/wp-json\/wp\/v2\/product"}],"about":[{"href":"https:\/\/dev6.erresse-shop.it\/de\/wp-json\/wp\/v2\/types\/product"}],"wp:featuredmedia":[{"embeddable":true,"href":"https:\/\/dev6.erresse-shop.it\/de\/wp-json\/wp\/v2\/media\/6290061"}],"wp:attachment":[{"href":"https:\/\/dev6.erresse-shop.it\/de\/wp-json\/wp\/v2\/media?parent=1599862"}],"wp:term":[{"taxonomy":"product_cat","embeddable":true,"href":"https:\/\/dev6.erresse-shop.it\/de\/wp-json\/wp\/v2\/product_cat?post=1599862"},{"taxonomy":"product_tag","embeddable":true,"href":"https:\/\/dev6.erresse-shop.it\/de\/wp-json\/wp\/v2\/product_tag?post=1599862"}],"curies":[{"name":"wp","href":"https:\/\/api.w.org\/{rel}","templated":true}]}}