{"id":1599858,"date":"2026-04-10T13:11:09","date_gmt":"2026-04-10T11:11:09","guid":{"rendered":"https:\/\/dev6.erresse-shop.it\/shop\/unkategorisiert\/zwilling-gourmet-messerset-mit-braunem-block\/"},"modified":"2025-09-14T02:42:06","modified_gmt":"2025-09-14T00:42:06","slug":"zwilling-gourmet-messerset-mit-braunem-block","status":"publish","type":"product","link":"https:\/\/dev6.erresse-shop.it\/de\/shop\/kuche\/messer\/kuechenmesser\/zwilling-gourmet-messerset-mit-braunem-block\/","title":{"rendered":"ZWILLING Gourmet-Messerset mit braunem Block"},"content":{"rendered":"<p>Scharfe Messer sind sichere Messer. Deshalb garantiert der ZWILLING SharpBlock Messerblock aus der Serie GOURMET mit KIS (Keep It Sharp)-Technologie optimale Sch\u00e4rfe bei jedem Gebrauch. So ben\u00f6tigen Sie weniger Kraft und verrutschen nicht. Der Selbstsch\u00e4rfeinsatz befreit Sie vom manuellen Sch\u00e4rfen und sch\u00fctzt die Messer vor Besch\u00e4digungen. Das Geheimnis des Blocks bleibt im Inneren gewahrt: In den F\u00e4chern f\u00fcr die Messer mit glatter Klinge (Spick-, Tranchier- und Kochmesser) sind zwei Keramikr\u00e4dchen integriert, die im optimalen Schleifwinkel positioniert sind. Bei jedem Einlegen oder Entnehmen eines GOURMET-Messers aus dem Block wird die Klinge automatisch wieder gesch\u00e4rft. F\u00fcr stets scharfe und einsatzbereite Messer. Dank der edlen Eschenoptik mit charakteristischer Maserung und dem Edelstahl-Finish f\u00fcr erh\u00f6hte Langlebigkeit ist der 7-teilige Messerblock ein Blickfang in jeder K\u00fcche.<\/p>\n<p>Funktionen<\/p>\n<p>Schaftmaterial: Holz<br \/>\nHerstellungsmethode:Laserschnitt<br \/>\nAnzahl der Teile: 7<br \/>\nGrifffarbe:schwarz<br \/>\nGriffmaterial:Kunststoff<\/p>\n<p>GR\u00d6SSE<\/p>\n<p>Nettogewicht: 2,51 kg<br \/>\nProduktl\u00e4nge: 41 cm<br \/>\nProduktbreite: 17,50 cm<br \/>\nProdukth\u00f6he: 20,00 cm<\/p>\n","protected":false},"excerpt":{"rendered":"<p>Scharfe Messer sind sichere Messer. Deshalb garantiert der ZWILLING SharpBlock Messerblock aus der Serie GOURMET mit KIS (Keep It Sharp)-Technologie optimale Sch\u00e4rfe bei jedem Gebrauch. So ben\u00f6tigen Sie weniger Kraft und verrutschen nicht. Der Selbstsch\u00e4rfeinsatz befreit Sie vom manuellen Sch\u00e4rfen und sch\u00fctzt die Messer vor Besch\u00e4digungen. Das Geheimnis des Blocks bleibt im Inneren gewahrt: In [&hellip;]<\/p>\n","protected":false},"featured_media":6331676,"template":"","meta":{"_acf_changed":false},"product_cat":[12100,12105],"product_tag":[],"class_list":{"0":"post-1599858","1":"product","2":"type-product","3":"status-publish","4":"has-post-thumbnail","6":"product_cat-kuche","7":"product_cat-kuechenmesser","9":"first","10":"instock","11":"sale","12":"taxable","13":"shipping-taxable","14":"purchasable","15":"product-type-simple","swatches":"rey-swatches","show_selected":"","stretch_labels":"rey-swatches--stretch-labels"},"acf":[],"yoast_head":"<!-- This site is optimized with the Yoast SEO plugin v25.4 - https:\/\/yoast.com\/wordpress\/plugins\/seo\/ -->\n<title>ZWILLING Gourmet-Messerset mit braunem Block - dev6 Erresse<\/title>\n<meta name=\"description\" content=\"Scharfe Messer sind sichere Messer. Deshalb garantiert der ZWILLING SharpBlock Messerblock aus der Serie GOURMET mit KIS (Keep It Sharp)-Technologie\" \/>\n<meta name=\"robots\" content=\"noindex, follow, max-snippet:-1, max-image-preview:large, max-video-preview:-1\" \/>\n<meta property=\"og:locale\" content=\"de_DE\" \/>\n<meta property=\"og:type\" content=\"article\" \/>\n<meta property=\"og:title\" content=\"ZWILLING Gourmet-Messerset mit braunem Block - dev6 Erresse\" \/>\n<meta property=\"og:description\" content=\"Scharfe Messer sind sichere Messer. Deshalb garantiert der ZWILLING SharpBlock Messerblock aus der Serie GOURMET mit KIS (Keep It Sharp)-Technologie\" \/>\n<meta property=\"og:url\" content=\"https:\/\/dev6.erresse-shop.it\/de\/shop\/kuche\/messer\/kuechenmesser\/zwilling-gourmet-messerset-mit-braunem-block\/\" \/>\n<meta property=\"og:site_name\" content=\"dev6 Erresse\" \/>\n<meta property=\"og:image\" content=\"https:\/\/interpim.erresse-shop.it\/Import\/Prodotti\/zwilling-set-coltelli-gourmet-con-ceppo-marrone.jpg\" \/><meta property=\"og:image\" content=\"https:\/\/interpim.erresse-shop.it\/Import\/Prodotti\/zwilling-set-coltelli-gourmet-con-ceppo-marrone.jpg\" \/>\n\t<meta property=\"og:image:width\" content=\"1024\" \/>\n\t<meta property=\"og:image:height\" content=\"1024\" \/>\n\t<meta property=\"og:image:type\" content=\"image\/jpeg\" \/>\n<meta name=\"twitter:card\" content=\"summary_large_image\" \/>\n<meta name=\"twitter:image\" content=\"https:\/\/interpim.erresse-shop.it\/Import\/Prodotti\/zwilling-set-coltelli-gourmet-con-ceppo-marrone.jpg\" \/>\n<script type=\"application\/ld+json\" class=\"yoast-schema-graph\">{\"@context\":\"https:\/\/schema.org\",\"@graph\":[{\"@type\":\"WebPage\",\"@id\":\"https:\/\/dev6.erresse-shop.it\/de\/shop\/kuche\/messer\/kuechenmesser\/zwilling-gourmet-messerset-mit-braunem-block\/\",\"url\":\"https:\/\/dev6.erresse-shop.it\/de\/shop\/kuche\/messer\/kuechenmesser\/zwilling-gourmet-messerset-mit-braunem-block\/\",\"name\":\"ZWILLING Gourmet-Messerset mit braunem Block - dev6 Erresse\",\"isPartOf\":{\"@id\":\"https:\/\/dev6.erresse-shop.it\/#website\"},\"primaryImageOfPage\":{\"@id\":\"https:\/\/dev6.erresse-shop.it\/de\/shop\/kuche\/messer\/kuechenmesser\/zwilling-gourmet-messerset-mit-braunem-block\/#primaryimage\"},\"image\":{\"@id\":\"https:\/\/dev6.erresse-shop.it\/de\/shop\/kuche\/messer\/kuechenmesser\/zwilling-gourmet-messerset-mit-braunem-block\/#primaryimage\"},\"thumbnailUrl\":\"https:\/\/i2.wp.com\/interpim.erresse-shop.it\/Import\/Prodotti\/zwilling-set-coltelli-gourmet-con-ceppo-marrone.jpg?ssl=1\",\"datePublished\":\"2026-04-10T11:11:09+00:00\",\"description\":\"Scharfe Messer sind sichere Messer. Deshalb garantiert der ZWILLING SharpBlock Messerblock aus der Serie GOURMET mit KIS (Keep It Sharp)-Technologie\",\"breadcrumb\":{\"@id\":\"https:\/\/dev6.erresse-shop.it\/de\/shop\/kuche\/messer\/kuechenmesser\/zwilling-gourmet-messerset-mit-braunem-block\/#breadcrumb\"},\"inLanguage\":\"de\",\"potentialAction\":[{\"@type\":\"ReadAction\",\"target\":[\"https:\/\/dev6.erresse-shop.it\/de\/shop\/kuche\/messer\/kuechenmesser\/zwilling-gourmet-messerset-mit-braunem-block\/\"]}]},{\"@type\":\"ImageObject\",\"inLanguage\":\"de\",\"@id\":\"https:\/\/dev6.erresse-shop.it\/de\/shop\/kuche\/messer\/kuechenmesser\/zwilling-gourmet-messerset-mit-braunem-block\/#primaryimage\",\"url\":\"https:\/\/i2.wp.com\/interpim.erresse-shop.it\/Import\/Prodotti\/zwilling-set-coltelli-gourmet-con-ceppo-marrone.jpg?ssl=1\",\"contentUrl\":\"https:\/\/i2.wp.com\/interpim.erresse-shop.it\/Import\/Prodotti\/zwilling-set-coltelli-gourmet-con-ceppo-marrone.jpg?ssl=1\"},{\"@type\":\"BreadcrumbList\",\"@id\":\"https:\/\/dev6.erresse-shop.it\/de\/shop\/kuche\/messer\/kuechenmesser\/zwilling-gourmet-messerset-mit-braunem-block\/#breadcrumb\",\"itemListElement\":[{\"@type\":\"ListItem\",\"position\":1,\"name\":\"Home\",\"item\":\"https:\/\/dev6.erresse-shop.it\/\"},{\"@type\":\"ListItem\",\"position\":2,\"name\":\"Shop\",\"item\":\"https:\/\/dev6.erresse-shop.it\/shop\/\"},{\"@type\":\"ListItem\",\"position\":3,\"name\":\"ZWILLING Gourmet-Messerset mit braunem Block\"}]},{\"@type\":\"WebSite\",\"@id\":\"https:\/\/dev6.erresse-shop.it\/#website\",\"url\":\"https:\/\/dev6.erresse-shop.it\/\",\"name\":\"Erresse Shop\",\"description\":\"\",\"publisher\":{\"@id\":\"https:\/\/dev6.erresse-shop.it\/#organization\"},\"potentialAction\":[{\"@type\":\"SearchAction\",\"target\":{\"@type\":\"EntryPoint\",\"urlTemplate\":\"https:\/\/dev6.erresse-shop.it\/?s={search_term_string}\"},\"query-input\":{\"@type\":\"PropertyValueSpecification\",\"valueRequired\":true,\"valueName\":\"search_term_string\"}}],\"inLanguage\":\"de\"},{\"@type\":\"Organization\",\"@id\":\"https:\/\/dev6.erresse-shop.it\/#organization\",\"name\":\"Erresse Shop\",\"url\":\"https:\/\/dev6.erresse-shop.it\/\",\"logo\":{\"@type\":\"ImageObject\",\"inLanguage\":\"de\",\"@id\":\"https:\/\/dev6.erresse-shop.it\/#\/schema\/logo\/image\/\",\"url\":\"https:\/\/dev6.erresse-shop.it\/wp-content\/uploads\/2025\/01\/LOGO-ERRESSE-CLASSICO.svg\",\"contentUrl\":\"https:\/\/dev6.erresse-shop.it\/wp-content\/uploads\/2025\/01\/LOGO-ERRESSE-CLASSICO.svg\",\"caption\":\"Erresse Shop\"},\"image\":{\"@id\":\"https:\/\/dev6.erresse-shop.it\/#\/schema\/logo\/image\/\"}}]}<\/script>\n<!-- \/ Yoast SEO plugin. -->","yoast_head_json":{"title":"ZWILLING Gourmet-Messerset mit braunem Block - dev6 Erresse","description":"Scharfe Messer sind sichere Messer. Deshalb garantiert der ZWILLING SharpBlock Messerblock aus der Serie GOURMET mit KIS (Keep It Sharp)-Technologie","robots":{"index":"noindex","follow":"follow","max-snippet":"max-snippet:-1","max-image-preview":"max-image-preview:large","max-video-preview":"max-video-preview:-1"},"og_locale":"de_DE","og_type":"article","og_title":"ZWILLING Gourmet-Messerset mit braunem Block - dev6 Erresse","og_description":"Scharfe Messer sind sichere Messer. Deshalb garantiert der ZWILLING SharpBlock Messerblock aus der Serie GOURMET mit KIS (Keep It Sharp)-Technologie","og_url":"https:\/\/dev6.erresse-shop.it\/de\/shop\/kuche\/messer\/kuechenmesser\/zwilling-gourmet-messerset-mit-braunem-block\/","og_site_name":"dev6 Erresse","og_image":[{"url":"https:\/\/interpim.erresse-shop.it\/Import\/Prodotti\/zwilling-set-coltelli-gourmet-con-ceppo-marrone.jpg","type":"","width":"","height":""},{"url":"https:\/\/interpim.erresse-shop.it\/Import\/Prodotti\/zwilling-set-coltelli-gourmet-con-ceppo-marrone.jpg","width":1024,"height":1024,"type":"image\/jpeg"}],"twitter_card":"summary_large_image","twitter_image":"https:\/\/interpim.erresse-shop.it\/Import\/Prodotti\/zwilling-set-coltelli-gourmet-con-ceppo-marrone.jpg","schema":{"@context":"https:\/\/schema.org","@graph":[{"@type":"WebPage","@id":"https:\/\/dev6.erresse-shop.it\/de\/shop\/kuche\/messer\/kuechenmesser\/zwilling-gourmet-messerset-mit-braunem-block\/","url":"https:\/\/dev6.erresse-shop.it\/de\/shop\/kuche\/messer\/kuechenmesser\/zwilling-gourmet-messerset-mit-braunem-block\/","name":"ZWILLING Gourmet-Messerset mit braunem Block - dev6 Erresse","isPartOf":{"@id":"https:\/\/dev6.erresse-shop.it\/#website"},"primaryImageOfPage":{"@id":"https:\/\/dev6.erresse-shop.it\/de\/shop\/kuche\/messer\/kuechenmesser\/zwilling-gourmet-messerset-mit-braunem-block\/#primaryimage"},"image":{"@id":"https:\/\/dev6.erresse-shop.it\/de\/shop\/kuche\/messer\/kuechenmesser\/zwilling-gourmet-messerset-mit-braunem-block\/#primaryimage"},"thumbnailUrl":"https:\/\/i2.wp.com\/interpim.erresse-shop.it\/Import\/Prodotti\/zwilling-set-coltelli-gourmet-con-ceppo-marrone.jpg?ssl=1","datePublished":"2026-04-10T11:11:09+00:00","description":"Scharfe Messer sind sichere Messer. Deshalb garantiert der ZWILLING SharpBlock Messerblock aus der Serie GOURMET mit KIS (Keep It Sharp)-Technologie","breadcrumb":{"@id":"https:\/\/dev6.erresse-shop.it\/de\/shop\/kuche\/messer\/kuechenmesser\/zwilling-gourmet-messerset-mit-braunem-block\/#breadcrumb"},"inLanguage":"de","potentialAction":[{"@type":"ReadAction","target":["https:\/\/dev6.erresse-shop.it\/de\/shop\/kuche\/messer\/kuechenmesser\/zwilling-gourmet-messerset-mit-braunem-block\/"]}]},{"@type":"ImageObject","inLanguage":"de","@id":"https:\/\/dev6.erresse-shop.it\/de\/shop\/kuche\/messer\/kuechenmesser\/zwilling-gourmet-messerset-mit-braunem-block\/#primaryimage","url":"https:\/\/i2.wp.com\/interpim.erresse-shop.it\/Import\/Prodotti\/zwilling-set-coltelli-gourmet-con-ceppo-marrone.jpg?ssl=1","contentUrl":"https:\/\/i2.wp.com\/interpim.erresse-shop.it\/Import\/Prodotti\/zwilling-set-coltelli-gourmet-con-ceppo-marrone.jpg?ssl=1"},{"@type":"BreadcrumbList","@id":"https:\/\/dev6.erresse-shop.it\/de\/shop\/kuche\/messer\/kuechenmesser\/zwilling-gourmet-messerset-mit-braunem-block\/#breadcrumb","itemListElement":[{"@type":"ListItem","position":1,"name":"Home","item":"https:\/\/dev6.erresse-shop.it\/"},{"@type":"ListItem","position":2,"name":"Shop","item":"https:\/\/dev6.erresse-shop.it\/shop\/"},{"@type":"ListItem","position":3,"name":"ZWILLING Gourmet-Messerset mit braunem Block"}]},{"@type":"WebSite","@id":"https:\/\/dev6.erresse-shop.it\/#website","url":"https:\/\/dev6.erresse-shop.it\/","name":"Erresse Shop","description":"","publisher":{"@id":"https:\/\/dev6.erresse-shop.it\/#organization"},"potentialAction":[{"@type":"SearchAction","target":{"@type":"EntryPoint","urlTemplate":"https:\/\/dev6.erresse-shop.it\/?s={search_term_string}"},"query-input":{"@type":"PropertyValueSpecification","valueRequired":true,"valueName":"search_term_string"}}],"inLanguage":"de"},{"@type":"Organization","@id":"https:\/\/dev6.erresse-shop.it\/#organization","name":"Erresse Shop","url":"https:\/\/dev6.erresse-shop.it\/","logo":{"@type":"ImageObject","inLanguage":"de","@id":"https:\/\/dev6.erresse-shop.it\/#\/schema\/logo\/image\/","url":"https:\/\/dev6.erresse-shop.it\/wp-content\/uploads\/2025\/01\/LOGO-ERRESSE-CLASSICO.svg","contentUrl":"https:\/\/dev6.erresse-shop.it\/wp-content\/uploads\/2025\/01\/LOGO-ERRESSE-CLASSICO.svg","caption":"Erresse Shop"},"image":{"@id":"https:\/\/dev6.erresse-shop.it\/#\/schema\/logo\/image\/"}}]}},"df_price":189.95,"df_sale_price":189.95,"df_regular_price":279,"df_image_link":"https:\/\/i2.wp.com\/interpim.erresse-shop.it\/Import\/Prodotti\/zwilling-set-coltelli-gourmet-con-ceppo-marrone.jpg?resize=300,300&ssl=1","fifu_image_url":"https:\/\/interpim.erresse-shop.it\/Import\/Prodotti\/zwilling-set-coltelli-gourmet-con-ceppo-marrone.jpg","_links":{"self":[{"href":"https:\/\/dev6.erresse-shop.it\/de\/wp-json\/wp\/v2\/product\/1599858","targetHints":{"allow":["GET"]}}],"collection":[{"href":"https:\/\/dev6.erresse-shop.it\/de\/wp-json\/wp\/v2\/product"}],"about":[{"href":"https:\/\/dev6.erresse-shop.it\/de\/wp-json\/wp\/v2\/types\/product"}],"wp:featuredmedia":[{"embeddable":true,"href":"https:\/\/dev6.erresse-shop.it\/de\/wp-json\/wp\/v2\/media\/6331676"}],"wp:attachment":[{"href":"https:\/\/dev6.erresse-shop.it\/de\/wp-json\/wp\/v2\/media?parent=1599858"}],"wp:term":[{"taxonomy":"product_cat","embeddable":true,"href":"https:\/\/dev6.erresse-shop.it\/de\/wp-json\/wp\/v2\/product_cat?post=1599858"},{"taxonomy":"product_tag","embeddable":true,"href":"https:\/\/dev6.erresse-shop.it\/de\/wp-json\/wp\/v2\/product_tag?post=1599858"}],"curies":[{"name":"wp","href":"https:\/\/api.w.org\/{rel}","templated":true}]}}