{"id":1599856,"date":"2026-04-10T13:11:09","date_gmt":"2026-04-10T11:11:09","guid":{"rendered":"https:\/\/dev6.erresse-shop.it\/shop\/unkategorisiert\/jura-kaffeemaschine-giga-w10-diamond-silver\/"},"modified":"2025-09-14T02:42:01","modified_gmt":"2025-09-14T00:42:01","slug":"jura-kaffeemaschine-giga-w10-diamond-silver","status":"publish","type":"product","link":"https:\/\/dev6.erresse-shop.it\/de\/shop\/kleine-elektrogeraete\/kaffeemaschinen-espresso\/automatisch\/jura-kaffeemaschine-giga-w10-diamond-silver\/","title":{"rendered":"JURA Kaffeemaschine GIGA W10 Diamond Silver"},"content":{"rendered":"<p>Der Premium-Automat f\u00fcr Premium-Umgebungen<br \/>\nInnovation, Leistung und Design sind typische Kennzeichen eleganter und repr\u00e4sentativer Arbeits- oder Freizeitumgebungen sowie Loungebereichen. Speziell f\u00fcr diese R\u00e4umlichkeiten hat JURA die GIGA W10 entwickelt.<\/p>\n<p>Das Nonplusultra unter den Kaffeespezialit\u00e4ten-Vollautomaten vereint revolution\u00e4re Technologien wie den Cold Extraction Process oder das Panorama Coffee Panel mit der Power zweier Keramikmahlwerke und einer Spezialit\u00e4tenvielfalt, die keine W\u00fcnsche offen l\u00e4sst. All dies, kombiniert mit dem ausdrucksstarken Design, macht die GIGA W10 nicht nur zur besten Wahl f\u00fcr h\u00f6chste Anspr\u00fcche, sondern auch zu einem ikonischen M\u00f6belst\u00fcck.<\/p>\n<p>Es eignet sich perfekt f\u00fcr jedes Premium-Ambiente, in dem t\u00e4glich bis zu 50 Kaffeespezialit\u00e4ten zelebriert werden.<\/p>\n<p>Authentische Cold Brew Spezialit\u00e4ten auf Knopfdruck<\/p>\n<p>Sie sind beliebt, trendig und angesagt: Cold Brew-Spezialit\u00e4ten. Dank Cold Extraction Process bereitet die GIGA W10 diese in Rekordzeit und ganz einfach auf Knopfdruck zu. W\u00e4hrend viele herk\u00f6mmliche Kaltkaffeegetr\u00e4nke mit hei\u00dfem Kaffee zubereitet und anschlie\u00dfend abgek\u00fchlt werden, erfolgt die Extraktion bei der GIGA W10 mit kaltem Wasser unter hohem Druck im Pulsverfahren nach der Espressomethode. Das Ergebnis ist eine authentische Cold Brew Kreation, ein erfrischendes, nat\u00fcrliches und energetisierendes Getr\u00e4nk, bei dem sich die fruchtigen Aromen des Kaffees ohne den negativen Einfluss von Bitterstoffen voll entfalten. Alles, au\u00dfer einem einfachen kalten Kaffee.<\/p>\n<p>Eine unersch\u00f6pfliche Auswahl an Kaffeespezialit\u00e4ten<\/p>\n<p>Die GIGA W10 bietet mit 35 Kaffeespezialit\u00e4ten eine Vielfalt, die keine W\u00fcnsche offen l\u00e4sst. Doch damit nicht genug: Sie k\u00f6nnen das GIGA W10 an die Vorlieben Ihrer Kunden, G\u00e4ste und Mitarbeiter anpassen. Die innovative Steuerung erm\u00f6glicht unendlich viele individuelle Anpassungsm\u00f6glichkeiten. Genie\u00dfen Sie beispielsweise einen Flat White mit besonders intensivem Geschmack durch die Aktivierung der Extra Shot-Funktion. Das revolution\u00e4re Cold Extraction Process verdoppelt die Geschmacksvielfalt und erm\u00f6glicht Ihnen die Zubereitung aller Kaffeespezialit\u00e4ten auch mit kaltem Wasser. Dank des neuen Wasserbypasses ist zudem die Zubereitung sowohl hei\u00dfer als auch kalter Longdrinks f\u00fcr Barista-Spezialit\u00e4ten m\u00f6glich.<\/p>\n<p>Zwei Kaffeem\u00fchlen mit Keramikmahlwerk, zwei Kaffeebohnenbeh\u00e4lter<\/p>\n<p>Um maximale Professionalit\u00e4t zu gew\u00e4hrleisten, verf\u00fcgt die GIGA W10 \u00fcber zwei Kaffeem\u00fchlen mit Kreismahlwerk aus hochwertiger, langlebiger Keramik. Die beiden daran angeschlossenen Kaffeebohnenbeh\u00e4lter haben ein Fassungsverm\u00f6gen von jeweils 650 Gramm. Diese Konfiguration erm\u00f6glicht es Ihnen, f\u00fcr jede Tasse die ideale Kaffeemischung auszuw\u00e4hlen. Genie\u00dfen Sie so beispielsweise mit einer klassischen Intensivr\u00f6stung zubereitete Hei\u00dfspezialit\u00e4ten und Cold Brew-Getr\u00e4nke mit einer Kaffeequalit\u00e4t mit angenehm fruchtigen Noten. Dies alles nat\u00fcrlich immer gem\u00e4\u00df dem JURA-Motto \u201efrisch gemahlen, nicht in der Kapsel\u201c.<\/p>\n<p>Bargeldlose Zahlung und bequeme zentrale Verwaltung<\/p>\n<p>Das GIGA W10 verf\u00fcgt \u00fcber das neue Zahlungs- und Verwaltungssystem Pocket Pilot 2.0. Mit Pocket Pilot 2.0 erfolgt sowohl das bargeldlose Bezahlen als auch die zentrale Automaten\u00fcberwachung ohne zus\u00e4tzliche Infrastruktur dank \u00abPayment Connect\u00bb, welches komfortabel im GIGA W10 genutzt werden kann. Das webbasierte System ist kostenlos und erfordert keine Softwareinstallation. Erstellen Sie einfach ein Konto f\u00fcr JURA Pocket Pilot 2.0 und Sie erhalten ein vollautomatisches Maschinenmanagement, das keine W\u00fcnsche offen l\u00e4sst.<\/p>\n<p>Technische Daten<\/p>\n<p>Kapazit\u00e4t des Wassertanks: 5 l<br \/>\nKapazit\u00e4t des Kaffeebohnenbeh\u00e4lters: 1 kg<br \/>\nKaffeesatzbeh\u00e4lter: (Portionen ca.) 40<br \/>\nKabell\u00e4nge: 1,1 m<br \/>\nSpannung \/ Leistung: 230 V ~ \/ 2700 W<br \/>\nStandby-Leistung: \u2264 0,5 W<br \/>\nGewicht: 19 kg<br \/>\nAbmessungen (B \u00d7 H \u00d7 T): 37 \u00d7 55,5 \u00d7 49,7 cm<\/p>\n","protected":false},"excerpt":{"rendered":"<p>Der Premium-Automat f\u00fcr Premium-Umgebungen Innovation, Leistung und Design sind typische Kennzeichen eleganter und repr\u00e4sentativer Arbeits- oder Freizeitumgebungen sowie Loungebereichen. Speziell f\u00fcr diese R\u00e4umlichkeiten hat JURA die GIGA W10 entwickelt. Das Nonplusultra unter den Kaffeespezialit\u00e4ten-Vollautomaten vereint revolution\u00e4re Technologien wie den Cold Extraction Process oder das Panorama Coffee Panel mit der Power zweier Keramikmahlwerke und einer Spezialit\u00e4tenvielfalt, [&hellip;]<\/p>\n","protected":false},"featured_media":6331668,"template":"","meta":{"_acf_changed":false},"product_cat":[12184,12171,12163],"product_tag":[],"class_list":{"0":"post-1599856","1":"product","2":"type-product","3":"status-publish","4":"has-post-thumbnail","6":"product_cat-automatisch","7":"product_cat-kaffeemaschinen-espresso","8":"product_cat-kleine-elektrogeraete","10":"first","11":"instock","12":"sale","13":"taxable","14":"shipping-taxable","15":"purchasable","16":"product-type-simple","swatches":"rey-swatches","show_selected":"","stretch_labels":"rey-swatches--stretch-labels"},"acf":[],"yoast_head":"<!-- This site is optimized with the Yoast SEO plugin v25.4 - https:\/\/yoast.com\/wordpress\/plugins\/seo\/ -->\n<title>JURA Kaffeemaschine GIGA W10 Diamond Silver - dev6 Erresse<\/title>\n<meta name=\"description\" content=\"Der Premium-Automat f\u00fcr Premium-Umgebungen Innovation, Leistung und Design sind typische Kennzeichen eleganter und repr\u00e4sentativer Arbeits- oder\" \/>\n<meta name=\"robots\" content=\"noindex, follow, max-snippet:-1, max-image-preview:large, max-video-preview:-1\" \/>\n<meta property=\"og:locale\" content=\"de_DE\" \/>\n<meta property=\"og:type\" content=\"article\" \/>\n<meta property=\"og:title\" content=\"JURA Kaffeemaschine GIGA W10 Diamond Silver - dev6 Erresse\" \/>\n<meta property=\"og:description\" content=\"Der Premium-Automat f\u00fcr Premium-Umgebungen Innovation, Leistung und Design sind typische Kennzeichen eleganter und repr\u00e4sentativer Arbeits- oder\" \/>\n<meta property=\"og:url\" content=\"https:\/\/dev6.erresse-shop.it\/de\/shop\/kleine-elektrogeraete\/kaffeemaschinen-espresso\/automatisch\/jura-kaffeemaschine-giga-w10-diamond-silver\/\" \/>\n<meta property=\"og:site_name\" content=\"dev6 Erresse\" \/>\n<meta property=\"og:image\" content=\"https:\/\/interpim.erresse-shop.it\/Import\/Prodotti\/jura-macchina-da-caffe-giga-w10-diamond-silver.jpg\" \/><meta property=\"og:image\" content=\"https:\/\/interpim.erresse-shop.it\/Import\/Prodotti\/jura-macchina-da-caffe-giga-w10-diamond-silver.jpg\" \/>\n\t<meta property=\"og:image:width\" content=\"1024\" \/>\n\t<meta property=\"og:image:height\" content=\"1024\" \/>\n\t<meta property=\"og:image:type\" content=\"image\/jpeg\" \/>\n<meta name=\"twitter:card\" content=\"summary_large_image\" \/>\n<meta name=\"twitter:image\" content=\"https:\/\/interpim.erresse-shop.it\/Import\/Prodotti\/jura-macchina-da-caffe-giga-w10-diamond-silver.jpg\" \/>\n<script type=\"application\/ld+json\" class=\"yoast-schema-graph\">{\"@context\":\"https:\/\/schema.org\",\"@graph\":[{\"@type\":\"WebPage\",\"@id\":\"https:\/\/dev6.erresse-shop.it\/de\/shop\/kleine-elektrogeraete\/kaffeemaschinen-espresso\/automatisch\/jura-kaffeemaschine-giga-w10-diamond-silver\/\",\"url\":\"https:\/\/dev6.erresse-shop.it\/de\/shop\/kleine-elektrogeraete\/kaffeemaschinen-espresso\/automatisch\/jura-kaffeemaschine-giga-w10-diamond-silver\/\",\"name\":\"JURA Kaffeemaschine GIGA W10 Diamond Silver - dev6 Erresse\",\"isPartOf\":{\"@id\":\"https:\/\/dev6.erresse-shop.it\/#website\"},\"primaryImageOfPage\":{\"@id\":\"https:\/\/dev6.erresse-shop.it\/de\/shop\/kleine-elektrogeraete\/kaffeemaschinen-espresso\/automatisch\/jura-kaffeemaschine-giga-w10-diamond-silver\/#primaryimage\"},\"image\":{\"@id\":\"https:\/\/dev6.erresse-shop.it\/de\/shop\/kleine-elektrogeraete\/kaffeemaschinen-espresso\/automatisch\/jura-kaffeemaschine-giga-w10-diamond-silver\/#primaryimage\"},\"thumbnailUrl\":\"https:\/\/i2.wp.com\/interpim.erresse-shop.it\/Import\/Prodotti\/jura-macchina-da-caffe-giga-w10-diamond-silver.jpg?ssl=1\",\"datePublished\":\"2026-04-10T11:11:09+00:00\",\"description\":\"Der Premium-Automat f\u00fcr Premium-Umgebungen Innovation, Leistung und Design sind typische Kennzeichen eleganter und repr\u00e4sentativer Arbeits- oder\",\"breadcrumb\":{\"@id\":\"https:\/\/dev6.erresse-shop.it\/de\/shop\/kleine-elektrogeraete\/kaffeemaschinen-espresso\/automatisch\/jura-kaffeemaschine-giga-w10-diamond-silver\/#breadcrumb\"},\"inLanguage\":\"de\",\"potentialAction\":[{\"@type\":\"ReadAction\",\"target\":[\"https:\/\/dev6.erresse-shop.it\/de\/shop\/kleine-elektrogeraete\/kaffeemaschinen-espresso\/automatisch\/jura-kaffeemaschine-giga-w10-diamond-silver\/\"]}]},{\"@type\":\"ImageObject\",\"inLanguage\":\"de\",\"@id\":\"https:\/\/dev6.erresse-shop.it\/de\/shop\/kleine-elektrogeraete\/kaffeemaschinen-espresso\/automatisch\/jura-kaffeemaschine-giga-w10-diamond-silver\/#primaryimage\",\"url\":\"https:\/\/i2.wp.com\/interpim.erresse-shop.it\/Import\/Prodotti\/jura-macchina-da-caffe-giga-w10-diamond-silver.jpg?ssl=1\",\"contentUrl\":\"https:\/\/i2.wp.com\/interpim.erresse-shop.it\/Import\/Prodotti\/jura-macchina-da-caffe-giga-w10-diamond-silver.jpg?ssl=1\"},{\"@type\":\"BreadcrumbList\",\"@id\":\"https:\/\/dev6.erresse-shop.it\/de\/shop\/kleine-elektrogeraete\/kaffeemaschinen-espresso\/automatisch\/jura-kaffeemaschine-giga-w10-diamond-silver\/#breadcrumb\",\"itemListElement\":[{\"@type\":\"ListItem\",\"position\":1,\"name\":\"Home\",\"item\":\"https:\/\/dev6.erresse-shop.it\/\"},{\"@type\":\"ListItem\",\"position\":2,\"name\":\"Shop\",\"item\":\"https:\/\/dev6.erresse-shop.it\/shop\/\"},{\"@type\":\"ListItem\",\"position\":3,\"name\":\"JURA Kaffeemaschine GIGA W10 Diamond Silver\"}]},{\"@type\":\"WebSite\",\"@id\":\"https:\/\/dev6.erresse-shop.it\/#website\",\"url\":\"https:\/\/dev6.erresse-shop.it\/\",\"name\":\"Erresse Shop\",\"description\":\"\",\"publisher\":{\"@id\":\"https:\/\/dev6.erresse-shop.it\/#organization\"},\"potentialAction\":[{\"@type\":\"SearchAction\",\"target\":{\"@type\":\"EntryPoint\",\"urlTemplate\":\"https:\/\/dev6.erresse-shop.it\/?s={search_term_string}\"},\"query-input\":{\"@type\":\"PropertyValueSpecification\",\"valueRequired\":true,\"valueName\":\"search_term_string\"}}],\"inLanguage\":\"de\"},{\"@type\":\"Organization\",\"@id\":\"https:\/\/dev6.erresse-shop.it\/#organization\",\"name\":\"Erresse Shop\",\"url\":\"https:\/\/dev6.erresse-shop.it\/\",\"logo\":{\"@type\":\"ImageObject\",\"inLanguage\":\"de\",\"@id\":\"https:\/\/dev6.erresse-shop.it\/#\/schema\/logo\/image\/\",\"url\":\"https:\/\/dev6.erresse-shop.it\/wp-content\/uploads\/2025\/01\/LOGO-ERRESSE-CLASSICO.svg\",\"contentUrl\":\"https:\/\/dev6.erresse-shop.it\/wp-content\/uploads\/2025\/01\/LOGO-ERRESSE-CLASSICO.svg\",\"caption\":\"Erresse Shop\"},\"image\":{\"@id\":\"https:\/\/dev6.erresse-shop.it\/#\/schema\/logo\/image\/\"}}]}<\/script>\n<!-- \/ Yoast SEO plugin. -->","yoast_head_json":{"title":"JURA Kaffeemaschine GIGA W10 Diamond Silver - dev6 Erresse","description":"Der Premium-Automat f\u00fcr Premium-Umgebungen Innovation, Leistung und Design sind typische Kennzeichen eleganter und repr\u00e4sentativer Arbeits- oder","robots":{"index":"noindex","follow":"follow","max-snippet":"max-snippet:-1","max-image-preview":"max-image-preview:large","max-video-preview":"max-video-preview:-1"},"og_locale":"de_DE","og_type":"article","og_title":"JURA Kaffeemaschine GIGA W10 Diamond Silver - dev6 Erresse","og_description":"Der Premium-Automat f\u00fcr Premium-Umgebungen Innovation, Leistung und Design sind typische Kennzeichen eleganter und repr\u00e4sentativer Arbeits- oder","og_url":"https:\/\/dev6.erresse-shop.it\/de\/shop\/kleine-elektrogeraete\/kaffeemaschinen-espresso\/automatisch\/jura-kaffeemaschine-giga-w10-diamond-silver\/","og_site_name":"dev6 Erresse","og_image":[{"url":"https:\/\/interpim.erresse-shop.it\/Import\/Prodotti\/jura-macchina-da-caffe-giga-w10-diamond-silver.jpg","type":"","width":"","height":""},{"url":"https:\/\/interpim.erresse-shop.it\/Import\/Prodotti\/jura-macchina-da-caffe-giga-w10-diamond-silver.jpg","width":1024,"height":1024,"type":"image\/jpeg"}],"twitter_card":"summary_large_image","twitter_image":"https:\/\/interpim.erresse-shop.it\/Import\/Prodotti\/jura-macchina-da-caffe-giga-w10-diamond-silver.jpg","schema":{"@context":"https:\/\/schema.org","@graph":[{"@type":"WebPage","@id":"https:\/\/dev6.erresse-shop.it\/de\/shop\/kleine-elektrogeraete\/kaffeemaschinen-espresso\/automatisch\/jura-kaffeemaschine-giga-w10-diamond-silver\/","url":"https:\/\/dev6.erresse-shop.it\/de\/shop\/kleine-elektrogeraete\/kaffeemaschinen-espresso\/automatisch\/jura-kaffeemaschine-giga-w10-diamond-silver\/","name":"JURA Kaffeemaschine GIGA W10 Diamond Silver - dev6 Erresse","isPartOf":{"@id":"https:\/\/dev6.erresse-shop.it\/#website"},"primaryImageOfPage":{"@id":"https:\/\/dev6.erresse-shop.it\/de\/shop\/kleine-elektrogeraete\/kaffeemaschinen-espresso\/automatisch\/jura-kaffeemaschine-giga-w10-diamond-silver\/#primaryimage"},"image":{"@id":"https:\/\/dev6.erresse-shop.it\/de\/shop\/kleine-elektrogeraete\/kaffeemaschinen-espresso\/automatisch\/jura-kaffeemaschine-giga-w10-diamond-silver\/#primaryimage"},"thumbnailUrl":"https:\/\/i2.wp.com\/interpim.erresse-shop.it\/Import\/Prodotti\/jura-macchina-da-caffe-giga-w10-diamond-silver.jpg?ssl=1","datePublished":"2026-04-10T11:11:09+00:00","description":"Der Premium-Automat f\u00fcr Premium-Umgebungen Innovation, Leistung und Design sind typische Kennzeichen eleganter und repr\u00e4sentativer Arbeits- oder","breadcrumb":{"@id":"https:\/\/dev6.erresse-shop.it\/de\/shop\/kleine-elektrogeraete\/kaffeemaschinen-espresso\/automatisch\/jura-kaffeemaschine-giga-w10-diamond-silver\/#breadcrumb"},"inLanguage":"de","potentialAction":[{"@type":"ReadAction","target":["https:\/\/dev6.erresse-shop.it\/de\/shop\/kleine-elektrogeraete\/kaffeemaschinen-espresso\/automatisch\/jura-kaffeemaschine-giga-w10-diamond-silver\/"]}]},{"@type":"ImageObject","inLanguage":"de","@id":"https:\/\/dev6.erresse-shop.it\/de\/shop\/kleine-elektrogeraete\/kaffeemaschinen-espresso\/automatisch\/jura-kaffeemaschine-giga-w10-diamond-silver\/#primaryimage","url":"https:\/\/i2.wp.com\/interpim.erresse-shop.it\/Import\/Prodotti\/jura-macchina-da-caffe-giga-w10-diamond-silver.jpg?ssl=1","contentUrl":"https:\/\/i2.wp.com\/interpim.erresse-shop.it\/Import\/Prodotti\/jura-macchina-da-caffe-giga-w10-diamond-silver.jpg?ssl=1"},{"@type":"BreadcrumbList","@id":"https:\/\/dev6.erresse-shop.it\/de\/shop\/kleine-elektrogeraete\/kaffeemaschinen-espresso\/automatisch\/jura-kaffeemaschine-giga-w10-diamond-silver\/#breadcrumb","itemListElement":[{"@type":"ListItem","position":1,"name":"Home","item":"https:\/\/dev6.erresse-shop.it\/"},{"@type":"ListItem","position":2,"name":"Shop","item":"https:\/\/dev6.erresse-shop.it\/shop\/"},{"@type":"ListItem","position":3,"name":"JURA Kaffeemaschine GIGA W10 Diamond Silver"}]},{"@type":"WebSite","@id":"https:\/\/dev6.erresse-shop.it\/#website","url":"https:\/\/dev6.erresse-shop.it\/","name":"Erresse Shop","description":"","publisher":{"@id":"https:\/\/dev6.erresse-shop.it\/#organization"},"potentialAction":[{"@type":"SearchAction","target":{"@type":"EntryPoint","urlTemplate":"https:\/\/dev6.erresse-shop.it\/?s={search_term_string}"},"query-input":{"@type":"PropertyValueSpecification","valueRequired":true,"valueName":"search_term_string"}}],"inLanguage":"de"},{"@type":"Organization","@id":"https:\/\/dev6.erresse-shop.it\/#organization","name":"Erresse Shop","url":"https:\/\/dev6.erresse-shop.it\/","logo":{"@type":"ImageObject","inLanguage":"de","@id":"https:\/\/dev6.erresse-shop.it\/#\/schema\/logo\/image\/","url":"https:\/\/dev6.erresse-shop.it\/wp-content\/uploads\/2025\/01\/LOGO-ERRESSE-CLASSICO.svg","contentUrl":"https:\/\/dev6.erresse-shop.it\/wp-content\/uploads\/2025\/01\/LOGO-ERRESSE-CLASSICO.svg","caption":"Erresse Shop"},"image":{"@id":"https:\/\/dev6.erresse-shop.it\/#\/schema\/logo\/image\/"}}]}},"df_price":3849,"df_sale_price":3849,"df_regular_price":4599,"df_image_link":"https:\/\/i2.wp.com\/interpim.erresse-shop.it\/Import\/Prodotti\/jura-macchina-da-caffe-giga-w10-diamond-silver.jpg?resize=300,300&ssl=1","fifu_image_url":"https:\/\/interpim.erresse-shop.it\/Import\/Prodotti\/jura-macchina-da-caffe-giga-w10-diamond-silver.jpg","_links":{"self":[{"href":"https:\/\/dev6.erresse-shop.it\/de\/wp-json\/wp\/v2\/product\/1599856","targetHints":{"allow":["GET"]}}],"collection":[{"href":"https:\/\/dev6.erresse-shop.it\/de\/wp-json\/wp\/v2\/product"}],"about":[{"href":"https:\/\/dev6.erresse-shop.it\/de\/wp-json\/wp\/v2\/types\/product"}],"wp:featuredmedia":[{"embeddable":true,"href":"https:\/\/dev6.erresse-shop.it\/de\/wp-json\/wp\/v2\/media\/6331668"}],"wp:attachment":[{"href":"https:\/\/dev6.erresse-shop.it\/de\/wp-json\/wp\/v2\/media?parent=1599856"}],"wp:term":[{"taxonomy":"product_cat","embeddable":true,"href":"https:\/\/dev6.erresse-shop.it\/de\/wp-json\/wp\/v2\/product_cat?post=1599856"},{"taxonomy":"product_tag","embeddable":true,"href":"https:\/\/dev6.erresse-shop.it\/de\/wp-json\/wp\/v2\/product_tag?post=1599856"}],"curies":[{"name":"wp","href":"https:\/\/api.w.org\/{rel}","templated":true}]}}