{"id":1599854,"date":"2026-04-10T13:08:50","date_gmt":"2026-04-10T11:08:50","guid":{"rendered":"https:\/\/dev6.erresse-shop.it\/shop\/unkategorisiert\/jura-kaffeemaschine-giga-x3-aluminium\/"},"modified":"2025-07-04T14:37:30","modified_gmt":"2025-07-04T12:37:30","slug":"jura-kaffeemaschine-giga-x3-aluminium","status":"publish","type":"product","link":"https:\/\/dev6.erresse-shop.it\/de\/shop\/kleine-elektrogeraete\/kaffeemaschinen-espresso\/automatisch\/jura-kaffeemaschine-giga-x3-aluminium\/","title":{"rendered":"JURA Kaffeemaschine GIGA X3 Aluminium"},"content":{"rendered":"<p>Flexibilit\u00e4t der Spitzenklasse<\/p>\n<p>Die GIGA X3 ist der sp\u00fcrbare Ausdruck der Schweizer Innovationskraft und Professionalit\u00e4t von JURA bis ins kleinste Detail. \u00dcberall dort, wo Tageskapazit\u00e4ten bis zu 150 Tassen gefordert sind, \u00fcberzeugt sie durch Qualit\u00e4t, Funktionalit\u00e4t und Zuverl\u00e4ssigkeit. Hinzu kommen hervorragende Leistungen in jeder Hinsicht, die ihn zu einem High-Tech-Automaten machen, der sich ideal f\u00fcr L\u00f6sungen f\u00fcr Gro\u00dfb\u00fcros, Fr\u00fchst\u00fccksbereiche, Seminare, Konferenzen oder Selbstbedienungsbereiche eignet.<\/p>\n<p>Modernste Technologien f\u00fcr perfekten Genuss<\/p>\n<p>GIGA X3 \u2013 Rekordleistung: Die Kaffeem\u00fchle mit Hochleistungs-Keramikmessern garantiert \u00fcber Jahre hinweg pr\u00e4zises, konstantes und gleichm\u00e4\u00dfiges Mahlen. Dank einer au\u00dfergew\u00f6hnlichen Innovation: der A.G.A. (Automatic Grinder Adjustment), die elektronisch gesteuerte Automatikeinstellung. Das gepulste Extraktionsverfahren (P.E.P.\u00ae) optimiert die Extraktionszeit f\u00fcr kurze Spezialit\u00e4ten und CLARIS Pro Smart sorgt in Kombination mit dem intelligenten Wassersystem (I.W.S.) f\u00fcr eine perfekte Wasserqualit\u00e4t f\u00fcr authentischen Geschmack.<\/p>\n<p>Die GIGA X3 verf\u00fcgt \u00fcber einen h\u00f6henverstellbaren und durchdachten Kombiauslauf, der dank Microfoam-Technologie die Zubereitung trendiger Spezialit\u00e4ten mit un\u00fcbertroffener Milch und Milchschaum erm\u00f6glicht. Die Speed-Funktion garantiert die Zubereitung von Kaffeespezialit\u00e4ten in Rekordzeit. Dank des Kaffeebohnenbeh\u00e4lters mit Aromaschutzdeckel und einem Fassungsverm\u00f6gen von 1 kg reduziert sich der Nachf\u00fcllaufwand auf ein Minimum. Dar\u00fcber hinaus sorgen das hohe Fassungsverm\u00f6gen des Wassertanks, der Wasserauffangschale und des Kaffeesatzbeh\u00e4lters f\u00fcr maximale Autonomie. Dies macht die GIGA X3 auch ideal f\u00fcr den mobilen Einsatz.<\/p>\n<p>Gesteigerte Leistung und gleichzeitige Qualit\u00e4tsoptimierung zeichnen die GIGA X3 aus. Der \u00fcbersichtliche, hochaufl\u00f6sende 4,3\u2033-Farb-Touchscreen erm\u00f6glicht eine v\u00f6llig intuitive Bedienung. Moderne, leicht verst\u00e4ndliche Grafiken f\u00fchren selbst unerfahrene Benutzer. Die sp\u00fclmaschinenfeste Tropfschale l\u00e4sst sich mit nur einer Hand leicht entnehmen, entleeren und wieder einsetzen. Die optimale Schwerpunktlage verhindert ein \u00dcberlaufen des Wassers. Einfachheit, Hygiene, Geschwindigkeit, Komfort \u2013 das F\u00fcnf-Sterne-Konzept wird bis ins kleinste Detail umgesetzt.<\/p>\n<p>T\u00dcV-zertifizierte Hygienegarantie<\/p>\n<p>Die Wartung sowie die Verwendung der GIGA X3 sind einfach, logisch und intuitiv. Integrierte Sp\u00fcl- und Reinigungsprogramme sowie original JURA-Pflegeprodukte sorgen f\u00fcr T\u00dcV-zertifizierte Hygiene auf Knopfdruck. Auch die Reinigung des Milchsystems ist bis ins kleinste Detail durchdacht. Vollautomatisch und per Touch auf dem Display bedienbar, garantiert es eine einwandfreie Reinigung bei der Milchaufbereitung. Mit wenigen Handgriffen l\u00e4sst sich der massive Kombispender zerlegen. Die vorne im Inneren positionierten Milchausgie\u00dfer sind gut zug\u00e4nglich und k\u00f6nnen bei Bedarf problemlos ausgetauscht werden.<\/p>\n<p>So individuell wie Ihre Bed\u00fcrfnisse<\/p>\n<p>Einzeln oder mit Zubeh\u00f6r wie Tassenw\u00e4rmer, Abrechnungssystem etc. l\u00e4sst sich mit der GIGA X3 die komplette Kaffeel\u00f6sung konfigurieren, die f\u00fcr jeden Einsatzbereich optimal ist und sich bei Bedarf an ver\u00e4nderte Bed\u00fcrfnisse anpasst.<\/p>\n<p>JURA Mobile Payment L\u00f6sung<\/p>\n<p>Die GIGA X3 verf\u00fcgt \u00fcber das neue Zahlungs- und Verwaltungssystem Pocket Pilot 2.0. Mit Pocket Pilot 2.0 erfolgt sowohl das bargeldlose Bezahlen als auch die zentrale Automaten\u00fcberwachung ohne zus\u00e4tzliche Infrastruktur dank \u00abPayment Connect\u00bb, welches komfortabel in der GIGA X3 genutzt werden kann. Das webbasierte System ist kostenlos und erfordert keine Softwareinstallation. Erstellen Sie einfach ein Konto f\u00fcr JURA Pocket Pilot 2.0 und Sie erhalten ein vollautomatisches Maschinenmanagement, das keine W\u00fcnsche offen l\u00e4sst.<\/p>\n<p>Technische Daten<\/p>\n<p>Kapazit\u00e4t des Wassertanks: 5 l<br \/>\nKapazit\u00e4t des Kaffeebohnenbeh\u00e4lters: 1 kg<br \/>\nKaffeesatzbeh\u00e4lter: (Portionen ca.) 40<br \/>\nKabell\u00e4nge: 1,1 m<br \/>\nSpannung \/ Leistung: 230 V ~ \/ 2700 W<br \/>\nStandby-Leistung: \u2264 0,5 W<br \/>\nGewicht: 19 kg<br \/>\nAbmessungen (B \u00d7 H \u00d7 T): 37 \u00d7 55,5 \u00d7 49,7 cm<\/p>\n","protected":false},"excerpt":{"rendered":"<p>Flexibilit\u00e4t der Spitzenklasse Die GIGA X3 ist der sp\u00fcrbare Ausdruck der Schweizer Innovationskraft und Professionalit\u00e4t von JURA bis ins kleinste Detail. \u00dcberall dort, wo Tageskapazit\u00e4ten bis zu 150 Tassen gefordert sind, \u00fcberzeugt sie durch Qualit\u00e4t, Funktionalit\u00e4t und Zuverl\u00e4ssigkeit. Hinzu kommen hervorragende Leistungen in jeder Hinsicht, die ihn zu einem High-Tech-Automaten machen, der sich ideal f\u00fcr [&hellip;]<\/p>\n","protected":false},"featured_media":6331658,"template":"","meta":{"_acf_changed":false},"product_cat":[12184,12171,12163],"product_tag":[],"class_list":{"0":"post-1599854","1":"product","2":"type-product","3":"status-publish","4":"has-post-thumbnail","6":"product_cat-automatisch","7":"product_cat-kaffeemaschinen-espresso","8":"product_cat-kleine-elektrogeraete","10":"first","11":"instock","12":"sale","13":"taxable","14":"shipping-taxable","15":"purchasable","16":"product-type-simple","swatches":"rey-swatches","show_selected":"","stretch_labels":"rey-swatches--stretch-labels"},"acf":[],"yoast_head":"<!-- This site is optimized with the Yoast SEO plugin v25.4 - https:\/\/yoast.com\/wordpress\/plugins\/seo\/ -->\n<title>JURA Kaffeemaschine GIGA X3 Aluminium - dev6 Erresse<\/title>\n<meta name=\"description\" content=\"Flexibilit\u00e4t der Spitzenklasse Die GIGA X3 ist der sp\u00fcrbare Ausdruck der Schweizer Innovationskraft und Professionalit\u00e4t von JURA bis ins kleinste Detail.\" \/>\n<meta name=\"robots\" content=\"noindex, follow, max-snippet:-1, max-image-preview:large, max-video-preview:-1\" \/>\n<meta property=\"og:locale\" content=\"de_DE\" \/>\n<meta property=\"og:type\" content=\"article\" \/>\n<meta property=\"og:title\" content=\"JURA Kaffeemaschine GIGA X3 Aluminium - dev6 Erresse\" \/>\n<meta property=\"og:description\" content=\"Flexibilit\u00e4t der Spitzenklasse Die GIGA X3 ist der sp\u00fcrbare Ausdruck der Schweizer Innovationskraft und Professionalit\u00e4t von JURA bis ins kleinste Detail.\" \/>\n<meta property=\"og:url\" content=\"https:\/\/dev6.erresse-shop.it\/de\/shop\/kleine-elektrogeraete\/kaffeemaschinen-espresso\/automatisch\/jura-kaffeemaschine-giga-x3-aluminium\/\" \/>\n<meta property=\"og:site_name\" content=\"dev6 Erresse\" \/>\n<meta property=\"og:image\" content=\"https:\/\/interpim.erresse-shop.it\/Import\/Prodotti\/jura-macchina-da-caffe-giga-x3-alluminio.jpg\" \/><meta property=\"og:image\" content=\"https:\/\/interpim.erresse-shop.it\/Import\/Prodotti\/jura-macchina-da-caffe-giga-x3-alluminio.jpg\" \/>\n\t<meta property=\"og:image:width\" content=\"1024\" \/>\n\t<meta property=\"og:image:height\" content=\"1024\" \/>\n\t<meta property=\"og:image:type\" content=\"image\/jpeg\" \/>\n<meta name=\"twitter:card\" content=\"summary_large_image\" \/>\n<meta name=\"twitter:image\" content=\"https:\/\/interpim.erresse-shop.it\/Import\/Prodotti\/jura-macchina-da-caffe-giga-x3-alluminio.jpg\" \/>\n<script type=\"application\/ld+json\" class=\"yoast-schema-graph\">{\"@context\":\"https:\/\/schema.org\",\"@graph\":[{\"@type\":\"WebPage\",\"@id\":\"https:\/\/dev6.erresse-shop.it\/de\/shop\/kleine-elektrogeraete\/kaffeemaschinen-espresso\/automatisch\/jura-kaffeemaschine-giga-x3-aluminium\/\",\"url\":\"https:\/\/dev6.erresse-shop.it\/de\/shop\/kleine-elektrogeraete\/kaffeemaschinen-espresso\/automatisch\/jura-kaffeemaschine-giga-x3-aluminium\/\",\"name\":\"JURA Kaffeemaschine GIGA X3 Aluminium - dev6 Erresse\",\"isPartOf\":{\"@id\":\"https:\/\/dev6.erresse-shop.it\/#website\"},\"primaryImageOfPage\":{\"@id\":\"https:\/\/dev6.erresse-shop.it\/de\/shop\/kleine-elektrogeraete\/kaffeemaschinen-espresso\/automatisch\/jura-kaffeemaschine-giga-x3-aluminium\/#primaryimage\"},\"image\":{\"@id\":\"https:\/\/dev6.erresse-shop.it\/de\/shop\/kleine-elektrogeraete\/kaffeemaschinen-espresso\/automatisch\/jura-kaffeemaschine-giga-x3-aluminium\/#primaryimage\"},\"thumbnailUrl\":\"https:\/\/i1.wp.com\/interpim.erresse-shop.it\/Import\/Prodotti\/jura-macchina-da-caffe-giga-x3-alluminio.jpg?ssl=1\",\"datePublished\":\"2026-04-10T11:08:50+00:00\",\"description\":\"Flexibilit\u00e4t der Spitzenklasse Die GIGA X3 ist der sp\u00fcrbare Ausdruck der Schweizer Innovationskraft und Professionalit\u00e4t von JURA bis ins kleinste Detail.\",\"breadcrumb\":{\"@id\":\"https:\/\/dev6.erresse-shop.it\/de\/shop\/kleine-elektrogeraete\/kaffeemaschinen-espresso\/automatisch\/jura-kaffeemaschine-giga-x3-aluminium\/#breadcrumb\"},\"inLanguage\":\"de\",\"potentialAction\":[{\"@type\":\"ReadAction\",\"target\":[\"https:\/\/dev6.erresse-shop.it\/de\/shop\/kleine-elektrogeraete\/kaffeemaschinen-espresso\/automatisch\/jura-kaffeemaschine-giga-x3-aluminium\/\"]}]},{\"@type\":\"ImageObject\",\"inLanguage\":\"de\",\"@id\":\"https:\/\/dev6.erresse-shop.it\/de\/shop\/kleine-elektrogeraete\/kaffeemaschinen-espresso\/automatisch\/jura-kaffeemaschine-giga-x3-aluminium\/#primaryimage\",\"url\":\"https:\/\/i1.wp.com\/interpim.erresse-shop.it\/Import\/Prodotti\/jura-macchina-da-caffe-giga-x3-alluminio.jpg?ssl=1\",\"contentUrl\":\"https:\/\/i1.wp.com\/interpim.erresse-shop.it\/Import\/Prodotti\/jura-macchina-da-caffe-giga-x3-alluminio.jpg?ssl=1\"},{\"@type\":\"BreadcrumbList\",\"@id\":\"https:\/\/dev6.erresse-shop.it\/de\/shop\/kleine-elektrogeraete\/kaffeemaschinen-espresso\/automatisch\/jura-kaffeemaschine-giga-x3-aluminium\/#breadcrumb\",\"itemListElement\":[{\"@type\":\"ListItem\",\"position\":1,\"name\":\"Home\",\"item\":\"https:\/\/dev6.erresse-shop.it\/\"},{\"@type\":\"ListItem\",\"position\":2,\"name\":\"Shop\",\"item\":\"https:\/\/dev6.erresse-shop.it\/shop\/\"},{\"@type\":\"ListItem\",\"position\":3,\"name\":\"JURA Kaffeemaschine GIGA X3 Aluminium\"}]},{\"@type\":\"WebSite\",\"@id\":\"https:\/\/dev6.erresse-shop.it\/#website\",\"url\":\"https:\/\/dev6.erresse-shop.it\/\",\"name\":\"Erresse Shop\",\"description\":\"\",\"publisher\":{\"@id\":\"https:\/\/dev6.erresse-shop.it\/#organization\"},\"potentialAction\":[{\"@type\":\"SearchAction\",\"target\":{\"@type\":\"EntryPoint\",\"urlTemplate\":\"https:\/\/dev6.erresse-shop.it\/?s={search_term_string}\"},\"query-input\":{\"@type\":\"PropertyValueSpecification\",\"valueRequired\":true,\"valueName\":\"search_term_string\"}}],\"inLanguage\":\"de\"},{\"@type\":\"Organization\",\"@id\":\"https:\/\/dev6.erresse-shop.it\/#organization\",\"name\":\"Erresse Shop\",\"url\":\"https:\/\/dev6.erresse-shop.it\/\",\"logo\":{\"@type\":\"ImageObject\",\"inLanguage\":\"de\",\"@id\":\"https:\/\/dev6.erresse-shop.it\/#\/schema\/logo\/image\/\",\"url\":\"https:\/\/dev6.erresse-shop.it\/wp-content\/uploads\/2025\/01\/LOGO-ERRESSE-CLASSICO.svg\",\"contentUrl\":\"https:\/\/dev6.erresse-shop.it\/wp-content\/uploads\/2025\/01\/LOGO-ERRESSE-CLASSICO.svg\",\"caption\":\"Erresse Shop\"},\"image\":{\"@id\":\"https:\/\/dev6.erresse-shop.it\/#\/schema\/logo\/image\/\"}}]}<\/script>\n<!-- \/ Yoast SEO plugin. -->","yoast_head_json":{"title":"JURA Kaffeemaschine GIGA X3 Aluminium - dev6 Erresse","description":"Flexibilit\u00e4t der Spitzenklasse Die GIGA X3 ist der sp\u00fcrbare Ausdruck der Schweizer Innovationskraft und Professionalit\u00e4t von JURA bis ins kleinste Detail.","robots":{"index":"noindex","follow":"follow","max-snippet":"max-snippet:-1","max-image-preview":"max-image-preview:large","max-video-preview":"max-video-preview:-1"},"og_locale":"de_DE","og_type":"article","og_title":"JURA Kaffeemaschine GIGA X3 Aluminium - dev6 Erresse","og_description":"Flexibilit\u00e4t der Spitzenklasse Die GIGA X3 ist der sp\u00fcrbare Ausdruck der Schweizer Innovationskraft und Professionalit\u00e4t von JURA bis ins kleinste Detail.","og_url":"https:\/\/dev6.erresse-shop.it\/de\/shop\/kleine-elektrogeraete\/kaffeemaschinen-espresso\/automatisch\/jura-kaffeemaschine-giga-x3-aluminium\/","og_site_name":"dev6 Erresse","og_image":[{"url":"https:\/\/interpim.erresse-shop.it\/Import\/Prodotti\/jura-macchina-da-caffe-giga-x3-alluminio.jpg","type":"","width":"","height":""},{"url":"https:\/\/interpim.erresse-shop.it\/Import\/Prodotti\/jura-macchina-da-caffe-giga-x3-alluminio.jpg","width":1024,"height":1024,"type":"image\/jpeg"}],"twitter_card":"summary_large_image","twitter_image":"https:\/\/interpim.erresse-shop.it\/Import\/Prodotti\/jura-macchina-da-caffe-giga-x3-alluminio.jpg","schema":{"@context":"https:\/\/schema.org","@graph":[{"@type":"WebPage","@id":"https:\/\/dev6.erresse-shop.it\/de\/shop\/kleine-elektrogeraete\/kaffeemaschinen-espresso\/automatisch\/jura-kaffeemaschine-giga-x3-aluminium\/","url":"https:\/\/dev6.erresse-shop.it\/de\/shop\/kleine-elektrogeraete\/kaffeemaschinen-espresso\/automatisch\/jura-kaffeemaschine-giga-x3-aluminium\/","name":"JURA Kaffeemaschine GIGA X3 Aluminium - dev6 Erresse","isPartOf":{"@id":"https:\/\/dev6.erresse-shop.it\/#website"},"primaryImageOfPage":{"@id":"https:\/\/dev6.erresse-shop.it\/de\/shop\/kleine-elektrogeraete\/kaffeemaschinen-espresso\/automatisch\/jura-kaffeemaschine-giga-x3-aluminium\/#primaryimage"},"image":{"@id":"https:\/\/dev6.erresse-shop.it\/de\/shop\/kleine-elektrogeraete\/kaffeemaschinen-espresso\/automatisch\/jura-kaffeemaschine-giga-x3-aluminium\/#primaryimage"},"thumbnailUrl":"https:\/\/i1.wp.com\/interpim.erresse-shop.it\/Import\/Prodotti\/jura-macchina-da-caffe-giga-x3-alluminio.jpg?ssl=1","datePublished":"2026-04-10T11:08:50+00:00","description":"Flexibilit\u00e4t der Spitzenklasse Die GIGA X3 ist der sp\u00fcrbare Ausdruck der Schweizer Innovationskraft und Professionalit\u00e4t von JURA bis ins kleinste Detail.","breadcrumb":{"@id":"https:\/\/dev6.erresse-shop.it\/de\/shop\/kleine-elektrogeraete\/kaffeemaschinen-espresso\/automatisch\/jura-kaffeemaschine-giga-x3-aluminium\/#breadcrumb"},"inLanguage":"de","potentialAction":[{"@type":"ReadAction","target":["https:\/\/dev6.erresse-shop.it\/de\/shop\/kleine-elektrogeraete\/kaffeemaschinen-espresso\/automatisch\/jura-kaffeemaschine-giga-x3-aluminium\/"]}]},{"@type":"ImageObject","inLanguage":"de","@id":"https:\/\/dev6.erresse-shop.it\/de\/shop\/kleine-elektrogeraete\/kaffeemaschinen-espresso\/automatisch\/jura-kaffeemaschine-giga-x3-aluminium\/#primaryimage","url":"https:\/\/i1.wp.com\/interpim.erresse-shop.it\/Import\/Prodotti\/jura-macchina-da-caffe-giga-x3-alluminio.jpg?ssl=1","contentUrl":"https:\/\/i1.wp.com\/interpim.erresse-shop.it\/Import\/Prodotti\/jura-macchina-da-caffe-giga-x3-alluminio.jpg?ssl=1"},{"@type":"BreadcrumbList","@id":"https:\/\/dev6.erresse-shop.it\/de\/shop\/kleine-elektrogeraete\/kaffeemaschinen-espresso\/automatisch\/jura-kaffeemaschine-giga-x3-aluminium\/#breadcrumb","itemListElement":[{"@type":"ListItem","position":1,"name":"Home","item":"https:\/\/dev6.erresse-shop.it\/"},{"@type":"ListItem","position":2,"name":"Shop","item":"https:\/\/dev6.erresse-shop.it\/shop\/"},{"@type":"ListItem","position":3,"name":"JURA Kaffeemaschine GIGA X3 Aluminium"}]},{"@type":"WebSite","@id":"https:\/\/dev6.erresse-shop.it\/#website","url":"https:\/\/dev6.erresse-shop.it\/","name":"Erresse Shop","description":"","publisher":{"@id":"https:\/\/dev6.erresse-shop.it\/#organization"},"potentialAction":[{"@type":"SearchAction","target":{"@type":"EntryPoint","urlTemplate":"https:\/\/dev6.erresse-shop.it\/?s={search_term_string}"},"query-input":{"@type":"PropertyValueSpecification","valueRequired":true,"valueName":"search_term_string"}}],"inLanguage":"de"},{"@type":"Organization","@id":"https:\/\/dev6.erresse-shop.it\/#organization","name":"Erresse Shop","url":"https:\/\/dev6.erresse-shop.it\/","logo":{"@type":"ImageObject","inLanguage":"de","@id":"https:\/\/dev6.erresse-shop.it\/#\/schema\/logo\/image\/","url":"https:\/\/dev6.erresse-shop.it\/wp-content\/uploads\/2025\/01\/LOGO-ERRESSE-CLASSICO.svg","contentUrl":"https:\/\/dev6.erresse-shop.it\/wp-content\/uploads\/2025\/01\/LOGO-ERRESSE-CLASSICO.svg","caption":"Erresse Shop"},"image":{"@id":"https:\/\/dev6.erresse-shop.it\/#\/schema\/logo\/image\/"}}]}},"df_price":4599,"df_sale_price":4599,"df_regular_price":5449,"df_image_link":"https:\/\/i1.wp.com\/interpim.erresse-shop.it\/Import\/Prodotti\/jura-macchina-da-caffe-giga-x3-alluminio.jpg?resize=300,300&ssl=1","fifu_image_url":"https:\/\/interpim.erresse-shop.it\/Import\/Prodotti\/jura-macchina-da-caffe-giga-x3-alluminio.jpg","_links":{"self":[{"href":"https:\/\/dev6.erresse-shop.it\/de\/wp-json\/wp\/v2\/product\/1599854","targetHints":{"allow":["GET"]}}],"collection":[{"href":"https:\/\/dev6.erresse-shop.it\/de\/wp-json\/wp\/v2\/product"}],"about":[{"href":"https:\/\/dev6.erresse-shop.it\/de\/wp-json\/wp\/v2\/types\/product"}],"wp:featuredmedia":[{"embeddable":true,"href":"https:\/\/dev6.erresse-shop.it\/de\/wp-json\/wp\/v2\/media\/6331658"}],"wp:attachment":[{"href":"https:\/\/dev6.erresse-shop.it\/de\/wp-json\/wp\/v2\/media?parent=1599854"}],"wp:term":[{"taxonomy":"product_cat","embeddable":true,"href":"https:\/\/dev6.erresse-shop.it\/de\/wp-json\/wp\/v2\/product_cat?post=1599854"},{"taxonomy":"product_tag","embeddable":true,"href":"https:\/\/dev6.erresse-shop.it\/de\/wp-json\/wp\/v2\/product_tag?post=1599854"}],"curies":[{"name":"wp","href":"https:\/\/api.w.org\/{rel}","templated":true}]}}