{"id":1599848,"date":"2026-04-12T12:30:20","date_gmt":"2026-04-12T10:30:20","guid":{"rendered":"https:\/\/dev6.erresse-shop.it\/shop\/unkategorisiert\/santos-pizzaofen-o-120\/"},"modified":"2025-09-14T02:41:53","modified_gmt":"2025-09-14T00:41:53","slug":"santos-pizzaofen-o-120","status":"publish","type":"product","link":"https:\/\/dev6.erresse-shop.it\/de\/shop\/kleine-elektrogeraete\/oefen\/santos-pizzaofen-o-120\/","title":{"rendered":"SANTOS Pizzaofen O-120"},"content":{"rendered":"<p>Der neue SANTOS O-120 Pizzaofen in Schwarz ist die ideale Erg\u00e4nzung f\u00fcr Ihre Outdoork\u00fcche. Mit einer Heizleistung von 4,4 KW erreichen Sie ideale Temperaturen zum Backen knuspriger Pizzas. Der im Lieferumfang enthaltene Pizzastein mit 30,5 cm Durchmesser reicht f\u00fcr eine Pizza, die Sie nach Belieben belegen k\u00f6nnen.<\/p>\n<p>Eine absolute Neuheit des SANTOS Pizzaofens ist der innovative Drehteller. So k\u00f6nnen Sie Ihre Pizza sicher drehen, um eine perfekte 360\u00b0-Br\u00e4unung zu erzielen. Der hitzebest\u00e4ndige Drehknopf mit Kugellager befindet sich unter dem Pizzaofen und l\u00e4sst sich somit auch w\u00e4hrend des Betriebs unfallfrei bedienen.<\/p>\n<p>Technische Daten<\/p>\n<p>Material: Stahl<br \/>\nAbmessungen: (B x H x T) 35,9 x 34,7 x 64,7 cm<br \/>\n\u00d6ffnungsh\u00f6he 6,5 cm \/ Breite 36 cm<br \/>\nGewicht: 11,3 kg<br \/>\nGasregler: 1,5 kg\/Std. 50 mbar<br \/>\nGasleitung: 80 cm<br \/>\nMa\u00dfe Pizzastein: \u2300 30,5 x H 1,2 cm<\/p>\n<p>Hinweis: Nicht f\u00fcr den Innenbereich geeignet, nicht f\u00fcr den Betrieb mit Erdgas geeignet<\/p>\n<p>Not for sale outside Europe<\/p>\n","protected":false},"excerpt":{"rendered":"<p>Der neue SANTOS O-120 Pizzaofen in Schwarz ist die ideale Erg\u00e4nzung f\u00fcr Ihre Outdoork\u00fcche. Mit einer Heizleistung von 4,4 KW erreichen Sie ideale Temperaturen zum Backen knuspriger Pizzas. Der im Lieferumfang enthaltene Pizzastein mit 30,5 cm Durchmesser reicht f\u00fcr eine Pizza, die Sie nach Belieben belegen k\u00f6nnen. Eine absolute Neuheit des SANTOS Pizzaofens ist der [&hellip;]<\/p>\n","protected":false},"featured_media":6373258,"template":"","meta":{"_acf_changed":false},"product_cat":[12163,12193],"product_tag":[],"class_list":{"0":"post-1599848","1":"product","2":"type-product","3":"status-publish","4":"has-post-thumbnail","6":"product_cat-kleine-elektrogeraete","7":"product_cat-oefen","9":"first","10":"instock","11":"sale","12":"taxable","13":"shipping-taxable","14":"purchasable","15":"product-type-simple","swatches":"rey-swatches","show_selected":"","stretch_labels":"rey-swatches--stretch-labels"},"acf":[],"yoast_head":"<!-- This site is optimized with the Yoast SEO plugin v25.4 - https:\/\/yoast.com\/wordpress\/plugins\/seo\/ -->\n<title>SANTOS Pizzaofen O-120 - dev6 Erresse<\/title>\n<meta name=\"description\" content=\"Der neue SANTOS O-120 Pizzaofen in Schwarz ist die ideale Erg\u00e4nzung f\u00fcr Ihre Outdoork\u00fcche. Mit einer Heizleistung von 4,4 KW erreichen Sie ideale\" \/>\n<meta name=\"robots\" content=\"noindex, follow, max-snippet:-1, max-image-preview:large, max-video-preview:-1\" \/>\n<meta property=\"og:locale\" content=\"de_DE\" \/>\n<meta property=\"og:type\" content=\"article\" \/>\n<meta property=\"og:title\" content=\"SANTOS Pizzaofen O-120 - dev6 Erresse\" \/>\n<meta property=\"og:description\" content=\"Der neue SANTOS O-120 Pizzaofen in Schwarz ist die ideale Erg\u00e4nzung f\u00fcr Ihre Outdoork\u00fcche. Mit einer Heizleistung von 4,4 KW erreichen Sie ideale\" \/>\n<meta property=\"og:url\" content=\"https:\/\/dev6.erresse-shop.it\/de\/shop\/kleine-elektrogeraete\/oefen\/santos-pizzaofen-o-120\/\" \/>\n<meta property=\"og:site_name\" content=\"dev6 Erresse\" \/>\n<meta property=\"og:image\" content=\"https:\/\/interpim.erresse-shop.it\/Import\/Prodotti\/santos-forno-per-pizza-o-120.jpg\" \/><meta property=\"og:image\" content=\"https:\/\/interpim.erresse-shop.it\/Import\/Prodotti\/santos-forno-per-pizza-o-120.jpg\" \/>\n\t<meta property=\"og:image:width\" content=\"1024\" \/>\n\t<meta property=\"og:image:height\" content=\"1024\" \/>\n\t<meta property=\"og:image:type\" content=\"image\/jpeg\" \/>\n<meta name=\"twitter:card\" content=\"summary_large_image\" \/>\n<meta name=\"twitter:image\" content=\"https:\/\/interpim.erresse-shop.it\/Import\/Prodotti\/santos-forno-per-pizza-o-120.jpg\" \/>\n<script type=\"application\/ld+json\" class=\"yoast-schema-graph\">{\"@context\":\"https:\/\/schema.org\",\"@graph\":[{\"@type\":\"WebPage\",\"@id\":\"https:\/\/dev6.erresse-shop.it\/de\/shop\/kleine-elektrogeraete\/oefen\/santos-pizzaofen-o-120\/\",\"url\":\"https:\/\/dev6.erresse-shop.it\/de\/shop\/kleine-elektrogeraete\/oefen\/santos-pizzaofen-o-120\/\",\"name\":\"SANTOS Pizzaofen O-120 - dev6 Erresse\",\"isPartOf\":{\"@id\":\"https:\/\/dev6.erresse-shop.it\/#website\"},\"primaryImageOfPage\":{\"@id\":\"https:\/\/dev6.erresse-shop.it\/de\/shop\/kleine-elektrogeraete\/oefen\/santos-pizzaofen-o-120\/#primaryimage\"},\"image\":{\"@id\":\"https:\/\/dev6.erresse-shop.it\/de\/shop\/kleine-elektrogeraete\/oefen\/santos-pizzaofen-o-120\/#primaryimage\"},\"thumbnailUrl\":\"https:\/\/i2.wp.com\/interpim.erresse-shop.it\/Import\/Prodotti\/santos-forno-per-pizza-o-120.jpg?ssl=1\",\"datePublished\":\"2026-04-12T10:30:20+00:00\",\"description\":\"Der neue SANTOS O-120 Pizzaofen in Schwarz ist die ideale Erg\u00e4nzung f\u00fcr Ihre Outdoork\u00fcche. Mit einer Heizleistung von 4,4 KW erreichen Sie ideale\",\"breadcrumb\":{\"@id\":\"https:\/\/dev6.erresse-shop.it\/de\/shop\/kleine-elektrogeraete\/oefen\/santos-pizzaofen-o-120\/#breadcrumb\"},\"inLanguage\":\"de\",\"potentialAction\":[{\"@type\":\"ReadAction\",\"target\":[\"https:\/\/dev6.erresse-shop.it\/de\/shop\/kleine-elektrogeraete\/oefen\/santos-pizzaofen-o-120\/\"]}]},{\"@type\":\"ImageObject\",\"inLanguage\":\"de\",\"@id\":\"https:\/\/dev6.erresse-shop.it\/de\/shop\/kleine-elektrogeraete\/oefen\/santos-pizzaofen-o-120\/#primaryimage\",\"url\":\"https:\/\/i2.wp.com\/interpim.erresse-shop.it\/Import\/Prodotti\/santos-forno-per-pizza-o-120.jpg?ssl=1\",\"contentUrl\":\"https:\/\/i2.wp.com\/interpim.erresse-shop.it\/Import\/Prodotti\/santos-forno-per-pizza-o-120.jpg?ssl=1\"},{\"@type\":\"BreadcrumbList\",\"@id\":\"https:\/\/dev6.erresse-shop.it\/de\/shop\/kleine-elektrogeraete\/oefen\/santos-pizzaofen-o-120\/#breadcrumb\",\"itemListElement\":[{\"@type\":\"ListItem\",\"position\":1,\"name\":\"Home\",\"item\":\"https:\/\/dev6.erresse-shop.it\/\"},{\"@type\":\"ListItem\",\"position\":2,\"name\":\"Shop\",\"item\":\"https:\/\/dev6.erresse-shop.it\/shop\/\"},{\"@type\":\"ListItem\",\"position\":3,\"name\":\"SANTOS Pizzaofen O-120\"}]},{\"@type\":\"WebSite\",\"@id\":\"https:\/\/dev6.erresse-shop.it\/#website\",\"url\":\"https:\/\/dev6.erresse-shop.it\/\",\"name\":\"Erresse Shop\",\"description\":\"\",\"publisher\":{\"@id\":\"https:\/\/dev6.erresse-shop.it\/#organization\"},\"potentialAction\":[{\"@type\":\"SearchAction\",\"target\":{\"@type\":\"EntryPoint\",\"urlTemplate\":\"https:\/\/dev6.erresse-shop.it\/?s={search_term_string}\"},\"query-input\":{\"@type\":\"PropertyValueSpecification\",\"valueRequired\":true,\"valueName\":\"search_term_string\"}}],\"inLanguage\":\"de\"},{\"@type\":\"Organization\",\"@id\":\"https:\/\/dev6.erresse-shop.it\/#organization\",\"name\":\"Erresse Shop\",\"url\":\"https:\/\/dev6.erresse-shop.it\/\",\"logo\":{\"@type\":\"ImageObject\",\"inLanguage\":\"de\",\"@id\":\"https:\/\/dev6.erresse-shop.it\/#\/schema\/logo\/image\/\",\"url\":\"https:\/\/dev6.erresse-shop.it\/wp-content\/uploads\/2025\/01\/LOGO-ERRESSE-CLASSICO.svg\",\"contentUrl\":\"https:\/\/dev6.erresse-shop.it\/wp-content\/uploads\/2025\/01\/LOGO-ERRESSE-CLASSICO.svg\",\"caption\":\"Erresse Shop\"},\"image\":{\"@id\":\"https:\/\/dev6.erresse-shop.it\/#\/schema\/logo\/image\/\"}}]}<\/script>\n<!-- \/ Yoast SEO plugin. -->","yoast_head_json":{"title":"SANTOS Pizzaofen O-120 - dev6 Erresse","description":"Der neue SANTOS O-120 Pizzaofen in Schwarz ist die ideale Erg\u00e4nzung f\u00fcr Ihre Outdoork\u00fcche. Mit einer Heizleistung von 4,4 KW erreichen Sie ideale","robots":{"index":"noindex","follow":"follow","max-snippet":"max-snippet:-1","max-image-preview":"max-image-preview:large","max-video-preview":"max-video-preview:-1"},"og_locale":"de_DE","og_type":"article","og_title":"SANTOS Pizzaofen O-120 - dev6 Erresse","og_description":"Der neue SANTOS O-120 Pizzaofen in Schwarz ist die ideale Erg\u00e4nzung f\u00fcr Ihre Outdoork\u00fcche. Mit einer Heizleistung von 4,4 KW erreichen Sie ideale","og_url":"https:\/\/dev6.erresse-shop.it\/de\/shop\/kleine-elektrogeraete\/oefen\/santos-pizzaofen-o-120\/","og_site_name":"dev6 Erresse","og_image":[{"url":"https:\/\/interpim.erresse-shop.it\/Import\/Prodotti\/santos-forno-per-pizza-o-120.jpg","type":"","width":"","height":""},{"url":"https:\/\/interpim.erresse-shop.it\/Import\/Prodotti\/santos-forno-per-pizza-o-120.jpg","width":1024,"height":1024,"type":"image\/jpeg"}],"twitter_card":"summary_large_image","twitter_image":"https:\/\/interpim.erresse-shop.it\/Import\/Prodotti\/santos-forno-per-pizza-o-120.jpg","schema":{"@context":"https:\/\/schema.org","@graph":[{"@type":"WebPage","@id":"https:\/\/dev6.erresse-shop.it\/de\/shop\/kleine-elektrogeraete\/oefen\/santos-pizzaofen-o-120\/","url":"https:\/\/dev6.erresse-shop.it\/de\/shop\/kleine-elektrogeraete\/oefen\/santos-pizzaofen-o-120\/","name":"SANTOS Pizzaofen O-120 - dev6 Erresse","isPartOf":{"@id":"https:\/\/dev6.erresse-shop.it\/#website"},"primaryImageOfPage":{"@id":"https:\/\/dev6.erresse-shop.it\/de\/shop\/kleine-elektrogeraete\/oefen\/santos-pizzaofen-o-120\/#primaryimage"},"image":{"@id":"https:\/\/dev6.erresse-shop.it\/de\/shop\/kleine-elektrogeraete\/oefen\/santos-pizzaofen-o-120\/#primaryimage"},"thumbnailUrl":"https:\/\/i2.wp.com\/interpim.erresse-shop.it\/Import\/Prodotti\/santos-forno-per-pizza-o-120.jpg?ssl=1","datePublished":"2026-04-12T10:30:20+00:00","description":"Der neue SANTOS O-120 Pizzaofen in Schwarz ist die ideale Erg\u00e4nzung f\u00fcr Ihre Outdoork\u00fcche. Mit einer Heizleistung von 4,4 KW erreichen Sie ideale","breadcrumb":{"@id":"https:\/\/dev6.erresse-shop.it\/de\/shop\/kleine-elektrogeraete\/oefen\/santos-pizzaofen-o-120\/#breadcrumb"},"inLanguage":"de","potentialAction":[{"@type":"ReadAction","target":["https:\/\/dev6.erresse-shop.it\/de\/shop\/kleine-elektrogeraete\/oefen\/santos-pizzaofen-o-120\/"]}]},{"@type":"ImageObject","inLanguage":"de","@id":"https:\/\/dev6.erresse-shop.it\/de\/shop\/kleine-elektrogeraete\/oefen\/santos-pizzaofen-o-120\/#primaryimage","url":"https:\/\/i2.wp.com\/interpim.erresse-shop.it\/Import\/Prodotti\/santos-forno-per-pizza-o-120.jpg?ssl=1","contentUrl":"https:\/\/i2.wp.com\/interpim.erresse-shop.it\/Import\/Prodotti\/santos-forno-per-pizza-o-120.jpg?ssl=1"},{"@type":"BreadcrumbList","@id":"https:\/\/dev6.erresse-shop.it\/de\/shop\/kleine-elektrogeraete\/oefen\/santos-pizzaofen-o-120\/#breadcrumb","itemListElement":[{"@type":"ListItem","position":1,"name":"Home","item":"https:\/\/dev6.erresse-shop.it\/"},{"@type":"ListItem","position":2,"name":"Shop","item":"https:\/\/dev6.erresse-shop.it\/shop\/"},{"@type":"ListItem","position":3,"name":"SANTOS Pizzaofen O-120"}]},{"@type":"WebSite","@id":"https:\/\/dev6.erresse-shop.it\/#website","url":"https:\/\/dev6.erresse-shop.it\/","name":"Erresse Shop","description":"","publisher":{"@id":"https:\/\/dev6.erresse-shop.it\/#organization"},"potentialAction":[{"@type":"SearchAction","target":{"@type":"EntryPoint","urlTemplate":"https:\/\/dev6.erresse-shop.it\/?s={search_term_string}"},"query-input":{"@type":"PropertyValueSpecification","valueRequired":true,"valueName":"search_term_string"}}],"inLanguage":"de"},{"@type":"Organization","@id":"https:\/\/dev6.erresse-shop.it\/#organization","name":"Erresse Shop","url":"https:\/\/dev6.erresse-shop.it\/","logo":{"@type":"ImageObject","inLanguage":"de","@id":"https:\/\/dev6.erresse-shop.it\/#\/schema\/logo\/image\/","url":"https:\/\/dev6.erresse-shop.it\/wp-content\/uploads\/2025\/01\/LOGO-ERRESSE-CLASSICO.svg","contentUrl":"https:\/\/dev6.erresse-shop.it\/wp-content\/uploads\/2025\/01\/LOGO-ERRESSE-CLASSICO.svg","caption":"Erresse Shop"},"image":{"@id":"https:\/\/dev6.erresse-shop.it\/#\/schema\/logo\/image\/"}}]}},"df_price":279,"df_sale_price":279,"df_regular_price":299,"df_image_link":"https:\/\/i2.wp.com\/interpim.erresse-shop.it\/Import\/Prodotti\/santos-forno-per-pizza-o-120.jpg?resize=300,300&ssl=1","fifu_image_url":"https:\/\/interpim.erresse-shop.it\/Import\/Prodotti\/santos-forno-per-pizza-o-120.jpg","_links":{"self":[{"href":"https:\/\/dev6.erresse-shop.it\/de\/wp-json\/wp\/v2\/product\/1599848","targetHints":{"allow":["GET"]}}],"collection":[{"href":"https:\/\/dev6.erresse-shop.it\/de\/wp-json\/wp\/v2\/product"}],"about":[{"href":"https:\/\/dev6.erresse-shop.it\/de\/wp-json\/wp\/v2\/types\/product"}],"wp:featuredmedia":[{"embeddable":true,"href":"https:\/\/dev6.erresse-shop.it\/de\/wp-json\/wp\/v2\/media\/6373258"}],"wp:attachment":[{"href":"https:\/\/dev6.erresse-shop.it\/de\/wp-json\/wp\/v2\/media?parent=1599848"}],"wp:term":[{"taxonomy":"product_cat","embeddable":true,"href":"https:\/\/dev6.erresse-shop.it\/de\/wp-json\/wp\/v2\/product_cat?post=1599848"},{"taxonomy":"product_tag","embeddable":true,"href":"https:\/\/dev6.erresse-shop.it\/de\/wp-json\/wp\/v2\/product_tag?post=1599848"}],"curies":[{"name":"wp","href":"https:\/\/api.w.org\/{rel}","templated":true}]}}