{"id":1599836,"date":"2026-04-04T12:27:35","date_gmt":"2026-04-04T10:27:35","guid":{"rendered":"https:\/\/dev6.erresse-shop.it\/shop\/unkategorisiert\/berkel-adhoc-kuechenmesser-20-cm-schwarz\/"},"modified":"2025-07-04T14:37:08","modified_gmt":"2025-07-04T12:37:08","slug":"berkel-adhoc-kuechenmesser-20-cm-schwarz","status":"publish","type":"product","link":"https:\/\/dev6.erresse-shop.it\/de\/shop\/kuche\/messer\/kuechenmesser\/berkel-adhoc-kuechenmesser-20-cm-schwarz\/","title":{"rendered":"BERKEL Adhoc K\u00fcchenmesser 20 cm Schwarz"},"content":{"rendered":"<p>Das Profi-Qualit\u00e4tsmesser f\u00fcr Ihre K\u00fcche<\/p>\n<p>Dank seiner Spitze und der mittellangen Klinge ist dieses Messer in der K\u00fcche unverzichtbar zum Schneiden und Zerkleinern von Fleisch, Fisch, Obst oder Gem\u00fcse.<\/p>\n<p>FUNKTIONEN<\/p>\n<p>Das K\u00fcchenmesser aus der Linie Adhoc Berkel ist dank seiner mittellangen Spitze und Klinge ein unverzichtbarer Helfer in der K\u00fcche zum Schneiden und Zerkleinern von Fleisch, Fisch, Obst oder Gem\u00fcse. Professionelles Qualit\u00e4tsmesser aus rostfreiem Stahl, ausschlie\u00dflich in Italien hergestellt, mit schwarzem Griff mit Nieten. Perfekt f\u00fcr die Zubereitung von Gourmetrezepten, da die Zutaten mit einem pr\u00e4zisen und gleichm\u00e4\u00dfigen Schnitt verarbeitet werden.<\/p>\n<p>Klinge aus hochwertigem 1.4116-X50 Cr Mo V15 Chrom-Molybd\u00e4n-Vanadium-Stahl<br \/>\nLasergeschnittene Klinge<br \/>\nGriff bestehend aus Harzbacken, die mit AISI 304-Stahlnieten ohne Rillen zusammengef\u00fcgt sind, um die Ansammlung von R\u00fcckst\u00e4nden zu vermeiden<br \/>\nStahlknoten, um maximale Haftung zwischen Klinge und Griff und perfekte Balance des Messers w\u00e4hrend des Gebrauchs zu gew\u00e4hrleisten<br \/>\nBerkel-Logo in die Klinge eingraviert<\/p>\n<p>Gewicht: 314 gr<br \/>\nKlingenmaterial: Rostfreier Stahl 1.4116-X50 Cr Mo V15; H\u00e4rte nach T.T.: 53-54 HRC; Karte: Gut; Nieten: AISI 304 Stahl<br \/>\nGriff: Harzgriffe mit Nieten montiert<br \/>\nGebrauch und Pflege: Wir empfehlen dringend, das Produkt mit der Hand in hei\u00dfem Wasser zu waschen, um die Integrit\u00e4t und Haltbarkeit des Produkts \u00fcber die Zeit sicherzustellen. In jedem Fall empfiehlt es sich, das Messer nach jedem Sp\u00fclen abzutrocknen. Verwenden Sie keine scheuernden T\u00fccher oder Schw\u00e4mme.<\/p>\n","protected":false},"excerpt":{"rendered":"<p>Das Profi-Qualit\u00e4tsmesser f\u00fcr Ihre K\u00fcche Dank seiner Spitze und der mittellangen Klinge ist dieses Messer in der K\u00fcche unverzichtbar zum Schneiden und Zerkleinern von Fleisch, Fisch, Obst oder Gem\u00fcse. FUNKTIONEN Das K\u00fcchenmesser aus der Linie Adhoc Berkel ist dank seiner mittellangen Spitze und Klinge ein unverzichtbarer Helfer in der K\u00fcche zum Schneiden und Zerkleinern von [&hellip;]<\/p>\n","protected":false},"featured_media":6289931,"template":"","meta":{"_acf_changed":false},"product_cat":[12100,12105],"product_tag":[],"class_list":{"0":"post-1599836","1":"product","2":"type-product","3":"status-publish","4":"has-post-thumbnail","6":"product_cat-kuche","7":"product_cat-kuechenmesser","9":"first","10":"instock","11":"sale","12":"taxable","13":"shipping-taxable","14":"purchasable","15":"product-type-simple","swatches":"rey-swatches","show_selected":"","stretch_labels":"rey-swatches--stretch-labels"},"acf":[],"yoast_head":"<!-- This site is optimized with the Yoast SEO plugin v25.4 - https:\/\/yoast.com\/wordpress\/plugins\/seo\/ -->\n<title>BERKEL Adhoc K\u00fcchenmesser 20 cm Schwarz - dev6 Erresse<\/title>\n<meta name=\"description\" content=\"Das Profi-Qualit\u00e4tsmesser f\u00fcr Ihre K\u00fcche Dank seiner Spitze und der mittellangen Klinge ist dieses Messer in der K\u00fcche unverzichtbar zum Schneiden und\" \/>\n<meta name=\"robots\" content=\"noindex, follow, max-snippet:-1, max-image-preview:large, max-video-preview:-1\" \/>\n<meta property=\"og:locale\" content=\"de_DE\" \/>\n<meta property=\"og:type\" content=\"article\" \/>\n<meta property=\"og:title\" content=\"BERKEL Adhoc K\u00fcchenmesser 20 cm Schwarz - dev6 Erresse\" \/>\n<meta property=\"og:description\" content=\"Das Profi-Qualit\u00e4tsmesser f\u00fcr Ihre K\u00fcche Dank seiner Spitze und der mittellangen Klinge ist dieses Messer in der K\u00fcche unverzichtbar zum Schneiden und\" \/>\n<meta property=\"og:url\" content=\"https:\/\/dev6.erresse-shop.it\/de\/shop\/kuche\/messer\/kuechenmesser\/berkel-adhoc-kuechenmesser-20-cm-schwarz\/\" \/>\n<meta property=\"og:site_name\" content=\"dev6 Erresse\" \/>\n<meta property=\"og:image\" content=\"https:\/\/interpim.erresse-shop.it\/Import\/Prodotti\/berkel-coltello-da-cucina-adhoc-20-cm-nero.jpg\" \/><meta property=\"og:image\" content=\"https:\/\/interpim.erresse-shop.it\/Import\/Prodotti\/berkel-coltello-da-cucina-adhoc-20-cm-nero.jpg\" \/>\n\t<meta property=\"og:image:width\" content=\"1024\" \/>\n\t<meta property=\"og:image:height\" content=\"1024\" \/>\n\t<meta property=\"og:image:type\" content=\"image\/jpeg\" \/>\n<meta name=\"twitter:card\" content=\"summary_large_image\" \/>\n<meta name=\"twitter:image\" content=\"https:\/\/interpim.erresse-shop.it\/Import\/Prodotti\/berkel-coltello-da-cucina-adhoc-20-cm-nero.jpg\" \/>\n<script type=\"application\/ld+json\" class=\"yoast-schema-graph\">{\"@context\":\"https:\/\/schema.org\",\"@graph\":[{\"@type\":\"WebPage\",\"@id\":\"https:\/\/dev6.erresse-shop.it\/de\/shop\/kuche\/messer\/kuechenmesser\/berkel-adhoc-kuechenmesser-20-cm-schwarz\/\",\"url\":\"https:\/\/dev6.erresse-shop.it\/de\/shop\/kuche\/messer\/kuechenmesser\/berkel-adhoc-kuechenmesser-20-cm-schwarz\/\",\"name\":\"BERKEL Adhoc K\u00fcchenmesser 20 cm Schwarz - dev6 Erresse\",\"isPartOf\":{\"@id\":\"https:\/\/dev6.erresse-shop.it\/#website\"},\"primaryImageOfPage\":{\"@id\":\"https:\/\/dev6.erresse-shop.it\/de\/shop\/kuche\/messer\/kuechenmesser\/berkel-adhoc-kuechenmesser-20-cm-schwarz\/#primaryimage\"},\"image\":{\"@id\":\"https:\/\/dev6.erresse-shop.it\/de\/shop\/kuche\/messer\/kuechenmesser\/berkel-adhoc-kuechenmesser-20-cm-schwarz\/#primaryimage\"},\"thumbnailUrl\":\"https:\/\/i1.wp.com\/interpim.erresse-shop.it\/Import\/Prodotti\/berkel-coltello-da-cucina-adhoc-20-cm-nero.jpg?ssl=1\",\"datePublished\":\"2026-04-04T10:27:35+00:00\",\"description\":\"Das Profi-Qualit\u00e4tsmesser f\u00fcr Ihre K\u00fcche Dank seiner Spitze und der mittellangen Klinge ist dieses Messer in der K\u00fcche unverzichtbar zum Schneiden und\",\"breadcrumb\":{\"@id\":\"https:\/\/dev6.erresse-shop.it\/de\/shop\/kuche\/messer\/kuechenmesser\/berkel-adhoc-kuechenmesser-20-cm-schwarz\/#breadcrumb\"},\"inLanguage\":\"de\",\"potentialAction\":[{\"@type\":\"ReadAction\",\"target\":[\"https:\/\/dev6.erresse-shop.it\/de\/shop\/kuche\/messer\/kuechenmesser\/berkel-adhoc-kuechenmesser-20-cm-schwarz\/\"]}]},{\"@type\":\"ImageObject\",\"inLanguage\":\"de\",\"@id\":\"https:\/\/dev6.erresse-shop.it\/de\/shop\/kuche\/messer\/kuechenmesser\/berkel-adhoc-kuechenmesser-20-cm-schwarz\/#primaryimage\",\"url\":\"https:\/\/i1.wp.com\/interpim.erresse-shop.it\/Import\/Prodotti\/berkel-coltello-da-cucina-adhoc-20-cm-nero.jpg?ssl=1\",\"contentUrl\":\"https:\/\/i1.wp.com\/interpim.erresse-shop.it\/Import\/Prodotti\/berkel-coltello-da-cucina-adhoc-20-cm-nero.jpg?ssl=1\"},{\"@type\":\"BreadcrumbList\",\"@id\":\"https:\/\/dev6.erresse-shop.it\/de\/shop\/kuche\/messer\/kuechenmesser\/berkel-adhoc-kuechenmesser-20-cm-schwarz\/#breadcrumb\",\"itemListElement\":[{\"@type\":\"ListItem\",\"position\":1,\"name\":\"Home\",\"item\":\"https:\/\/dev6.erresse-shop.it\/\"},{\"@type\":\"ListItem\",\"position\":2,\"name\":\"Shop\",\"item\":\"https:\/\/dev6.erresse-shop.it\/shop\/\"},{\"@type\":\"ListItem\",\"position\":3,\"name\":\"BERKEL Adhoc K\u00fcchenmesser 20 cm Schwarz\"}]},{\"@type\":\"WebSite\",\"@id\":\"https:\/\/dev6.erresse-shop.it\/#website\",\"url\":\"https:\/\/dev6.erresse-shop.it\/\",\"name\":\"Erresse Shop\",\"description\":\"\",\"publisher\":{\"@id\":\"https:\/\/dev6.erresse-shop.it\/#organization\"},\"potentialAction\":[{\"@type\":\"SearchAction\",\"target\":{\"@type\":\"EntryPoint\",\"urlTemplate\":\"https:\/\/dev6.erresse-shop.it\/?s={search_term_string}\"},\"query-input\":{\"@type\":\"PropertyValueSpecification\",\"valueRequired\":true,\"valueName\":\"search_term_string\"}}],\"inLanguage\":\"de\"},{\"@type\":\"Organization\",\"@id\":\"https:\/\/dev6.erresse-shop.it\/#organization\",\"name\":\"Erresse Shop\",\"url\":\"https:\/\/dev6.erresse-shop.it\/\",\"logo\":{\"@type\":\"ImageObject\",\"inLanguage\":\"de\",\"@id\":\"https:\/\/dev6.erresse-shop.it\/#\/schema\/logo\/image\/\",\"url\":\"https:\/\/dev6.erresse-shop.it\/wp-content\/uploads\/2025\/01\/LOGO-ERRESSE-CLASSICO.svg\",\"contentUrl\":\"https:\/\/dev6.erresse-shop.it\/wp-content\/uploads\/2025\/01\/LOGO-ERRESSE-CLASSICO.svg\",\"caption\":\"Erresse Shop\"},\"image\":{\"@id\":\"https:\/\/dev6.erresse-shop.it\/#\/schema\/logo\/image\/\"}}]}<\/script>\n<!-- \/ Yoast SEO plugin. -->","yoast_head_json":{"title":"BERKEL Adhoc K\u00fcchenmesser 20 cm Schwarz - dev6 Erresse","description":"Das Profi-Qualit\u00e4tsmesser f\u00fcr Ihre K\u00fcche Dank seiner Spitze und der mittellangen Klinge ist dieses Messer in der K\u00fcche unverzichtbar zum Schneiden und","robots":{"index":"noindex","follow":"follow","max-snippet":"max-snippet:-1","max-image-preview":"max-image-preview:large","max-video-preview":"max-video-preview:-1"},"og_locale":"de_DE","og_type":"article","og_title":"BERKEL Adhoc K\u00fcchenmesser 20 cm Schwarz - dev6 Erresse","og_description":"Das Profi-Qualit\u00e4tsmesser f\u00fcr Ihre K\u00fcche Dank seiner Spitze und der mittellangen Klinge ist dieses Messer in der K\u00fcche unverzichtbar zum Schneiden und","og_url":"https:\/\/dev6.erresse-shop.it\/de\/shop\/kuche\/messer\/kuechenmesser\/berkel-adhoc-kuechenmesser-20-cm-schwarz\/","og_site_name":"dev6 Erresse","og_image":[{"url":"https:\/\/interpim.erresse-shop.it\/Import\/Prodotti\/berkel-coltello-da-cucina-adhoc-20-cm-nero.jpg","type":"","width":"","height":""},{"url":"https:\/\/interpim.erresse-shop.it\/Import\/Prodotti\/berkel-coltello-da-cucina-adhoc-20-cm-nero.jpg","width":1024,"height":1024,"type":"image\/jpeg"}],"twitter_card":"summary_large_image","twitter_image":"https:\/\/interpim.erresse-shop.it\/Import\/Prodotti\/berkel-coltello-da-cucina-adhoc-20-cm-nero.jpg","schema":{"@context":"https:\/\/schema.org","@graph":[{"@type":"WebPage","@id":"https:\/\/dev6.erresse-shop.it\/de\/shop\/kuche\/messer\/kuechenmesser\/berkel-adhoc-kuechenmesser-20-cm-schwarz\/","url":"https:\/\/dev6.erresse-shop.it\/de\/shop\/kuche\/messer\/kuechenmesser\/berkel-adhoc-kuechenmesser-20-cm-schwarz\/","name":"BERKEL Adhoc K\u00fcchenmesser 20 cm Schwarz - dev6 Erresse","isPartOf":{"@id":"https:\/\/dev6.erresse-shop.it\/#website"},"primaryImageOfPage":{"@id":"https:\/\/dev6.erresse-shop.it\/de\/shop\/kuche\/messer\/kuechenmesser\/berkel-adhoc-kuechenmesser-20-cm-schwarz\/#primaryimage"},"image":{"@id":"https:\/\/dev6.erresse-shop.it\/de\/shop\/kuche\/messer\/kuechenmesser\/berkel-adhoc-kuechenmesser-20-cm-schwarz\/#primaryimage"},"thumbnailUrl":"https:\/\/i1.wp.com\/interpim.erresse-shop.it\/Import\/Prodotti\/berkel-coltello-da-cucina-adhoc-20-cm-nero.jpg?ssl=1","datePublished":"2026-04-04T10:27:35+00:00","description":"Das Profi-Qualit\u00e4tsmesser f\u00fcr Ihre K\u00fcche Dank seiner Spitze und der mittellangen Klinge ist dieses Messer in der K\u00fcche unverzichtbar zum Schneiden und","breadcrumb":{"@id":"https:\/\/dev6.erresse-shop.it\/de\/shop\/kuche\/messer\/kuechenmesser\/berkel-adhoc-kuechenmesser-20-cm-schwarz\/#breadcrumb"},"inLanguage":"de","potentialAction":[{"@type":"ReadAction","target":["https:\/\/dev6.erresse-shop.it\/de\/shop\/kuche\/messer\/kuechenmesser\/berkel-adhoc-kuechenmesser-20-cm-schwarz\/"]}]},{"@type":"ImageObject","inLanguage":"de","@id":"https:\/\/dev6.erresse-shop.it\/de\/shop\/kuche\/messer\/kuechenmesser\/berkel-adhoc-kuechenmesser-20-cm-schwarz\/#primaryimage","url":"https:\/\/i1.wp.com\/interpim.erresse-shop.it\/Import\/Prodotti\/berkel-coltello-da-cucina-adhoc-20-cm-nero.jpg?ssl=1","contentUrl":"https:\/\/i1.wp.com\/interpim.erresse-shop.it\/Import\/Prodotti\/berkel-coltello-da-cucina-adhoc-20-cm-nero.jpg?ssl=1"},{"@type":"BreadcrumbList","@id":"https:\/\/dev6.erresse-shop.it\/de\/shop\/kuche\/messer\/kuechenmesser\/berkel-adhoc-kuechenmesser-20-cm-schwarz\/#breadcrumb","itemListElement":[{"@type":"ListItem","position":1,"name":"Home","item":"https:\/\/dev6.erresse-shop.it\/"},{"@type":"ListItem","position":2,"name":"Shop","item":"https:\/\/dev6.erresse-shop.it\/shop\/"},{"@type":"ListItem","position":3,"name":"BERKEL Adhoc K\u00fcchenmesser 20 cm Schwarz"}]},{"@type":"WebSite","@id":"https:\/\/dev6.erresse-shop.it\/#website","url":"https:\/\/dev6.erresse-shop.it\/","name":"Erresse Shop","description":"","publisher":{"@id":"https:\/\/dev6.erresse-shop.it\/#organization"},"potentialAction":[{"@type":"SearchAction","target":{"@type":"EntryPoint","urlTemplate":"https:\/\/dev6.erresse-shop.it\/?s={search_term_string}"},"query-input":{"@type":"PropertyValueSpecification","valueRequired":true,"valueName":"search_term_string"}}],"inLanguage":"de"},{"@type":"Organization","@id":"https:\/\/dev6.erresse-shop.it\/#organization","name":"Erresse Shop","url":"https:\/\/dev6.erresse-shop.it\/","logo":{"@type":"ImageObject","inLanguage":"de","@id":"https:\/\/dev6.erresse-shop.it\/#\/schema\/logo\/image\/","url":"https:\/\/dev6.erresse-shop.it\/wp-content\/uploads\/2025\/01\/LOGO-ERRESSE-CLASSICO.svg","contentUrl":"https:\/\/dev6.erresse-shop.it\/wp-content\/uploads\/2025\/01\/LOGO-ERRESSE-CLASSICO.svg","caption":"Erresse Shop"},"image":{"@id":"https:\/\/dev6.erresse-shop.it\/#\/schema\/logo\/image\/"}}]}},"df_price":54,"df_sale_price":54,"df_regular_price":59,"df_image_link":"https:\/\/i1.wp.com\/interpim.erresse-shop.it\/Import\/Prodotti\/berkel-coltello-da-cucina-adhoc-20-cm-nero.jpg?resize=300,300&ssl=1","fifu_image_url":"https:\/\/interpim.erresse-shop.it\/Import\/Prodotti\/berkel-coltello-da-cucina-adhoc-20-cm-nero.jpg","_links":{"self":[{"href":"https:\/\/dev6.erresse-shop.it\/de\/wp-json\/wp\/v2\/product\/1599836","targetHints":{"allow":["GET"]}}],"collection":[{"href":"https:\/\/dev6.erresse-shop.it\/de\/wp-json\/wp\/v2\/product"}],"about":[{"href":"https:\/\/dev6.erresse-shop.it\/de\/wp-json\/wp\/v2\/types\/product"}],"wp:featuredmedia":[{"embeddable":true,"href":"https:\/\/dev6.erresse-shop.it\/de\/wp-json\/wp\/v2\/media\/6289931"}],"wp:attachment":[{"href":"https:\/\/dev6.erresse-shop.it\/de\/wp-json\/wp\/v2\/media?parent=1599836"}],"wp:term":[{"taxonomy":"product_cat","embeddable":true,"href":"https:\/\/dev6.erresse-shop.it\/de\/wp-json\/wp\/v2\/product_cat?post=1599836"},{"taxonomy":"product_tag","embeddable":true,"href":"https:\/\/dev6.erresse-shop.it\/de\/wp-json\/wp\/v2\/product_tag?post=1599836"}],"curies":[{"name":"wp","href":"https:\/\/api.w.org\/{rel}","templated":true}]}}