{"id":1599834,"date":"2026-04-12T12:30:20","date_gmt":"2026-04-12T10:30:20","guid":{"rendered":"https:\/\/dev6.erresse-shop.it\/shop\/unkategorisiert\/berkel-adhoc-schwarzes-ausbeinmesser-16-cm\/"},"modified":"2025-09-14T02:41:36","modified_gmt":"2025-09-14T00:41:36","slug":"berkel-adhoc-schwarzes-ausbeinmesser-16-cm","status":"publish","type":"product","link":"https:\/\/dev6.erresse-shop.it\/de\/shop\/kuche\/messer\/kuechenmesser\/berkel-adhoc-schwarzes-ausbeinmesser-16-cm\/","title":{"rendered":"BERKEL Adhoc Schwarzes Ausbeinmesser 16 cm"},"content":{"rendered":"<p>Das Messer zum einfachen Zerlegen<\/p>\n<p>Kurzes und handliches Messer. Ideal zum Entfernen von Haut, Schwarte, Knochen und Fettresten von mittelgro\u00dfen Fleischst\u00fccken. Durch die ausgepr\u00e4gte Ferse sch\u00fctzt er die Hand.<\/p>\n<p>FUNKTIONEN<\/p>\n<p>Klinge aus hochwertigem 1.4116-X50 Cr Mo V15 Chrom-Molybd\u00e4n-Vanadium-Stahl<br \/>\nLasergeschnittene Klinge<br \/>\nGriff bestehend aus Harzbacken, die mit AISI 304-Stahlnieten ohne Rillen zusammengef\u00fcgt sind, um die Ansammlung von R\u00fcckst\u00e4nden zu vermeiden<br \/>\nStahlknoten, um maximale Haftung zwischen Klinge und Griff und perfekte Balance des Messers w\u00e4hrend des Gebrauchs zu gew\u00e4hrleisten<br \/>\nBerkel-Logo in die Klinge eingraviert<\/p>\n<p>Gewicht: 235 gr<br \/>\nKlingenmaterial: Rostfreier Stahl 1.4116-X50 Cr Mo V15; H\u00e4rte nach T.T.: 53-54 HRC; Karte: Gut; Nieten: AISI 304 Stahl<br \/>\nGriff: Harzgriffe mit Nieten montiert<br \/>\nGebrauch und Pflege: Wir empfehlen dringend, das Produkt mit der Hand in hei\u00dfem Wasser zu waschen, um die Integrit\u00e4t und Haltbarkeit des Produkts \u00fcber die Zeit sicherzustellen. In jedem Fall empfiehlt es sich, das Messer nach jedem Sp\u00fclen abzutrocknen. Verwenden Sie keine scheuernden T\u00fccher oder Schw\u00e4mme.<\/p>\n","protected":false},"excerpt":{"rendered":"<p>Das Messer zum einfachen Zerlegen Kurzes und handliches Messer. Ideal zum Entfernen von Haut, Schwarte, Knochen und Fettresten von mittelgro\u00dfen Fleischst\u00fccken. Durch die ausgepr\u00e4gte Ferse sch\u00fctzt er die Hand. FUNKTIONEN Klinge aus hochwertigem 1.4116-X50 Cr Mo V15 Chrom-Molybd\u00e4n-Vanadium-Stahl Lasergeschnittene Klinge Griff bestehend aus Harzbacken, die mit AISI 304-Stahlnieten ohne Rillen zusammengef\u00fcgt sind, um die Ansammlung [&hellip;]<\/p>\n","protected":false},"featured_media":6373195,"template":"","meta":{"_acf_changed":false},"product_cat":[12100,12105],"product_tag":[],"class_list":{"0":"post-1599834","1":"product","2":"type-product","3":"status-publish","4":"has-post-thumbnail","6":"product_cat-kuche","7":"product_cat-kuechenmesser","9":"first","10":"instock","11":"taxable","12":"shipping-taxable","13":"purchasable","14":"product-type-simple","swatches":"rey-swatches","show_selected":"","stretch_labels":"rey-swatches--stretch-labels"},"acf":[],"yoast_head":"<!-- This site is optimized with the Yoast SEO plugin v25.4 - https:\/\/yoast.com\/wordpress\/plugins\/seo\/ -->\n<title>BERKEL Adhoc Schwarzes Ausbeinmesser 16 cm - dev6 Erresse<\/title>\n<meta name=\"description\" content=\"Das Messer zum einfachen Zerlegen Kurzes und handliches Messer. Ideal zum Entfernen von Haut, Schwarte, Knochen und Fettresten von mittelgro\u00dfen\" \/>\n<meta name=\"robots\" content=\"noindex, follow, max-snippet:-1, max-image-preview:large, max-video-preview:-1\" \/>\n<meta property=\"og:locale\" content=\"de_DE\" \/>\n<meta property=\"og:type\" content=\"article\" \/>\n<meta property=\"og:title\" content=\"BERKEL Adhoc Schwarzes Ausbeinmesser 16 cm - dev6 Erresse\" \/>\n<meta property=\"og:description\" content=\"Das Messer zum einfachen Zerlegen Kurzes und handliches Messer. Ideal zum Entfernen von Haut, Schwarte, Knochen und Fettresten von mittelgro\u00dfen\" \/>\n<meta property=\"og:url\" content=\"https:\/\/dev6.erresse-shop.it\/de\/shop\/kuche\/messer\/kuechenmesser\/berkel-adhoc-schwarzes-ausbeinmesser-16-cm\/\" \/>\n<meta property=\"og:site_name\" content=\"dev6 Erresse\" \/>\n<meta property=\"og:image\" content=\"https:\/\/interpim.erresse-shop.it\/Import\/Prodotti\/berkel-coltello-disosso-adhoc-nero-16-cm.jpg\" \/><meta property=\"og:image\" content=\"https:\/\/interpim.erresse-shop.it\/Import\/Prodotti\/berkel-coltello-disosso-adhoc-nero-16-cm.jpg\" \/>\n\t<meta property=\"og:image:width\" content=\"1024\" \/>\n\t<meta property=\"og:image:height\" content=\"1024\" \/>\n\t<meta property=\"og:image:type\" content=\"image\/jpeg\" \/>\n<meta name=\"twitter:card\" content=\"summary_large_image\" \/>\n<meta name=\"twitter:image\" content=\"https:\/\/interpim.erresse-shop.it\/Import\/Prodotti\/berkel-coltello-disosso-adhoc-nero-16-cm.jpg\" \/>\n<script type=\"application\/ld+json\" class=\"yoast-schema-graph\">{\"@context\":\"https:\/\/schema.org\",\"@graph\":[{\"@type\":\"WebPage\",\"@id\":\"https:\/\/dev6.erresse-shop.it\/de\/shop\/kuche\/messer\/kuechenmesser\/berkel-adhoc-schwarzes-ausbeinmesser-16-cm\/\",\"url\":\"https:\/\/dev6.erresse-shop.it\/de\/shop\/kuche\/messer\/kuechenmesser\/berkel-adhoc-schwarzes-ausbeinmesser-16-cm\/\",\"name\":\"BERKEL Adhoc Schwarzes Ausbeinmesser 16 cm - dev6 Erresse\",\"isPartOf\":{\"@id\":\"https:\/\/dev6.erresse-shop.it\/#website\"},\"primaryImageOfPage\":{\"@id\":\"https:\/\/dev6.erresse-shop.it\/de\/shop\/kuche\/messer\/kuechenmesser\/berkel-adhoc-schwarzes-ausbeinmesser-16-cm\/#primaryimage\"},\"image\":{\"@id\":\"https:\/\/dev6.erresse-shop.it\/de\/shop\/kuche\/messer\/kuechenmesser\/berkel-adhoc-schwarzes-ausbeinmesser-16-cm\/#primaryimage\"},\"thumbnailUrl\":\"https:\/\/i2.wp.com\/interpim.erresse-shop.it\/Import\/Prodotti\/berkel-coltello-disosso-adhoc-nero-16-cm.jpg?ssl=1\",\"datePublished\":\"2026-04-12T10:30:20+00:00\",\"description\":\"Das Messer zum einfachen Zerlegen Kurzes und handliches Messer. Ideal zum Entfernen von Haut, Schwarte, Knochen und Fettresten von mittelgro\u00dfen\",\"breadcrumb\":{\"@id\":\"https:\/\/dev6.erresse-shop.it\/de\/shop\/kuche\/messer\/kuechenmesser\/berkel-adhoc-schwarzes-ausbeinmesser-16-cm\/#breadcrumb\"},\"inLanguage\":\"de\",\"potentialAction\":[{\"@type\":\"ReadAction\",\"target\":[\"https:\/\/dev6.erresse-shop.it\/de\/shop\/kuche\/messer\/kuechenmesser\/berkel-adhoc-schwarzes-ausbeinmesser-16-cm\/\"]}]},{\"@type\":\"ImageObject\",\"inLanguage\":\"de\",\"@id\":\"https:\/\/dev6.erresse-shop.it\/de\/shop\/kuche\/messer\/kuechenmesser\/berkel-adhoc-schwarzes-ausbeinmesser-16-cm\/#primaryimage\",\"url\":\"https:\/\/i2.wp.com\/interpim.erresse-shop.it\/Import\/Prodotti\/berkel-coltello-disosso-adhoc-nero-16-cm.jpg?ssl=1\",\"contentUrl\":\"https:\/\/i2.wp.com\/interpim.erresse-shop.it\/Import\/Prodotti\/berkel-coltello-disosso-adhoc-nero-16-cm.jpg?ssl=1\"},{\"@type\":\"BreadcrumbList\",\"@id\":\"https:\/\/dev6.erresse-shop.it\/de\/shop\/kuche\/messer\/kuechenmesser\/berkel-adhoc-schwarzes-ausbeinmesser-16-cm\/#breadcrumb\",\"itemListElement\":[{\"@type\":\"ListItem\",\"position\":1,\"name\":\"Home\",\"item\":\"https:\/\/dev6.erresse-shop.it\/\"},{\"@type\":\"ListItem\",\"position\":2,\"name\":\"Shop\",\"item\":\"https:\/\/dev6.erresse-shop.it\/shop\/\"},{\"@type\":\"ListItem\",\"position\":3,\"name\":\"BERKEL Adhoc Schwarzes Ausbeinmesser 16 cm\"}]},{\"@type\":\"WebSite\",\"@id\":\"https:\/\/dev6.erresse-shop.it\/#website\",\"url\":\"https:\/\/dev6.erresse-shop.it\/\",\"name\":\"Erresse Shop\",\"description\":\"\",\"publisher\":{\"@id\":\"https:\/\/dev6.erresse-shop.it\/#organization\"},\"potentialAction\":[{\"@type\":\"SearchAction\",\"target\":{\"@type\":\"EntryPoint\",\"urlTemplate\":\"https:\/\/dev6.erresse-shop.it\/?s={search_term_string}\"},\"query-input\":{\"@type\":\"PropertyValueSpecification\",\"valueRequired\":true,\"valueName\":\"search_term_string\"}}],\"inLanguage\":\"de\"},{\"@type\":\"Organization\",\"@id\":\"https:\/\/dev6.erresse-shop.it\/#organization\",\"name\":\"Erresse Shop\",\"url\":\"https:\/\/dev6.erresse-shop.it\/\",\"logo\":{\"@type\":\"ImageObject\",\"inLanguage\":\"de\",\"@id\":\"https:\/\/dev6.erresse-shop.it\/#\/schema\/logo\/image\/\",\"url\":\"https:\/\/dev6.erresse-shop.it\/wp-content\/uploads\/2025\/01\/LOGO-ERRESSE-CLASSICO.svg\",\"contentUrl\":\"https:\/\/dev6.erresse-shop.it\/wp-content\/uploads\/2025\/01\/LOGO-ERRESSE-CLASSICO.svg\",\"caption\":\"Erresse Shop\"},\"image\":{\"@id\":\"https:\/\/dev6.erresse-shop.it\/#\/schema\/logo\/image\/\"}}]}<\/script>\n<!-- \/ Yoast SEO plugin. -->","yoast_head_json":{"title":"BERKEL Adhoc Schwarzes Ausbeinmesser 16 cm - dev6 Erresse","description":"Das Messer zum einfachen Zerlegen Kurzes und handliches Messer. Ideal zum Entfernen von Haut, Schwarte, Knochen und Fettresten von mittelgro\u00dfen","robots":{"index":"noindex","follow":"follow","max-snippet":"max-snippet:-1","max-image-preview":"max-image-preview:large","max-video-preview":"max-video-preview:-1"},"og_locale":"de_DE","og_type":"article","og_title":"BERKEL Adhoc Schwarzes Ausbeinmesser 16 cm - dev6 Erresse","og_description":"Das Messer zum einfachen Zerlegen Kurzes und handliches Messer. Ideal zum Entfernen von Haut, Schwarte, Knochen und Fettresten von mittelgro\u00dfen","og_url":"https:\/\/dev6.erresse-shop.it\/de\/shop\/kuche\/messer\/kuechenmesser\/berkel-adhoc-schwarzes-ausbeinmesser-16-cm\/","og_site_name":"dev6 Erresse","og_image":[{"url":"https:\/\/interpim.erresse-shop.it\/Import\/Prodotti\/berkel-coltello-disosso-adhoc-nero-16-cm.jpg","type":"","width":"","height":""},{"url":"https:\/\/interpim.erresse-shop.it\/Import\/Prodotti\/berkel-coltello-disosso-adhoc-nero-16-cm.jpg","width":1024,"height":1024,"type":"image\/jpeg"}],"twitter_card":"summary_large_image","twitter_image":"https:\/\/interpim.erresse-shop.it\/Import\/Prodotti\/berkel-coltello-disosso-adhoc-nero-16-cm.jpg","schema":{"@context":"https:\/\/schema.org","@graph":[{"@type":"WebPage","@id":"https:\/\/dev6.erresse-shop.it\/de\/shop\/kuche\/messer\/kuechenmesser\/berkel-adhoc-schwarzes-ausbeinmesser-16-cm\/","url":"https:\/\/dev6.erresse-shop.it\/de\/shop\/kuche\/messer\/kuechenmesser\/berkel-adhoc-schwarzes-ausbeinmesser-16-cm\/","name":"BERKEL Adhoc Schwarzes Ausbeinmesser 16 cm - dev6 Erresse","isPartOf":{"@id":"https:\/\/dev6.erresse-shop.it\/#website"},"primaryImageOfPage":{"@id":"https:\/\/dev6.erresse-shop.it\/de\/shop\/kuche\/messer\/kuechenmesser\/berkel-adhoc-schwarzes-ausbeinmesser-16-cm\/#primaryimage"},"image":{"@id":"https:\/\/dev6.erresse-shop.it\/de\/shop\/kuche\/messer\/kuechenmesser\/berkel-adhoc-schwarzes-ausbeinmesser-16-cm\/#primaryimage"},"thumbnailUrl":"https:\/\/i2.wp.com\/interpim.erresse-shop.it\/Import\/Prodotti\/berkel-coltello-disosso-adhoc-nero-16-cm.jpg?ssl=1","datePublished":"2026-04-12T10:30:20+00:00","description":"Das Messer zum einfachen Zerlegen Kurzes und handliches Messer. Ideal zum Entfernen von Haut, Schwarte, Knochen und Fettresten von mittelgro\u00dfen","breadcrumb":{"@id":"https:\/\/dev6.erresse-shop.it\/de\/shop\/kuche\/messer\/kuechenmesser\/berkel-adhoc-schwarzes-ausbeinmesser-16-cm\/#breadcrumb"},"inLanguage":"de","potentialAction":[{"@type":"ReadAction","target":["https:\/\/dev6.erresse-shop.it\/de\/shop\/kuche\/messer\/kuechenmesser\/berkel-adhoc-schwarzes-ausbeinmesser-16-cm\/"]}]},{"@type":"ImageObject","inLanguage":"de","@id":"https:\/\/dev6.erresse-shop.it\/de\/shop\/kuche\/messer\/kuechenmesser\/berkel-adhoc-schwarzes-ausbeinmesser-16-cm\/#primaryimage","url":"https:\/\/i2.wp.com\/interpim.erresse-shop.it\/Import\/Prodotti\/berkel-coltello-disosso-adhoc-nero-16-cm.jpg?ssl=1","contentUrl":"https:\/\/i2.wp.com\/interpim.erresse-shop.it\/Import\/Prodotti\/berkel-coltello-disosso-adhoc-nero-16-cm.jpg?ssl=1"},{"@type":"BreadcrumbList","@id":"https:\/\/dev6.erresse-shop.it\/de\/shop\/kuche\/messer\/kuechenmesser\/berkel-adhoc-schwarzes-ausbeinmesser-16-cm\/#breadcrumb","itemListElement":[{"@type":"ListItem","position":1,"name":"Home","item":"https:\/\/dev6.erresse-shop.it\/"},{"@type":"ListItem","position":2,"name":"Shop","item":"https:\/\/dev6.erresse-shop.it\/shop\/"},{"@type":"ListItem","position":3,"name":"BERKEL Adhoc Schwarzes Ausbeinmesser 16 cm"}]},{"@type":"WebSite","@id":"https:\/\/dev6.erresse-shop.it\/#website","url":"https:\/\/dev6.erresse-shop.it\/","name":"Erresse Shop","description":"","publisher":{"@id":"https:\/\/dev6.erresse-shop.it\/#organization"},"potentialAction":[{"@type":"SearchAction","target":{"@type":"EntryPoint","urlTemplate":"https:\/\/dev6.erresse-shop.it\/?s={search_term_string}"},"query-input":{"@type":"PropertyValueSpecification","valueRequired":true,"valueName":"search_term_string"}}],"inLanguage":"de"},{"@type":"Organization","@id":"https:\/\/dev6.erresse-shop.it\/#organization","name":"Erresse Shop","url":"https:\/\/dev6.erresse-shop.it\/","logo":{"@type":"ImageObject","inLanguage":"de","@id":"https:\/\/dev6.erresse-shop.it\/#\/schema\/logo\/image\/","url":"https:\/\/dev6.erresse-shop.it\/wp-content\/uploads\/2025\/01\/LOGO-ERRESSE-CLASSICO.svg","contentUrl":"https:\/\/dev6.erresse-shop.it\/wp-content\/uploads\/2025\/01\/LOGO-ERRESSE-CLASSICO.svg","caption":"Erresse Shop"},"image":{"@id":"https:\/\/dev6.erresse-shop.it\/#\/schema\/logo\/image\/"}}]}},"df_price":42,"df_sale_price":"","df_regular_price":42,"df_image_link":"https:\/\/i2.wp.com\/interpim.erresse-shop.it\/Import\/Prodotti\/berkel-coltello-disosso-adhoc-nero-16-cm.jpg?resize=300,300&ssl=1","fifu_image_url":"https:\/\/interpim.erresse-shop.it\/Import\/Prodotti\/berkel-coltello-disosso-adhoc-nero-16-cm.jpg","_links":{"self":[{"href":"https:\/\/dev6.erresse-shop.it\/de\/wp-json\/wp\/v2\/product\/1599834","targetHints":{"allow":["GET"]}}],"collection":[{"href":"https:\/\/dev6.erresse-shop.it\/de\/wp-json\/wp\/v2\/product"}],"about":[{"href":"https:\/\/dev6.erresse-shop.it\/de\/wp-json\/wp\/v2\/types\/product"}],"wp:featuredmedia":[{"embeddable":true,"href":"https:\/\/dev6.erresse-shop.it\/de\/wp-json\/wp\/v2\/media\/6373195"}],"wp:attachment":[{"href":"https:\/\/dev6.erresse-shop.it\/de\/wp-json\/wp\/v2\/media?parent=1599834"}],"wp:term":[{"taxonomy":"product_cat","embeddable":true,"href":"https:\/\/dev6.erresse-shop.it\/de\/wp-json\/wp\/v2\/product_cat?post=1599834"},{"taxonomy":"product_tag","embeddable":true,"href":"https:\/\/dev6.erresse-shop.it\/de\/wp-json\/wp\/v2\/product_tag?post=1599834"}],"curies":[{"name":"wp","href":"https:\/\/api.w.org\/{rel}","templated":true}]}}