{"id":1599830,"date":"2026-04-12T12:30:20","date_gmt":"2026-04-12T10:30:20","guid":{"rendered":"https:\/\/dev6.erresse-shop.it\/shop\/unkategorisiert\/fratelli-desideri-capsule-collection-tube-chef-christian-milone-il-tesoro-di-norcia\/"},"modified":"2025-09-14T02:41:32","modified_gmt":"2025-09-14T00:41:32","slug":"fratelli-desideri-capsule-collection-tube-chef-christian-milone-il-tesoro-di-norcia","status":"publish","type":"product","link":"https:\/\/dev6.erresse-shop.it\/de\/shop\/food-de\/fratelli-desideri-capsule-collection-tube-chef-christian-milone-il-tesoro-di-norcia\/","title":{"rendered":"FRATELLI DESIDERI Capsule Collection Tube Chef Christian Milone Il Tesoro di Norcia"},"content":{"rendered":"<p>THE CAPSULE COLLECTION von CHRISTIAN MILONE<\/p>\n<p>Die Capsule Collection ist die brandneue \u201ePr\u00eat \u00e0 manger\u201c-Mahlzeitenkollektion! Sie ist all jenen gewidmet, die nicht auf ein gro\u00dfartiges Gourmetgericht verzichten wollen, auch wenn sie nicht viel Zeit (oder Lust) zum Kochen haben. Es handelt sich um Rezepte, die als gemeinsamen Nenner einen \u201eSchatz\u201c haben, d.h. die Zutat par excellence des Gebiets, zu dem sie geh\u00f6ren, neu interpretiert von den gro\u00dfen italienischen Sternek\u00f6chen auf eine erhabene Weise.<\/p>\n<p>Der \u201eSchatz\u201c dieses Rezepts ist die Tr\u00fcffel.<\/p>\n<p>In dieser Kapsel finden Sie Eiernudeln, ein Glas Butter mit Norcia-Tr\u00fcffel und etwas schwarzen Tr\u00fcffelkaviar, der als letzter Schliff dient.<\/p>\n<p>Es ist ein Rezept, das Christian sehr am Herzen liegt, da Norcia einer seiner Lieblingsorte ist, an dem er Zeit mit seinen geliebten Pferden verbringt. Die Tr\u00fcffelnoten dr\u00e4ngen sich bei der Verkostung auf und lassen den Gaumen k\u00f6stlich \u00fcberrascht und in eine umh\u00fcllende sensorische Note getaucht zur\u00fcck, die bis zum Abgang anh\u00e4lt. Der Tr\u00fcffelkaviar wertet das Gericht nicht nur unter \u00e4sthetischen Gesichtspunkten auf, sondern verst\u00e4rkt auch den Auftrieb der Aromen um ein Vielfaches.<\/p>\n<p>Wie wird es zubereitet? Die Nudeln kochen, mit Tr\u00fcffelbutter betr\u00e4ufeln und mit Tr\u00fcffelkaviar abschlie\u00dfen. Das war\u2019s!<\/p>\n<p>ZUBEREITUNG<\/p>\n<p>1. 2,5 l Wasser in einen Kochtopf geben, 25 g grobes Salz hinzuf\u00fcgen und zum Kochen bringen.<\/p>\n<p>2. Wenn das Wasser kocht, die Eiernudeln hineingeben und 5 Minuten lang kochen.<\/p>\n<p>3. In der Zwischenzeit das Glas Butter mit Tr\u00fcffel in eine Pfanne geben und bei sehr geringer Hitze schmelzen. Sobald die Butter geschmolzen ist, den Herd ausschalten.<\/p>\n<p>4. Nach 5 Minuten die Eiernudeln abgie\u00dfen und einen Teil des Kochwassers aufbewahren.<\/p>\n<p>5. Die Nudeln in die Pfanne mit der Butter geben und die H\u00e4lfte des Glases Tr\u00fcffelperlage dazugeben und alles gut vermischen (ggf. etwas Kochwasser hinzuf\u00fcgen, um die richtige Cremigkeit zu erreichen).<\/p>\n<p>DER TELLER<\/p>\n<p>1. Verwenden Sie Suppenteller.<\/p>\n<p>2. Nehmen Sie eine Sch\u00f6pfkelle und eine Gabel.<\/p>\n<p>3. Mit der Gabel eine Portion Nudeln aus dem Topf sch\u00f6pfen und in die Sch\u00f6pfkelle wickeln, bis ein Nest entsteht.<\/p>\n<p>4. Legen Sie das Nest vorsichtig in die Mitte des Tellers.<\/p>\n<p>5. Mit einem Teel\u00f6ffel die Tr\u00fcffelperle in die Mitte des Nests setzen.<\/p>\n<p>6. Den Rand des Tellers mit einem Tuch abwischen, um eventuelle Schlieren zu entfernen.<\/p>\n<p>Zutaten<\/p>\n<p>Eiernudeln 150 g<br \/>\nButter mit Tr\u00fcffel 30 gr.<br \/>\nSchwarze Tr\u00fcffelperlage 25 gr.<\/p>\n","protected":false},"excerpt":{"rendered":"<p>THE CAPSULE COLLECTION von CHRISTIAN MILONE Die Capsule Collection ist die brandneue \u201ePr\u00eat \u00e0 manger\u201c-Mahlzeitenkollektion! Sie ist all jenen gewidmet, die nicht auf ein gro\u00dfartiges Gourmetgericht verzichten wollen, auch wenn sie nicht viel Zeit (oder Lust) zum Kochen haben. Es handelt sich um Rezepte, die als gemeinsamen Nenner einen \u201eSchatz\u201c haben, d.h. die Zutat par [&hellip;]<\/p>\n","protected":false},"featured_media":6373170,"template":"","meta":{"_acf_changed":false},"product_cat":[12157],"product_tag":[],"class_list":{"0":"post-1599830","1":"product","2":"type-product","3":"status-publish","4":"has-post-thumbnail","6":"product_cat-food-de","8":"first","9":"instock","10":"taxable","11":"shipping-taxable","12":"purchasable","13":"product-type-simple","swatches":"rey-swatches","show_selected":"","stretch_labels":"rey-swatches--stretch-labels"},"acf":[],"yoast_head":"<!-- This site is optimized with the Yoast SEO plugin v25.4 - https:\/\/yoast.com\/wordpress\/plugins\/seo\/ -->\n<title>FRATELLI DESIDERI Capsule Collection Tube Chef Christian Milone Il Tesoro di Norcia - dev6 Erresse<\/title>\n<meta name=\"description\" content=\"THE CAPSULE COLLECTION von CHRISTIAN MILONE Die Capsule Collection ist die brandneue \u201ePr\u00eat \u00e0 manger\u201c-Mahlzeitenkollektion! Sie ist all jenen gewidmet, die\" \/>\n<meta name=\"robots\" content=\"noindex, follow, max-snippet:-1, max-image-preview:large, max-video-preview:-1\" \/>\n<meta property=\"og:locale\" content=\"de_DE\" \/>\n<meta property=\"og:type\" content=\"article\" \/>\n<meta property=\"og:title\" content=\"FRATELLI DESIDERI Capsule Collection Tube Chef Christian Milone Il Tesoro di Norcia - dev6 Erresse\" \/>\n<meta property=\"og:description\" content=\"THE CAPSULE COLLECTION von CHRISTIAN MILONE Die Capsule Collection ist die brandneue \u201ePr\u00eat \u00e0 manger\u201c-Mahlzeitenkollektion! Sie ist all jenen gewidmet, die\" \/>\n<meta property=\"og:url\" content=\"https:\/\/dev6.erresse-shop.it\/de\/shop\/food-de\/fratelli-desideri-capsule-collection-tube-chef-christian-milone-il-tesoro-di-norcia\/\" \/>\n<meta property=\"og:site_name\" content=\"dev6 Erresse\" \/>\n<meta property=\"og:image\" content=\"https:\/\/interpim.erresse-shop.it\/wp-content\/uploads\/2024\/12\/FRATELLI-DESIDERI-Capsule-Collection-Tube-Chef-Christian-Milone-Il-Tesoro-di-Norcia.jpg\/fratelli-desideri-capsule-collection-tube-chef-christian-milone-il-tesoro-di-norcia.jpg\" \/><meta property=\"og:image\" content=\"https:\/\/interpim.erresse-shop.it\/wp-content\/uploads\/2024\/12\/FRATELLI-DESIDERI-Capsule-Collection-Tube-Chef-Christian-Milone-Il-Tesoro-di-Norcia.jpg\/fratelli-desideri-capsule-collection-tube-chef-christian-milone-il-tesoro-di-norcia.jpg\" \/>\n\t<meta property=\"og:image:width\" content=\"1024\" \/>\n\t<meta property=\"og:image:height\" content=\"1024\" \/>\n\t<meta property=\"og:image:type\" content=\"image\/jpeg\" \/>\n<meta name=\"twitter:card\" content=\"summary_large_image\" \/>\n<meta name=\"twitter:image\" content=\"https:\/\/interpim.erresse-shop.it\/wp-content\/uploads\/2024\/12\/FRATELLI-DESIDERI-Capsule-Collection-Tube-Chef-Christian-Milone-Il-Tesoro-di-Norcia.jpg\/fratelli-desideri-capsule-collection-tube-chef-christian-milone-il-tesoro-di-norcia.jpg\" \/>\n<script type=\"application\/ld+json\" class=\"yoast-schema-graph\">{\"@context\":\"https:\/\/schema.org\",\"@graph\":[{\"@type\":\"WebPage\",\"@id\":\"https:\/\/dev6.erresse-shop.it\/de\/shop\/food-de\/fratelli-desideri-capsule-collection-tube-chef-christian-milone-il-tesoro-di-norcia\/\",\"url\":\"https:\/\/dev6.erresse-shop.it\/de\/shop\/food-de\/fratelli-desideri-capsule-collection-tube-chef-christian-milone-il-tesoro-di-norcia\/\",\"name\":\"FRATELLI DESIDERI Capsule Collection Tube Chef Christian Milone Il Tesoro di Norcia - dev6 Erresse\",\"isPartOf\":{\"@id\":\"https:\/\/dev6.erresse-shop.it\/#website\"},\"primaryImageOfPage\":{\"@id\":\"https:\/\/dev6.erresse-shop.it\/de\/shop\/food-de\/fratelli-desideri-capsule-collection-tube-chef-christian-milone-il-tesoro-di-norcia\/#primaryimage\"},\"image\":{\"@id\":\"https:\/\/dev6.erresse-shop.it\/de\/shop\/food-de\/fratelli-desideri-capsule-collection-tube-chef-christian-milone-il-tesoro-di-norcia\/#primaryimage\"},\"thumbnailUrl\":\"https:\/\/i0.wp.com\/interpim.erresse-shop.it\/wp-content\/uploads\/2024\/12\/FRATELLI-DESIDERI-Capsule-Collection-Tube-Chef-Christian-Milone-Il-Tesoro-di-Norcia.jpg\/fratelli-desideri-capsule-collection-tube-chef-christian-milone-il-tesoro-di-norcia.jpg?ssl=1\",\"datePublished\":\"2026-04-12T10:30:20+00:00\",\"description\":\"THE CAPSULE COLLECTION von CHRISTIAN MILONE Die Capsule Collection ist die brandneue \u201ePr\u00eat \u00e0 manger\u201c-Mahlzeitenkollektion! Sie ist all jenen gewidmet, die\",\"breadcrumb\":{\"@id\":\"https:\/\/dev6.erresse-shop.it\/de\/shop\/food-de\/fratelli-desideri-capsule-collection-tube-chef-christian-milone-il-tesoro-di-norcia\/#breadcrumb\"},\"inLanguage\":\"de\",\"potentialAction\":[{\"@type\":\"ReadAction\",\"target\":[\"https:\/\/dev6.erresse-shop.it\/de\/shop\/food-de\/fratelli-desideri-capsule-collection-tube-chef-christian-milone-il-tesoro-di-norcia\/\"]}]},{\"@type\":\"ImageObject\",\"inLanguage\":\"de\",\"@id\":\"https:\/\/dev6.erresse-shop.it\/de\/shop\/food-de\/fratelli-desideri-capsule-collection-tube-chef-christian-milone-il-tesoro-di-norcia\/#primaryimage\",\"url\":\"https:\/\/i0.wp.com\/interpim.erresse-shop.it\/wp-content\/uploads\/2024\/12\/FRATELLI-DESIDERI-Capsule-Collection-Tube-Chef-Christian-Milone-Il-Tesoro-di-Norcia.jpg\/fratelli-desideri-capsule-collection-tube-chef-christian-milone-il-tesoro-di-norcia.jpg?ssl=1\",\"contentUrl\":\"https:\/\/i0.wp.com\/interpim.erresse-shop.it\/wp-content\/uploads\/2024\/12\/FRATELLI-DESIDERI-Capsule-Collection-Tube-Chef-Christian-Milone-Il-Tesoro-di-Norcia.jpg\/fratelli-desideri-capsule-collection-tube-chef-christian-milone-il-tesoro-di-norcia.jpg?ssl=1\"},{\"@type\":\"BreadcrumbList\",\"@id\":\"https:\/\/dev6.erresse-shop.it\/de\/shop\/food-de\/fratelli-desideri-capsule-collection-tube-chef-christian-milone-il-tesoro-di-norcia\/#breadcrumb\",\"itemListElement\":[{\"@type\":\"ListItem\",\"position\":1,\"name\":\"Home\",\"item\":\"https:\/\/dev6.erresse-shop.it\/\"},{\"@type\":\"ListItem\",\"position\":2,\"name\":\"Shop\",\"item\":\"https:\/\/dev6.erresse-shop.it\/shop\/\"},{\"@type\":\"ListItem\",\"position\":3,\"name\":\"FRATELLI DESIDERI Capsule Collection Tube Chef Christian Milone Il Tesoro di Norcia\"}]},{\"@type\":\"WebSite\",\"@id\":\"https:\/\/dev6.erresse-shop.it\/#website\",\"url\":\"https:\/\/dev6.erresse-shop.it\/\",\"name\":\"Erresse Shop\",\"description\":\"\",\"publisher\":{\"@id\":\"https:\/\/dev6.erresse-shop.it\/#organization\"},\"potentialAction\":[{\"@type\":\"SearchAction\",\"target\":{\"@type\":\"EntryPoint\",\"urlTemplate\":\"https:\/\/dev6.erresse-shop.it\/?s={search_term_string}\"},\"query-input\":{\"@type\":\"PropertyValueSpecification\",\"valueRequired\":true,\"valueName\":\"search_term_string\"}}],\"inLanguage\":\"de\"},{\"@type\":\"Organization\",\"@id\":\"https:\/\/dev6.erresse-shop.it\/#organization\",\"name\":\"Erresse Shop\",\"url\":\"https:\/\/dev6.erresse-shop.it\/\",\"logo\":{\"@type\":\"ImageObject\",\"inLanguage\":\"de\",\"@id\":\"https:\/\/dev6.erresse-shop.it\/#\/schema\/logo\/image\/\",\"url\":\"https:\/\/dev6.erresse-shop.it\/wp-content\/uploads\/2025\/01\/LOGO-ERRESSE-CLASSICO.svg\",\"contentUrl\":\"https:\/\/dev6.erresse-shop.it\/wp-content\/uploads\/2025\/01\/LOGO-ERRESSE-CLASSICO.svg\",\"caption\":\"Erresse Shop\"},\"image\":{\"@id\":\"https:\/\/dev6.erresse-shop.it\/#\/schema\/logo\/image\/\"}}]}<\/script>\n<!-- \/ Yoast SEO plugin. -->","yoast_head_json":{"title":"FRATELLI DESIDERI Capsule Collection Tube Chef Christian Milone Il Tesoro di Norcia - dev6 Erresse","description":"THE CAPSULE COLLECTION von CHRISTIAN MILONE Die Capsule Collection ist die brandneue \u201ePr\u00eat \u00e0 manger\u201c-Mahlzeitenkollektion! Sie ist all jenen gewidmet, die","robots":{"index":"noindex","follow":"follow","max-snippet":"max-snippet:-1","max-image-preview":"max-image-preview:large","max-video-preview":"max-video-preview:-1"},"og_locale":"de_DE","og_type":"article","og_title":"FRATELLI DESIDERI Capsule Collection Tube Chef Christian Milone Il Tesoro di Norcia - dev6 Erresse","og_description":"THE CAPSULE COLLECTION von CHRISTIAN MILONE Die Capsule Collection ist die brandneue \u201ePr\u00eat \u00e0 manger\u201c-Mahlzeitenkollektion! Sie ist all jenen gewidmet, die","og_url":"https:\/\/dev6.erresse-shop.it\/de\/shop\/food-de\/fratelli-desideri-capsule-collection-tube-chef-christian-milone-il-tesoro-di-norcia\/","og_site_name":"dev6 Erresse","og_image":[{"url":"https:\/\/interpim.erresse-shop.it\/wp-content\/uploads\/2024\/12\/FRATELLI-DESIDERI-Capsule-Collection-Tube-Chef-Christian-Milone-Il-Tesoro-di-Norcia.jpg\/fratelli-desideri-capsule-collection-tube-chef-christian-milone-il-tesoro-di-norcia.jpg","type":"","width":"","height":""},{"url":"https:\/\/interpim.erresse-shop.it\/wp-content\/uploads\/2024\/12\/FRATELLI-DESIDERI-Capsule-Collection-Tube-Chef-Christian-Milone-Il-Tesoro-di-Norcia.jpg\/fratelli-desideri-capsule-collection-tube-chef-christian-milone-il-tesoro-di-norcia.jpg","width":1024,"height":1024,"type":"image\/jpeg"}],"twitter_card":"summary_large_image","twitter_image":"https:\/\/interpim.erresse-shop.it\/wp-content\/uploads\/2024\/12\/FRATELLI-DESIDERI-Capsule-Collection-Tube-Chef-Christian-Milone-Il-Tesoro-di-Norcia.jpg\/fratelli-desideri-capsule-collection-tube-chef-christian-milone-il-tesoro-di-norcia.jpg","schema":{"@context":"https:\/\/schema.org","@graph":[{"@type":"WebPage","@id":"https:\/\/dev6.erresse-shop.it\/de\/shop\/food-de\/fratelli-desideri-capsule-collection-tube-chef-christian-milone-il-tesoro-di-norcia\/","url":"https:\/\/dev6.erresse-shop.it\/de\/shop\/food-de\/fratelli-desideri-capsule-collection-tube-chef-christian-milone-il-tesoro-di-norcia\/","name":"FRATELLI DESIDERI Capsule Collection Tube Chef Christian Milone Il Tesoro di Norcia - dev6 Erresse","isPartOf":{"@id":"https:\/\/dev6.erresse-shop.it\/#website"},"primaryImageOfPage":{"@id":"https:\/\/dev6.erresse-shop.it\/de\/shop\/food-de\/fratelli-desideri-capsule-collection-tube-chef-christian-milone-il-tesoro-di-norcia\/#primaryimage"},"image":{"@id":"https:\/\/dev6.erresse-shop.it\/de\/shop\/food-de\/fratelli-desideri-capsule-collection-tube-chef-christian-milone-il-tesoro-di-norcia\/#primaryimage"},"thumbnailUrl":"https:\/\/i0.wp.com\/interpim.erresse-shop.it\/wp-content\/uploads\/2024\/12\/FRATELLI-DESIDERI-Capsule-Collection-Tube-Chef-Christian-Milone-Il-Tesoro-di-Norcia.jpg\/fratelli-desideri-capsule-collection-tube-chef-christian-milone-il-tesoro-di-norcia.jpg?ssl=1","datePublished":"2026-04-12T10:30:20+00:00","description":"THE CAPSULE COLLECTION von CHRISTIAN MILONE Die Capsule Collection ist die brandneue \u201ePr\u00eat \u00e0 manger\u201c-Mahlzeitenkollektion! Sie ist all jenen gewidmet, die","breadcrumb":{"@id":"https:\/\/dev6.erresse-shop.it\/de\/shop\/food-de\/fratelli-desideri-capsule-collection-tube-chef-christian-milone-il-tesoro-di-norcia\/#breadcrumb"},"inLanguage":"de","potentialAction":[{"@type":"ReadAction","target":["https:\/\/dev6.erresse-shop.it\/de\/shop\/food-de\/fratelli-desideri-capsule-collection-tube-chef-christian-milone-il-tesoro-di-norcia\/"]}]},{"@type":"ImageObject","inLanguage":"de","@id":"https:\/\/dev6.erresse-shop.it\/de\/shop\/food-de\/fratelli-desideri-capsule-collection-tube-chef-christian-milone-il-tesoro-di-norcia\/#primaryimage","url":"https:\/\/i0.wp.com\/interpim.erresse-shop.it\/wp-content\/uploads\/2024\/12\/FRATELLI-DESIDERI-Capsule-Collection-Tube-Chef-Christian-Milone-Il-Tesoro-di-Norcia.jpg\/fratelli-desideri-capsule-collection-tube-chef-christian-milone-il-tesoro-di-norcia.jpg?ssl=1","contentUrl":"https:\/\/i0.wp.com\/interpim.erresse-shop.it\/wp-content\/uploads\/2024\/12\/FRATELLI-DESIDERI-Capsule-Collection-Tube-Chef-Christian-Milone-Il-Tesoro-di-Norcia.jpg\/fratelli-desideri-capsule-collection-tube-chef-christian-milone-il-tesoro-di-norcia.jpg?ssl=1"},{"@type":"BreadcrumbList","@id":"https:\/\/dev6.erresse-shop.it\/de\/shop\/food-de\/fratelli-desideri-capsule-collection-tube-chef-christian-milone-il-tesoro-di-norcia\/#breadcrumb","itemListElement":[{"@type":"ListItem","position":1,"name":"Home","item":"https:\/\/dev6.erresse-shop.it\/"},{"@type":"ListItem","position":2,"name":"Shop","item":"https:\/\/dev6.erresse-shop.it\/shop\/"},{"@type":"ListItem","position":3,"name":"FRATELLI DESIDERI Capsule Collection Tube Chef Christian Milone Il Tesoro di Norcia"}]},{"@type":"WebSite","@id":"https:\/\/dev6.erresse-shop.it\/#website","url":"https:\/\/dev6.erresse-shop.it\/","name":"Erresse Shop","description":"","publisher":{"@id":"https:\/\/dev6.erresse-shop.it\/#organization"},"potentialAction":[{"@type":"SearchAction","target":{"@type":"EntryPoint","urlTemplate":"https:\/\/dev6.erresse-shop.it\/?s={search_term_string}"},"query-input":{"@type":"PropertyValueSpecification","valueRequired":true,"valueName":"search_term_string"}}],"inLanguage":"de"},{"@type":"Organization","@id":"https:\/\/dev6.erresse-shop.it\/#organization","name":"Erresse Shop","url":"https:\/\/dev6.erresse-shop.it\/","logo":{"@type":"ImageObject","inLanguage":"de","@id":"https:\/\/dev6.erresse-shop.it\/#\/schema\/logo\/image\/","url":"https:\/\/dev6.erresse-shop.it\/wp-content\/uploads\/2025\/01\/LOGO-ERRESSE-CLASSICO.svg","contentUrl":"https:\/\/dev6.erresse-shop.it\/wp-content\/uploads\/2025\/01\/LOGO-ERRESSE-CLASSICO.svg","caption":"Erresse Shop"},"image":{"@id":"https:\/\/dev6.erresse-shop.it\/#\/schema\/logo\/image\/"}}]}},"df_price":28,"df_sale_price":"","df_regular_price":28,"df_image_link":"https:\/\/i0.wp.com\/interpim.erresse-shop.it\/wp-content\/uploads\/2024\/12\/FRATELLI-DESIDERI-Capsule-Collection-Tube-Chef-Christian-Milone-Il-Tesoro-di-Norcia.jpg\/fratelli-desideri-capsule-collection-tube-chef-christian-milone-il-tesoro-di-norcia.jpg?resize=300,300&ssl=1","fifu_image_url":"https:\/\/interpim.erresse-shop.it\/wp-content\/uploads\/2024\/12\/FRATELLI-DESIDERI-Capsule-Collection-Tube-Chef-Christian-Milone-Il-Tesoro-di-Norcia.jpg\/fratelli-desideri-capsule-collection-tube-chef-christian-milone-il-tesoro-di-norcia.jpg","_links":{"self":[{"href":"https:\/\/dev6.erresse-shop.it\/de\/wp-json\/wp\/v2\/product\/1599830","targetHints":{"allow":["GET"]}}],"collection":[{"href":"https:\/\/dev6.erresse-shop.it\/de\/wp-json\/wp\/v2\/product"}],"about":[{"href":"https:\/\/dev6.erresse-shop.it\/de\/wp-json\/wp\/v2\/types\/product"}],"wp:featuredmedia":[{"embeddable":true,"href":"https:\/\/dev6.erresse-shop.it\/de\/wp-json\/wp\/v2\/media\/6373170"}],"wp:attachment":[{"href":"https:\/\/dev6.erresse-shop.it\/de\/wp-json\/wp\/v2\/media?parent=1599830"}],"wp:term":[{"taxonomy":"product_cat","embeddable":true,"href":"https:\/\/dev6.erresse-shop.it\/de\/wp-json\/wp\/v2\/product_cat?post=1599830"},{"taxonomy":"product_tag","embeddable":true,"href":"https:\/\/dev6.erresse-shop.it\/de\/wp-json\/wp\/v2\/product_tag?post=1599830"}],"curies":[{"name":"wp","href":"https:\/\/api.w.org\/{rel}","templated":true}]}}