{"id":1599828,"date":"2026-04-04T14:52:35","date_gmt":"2026-04-04T12:52:35","guid":{"rendered":"https:\/\/dev6.erresse-shop.it\/shop\/unkategorisiert\/g3-ferrari-pastaio-deluxe-rot\/"},"modified":"2025-07-19T03:53:38","modified_gmt":"2025-07-19T01:53:38","slug":"g3-ferrari-pastaio-deluxe-rot","status":"publish","type":"product","link":"https:\/\/dev6.erresse-shop.it\/de\/shop\/kleine-elektrogeraete\/knetmaschinen\/g3-ferrari-pastaio-deluxe-rot\/","title":{"rendered":"G3 FERRARI Pastaio Deluxe Rot"},"content":{"rendered":"<p>Die professionelle Knetmaschine Pastaio Deluxe ist das Nonplusultra in Sachen K\u00fcchenkomfort: Sie ist mit einem Motor mit Direktantrieb ausgestattet, der eine Optimierung der Planetenbewegung erm\u00f6glicht und im Vergleich zu herk\u00f6mmlichen riemengetriebenen Planetenmaschinen einen wesentlich geringeren Stromverbrauch und eine l\u00e4ngere Lebensdauer garantiert. Pastaio Deluxe verf\u00fcgt \u00fcber 8 Geschwindigkeitsstufen, die in Verbindung mit der Planetenbewegung der R\u00fchrbesen eine vollst\u00e4ndige Abdeckung der Sch\u00fcssel und ein gleichm\u00e4\u00dfiges, klumpenfreies Kneten erm\u00f6glichen \u2013 perfekt f\u00fcr die Zubereitung von Pizzateig, Brot, Kuchen und Keksen. Das Hinzuf\u00fcgen von Zutaten w\u00e4hrend der Zubereitung eines Rezepts ist dank des gro\u00dfen Neigungswinkels des Kopfes bequem und schnell. Die rutschfesten F\u00fc\u00dfe garantieren jederzeit maximale Sicherheit und Stabilit\u00e4t, auch bei hoher Geschwindigkeit oder beim Kneten h\u00e4rterer Teige. Mit seinen abgerundeten Formen, die an die Tradition des italienischen Designs erinnern, ist der Pasta Maker Deluxe ein echtes M\u00f6belst\u00fcck, das sich perfekt in jede K\u00fcche einf\u00fcgt. Durch den Erwerb von optionalem Zubeh\u00f6r ist es auch m\u00f6glich, Fleisch zu hacken, Nudeln zu rollen und Spaghetti und Nudeln zuzubereiten.<\/p>\n<p>Technische Daten<\/p>\n<p>-8 Betriebsgeschwindigkeiten<br \/>\n-Motor mit Direktantrieb ohne Riemen f\u00fcr maximale Effizienz und Zuverl\u00e4ssigkeit<br \/>\n5,2-Liter-Edelstahlbeh\u00e4lter mit Deckel<br \/>\n-Verarbeitungsm\u00f6glichkeit f\u00fcr Teige bis zu 2,5 kg (abh\u00e4ngig von den zu mischenden Lebensmitteln)<br \/>\n-Standf\u00fc\u00dfe mit Saugnapf f\u00fcr mehr Stabilit\u00e4t<br \/>\n-Sicherheitsvorrichtung, die eine ungewollte Benutzung verhindert<br \/>\nMitgeliefertes Zubeh\u00f6r: Aluminium-Knethaken und -R\u00fchrer, Schneebesen aus Edelstahl, transparenter Kunststoffdeckel<br \/>\n-Stromversorgung: AC 220-240V ~ 50\/60 Hz<br \/>\n-Leistung: 1000-1200 W<br \/>\n-Abmessungen (B x H x T): 340 x 380 x 220 mm<br \/>\n-Gewicht: 7,4 kg<\/p>\n<p>Nicht zum Verkauf au\u00dferhalb Europas<\/p>\n","protected":false},"excerpt":{"rendered":"<p>Die professionelle Knetmaschine Pastaio Deluxe ist das Nonplusultra in Sachen K\u00fcchenkomfort: Sie ist mit einem Motor mit Direktantrieb ausgestattet, der eine Optimierung der Planetenbewegung erm\u00f6glicht und im Vergleich zu herk\u00f6mmlichen riemengetriebenen Planetenmaschinen einen wesentlich geringeren Stromverbrauch und eine l\u00e4ngere Lebensdauer garantiert. Pastaio Deluxe verf\u00fcgt \u00fcber 8 Geschwindigkeitsstufen, die in Verbindung mit der Planetenbewegung der R\u00fchrbesen [&hellip;]<\/p>\n","protected":false},"featured_media":6298297,"template":"","meta":{"_acf_changed":false},"product_cat":[12163,12196],"product_tag":[],"class_list":{"0":"post-1599828","1":"product","2":"type-product","3":"status-publish","4":"has-post-thumbnail","6":"product_cat-kleine-elektrogeraete","7":"product_cat-knetmaschinen","9":"first","10":"instock","11":"sale","12":"taxable","13":"shipping-taxable","14":"purchasable","15":"product-type-simple","swatches":"rey-swatches","show_selected":"","stretch_labels":"rey-swatches--stretch-labels"},"acf":[],"yoast_head":"<!-- This site is optimized with the Yoast SEO plugin v25.4 - https:\/\/yoast.com\/wordpress\/plugins\/seo\/ -->\n<title>G3 FERRARI Pastaio Deluxe Rot - dev6 Erresse<\/title>\n<meta name=\"description\" content=\"Die professionelle Knetmaschine Pastaio Deluxe ist das Nonplusultra in Sachen K\u00fcchenkomfort: Sie ist mit einem Motor mit Direktantrieb ausgestattet, der\" \/>\n<meta name=\"robots\" content=\"noindex, follow, max-snippet:-1, max-image-preview:large, max-video-preview:-1\" \/>\n<meta property=\"og:locale\" content=\"de_DE\" \/>\n<meta property=\"og:type\" content=\"article\" \/>\n<meta property=\"og:title\" content=\"G3 FERRARI Pastaio Deluxe Rot - dev6 Erresse\" \/>\n<meta property=\"og:description\" content=\"Die professionelle Knetmaschine Pastaio Deluxe ist das Nonplusultra in Sachen K\u00fcchenkomfort: Sie ist mit einem Motor mit Direktantrieb ausgestattet, der\" \/>\n<meta property=\"og:url\" content=\"https:\/\/dev6.erresse-shop.it\/de\/shop\/kleine-elektrogeraete\/knetmaschinen\/g3-ferrari-pastaio-deluxe-rot\/\" \/>\n<meta property=\"og:site_name\" content=\"dev6 Erresse\" \/>\n<meta property=\"og:image\" content=\"https:\/\/interpim.erresse-shop.it\/wp-content\/uploads\/2024\/12\/G3-FERRARI-Pastaio-Deluxe-Rosso.jpg\/g3-ferrari-pastaio-deluxe-rosso.jpg\" \/><meta property=\"og:image\" content=\"https:\/\/interpim.erresse-shop.it\/wp-content\/uploads\/2024\/12\/G3-FERRARI-Pastaio-Deluxe-Rosso.jpg\/g3-ferrari-pastaio-deluxe-rosso.jpg\" \/>\n\t<meta property=\"og:image:width\" content=\"1024\" \/>\n\t<meta property=\"og:image:height\" content=\"1024\" \/>\n\t<meta property=\"og:image:type\" content=\"image\/jpeg\" \/>\n<meta name=\"twitter:card\" content=\"summary_large_image\" \/>\n<meta name=\"twitter:image\" content=\"https:\/\/interpim.erresse-shop.it\/wp-content\/uploads\/2024\/12\/G3-FERRARI-Pastaio-Deluxe-Rosso.jpg\/g3-ferrari-pastaio-deluxe-rosso.jpg\" \/>\n<script type=\"application\/ld+json\" class=\"yoast-schema-graph\">{\"@context\":\"https:\/\/schema.org\",\"@graph\":[{\"@type\":\"WebPage\",\"@id\":\"https:\/\/dev6.erresse-shop.it\/de\/shop\/kleine-elektrogeraete\/knetmaschinen\/g3-ferrari-pastaio-deluxe-rot\/\",\"url\":\"https:\/\/dev6.erresse-shop.it\/de\/shop\/kleine-elektrogeraete\/knetmaschinen\/g3-ferrari-pastaio-deluxe-rot\/\",\"name\":\"G3 FERRARI Pastaio Deluxe Rot - dev6 Erresse\",\"isPartOf\":{\"@id\":\"https:\/\/dev6.erresse-shop.it\/#website\"},\"primaryImageOfPage\":{\"@id\":\"https:\/\/dev6.erresse-shop.it\/de\/shop\/kleine-elektrogeraete\/knetmaschinen\/g3-ferrari-pastaio-deluxe-rot\/#primaryimage\"},\"image\":{\"@id\":\"https:\/\/dev6.erresse-shop.it\/de\/shop\/kleine-elektrogeraete\/knetmaschinen\/g3-ferrari-pastaio-deluxe-rot\/#primaryimage\"},\"thumbnailUrl\":\"https:\/\/i2.wp.com\/interpim.erresse-shop.it\/wp-content\/uploads\/2024\/12\/G3-FERRARI-Pastaio-Deluxe-Rosso.jpg\/g3-ferrari-pastaio-deluxe-rosso.jpg?ssl=1\",\"datePublished\":\"2026-04-04T12:52:35+00:00\",\"description\":\"Die professionelle Knetmaschine Pastaio Deluxe ist das Nonplusultra in Sachen K\u00fcchenkomfort: Sie ist mit einem Motor mit Direktantrieb ausgestattet, der\",\"breadcrumb\":{\"@id\":\"https:\/\/dev6.erresse-shop.it\/de\/shop\/kleine-elektrogeraete\/knetmaschinen\/g3-ferrari-pastaio-deluxe-rot\/#breadcrumb\"},\"inLanguage\":\"de\",\"potentialAction\":[{\"@type\":\"ReadAction\",\"target\":[\"https:\/\/dev6.erresse-shop.it\/de\/shop\/kleine-elektrogeraete\/knetmaschinen\/g3-ferrari-pastaio-deluxe-rot\/\"]}]},{\"@type\":\"ImageObject\",\"inLanguage\":\"de\",\"@id\":\"https:\/\/dev6.erresse-shop.it\/de\/shop\/kleine-elektrogeraete\/knetmaschinen\/g3-ferrari-pastaio-deluxe-rot\/#primaryimage\",\"url\":\"https:\/\/i2.wp.com\/interpim.erresse-shop.it\/wp-content\/uploads\/2024\/12\/G3-FERRARI-Pastaio-Deluxe-Rosso.jpg\/g3-ferrari-pastaio-deluxe-rosso.jpg?ssl=1\",\"contentUrl\":\"https:\/\/i2.wp.com\/interpim.erresse-shop.it\/wp-content\/uploads\/2024\/12\/G3-FERRARI-Pastaio-Deluxe-Rosso.jpg\/g3-ferrari-pastaio-deluxe-rosso.jpg?ssl=1\"},{\"@type\":\"BreadcrumbList\",\"@id\":\"https:\/\/dev6.erresse-shop.it\/de\/shop\/kleine-elektrogeraete\/knetmaschinen\/g3-ferrari-pastaio-deluxe-rot\/#breadcrumb\",\"itemListElement\":[{\"@type\":\"ListItem\",\"position\":1,\"name\":\"Home\",\"item\":\"https:\/\/dev6.erresse-shop.it\/\"},{\"@type\":\"ListItem\",\"position\":2,\"name\":\"Shop\",\"item\":\"https:\/\/dev6.erresse-shop.it\/shop\/\"},{\"@type\":\"ListItem\",\"position\":3,\"name\":\"G3 FERRARI Pastaio Deluxe Rot\"}]},{\"@type\":\"WebSite\",\"@id\":\"https:\/\/dev6.erresse-shop.it\/#website\",\"url\":\"https:\/\/dev6.erresse-shop.it\/\",\"name\":\"Erresse Shop\",\"description\":\"\",\"publisher\":{\"@id\":\"https:\/\/dev6.erresse-shop.it\/#organization\"},\"potentialAction\":[{\"@type\":\"SearchAction\",\"target\":{\"@type\":\"EntryPoint\",\"urlTemplate\":\"https:\/\/dev6.erresse-shop.it\/?s={search_term_string}\"},\"query-input\":{\"@type\":\"PropertyValueSpecification\",\"valueRequired\":true,\"valueName\":\"search_term_string\"}}],\"inLanguage\":\"de\"},{\"@type\":\"Organization\",\"@id\":\"https:\/\/dev6.erresse-shop.it\/#organization\",\"name\":\"Erresse Shop\",\"url\":\"https:\/\/dev6.erresse-shop.it\/\",\"logo\":{\"@type\":\"ImageObject\",\"inLanguage\":\"de\",\"@id\":\"https:\/\/dev6.erresse-shop.it\/#\/schema\/logo\/image\/\",\"url\":\"https:\/\/dev6.erresse-shop.it\/wp-content\/uploads\/2025\/01\/LOGO-ERRESSE-CLASSICO.svg\",\"contentUrl\":\"https:\/\/dev6.erresse-shop.it\/wp-content\/uploads\/2025\/01\/LOGO-ERRESSE-CLASSICO.svg\",\"caption\":\"Erresse Shop\"},\"image\":{\"@id\":\"https:\/\/dev6.erresse-shop.it\/#\/schema\/logo\/image\/\"}}]}<\/script>\n<!-- \/ Yoast SEO plugin. -->","yoast_head_json":{"title":"G3 FERRARI Pastaio Deluxe Rot - dev6 Erresse","description":"Die professionelle Knetmaschine Pastaio Deluxe ist das Nonplusultra in Sachen K\u00fcchenkomfort: Sie ist mit einem Motor mit Direktantrieb ausgestattet, der","robots":{"index":"noindex","follow":"follow","max-snippet":"max-snippet:-1","max-image-preview":"max-image-preview:large","max-video-preview":"max-video-preview:-1"},"og_locale":"de_DE","og_type":"article","og_title":"G3 FERRARI Pastaio Deluxe Rot - dev6 Erresse","og_description":"Die professionelle Knetmaschine Pastaio Deluxe ist das Nonplusultra in Sachen K\u00fcchenkomfort: Sie ist mit einem Motor mit Direktantrieb ausgestattet, der","og_url":"https:\/\/dev6.erresse-shop.it\/de\/shop\/kleine-elektrogeraete\/knetmaschinen\/g3-ferrari-pastaio-deluxe-rot\/","og_site_name":"dev6 Erresse","og_image":[{"url":"https:\/\/interpim.erresse-shop.it\/wp-content\/uploads\/2024\/12\/G3-FERRARI-Pastaio-Deluxe-Rosso.jpg\/g3-ferrari-pastaio-deluxe-rosso.jpg","type":"","width":"","height":""},{"url":"https:\/\/interpim.erresse-shop.it\/wp-content\/uploads\/2024\/12\/G3-FERRARI-Pastaio-Deluxe-Rosso.jpg\/g3-ferrari-pastaio-deluxe-rosso.jpg","width":1024,"height":1024,"type":"image\/jpeg"}],"twitter_card":"summary_large_image","twitter_image":"https:\/\/interpim.erresse-shop.it\/wp-content\/uploads\/2024\/12\/G3-FERRARI-Pastaio-Deluxe-Rosso.jpg\/g3-ferrari-pastaio-deluxe-rosso.jpg","schema":{"@context":"https:\/\/schema.org","@graph":[{"@type":"WebPage","@id":"https:\/\/dev6.erresse-shop.it\/de\/shop\/kleine-elektrogeraete\/knetmaschinen\/g3-ferrari-pastaio-deluxe-rot\/","url":"https:\/\/dev6.erresse-shop.it\/de\/shop\/kleine-elektrogeraete\/knetmaschinen\/g3-ferrari-pastaio-deluxe-rot\/","name":"G3 FERRARI Pastaio Deluxe Rot - dev6 Erresse","isPartOf":{"@id":"https:\/\/dev6.erresse-shop.it\/#website"},"primaryImageOfPage":{"@id":"https:\/\/dev6.erresse-shop.it\/de\/shop\/kleine-elektrogeraete\/knetmaschinen\/g3-ferrari-pastaio-deluxe-rot\/#primaryimage"},"image":{"@id":"https:\/\/dev6.erresse-shop.it\/de\/shop\/kleine-elektrogeraete\/knetmaschinen\/g3-ferrari-pastaio-deluxe-rot\/#primaryimage"},"thumbnailUrl":"https:\/\/i2.wp.com\/interpim.erresse-shop.it\/wp-content\/uploads\/2024\/12\/G3-FERRARI-Pastaio-Deluxe-Rosso.jpg\/g3-ferrari-pastaio-deluxe-rosso.jpg?ssl=1","datePublished":"2026-04-04T12:52:35+00:00","description":"Die professionelle Knetmaschine Pastaio Deluxe ist das Nonplusultra in Sachen K\u00fcchenkomfort: Sie ist mit einem Motor mit Direktantrieb ausgestattet, der","breadcrumb":{"@id":"https:\/\/dev6.erresse-shop.it\/de\/shop\/kleine-elektrogeraete\/knetmaschinen\/g3-ferrari-pastaio-deluxe-rot\/#breadcrumb"},"inLanguage":"de","potentialAction":[{"@type":"ReadAction","target":["https:\/\/dev6.erresse-shop.it\/de\/shop\/kleine-elektrogeraete\/knetmaschinen\/g3-ferrari-pastaio-deluxe-rot\/"]}]},{"@type":"ImageObject","inLanguage":"de","@id":"https:\/\/dev6.erresse-shop.it\/de\/shop\/kleine-elektrogeraete\/knetmaschinen\/g3-ferrari-pastaio-deluxe-rot\/#primaryimage","url":"https:\/\/i2.wp.com\/interpim.erresse-shop.it\/wp-content\/uploads\/2024\/12\/G3-FERRARI-Pastaio-Deluxe-Rosso.jpg\/g3-ferrari-pastaio-deluxe-rosso.jpg?ssl=1","contentUrl":"https:\/\/i2.wp.com\/interpim.erresse-shop.it\/wp-content\/uploads\/2024\/12\/G3-FERRARI-Pastaio-Deluxe-Rosso.jpg\/g3-ferrari-pastaio-deluxe-rosso.jpg?ssl=1"},{"@type":"BreadcrumbList","@id":"https:\/\/dev6.erresse-shop.it\/de\/shop\/kleine-elektrogeraete\/knetmaschinen\/g3-ferrari-pastaio-deluxe-rot\/#breadcrumb","itemListElement":[{"@type":"ListItem","position":1,"name":"Home","item":"https:\/\/dev6.erresse-shop.it\/"},{"@type":"ListItem","position":2,"name":"Shop","item":"https:\/\/dev6.erresse-shop.it\/shop\/"},{"@type":"ListItem","position":3,"name":"G3 FERRARI Pastaio Deluxe Rot"}]},{"@type":"WebSite","@id":"https:\/\/dev6.erresse-shop.it\/#website","url":"https:\/\/dev6.erresse-shop.it\/","name":"Erresse Shop","description":"","publisher":{"@id":"https:\/\/dev6.erresse-shop.it\/#organization"},"potentialAction":[{"@type":"SearchAction","target":{"@type":"EntryPoint","urlTemplate":"https:\/\/dev6.erresse-shop.it\/?s={search_term_string}"},"query-input":{"@type":"PropertyValueSpecification","valueRequired":true,"valueName":"search_term_string"}}],"inLanguage":"de"},{"@type":"Organization","@id":"https:\/\/dev6.erresse-shop.it\/#organization","name":"Erresse Shop","url":"https:\/\/dev6.erresse-shop.it\/","logo":{"@type":"ImageObject","inLanguage":"de","@id":"https:\/\/dev6.erresse-shop.it\/#\/schema\/logo\/image\/","url":"https:\/\/dev6.erresse-shop.it\/wp-content\/uploads\/2025\/01\/LOGO-ERRESSE-CLASSICO.svg","contentUrl":"https:\/\/dev6.erresse-shop.it\/wp-content\/uploads\/2025\/01\/LOGO-ERRESSE-CLASSICO.svg","caption":"Erresse Shop"},"image":{"@id":"https:\/\/dev6.erresse-shop.it\/#\/schema\/logo\/image\/"}}]}},"df_price":229.95,"df_sale_price":229.95,"df_regular_price":279.9,"df_image_link":"https:\/\/i2.wp.com\/interpim.erresse-shop.it\/wp-content\/uploads\/2024\/12\/G3-FERRARI-Pastaio-Deluxe-Rosso.jpg\/g3-ferrari-pastaio-deluxe-rosso.jpg?resize=300,300&ssl=1","fifu_image_url":"https:\/\/interpim.erresse-shop.it\/wp-content\/uploads\/2024\/12\/G3-FERRARI-Pastaio-Deluxe-Rosso.jpg\/g3-ferrari-pastaio-deluxe-rosso.jpg","_links":{"self":[{"href":"https:\/\/dev6.erresse-shop.it\/de\/wp-json\/wp\/v2\/product\/1599828","targetHints":{"allow":["GET"]}}],"collection":[{"href":"https:\/\/dev6.erresse-shop.it\/de\/wp-json\/wp\/v2\/product"}],"about":[{"href":"https:\/\/dev6.erresse-shop.it\/de\/wp-json\/wp\/v2\/types\/product"}],"wp:featuredmedia":[{"embeddable":true,"href":"https:\/\/dev6.erresse-shop.it\/de\/wp-json\/wp\/v2\/media\/6298297"}],"wp:attachment":[{"href":"https:\/\/dev6.erresse-shop.it\/de\/wp-json\/wp\/v2\/media?parent=1599828"}],"wp:term":[{"taxonomy":"product_cat","embeddable":true,"href":"https:\/\/dev6.erresse-shop.it\/de\/wp-json\/wp\/v2\/product_cat?post=1599828"},{"taxonomy":"product_tag","embeddable":true,"href":"https:\/\/dev6.erresse-shop.it\/de\/wp-json\/wp\/v2\/product_tag?post=1599828"}],"curies":[{"name":"wp","href":"https:\/\/api.w.org\/{rel}","templated":true}]}}