{"id":1599826,"date":"2026-04-12T12:30:20","date_gmt":"2026-04-12T10:30:20","guid":{"rendered":"https:\/\/dev6.erresse-shop.it\/shop\/unkategorisiert\/zwilling-gourmet-messer-set-2\/"},"modified":"2026-01-16T22:12:23","modified_gmt":"2026-01-16T21:12:23","slug":"zwilling-gourmet-messer-set-2","status":"publish","type":"product","link":"https:\/\/dev6.erresse-shop.it\/de\/shop\/kuche\/messer\/kuechenmesser\/zwilling-gourmet-messer-set-2\/","title":{"rendered":"ZWILLING Gourmet-Messer-Set 2"},"content":{"rendered":"<p>Als Pionier auf dem Gebiet der Premium-Bestecke stellt ZWILLING J.A. Henckels seit 1731 Messer von herausragender Qualit\u00e4t her. Das Unternehmen gilt als einer der Innovatoren der Branche und bleibt seinen Wurzeln treu: einem starken Engagement f\u00fcr Qualit\u00e4t und Exzellenz. Das ZWILLING Gourmet ist das ideale Messer f\u00fcr Heimk\u00f6che, die ein Werkzeug f\u00fcr den t\u00e4glichen Gebrauch von au\u00dfergew\u00f6hnlicher Qualit\u00e4t suchen. Die aus einem St\u00fcck Stahl pr\u00e4zisionsgefertigte Klinge ist leichter als die von geschmiedeten Messern und liegt dadurch besser in der Hand. Die in Deutschland hergestellten Messer bestehen aus einem Stahl mit einer speziellen Formel, die in 285 Jahren perfektioniert wurde. Durch die Kombination dieser Formel mit der f\u00fcr ZWILLING charakteristischen Eish\u00e4rtungstechnik sind die Klingen st\u00e4rker und sch\u00e4rfer, f\u00e4rben nicht ab und behalten ihre Sch\u00e4rfe f\u00fcr lange Zeit. Der ergonomische Griff mit drei Nieten erm\u00f6glicht Ihnen ein erm\u00fcdungsfreies Arbeiten. Erleben Sie den Komfort, die Haltbarkeit und die Sch\u00e4rfe des ZWILLING Gourmet.<\/p>\n<p>Enth\u00e4lt ein 10 cm Sch\u00e4lmesser und ein 20 cm Kochmesser<br \/>\nHergestellt in Deutschland<br \/>\nKohlenstoffstahl mit spezieller NO STAIN-Formel<br \/>\nPr\u00e4zisionsgeschmiedet aus einem einzigen St\u00fcck Stahl<br \/>\nFRIODUR\u00ae-Klingen, kryogenisch geh\u00e4rtet f\u00fcr au\u00dfergew\u00f6hnliche Schnitthaltigkeit und Korrosionsbest\u00e4ndigkeit.<\/p>\n<p>Pr\u00e4zisionsgeschliffene Klinge und lasergeschnittene Schneide garantieren einen idealen Schnittwinkel, hohe Sch\u00e4rfe und Langlebigkeit<br \/>\nGriff mit traditionellem Drei-Nieten-Design und integriertem Erl bietet maximale Stabilit\u00e4t und Komfort beim Schneiden<\/p>\n<p>Merkmale<\/p>\n<p>Material: rostfreier Stahl mit spezieller Formel<br \/>\nKantenart: glatt<br \/>\nHerstellungsverfahren:Laserschnitt<br \/>\nAnzahl der Teile:2<br \/>\nFarbe des Griffs:schwarz<br \/>\nMaterial des Griffs:Kunststoff<\/p>\n<p>ABMESSUNG<\/p>\n<p>Nettogewicht:0,24 kg<br \/>\nProduktl\u00e4nge:41,50 cm<br \/>\nBreite des Produkts:9,50 cm<br \/>\nH\u00f6he des Produkts:3,00 cm<\/p>\n","protected":false},"excerpt":{"rendered":"<p>Als Pionier auf dem Gebiet der Premium-Bestecke stellt ZWILLING J.A. Henckels seit 1731 Messer von herausragender Qualit\u00e4t her. Das Unternehmen gilt als einer der Innovatoren der Branche und bleibt seinen Wurzeln treu: einem starken Engagement f\u00fcr Qualit\u00e4t und Exzellenz. Das ZWILLING Gourmet ist das ideale Messer f\u00fcr Heimk\u00f6che, die ein Werkzeug f\u00fcr den t\u00e4glichen Gebrauch [&hellip;]<\/p>\n","protected":false},"featured_media":6373159,"template":"","meta":{"_acf_changed":false},"product_cat":[12100,12105],"product_tag":[],"class_list":{"0":"post-1599826","1":"product","2":"type-product","3":"status-publish","4":"has-post-thumbnail","6":"product_cat-kuche","7":"product_cat-kuechenmesser","9":"first","10":"instock","11":"sale","12":"taxable","13":"shipping-taxable","14":"purchasable","15":"product-type-simple","swatches":"rey-swatches","show_selected":"","stretch_labels":"rey-swatches--stretch-labels"},"acf":[],"yoast_head":"<!-- This site is optimized with the Yoast SEO plugin v25.4 - https:\/\/yoast.com\/wordpress\/plugins\/seo\/ -->\n<title>ZWILLING Gourmet-Messer-Set 2 - dev6 Erresse<\/title>\n<meta name=\"description\" content=\"Als Pionier auf dem Gebiet der Premium-Bestecke stellt ZWILLING J.A. Henckels seit 1731 Messer von herausragender Qualit\u00e4t her. Das Unternehmen gilt als\" \/>\n<meta name=\"robots\" content=\"noindex, follow, max-snippet:-1, max-image-preview:large, max-video-preview:-1\" \/>\n<meta property=\"og:locale\" content=\"de_DE\" \/>\n<meta property=\"og:type\" content=\"article\" \/>\n<meta property=\"og:title\" content=\"ZWILLING Gourmet-Messer-Set 2 - dev6 Erresse\" \/>\n<meta property=\"og:description\" content=\"Als Pionier auf dem Gebiet der Premium-Bestecke stellt ZWILLING J.A. Henckels seit 1731 Messer von herausragender Qualit\u00e4t her. Das Unternehmen gilt als\" \/>\n<meta property=\"og:url\" content=\"https:\/\/dev6.erresse-shop.it\/de\/shop\/kuche\/messer\/kuechenmesser\/zwilling-gourmet-messer-set-2\/\" \/>\n<meta property=\"og:site_name\" content=\"dev6 Erresse\" \/>\n<meta property=\"og:image\" content=\"https:\/\/interpim.erresse-shop.it\/Import\/Prodotti\/zwilling-set-2-pezzi-gourmet.jpg\" \/><meta property=\"og:image\" content=\"https:\/\/interpim.erresse-shop.it\/Import\/Prodotti\/zwilling-set-2-pezzi-gourmet.jpg\" \/>\n\t<meta property=\"og:image:width\" content=\"1024\" \/>\n\t<meta property=\"og:image:height\" content=\"1024\" \/>\n\t<meta property=\"og:image:type\" content=\"image\/jpeg\" \/>\n<meta name=\"twitter:card\" content=\"summary_large_image\" \/>\n<meta name=\"twitter:image\" content=\"https:\/\/interpim.erresse-shop.it\/Import\/Prodotti\/zwilling-set-2-pezzi-gourmet.jpg\" \/>\n<script type=\"application\/ld+json\" class=\"yoast-schema-graph\">{\"@context\":\"https:\/\/schema.org\",\"@graph\":[{\"@type\":\"WebPage\",\"@id\":\"https:\/\/dev6.erresse-shop.it\/de\/shop\/kuche\/messer\/kuechenmesser\/zwilling-gourmet-messer-set-2\/\",\"url\":\"https:\/\/dev6.erresse-shop.it\/de\/shop\/kuche\/messer\/kuechenmesser\/zwilling-gourmet-messer-set-2\/\",\"name\":\"ZWILLING Gourmet-Messer-Set 2 - dev6 Erresse\",\"isPartOf\":{\"@id\":\"https:\/\/dev6.erresse-shop.it\/#website\"},\"primaryImageOfPage\":{\"@id\":\"https:\/\/dev6.erresse-shop.it\/de\/shop\/kuche\/messer\/kuechenmesser\/zwilling-gourmet-messer-set-2\/#primaryimage\"},\"image\":{\"@id\":\"https:\/\/dev6.erresse-shop.it\/de\/shop\/kuche\/messer\/kuechenmesser\/zwilling-gourmet-messer-set-2\/#primaryimage\"},\"thumbnailUrl\":\"https:\/\/i2.wp.com\/interpim.erresse-shop.it\/Import\/Prodotti\/zwilling-set-2-pezzi-gourmet.jpg?ssl=1\",\"datePublished\":\"2026-04-12T10:30:20+00:00\",\"description\":\"Als Pionier auf dem Gebiet der Premium-Bestecke stellt ZWILLING J.A. Henckels seit 1731 Messer von herausragender Qualit\u00e4t her. Das Unternehmen gilt als\",\"breadcrumb\":{\"@id\":\"https:\/\/dev6.erresse-shop.it\/de\/shop\/kuche\/messer\/kuechenmesser\/zwilling-gourmet-messer-set-2\/#breadcrumb\"},\"inLanguage\":\"de\",\"potentialAction\":[{\"@type\":\"ReadAction\",\"target\":[\"https:\/\/dev6.erresse-shop.it\/de\/shop\/kuche\/messer\/kuechenmesser\/zwilling-gourmet-messer-set-2\/\"]}]},{\"@type\":\"ImageObject\",\"inLanguage\":\"de\",\"@id\":\"https:\/\/dev6.erresse-shop.it\/de\/shop\/kuche\/messer\/kuechenmesser\/zwilling-gourmet-messer-set-2\/#primaryimage\",\"url\":\"https:\/\/i2.wp.com\/interpim.erresse-shop.it\/Import\/Prodotti\/zwilling-set-2-pezzi-gourmet.jpg?ssl=1\",\"contentUrl\":\"https:\/\/i2.wp.com\/interpim.erresse-shop.it\/Import\/Prodotti\/zwilling-set-2-pezzi-gourmet.jpg?ssl=1\"},{\"@type\":\"BreadcrumbList\",\"@id\":\"https:\/\/dev6.erresse-shop.it\/de\/shop\/kuche\/messer\/kuechenmesser\/zwilling-gourmet-messer-set-2\/#breadcrumb\",\"itemListElement\":[{\"@type\":\"ListItem\",\"position\":1,\"name\":\"Home\",\"item\":\"https:\/\/dev6.erresse-shop.it\/\"},{\"@type\":\"ListItem\",\"position\":2,\"name\":\"Shop\",\"item\":\"https:\/\/dev6.erresse-shop.it\/shop\/\"},{\"@type\":\"ListItem\",\"position\":3,\"name\":\"ZWILLING Gourmet-Messer-Set 2\"}]},{\"@type\":\"WebSite\",\"@id\":\"https:\/\/dev6.erresse-shop.it\/#website\",\"url\":\"https:\/\/dev6.erresse-shop.it\/\",\"name\":\"Erresse Shop\",\"description\":\"\",\"publisher\":{\"@id\":\"https:\/\/dev6.erresse-shop.it\/#organization\"},\"potentialAction\":[{\"@type\":\"SearchAction\",\"target\":{\"@type\":\"EntryPoint\",\"urlTemplate\":\"https:\/\/dev6.erresse-shop.it\/?s={search_term_string}\"},\"query-input\":{\"@type\":\"PropertyValueSpecification\",\"valueRequired\":true,\"valueName\":\"search_term_string\"}}],\"inLanguage\":\"de\"},{\"@type\":\"Organization\",\"@id\":\"https:\/\/dev6.erresse-shop.it\/#organization\",\"name\":\"Erresse Shop\",\"url\":\"https:\/\/dev6.erresse-shop.it\/\",\"logo\":{\"@type\":\"ImageObject\",\"inLanguage\":\"de\",\"@id\":\"https:\/\/dev6.erresse-shop.it\/#\/schema\/logo\/image\/\",\"url\":\"https:\/\/dev6.erresse-shop.it\/wp-content\/uploads\/2025\/01\/LOGO-ERRESSE-CLASSICO.svg\",\"contentUrl\":\"https:\/\/dev6.erresse-shop.it\/wp-content\/uploads\/2025\/01\/LOGO-ERRESSE-CLASSICO.svg\",\"caption\":\"Erresse Shop\"},\"image\":{\"@id\":\"https:\/\/dev6.erresse-shop.it\/#\/schema\/logo\/image\/\"}}]}<\/script>\n<!-- \/ Yoast SEO plugin. -->","yoast_head_json":{"title":"ZWILLING Gourmet-Messer-Set 2 - dev6 Erresse","description":"Als Pionier auf dem Gebiet der Premium-Bestecke stellt ZWILLING J.A. Henckels seit 1731 Messer von herausragender Qualit\u00e4t her. Das Unternehmen gilt als","robots":{"index":"noindex","follow":"follow","max-snippet":"max-snippet:-1","max-image-preview":"max-image-preview:large","max-video-preview":"max-video-preview:-1"},"og_locale":"de_DE","og_type":"article","og_title":"ZWILLING Gourmet-Messer-Set 2 - dev6 Erresse","og_description":"Als Pionier auf dem Gebiet der Premium-Bestecke stellt ZWILLING J.A. Henckels seit 1731 Messer von herausragender Qualit\u00e4t her. Das Unternehmen gilt als","og_url":"https:\/\/dev6.erresse-shop.it\/de\/shop\/kuche\/messer\/kuechenmesser\/zwilling-gourmet-messer-set-2\/","og_site_name":"dev6 Erresse","og_image":[{"url":"https:\/\/interpim.erresse-shop.it\/Import\/Prodotti\/zwilling-set-2-pezzi-gourmet.jpg","type":"","width":"","height":""},{"url":"https:\/\/interpim.erresse-shop.it\/Import\/Prodotti\/zwilling-set-2-pezzi-gourmet.jpg","width":1024,"height":1024,"type":"image\/jpeg"}],"twitter_card":"summary_large_image","twitter_image":"https:\/\/interpim.erresse-shop.it\/Import\/Prodotti\/zwilling-set-2-pezzi-gourmet.jpg","schema":{"@context":"https:\/\/schema.org","@graph":[{"@type":"WebPage","@id":"https:\/\/dev6.erresse-shop.it\/de\/shop\/kuche\/messer\/kuechenmesser\/zwilling-gourmet-messer-set-2\/","url":"https:\/\/dev6.erresse-shop.it\/de\/shop\/kuche\/messer\/kuechenmesser\/zwilling-gourmet-messer-set-2\/","name":"ZWILLING Gourmet-Messer-Set 2 - dev6 Erresse","isPartOf":{"@id":"https:\/\/dev6.erresse-shop.it\/#website"},"primaryImageOfPage":{"@id":"https:\/\/dev6.erresse-shop.it\/de\/shop\/kuche\/messer\/kuechenmesser\/zwilling-gourmet-messer-set-2\/#primaryimage"},"image":{"@id":"https:\/\/dev6.erresse-shop.it\/de\/shop\/kuche\/messer\/kuechenmesser\/zwilling-gourmet-messer-set-2\/#primaryimage"},"thumbnailUrl":"https:\/\/i2.wp.com\/interpim.erresse-shop.it\/Import\/Prodotti\/zwilling-set-2-pezzi-gourmet.jpg?ssl=1","datePublished":"2026-04-12T10:30:20+00:00","description":"Als Pionier auf dem Gebiet der Premium-Bestecke stellt ZWILLING J.A. Henckels seit 1731 Messer von herausragender Qualit\u00e4t her. Das Unternehmen gilt als","breadcrumb":{"@id":"https:\/\/dev6.erresse-shop.it\/de\/shop\/kuche\/messer\/kuechenmesser\/zwilling-gourmet-messer-set-2\/#breadcrumb"},"inLanguage":"de","potentialAction":[{"@type":"ReadAction","target":["https:\/\/dev6.erresse-shop.it\/de\/shop\/kuche\/messer\/kuechenmesser\/zwilling-gourmet-messer-set-2\/"]}]},{"@type":"ImageObject","inLanguage":"de","@id":"https:\/\/dev6.erresse-shop.it\/de\/shop\/kuche\/messer\/kuechenmesser\/zwilling-gourmet-messer-set-2\/#primaryimage","url":"https:\/\/i2.wp.com\/interpim.erresse-shop.it\/Import\/Prodotti\/zwilling-set-2-pezzi-gourmet.jpg?ssl=1","contentUrl":"https:\/\/i2.wp.com\/interpim.erresse-shop.it\/Import\/Prodotti\/zwilling-set-2-pezzi-gourmet.jpg?ssl=1"},{"@type":"BreadcrumbList","@id":"https:\/\/dev6.erresse-shop.it\/de\/shop\/kuche\/messer\/kuechenmesser\/zwilling-gourmet-messer-set-2\/#breadcrumb","itemListElement":[{"@type":"ListItem","position":1,"name":"Home","item":"https:\/\/dev6.erresse-shop.it\/"},{"@type":"ListItem","position":2,"name":"Shop","item":"https:\/\/dev6.erresse-shop.it\/shop\/"},{"@type":"ListItem","position":3,"name":"ZWILLING Gourmet-Messer-Set 2"}]},{"@type":"WebSite","@id":"https:\/\/dev6.erresse-shop.it\/#website","url":"https:\/\/dev6.erresse-shop.it\/","name":"Erresse Shop","description":"","publisher":{"@id":"https:\/\/dev6.erresse-shop.it\/#organization"},"potentialAction":[{"@type":"SearchAction","target":{"@type":"EntryPoint","urlTemplate":"https:\/\/dev6.erresse-shop.it\/?s={search_term_string}"},"query-input":{"@type":"PropertyValueSpecification","valueRequired":true,"valueName":"search_term_string"}}],"inLanguage":"de"},{"@type":"Organization","@id":"https:\/\/dev6.erresse-shop.it\/#organization","name":"Erresse Shop","url":"https:\/\/dev6.erresse-shop.it\/","logo":{"@type":"ImageObject","inLanguage":"de","@id":"https:\/\/dev6.erresse-shop.it\/#\/schema\/logo\/image\/","url":"https:\/\/dev6.erresse-shop.it\/wp-content\/uploads\/2025\/01\/LOGO-ERRESSE-CLASSICO.svg","contentUrl":"https:\/\/dev6.erresse-shop.it\/wp-content\/uploads\/2025\/01\/LOGO-ERRESSE-CLASSICO.svg","caption":"Erresse Shop"},"image":{"@id":"https:\/\/dev6.erresse-shop.it\/#\/schema\/logo\/image\/"}}]}},"df_price":59,"df_sale_price":59,"df_regular_price":84.95,"df_image_link":"https:\/\/i2.wp.com\/interpim.erresse-shop.it\/Import\/Prodotti\/zwilling-set-2-pezzi-gourmet.jpg?resize=300,300&ssl=1","fifu_image_url":"https:\/\/interpim.erresse-shop.it\/Import\/Prodotti\/zwilling-set-2-pezzi-gourmet.jpg","_links":{"self":[{"href":"https:\/\/dev6.erresse-shop.it\/de\/wp-json\/wp\/v2\/product\/1599826","targetHints":{"allow":["GET"]}}],"collection":[{"href":"https:\/\/dev6.erresse-shop.it\/de\/wp-json\/wp\/v2\/product"}],"about":[{"href":"https:\/\/dev6.erresse-shop.it\/de\/wp-json\/wp\/v2\/types\/product"}],"wp:featuredmedia":[{"embeddable":true,"href":"https:\/\/dev6.erresse-shop.it\/de\/wp-json\/wp\/v2\/media\/6373159"}],"wp:attachment":[{"href":"https:\/\/dev6.erresse-shop.it\/de\/wp-json\/wp\/v2\/media?parent=1599826"}],"wp:term":[{"taxonomy":"product_cat","embeddable":true,"href":"https:\/\/dev6.erresse-shop.it\/de\/wp-json\/wp\/v2\/product_cat?post=1599826"},{"taxonomy":"product_tag","embeddable":true,"href":"https:\/\/dev6.erresse-shop.it\/de\/wp-json\/wp\/v2\/product_tag?post=1599826"}],"curies":[{"name":"wp","href":"https:\/\/api.w.org\/{rel}","templated":true}]}}